{"id":124374,"date":"2020-01-29T17:03:29","date_gmt":"2020-01-29T22:03:29","guid":{"rendered":"http:\/\/www.miamibeachfl.gov\/?page_id=124374"},"modified":"2026-01-07T10:13:06","modified_gmt":"2026-01-07T15:13:06","slug":"wayne-a-jones","status":"publish","type":"page","link":"https:\/\/www.miamibeachfl.gov\/de\/yourmbpd\/wayne-a-jones\/","title":{"rendered":"Wayne A Jones"},"content":{"rendered":"<a href=\"\/de\/yourmbpd\/\"  target=\"_self\" itemprop=\"url\">\n\t\t\t\t<img decoding=\"async\" src=\"https:\/\/www.miamibeachfl.gov\/wp-content\/uploads\/2019\/12\/badge-for-banner.png\" alt=\"badge for banner\" itemprop=\"image\" height=\"556\" width=\"1000\" title=\"Abzeichen f\u00fcr Banner\" onerror=\"this.style.display='none'\" loading=\"lazy\" \/>\n\t\t\t\t<\/a>\n<h1>\n\t\t<a href=\"\/de\/yourmbpd\/leadership\/\" title=\"F\u00dcHRUNG\"  target=\"_self\">\n\t\t\tF\u00dcHRUNG\t\t<\/a>\n\t<\/h1>\n<h1>\n\t\t<a href=\"\/de\/yourmbpd\/neighborhoods\/\" title=\"VIERTEL\"  target=\"_self\">\n\t\t\tVIERTEL\t\t<\/a>\n\t<\/h1>\n<h1>\n\t\t<a href=\"\/de\/yourmbpd\/services\/\" title=\"DIENSTLEISTUNGEN\"  target=\"_self\">\n\t\t\tDIENSTLEISTUNGEN\t\t<\/a>\n\t<\/h1>\n<h1>\n\t\t<a href=\"\/de\/yourmbpd\/monthlycrimesdatareport\/\" title=\"KRIMINALIT\u00c4TSDATEN\"  target=\"_self\">\n\t\t\tKRIMINALIT\u00c4TSDATEN\t\t<\/a>\n\t<\/h1>\n<h1>\n\t\t<a href=\"\/de\/yourmbpd\/contact\/\" title=\"KONTAKT\"  target=\"_self\">\n\t\t\tKONTAKT\t\t<\/a>\n\t<\/h1>\n\t\t\t\t<img decoding=\"async\" src=\"https:\/\/www.miamibeachfl.gov\/wp-content\/uploads\/2025\/08\/Staff-ChiefWayneJones-Circle.png\" alt=\"Chief Wayne Jones\" itemprop=\"image\" height=\"250\" width=\"250\" title=\"StabschefWayneJones-Circle\" onerror=\"this.style.display='none'\" loading=\"lazy\" \/>\n<h1>\n\t\t\tWAYNE A. JONES\t<\/h1>\n<h2>\n\t\t\tPolizeipr\u00e4sident\t<\/h2>\n\t<p><strong>Wayne A. Jones<\/strong>\u00a0\u00fcbernahm am 1. September 2023 die Rolle des 21. Polizeichefs des Miami Beach Police Department. Chief Jones absolvierte 27 Jahre lang eine herausragende Karriere in der Stadt Miami Beach und durchlief verschiedene Positionen, darunter Streifenpolizist, Detective, Sergeant, Lieutenant, Captain und Major, bis er 2019 schlie\u00dflich zum stellvertretenden Polizeichef aufstieg. Seine langj\u00e4hrige Erfahrung hat unserer Stadt gro\u00dfen Nutzen gebracht. Insbesondere w\u00e4hrend seiner T\u00e4tigkeit als Sergeant im Bereich der Gemeindeangelegenheiten legte er den Grundstein f\u00fcr das mittlerweile landesweit anerkannte Homeless Resource Officer Program, das einen umfassenden Ansatz f\u00fcr \u00d6ffentlichkeitsarbeit, Engagement und Durchsetzung verfolgt.<\/p>\n<p>In seiner Funktion als Major f\u00fcr die Unterst\u00fctzungsdienste leitete Chief Jones eine strategische Initiative zur verst\u00e4rkten Rekrutierung weiblicher Polizistinnen ein, die zu einer Erh\u00f6hung der Einstellungszahlen von 121 auf 181 Polizistinnen f\u00fchrte. W\u00e4hrend seiner T\u00e4tigkeit als Major in der Kriminalpolizei baute er au\u00dferdem die Abteilung f\u00fcr Menschenhandel auf. Diese Einheit leitete anschlie\u00dfend die Ermittlungen und Festnahmen im Miami-Dade County wegen Menschenhandelsdelikten.<\/p>\n<p>Chief Jones erwarb einen Bachelor-Abschluss in Politikwissenschaft und \u00d6ffentlicher Verwaltung an der Florida Memorial University sowie einen Master-Abschluss in \u00d6ffentlicher Verwaltung an der Florida International University. Sein Bildungsweg umfasst au\u00dferdem einen Associate Degree am Miami Dade College in Berufspilotenwesen und Technologie. Er ist ein angesehener Miami Fellows (Klasse II) Alumni. Zu seinen herausragenden Leistungen z\u00e4hlen der erfolgreiche Abschluss des Law Enforcement Executive Development Seminars des FBI und des Senior Management Institute for Police des Police Executive Research Forum.<\/p>\n<h3>\n\t\t\t1100 Washington Avenue,<br \/>Miami Beach, Florida 33139\t<\/h3>\n<h3>\n\t\t\t305.673.7925\t<\/h3>\n<h3>\n\t\t<a href=\"mailto:policechief@miamibeachfl.gov\" title=\"policechief@miamibeachfl.gov\"  target=\"_self\">\n\t\t\tpolicechief@miamibeachfl.gov\t\t<\/a>\n\t<\/h3>\n\t<p>\u00a9 2025 Copyright Stadt Miami Beach.<\/p>\n\t\t\t<a href=\"\/de\/\" target=\"_self\">\n\t\t\t\t\t\t\tWebsite der Stadt Miami Beach\n\t\t\t\t\t<\/a>\n\t\t\t<a href=\"\/de\/policies-disclaimers\/\" target=\"_self\">\n\t\t\t\t\t\t\tRichtlinien und Haftungsausschl\u00fcsse\n\t\t\t\t\t<\/a>\n\t\t\t<a href=\"\/de\/accessibility\/\" target=\"_self\">\n\t\t\t\t\t\t\tZug\u00e4nglichkeit\n\t\t\t\t\t<\/a>\n\t\t\t<a href=\"\/de\/policies-disclaimers\/#cookies\" target=\"_self\">\n\t\t\t\t\t\t\tCookie-Einstellungen\n\t\t\t\t\t<\/a>","protected":false},"excerpt":{"rendered":"<p>LEADERSHIP NEIGHBORHOODS SERVICES CRIME DATA CONTACT WAYNE A. JONES Chief of Police Wayne A. Jones\u00a0assumed the role of the 21st [&hellip;]<\/p>\n","protected":false},"author":222,"featured_media":0,"parent":120936,"menu_order":111,"comment_status":"closed","ping_status":"closed","template":"","meta":{"_searchwp_excluded":"","site-sidebar-layout":"default","site-content-layout":"","ast-site-content-layout":"","site-content-style":"default","site-sidebar-style":"default","ast-global-header-display":"disabled","ast-banner-title-visibility":"","ast-main-header-display":"","ast-hfb-above-header-display":"","ast-hfb-below-header-display":"","ast-hfb-mobile-header-display":"","site-post-title":"","ast-breadcrumbs-content":"","ast-featured-img":"","footer-sml-layout":"disabled","theme-transparent-header-meta":"","adv-header-id-meta":"","stick-header-meta":"","header-above-stick-meta":"","header-main-stick-meta":"","header-below-stick-meta":"","astra-migrate-meta-layouts":"default","ast-page-background-enabled":"default","ast-page-background-meta":{"desktop":{"background-color":"var(--ast-global-color-5)","background-image":"","background-repeat":"repeat","background-position":"center center","background-size":"auto","background-attachment":"scroll","background-type":"","background-media":"","overlay-type":"","overlay-color":"","overlay-opacity":"","overlay-gradient":""},"tablet":{"background-color":"","background-image":"","background-repeat":"repeat","background-position":"center center","background-size":"auto","background-attachment":"scroll","background-type":"","background-media":"","overlay-type":"","overlay-color":"","overlay-opacity":"","overlay-gradient":""},"mobile":{"background-color":"","background-image":"","background-repeat":"repeat","background-position":"center center","background-size":"auto","background-attachment":"scroll","background-type":"","background-media":"","overlay-type":"","overlay-color":"","overlay-opacity":"","overlay-gradient":""}},"ast-content-background-meta":{"desktop":{"background-color":"var(--ast-global-color-4)","background-image":"","background-repeat":"repeat","background-position":"center center","background-size":"auto","background-attachment":"scroll","background-type":"","background-media":"","overlay-type":"","overlay-color":"","overlay-opacity":"","overlay-gradient":""},"tablet":{"background-color":"var(--ast-global-color-4)","background-image":"","background-repeat":"repeat","background-position":"center center","background-size":"auto","background-attachment":"scroll","background-type":"","background-media":"","overlay-type":"","overlay-color":"","overlay-opacity":"","overlay-gradient":""},"mobile":{"background-color":"var(--ast-global-color-4)","background-image":"","background-repeat":"repeat","background-position":"center center","background-size":"auto","background-attachment":"scroll","background-type":"","background-media":"","overlay-type":"","overlay-color":"","overlay-opacity":"","overlay-gradient":""}},"footnotes":""},"categories":[],"tags":[],"class_list":["post-124374","page","type-page","status-publish","hentry"],"yoast_head":"<!-- This site is optimized with the Yoast SEO Premium plugin v27.4 (Yoast SEO v27.4) - https:\/\/yoast.com\/product\/yoast-seo-premium-wordpress\/ -->\n<title>Wayne A Jones - City of Miami Beach<\/title>\n<meta name=\"description\" content=\"Deputy Chief Wayne A. Jones was appointed as the deputy police chief of the Miami Beach Police Department on July 1, 2019. Jones has served with the Department since 1996. During his tenure, he has succeeded in various capacities and positions of rank, including patrol and special operations, community affairs, internal affairs, and criminal investigations. Most recently, he was assigned as Major of the Criminal Investigations division, overseeing all investigations.\" \/>\n<meta name=\"robots\" content=\"index, follow, max-snippet:-1, max-image-preview:large, max-video-preview:-1\" \/>\n<link rel=\"canonical\" href=\"https:\/\/www.miamibeachfl.gov\/de\/yourmbpd\/wayne-a-jones\/\" \/>\n<meta property=\"og:locale\" content=\"de_DE\" \/>\n<meta property=\"og:type\" content=\"article\" \/>\n<meta property=\"og:title\" content=\"Wayne A Jones\" \/>\n<meta property=\"og:description\" content=\"Deputy Chief Wayne A. Jones was appointed as the deputy police chief of the Miami Beach Police Department on July 1, 2019. Jones has served with the Department since 1996. During his tenure, he has succeeded in various capacities and positions of rank, including patrol and special operations, community affairs, internal affairs, and criminal investigations. Most recently, he was assigned as Major of the Criminal Investigations division, overseeing all investigations.\" \/>\n<meta property=\"og:url\" content=\"https:\/\/www.miamibeachfl.gov\/de\/yourmbpd\/wayne-a-jones\/\" \/>\n<meta property=\"og:site_name\" content=\"City of Miami Beach\" \/>\n<meta property=\"article:publisher\" content=\"https:\/\/www.facebook.com\/cityofmiamibeach\" \/>\n<meta property=\"article:modified_time\" content=\"2026-01-07T15:13:06+00:00\" \/>\n<meta property=\"og:image\" content=\"https:\/\/www.miamibeachfl.gov\/wp-content\/uploads\/2019\/12\/badge-for-banner.png\" \/>\n<meta name=\"twitter:card\" content=\"summary_large_image\" \/>\n<meta name=\"twitter:site\" content=\"@Miamibeachnews\" \/>\n<script type=\"application\/ld+json\" class=\"yoast-schema-graph\">{\"@context\":\"https:\\\/\\\/schema.org\",\"@graph\":[{\"@type\":\"WebPage\",\"@id\":\"https:\\\/\\\/www.miamibeachfl.gov\\\/yourmbpd\\\/wayne-a-jones\\\/\",\"url\":\"https:\\\/\\\/www.miamibeachfl.gov\\\/yourmbpd\\\/wayne-a-jones\\\/\",\"name\":\"Wayne A Jones - City of Miami Beach\",\"isPartOf\":{\"@id\":\"https:\\\/\\\/www.miamibeachfl.gov\\\/#website\"},\"primaryImageOfPage\":{\"@id\":\"https:\\\/\\\/www.miamibeachfl.gov\\\/yourmbpd\\\/wayne-a-jones\\\/#primaryimage\"},\"image\":{\"@id\":\"https:\\\/\\\/www.miamibeachfl.gov\\\/yourmbpd\\\/wayne-a-jones\\\/#primaryimage\"},\"thumbnailUrl\":\"https:\\\/\\\/www.miamibeachfl.gov\\\/wp-content\\\/uploads\\\/2019\\\/12\\\/badge-for-banner.png\",\"datePublished\":\"2020-01-29T22:03:29+00:00\",\"dateModified\":\"2026-01-07T15:13:06+00:00\",\"description\":\"Deputy Chief Wayne A. Jones was appointed as the deputy police chief of the Miami Beach Police Department on July 1, 2019. Jones has served with the Department since 1996. During his tenure, he has succeeded in various capacities and positions of rank, including patrol and special operations, community affairs, internal affairs, and criminal investigations. Most recently, he was assigned as Major of the Criminal Investigations division, overseeing all investigations.\",\"breadcrumb\":{\"@id\":\"https:\\\/\\\/www.miamibeachfl.gov\\\/yourmbpd\\\/wayne-a-jones\\\/#breadcrumb\"},\"inLanguage\":\"de\",\"potentialAction\":[{\"@type\":\"ReadAction\",\"target\":[\"https:\\\/\\\/www.miamibeachfl.gov\\\/yourmbpd\\\/wayne-a-jones\\\/\"]}]},{\"@type\":\"ImageObject\",\"inLanguage\":\"de\",\"@id\":\"https:\\\/\\\/www.miamibeachfl.gov\\\/yourmbpd\\\/wayne-a-jones\\\/#primaryimage\",\"url\":\"https:\\\/\\\/www.miamibeachfl.gov\\\/wp-content\\\/uploads\\\/2019\\\/12\\\/badge-for-banner.png\",\"contentUrl\":\"https:\\\/\\\/www.miamibeachfl.gov\\\/wp-content\\\/uploads\\\/2019\\\/12\\\/badge-for-banner.png\"},{\"@type\":\"BreadcrumbList\",\"@id\":\"https:\\\/\\\/www.miamibeachfl.gov\\\/yourmbpd\\\/wayne-a-jones\\\/#breadcrumb\",\"itemListElement\":[{\"@type\":\"ListItem\",\"position\":1,\"name\":\"Home\",\"item\":\"https:\\\/\\\/www.miamibeachfl.gov\\\/\"},{\"@type\":\"ListItem\",\"position\":2,\"name\":\"Police\",\"item\":\"https:\\\/\\\/www.miamibeachfl.gov\\\/yourmbpd\\\/\"},{\"@type\":\"ListItem\",\"position\":3,\"name\":\"Wayne A Jones\"}]},{\"@type\":\"WebSite\",\"@id\":\"https:\\\/\\\/www.miamibeachfl.gov\\\/#website\",\"url\":\"https:\\\/\\\/www.miamibeachfl.gov\\\/\",\"name\":\"City of Miami Beach\",\"description\":\"The official website of the City of Miami Beach. Stay informed, find important information on city services, news, alerts, events, trolley routes, government employment and more.\",\"publisher\":{\"@id\":\"https:\\\/\\\/www.miamibeachfl.gov\\\/#organization\"},\"potentialAction\":[{\"@type\":\"SearchAction\",\"target\":{\"@type\":\"EntryPoint\",\"urlTemplate\":\"https:\\\/\\\/www.miamibeachfl.gov\\\/?s={search_term_string}\"},\"query-input\":{\"@type\":\"PropertyValueSpecification\",\"valueRequired\":true,\"valueName\":\"search_term_string\"}}],\"inLanguage\":\"de\"},{\"@type\":\"Organization\",\"@id\":\"https:\\\/\\\/www.miamibeachfl.gov\\\/#organization\",\"name\":\"City of Miami Beach\",\"url\":\"https:\\\/\\\/www.miamibeachfl.gov\\\/\",\"logo\":{\"@type\":\"ImageObject\",\"inLanguage\":\"de\",\"@id\":\"https:\\\/\\\/www.miamibeachfl.gov\\\/#\\\/schema\\\/logo\\\/image\\\/\",\"url\":\"https:\\\/\\\/www.miamibeachfl.gov\\\/wp-content\\\/uploads\\\/2022\\\/06\\\/miamibeach-logoblue.png\",\"contentUrl\":\"https:\\\/\\\/www.miamibeachfl.gov\\\/wp-content\\\/uploads\\\/2022\\\/06\\\/miamibeach-logoblue.png\",\"width\":1962,\"height\":381,\"caption\":\"City of Miami Beach\"},\"image\":{\"@id\":\"https:\\\/\\\/www.miamibeachfl.gov\\\/#\\\/schema\\\/logo\\\/image\\\/\"},\"sameAs\":[\"https:\\\/\\\/www.facebook.com\\\/cityofmiamibeach\",\"https:\\\/\\\/x.com\\\/Miamibeachnews\",\"https:\\\/\\\/www.instagram.com\\\/miamibeachnews\\\/\"],\"description\":\"The official website of the City of Miami Beach. Stay informed, find important information on city services, news, alerts, events, trolley routes, government employment and more.\",\"telephone\":\"305.604.CITY(2489)\",\"legalName\":\"City of Miami Beach\"}]}<\/script>\n<!-- \/ Yoast SEO Premium plugin. -->","yoast_head_json":{"title":"Wayne A Jones - Stadt Miami Beach","description":"Deputy Chief Wayne A. Jones wurde am 1. Juli 2019 zum stellvertretenden Polizeichef des Miami Beach Police Department ernannt. Jones dient seit 1996 im Department. W\u00e4hrend seiner Amtszeit bekleidete er verschiedene Funktionen und Positionen, darunter Streifen- und Spezialeins\u00e4tze, Gemeindeangelegenheiten, interne Angelegenheiten und Kriminalermittlungen. Zuletzt war er als Major der Kriminalpolizei f\u00fcr alle Ermittlungen verantwortlich.","robots":{"index":"index","follow":"follow","max-snippet":"max-snippet:-1","max-image-preview":"max-image-preview:large","max-video-preview":"max-video-preview:-1"},"canonical":"https:\/\/www.miamibeachfl.gov\/de\/yourmbpd\/wayne-a-jones\/","og_locale":"de_DE","og_type":"article","og_title":"Wayne A Jones","og_description":"Deputy Chief Wayne A. Jones was appointed as the deputy police chief of the Miami Beach Police Department on July 1, 2019. Jones has served with the Department since 1996. During his tenure, he has succeeded in various capacities and positions of rank, including patrol and special operations, community affairs, internal affairs, and criminal investigations. Most recently, he was assigned as Major of the Criminal Investigations division, overseeing all investigations.","og_url":"https:\/\/www.miamibeachfl.gov\/de\/yourmbpd\/wayne-a-jones\/","og_site_name":"City of Miami Beach","article_publisher":"https:\/\/www.facebook.com\/cityofmiamibeach","article_modified_time":"2026-01-07T15:13:06+00:00","og_image":[{"url":"https:\/\/www.miamibeachfl.gov\/wp-content\/uploads\/2019\/12\/badge-for-banner.png","type":"","width":"","height":""}],"twitter_card":"summary_large_image","twitter_site":"@Miamibeachnews","schema":{"@context":"https:\/\/schema.org","@graph":[{"@type":"WebPage","@id":"https:\/\/www.miamibeachfl.gov\/yourmbpd\/wayne-a-jones\/","url":"https:\/\/www.miamibeachfl.gov\/yourmbpd\/wayne-a-jones\/","name":"Wayne A Jones - Stadt Miami Beach","isPartOf":{"@id":"https:\/\/www.miamibeachfl.gov\/#website"},"primaryImageOfPage":{"@id":"https:\/\/www.miamibeachfl.gov\/yourmbpd\/wayne-a-jones\/#primaryimage"},"image":{"@id":"https:\/\/www.miamibeachfl.gov\/yourmbpd\/wayne-a-jones\/#primaryimage"},"thumbnailUrl":"https:\/\/www.miamibeachfl.gov\/wp-content\/uploads\/2019\/12\/badge-for-banner.png","datePublished":"2020-01-29T22:03:29+00:00","dateModified":"2026-01-07T15:13:06+00:00","description":"Deputy Chief Wayne A. Jones wurde am 1. Juli 2019 zum stellvertretenden Polizeichef des Miami Beach Police Department ernannt. Jones dient seit 1996 im Department. W\u00e4hrend seiner Amtszeit bekleidete er verschiedene Funktionen und Positionen, darunter Streifen- und Spezialeins\u00e4tze, Gemeindeangelegenheiten, interne Angelegenheiten und Kriminalermittlungen. Zuletzt war er als Major der Kriminalpolizei f\u00fcr alle Ermittlungen verantwortlich.","breadcrumb":{"@id":"https:\/\/www.miamibeachfl.gov\/yourmbpd\/wayne-a-jones\/#breadcrumb"},"inLanguage":"de","potentialAction":[{"@type":"ReadAction","target":["https:\/\/www.miamibeachfl.gov\/yourmbpd\/wayne-a-jones\/"]}]},{"@type":"ImageObject","inLanguage":"de","@id":"https:\/\/www.miamibeachfl.gov\/yourmbpd\/wayne-a-jones\/#primaryimage","url":"https:\/\/www.miamibeachfl.gov\/wp-content\/uploads\/2019\/12\/badge-for-banner.png","contentUrl":"https:\/\/www.miamibeachfl.gov\/wp-content\/uploads\/2019\/12\/badge-for-banner.png"},{"@type":"BreadcrumbList","@id":"https:\/\/www.miamibeachfl.gov\/yourmbpd\/wayne-a-jones\/#breadcrumb","itemListElement":[{"@type":"ListItem","position":1,"name":"Home","item":"https:\/\/www.miamibeachfl.gov\/"},{"@type":"ListItem","position":2,"name":"Police","item":"https:\/\/www.miamibeachfl.gov\/yourmbpd\/"},{"@type":"ListItem","position":3,"name":"Wayne A Jones"}]},{"@type":"WebSite","@id":"https:\/\/www.miamibeachfl.gov\/#website","url":"https:\/\/www.miamibeachfl.gov\/","name":"Stadt Miami Beach","description":"Die offizielle Website der Stadt Miami Beach. Bleiben Sie informiert und finden Sie wichtige Informationen zu st\u00e4dtischen Dienstleistungen, Neuigkeiten, Warnungen, Veranstaltungen, Stra\u00dfenbahnlinien, Stellenangeboten im \u00f6ffentlichen Dienst und mehr.","publisher":{"@id":"https:\/\/www.miamibeachfl.gov\/#organization"},"potentialAction":[{"@type":"SearchAction","target":{"@type":"EntryPoint","urlTemplate":"https:\/\/www.miamibeachfl.gov\/?s={search_term_string}"},"query-input":{"@type":"PropertyValueSpecification","valueRequired":true,"valueName":"search_term_string"}}],"inLanguage":"de"},{"@type":"Organization","@id":"https:\/\/www.miamibeachfl.gov\/#organization","name":"Stadt Miami Beach","url":"https:\/\/www.miamibeachfl.gov\/","logo":{"@type":"ImageObject","inLanguage":"de","@id":"https:\/\/www.miamibeachfl.gov\/#\/schema\/logo\/image\/","url":"https:\/\/www.miamibeachfl.gov\/wp-content\/uploads\/2022\/06\/miamibeach-logoblue.png","contentUrl":"https:\/\/www.miamibeachfl.gov\/wp-content\/uploads\/2022\/06\/miamibeach-logoblue.png","width":1962,"height":381,"caption":"City of Miami Beach"},"image":{"@id":"https:\/\/www.miamibeachfl.gov\/#\/schema\/logo\/image\/"},"sameAs":["https:\/\/www.facebook.com\/cityofmiamibeach","https:\/\/x.com\/Miamibeachnews","https:\/\/www.instagram.com\/miamibeachnews\/"],"description":"Die offizielle Website der Stadt Miami Beach. Bleiben Sie informiert und finden Sie wichtige Informationen zu st\u00e4dtischen Dienstleistungen, Neuigkeiten, Warnungen, Veranstaltungen, Stra\u00dfenbahnlinien, Stellenangeboten im \u00f6ffentlichen Dienst und mehr.","telephone":"305.604.CITY(2489)","legalName":"City of Miami Beach"}]}},"_links":{"self":[{"href":"https:\/\/www.miamibeachfl.gov\/de\/wp-json\/wp\/v2\/pages\/124374","targetHints":{"allow":["GET"]}}],"collection":[{"href":"https:\/\/www.miamibeachfl.gov\/de\/wp-json\/wp\/v2\/pages"}],"about":[{"href":"https:\/\/www.miamibeachfl.gov\/de\/wp-json\/wp\/v2\/types\/page"}],"author":[{"embeddable":true,"href":"https:\/\/www.miamibeachfl.gov\/de\/wp-json\/wp\/v2\/users\/222"}],"replies":[{"embeddable":true,"href":"https:\/\/www.miamibeachfl.gov\/de\/wp-json\/wp\/v2\/comments?post=124374"}],"version-history":[{"count":7,"href":"https:\/\/www.miamibeachfl.gov\/de\/wp-json\/wp\/v2\/pages\/124374\/revisions"}],"predecessor-version":[{"id":394648,"href":"https:\/\/www.miamibeachfl.gov\/de\/wp-json\/wp\/v2\/pages\/124374\/revisions\/394648"}],"up":[{"embeddable":true,"href":"https:\/\/www.miamibeachfl.gov\/de\/wp-json\/wp\/v2\/pages\/120936"}],"wp:attachment":[{"href":"https:\/\/www.miamibeachfl.gov\/de\/wp-json\/wp\/v2\/media?parent=124374"}],"wp:term":[{"taxonomy":"category","embeddable":true,"href":"https:\/\/www.miamibeachfl.gov\/de\/wp-json\/wp\/v2\/categories?post=124374"},{"taxonomy":"post_tag","embeddable":true,"href":"https:\/\/www.miamibeachfl.gov\/de\/wp-json\/wp\/v2\/tags?post=124374"}],"curies":[{"name":"wp","href":"https:\/\/api.w.org\/{rel}","templated":true}]}}