{"id":128637,"date":"2020-04-08T11:22:20","date_gmt":"2020-04-08T15:22:20","guid":{"rendered":"http:\/\/www.miamibeachfl.gov\/city-hall\/city-clerk\/election-information\/august-18-2020-primary-election\/"},"modified":"2026-04-15T10:59:34","modified_gmt":"2026-04-15T14:59:34","slug":"august-18-2020-primary-election","status":"publish","type":"page","link":"https:\/\/www.miamibeachfl.gov\/de\/city-hall\/city-clerk\/election-information\/august-18-2020-primary-election\/","title":{"rendered":"18. August 2020: Vorwahlen"},"content":{"rendered":"<figure itemscope itemtype=\"https:\/\/schema.org\/ImageObject\">\n\t\t\t\t<img decoding=\"async\" src=\"https:\/\/www.miamibeachfl.gov\/wp-content\/uploads\/2022\/07\/hero-small.jpg\" alt=\"ocean drive art deco buildings\" height=\"211\" width=\"2395\" title=\"Held-klein\" onerror=\"this.style.display='none'\" loading=\"lazy\" \/>\n\t<\/figure>\n<h1>\n\t\t\t18. August 2020: Vorwahlen\t<\/h1>\n\t<nav id=\"breadcrumbs\" aria-label=\"Paniermehl\"><a href=\"https:\/\/www.miamibeachfl.gov\/de\/\">Heim<\/a> &gt; <a href=\"https:\/\/www.miamibeachfl.gov\/de\/city-hall\/\">Rathaus<\/a> &gt; <a href=\"https:\/\/www.miamibeachfl.gov\/de\/city-hall\/city-clerk\/\">Stadtschreiber<\/a> &gt; <a href=\"https:\/\/www.miamibeachfl.gov\/de\/city-hall\/city-clerk\/election-information\/\">Wahlinformationen<\/a> &gt; <strong>18. August 2020: Vorwahlen<\/strong><\/nav>\n\t<ul>\n<li><a href=\"http:\/\/www.miamidade.gov\/global\/initiatives\/coronavirus\/home.page\">Informationen des Landkreises zum Coronavirus \/ COVID-19<\/a><\/li>\n<li><a href=\"https:\/\/www.miamidade.gov\/global\/news-item.page?Mduid_news=news1564521852501706\">Allgemeine Informationen zu den Wahlen 2020<\/a><\/li>\n<li><a href=\"https:\/\/www.miamidade.gov\/global\/service.page?Mduid_service=ser1482258761076685\" data-toggle=\"modal\" data-target=\"#speedbump\">Zur Wahl anmelden<\/a>\u00a0\u2013 Einsendeschluss ist der 20. Juli 2020<\/li>\n<li><a href=\"http:\/\/www.miamidade.gov\/global\/service.page?Mduid_service=ser151187731708822\" data-toggle=\"modal\" data-target=\"#speedbump\">W\u00e4hlerinformationen<\/a>\u00a0\u2013 \u00dcberpr\u00fcfen Sie Ihren W\u00e4hlerstatus<\/li>\n<li><a href=\"http:\/\/www.miamidade.gov\/global\/service.page?Mduid_service=ser1512065909614490\" data-toggle=\"modal\" data-target=\"#speedbump\">Briefwahl<\/a>\u00a0\u2013 Frist f\u00fcr die Beantragung der Briefwahl ist der 8. August 2020 um 17:00 Uhr<\/li>\n<li><a href=\"https:\/\/www.miamidade.gov\/elections\/library\/calendars\/2020-ev-calendar-primary.pdf\">Zeitplan f\u00fcr die vorzeitige Stimmabgabe<\/a><\/li>\n<li><a href=\"https:\/\/www.miamidade.gov\/elections\/earlyvoting\/wait-times.asp\">Wartezeiten f\u00fcr die vorzeitige Stimmabgabe<\/a><\/li>\n<li><a href=\"http:\/\/www.miamibeachfl.gov\/wp-content\/uploads\/2020\/08\/2020-08-18-primary-early-voting-stats-aug16.pdf\">T\u00e4glicher Bericht zur vorzeitigen Stimmabgabe<\/a><\/li>\n<li><a href=\"http:\/\/www.miamibeachfl.gov\/wp-content\/uploads\/2020\/08\/Primary-Election-2020-EV-VBM-Daily-Count-Spreadsheet.pdf\">Gesamtzahl der Briefwahlstimmen auf der Website f\u00fcr die vorzeitige Stimmabgabe<\/a> (Abgabe der Stimmzettel)<\/li>\n<li><a href=\"http:\/\/www.miamidade.gov\/global\/service.page?Mduid_service=ser1533227558214251\" data-toggle=\"modal\" data-target=\"#speedbump\">Am Wahltag abstimmen<\/a><\/li>\n<li><a href=\"http:\/\/www.miamibeachfl.gov\/wp-content\/uploads\/2020\/07\/LIST-OF-POLLING-PLACES-REG-AUGUST-18-2020-copy.pdf\">Liste der Wahllokale<\/a><\/li>\n<li><a href=\"http:\/\/www.miamibeachfl.gov\/wp-content\/uploads\/2020\/07\/110519-12-TEMPORARY-POLLING-PLACE-CHANGE.pdf\">Hinweis zur vor\u00fcbergehenden \u00c4nderung des Wahllokals<\/a><\/li>\n<li><a href=\"http:\/\/www.miamidade.gov\/global\/service.page?Mduid_service=ser151187731708822\">Muster f\u00fcr benutzerdefinierte Stimmzettel ansehen<\/a><\/li>\n<li><a href=\"http:\/\/www.miamibeachfl.gov\/wp-content\/uploads\/2020\/06\/2020-primary-master-ballot-rep.pdf\">Hauptwahlzettel der Republikaner<\/a><\/li>\n<li><a href=\"http:\/\/www.miamibeachfl.gov\/wp-content\/uploads\/2020\/06\/2020-primary-master-ballot-dem.pdf\">Demokratischer Hauptwahlzettel<\/a><\/li>\n<li><a href=\"http:\/\/www.miamibeachfl.gov\/wp-content\/uploads\/2020\/06\/2020-primary-master-ballot-npa.pdf\">\u00dcberparteilicher Hauptwahlzettel<\/a><\/li>\n<li><a href=\"https:\/\/www.miamidade.gov\/global\/service.page?Mduid_service=ser1496340543264351\">So werden Sie Wahlhelfer<\/a><\/li>\n<li><a href=\"https:\/\/www.miamidade.gov\/global\/service.page?Mduid_service=ser1513878201782808\">Informationen f\u00fcr W\u00e4hler mit besonderen Bed\u00fcrfnissen<\/a><\/li>\n<li><a href=\"https:\/\/www8.miamidade.gov\/global\/news-item.page?Mduid_news=news1587760694394885\">Aktualisieren Sie Ihre Signatur<\/a> \u2013 Unterschriften \u00e4ndern sich im Laufe der Jahre h\u00e4ufig. Bitte stellen Sie sicher, dass Ihre letzte Unterschrift in unseren Unterlagen enthalten ist.<\/li>\n<\/ul>\n<p>&nbsp;<\/p>\n<p>Wahlbezogene Fragen sollten an die Wahlbeh\u00f6rde des Miami-Dade County gerichtet werden.<\/p>\n<strong>Kontaktinformationen:<\/strong><br \/>\nWahlbeh\u00f6rde Tel: 305.499.8683<br \/>\n2700 NW 87th Avenue E-Mail: soedade@miamidade.gov<br \/>\nMiami, FL 33172 Navigieren zu\u2026\t\t\t\n\t\t\t\t\t<ul id=\"menu-city-clerk-election-menu\"><li id=\"menu-item-363778\"><a href=\"\/de\/city-hall\/city-clerk\/election-information\/election-information-archive-2018-to-present\/\">Archiv 2018 bis heute<\/a><\/li>\n<li id=\"menu-item-363779\"><a href=\"\/de\/city-hall\/city-clerk\/election-information\/august-18-2020-primary-election\/\">18. August 2020: Vorwahlen<\/a><\/li>\n<li id=\"menu-item-363780\"><a href=\"\/de\/city-hall\/city-clerk\/election-information\/august-2024-primary-election\/\">Vorwahlen im August 2024<\/a><\/li>\n<li id=\"menu-item-363781\"><a href=\"\/de\/city-hall\/city-clerk\/election-information\/general-election-2-2\/\">23. August 2022: Sonderwahl<\/a><\/li>\n<li id=\"menu-item-363782\"><a href=\"\/de\/city-hall\/city-clerk\/election-information\/campaign-finance\/\">Gesetze zur Wahlkampffinanzierung<\/a><\/li>\n<li id=\"menu-item-363783\"><a href=\"\/de\/city-hall\/city-clerk\/election-information\/december-17-2019-special-election-allison-island-and-biscayne-beach-only\/\">17. Dezember 2019 Sonderwahl<\/a><\/li>\n<li id=\"menu-item-363784\"><a href=\"\/de\/city-hall\/city-clerk\/election-information\/ecos-registered-with-the-department-of-state\/\">Beim Au\u00dfenministerium registrierte ECOs<\/a><\/li>\n<li id=\"menu-item-363785\"><a href=\"\/de\/city-hall\/city-clerk\/election-information\/election-related-resolutions\/\">Wahlbezogene Resolutionen<\/a><\/li>\n<li id=\"menu-item-363786\"><a href=\"\/de\/city-hall\/city-clerk\/election-information\/general-election\/\">Allgemeine und Sonderwahlen\/ Stichwahlen<\/a><\/li>\n<li id=\"menu-item-363787\"><a href=\"\/de\/city-hall\/city-clerk\/election-information\/general-election-2\/\">Parlamentswahlen<\/a><\/li>\n<li id=\"menu-item-363813\"><a href=\"\/de\/city-hall\/city-clerk\/election-information\/lrbid-renewalelection\/\">Wahl zur Erneuerung des Lincoln Road Business Improvement District<\/a><\/li>\n<li id=\"menu-item-363814\"><a href=\"\/de\/city-hall\/city-clerk\/election-information\/mail-ballot-election-for-the-creation-of-a-special-assessment-district-to-be-known-as-the-south-beach-business-improvement-district\/\">Briefwahl<\/a><\/li>\n<li id=\"menu-item-363788\"><a href=\"\/de\/city-hall\/city-clerk\/election-information\/march-17-2020-presidential-preference-primary-election\/\">17. M\u00e4rz 2020: Vorwahlen zur Pr\u00e4sidentschaftspr\u00e4ferenz<\/a><\/li>\n<li id=\"menu-item-363789\"><a href=\"\/de\/city-hall\/city-clerk\/election-information\/most-commonly-used-election-forms\/\">Am h\u00e4ufigsten verwendete Wahlformulare<\/a><\/li>\n<li id=\"menu-item-363790\"><a href=\"\/de\/city-hall\/city-clerk\/election-information\/november-3-2020-general-election\/\">3. November 2020: Parlamentswahlen<\/a><\/li>\n<li id=\"menu-item-363791\"><a href=\"\/de\/city-hall\/city-clerk\/election-information\/november-4-2025-general-and-special-elections\/\">4. November 2025: Parlamentswahlen<\/a><\/li>\n<li id=\"menu-item-363792\"><a href=\"\/de\/city-hall\/city-clerk\/election-information\/november-5-2024-general-and-special-elections\/\">5. November 2024: Sonderwahl<\/a><\/li>\n<li id=\"menu-item-363793\"><a href=\"\/de\/city-hall\/city-clerk\/election-information\/november-8-2022-special-election-to-fill-vacancy-special-election-for-referendum\/\">8. November 2022: Sonderwahl zur Besetzung vakanter Stellen und Sonderwahl f\u00fcr Referenden<\/a><\/li>\n<li id=\"menu-item-363794\"><a href=\"\/de\/city-hall\/city-clerk\/election-information\/related-resolution\/\">Zugeh\u00f6rige Aufl\u00f6sungen<\/a><\/li>\n<li id=\"menu-item-363795\"><a href=\"\/de\/city-hall\/city-clerk\/election-information\/related-resolutions-november-5-2024\/\">Zugeh\u00f6rige Resolutionen \u2013 5. NOVEMBER 2024<\/a><\/li>\n<li id=\"menu-item-363796\"><a href=\"\/de\/city-hall\/city-clerk\/election-information\/related-resolutions-november-7-2023\/\">Zugeh\u00f6rige Resolutionen \u2013 7. November 2023<\/a><\/li>\n<li id=\"menu-item-363797\"><a href=\"\/de\/city-hall\/city-clerk\/election-information\/resolutions\/\">Aufl\u00f6sungen<\/a><\/li>\n<li id=\"menu-item-363798\"><a href=\"\/de\/city-hall\/city-clerk\/election-information\/south-beach-bid-election\/\">Wahl zur Bewerbung in South Beach<\/a><\/li>\n<li id=\"menu-item-363799\"><a href=\"\/de\/city-hall\/city-clerk\/election-information\/special-election-to-fill-vancancy-runoff\/\">Sonderwahl zur Besetzung der Stichwahl<\/a><\/li>\n<\/ul>\t\n\t<div class=\"page-navigation\"><a class=\"prev-page\" href=\"https:\/\/www.miamibeachfl.gov\/de\/city-hall\/city-clerk\/covid-19-declaration-of-state-of-emergency\/\">\u2190 COVID-19-AUSNAHMESTATUT<\/a> <a class=\"next-page\" href=\"https:\/\/www.miamibeachfl.gov\/de\/city-hall\/city-clerk\/discrimination-in-employment\/\">Diskriminierung am Arbeitsplatz \u2192<\/a><\/div>","protected":false},"excerpt":{"rendered":"<p>August 18, 2020: Primary Election Home &gt; City Hall &gt; City Clerk &gt; Election Information &gt; August 18, 2020: Primary [&hellip;]<\/p>\n","protected":false},"author":222,"featured_media":0,"parent":28358,"menu_order":94,"comment_status":"closed","ping_status":"closed","template":"","meta":{"_searchwp_excluded":"","site-sidebar-layout":"default","site-content-layout":"","ast-site-content-layout":"default","site-content-style":"default","site-sidebar-style":"default","ast-global-header-display":"","ast-banner-title-visibility":"","ast-main-header-display":"","ast-hfb-above-header-display":"","ast-hfb-below-header-display":"","ast-hfb-mobile-header-display":"","site-post-title":"","ast-breadcrumbs-content":"","ast-featured-img":"","footer-sml-layout":"","theme-transparent-header-meta":"","adv-header-id-meta":"","stick-header-meta":"","header-above-stick-meta":"","header-main-stick-meta":"","header-below-stick-meta":"","astra-migrate-meta-layouts":"default","ast-page-background-enabled":"default","ast-page-background-meta":{"desktop":{"background-color":"var(--ast-global-color-5)","background-image":"","background-repeat":"repeat","background-position":"center center","background-size":"auto","background-attachment":"scroll","background-type":"","background-media":"","overlay-type":"","overlay-color":"","overlay-opacity":"","overlay-gradient":""},"tablet":{"background-color":"","background-image":"","background-repeat":"repeat","background-position":"center center","background-size":"auto","background-attachment":"scroll","background-type":"","background-media":"","overlay-type":"","overlay-color":"","overlay-opacity":"","overlay-gradient":""},"mobile":{"background-color":"","background-image":"","background-repeat":"repeat","background-position":"center center","background-size":"auto","background-attachment":"scroll","background-type":"","background-media":"","overlay-type":"","overlay-color":"","overlay-opacity":"","overlay-gradient":""}},"ast-content-background-meta":{"desktop":{"background-color":"var(--ast-global-color-4)","background-image":"","background-repeat":"repeat","background-position":"center center","background-size":"auto","background-attachment":"scroll","background-type":"","background-media":"","overlay-type":"","overlay-color":"","overlay-opacity":"","overlay-gradient":""},"tablet":{"background-color":"var(--ast-global-color-4)","background-image":"","background-repeat":"repeat","background-position":"center center","background-size":"auto","background-attachment":"scroll","background-type":"","background-media":"","overlay-type":"","overlay-color":"","overlay-opacity":"","overlay-gradient":""},"mobile":{"background-color":"var(--ast-global-color-4)","background-image":"","background-repeat":"repeat","background-position":"center center","background-size":"auto","background-attachment":"scroll","background-type":"","background-media":"","overlay-type":"","overlay-color":"","overlay-opacity":"","overlay-gradient":""}},"footnotes":""},"categories":[],"tags":[],"class_list":["post-128637","page","type-page","status-publish","hentry"],"yoast_head":"<!-- This site is optimized with the Yoast SEO Premium plugin v27.4 (Yoast SEO v27.4) - https:\/\/yoast.com\/product\/yoast-seo-premium-wordpress\/ -->\n<title>August 18, 2020: Primary Election - City of Miami Beach<\/title>\n<meta name=\"description\" content=\"%\" \/>\n<meta name=\"robots\" content=\"index, follow, max-snippet:-1, max-image-preview:large, max-video-preview:-1\" \/>\n<link rel=\"canonical\" href=\"https:\/\/www.miamibeachfl.gov\/de\/city-hall\/city-clerk\/election-information\/august-18-2020-primary-election\/\" \/>\n<meta property=\"og:locale\" content=\"de_DE\" \/>\n<meta property=\"og:type\" content=\"article\" \/>\n<meta property=\"og:title\" content=\"August 18, 2020: Primary Election\" \/>\n<meta property=\"og:description\" content=\"%\" \/>\n<meta property=\"og:url\" content=\"https:\/\/www.miamibeachfl.gov\/de\/city-hall\/city-clerk\/election-information\/august-18-2020-primary-election\/\" \/>\n<meta property=\"og:site_name\" content=\"City of Miami Beach\" \/>\n<meta property=\"article:publisher\" content=\"https:\/\/www.facebook.com\/cityofmiamibeach\" \/>\n<meta property=\"article:modified_time\" content=\"2026-04-15T14:59:34+00:00\" \/>\n<meta property=\"og:image\" content=\"https:\/\/www.miamibeachfl.gov\/wp-content\/uploads\/2022\/07\/hero-small.jpg\" \/>\n<meta name=\"twitter:card\" content=\"summary_large_image\" \/>\n<meta name=\"twitter:site\" content=\"@Miamibeachnews\" \/>\n<script type=\"application\/ld+json\" class=\"yoast-schema-graph\">{\"@context\":\"https:\\\/\\\/schema.org\",\"@graph\":[{\"@type\":\"WebPage\",\"@id\":\"https:\\\/\\\/www.miamibeachfl.gov\\\/city-hall\\\/city-clerk\\\/election-information\\\/august-18-2020-primary-election\\\/\",\"url\":\"https:\\\/\\\/www.miamibeachfl.gov\\\/city-hall\\\/city-clerk\\\/election-information\\\/august-18-2020-primary-election\\\/\",\"name\":\"August 18, 2020: Primary Election - City of Miami Beach\",\"isPartOf\":{\"@id\":\"https:\\\/\\\/www.miamibeachfl.gov\\\/#website\"},\"primaryImageOfPage\":{\"@id\":\"https:\\\/\\\/www.miamibeachfl.gov\\\/city-hall\\\/city-clerk\\\/election-information\\\/august-18-2020-primary-election\\\/#primaryimage\"},\"image\":{\"@id\":\"https:\\\/\\\/www.miamibeachfl.gov\\\/city-hall\\\/city-clerk\\\/election-information\\\/august-18-2020-primary-election\\\/#primaryimage\"},\"thumbnailUrl\":\"https:\\\/\\\/www.miamibeachfl.gov\\\/wp-content\\\/uploads\\\/2022\\\/07\\\/hero-small.jpg\",\"datePublished\":\"2020-04-08T15:22:20+00:00\",\"dateModified\":\"2026-04-15T14:59:34+00:00\",\"description\":\"%\",\"breadcrumb\":{\"@id\":\"https:\\\/\\\/www.miamibeachfl.gov\\\/city-hall\\\/city-clerk\\\/election-information\\\/august-18-2020-primary-election\\\/#breadcrumb\"},\"inLanguage\":\"de\",\"potentialAction\":[{\"@type\":\"ReadAction\",\"target\":[\"https:\\\/\\\/www.miamibeachfl.gov\\\/city-hall\\\/city-clerk\\\/election-information\\\/august-18-2020-primary-election\\\/\"]}]},{\"@type\":\"ImageObject\",\"inLanguage\":\"de\",\"@id\":\"https:\\\/\\\/www.miamibeachfl.gov\\\/city-hall\\\/city-clerk\\\/election-information\\\/august-18-2020-primary-election\\\/#primaryimage\",\"url\":\"https:\\\/\\\/www.miamibeachfl.gov\\\/wp-content\\\/uploads\\\/2022\\\/07\\\/hero-small.jpg\",\"contentUrl\":\"https:\\\/\\\/www.miamibeachfl.gov\\\/wp-content\\\/uploads\\\/2022\\\/07\\\/hero-small.jpg\"},{\"@type\":\"BreadcrumbList\",\"@id\":\"https:\\\/\\\/www.miamibeachfl.gov\\\/city-hall\\\/city-clerk\\\/election-information\\\/august-18-2020-primary-election\\\/#breadcrumb\",\"itemListElement\":[{\"@type\":\"ListItem\",\"position\":1,\"name\":\"Home\",\"item\":\"https:\\\/\\\/www.miamibeachfl.gov\\\/\"},{\"@type\":\"ListItem\",\"position\":2,\"name\":\"City Hall\",\"item\":\"https:\\\/\\\/www.miamibeachfl.gov\\\/city-hall\\\/\"},{\"@type\":\"ListItem\",\"position\":3,\"name\":\"City Clerk\",\"item\":\"https:\\\/\\\/www.miamibeachfl.gov\\\/city-hall\\\/city-clerk\\\/\"},{\"@type\":\"ListItem\",\"position\":4,\"name\":\"Election Information\",\"item\":\"https:\\\/\\\/www.miamibeachfl.gov\\\/city-hall\\\/city-clerk\\\/election-information\\\/\"},{\"@type\":\"ListItem\",\"position\":5,\"name\":\"August 18, 2020: Primary Election\"}]},{\"@type\":\"WebSite\",\"@id\":\"https:\\\/\\\/www.miamibeachfl.gov\\\/#website\",\"url\":\"https:\\\/\\\/www.miamibeachfl.gov\\\/\",\"name\":\"City of Miami Beach\",\"description\":\"The official website of the City of Miami Beach. Stay informed, find important information on city services, news, alerts, events, trolley routes, government employment and more.\",\"publisher\":{\"@id\":\"https:\\\/\\\/www.miamibeachfl.gov\\\/#organization\"},\"potentialAction\":[{\"@type\":\"SearchAction\",\"target\":{\"@type\":\"EntryPoint\",\"urlTemplate\":\"https:\\\/\\\/www.miamibeachfl.gov\\\/?s={search_term_string}\"},\"query-input\":{\"@type\":\"PropertyValueSpecification\",\"valueRequired\":true,\"valueName\":\"search_term_string\"}}],\"inLanguage\":\"de\"},{\"@type\":\"Organization\",\"@id\":\"https:\\\/\\\/www.miamibeachfl.gov\\\/#organization\",\"name\":\"City of Miami Beach\",\"url\":\"https:\\\/\\\/www.miamibeachfl.gov\\\/\",\"logo\":{\"@type\":\"ImageObject\",\"inLanguage\":\"de\",\"@id\":\"https:\\\/\\\/www.miamibeachfl.gov\\\/#\\\/schema\\\/logo\\\/image\\\/\",\"url\":\"https:\\\/\\\/www.miamibeachfl.gov\\\/wp-content\\\/uploads\\\/2022\\\/06\\\/miamibeach-logoblue.png\",\"contentUrl\":\"https:\\\/\\\/www.miamibeachfl.gov\\\/wp-content\\\/uploads\\\/2022\\\/06\\\/miamibeach-logoblue.png\",\"width\":1962,\"height\":381,\"caption\":\"City of Miami Beach\"},\"image\":{\"@id\":\"https:\\\/\\\/www.miamibeachfl.gov\\\/#\\\/schema\\\/logo\\\/image\\\/\"},\"sameAs\":[\"https:\\\/\\\/www.facebook.com\\\/cityofmiamibeach\",\"https:\\\/\\\/x.com\\\/Miamibeachnews\",\"https:\\\/\\\/www.instagram.com\\\/miamibeachnews\\\/\"],\"description\":\"The official website of the City of Miami Beach. Stay informed, find important information on city services, news, alerts, events, trolley routes, government employment and more.\",\"telephone\":\"305.604.CITY(2489)\",\"legalName\":\"City of Miami Beach\"}]}<\/script>\n<!-- \/ Yoast SEO Premium plugin. -->","yoast_head_json":{"title":"18. August 2020: Vorwahlen \u2013 Stadt Miami Beach","description":"%","robots":{"index":"index","follow":"follow","max-snippet":"max-snippet:-1","max-image-preview":"max-image-preview:large","max-video-preview":"max-video-preview:-1"},"canonical":"https:\/\/www.miamibeachfl.gov\/de\/city-hall\/city-clerk\/election-information\/august-18-2020-primary-election\/","og_locale":"de_DE","og_type":"article","og_title":"August 18, 2020: Primary Election","og_description":"%","og_url":"https:\/\/www.miamibeachfl.gov\/de\/city-hall\/city-clerk\/election-information\/august-18-2020-primary-election\/","og_site_name":"City of Miami Beach","article_publisher":"https:\/\/www.facebook.com\/cityofmiamibeach","article_modified_time":"2026-04-15T14:59:34+00:00","og_image":[{"url":"https:\/\/www.miamibeachfl.gov\/wp-content\/uploads\/2022\/07\/hero-small.jpg","type":"","width":"","height":""}],"twitter_card":"summary_large_image","twitter_site":"@Miamibeachnews","schema":{"@context":"https:\/\/schema.org","@graph":[{"@type":"WebPage","@id":"https:\/\/www.miamibeachfl.gov\/city-hall\/city-clerk\/election-information\/august-18-2020-primary-election\/","url":"https:\/\/www.miamibeachfl.gov\/city-hall\/city-clerk\/election-information\/august-18-2020-primary-election\/","name":"18. August 2020: Vorwahlen \u2013 Stadt Miami Beach","isPartOf":{"@id":"https:\/\/www.miamibeachfl.gov\/#website"},"primaryImageOfPage":{"@id":"https:\/\/www.miamibeachfl.gov\/city-hall\/city-clerk\/election-information\/august-18-2020-primary-election\/#primaryimage"},"image":{"@id":"https:\/\/www.miamibeachfl.gov\/city-hall\/city-clerk\/election-information\/august-18-2020-primary-election\/#primaryimage"},"thumbnailUrl":"https:\/\/www.miamibeachfl.gov\/wp-content\/uploads\/2022\/07\/hero-small.jpg","datePublished":"2020-04-08T15:22:20+00:00","dateModified":"2026-04-15T14:59:34+00:00","description":"%","breadcrumb":{"@id":"https:\/\/www.miamibeachfl.gov\/city-hall\/city-clerk\/election-information\/august-18-2020-primary-election\/#breadcrumb"},"inLanguage":"de","potentialAction":[{"@type":"ReadAction","target":["https:\/\/www.miamibeachfl.gov\/city-hall\/city-clerk\/election-information\/august-18-2020-primary-election\/"]}]},{"@type":"ImageObject","inLanguage":"de","@id":"https:\/\/www.miamibeachfl.gov\/city-hall\/city-clerk\/election-information\/august-18-2020-primary-election\/#primaryimage","url":"https:\/\/www.miamibeachfl.gov\/wp-content\/uploads\/2022\/07\/hero-small.jpg","contentUrl":"https:\/\/www.miamibeachfl.gov\/wp-content\/uploads\/2022\/07\/hero-small.jpg"},{"@type":"BreadcrumbList","@id":"https:\/\/www.miamibeachfl.gov\/city-hall\/city-clerk\/election-information\/august-18-2020-primary-election\/#breadcrumb","itemListElement":[{"@type":"ListItem","position":1,"name":"Home","item":"https:\/\/www.miamibeachfl.gov\/"},{"@type":"ListItem","position":2,"name":"City Hall","item":"https:\/\/www.miamibeachfl.gov\/city-hall\/"},{"@type":"ListItem","position":3,"name":"City Clerk","item":"https:\/\/www.miamibeachfl.gov\/city-hall\/city-clerk\/"},{"@type":"ListItem","position":4,"name":"Election Information","item":"https:\/\/www.miamibeachfl.gov\/city-hall\/city-clerk\/election-information\/"},{"@type":"ListItem","position":5,"name":"August 18, 2020: Primary Election"}]},{"@type":"WebSite","@id":"https:\/\/www.miamibeachfl.gov\/#website","url":"https:\/\/www.miamibeachfl.gov\/","name":"Stadt Miami Beach","description":"Die offizielle Website der Stadt Miami Beach. Bleiben Sie informiert und finden Sie wichtige Informationen zu st\u00e4dtischen Dienstleistungen, Neuigkeiten, Warnungen, Veranstaltungen, Stra\u00dfenbahnlinien, Stellenangeboten im \u00f6ffentlichen Dienst und mehr.","publisher":{"@id":"https:\/\/www.miamibeachfl.gov\/#organization"},"potentialAction":[{"@type":"SearchAction","target":{"@type":"EntryPoint","urlTemplate":"https:\/\/www.miamibeachfl.gov\/?s={search_term_string}"},"query-input":{"@type":"PropertyValueSpecification","valueRequired":true,"valueName":"search_term_string"}}],"inLanguage":"de"},{"@type":"Organization","@id":"https:\/\/www.miamibeachfl.gov\/#organization","name":"Stadt Miami Beach","url":"https:\/\/www.miamibeachfl.gov\/","logo":{"@type":"ImageObject","inLanguage":"de","@id":"https:\/\/www.miamibeachfl.gov\/#\/schema\/logo\/image\/","url":"https:\/\/www.miamibeachfl.gov\/wp-content\/uploads\/2022\/06\/miamibeach-logoblue.png","contentUrl":"https:\/\/www.miamibeachfl.gov\/wp-content\/uploads\/2022\/06\/miamibeach-logoblue.png","width":1962,"height":381,"caption":"City of Miami Beach"},"image":{"@id":"https:\/\/www.miamibeachfl.gov\/#\/schema\/logo\/image\/"},"sameAs":["https:\/\/www.facebook.com\/cityofmiamibeach","https:\/\/x.com\/Miamibeachnews","https:\/\/www.instagram.com\/miamibeachnews\/"],"description":"Die offizielle Website der Stadt Miami Beach. Bleiben Sie informiert und finden Sie wichtige Informationen zu st\u00e4dtischen Dienstleistungen, Neuigkeiten, Warnungen, Veranstaltungen, Stra\u00dfenbahnlinien, Stellenangeboten im \u00f6ffentlichen Dienst und mehr.","telephone":"305.604.CITY(2489)","legalName":"City of Miami Beach"}]}},"_links":{"self":[{"href":"https:\/\/www.miamibeachfl.gov\/de\/wp-json\/wp\/v2\/pages\/128637","targetHints":{"allow":["GET"]}}],"collection":[{"href":"https:\/\/www.miamibeachfl.gov\/de\/wp-json\/wp\/v2\/pages"}],"about":[{"href":"https:\/\/www.miamibeachfl.gov\/de\/wp-json\/wp\/v2\/types\/page"}],"author":[{"embeddable":true,"href":"https:\/\/www.miamibeachfl.gov\/de\/wp-json\/wp\/v2\/users\/222"}],"replies":[{"embeddable":true,"href":"https:\/\/www.miamibeachfl.gov\/de\/wp-json\/wp\/v2\/comments?post=128637"}],"version-history":[{"count":1,"href":"https:\/\/www.miamibeachfl.gov\/de\/wp-json\/wp\/v2\/pages\/128637\/revisions"}],"predecessor-version":[{"id":398971,"href":"https:\/\/www.miamibeachfl.gov\/de\/wp-json\/wp\/v2\/pages\/128637\/revisions\/398971"}],"up":[{"embeddable":true,"href":"https:\/\/www.miamibeachfl.gov\/de\/wp-json\/wp\/v2\/pages\/28358"}],"wp:attachment":[{"href":"https:\/\/www.miamibeachfl.gov\/de\/wp-json\/wp\/v2\/media?parent=128637"}],"wp:term":[{"taxonomy":"category","embeddable":true,"href":"https:\/\/www.miamibeachfl.gov\/de\/wp-json\/wp\/v2\/categories?post=128637"},{"taxonomy":"post_tag","embeddable":true,"href":"https:\/\/www.miamibeachfl.gov\/de\/wp-json\/wp\/v2\/tags?post=128637"}],"curies":[{"name":"wp","href":"https:\/\/api.w.org\/{rel}","templated":true}]}}