{"id":140310,"date":"2020-07-30T10:48:24","date_gmt":"2020-07-30T14:48:24","guid":{"rendered":"http:\/\/www.miamibeachfl.gov\/city-hall\/city-clerk\/election-information\/november-3-2020-general-election\/"},"modified":"2025-02-23T14:04:32","modified_gmt":"2025-02-23T19:04:32","slug":"november-3-2020-general-election","status":"publish","type":"page","link":"https:\/\/www.miamibeachfl.gov\/de\/city-hall\/city-clerk\/election-information\/november-3-2020-general-election\/","title":{"rendered":"3. November 2020: Parlamentswahlen"},"content":{"rendered":"<img loading=\"lazy\" decoding=\"async\" src=\"https:\/\/www.miamibeachfl.gov\/wp-content\/uploads\/2022\/07\/hero-small.jpg\" alt=\"ocean drive art deco buildings\" itemprop=\"image\" height=\"211\" width=\"2395\" title=\"Held-klein\" onerror=\"this.style.display='none'\"  \/>\n<h1>\n\t\t3. November 2020: Parlamentswahlen\n\t<\/h1>\n\t<nav id=\"breadcrumbs\" aria-label=\"Paniermehl\"><a href=\"https:\/\/www.miamibeachfl.gov\/de\/\">Heim<\/a> &gt; <a href=\"https:\/\/www.miamibeachfl.gov\/de\/city-hall\/\">Rathaus<\/a> &gt; <a href=\"https:\/\/www.miamibeachfl.gov\/de\/city-hall\/city-clerk\/\">Stadtschreiber<\/a> &gt; <a href=\"https:\/\/www.miamibeachfl.gov\/de\/city-hall\/city-clerk\/election-information\/\">Wahlinformationen<\/a> &gt; <strong>3. November 2020: Parlamentswahlen<\/strong><\/nav>\n\t<ul>\n<li><a href=\"https:\/\/www.miamidade.gov\/elections\/earlyvoting\/wait-times.asp\" target=\"_blank\" rel=\"noopener\">Wartezeiten f\u00fcr die vorzeitige Stimmabgabe<\/a><\/li>\n<li><a href=\"http:\/\/www.miamibeachfl.gov\/wp-content\/uploads\/2020\/09\/110320-01-NOTICE-OF-SPECIAL-ELECTION-REG-RB-LH.pdf\">Bekanntmachung der Sonderwahl<\/a><br \/>\n<a href=\"http:\/\/www.miamibeachfl.gov\/wp-content\/uploads\/2020\/09\/110320-01-ES-AVISO-DE-ELECCION-ESPECIAL-REG-RB-LH.pdf\">Sonderwahlbescheid<\/a><\/li>\n<li><a href=\"http:\/\/www.miamibeachfl.gov\/wp-content\/uploads\/2020\/09\/VotersGuide2020_DC_FinalWeb.pdf\">Miami Beach W\u00e4hlerhandbuch<\/a><br \/>\n<a href=\"http:\/\/www.miamibeachfl.gov\/wp-content\/uploads\/2020\/09\/VotersGuide2020_DC_FinalWeb.pdf\">Gu\u00eda del Votante von Miami Beach<\/a><\/li>\n<li><a href=\"https:\/\/youtu.be\/7wl1sQ2E7lI\">Video zum W\u00e4hlerhandbuch f\u00fcr Miami Beach<\/a><\/li>\n<li><a href=\"https:\/\/youtu.be\/E8qcdSSUl9E\">Video des Aviso de Elecci\u00f3n Especial<\/a><\/li>\n<li><a href=\"http:\/\/www.miamibeachfl.gov\/wp-content\/uploads\/2020\/10\/Voter-Education-Ad.pdf\">Programmplan zur W\u00e4hlerbildung<\/a><\/li>\n<li><a href=\"http:\/\/www.miamibeachfl.gov\/wp-content\/uploads\/2020\/10\/110320-08-ES-Voter-Education-Ad.pdf\">Horario de Programa Educativo para Electores<\/a><\/li>\n<li><a href=\"http:\/\/www.miamibeachfl.gov\/wp-content\/uploads\/2020\/09\/2020-in-person-voting-health-safety-fact-sheet.pdf\">COVID-19-Informationsblatt zu Gesundheit und Sicherheit bei der pers\u00f6nlichen Stimmabgabe<\/a><br \/>\n<a href=\"http:\/\/www.miamibeachfl.gov\/wp-content\/uploads\/2020\/09\/2020-in-person-voting-health-safety-fact-sheet-sp.pdf\">Wir informieren Sie \u00fcber Sicherheit und Gesundheit vor COVID-19 f\u00fcr die pers\u00f6nliche Abstimmung<\/a><\/li>\n<li><a href=\"http:\/\/www.miamibeachfl.gov\/wp-content\/uploads\/2020\/10\/IMPORTANT-DATES-AND-DEADLINES.pdf\">Wichtige Termine und Fristen<\/a><\/li>\n<li><a href=\"https:\/\/www.miamidade.gov\/elections\/library\/legal-notices\/2020-11-03-canvassing-board-schedule.pdf\">Allgemeine Wahlen und Sonderwahlen in Miami Beach \u2013 Zeitplan des Wahlkampfausschusses<\/a><br \/>\n<a href=\"https:\/\/www.miamidade.gov\/elections\/library\/legal-notices\/2020-11-03-canvassing-board-schedule.pdf\">Cronograma de la Junta de Escrutinio \u2013 Allgemeine und besondere Wahl von Miami Beach<\/a><\/li>\n<li><a href=\"http:\/\/www.miamibeachfl.gov\/wp-content\/uploads\/2020\/09\/110320-06-SAMPLE-BALLOT-TO-POST.pdf\">Offizieller Musterwahlzettel f\u00fcr die Sonderwahl in Miami Beach<\/a><br \/>\n<a href=\"http:\/\/www.miamibeachfl.gov\/wp-content\/uploads\/2020\/09\/110320-06-SAMPLE-BALLOT-TO-POST.pdf\">Boleta Oficial de Muestra de la Electci\u00f3n Especial de Miami Beach<\/a><\/li>\n<li><a href=\"https:\/\/www.miamidade.gov\/global\/service.page?Mduid_service=ser151187731708822\">Individuellen Musterwahlzettel ansehen<\/a><\/li>\n<li><a href=\"http:\/\/www.miamibeachfl.gov\/wp-content\/uploads\/2020\/09\/110320-03-EARLY-VOTING-NOTICE-VERSION-1.pdf\">Zeitplan f\u00fcr die vorzeitige Stimmabgabe in Miami Beach und Informationen zur Briefwahl<\/a><br \/>\n<a href=\"http:\/\/www.miamibeachfl.gov\/wp-content\/uploads\/2020\/09\/110320-03-ES-AVISO-DE-VOTACION-ANTICIPADA-VERSION-1.pdf\">Cronograma de Votaci\u00f3n Anticipada e Information de Buz\u00f3n Seguro de Miami Beach<\/a><\/li>\n<li><a href=\"http:\/\/www.miamibeachfl.gov\/wp-content\/uploads\/2020\/09\/2020-general-early-voting-schedule.pdf\">Informationen zur vorzeitigen Stimmabgabe und zu Briefwahlurnen im Miami-Dade County<\/a><\/li>\n<li><a href=\"http:\/\/www.miamidade.gov\/global\/service.page?Mduid_service=ser1512065909614490\" data-toggle=\"modal\" data-target=\"#speedbump\">Briefwahl<\/a> \u2013 Frist f\u00fcr die Beantragung der Briefwahl ist der 24. Oktober 2020 um 17:00 Uhr<\/li>\n<li><a href=\"http:\/\/www.miamidade.gov\/global\/service.page?Mduid_service=ser1533227558214251\">Am Wahltag abstimmen<\/a><\/li>\n<li><a href=\"http:\/\/www.miamibeachfl.gov\/wp-content\/uploads\/2020\/09\/110320-02-POLLING-PLACES-REG.pdf\">Wahllokale in Miami Beach<\/a><br \/>\n<a href=\"http:\/\/www.miamibeachfl.gov\/wp-content\/uploads\/2020\/09\/110320-02-ES-LISTA-DE-LUGARES-DE-VOTACI\u00d3N-REG.pdf\">Liste der Wahllokale in Miami Beach<\/a><\/li>\n<li><a href=\"https:\/\/www.miamidade.gov\/elections\/library\/instructions\/poll-watcher-designation.pdf\">Richtlinien f\u00fcr Umfragebeobachter<\/a><\/li>\n<li><a href=\"http:\/\/www.miamidade.gov\/global\/service.page?Mduid_service=ser1482258761076685\" data-toggle=\"modal\" data-target=\"#speedbump\">Zur Wahl anmelden<\/a> \u2013 Einsendeschluss ist der 6. Oktober 2020 um 19:00 Uhr<\/li>\n<li><a href=\"https:\/\/www.miamidade.gov\/global\/service.page?Mduid_service=ser151187731708822\">W\u00e4hlerinformationen<\/a> \u2013 \u00dcberpr\u00fcfen Sie Ihren W\u00e4hlerstatus<\/li>\n<li><a href=\"https:\/\/www8.miamidade.gov\/global\/news-item.page?Mduid_news=news1587760694394885\" data-toggle=\"modal\" data-target=\"#speedbump\">Aktualisieren Sie Ihre Signatur<\/a>\u00a0\u2013 Unterschriften \u00e4ndern sich im Laufe der Jahre h\u00e4ufig. Bitte stellen Sie sicher, dass Ihre letzte Unterschrift in unseren Unterlagen enthalten ist.<\/li>\n<li><a href=\"https:\/\/www.miamidade.gov\/global\/news-item.page?Mduid_news=news1564521852501706\" data-toggle=\"modal\" data-target=\"#speedbump\">Allgemeine Informationen zu den Wahlen 2020<\/a><\/li>\n<li><a href=\"https:\/\/www.miamidade.gov\/global\/service.page?Mduid_service=ser1513878201782808\" data-toggle=\"modal\" data-target=\"#speedbump\">Informationen f\u00fcr W\u00e4hler mit besonderen Bed\u00fcrfnissen<\/a><\/li>\n<li><a href=\"https:\/\/www.miamidade.gov\/global\/service.page?Mduid_service=ser1496340543264351\">Seien Sie ein stolzer Wahlhelfer<\/a><\/li>\n<li><a href=\"https:\/\/www.miamibeachfl.gov\/de\/city-hall\/city-clerk\/election-information\/november-3-2020-general-election\/related-resolutions\/\">Zugeh\u00f6rige Aufl\u00f6sungen<\/a><\/li>\n<\/ul>\n<p>Wahlbezogene Fragen sollten an die Wahlbeh\u00f6rde des Miami-Dade County gerichtet werden.<\/p>\n<strong>Kontaktinformationen:<\/strong><br \/>\nWahlbeh\u00f6rde Tel: 305.499.8683 \/ 305.499.8480 TTY<br \/>\n2700 NW 87th Avenue E-Mail: soedade@miamidade.gov<br \/>\nMiami, FL 33172\n\t\t\t<a href=\"https:\/\/www.miamibeachfl.gov\/de\/city-hall\/city-clerk\/election-information\/november-3-2020-general-election\/related-resolutions\/\" target=\"_self\" rel=\"noopener\">\n\t\t\t\t\t\t\tZugeh\u00f6rige Aufl\u00f6sungen\n\t\t\t\t\t<\/a>\n\t<div class=\"page-navigation\"><a class=\"prev-page\" href=\"https:\/\/www.miamibeachfl.gov\/de\/city-hall\/city-clerk\/election-information\/general-election\/\">\u2190 Allgemeine und Sonderwahlen\/ Stichwahl<\/a> <a class=\"next-page\" href=\"https:\/\/www.miamibeachfl.gov\/de\/city-hall\/city-clerk\/election-information\/november-3-2020-general-election\/related-resolutions\/marina-park-project\/\">Marina Park Projekt \u2192<\/a><\/div>","protected":false},"excerpt":{"rendered":"<p>November 3, 2020: General Election Home &gt; City Hall &gt; City Clerk &gt; Election Information &gt; November 3, 2020: General [&hellip;]<\/p>\n","protected":false},"author":222,"featured_media":0,"parent":28358,"menu_order":85,"comment_status":"closed","ping_status":"closed","template":"page-blank.php","meta":{"_searchwp_excluded":"","site-sidebar-layout":"default","site-content-layout":"","ast-site-content-layout":"default","site-content-style":"default","site-sidebar-style":"default","ast-global-header-display":"","ast-banner-title-visibility":"","ast-main-header-display":"","ast-hfb-above-header-display":"","ast-hfb-below-header-display":"","ast-hfb-mobile-header-display":"","site-post-title":"","ast-breadcrumbs-content":"","ast-featured-img":"","footer-sml-layout":"","theme-transparent-header-meta":"","adv-header-id-meta":"","stick-header-meta":"","header-above-stick-meta":"","header-main-stick-meta":"","header-below-stick-meta":"","astra-migrate-meta-layouts":"default","ast-page-background-enabled":"default","ast-page-background-meta":{"desktop":{"background-color":"var(--ast-global-color-5)","background-image":"","background-repeat":"repeat","background-position":"center center","background-size":"auto","background-attachment":"scroll","background-type":"","background-media":"","overlay-type":"","overlay-color":"","overlay-opacity":"","overlay-gradient":""},"tablet":{"background-color":"","background-image":"","background-repeat":"repeat","background-position":"center center","background-size":"auto","background-attachment":"scroll","background-type":"","background-media":"","overlay-type":"","overlay-color":"","overlay-opacity":"","overlay-gradient":""},"mobile":{"background-color":"","background-image":"","background-repeat":"repeat","background-position":"center center","background-size":"auto","background-attachment":"scroll","background-type":"","background-media":"","overlay-type":"","overlay-color":"","overlay-opacity":"","overlay-gradient":""}},"ast-content-background-meta":{"desktop":{"background-color":"var(--ast-global-color-4)","background-image":"","background-repeat":"repeat","background-position":"center center","background-size":"auto","background-attachment":"scroll","background-type":"","background-media":"","overlay-type":"","overlay-color":"","overlay-opacity":"","overlay-gradient":""},"tablet":{"background-color":"var(--ast-global-color-4)","background-image":"","background-repeat":"repeat","background-position":"center center","background-size":"auto","background-attachment":"scroll","background-type":"","background-media":"","overlay-type":"","overlay-color":"","overlay-opacity":"","overlay-gradient":""},"mobile":{"background-color":"var(--ast-global-color-4)","background-image":"","background-repeat":"repeat","background-position":"center center","background-size":"auto","background-attachment":"scroll","background-type":"","background-media":"","overlay-type":"","overlay-color":"","overlay-opacity":"","overlay-gradient":""}},"footnotes":""},"categories":[],"tags":[],"class_list":["post-140310","page","type-page","status-publish","hentry"],"yoast_head":"<!-- This site is optimized with the Yoast SEO Premium plugin v26.6 (Yoast SEO v26.6) - https:\/\/yoast.com\/wordpress\/plugins\/seo\/ -->\n<title>November 3, 2020: General Election - City of Miami Beach<\/title>\n<meta name=\"description\" content=\"%\" \/>\n<meta name=\"robots\" content=\"index, follow, max-snippet:-1, max-image-preview:large, max-video-preview:-1\" \/>\n<link rel=\"canonical\" href=\"https:\/\/www.miamibeachfl.gov\/de\/city-hall\/city-clerk\/election-information\/november-3-2020-general-election\/\" \/>\n<meta property=\"og:locale\" content=\"de_DE\" \/>\n<meta property=\"og:type\" content=\"article\" \/>\n<meta property=\"og:title\" content=\"November 3, 2020: General Election\" \/>\n<meta property=\"og:description\" content=\"%\" \/>\n<meta property=\"og:url\" content=\"https:\/\/www.miamibeachfl.gov\/de\/city-hall\/city-clerk\/election-information\/november-3-2020-general-election\/\" \/>\n<meta property=\"og:site_name\" content=\"City of Miami Beach\" \/>\n<meta property=\"article:publisher\" content=\"https:\/\/www.facebook.com\/cityofmiamibeach\" \/>\n<meta property=\"article:modified_time\" content=\"2025-02-23T19:04:32+00:00\" \/>\n<meta property=\"og:image\" content=\"https:\/\/www.miamibeachfl.gov\/wp-content\/uploads\/2022\/07\/hero-small.jpg\" \/>\n<meta name=\"twitter:card\" content=\"summary_large_image\" \/>\n<meta name=\"twitter:site\" content=\"@Miamibeachnews\" \/>\n<script type=\"application\/ld+json\" class=\"yoast-schema-graph\">{\"@context\":\"https:\/\/schema.org\",\"@graph\":[{\"@type\":\"WebPage\",\"@id\":\"https:\/\/www.miamibeachfl.gov\/city-hall\/city-clerk\/election-information\/november-3-2020-general-election\/\",\"url\":\"https:\/\/www.miamibeachfl.gov\/city-hall\/city-clerk\/election-information\/november-3-2020-general-election\/\",\"name\":\"November 3, 2020: General Election - City of Miami Beach\",\"isPartOf\":{\"@id\":\"https:\/\/www.miamibeachfl.gov\/#website\"},\"primaryImageOfPage\":{\"@id\":\"https:\/\/www.miamibeachfl.gov\/city-hall\/city-clerk\/election-information\/november-3-2020-general-election\/#primaryimage\"},\"image\":{\"@id\":\"https:\/\/www.miamibeachfl.gov\/city-hall\/city-clerk\/election-information\/november-3-2020-general-election\/#primaryimage\"},\"thumbnailUrl\":\"https:\/\/www.miamibeachfl.gov\/wp-content\/uploads\/2022\/07\/hero-small.jpg\",\"datePublished\":\"2020-07-30T14:48:24+00:00\",\"dateModified\":\"2025-02-23T19:04:32+00:00\",\"description\":\"%\",\"breadcrumb\":{\"@id\":\"https:\/\/www.miamibeachfl.gov\/city-hall\/city-clerk\/election-information\/november-3-2020-general-election\/#breadcrumb\"},\"inLanguage\":\"de\",\"potentialAction\":[{\"@type\":\"ReadAction\",\"target\":[\"https:\/\/www.miamibeachfl.gov\/city-hall\/city-clerk\/election-information\/november-3-2020-general-election\/\"]}]},{\"@type\":\"ImageObject\",\"inLanguage\":\"de\",\"@id\":\"https:\/\/www.miamibeachfl.gov\/city-hall\/city-clerk\/election-information\/november-3-2020-general-election\/#primaryimage\",\"url\":\"https:\/\/www.miamibeachfl.gov\/wp-content\/uploads\/2022\/07\/hero-small.jpg\",\"contentUrl\":\"https:\/\/www.miamibeachfl.gov\/wp-content\/uploads\/2022\/07\/hero-small.jpg\"},{\"@type\":\"BreadcrumbList\",\"@id\":\"https:\/\/www.miamibeachfl.gov\/city-hall\/city-clerk\/election-information\/november-3-2020-general-election\/#breadcrumb\",\"itemListElement\":[{\"@type\":\"ListItem\",\"position\":1,\"name\":\"Home\",\"item\":\"https:\/\/www.miamibeachfl.gov\/\"},{\"@type\":\"ListItem\",\"position\":2,\"name\":\"City Hall\",\"item\":\"https:\/\/www.miamibeachfl.gov\/city-hall\/\"},{\"@type\":\"ListItem\",\"position\":3,\"name\":\"City Clerk\",\"item\":\"https:\/\/www.miamibeachfl.gov\/city-hall\/city-clerk\/\"},{\"@type\":\"ListItem\",\"position\":4,\"name\":\"Election Information\",\"item\":\"https:\/\/www.miamibeachfl.gov\/city-hall\/city-clerk\/election-information\/\"},{\"@type\":\"ListItem\",\"position\":5,\"name\":\"November 3, 2020: General Election\"}]},{\"@type\":\"WebSite\",\"@id\":\"https:\/\/www.miamibeachfl.gov\/#website\",\"url\":\"https:\/\/www.miamibeachfl.gov\/\",\"name\":\"City of Miami Beach\",\"description\":\"The official website of the City of Miami Beach. Stay informed, find important information on city services, news, alerts, events, trolley routes, government employment and more.\",\"publisher\":{\"@id\":\"https:\/\/www.miamibeachfl.gov\/#organization\"},\"potentialAction\":[{\"@type\":\"SearchAction\",\"target\":{\"@type\":\"EntryPoint\",\"urlTemplate\":\"https:\/\/www.miamibeachfl.gov\/?s={search_term_string}\"},\"query-input\":{\"@type\":\"PropertyValueSpecification\",\"valueRequired\":true,\"valueName\":\"search_term_string\"}}],\"inLanguage\":\"de\"},{\"@type\":\"Organization\",\"@id\":\"https:\/\/www.miamibeachfl.gov\/#organization\",\"name\":\"City of Miami Beach\",\"url\":\"https:\/\/www.miamibeachfl.gov\/\",\"logo\":{\"@type\":\"ImageObject\",\"inLanguage\":\"de\",\"@id\":\"https:\/\/www.miamibeachfl.gov\/#\/schema\/logo\/image\/\",\"url\":\"https:\/\/www.miamibeachfl.gov\/wp-content\/uploads\/2022\/06\/miamibeach-logoblue.png\",\"contentUrl\":\"https:\/\/www.miamibeachfl.gov\/wp-content\/uploads\/2022\/06\/miamibeach-logoblue.png\",\"width\":1962,\"height\":381,\"caption\":\"City of Miami Beach\"},\"image\":{\"@id\":\"https:\/\/www.miamibeachfl.gov\/#\/schema\/logo\/image\/\"},\"sameAs\":[\"https:\/\/www.facebook.com\/cityofmiamibeach\",\"https:\/\/x.com\/Miamibeachnews\",\"https:\/\/www.instagram.com\/miamibeachnews\/\"],\"description\":\"The official website of the City of Miami Beach. Stay informed, find important information on city services, news, alerts, events, trolley routes, government employment and more.\",\"telephone\":\"305.604.CITY(2489)\",\"legalName\":\"City of Miami Beach\"}]}<\/script>\n<!-- \/ Yoast SEO Premium plugin. -->","yoast_head_json":{"title":"3. November 2020: Allgemeine Wahlen \u2013 Stadt Miami Beach","description":"%","robots":{"index":"index","follow":"follow","max-snippet":"max-snippet:-1","max-image-preview":"max-image-preview:large","max-video-preview":"max-video-preview:-1"},"canonical":"https:\/\/www.miamibeachfl.gov\/de\/city-hall\/city-clerk\/election-information\/november-3-2020-general-election\/","og_locale":"de_DE","og_type":"article","og_title":"November 3, 2020: General Election","og_description":"%","og_url":"https:\/\/www.miamibeachfl.gov\/de\/city-hall\/city-clerk\/election-information\/november-3-2020-general-election\/","og_site_name":"City of Miami Beach","article_publisher":"https:\/\/www.facebook.com\/cityofmiamibeach","article_modified_time":"2025-02-23T19:04:32+00:00","og_image":[{"url":"https:\/\/www.miamibeachfl.gov\/wp-content\/uploads\/2022\/07\/hero-small.jpg","type":"","width":"","height":""}],"twitter_card":"summary_large_image","twitter_site":"@Miamibeachnews","schema":{"@context":"https:\/\/schema.org","@graph":[{"@type":"WebPage","@id":"https:\/\/www.miamibeachfl.gov\/city-hall\/city-clerk\/election-information\/november-3-2020-general-election\/","url":"https:\/\/www.miamibeachfl.gov\/city-hall\/city-clerk\/election-information\/november-3-2020-general-election\/","name":"3. November 2020: Allgemeine Wahlen \u2013 Stadt Miami Beach","isPartOf":{"@id":"https:\/\/www.miamibeachfl.gov\/#website"},"primaryImageOfPage":{"@id":"https:\/\/www.miamibeachfl.gov\/city-hall\/city-clerk\/election-information\/november-3-2020-general-election\/#primaryimage"},"image":{"@id":"https:\/\/www.miamibeachfl.gov\/city-hall\/city-clerk\/election-information\/november-3-2020-general-election\/#primaryimage"},"thumbnailUrl":"https:\/\/www.miamibeachfl.gov\/wp-content\/uploads\/2022\/07\/hero-small.jpg","datePublished":"2020-07-30T14:48:24+00:00","dateModified":"2025-02-23T19:04:32+00:00","description":"%","breadcrumb":{"@id":"https:\/\/www.miamibeachfl.gov\/city-hall\/city-clerk\/election-information\/november-3-2020-general-election\/#breadcrumb"},"inLanguage":"de","potentialAction":[{"@type":"ReadAction","target":["https:\/\/www.miamibeachfl.gov\/city-hall\/city-clerk\/election-information\/november-3-2020-general-election\/"]}]},{"@type":"ImageObject","inLanguage":"de","@id":"https:\/\/www.miamibeachfl.gov\/city-hall\/city-clerk\/election-information\/november-3-2020-general-election\/#primaryimage","url":"https:\/\/www.miamibeachfl.gov\/wp-content\/uploads\/2022\/07\/hero-small.jpg","contentUrl":"https:\/\/www.miamibeachfl.gov\/wp-content\/uploads\/2022\/07\/hero-small.jpg"},{"@type":"BreadcrumbList","@id":"https:\/\/www.miamibeachfl.gov\/city-hall\/city-clerk\/election-information\/november-3-2020-general-election\/#breadcrumb","itemListElement":[{"@type":"ListItem","position":1,"name":"Home","item":"https:\/\/www.miamibeachfl.gov\/"},{"@type":"ListItem","position":2,"name":"City Hall","item":"https:\/\/www.miamibeachfl.gov\/city-hall\/"},{"@type":"ListItem","position":3,"name":"City Clerk","item":"https:\/\/www.miamibeachfl.gov\/city-hall\/city-clerk\/"},{"@type":"ListItem","position":4,"name":"Election Information","item":"https:\/\/www.miamibeachfl.gov\/city-hall\/city-clerk\/election-information\/"},{"@type":"ListItem","position":5,"name":"November 3, 2020: General Election"}]},{"@type":"WebSite","@id":"https:\/\/www.miamibeachfl.gov\/#website","url":"https:\/\/www.miamibeachfl.gov\/","name":"Stadt Miami Beach","description":"Die offizielle Website der Stadt Miami Beach. Bleiben Sie informiert und finden Sie wichtige Informationen zu st\u00e4dtischen Dienstleistungen, Neuigkeiten, Warnungen, Veranstaltungen, Stra\u00dfenbahnlinien, Stellenangeboten im \u00f6ffentlichen Dienst und mehr.","publisher":{"@id":"https:\/\/www.miamibeachfl.gov\/#organization"},"potentialAction":[{"@type":"SearchAction","target":{"@type":"EntryPoint","urlTemplate":"https:\/\/www.miamibeachfl.gov\/?s={search_term_string}"},"query-input":{"@type":"PropertyValueSpecification","valueRequired":true,"valueName":"search_term_string"}}],"inLanguage":"de"},{"@type":"Organization","@id":"https:\/\/www.miamibeachfl.gov\/#organization","name":"Stadt Miami Beach","url":"https:\/\/www.miamibeachfl.gov\/","logo":{"@type":"ImageObject","inLanguage":"de","@id":"https:\/\/www.miamibeachfl.gov\/#\/schema\/logo\/image\/","url":"https:\/\/www.miamibeachfl.gov\/wp-content\/uploads\/2022\/06\/miamibeach-logoblue.png","contentUrl":"https:\/\/www.miamibeachfl.gov\/wp-content\/uploads\/2022\/06\/miamibeach-logoblue.png","width":1962,"height":381,"caption":"City of Miami Beach"},"image":{"@id":"https:\/\/www.miamibeachfl.gov\/#\/schema\/logo\/image\/"},"sameAs":["https:\/\/www.facebook.com\/cityofmiamibeach","https:\/\/x.com\/Miamibeachnews","https:\/\/www.instagram.com\/miamibeachnews\/"],"description":"Die offizielle Website der Stadt Miami Beach. Bleiben Sie informiert und finden Sie wichtige Informationen zu st\u00e4dtischen Dienstleistungen, Neuigkeiten, Warnungen, Veranstaltungen, Stra\u00dfenbahnlinien, Stellenangeboten im \u00f6ffentlichen Dienst und mehr.","telephone":"305.604.CITY(2489)","legalName":"City of Miami Beach"}]}},"_links":{"self":[{"href":"https:\/\/www.miamibeachfl.gov\/de\/wp-json\/wp\/v2\/pages\/140310","targetHints":{"allow":["GET"]}}],"collection":[{"href":"https:\/\/www.miamibeachfl.gov\/de\/wp-json\/wp\/v2\/pages"}],"about":[{"href":"https:\/\/www.miamibeachfl.gov\/de\/wp-json\/wp\/v2\/types\/page"}],"author":[{"embeddable":true,"href":"https:\/\/www.miamibeachfl.gov\/de\/wp-json\/wp\/v2\/users\/222"}],"replies":[{"embeddable":true,"href":"https:\/\/www.miamibeachfl.gov\/de\/wp-json\/wp\/v2\/comments?post=140310"}],"version-history":[{"count":0,"href":"https:\/\/www.miamibeachfl.gov\/de\/wp-json\/wp\/v2\/pages\/140310\/revisions"}],"up":[{"embeddable":true,"href":"https:\/\/www.miamibeachfl.gov\/de\/wp-json\/wp\/v2\/pages\/28358"}],"wp:attachment":[{"href":"https:\/\/www.miamibeachfl.gov\/de\/wp-json\/wp\/v2\/media?parent=140310"}],"wp:term":[{"taxonomy":"category","embeddable":true,"href":"https:\/\/www.miamibeachfl.gov\/de\/wp-json\/wp\/v2\/categories?post=140310"},{"taxonomy":"post_tag","embeddable":true,"href":"https:\/\/www.miamibeachfl.gov\/de\/wp-json\/wp\/v2\/tags?post=140310"}],"curies":[{"name":"wp","href":"https:\/\/api.w.org\/{rel}","templated":true}]}}