{"id":140314,"date":"2020-07-30T10:49:55","date_gmt":"2020-07-30T14:49:55","guid":{"rendered":"http:\/\/www.miamibeachfl.gov\/city-hall\/city-clerk\/election-information\/november-3-2020-general-election\/related-resolutions\/"},"modified":"2025-02-23T14:06:02","modified_gmt":"2025-02-23T19:06:02","slug":"related-resolutions","status":"publish","type":"page","link":"https:\/\/www.miamibeachfl.gov\/de\/city-hall\/city-clerk\/election-information\/november-3-2020-general-election\/related-resolutions\/","title":{"rendered":"Zugeh\u00f6rige Aufl\u00f6sungen"},"content":{"rendered":"<img loading=\"lazy\" decoding=\"async\" src=\"https:\/\/www.miamibeachfl.gov\/wp-content\/uploads\/2022\/07\/hero-small.jpg\" alt=\"ocean drive art deco buildings\" itemprop=\"image\" height=\"211\" width=\"2395\" title=\"Held-klein\" onerror=\"this.style.display='none'\"  \/>\n<h1>\n\t\tZugeh\u00f6rige Aufl\u00f6sungen\n\t<\/h1>\n\t<nav id=\"breadcrumbs\" aria-label=\"Paniermehl\"><a href=\"https:\/\/www.miamibeachfl.gov\/de\/\">Heim<\/a> &gt; <a href=\"https:\/\/www.miamibeachfl.gov\/de\/city-hall\/\">Rathaus<\/a> &gt; <a href=\"https:\/\/www.miamibeachfl.gov\/de\/city-hall\/city-clerk\/\">Stadtschreiber<\/a> &gt; <a href=\"https:\/\/www.miamibeachfl.gov\/de\/city-hall\/city-clerk\/election-information\/\">Wahlinformationen<\/a> &gt; <a href=\"https:\/\/www.miamibeachfl.gov\/de\/city-hall\/city-clerk\/election-information\/november-3-2020-general-election\/\">3. November 2020: Parlamentswahlen<\/a> &gt; <strong>Zugeh\u00f6rige Aufl\u00f6sungen<\/strong><\/nav>\n\t<ul>\n<li><a href=\"http:\/\/www.miamibeachfl.gov\/wp-content\/uploads\/2020\/07\/Resolution-2020-31347.pdf\">Resolution 2020-31347<\/a><br \/>\nEine Resolution des B\u00fcrgermeisters und der Stadtkommission der Stadt Miami Beach, Florida, die eine Sonderwahl am 3. November 2020 fordert, um den W\u00e4hlern der Stadt Miami Beach, Florida, eine Abstimmungsfrage vorzulegen, ob die Stadt 0,3 Acres Grundst\u00fcck und Luftrechte \u00fcber 300-390 Alton Road an Marina Park Residential, LLC verkaufen soll, um den 275.000 Quadratfu\u00df gro\u00dfen Wohnbereich des Marina Park-Projekts zu entwickeln, wobei gem\u00e4\u00df Resolution 2020-31344 eine Zahlung von $55.000.000 an die Stadt erforderlich ist, $22.500.000 in neuen VERBESSERUNGEN DER MARINA-ANLAGEN UND ZUS\u00c4TZLICHE \u00d6FFENTLICHE VORTEILE, EINSCHLIESSLICH EINES 1,0 ACRE GROSSEN \u00d6FFENTLICHEN PARKS UND VERBESSERUNGEN DER WIDERSTANDSF\u00c4HIGKEIT SOWIE PROJEKTBESCHR\u00c4NKUNGEN VON 385 FUSS H\u00d6HE UND MAXIMAL 60 WOHNEINHEITEN.<\/li>\n<li><a href=\"http:\/\/www.miamibeachfl.gov\/wp-content\/uploads\/2020\/07\/Resolution-2020-31348.pdf\">Resolution 2020-31348<\/a><br \/>\nEine Resolution des B\u00fcrgermeisters und der Stadtkommission der Stadt Miami Beach, Florida, die eine Sonderwahl am 3. November 2020 fordert, um den W\u00e4hlern der Stadt Miami Beach, Florida, eine Abstimmungsfrage vorzulegen, ob die Stadt ein 3,51 Acre gro\u00dfes Grundst\u00fcck in der Alton Road 300-390 und 38 Acre gro\u00dfes Unterwasserland in der Biscayne Bay s\u00fcdlich der 5th Street f\u00fcr 99 Jahre an MB Marina Park, LLC verpachten soll, wobei gem\u00e4\u00df Resolution 2020-31345 Folgendes gefordert wird: $40.000.000 f\u00fcr neue Verbesserungen f\u00fcr den Yachthafenbetrieb, \u00dcbergabe eines 1,0 Acre gro\u00dfen \u00f6ffentlichen Parks an die Stadt, UND MIETE AN DIE STADT, DER H\u00d6HERE BETR\u00c4GE VON: GARANTIERTE MIETE ($16.400.000 IN DEN ERSTEN ZEHN JAHREN, DANACH ANGEPASST) ODER PROZENTSATZ DER J\u00c4HRLICHEN EINNAHMEN DES MARINAS.<\/li>\n<li><a href=\"http:\/\/www.miamibeachfl.gov\/wp-content\/uploads\/2020\/07\/Resolution-2020-31349.pdf\">Resolution 2020-31349<\/a><br \/>\nEine Resolution des B\u00fcrgermeisters und der Stadtkommission der Stadt Miami Beach, Florida, die eine Sonderwahl am 3. November 2020 vorsieht, um den W\u00e4hlern der Stadt Miami Beach, Florida, eine Abstimmungsfrage vorzulegen, ob, falls die W\u00e4hler dem Verkauf von 0,3 Acres Grundst\u00fcck und Luftrechten an 300-390 Alton Road f\u00fcr den Wohnanteil des Marina Park-Projekts an Marina Park Residential, LLC zustimmen, die Stadtkommission den Verkaufserl\u00f6s von $55.000.000 ausschlie\u00dflich f\u00fcr die folgenden \u00f6ffentlichen Zwecke verwenden soll: Resilienz- und Nachhaltigkeitsinitiativen, BEZAHLBARER WOHNRAUM F\u00dcR ARBEITNEHMER UND LEHRER, PROGRAMME ZUM UNTERST\u00dcTZEN \u00c4LTERER MENSCHEN ODER DIE ERH\u00d6HUNG DER HAUSHALTSRESERVEN DER STADT, DIE DURCH DIE COVID-19-PANDEMIE BEEINFLUSST SIND.<\/li>\n<li><a href=\"http:\/\/www.miamibeachfl.gov\/wp-content\/uploads\/2020\/07\/Resolution-2020-31351.pdf\">Resolution 2020-31351<\/a><br \/>\nEine Resolution des B\u00fcrgermeisters und der Stadtkommission der Stadt Miami Beach, Florida, die zu einer Sonderwahl am 3. November 2020 aufruft, um den W\u00e4hlern der Stadt Miami Beach, Florida, eine Abstimmungsfrage vorzulegen, ob die Stadtkommission eine Verordnung erlassen soll, die den Wiederaufbau der urspr\u00fcnglichen Bodenplatten im Inneren eines historischen Geb\u00e4udes im Rahmen der Restaurierung des Geb\u00e4udes genehmigt.<\/li>\n<li><a href=\"http:\/\/www.miamibeachfl.gov\/wp-content\/uploads\/2020\/07\/Resolution-2020-31352.pdf\">Resolution 2020-31352<\/a><br \/>\nEine Resolution des B\u00fcrgermeisters und der Stadtkommission der Stadt Miami Beach, Florida, die zu einer Sonderwahl am 3. November 2020 aufruft, um den W\u00e4hlern der Stadt Miami Beach, Florida, eine Abstimmungsfrage vorzulegen, ob die Stadtkommission eine Verordnung erlassen soll, mit der die Grundfl\u00e4chenzahl (FAR) f\u00fcr Grundst\u00fccke innerhalb des vorgeschlagenen Wolfsonian Arts District, der sich im Allgemeinen an der nord\u00f6stlichen Ecke der Washington Avenue und der 10. Stra\u00dfe befindet und im Zonengebiet CO-2 liegt, von 1,5 auf maximal 3,25 erh\u00f6ht wird.<\/li>\n<li><a href=\"http:\/\/www.miamibeachfl.gov\/wp-content\/uploads\/2020\/07\/Resolution-2020-31353.pdf\">Resolution 2020-31353<\/a><br \/>\nEine Resolution des B\u00fcrgermeisters und der Stadtkommission der Stadt Miami Beach, Florida, die zu einer Sonderwahl am 3. November 2020 aufruft, um den W\u00e4hlern der Stadt Miami Beach, Florida, eine Abstimmungsfrage vorzulegen, ob die Stadtkommission eine Verordnung erlassen soll, mit der bestimmte festgelegte Bereiche eines Geb\u00e4udes von der Berechnung der \u201eGrundfl\u00e4che\u201c ausgenommen werden.<\/li>\n<li><a href=\"http:\/\/www.miamibeachfl.gov\/wp-content\/uploads\/2020\/09\/Resolution-2020-31382.pdf\">Resolution 2020-31382<\/a><br \/>\nEine Resolution des B\u00fcrgermeisters und der Stadtkommission der Stadt Miami Beach, Florida, zur Anerkennung und Genehmigung der vorzeitigen Stimmabgabe f\u00fcr die Sonderwahl der Stadt Miami Beach am 3. November 2020<\/li>\n<li><a href=\"http:\/\/www.miamibeachfl.gov\/wp-content\/uploads\/2020\/09\/Resolution-2020-31383.pdf\">Resolution 2020-31383<\/a><br \/>\nEine Resolution des B\u00fcrgermeisters und der Stadtkommission der Stadt Miami Beach, Florida, die den Wahlausschuss des Miami-Dade County f\u00fcr die allgemeinen Wahlen am 3. November 2020 autorisiert, als Wahlausschuss f\u00fcr die Sonderwahlen der Stadt Miami Beach zu fungieren, die am 3. November 2020 stattfinden werden.<\/li>\n<li><a href=\"http:\/\/www.miamibeachfl.gov\/wp-content\/uploads\/2020\/10\/Resolution-2020-31384.pdf\">Resolution 2020-31384<\/a><br \/>\nEine Resolution des B\u00fcrgermeisters und der Stadtkommission der Stadt Miami Beach, Florida, zur Genehmigung von Finanzmitteln und Ausgaben in H\u00f6he von h\u00f6chstens $33.000 f\u00fcr den \u00f6ffentlichen Zweck der Information und Aufkl\u00e4rung der W\u00e4hler der Stadt Miami Beach \u00fcber die Wahlfragen bei der Sonderwahl der Stadt am 3. November 2020, die in Verbindung mit der allgemeinen Wahl abgehalten wird, um eine besser informierte Stimmabgabe der W\u00e4hler zu erreichen.<\/li>\n<li><a href=\"http:\/\/www.miamibeachfl.gov\/wp-content\/uploads\/2020\/12\/Resolution-2020-31476.pdf\">Resolution 2020-31476<\/a><br \/>\nEine Resolution des B\u00fcrgermeisters und der Stadtkommission der Stadt Miami Beach, Florida, zur Annahme der Bescheinigung \u00fcber die Ergebnisse der Sonderwahl vom 3. November 2020 f\u00fcr die Stadt Miami Beach und zur Bekanntgabe der Ergebnisse<\/li>\n<li><a href=\"https:\/\/www.miamibeachfl.gov\/de\/city-hall\/city-clerk\/election-information\/november-3-2020-general-election\/related-resolutions\/marina-park-project\/\">Marina Park-Projekt<\/a><\/li>\n<\/ul>\n\t<div class=\"page-navigation\"><a class=\"prev-page\" href=\"https:\/\/www.miamibeachfl.gov\/de\/city-hall\/city-clerk\/election-information\/campaign-finance\/\">\u2190 Gesetze zur Wahlkampffinanzierung<\/a> <a class=\"next-page\" href=\"https:\/\/www.miamibeachfl.gov\/de\/city-hall\/city-clerk\/meetings-and-agendas\/\">Sitzungen und Tagesordnungen der Stadt Miami Beach \u2192<\/a><\/div>","protected":false},"excerpt":{"rendered":"<p>Verwandte Resolutionen Home &gt; Rathaus &gt; Stadtschreiber &gt; Wahlinformationen &gt; 3. November 2020: Parlamentswahlen &gt; Verwandte [\u2026]<\/p>","protected":false},"author":222,"featured_media":0,"parent":140310,"menu_order":92,"comment_status":"closed","ping_status":"closed","template":"page-blank.php","meta":{"_searchwp_excluded":"","site-sidebar-layout":"default","site-content-layout":"","ast-site-content-layout":"default","site-content-style":"default","site-sidebar-style":"default","ast-global-header-display":"","ast-banner-title-visibility":"","ast-main-header-display":"","ast-hfb-above-header-display":"","ast-hfb-below-header-display":"","ast-hfb-mobile-header-display":"","site-post-title":"","ast-breadcrumbs-content":"","ast-featured-img":"","footer-sml-layout":"","theme-transparent-header-meta":"","adv-header-id-meta":"","stick-header-meta":"","header-above-stick-meta":"","header-main-stick-meta":"","header-below-stick-meta":"","astra-migrate-meta-layouts":"default","ast-page-background-enabled":"default","ast-page-background-meta":{"desktop":{"background-color":"var(--ast-global-color-5)","background-image":"","background-repeat":"repeat","background-position":"center center","background-size":"auto","background-attachment":"scroll","background-type":"","background-media":"","overlay-type":"","overlay-color":"","overlay-opacity":"","overlay-gradient":""},"tablet":{"background-color":"","background-image":"","background-repeat":"repeat","background-position":"center center","background-size":"auto","background-attachment":"scroll","background-type":"","background-media":"","overlay-type":"","overlay-color":"","overlay-opacity":"","overlay-gradient":""},"mobile":{"background-color":"","background-image":"","background-repeat":"repeat","background-position":"center center","background-size":"auto","background-attachment":"scroll","background-type":"","background-media":"","overlay-type":"","overlay-color":"","overlay-opacity":"","overlay-gradient":""}},"ast-content-background-meta":{"desktop":{"background-color":"var(--ast-global-color-4)","background-image":"","background-repeat":"repeat","background-position":"center center","background-size":"auto","background-attachment":"scroll","background-type":"","background-media":"","overlay-type":"","overlay-color":"","overlay-opacity":"","overlay-gradient":""},"tablet":{"background-color":"var(--ast-global-color-4)","background-image":"","background-repeat":"repeat","background-position":"center center","background-size":"auto","background-attachment":"scroll","background-type":"","background-media":"","overlay-type":"","overlay-color":"","overlay-opacity":"","overlay-gradient":""},"mobile":{"background-color":"var(--ast-global-color-4)","background-image":"","background-repeat":"repeat","background-position":"center center","background-size":"auto","background-attachment":"scroll","background-type":"","background-media":"","overlay-type":"","overlay-color":"","overlay-opacity":"","overlay-gradient":""}},"footnotes":""},"categories":[],"tags":[],"class_list":["post-140314","page","type-page","status-publish","hentry"],"yoast_head":"<!-- This site is optimized with the Yoast SEO Premium plugin v26.6 (Yoast SEO v26.6) - https:\/\/yoast.com\/wordpress\/plugins\/seo\/ -->\n<title>Related Resolutions - City of Miami Beach<\/title>\n<meta name=\"description\" content=\"%\" \/>\n<meta name=\"robots\" content=\"index, follow, max-snippet:-1, max-image-preview:large, max-video-preview:-1\" \/>\n<link rel=\"canonical\" href=\"https:\/\/www.miamibeachfl.gov\/de\/city-hall\/city-clerk\/election-information\/november-3-2020-general-election\/related-resolutions\/\" \/>\n<meta property=\"og:locale\" content=\"de_DE\" \/>\n<meta property=\"og:type\" content=\"article\" \/>\n<meta property=\"og:title\" content=\"Related Resolutions\" \/>\n<meta property=\"og:description\" content=\"%\" \/>\n<meta property=\"og:url\" content=\"https:\/\/www.miamibeachfl.gov\/de\/city-hall\/city-clerk\/election-information\/november-3-2020-general-election\/related-resolutions\/\" \/>\n<meta property=\"og:site_name\" content=\"City of Miami Beach\" \/>\n<meta property=\"article:publisher\" content=\"https:\/\/www.facebook.com\/cityofmiamibeach\" \/>\n<meta property=\"article:modified_time\" content=\"2025-02-23T19:06:02+00:00\" \/>\n<meta property=\"og:image\" content=\"https:\/\/www.miamibeachfl.gov\/wp-content\/uploads\/2022\/07\/hero-small.jpg\" \/>\n<meta name=\"twitter:card\" content=\"summary_large_image\" \/>\n<meta name=\"twitter:site\" content=\"@Miamibeachnews\" \/>\n<script type=\"application\/ld+json\" class=\"yoast-schema-graph\">{\"@context\":\"https:\/\/schema.org\",\"@graph\":[{\"@type\":\"WebPage\",\"@id\":\"https:\/\/www.miamibeachfl.gov\/city-hall\/city-clerk\/election-information\/november-3-2020-general-election\/related-resolutions\/\",\"url\":\"https:\/\/www.miamibeachfl.gov\/city-hall\/city-clerk\/election-information\/november-3-2020-general-election\/related-resolutions\/\",\"name\":\"Related Resolutions - City of Miami Beach\",\"isPartOf\":{\"@id\":\"https:\/\/www.miamibeachfl.gov\/#website\"},\"primaryImageOfPage\":{\"@id\":\"https:\/\/www.miamibeachfl.gov\/city-hall\/city-clerk\/election-information\/november-3-2020-general-election\/related-resolutions\/#primaryimage\"},\"image\":{\"@id\":\"https:\/\/www.miamibeachfl.gov\/city-hall\/city-clerk\/election-information\/november-3-2020-general-election\/related-resolutions\/#primaryimage\"},\"thumbnailUrl\":\"https:\/\/www.miamibeachfl.gov\/wp-content\/uploads\/2022\/07\/hero-small.jpg\",\"datePublished\":\"2020-07-30T14:49:55+00:00\",\"dateModified\":\"2025-02-23T19:06:02+00:00\",\"description\":\"%\",\"breadcrumb\":{\"@id\":\"https:\/\/www.miamibeachfl.gov\/city-hall\/city-clerk\/election-information\/november-3-2020-general-election\/related-resolutions\/#breadcrumb\"},\"inLanguage\":\"de\",\"potentialAction\":[{\"@type\":\"ReadAction\",\"target\":[\"https:\/\/www.miamibeachfl.gov\/city-hall\/city-clerk\/election-information\/november-3-2020-general-election\/related-resolutions\/\"]}]},{\"@type\":\"ImageObject\",\"inLanguage\":\"de\",\"@id\":\"https:\/\/www.miamibeachfl.gov\/city-hall\/city-clerk\/election-information\/november-3-2020-general-election\/related-resolutions\/#primaryimage\",\"url\":\"https:\/\/www.miamibeachfl.gov\/wp-content\/uploads\/2022\/07\/hero-small.jpg\",\"contentUrl\":\"https:\/\/www.miamibeachfl.gov\/wp-content\/uploads\/2022\/07\/hero-small.jpg\"},{\"@type\":\"BreadcrumbList\",\"@id\":\"https:\/\/www.miamibeachfl.gov\/city-hall\/city-clerk\/election-information\/november-3-2020-general-election\/related-resolutions\/#breadcrumb\",\"itemListElement\":[{\"@type\":\"ListItem\",\"position\":1,\"name\":\"Home\",\"item\":\"https:\/\/www.miamibeachfl.gov\/\"},{\"@type\":\"ListItem\",\"position\":2,\"name\":\"City Hall\",\"item\":\"https:\/\/www.miamibeachfl.gov\/city-hall\/\"},{\"@type\":\"ListItem\",\"position\":3,\"name\":\"City Clerk\",\"item\":\"https:\/\/www.miamibeachfl.gov\/city-hall\/city-clerk\/\"},{\"@type\":\"ListItem\",\"position\":4,\"name\":\"Election Information\",\"item\":\"https:\/\/www.miamibeachfl.gov\/city-hall\/city-clerk\/election-information\/\"},{\"@type\":\"ListItem\",\"position\":5,\"name\":\"November 3, 2020: General Election\",\"item\":\"https:\/\/www.miamibeachfl.gov\/city-hall\/city-clerk\/election-information\/november-3-2020-general-election\/\"},{\"@type\":\"ListItem\",\"position\":6,\"name\":\"Related Resolutions\"}]},{\"@type\":\"WebSite\",\"@id\":\"https:\/\/www.miamibeachfl.gov\/#website\",\"url\":\"https:\/\/www.miamibeachfl.gov\/\",\"name\":\"City of Miami Beach\",\"description\":\"The official website of the City of Miami Beach. Stay informed, find important information on city services, news, alerts, events, trolley routes, government employment and more.\",\"publisher\":{\"@id\":\"https:\/\/www.miamibeachfl.gov\/#organization\"},\"potentialAction\":[{\"@type\":\"SearchAction\",\"target\":{\"@type\":\"EntryPoint\",\"urlTemplate\":\"https:\/\/www.miamibeachfl.gov\/?s={search_term_string}\"},\"query-input\":{\"@type\":\"PropertyValueSpecification\",\"valueRequired\":true,\"valueName\":\"search_term_string\"}}],\"inLanguage\":\"de\"},{\"@type\":\"Organization\",\"@id\":\"https:\/\/www.miamibeachfl.gov\/#organization\",\"name\":\"City of Miami Beach\",\"url\":\"https:\/\/www.miamibeachfl.gov\/\",\"logo\":{\"@type\":\"ImageObject\",\"inLanguage\":\"de\",\"@id\":\"https:\/\/www.miamibeachfl.gov\/#\/schema\/logo\/image\/\",\"url\":\"https:\/\/www.miamibeachfl.gov\/wp-content\/uploads\/2022\/06\/miamibeach-logoblue.png\",\"contentUrl\":\"https:\/\/www.miamibeachfl.gov\/wp-content\/uploads\/2022\/06\/miamibeach-logoblue.png\",\"width\":1962,\"height\":381,\"caption\":\"City of Miami Beach\"},\"image\":{\"@id\":\"https:\/\/www.miamibeachfl.gov\/#\/schema\/logo\/image\/\"},\"sameAs\":[\"https:\/\/www.facebook.com\/cityofmiamibeach\",\"https:\/\/x.com\/Miamibeachnews\",\"https:\/\/www.instagram.com\/miamibeachnews\/\"],\"description\":\"The official website of the City of Miami Beach. Stay informed, find important information on city services, news, alerts, events, trolley routes, government employment and more.\",\"telephone\":\"305.604.CITY(2489)\",\"legalName\":\"City of Miami Beach\"}]}<\/script>\n<!-- \/ Yoast SEO Premium plugin. -->","yoast_head_json":{"title":"Zugeh\u00f6rige Resolutionen - Stadt Miami Beach","description":"%","robots":{"index":"index","follow":"follow","max-snippet":"max-snippet:-1","max-image-preview":"max-image-preview:large","max-video-preview":"max-video-preview:-1"},"canonical":"https:\/\/www.miamibeachfl.gov\/de\/city-hall\/city-clerk\/election-information\/november-3-2020-general-election\/related-resolutions\/","og_locale":"de_DE","og_type":"article","og_title":"Related Resolutions","og_description":"%","og_url":"https:\/\/www.miamibeachfl.gov\/de\/city-hall\/city-clerk\/election-information\/november-3-2020-general-election\/related-resolutions\/","og_site_name":"City of Miami Beach","article_publisher":"https:\/\/www.facebook.com\/cityofmiamibeach","article_modified_time":"2025-02-23T19:06:02+00:00","og_image":[{"url":"https:\/\/www.miamibeachfl.gov\/wp-content\/uploads\/2022\/07\/hero-small.jpg","type":"","width":"","height":""}],"twitter_card":"summary_large_image","twitter_site":"@Miamibeachnews","schema":{"@context":"https:\/\/schema.org","@graph":[{"@type":"WebPage","@id":"https:\/\/www.miamibeachfl.gov\/city-hall\/city-clerk\/election-information\/november-3-2020-general-election\/related-resolutions\/","url":"https:\/\/www.miamibeachfl.gov\/city-hall\/city-clerk\/election-information\/november-3-2020-general-election\/related-resolutions\/","name":"Zugeh\u00f6rige Resolutionen - Stadt Miami Beach","isPartOf":{"@id":"https:\/\/www.miamibeachfl.gov\/#website"},"primaryImageOfPage":{"@id":"https:\/\/www.miamibeachfl.gov\/city-hall\/city-clerk\/election-information\/november-3-2020-general-election\/related-resolutions\/#primaryimage"},"image":{"@id":"https:\/\/www.miamibeachfl.gov\/city-hall\/city-clerk\/election-information\/november-3-2020-general-election\/related-resolutions\/#primaryimage"},"thumbnailUrl":"https:\/\/www.miamibeachfl.gov\/wp-content\/uploads\/2022\/07\/hero-small.jpg","datePublished":"2020-07-30T14:49:55+00:00","dateModified":"2025-02-23T19:06:02+00:00","description":"%","breadcrumb":{"@id":"https:\/\/www.miamibeachfl.gov\/city-hall\/city-clerk\/election-information\/november-3-2020-general-election\/related-resolutions\/#breadcrumb"},"inLanguage":"de","potentialAction":[{"@type":"ReadAction","target":["https:\/\/www.miamibeachfl.gov\/city-hall\/city-clerk\/election-information\/november-3-2020-general-election\/related-resolutions\/"]}]},{"@type":"ImageObject","inLanguage":"de","@id":"https:\/\/www.miamibeachfl.gov\/city-hall\/city-clerk\/election-information\/november-3-2020-general-election\/related-resolutions\/#primaryimage","url":"https:\/\/www.miamibeachfl.gov\/wp-content\/uploads\/2022\/07\/hero-small.jpg","contentUrl":"https:\/\/www.miamibeachfl.gov\/wp-content\/uploads\/2022\/07\/hero-small.jpg"},{"@type":"BreadcrumbList","@id":"https:\/\/www.miamibeachfl.gov\/city-hall\/city-clerk\/election-information\/november-3-2020-general-election\/related-resolutions\/#breadcrumb","itemListElement":[{"@type":"ListItem","position":1,"name":"Home","item":"https:\/\/www.miamibeachfl.gov\/"},{"@type":"ListItem","position":2,"name":"City Hall","item":"https:\/\/www.miamibeachfl.gov\/city-hall\/"},{"@type":"ListItem","position":3,"name":"City Clerk","item":"https:\/\/www.miamibeachfl.gov\/city-hall\/city-clerk\/"},{"@type":"ListItem","position":4,"name":"Election Information","item":"https:\/\/www.miamibeachfl.gov\/city-hall\/city-clerk\/election-information\/"},{"@type":"ListItem","position":5,"name":"November 3, 2020: General Election","item":"https:\/\/www.miamibeachfl.gov\/city-hall\/city-clerk\/election-information\/november-3-2020-general-election\/"},{"@type":"ListItem","position":6,"name":"Related Resolutions"}]},{"@type":"WebSite","@id":"https:\/\/www.miamibeachfl.gov\/#website","url":"https:\/\/www.miamibeachfl.gov\/","name":"Stadt Miami Beach","description":"Die offizielle Website der Stadt Miami Beach. Bleiben Sie informiert und finden Sie wichtige Informationen zu st\u00e4dtischen Dienstleistungen, Neuigkeiten, Warnungen, Veranstaltungen, Stra\u00dfenbahnlinien, Stellenangeboten im \u00f6ffentlichen Dienst und mehr.","publisher":{"@id":"https:\/\/www.miamibeachfl.gov\/#organization"},"potentialAction":[{"@type":"SearchAction","target":{"@type":"EntryPoint","urlTemplate":"https:\/\/www.miamibeachfl.gov\/?s={search_term_string}"},"query-input":{"@type":"PropertyValueSpecification","valueRequired":true,"valueName":"search_term_string"}}],"inLanguage":"de"},{"@type":"Organization","@id":"https:\/\/www.miamibeachfl.gov\/#organization","name":"Stadt Miami Beach","url":"https:\/\/www.miamibeachfl.gov\/","logo":{"@type":"ImageObject","inLanguage":"de","@id":"https:\/\/www.miamibeachfl.gov\/#\/schema\/logo\/image\/","url":"https:\/\/www.miamibeachfl.gov\/wp-content\/uploads\/2022\/06\/miamibeach-logoblue.png","contentUrl":"https:\/\/www.miamibeachfl.gov\/wp-content\/uploads\/2022\/06\/miamibeach-logoblue.png","width":1962,"height":381,"caption":"City of Miami Beach"},"image":{"@id":"https:\/\/www.miamibeachfl.gov\/#\/schema\/logo\/image\/"},"sameAs":["https:\/\/www.facebook.com\/cityofmiamibeach","https:\/\/x.com\/Miamibeachnews","https:\/\/www.instagram.com\/miamibeachnews\/"],"description":"Die offizielle Website der Stadt Miami Beach. Bleiben Sie informiert und finden Sie wichtige Informationen zu st\u00e4dtischen Dienstleistungen, Neuigkeiten, Warnungen, Veranstaltungen, Stra\u00dfenbahnlinien, Stellenangeboten im \u00f6ffentlichen Dienst und mehr.","telephone":"305.604.CITY(2489)","legalName":"City of Miami Beach"}]}},"_links":{"self":[{"href":"https:\/\/www.miamibeachfl.gov\/de\/wp-json\/wp\/v2\/pages\/140314","targetHints":{"allow":["GET"]}}],"collection":[{"href":"https:\/\/www.miamibeachfl.gov\/de\/wp-json\/wp\/v2\/pages"}],"about":[{"href":"https:\/\/www.miamibeachfl.gov\/de\/wp-json\/wp\/v2\/types\/page"}],"author":[{"embeddable":true,"href":"https:\/\/www.miamibeachfl.gov\/de\/wp-json\/wp\/v2\/users\/222"}],"replies":[{"embeddable":true,"href":"https:\/\/www.miamibeachfl.gov\/de\/wp-json\/wp\/v2\/comments?post=140314"}],"version-history":[{"count":0,"href":"https:\/\/www.miamibeachfl.gov\/de\/wp-json\/wp\/v2\/pages\/140314\/revisions"}],"up":[{"embeddable":true,"href":"https:\/\/www.miamibeachfl.gov\/de\/wp-json\/wp\/v2\/pages\/140310"}],"wp:attachment":[{"href":"https:\/\/www.miamibeachfl.gov\/de\/wp-json\/wp\/v2\/media?parent=140314"}],"wp:term":[{"taxonomy":"category","embeddable":true,"href":"https:\/\/www.miamibeachfl.gov\/de\/wp-json\/wp\/v2\/categories?post=140314"},{"taxonomy":"post_tag","embeddable":true,"href":"https:\/\/www.miamibeachfl.gov\/de\/wp-json\/wp\/v2\/tags?post=140314"}],"curies":[{"name":"wp","href":"https:\/\/api.w.org\/{rel}","templated":true}]}}