{"id":147572,"date":"2021-01-08T15:04:40","date_gmt":"2021-01-08T20:04:40","guid":{"rendered":"http:\/\/www.miamibeachfl.gov\/residents\/neighborhood-associations\/neighborhood-affairs-division\/active-projects\/other\/tatum-waterway-study\/"},"modified":"2026-04-23T10:25:00","modified_gmt":"2026-04-23T14:25:00","slug":"tatum-waterway-study","status":"publish","type":"page","link":"https:\/\/www.miamibeachfl.gov\/de\/residents\/neighborhood-affairs-division\/active-projects\/other\/tatum-waterway-study\/","title":{"rendered":"Tatum-Wasserwegstudie"},"content":{"rendered":"<p> Projekt abgeschlossen<\/p>\n<header id=\"widget_202_1615_1551\">\n<h3>Projektphase \u2013 Bau<\/h3>\n<\/header>\n<p><strong>Projektgrenzen<\/strong><\/p>\n<p>Die 42. Stra\u00dfe ist eine zweispurige Einbahnstra\u00dfe zwischen Pine Tree Drive und Prairie Avenue. Im August 2015 schloss die Stadt eine Studie ab, um den Abschnitt zwischen Sheridan Avenue und Pine Tree Drive in zweispurige Stra\u00dfen umzuwandeln. Diese Umgestaltung erm\u00f6glicht es Autofahrern, die zum J\u00fcdischen Gemeindezentrum m\u00f6chten, bequem \u00fcber die Sheridan Avenue und die 42. Stra\u00dfe zu gelangen. Dar\u00fcber hinaus erh\u00f6ht diese Verbesserung die Sicherheit an der Kreuzung von Pine Tree Drive und 42. Stra\u00dfe durch die Einrichtung von Fu\u00dfg\u00e4nger\u00fcberwegen mit Ampelsystem. Um diese Umgestaltung umzusetzen, m\u00fcssen die Ampeln an der Kreuzung von Pine Tree Drive und 42. Stra\u00dfe f\u00fcr den Verkehr in \u00f6stlicher Richtung umger\u00fcstet werden. Diese Studie wurde vom Verkehrs- und Bauamt des Miami-Dade County genehmigt.<\/p>\n<p><strong>Projektzeitplan<\/strong><\/p>\nStartdatum: Januar 2019<br \/>\nVoraussichtlicher Fertigstellungstermin: Mai 2018\n<p><strong>\u00a0Arbeitsumfang\u00a0<\/strong><\/p>\n<p><em>Stra\u00dfenverbesserungen<\/em>:<\/p>\n<ul>\n<li>Kompletter Wiederaufbau aller Asphaltbel\u00e4ge innerhalb der Projektgrenzen<\/li>\n<li>Umgestaltung der 42. Stra\u00dfe von einer Einbahnstra\u00dfe zu einer Zweibahnstra\u00dfe.<\/li>\n<\/ul>\n\t\t\t\t\t<a role=\"heading\" aria-level=\"2\" tabindex=\"-1\"  id=\"fl-accordion--label-0\">Projekt-Updates<\/a>\n\t\t\t\t\t\t\t\t\t\t\t<button type=\"button\" id=\"fl-accordion--icon-0\" aria-expanded=\"false\" aria-controls=\"fl-accordion--panel-0\"><i>Expandieren<\/i><\/button>\n\t\t\t\t\t<p>Projektaktualisierungen finden Sie weiter unten.<\/p>\n<p><strong><a href=\"http:\/\/campaign.r20.constantcontact.com\/render?ca=b95a3ca4-1ec2-4bc6-bac1-52f877248b24&amp;preview=true&amp;m=1011085968389&amp;id=preview\">Washington Ave Update 31.07.<\/a><\/strong><\/p>\n<p><a href=\"https:\/\/youtu.be\/aVFJLuf86OA\"><strong>Zoom-Aufzeichnung der \u00f6ffentlichen Sitzung zur Harmonisierung der West Avenue Phase II \u2013 20. Mai 2020<\/strong><\/a><\/p>\n<p><strong><a href=\"http:\/\/www.miamibeachfl.gov\/wp-content\/uploads\/2020\/05\/FINAL-West-Ave-Ph2-drainage_harmon_Presentation-052020_WEB.pdf\">Pr\u00e4sentation der \u00f6ffentlichen Versammlung zur Harmonisierung von Phase II der West Avenue \u2013 20. Mai 2020<\/a><\/strong><\/p>\n<p><strong><a href=\"https:\/\/conta.cc\/2T8kkBQ\">Webinar zur \u00f6ffentlichen Harmonisierung von Phase II der West Avenue \u2013 E-Mail-Benachrichtigung<\/a><\/strong><\/p>\n<p><strong><a href=\"http:\/\/www.miamibeachfl.gov\/wp-content\/uploads\/2020\/06\/B2._Discussion_Regarding_Siting_Of_The_Stormwater_Pump_Station_And_Above_Ground_Components_For_The_West_Avenue_Neighborhood_Project._CIP-1.pdf\">Memorandum des Ausschusses f\u00fcr Landnutzung und Nachhaltigkeit der West Avenue Phase II \u2013 6. Mai 2020<\/a><\/strong><\/p>\n<p><a href=\"http:\/\/www.miamibeachfl.gov\/wp-content\/uploads\/2020\/06\/West-Avenue-Ph2-FAQ-text_06302020.pdf\"><strong>West Avenue Phase II \u2013 H\u00e4ufig gestellte Fragen (FAQs)<\/strong><\/a><\/p>\n<p><a href=\"http:\/\/www.miamibeachfl.gov\/wp-content\/uploads\/2020\/05\/West-Avenue-Ph-2-Project-Charter-FINAL.pdf\"><strong>West Avenue Phase II Projektcharta<\/strong><\/a><\/p>\n<p><a href=\"http:\/\/www.miamibeachfl.gov\/wp-content\/uploads\/2020\/06\/West-Ave-Ph-2-RISE-PLAN_052620_FINAL.pdf\"><strong>West Avenue Phase II RISE-Leitfaden<\/strong><\/a><\/p>\n<p><strong><a href=\"https:\/\/files.constantcontact.com\/9509dbbc401\/adb5b5d4-4fb5-47c4-877c-c692237227a9.pdf\">West Avenue Projekt-Update \u2013 19. November 2019<\/a><\/strong><\/p>\n\t\t\t\t\t<a role=\"heading\" aria-level=\"2\" tabindex=\"-1\"  id=\"fl-accordion--label-1\">Projektbilder<\/a>\n\t\t\t\t\t\t\t\t\t\t\t<button type=\"button\" id=\"fl-accordion--icon-1\" aria-expanded=\"false\" aria-controls=\"fl-accordion--panel-1\"><i>Expandieren<\/i><\/button>\n\t<h3><strong>Senior Capital Improvement-Projekt<\/strong><\/h3>\n<h4>David Gomez<\/h4>\n<h3><strong>Kapitalverbesserungsprojekt<\/strong><\/h3>\n<h4>Steven Smith<\/h4>\n\t<h3><strong>Koordinator f\u00fcr Nachbarschaftsangelegenheiten<\/strong><\/h3>\n<h4>John Smith<br \/>\n123.456.7890<br \/>\n<a href=\"http:\/\/google.com\">JohnSmith@MiamiBeachFl.gov<\/a><\/h4>\n\t<h3><strong>Auftragnehmer<\/strong><\/h3>\n<h4>Big Dawg Construction aus Florida<\/h4>\n\t<h3><strong>Standort<\/strong><\/h3>\n\t<iframe src=\"https:\/\/www.google.com\/maps\/embed\/v1\/place?q=W+42+Street+Miami+Beach&#038;key=AIzaSyD09zQ9PNDNNy9TadMuzRV_UsPUoWKntt8\" aria-hidden=\"true\"><\/iframe>","protected":false},"excerpt":{"rendered":"<p>Project Completed Project Phase &#8211; Construction Project Limits 42 Street is a one-way two lane corridor between Pine Tree Drive [&hellip;]<\/p>\n","protected":false},"author":222,"featured_media":394896,"parent":28467,"menu_order":69,"comment_status":"closed","ping_status":"closed","template":"","meta":{"_searchwp_excluded":"","site-sidebar-layout":"default","site-content-layout":"","ast-site-content-layout":"default","site-content-style":"default","site-sidebar-style":"default","ast-global-header-display":"","ast-banner-title-visibility":"","ast-main-header-display":"","ast-hfb-above-header-display":"","ast-hfb-below-header-display":"","ast-hfb-mobile-header-display":"","site-post-title":"","ast-breadcrumbs-content":"","ast-featured-img":"","footer-sml-layout":"","theme-transparent-header-meta":"","adv-header-id-meta":"","stick-header-meta":"","header-above-stick-meta":"","header-main-stick-meta":"","header-below-stick-meta":"","astra-migrate-meta-layouts":"default","ast-page-background-enabled":"default","ast-page-background-meta":{"desktop":{"background-color":"var(--ast-global-color-5)","background-image":"","background-repeat":"repeat","background-position":"center center","background-size":"auto","background-attachment":"scroll","background-type":"","background-media":"","overlay-type":"","overlay-color":"","overlay-opacity":"","overlay-gradient":""},"tablet":{"background-color":"","background-image":"","background-repeat":"repeat","background-position":"center center","background-size":"auto","background-attachment":"scroll","background-type":"","background-media":"","overlay-type":"","overlay-color":"","overlay-opacity":"","overlay-gradient":""},"mobile":{"background-color":"","background-image":"","background-repeat":"repeat","background-position":"center center","background-size":"auto","background-attachment":"scroll","background-type":"","background-media":"","overlay-type":"","overlay-color":"","overlay-opacity":"","overlay-gradient":""}},"ast-content-background-meta":{"desktop":{"background-color":"var(--ast-global-color-4)","background-image":"","background-repeat":"repeat","background-position":"center center","background-size":"auto","background-attachment":"scroll","background-type":"","background-media":"","overlay-type":"","overlay-color":"","overlay-opacity":"","overlay-gradient":""},"tablet":{"background-color":"var(--ast-global-color-4)","background-image":"","background-repeat":"repeat","background-position":"center center","background-size":"auto","background-attachment":"scroll","background-type":"","background-media":"","overlay-type":"","overlay-color":"","overlay-opacity":"","overlay-gradient":""},"mobile":{"background-color":"var(--ast-global-color-4)","background-image":"","background-repeat":"repeat","background-position":"center center","background-size":"auto","background-attachment":"scroll","background-type":"","background-media":"","overlay-type":"","overlay-color":"","overlay-opacity":"","overlay-gradient":""}},"footnotes":""},"categories":[1888],"tags":[],"class_list":["post-147572","page","type-page","status-publish","has-post-thumbnail","hentry","category-completed-projects"],"yoast_head":"<!-- This site is optimized with the Yoast SEO Premium plugin v27.4 (Yoast SEO v27.4) - https:\/\/yoast.com\/product\/yoast-seo-premium-wordpress\/ -->\n<title>Tatum Waterway Study - City of Miami Beach<\/title>\n<meta name=\"description\" content=\"Learn about the improvements from the Tatum Waterway Study, enhancing access and safety for drivers and pedestrians alike.\" \/>\n<meta name=\"robots\" content=\"index, follow, max-snippet:-1, max-image-preview:large, max-video-preview:-1\" \/>\n<link rel=\"canonical\" href=\"https:\/\/www.miamibeachfl.gov\/de\/residents\/neighborhood-affairs-division\/active-projects\/other\/tatum-waterway-study\/\" \/>\n<meta property=\"og:locale\" content=\"de_DE\" \/>\n<meta property=\"og:type\" content=\"article\" \/>\n<meta property=\"og:title\" content=\"Tatum Waterway Study\" \/>\n<meta property=\"og:description\" content=\"Learn about the improvements from the Tatum Waterway Study, enhancing access and safety for drivers and pedestrians alike.\" \/>\n<meta property=\"og:url\" content=\"https:\/\/www.miamibeachfl.gov\/de\/residents\/neighborhood-affairs-division\/active-projects\/other\/tatum-waterway-study\/\" \/>\n<meta property=\"og:site_name\" content=\"City of Miami Beach\" \/>\n<meta property=\"article:publisher\" content=\"https:\/\/www.facebook.com\/cityofmiamibeach\" \/>\n<meta property=\"article:modified_time\" content=\"2026-04-23T14:25:00+00:00\" \/>\n<meta property=\"og:image\" content=\"https:\/\/www.miamibeachfl.gov\/wp-content\/uploads\/2026\/01\/2B991BF2-05CB-4473-8293-98E7B4125889.jpeg\" \/>\n\t<meta property=\"og:image:width\" content=\"450\" \/>\n\t<meta property=\"og:image:height\" content=\"600\" \/>\n\t<meta property=\"og:image:type\" content=\"image\/jpeg\" \/>\n<meta name=\"twitter:card\" content=\"summary_large_image\" \/>\n<meta name=\"twitter:site\" content=\"@Miamibeachnews\" \/>\n<script type=\"application\/ld+json\" class=\"yoast-schema-graph\">{\"@context\":\"https:\\\/\\\/schema.org\",\"@graph\":[{\"@type\":\"WebPage\",\"@id\":\"https:\\\/\\\/www.miamibeachfl.gov\\\/residents\\\/neighborhood-affairs-division\\\/active-projects\\\/other\\\/tatum-waterway-study\\\/\",\"url\":\"https:\\\/\\\/www.miamibeachfl.gov\\\/residents\\\/neighborhood-affairs-division\\\/active-projects\\\/other\\\/tatum-waterway-study\\\/\",\"name\":\"Tatum Waterway Study - City of Miami Beach\",\"isPartOf\":{\"@id\":\"https:\\\/\\\/www.miamibeachfl.gov\\\/#website\"},\"primaryImageOfPage\":{\"@id\":\"https:\\\/\\\/www.miamibeachfl.gov\\\/residents\\\/neighborhood-affairs-division\\\/active-projects\\\/other\\\/tatum-waterway-study\\\/#primaryimage\"},\"image\":{\"@id\":\"https:\\\/\\\/www.miamibeachfl.gov\\\/residents\\\/neighborhood-affairs-division\\\/active-projects\\\/other\\\/tatum-waterway-study\\\/#primaryimage\"},\"thumbnailUrl\":\"https:\\\/\\\/www.miamibeachfl.gov\\\/wp-content\\\/uploads\\\/2026\\\/01\\\/2B991BF2-05CB-4473-8293-98E7B4125889.jpeg\",\"datePublished\":\"2021-01-08T20:04:40+00:00\",\"dateModified\":\"2026-04-23T14:25:00+00:00\",\"description\":\"Learn about the improvements from the Tatum Waterway Study, enhancing access and safety for drivers and pedestrians alike.\",\"breadcrumb\":{\"@id\":\"https:\\\/\\\/www.miamibeachfl.gov\\\/residents\\\/neighborhood-affairs-division\\\/active-projects\\\/other\\\/tatum-waterway-study\\\/#breadcrumb\"},\"inLanguage\":\"de\",\"potentialAction\":[{\"@type\":\"ReadAction\",\"target\":[\"https:\\\/\\\/www.miamibeachfl.gov\\\/residents\\\/neighborhood-affairs-division\\\/active-projects\\\/other\\\/tatum-waterway-study\\\/\"]}]},{\"@type\":\"ImageObject\",\"inLanguage\":\"de\",\"@id\":\"https:\\\/\\\/www.miamibeachfl.gov\\\/residents\\\/neighborhood-affairs-division\\\/active-projects\\\/other\\\/tatum-waterway-study\\\/#primaryimage\",\"url\":\"https:\\\/\\\/www.miamibeachfl.gov\\\/wp-content\\\/uploads\\\/2026\\\/01\\\/2B991BF2-05CB-4473-8293-98E7B4125889.jpeg\",\"contentUrl\":\"https:\\\/\\\/www.miamibeachfl.gov\\\/wp-content\\\/uploads\\\/2026\\\/01\\\/2B991BF2-05CB-4473-8293-98E7B4125889.jpeg\",\"width\":450,\"height\":600,\"caption\":\"Tatum Park\"},{\"@type\":\"BreadcrumbList\",\"@id\":\"https:\\\/\\\/www.miamibeachfl.gov\\\/residents\\\/neighborhood-affairs-division\\\/active-projects\\\/other\\\/tatum-waterway-study\\\/#breadcrumb\",\"itemListElement\":[{\"@type\":\"ListItem\",\"position\":1,\"name\":\"Home\",\"item\":\"https:\\\/\\\/www.miamibeachfl.gov\\\/\"},{\"@type\":\"ListItem\",\"position\":2,\"name\":\"Residents\",\"item\":\"https:\\\/\\\/www.miamibeachfl.gov\\\/residents\\\/\"},{\"@type\":\"ListItem\",\"position\":3,\"name\":\"Neighborhood Affairs Division\",\"item\":\"https:\\\/\\\/www.miamibeachfl.gov\\\/residents\\\/neighborhood-affairs-division\\\/\"},{\"@type\":\"ListItem\",\"position\":4,\"name\":\"Active Projects\",\"item\":\"https:\\\/\\\/www.miamibeachfl.gov\\\/residents\\\/neighborhood-affairs-division\\\/active-projects\\\/\"},{\"@type\":\"ListItem\",\"position\":5,\"name\":\"Other\",\"item\":\"https:\\\/\\\/www.miamibeachfl.gov\\\/residents\\\/neighborhood-affairs-division\\\/active-projects\\\/other\\\/\"},{\"@type\":\"ListItem\",\"position\":6,\"name\":\"Tatum Waterway Study\"}]},{\"@type\":\"WebSite\",\"@id\":\"https:\\\/\\\/www.miamibeachfl.gov\\\/#website\",\"url\":\"https:\\\/\\\/www.miamibeachfl.gov\\\/\",\"name\":\"City of Miami Beach\",\"description\":\"The official website of the City of Miami Beach. Stay informed, find important information on city services, news, alerts, events, trolley routes, government employment and more.\",\"publisher\":{\"@id\":\"https:\\\/\\\/www.miamibeachfl.gov\\\/#organization\"},\"potentialAction\":[{\"@type\":\"SearchAction\",\"target\":{\"@type\":\"EntryPoint\",\"urlTemplate\":\"https:\\\/\\\/www.miamibeachfl.gov\\\/?s={search_term_string}\"},\"query-input\":{\"@type\":\"PropertyValueSpecification\",\"valueRequired\":true,\"valueName\":\"search_term_string\"}}],\"inLanguage\":\"de\"},{\"@type\":\"Organization\",\"@id\":\"https:\\\/\\\/www.miamibeachfl.gov\\\/#organization\",\"name\":\"City of Miami Beach\",\"url\":\"https:\\\/\\\/www.miamibeachfl.gov\\\/\",\"logo\":{\"@type\":\"ImageObject\",\"inLanguage\":\"de\",\"@id\":\"https:\\\/\\\/www.miamibeachfl.gov\\\/#\\\/schema\\\/logo\\\/image\\\/\",\"url\":\"https:\\\/\\\/www.miamibeachfl.gov\\\/wp-content\\\/uploads\\\/2022\\\/06\\\/miamibeach-logoblue.png\",\"contentUrl\":\"https:\\\/\\\/www.miamibeachfl.gov\\\/wp-content\\\/uploads\\\/2022\\\/06\\\/miamibeach-logoblue.png\",\"width\":1962,\"height\":381,\"caption\":\"City of Miami Beach\"},\"image\":{\"@id\":\"https:\\\/\\\/www.miamibeachfl.gov\\\/#\\\/schema\\\/logo\\\/image\\\/\"},\"sameAs\":[\"https:\\\/\\\/www.facebook.com\\\/cityofmiamibeach\",\"https:\\\/\\\/x.com\\\/Miamibeachnews\",\"https:\\\/\\\/www.instagram.com\\\/miamibeachnews\\\/\"],\"description\":\"The official website of the City of Miami Beach. Stay informed, find important information on city services, news, alerts, events, trolley routes, government employment and more.\",\"telephone\":\"305.604.CITY(2489)\",\"legalName\":\"City of Miami Beach\"}]}<\/script>\n<!-- \/ Yoast SEO Premium plugin. -->","yoast_head_json":{"title":"Tatum Waterway Study - City of Miami Beach","description":"Learn about the improvements from the Tatum Waterway Study, enhancing access and safety for drivers and pedestrians alike.","robots":{"index":"index","follow":"follow","max-snippet":"max-snippet:-1","max-image-preview":"max-image-preview:large","max-video-preview":"max-video-preview:-1"},"canonical":"https:\/\/www.miamibeachfl.gov\/de\/residents\/neighborhood-affairs-division\/active-projects\/other\/tatum-waterway-study\/","og_locale":"de_DE","og_type":"article","og_title":"Tatum Waterway Study","og_description":"Learn about the improvements from the Tatum Waterway Study, enhancing access and safety for drivers and pedestrians alike.","og_url":"https:\/\/www.miamibeachfl.gov\/de\/residents\/neighborhood-affairs-division\/active-projects\/other\/tatum-waterway-study\/","og_site_name":"City of Miami Beach","article_publisher":"https:\/\/www.facebook.com\/cityofmiamibeach","article_modified_time":"2026-04-23T14:25:00+00:00","og_image":[{"width":450,"height":600,"url":"https:\/\/www.miamibeachfl.gov\/wp-content\/uploads\/2026\/01\/2B991BF2-05CB-4473-8293-98E7B4125889.jpeg","type":"image\/jpeg"}],"twitter_card":"summary_large_image","twitter_site":"@Miamibeachnews","schema":{"@context":"https:\/\/schema.org","@graph":[{"@type":"WebPage","@id":"https:\/\/www.miamibeachfl.gov\/residents\/neighborhood-affairs-division\/active-projects\/other\/tatum-waterway-study\/","url":"https:\/\/www.miamibeachfl.gov\/residents\/neighborhood-affairs-division\/active-projects\/other\/tatum-waterway-study\/","name":"Tatum Waterway Study - City of Miami Beach","isPartOf":{"@id":"https:\/\/www.miamibeachfl.gov\/#website"},"primaryImageOfPage":{"@id":"https:\/\/www.miamibeachfl.gov\/residents\/neighborhood-affairs-division\/active-projects\/other\/tatum-waterway-study\/#primaryimage"},"image":{"@id":"https:\/\/www.miamibeachfl.gov\/residents\/neighborhood-affairs-division\/active-projects\/other\/tatum-waterway-study\/#primaryimage"},"thumbnailUrl":"https:\/\/www.miamibeachfl.gov\/wp-content\/uploads\/2026\/01\/2B991BF2-05CB-4473-8293-98E7B4125889.jpeg","datePublished":"2021-01-08T20:04:40+00:00","dateModified":"2026-04-23T14:25:00+00:00","description":"Learn about the improvements from the Tatum Waterway Study, enhancing access and safety for drivers and pedestrians alike.","breadcrumb":{"@id":"https:\/\/www.miamibeachfl.gov\/residents\/neighborhood-affairs-division\/active-projects\/other\/tatum-waterway-study\/#breadcrumb"},"inLanguage":"de","potentialAction":[{"@type":"ReadAction","target":["https:\/\/www.miamibeachfl.gov\/residents\/neighborhood-affairs-division\/active-projects\/other\/tatum-waterway-study\/"]}]},{"@type":"ImageObject","inLanguage":"de","@id":"https:\/\/www.miamibeachfl.gov\/residents\/neighborhood-affairs-division\/active-projects\/other\/tatum-waterway-study\/#primaryimage","url":"https:\/\/www.miamibeachfl.gov\/wp-content\/uploads\/2026\/01\/2B991BF2-05CB-4473-8293-98E7B4125889.jpeg","contentUrl":"https:\/\/www.miamibeachfl.gov\/wp-content\/uploads\/2026\/01\/2B991BF2-05CB-4473-8293-98E7B4125889.jpeg","width":450,"height":600,"caption":"Tatum Park"},{"@type":"BreadcrumbList","@id":"https:\/\/www.miamibeachfl.gov\/residents\/neighborhood-affairs-division\/active-projects\/other\/tatum-waterway-study\/#breadcrumb","itemListElement":[{"@type":"ListItem","position":1,"name":"Home","item":"https:\/\/www.miamibeachfl.gov\/"},{"@type":"ListItem","position":2,"name":"Residents","item":"https:\/\/www.miamibeachfl.gov\/residents\/"},{"@type":"ListItem","position":3,"name":"Neighborhood Affairs Division","item":"https:\/\/www.miamibeachfl.gov\/residents\/neighborhood-affairs-division\/"},{"@type":"ListItem","position":4,"name":"Active Projects","item":"https:\/\/www.miamibeachfl.gov\/residents\/neighborhood-affairs-division\/active-projects\/"},{"@type":"ListItem","position":5,"name":"Other","item":"https:\/\/www.miamibeachfl.gov\/residents\/neighborhood-affairs-division\/active-projects\/other\/"},{"@type":"ListItem","position":6,"name":"Tatum Waterway Study"}]},{"@type":"WebSite","@id":"https:\/\/www.miamibeachfl.gov\/#website","url":"https:\/\/www.miamibeachfl.gov\/","name":"Stadt Miami Beach","description":"Die offizielle Website der Stadt Miami Beach. Bleiben Sie informiert und finden Sie wichtige Informationen zu st\u00e4dtischen Dienstleistungen, Neuigkeiten, Warnungen, Veranstaltungen, Stra\u00dfenbahnlinien, Stellenangeboten im \u00f6ffentlichen Dienst und mehr.","publisher":{"@id":"https:\/\/www.miamibeachfl.gov\/#organization"},"potentialAction":[{"@type":"SearchAction","target":{"@type":"EntryPoint","urlTemplate":"https:\/\/www.miamibeachfl.gov\/?s={search_term_string}"},"query-input":{"@type":"PropertyValueSpecification","valueRequired":true,"valueName":"search_term_string"}}],"inLanguage":"de"},{"@type":"Organization","@id":"https:\/\/www.miamibeachfl.gov\/#organization","name":"Stadt Miami Beach","url":"https:\/\/www.miamibeachfl.gov\/","logo":{"@type":"ImageObject","inLanguage":"de","@id":"https:\/\/www.miamibeachfl.gov\/#\/schema\/logo\/image\/","url":"https:\/\/www.miamibeachfl.gov\/wp-content\/uploads\/2022\/06\/miamibeach-logoblue.png","contentUrl":"https:\/\/www.miamibeachfl.gov\/wp-content\/uploads\/2022\/06\/miamibeach-logoblue.png","width":1962,"height":381,"caption":"City of Miami Beach"},"image":{"@id":"https:\/\/www.miamibeachfl.gov\/#\/schema\/logo\/image\/"},"sameAs":["https:\/\/www.facebook.com\/cityofmiamibeach","https:\/\/x.com\/Miamibeachnews","https:\/\/www.instagram.com\/miamibeachnews\/"],"description":"Die offizielle Website der Stadt Miami Beach. Bleiben Sie informiert und finden Sie wichtige Informationen zu st\u00e4dtischen Dienstleistungen, Neuigkeiten, Warnungen, Veranstaltungen, Stra\u00dfenbahnlinien, Stellenangeboten im \u00f6ffentlichen Dienst und mehr.","telephone":"305.604.CITY(2489)","legalName":"City of Miami Beach"}]}},"_links":{"self":[{"href":"https:\/\/www.miamibeachfl.gov\/de\/wp-json\/wp\/v2\/pages\/147572","targetHints":{"allow":["GET"]}}],"collection":[{"href":"https:\/\/www.miamibeachfl.gov\/de\/wp-json\/wp\/v2\/pages"}],"about":[{"href":"https:\/\/www.miamibeachfl.gov\/de\/wp-json\/wp\/v2\/types\/page"}],"author":[{"embeddable":true,"href":"https:\/\/www.miamibeachfl.gov\/de\/wp-json\/wp\/v2\/users\/222"}],"replies":[{"embeddable":true,"href":"https:\/\/www.miamibeachfl.gov\/de\/wp-json\/wp\/v2\/comments?post=147572"}],"version-history":[{"count":3,"href":"https:\/\/www.miamibeachfl.gov\/de\/wp-json\/wp\/v2\/pages\/147572\/revisions"}],"predecessor-version":[{"id":399410,"href":"https:\/\/www.miamibeachfl.gov\/de\/wp-json\/wp\/v2\/pages\/147572\/revisions\/399410"}],"up":[{"embeddable":true,"href":"https:\/\/www.miamibeachfl.gov\/de\/wp-json\/wp\/v2\/pages\/28467"}],"wp:featuredmedia":[{"embeddable":true,"href":"https:\/\/www.miamibeachfl.gov\/de\/wp-json\/wp\/v2\/media\/394896"}],"wp:attachment":[{"href":"https:\/\/www.miamibeachfl.gov\/de\/wp-json\/wp\/v2\/media?parent=147572"}],"wp:term":[{"taxonomy":"category","embeddable":true,"href":"https:\/\/www.miamibeachfl.gov\/de\/wp-json\/wp\/v2\/categories?post=147572"},{"taxonomy":"post_tag","embeddable":true,"href":"https:\/\/www.miamibeachfl.gov\/de\/wp-json\/wp\/v2\/tags?post=147572"}],"curies":[{"name":"wp","href":"https:\/\/api.w.org\/{rel}","templated":true}]}}