{"id":164340,"date":"2021-07-15T09:03:40","date_gmt":"2021-07-15T13:03:40","guid":{"rendered":"http:\/\/www.miamibeachfl.gov\/?page_id=164340"},"modified":"2025-06-02T22:00:41","modified_gmt":"2025-06-03T02:00:41","slug":"july-2021-business-spotlight","status":"publish","type":"page","link":"https:\/\/www.miamibeachfl.gov\/de\/spotlight\/july-2021-business-spotlight\/","title":{"rendered":"Business Spotlight Juli 2021"},"content":{"rendered":"<h5>\n\t\t<a href=\"https:\/\/www.miamibeachfl.gov\/de\/mbbiznews\/\" title=\"Abonnieren Sie hier, um den Wirtschaftsnewsletter der Stadt monatlich in Ihren Posteingang zu erhalten.\"  target=\"_blank\"  rel=\"noopener\">\n\t\t\tAbonnieren Sie hier, um den Wirtschaftsnewsletter der Stadt monatlich in Ihren Posteingang zu erhalten.\t\t<\/a>\n\t<\/h5>\n<h5>\n\t\t<a href=\"https:\/\/myemail.constantcontact.com\/Stay-connected-with-MB-Biz-.html?soid=1011085968389&#038;aid=cC8I6ajg2b8\" title=\"Business Newsletter\"  target=\"_blank\"  rel=\"noopener\">\n\t\t\tBusiness Newsletter\t\t<\/a>\n\t<\/h5>\n<h3>\n\t\t\tTag der offenen T\u00fcr in Miami Beach: Wo Kunst auf Wirtschaft trifft\t<\/h3>\n\t\t\t\t<img decoding=\"async\" src=\"http:\/\/www.miamibeachfl.gov\/wp-content\/uploads\/2021\/07\/Picture1.jpg\" alt=\"Picture1\" itemprop=\"image\" title=\"Bild1\" onerror=\"this.style.display='none'\" loading='lazy' \/>\n\t<p><em>\u201eTiered Panorama\u201c von Orlando Estrada, ausgestellt in der Collins Ave. 644.<\/em><\/p>\n\t<p>Miami Beach war schon immer f\u00fcr seine Art-d\u00e9co-Architektur, seine erstklassigen Restaurants und seine hochmodernen Gesch\u00e4fte bekannt. In den letzten Jahren hat sich die Stadt zudem zu einem wichtigen F\u00f6rderer und Sammler von Kunst und Kultur entwickelt. Kunst und Kultur sind fester Bestandteil von Miami Beach. Da sich die Stadt von den wirtschaftlichen Auswirkungen von COVID-19 erholt, erschien es naheliegend, eine Partnerschaft zwischen K\u00fcnstlern und Unternehmen aufzubauen.<\/p>\n<p>\u201eMiami Beach Open House\u201c ist ein innovatives K\u00fcnstlerresidenzprogramm, das leerstehende Gewerbefl\u00e4chen in K\u00fcnstlerarbeitspl\u00e4tze, Ateliers, Ausstellungsr\u00e4ume und multidisziplin\u00e4re Veranstaltungsorte verwandelt. K\u00fcnstler arbeiten mit Immobilienbesitzern zusammen, um die Suche nach bezahlbarem Atelierraum f\u00fcr ihre Werke zu erleichtern und gleichzeitig das kulturelle und wirtschaftliche Profil der Stadt zu erweitern.<\/p>\n<p>Finanziert durch einen Zuschuss von $200.000, der von der Stadtkommission genehmigt wurde, bringt \u201eMiami Beach Open House\u201c Laufkundschaft in leerstehende Ladenlokale, indem K\u00fcnstler ihre Werke ausstellen k\u00f6nnen \u2013 von einfachen Schaufensterdekorationen bis hin zu komplexen Performance- oder Erlebniskunstwerken. Immobilienbesitzer erhalten die M\u00f6glichkeit, freie Fl\u00e4chen zu nutzen. Insgesamt 71 K\u00fcnstler wurden bereits von einem kuratorischen Expertengremium nach einem Aufruf an K\u00fcnstler ausgew\u00e4hlt.<\/p>\n\t\t\t\t<img decoding=\"async\" src=\"http:\/\/www.miamibeachfl.gov\/wp-content\/uploads\/2021\/07\/Picture2.jpg\" alt=\"Picture2\" itemprop=\"image\" title=\"Bild2\" onerror=\"this.style.display='none'\" loading='lazy' \/>\n\t\t\t\t<img decoding=\"async\" src=\"http:\/\/www.miamibeachfl.gov\/wp-content\/uploads\/2021\/07\/Picture3.jpg\" alt=\"Picture3\" itemprop=\"image\" title=\"Bild 3\" onerror=\"this.style.display='none'\" loading='lazy' \/>\n\t<p><em>Galaxy View, die Videoinstallation von Juan Requena in SoBe<\/em><\/p>\n\t<p>Jeder teilnehmende K\u00fcnstler erh\u00e4lt ein Stipendium in H\u00f6he von $2.500 zur Deckung von Nebenkosten wie Lieferungen, Versicherungen, Parkgeb\u00fchren, Nebenkosten, Marketing und Werbung. \u201eMiami Beach Open House\u201c wird durch die Gro\u00dfz\u00fcgigkeit lokaler Immobilienbesitzer erm\u00f6glicht, die sich der positiven Wirkung innovativer kultureller Erlebnisse auf unsere Lebensqualit\u00e4t bewusst sind. Im Gegenzug f\u00fcr ihre Teilnahme \u00fcbernimmt die Stadt Miami Beach das Genehmigungsverfahren und listet die Adressen aller teilnehmenden Gesch\u00e4fte auf der<strong> <a href=\"https:\/\/www.miamibeachfl.gov\/wp-content\/uploads\/2021\/06\/Draft-Final-PWM_May-2021-External.pdf\">Website der Stadt<\/a><\/strong> f\u00fcr mehr Sichtbarkeit. Ausgew\u00e4hlte K\u00fcnstler werden ermutigt, ihre Werke zu verkaufen und durch das Residenzprogramm ihre Bekanntheit zu maximieren. Dies ist eine echte Win-Win-Situation f\u00fcr alle Beteiligten.<\/p>\n\t\t\t\t<img decoding=\"async\" src=\"https:\/\/www.miamibeachfl.gov\/wp-content\/uploads\/2021\/07\/Picture4.jpg\" alt=\"Installation exhibited at 7409 Collins Ave. by Carolina Cueva\" itemprop=\"image\" title=\"Bild4\" onerror=\"this.style.display='none'\" loading='lazy' \/>\n\t<p><em>Installation von Carolina Cueva ausgestellt in 7409 Collins Ave.<\/em><\/p>\n\t<p>W\u00e4hrend das Programm Immobilieneigent\u00fcmer dazu anh\u00e4lt, eine Belegung von mindestens 30 Tagen zu erm\u00f6glichen, k\u00f6nnen beide Parteien gemeinsam eine langfristige Vereinbarung \u00fcber mehr als 30 Tage treffen. Ein hervorragendes Beispiel daf\u00fcr ist Orlando Estradas \u201eThe Infinite Vision in the Ethereal Rainbows Swarming Behind my Eyelids Reveals a Beacon\u201c, pr\u00e4sentiert von Bas Fisher Invitational und Bridge Initiative in der Collins Avenue 644. Urspr\u00fcnglich vom 21. April bis Mitte Juni geplant, wurde der Mietvertrag mit Goldman Properties bis September 2021 verl\u00e4ngert.<\/p>\n\t\t\t\t<img decoding=\"async\" src=\"http:\/\/www.miamibeachfl.gov\/wp-content\/uploads\/2021\/07\/Picture5.jpg\" alt=\"Picture5\" itemprop=\"image\" title=\"Bild5\" onerror=\"this.style.display='none'\" loading='lazy' \/>\n\t\t\t\t<img decoding=\"async\" src=\"http:\/\/www.miamibeachfl.gov\/wp-content\/uploads\/2021\/07\/Picture6.jpg\" alt=\"Picture6\" itemprop=\"image\" title=\"Bild6\" onerror=\"this.style.display='none'\" loading='lazy' \/>\n\t<p><em>Pr\u00e4sentiert von Bas Fisher Invitational und Bridge Initiative, l\u00e4uft Estradas Ausstellung bis September<\/em><\/p>\n\t<p>Ein Lichtblick f\u00fcr die Gemeinde, \u201eMiami Beach Open House\u201c hat sogar landesweite Aufmerksamkeit erregt. Estradas Galerie wurde k\u00fcrzlich in einem Artikel der New York Times vorgestellt.<strong> <a href=\"https:\/\/www.nytimes.com\/2021\/06\/16\/t-magazine\/art-gallery-guide.html\">Artikel<\/a> <\/strong>das von der Kunst- und Kulturszene in Miami Beach schw\u00e4rmte und gleichzeitig ein gro\u00dfartiges Anwesen im Herzen von South Beach ins Rampenlicht stellte.<\/p>","protected":false},"excerpt":{"rendered":"<p>Subscribe here to receive the City&#8217;s business newsletter to your inbox monthly. Business Newsletter Miami Beach Open House: Where Art [&hellip;]<\/p>\n","protected":false},"author":222,"featured_media":0,"parent":253255,"menu_order":0,"comment_status":"closed","ping_status":"closed","template":"","meta":{"_searchwp_excluded":"","site-sidebar-layout":"default","site-content-layout":"","ast-site-content-layout":"default","site-content-style":"default","site-sidebar-style":"default","ast-global-header-display":"","ast-banner-title-visibility":"","ast-main-header-display":"","ast-hfb-above-header-display":"","ast-hfb-below-header-display":"","ast-hfb-mobile-header-display":"","site-post-title":"","ast-breadcrumbs-content":"","ast-featured-img":"","footer-sml-layout":"","theme-transparent-header-meta":"","adv-header-id-meta":"","stick-header-meta":"","header-above-stick-meta":"","header-main-stick-meta":"","header-below-stick-meta":"","astra-migrate-meta-layouts":"default","ast-page-background-enabled":"default","ast-page-background-meta":{"desktop":{"background-color":"var(--ast-global-color-5)","background-image":"","background-repeat":"repeat","background-position":"center center","background-size":"auto","background-attachment":"scroll","background-type":"","background-media":"","overlay-type":"","overlay-color":"","overlay-opacity":"","overlay-gradient":""},"tablet":{"background-color":"","background-image":"","background-repeat":"repeat","background-position":"center center","background-size":"auto","background-attachment":"scroll","background-type":"","background-media":"","overlay-type":"","overlay-color":"","overlay-opacity":"","overlay-gradient":""},"mobile":{"background-color":"","background-image":"","background-repeat":"repeat","background-position":"center center","background-size":"auto","background-attachment":"scroll","background-type":"","background-media":"","overlay-type":"","overlay-color":"","overlay-opacity":"","overlay-gradient":""}},"ast-content-background-meta":{"desktop":{"background-color":"var(--ast-global-color-4)","background-image":"","background-repeat":"repeat","background-position":"center center","background-size":"auto","background-attachment":"scroll","background-type":"","background-media":"","overlay-type":"","overlay-color":"","overlay-opacity":"","overlay-gradient":""},"tablet":{"background-color":"var(--ast-global-color-4)","background-image":"","background-repeat":"repeat","background-position":"center center","background-size":"auto","background-attachment":"scroll","background-type":"","background-media":"","overlay-type":"","overlay-color":"","overlay-opacity":"","overlay-gradient":""},"mobile":{"background-color":"var(--ast-global-color-4)","background-image":"","background-repeat":"repeat","background-position":"center center","background-size":"auto","background-attachment":"scroll","background-type":"","background-media":"","overlay-type":"","overlay-color":"","overlay-opacity":"","overlay-gradient":""}},"footnotes":""},"categories":[],"tags":[],"class_list":["post-164340","page","type-page","status-publish","hentry"],"yoast_head":"<!-- This site is optimized with the Yoast SEO Premium plugin v27.4 (Yoast SEO v27.4) - https:\/\/yoast.com\/product\/yoast-seo-premium-wordpress\/ -->\n<title>July 2021 Business Spotlight - City of Miami Beach<\/title>\n<meta name=\"description\" content=\"%\" \/>\n<meta name=\"robots\" content=\"index, follow, max-snippet:-1, max-image-preview:large, max-video-preview:-1\" \/>\n<link rel=\"canonical\" href=\"https:\/\/www.miamibeachfl.gov\/de\/spotlight\/july-2021-business-spotlight\/\" \/>\n<meta property=\"og:locale\" content=\"de_DE\" \/>\n<meta property=\"og:type\" content=\"article\" \/>\n<meta property=\"og:title\" content=\"July 2021 Business Spotlight\" \/>\n<meta property=\"og:description\" content=\"%\" \/>\n<meta property=\"og:url\" content=\"https:\/\/www.miamibeachfl.gov\/de\/spotlight\/july-2021-business-spotlight\/\" \/>\n<meta property=\"og:site_name\" content=\"City of Miami Beach\" \/>\n<meta property=\"article:publisher\" content=\"https:\/\/www.facebook.com\/cityofmiamibeach\" \/>\n<meta property=\"article:modified_time\" content=\"2025-06-03T02:00:41+00:00\" \/>\n<meta property=\"og:image\" content=\"http:\/\/www.miamibeachfl.gov\/wp-content\/uploads\/2021\/07\/Picture1.jpg\" \/>\n<meta name=\"twitter:card\" content=\"summary_large_image\" \/>\n<meta name=\"twitter:site\" content=\"@Miamibeachnews\" \/>\n<script type=\"application\/ld+json\" class=\"yoast-schema-graph\">{\"@context\":\"https:\\\/\\\/schema.org\",\"@graph\":[{\"@type\":\"WebPage\",\"@id\":\"https:\\\/\\\/www.miamibeachfl.gov\\\/spotlight\\\/july-2021-business-spotlight\\\/\",\"url\":\"https:\\\/\\\/www.miamibeachfl.gov\\\/spotlight\\\/july-2021-business-spotlight\\\/\",\"name\":\"July 2021 Business Spotlight - City of Miami Beach\",\"isPartOf\":{\"@id\":\"https:\\\/\\\/www.miamibeachfl.gov\\\/#website\"},\"primaryImageOfPage\":{\"@id\":\"https:\\\/\\\/www.miamibeachfl.gov\\\/spotlight\\\/july-2021-business-spotlight\\\/#primaryimage\"},\"image\":{\"@id\":\"https:\\\/\\\/www.miamibeachfl.gov\\\/spotlight\\\/july-2021-business-spotlight\\\/#primaryimage\"},\"thumbnailUrl\":\"http:\\\/\\\/www.miamibeachfl.gov\\\/wp-content\\\/uploads\\\/2021\\\/07\\\/Picture1.jpg\",\"datePublished\":\"2021-07-15T13:03:40+00:00\",\"dateModified\":\"2025-06-03T02:00:41+00:00\",\"description\":\"%\",\"breadcrumb\":{\"@id\":\"https:\\\/\\\/www.miamibeachfl.gov\\\/spotlight\\\/july-2021-business-spotlight\\\/#breadcrumb\"},\"inLanguage\":\"de\",\"potentialAction\":[{\"@type\":\"ReadAction\",\"target\":[\"https:\\\/\\\/www.miamibeachfl.gov\\\/spotlight\\\/july-2021-business-spotlight\\\/\"]}]},{\"@type\":\"ImageObject\",\"inLanguage\":\"de\",\"@id\":\"https:\\\/\\\/www.miamibeachfl.gov\\\/spotlight\\\/july-2021-business-spotlight\\\/#primaryimage\",\"url\":\"http:\\\/\\\/www.miamibeachfl.gov\\\/wp-content\\\/uploads\\\/2021\\\/07\\\/Picture1.jpg\",\"contentUrl\":\"http:\\\/\\\/www.miamibeachfl.gov\\\/wp-content\\\/uploads\\\/2021\\\/07\\\/Picture1.jpg\"},{\"@type\":\"BreadcrumbList\",\"@id\":\"https:\\\/\\\/www.miamibeachfl.gov\\\/spotlight\\\/july-2021-business-spotlight\\\/#breadcrumb\",\"itemListElement\":[{\"@type\":\"ListItem\",\"position\":1,\"name\":\"Home\",\"item\":\"https:\\\/\\\/www.miamibeachfl.gov\\\/\"},{\"@type\":\"ListItem\",\"position\":2,\"name\":\"Business Newsletters and Spotlights\",\"item\":\"https:\\\/\\\/www.miamibeachfl.gov\\\/spotlight\\\/\"},{\"@type\":\"ListItem\",\"position\":3,\"name\":\"July 2021 Business Spotlight\"}]},{\"@type\":\"WebSite\",\"@id\":\"https:\\\/\\\/www.miamibeachfl.gov\\\/#website\",\"url\":\"https:\\\/\\\/www.miamibeachfl.gov\\\/\",\"name\":\"City of Miami Beach\",\"description\":\"The official website of the City of Miami Beach. Stay informed, find important information on city services, news, alerts, events, trolley routes, government employment and more.\",\"publisher\":{\"@id\":\"https:\\\/\\\/www.miamibeachfl.gov\\\/#organization\"},\"potentialAction\":[{\"@type\":\"SearchAction\",\"target\":{\"@type\":\"EntryPoint\",\"urlTemplate\":\"https:\\\/\\\/www.miamibeachfl.gov\\\/?s={search_term_string}\"},\"query-input\":{\"@type\":\"PropertyValueSpecification\",\"valueRequired\":true,\"valueName\":\"search_term_string\"}}],\"inLanguage\":\"de\"},{\"@type\":\"Organization\",\"@id\":\"https:\\\/\\\/www.miamibeachfl.gov\\\/#organization\",\"name\":\"City of Miami Beach\",\"url\":\"https:\\\/\\\/www.miamibeachfl.gov\\\/\",\"logo\":{\"@type\":\"ImageObject\",\"inLanguage\":\"de\",\"@id\":\"https:\\\/\\\/www.miamibeachfl.gov\\\/#\\\/schema\\\/logo\\\/image\\\/\",\"url\":\"https:\\\/\\\/www.miamibeachfl.gov\\\/wp-content\\\/uploads\\\/2022\\\/06\\\/miamibeach-logoblue.png\",\"contentUrl\":\"https:\\\/\\\/www.miamibeachfl.gov\\\/wp-content\\\/uploads\\\/2022\\\/06\\\/miamibeach-logoblue.png\",\"width\":1962,\"height\":381,\"caption\":\"City of Miami Beach\"},\"image\":{\"@id\":\"https:\\\/\\\/www.miamibeachfl.gov\\\/#\\\/schema\\\/logo\\\/image\\\/\"},\"sameAs\":[\"https:\\\/\\\/www.facebook.com\\\/cityofmiamibeach\",\"https:\\\/\\\/x.com\\\/Miamibeachnews\",\"https:\\\/\\\/www.instagram.com\\\/miamibeachnews\\\/\"],\"description\":\"The official website of the City of Miami Beach. Stay informed, find important information on city services, news, alerts, events, trolley routes, government employment and more.\",\"telephone\":\"305.604.CITY(2489)\",\"legalName\":\"City of Miami Beach\"}]}<\/script>\n<!-- \/ Yoast SEO Premium plugin. -->","yoast_head_json":{"title":"Business Spotlight Juli 2021 \u2013 Stadt Miami Beach","description":"%","robots":{"index":"index","follow":"follow","max-snippet":"max-snippet:-1","max-image-preview":"max-image-preview:large","max-video-preview":"max-video-preview:-1"},"canonical":"https:\/\/www.miamibeachfl.gov\/de\/spotlight\/july-2021-business-spotlight\/","og_locale":"de_DE","og_type":"article","og_title":"July 2021 Business Spotlight","og_description":"%","og_url":"https:\/\/www.miamibeachfl.gov\/de\/spotlight\/july-2021-business-spotlight\/","og_site_name":"City of Miami Beach","article_publisher":"https:\/\/www.facebook.com\/cityofmiamibeach","article_modified_time":"2025-06-03T02:00:41+00:00","og_image":[{"url":"http:\/\/www.miamibeachfl.gov\/wp-content\/uploads\/2021\/07\/Picture1.jpg","type":"","width":"","height":""}],"twitter_card":"summary_large_image","twitter_site":"@Miamibeachnews","schema":{"@context":"https:\/\/schema.org","@graph":[{"@type":"WebPage","@id":"https:\/\/www.miamibeachfl.gov\/spotlight\/july-2021-business-spotlight\/","url":"https:\/\/www.miamibeachfl.gov\/spotlight\/july-2021-business-spotlight\/","name":"Business Spotlight Juli 2021 \u2013 Stadt Miami Beach","isPartOf":{"@id":"https:\/\/www.miamibeachfl.gov\/#website"},"primaryImageOfPage":{"@id":"https:\/\/www.miamibeachfl.gov\/spotlight\/july-2021-business-spotlight\/#primaryimage"},"image":{"@id":"https:\/\/www.miamibeachfl.gov\/spotlight\/july-2021-business-spotlight\/#primaryimage"},"thumbnailUrl":"http:\/\/www.miamibeachfl.gov\/wp-content\/uploads\/2021\/07\/Picture1.jpg","datePublished":"2021-07-15T13:03:40+00:00","dateModified":"2025-06-03T02:00:41+00:00","description":"%","breadcrumb":{"@id":"https:\/\/www.miamibeachfl.gov\/spotlight\/july-2021-business-spotlight\/#breadcrumb"},"inLanguage":"de","potentialAction":[{"@type":"ReadAction","target":["https:\/\/www.miamibeachfl.gov\/spotlight\/july-2021-business-spotlight\/"]}]},{"@type":"ImageObject","inLanguage":"de","@id":"https:\/\/www.miamibeachfl.gov\/spotlight\/july-2021-business-spotlight\/#primaryimage","url":"http:\/\/www.miamibeachfl.gov\/wp-content\/uploads\/2021\/07\/Picture1.jpg","contentUrl":"http:\/\/www.miamibeachfl.gov\/wp-content\/uploads\/2021\/07\/Picture1.jpg"},{"@type":"BreadcrumbList","@id":"https:\/\/www.miamibeachfl.gov\/spotlight\/july-2021-business-spotlight\/#breadcrumb","itemListElement":[{"@type":"ListItem","position":1,"name":"Home","item":"https:\/\/www.miamibeachfl.gov\/"},{"@type":"ListItem","position":2,"name":"Business Newsletters and Spotlights","item":"https:\/\/www.miamibeachfl.gov\/spotlight\/"},{"@type":"ListItem","position":3,"name":"July 2021 Business Spotlight"}]},{"@type":"WebSite","@id":"https:\/\/www.miamibeachfl.gov\/#website","url":"https:\/\/www.miamibeachfl.gov\/","name":"Stadt Miami Beach","description":"Die offizielle Website der Stadt Miami Beach. Bleiben Sie informiert und finden Sie wichtige Informationen zu st\u00e4dtischen Dienstleistungen, Neuigkeiten, Warnungen, Veranstaltungen, Stra\u00dfenbahnlinien, Stellenangeboten im \u00f6ffentlichen Dienst und mehr.","publisher":{"@id":"https:\/\/www.miamibeachfl.gov\/#organization"},"potentialAction":[{"@type":"SearchAction","target":{"@type":"EntryPoint","urlTemplate":"https:\/\/www.miamibeachfl.gov\/?s={search_term_string}"},"query-input":{"@type":"PropertyValueSpecification","valueRequired":true,"valueName":"search_term_string"}}],"inLanguage":"de"},{"@type":"Organization","@id":"https:\/\/www.miamibeachfl.gov\/#organization","name":"Stadt Miami Beach","url":"https:\/\/www.miamibeachfl.gov\/","logo":{"@type":"ImageObject","inLanguage":"de","@id":"https:\/\/www.miamibeachfl.gov\/#\/schema\/logo\/image\/","url":"https:\/\/www.miamibeachfl.gov\/wp-content\/uploads\/2022\/06\/miamibeach-logoblue.png","contentUrl":"https:\/\/www.miamibeachfl.gov\/wp-content\/uploads\/2022\/06\/miamibeach-logoblue.png","width":1962,"height":381,"caption":"City of Miami Beach"},"image":{"@id":"https:\/\/www.miamibeachfl.gov\/#\/schema\/logo\/image\/"},"sameAs":["https:\/\/www.facebook.com\/cityofmiamibeach","https:\/\/x.com\/Miamibeachnews","https:\/\/www.instagram.com\/miamibeachnews\/"],"description":"Die offizielle Website der Stadt Miami Beach. Bleiben Sie informiert und finden Sie wichtige Informationen zu st\u00e4dtischen Dienstleistungen, Neuigkeiten, Warnungen, Veranstaltungen, Stra\u00dfenbahnlinien, Stellenangeboten im \u00f6ffentlichen Dienst und mehr.","telephone":"305.604.CITY(2489)","legalName":"City of Miami Beach"}]}},"_links":{"self":[{"href":"https:\/\/www.miamibeachfl.gov\/de\/wp-json\/wp\/v2\/pages\/164340","targetHints":{"allow":["GET"]}}],"collection":[{"href":"https:\/\/www.miamibeachfl.gov\/de\/wp-json\/wp\/v2\/pages"}],"about":[{"href":"https:\/\/www.miamibeachfl.gov\/de\/wp-json\/wp\/v2\/types\/page"}],"author":[{"embeddable":true,"href":"https:\/\/www.miamibeachfl.gov\/de\/wp-json\/wp\/v2\/users\/222"}],"replies":[{"embeddable":true,"href":"https:\/\/www.miamibeachfl.gov\/de\/wp-json\/wp\/v2\/comments?post=164340"}],"version-history":[{"count":1,"href":"https:\/\/www.miamibeachfl.gov\/de\/wp-json\/wp\/v2\/pages\/164340\/revisions"}],"predecessor-version":[{"id":375056,"href":"https:\/\/www.miamibeachfl.gov\/de\/wp-json\/wp\/v2\/pages\/164340\/revisions\/375056"}],"up":[{"embeddable":true,"href":"https:\/\/www.miamibeachfl.gov\/de\/wp-json\/wp\/v2\/pages\/253255"}],"wp:attachment":[{"href":"https:\/\/www.miamibeachfl.gov\/de\/wp-json\/wp\/v2\/media?parent=164340"}],"wp:term":[{"taxonomy":"category","embeddable":true,"href":"https:\/\/www.miamibeachfl.gov\/de\/wp-json\/wp\/v2\/categories?post=164340"},{"taxonomy":"post_tag","embeddable":true,"href":"https:\/\/www.miamibeachfl.gov\/de\/wp-json\/wp\/v2\/tags?post=164340"}],"curies":[{"name":"wp","href":"https:\/\/api.w.org\/{rel}","templated":true}]}}