{"id":172604,"date":"2021-11-10T13:09:20","date_gmt":"2021-11-10T18:09:20","guid":{"rendered":"http:\/\/www.miamibeachfl.gov\/city-hall\/planning\/planning-document-checklist\/"},"modified":"2026-04-29T11:33:22","modified_gmt":"2026-04-29T15:33:22","slug":"planning-document-checklist","status":"publish","type":"page","link":"https:\/\/www.miamibeachfl.gov\/de\/city-hall\/planning\/planning-document-checklist\/","title":{"rendered":"Planungsunterlagen, Checklisten und Formulare"},"content":{"rendered":"<figure itemscope itemtype=\"https:\/\/schema.org\/ImageObject\">\n\t\t\t\t<img decoding=\"async\" src=\"https:\/\/www.miamibeachfl.gov\/wp-content\/uploads\/2022\/07\/hero-small.jpg\" alt=\"ocean drive art deco buildings\" height=\"211\" width=\"2395\" title=\"Held-klein\" onerror=\"this.style.display='none'\" loading=\"lazy\" \/>\n\t<\/figure>\n<h1>\n\t\t\tPlanungsunterlagen, Checklisten und Formulare\t<\/h1>\n\t<nav id=\"breadcrumbs\" aria-label=\"Paniermehl\"><a href=\"https:\/\/www.miamibeachfl.gov\/de\/\">Heim<\/a> &gt; <a href=\"https:\/\/www.miamibeachfl.gov\/de\/city-hall\/\">Rathaus<\/a> &gt; <a href=\"https:\/\/www.miamibeachfl.gov\/de\/city-hall\/planning\/\">Planung und Zonierung<\/a> &gt; <strong>Planungsunterlagen, Checklisten und Formulare<\/strong><\/nav>\n\t<ul>\n<li><a href=\"https:\/\/www.miamibeachfl.gov\/wp-content\/uploads\/2023\/10\/Awning-Steel-Structures-Commercial-Residential-Permit-CheckList-Planning-8-23.pdf\">Checkliste f\u00fcr die Genehmigung von Markisen und Stahlkonstruktionen f\u00fcr Gewerbe und Wohngeb\u00e4ude<\/a><\/li>\n<li><a href=\"https:\/\/www.miamibeachfl.gov\/wp-content\/uploads\/2024\/06\/ACGeneratorCommercial-ResidentialPermitCheckList-Planning8-23.pdf\">Checkliste f\u00fcr die Genehmigung von Klimaanlagen und Generatoren f\u00fcr gewerbliche und private Zwecke<\/a><\/li>\n<li><a href=\"https:\/\/www.miamibeachfl.gov\/wp-content\/uploads\/2023\/10\/Building-Commercial-Certificate-of-Occupancy-Update-Permit-CheckList-Planning-8-23.pdf\">Checkliste f\u00fcr die Aktualisierung der Baugenehmigung f\u00fcr gewerbliche Geb\u00e4ude<\/a><\/li>\n<li><a href=\"https:\/\/www.miamibeachfl.gov\/wp-content\/uploads\/2023\/10\/Building-Commercial-Residential-Temp.-Const.-Fence-Permit-CheckList-Planning-8-23.pdf\">Checkliste f\u00fcr die Genehmigung von Gewerbe- und Wohngeb\u00e4uden f\u00fcr tempor\u00e4re Z\u00e4une<\/a><\/li>\n<li><a href=\"https:\/\/www.miamibeachfl.gov\/wp-content\/uploads\/2023\/10\/Building-Commercial-Sign-Illuminated-and-Non-Illuminated-CheckList-Planning-8-23.pdf\">Baugewerbe \u2013 Checkliste f\u00fcr beleuchtete und unbeleuchtete Schilder<\/a><\/li>\n<li><a href=\"https:\/\/www.miamibeachfl.gov\/wp-content\/uploads\/2023\/10\/Building-Commercial-Residential-Marine-Permit-CheckList-Planning-8-23.pdf\">Checkliste f\u00fcr Baugenehmigungen f\u00fcr Gewerbe- und Wohngeb\u00e4ude<\/a><\/li>\n<li><a href=\"https:\/\/www.miamibeachfl.gov\/wp-content\/uploads\/2026\/01\/Commercial-Multifamily-Planning-Zoning-Data-Sheet.pdf\">Commercial &#8211; Multifamily Planning Zoning Data Sheet <\/a><\/li>\n<li><a href=\"https:\/\/www.miamibeachfl.gov\/wp-content\/uploads\/2023\/10\/Commercial-Permit-CheckList-Planning-8-23.pdf\">Checkliste f\u00fcr die gewerbliche Genehmigungsplanung<\/a><\/li>\n<li><a href=\"https:\/\/www.miamibeachfl.gov\/wp-content\/uploads\/2025\/08\/DrivewayPermit-CheckList-8-18-25.pdf\">Checkliste f\u00fcr die Einfahrtsgenehmigung<\/a><\/li>\n<li><a href=\"https:\/\/www.miamibeachfl.gov\/wp-content\/uploads\/2023\/10\/Elevator-Permit-CheckList-Planning-8-23.pdf\">Checkliste f\u00fcr die Aufzugsgenehmigungsplanung<\/a><\/li>\n<li><a href=\"https:\/\/www.miamibeachfl.gov\/wp-content\/uploads\/2023\/10\/Electrical-Sign-Permit-CheckList-Planning-8-23.pdf\">Checkliste f\u00fcr die Genehmigungsplanung f\u00fcr elektrische Schilder<\/a><\/li>\n<li><a href=\"https:\/\/www.miamibeachfl.gov\/wp-content\/uploads\/2023\/10\/Elevator-Permit-CheckList-Planning-8-23-1.pdf\">Checkliste f\u00fcr die Aufzugsgenehmigungsplanung<\/a><\/li>\n<li><a href=\"https:\/\/www.miamibeachfl.gov\/wp-content\/uploads\/2023\/10\/Fire-Permit-CheckList-Planning-8-23.pdf\">Checkliste f\u00fcr die Planung einer Brandschutzgenehmigung<\/a><\/li>\n<li><a href=\"https:\/\/www.miamibeachfl.gov\/wp-content\/uploads\/2023\/10\/Mechanical-Plumbing-Commercial-Residential-Permit-CheckList-Planning-08-23.pdf\">Mechanik \u2013 Sanit\u00e4r Gewerbe \u2013 Wohnen Genehmigungsplanung Checkliste<\/a><\/li>\n<li><a href=\"https:\/\/www.miamibeachfl.gov\/wp-content\/uploads\/2023\/10\/Pool-Commercial-Residential-Permit-CheckList-Planning-8-23.pdf\">Checkliste f\u00fcr die Genehmigungsplanung von gewerblichen Pools und Wohngeb\u00e4uden<\/a><\/li>\n<li><a href=\"https:\/\/www.miamibeachfl.gov\/wp-content\/uploads\/2023\/10\/Photovoltaic-Commercial-Residential-Permit-CheckList-Planning-8-23.pdf\">Checkliste f\u00fcr die Genehmigung von Photovoltaikanlagen f\u00fcr Gewerbe und Privathaushalte<\/a><\/li>\n<li><a href=\"https:\/\/www.miamibeachfl.gov\/wp-content\/uploads\/2023\/10\/Pergola-Trellis-Commercial-Residential-Permit-CheckList-Planning-8-23.pdf\">Checkliste f\u00fcr die Genehmigung von Pergolen, Spalieren und Wohngeb\u00e4uden<\/a><\/li>\n<li><a href=\"https:\/\/www.miamibeachfl.gov\/wp-content\/uploads\/2023\/10\/Pre-Approved-Paint-Pallet-6-22-23.pdf\">Vorab genehmigte Farbpalette<\/a><\/li>\n<li><a href=\"https:\/\/www.miamibeachfl.gov\/wp-content\/uploads\/2023\/10\/Roofing-Commercial-Residential-Permit-CheckList-Planning-8-23.pdf\">Checkliste f\u00fcr die Genehmigung von Dachdeckerarbeiten im gewerblichen und privaten Bereich<\/a><\/li>\n<li><a href=\"https:\/\/www.miamibeachfl.gov\/wp-content\/uploads\/2023\/10\/Single-Family-zoning-data-sheet-Draft-8-23.pdf\">Datenblatt zur Zoneneinteilung f\u00fcr Einfamilienh\u00e4user<\/a><\/li>\n<li><a href=\"https:\/\/www.miamibeachfl.gov\/wp-content\/uploads\/2023\/10\/Single-Family-Permit-CheckList-Planning-8-23.pdf\">Checkliste f\u00fcr die Baugenehmigung von Einfamilienh\u00e4usern<\/a><\/li>\n<li><a href=\"https:\/\/www.miamibeachfl.gov\/wp-content\/uploads\/2024\/05\/Windows-DoorsandOtherMiscPermitCheckList-Planning05-24.pdf\" target=\"_blank\" rel=\"noopener\">Checkliste f\u00fcr Werkstattzeichnungen und andere Genehmigungsplanungen<\/a><\/li>\n<\/ul>\n<ul>\n<li><a href=\"https:\/\/www.miamibeachfl.gov\/wp-content\/uploads\/2023\/10\/PZ-Sign-Permit-Planning-8-23.pdf\">Checkliste f\u00fcr die Planung einer PZ-Schildergenehmigung<\/a><\/li>\n<li><a href=\"https:\/\/www.miamibeachfl.gov\/wp-content\/uploads\/2026\/04\/Artifical-Turf-03-26.pdf\">PZ Kunstrasen<\/a><\/li>\n<li><a href=\"https:\/\/www.miamibeachfl.gov\/wp-content\/uploads\/2026\/04\/Landscape-Checklist-2026.pdf\">Landscape Checklist<\/a><\/li>\n<\/ul>\n\t<ul>\n<li><a href=\"https:\/\/www.miamibeachfl.gov\/wp-content\/uploads\/2024\/08\/HISTORIC-PRESERVATION-INFORMATIONAL-POST-WITH-INSTRUCTIONS.pdf\">Informationstafel zum Denkmalschutz mit Anleitung<\/a><\/li>\n<li><a href=\"\/wp-content\/uploads\/2025\/07\/Understory-Posting-4-8-25.pdf\">Unterholz-Posting<\/a><\/li>\n<li><a href=\"https:\/\/www.miamibeachfl.gov\/wp-content\/uploads\/2024\/01\/Affidavit-Park-Island.pdf\">Eidesstattliche Erkl\u00e4rung zu Park View Island<\/a><\/li>\n<li><a href=\"https:\/\/www.miamibeachfl.gov\/wp-content\/uploads\/2023\/02\/Miami-Dade-School-Concurrency-list-2-21-23-Fillable.pdf\">Miami Dade School Concurrency-Liste<\/a><\/li>\n<li><a href=\"https:\/\/www.miamibeachfl.gov\/wp-content\/uploads\/2023\/04\/Notice-of-Abandonment-of-DRB-Order-Form-4-12-23.pdf\">Mitteilung \u00fcber die Aufhebung der DRB-Anordnung<\/a><\/li>\n<li><a href=\"https:\/\/www.miamibeachfl.gov\/de\/city-hall\/planning\/resiliency-code\/\">Resilienzkodex (Zonenvorschriften)<\/a><\/li>\n<li><a href=\"https:\/\/www.miamibeachfl.gov\/wp-content\/uploads\/2025\/05\/CU-Checklist-05-25.pdf\">(CU) Checkliste f\u00fcr das Nutzungszertifikat<\/a>\n<ul>\n<li><a href=\"https:\/\/www.miamibeachfl.gov\/wp-content\/uploads\/2025\/09\/Spanish-CU-Checklist-CS-9-12-25.pdf\">(CU) Checkliste f\u00fcr die Nutzungsbescheinigung \u2013 Spanisch<\/a><\/li>\n<\/ul>\n<\/li>\n<li><a href=\"https:\/\/www.miamibeachfl.gov\/wp-content\/uploads\/2025\/08\/CU-Checklist-STR-08-18-2025.pdf\">(CU) Checkliste f\u00fcr die Nutzungsbescheinigung KURZZEITVERMIETUNG\u00a0<\/a>\n<ul>\n<li><a href=\"https:\/\/www.miamibeachfl.gov\/wp-content\/uploads\/2025\/09\/CU-Checklist-STR-Spanish.pdf\">(CU) Checkliste f\u00fcr die Nutzungsbescheinigung KURZZEITVERMIETUNG \u2013 Spanisch<\/a><\/li>\n<\/ul>\n<\/li>\n<li><a href=\"\/wp-content\/uploads\/2025\/07\/Condo-Letter-for-STR-7-25-25.pdf\">Eigentumswohnungsbrief f\u00fcr kurzfristige Mieten<\/a><\/li>\n<li><a href=\"https:\/\/www.miamibeachfl.gov\/wp-content\/uploads\/2025\/10\/Expedited-Plan-Review-Request-6-30-25-for-FY26.pdf\">Antrag auf beschleunigte Plan\u00fcberpr\u00fcfung<\/a><\/li>\n<li><a href=\"https:\/\/codehub.gridics.com\/us\/fl\/miami-beach#\/9e0e1745-d120-4fe6-8933-4a21c038e54d\/9c33c6d2-1f1d-456a-aa1b-15765cfaf1bf\/3294f819-de46-4386-974c-7d70883cb920\">Live Local Act-Antragsverfahren<\/a><\/li>\n<\/ul>\n\t\tNavigieren Sie zu\u2026\t\t\t\n\t\t\t\t\t<ul id=\"menu-planning-main-menu\"><li id=\"menu-item-393598\"><a href=\"\/de\/city-hall\/planning\/approved-live-local-act-applications\/\">Genehmigte Antr\u00e4ge nach dem Live Local Act<\/a><\/li>\n<li id=\"menu-item-363958\"><a href=\"\/de\/city-hall\/planning\/general-zoning-information-code-interpretation\/\">Allgemeine Zonierung und administrative Zonierungsinterpretation<\/a><\/li>\n<li id=\"menu-item-365954\"><a href=\"\/de\/city-hall\/planning\/certificate-of-use\/\">Holen Sie sich ein Nutzungszertifikat (Certificate of Use, CU)<\/a><\/li>\n<li id=\"menu-item-363959\"><a href=\"\/de\/city-hall\/planning\/land-development-dashboard\/\">Dashboard zur Landentwicklung<\/a><\/li>\n<li id=\"menu-item-363960\"><a href=\"\/de\/city-hall\/planning\/land-use-boards\/\">Landnutzungsbeh\u00f6rden<\/a><\/li>\n<li id=\"menu-item-363961\"><a href=\"\/de\/city-hall\/planning\/landscape-requirements\/\">Landschaftsanforderungen<\/a><\/li>\n<li id=\"menu-item-363962\"><a href=\"\/de\/city-hall\/planning\/planning-document-checklist\/\">Planungsunterlagen, Checklisten und Formulare<\/a><\/li>\n<li id=\"menu-item-363963\"><a href=\"\/de\/city-hall\/planning\/planning-faqs\/\">H\u00e4ufig gestellte Fragen zur Planung<\/a><\/li>\n<li id=\"menu-item-363964\"><a href=\"\/de\/city-hall\/planning\/maps-and-guidelines\/\">Planungskarten und Richtlinien<\/a><\/li>\n<li id=\"menu-item-363965\"><a href=\"\/de\/city-hall\/planning\/resiliency-code\/\">Resilienzcode\/Umfassender Plan<\/a><\/li>\n<li id=\"menu-item-363966\"><a href=\"\/de\/city-hall\/planning\/studies\/\">Studien und Benennungsberichte<\/a><\/li>\n<\/ul>\t\n\t<h2>\n\t\t\tVerwandte Ressourcen\t<\/h2>\n\t\t<ul>\n\t\t\t\t\t<li>\n\t\t\t\t\t<a href=\"https:\/\/www.miamibeachfl.gov\/de\/city-hall\/planning\/studies\/\" target=\"_self\">\n\t\t\t\t<h3>Anfrage zu \u00f6ffentlichen Geb\u00e4udeaufzeichnungen<\/h3>\n\t<\/a>\n\t\t\t<\/li>\n\t\t\t\t\t<li>\n\t\t\t\t\t<a href=\"https:\/\/payments.miamibeachfl.gov\/app\/\" target=\"_blank\">\n\t\t\t\t<h3>Online-Schnellzahlung<\/h3>\n\t<\/a>\n\t\t\t<\/li>\n\t\t\t\t\t<li>\n\t\t\t\t\t<a href=\"https:\/\/www.miamibeachfl.gov\/de\/city-hall\/building\/onlinepermits\/\" target=\"_blank\">\n\t\t\t\t<h3>Online-Ressourcenzentrum f\u00fcr Genehmigungen<\/h3>\n\t<\/a>\n\t\t\t<\/li>\n\t\t\t\t\t<li>\n\t\t\t\t\t<a href=\"https:\/\/eservices.miamibeachfl.gov\/energovprod\/selfservice#\/home\" target=\"_self\">\n\t\t\t\t<h3>B\u00fcrger-Self-Service (CSS)<\/h3>\n\t<\/a>\n\t\t\t<\/li>\n\t\t\t\t\t<li>\n\t\t\t\t\t<a href=\"https:\/\/www.miamibeachfl.gov\/de\/city-hall\/building\/events\/\" target=\"_blank\">\n\t\t\t\t<h3>Events &amp; Ank\u00fcndigungen<\/h3>\n\t<\/a>\n\t\t\t<\/li>\n\t\t\t\t<\/ul>\n\t<div class=\"page-navigation\"><a class=\"prev-page\" href=\"https:\/\/www.miamibeachfl.gov\/de\/trafficimpacts\/\">\u2190 Verkehrsbeeintr\u00e4chtigungen<\/a> <a class=\"next-page\" href=\"https:\/\/www.miamibeachfl.gov\/de\/city-hall\/planning\/planning-faqs\/\">Planungs-FAQs \u2192<\/a><\/div>","protected":false},"excerpt":{"rendered":"<p>Planning Documents, Checklists and Forms Home &gt; City Hall &gt; Planning &#038; Zoning &gt; Planning Documents, Checklists And Forms Awning [&hellip;]<\/p>\n","protected":false},"author":222,"featured_media":0,"parent":28864,"menu_order":120,"comment_status":"closed","ping_status":"closed","template":"","meta":{"_searchwp_excluded":"","site-sidebar-layout":"default","site-content-layout":"","ast-site-content-layout":"default","site-content-style":"default","site-sidebar-style":"default","ast-global-header-display":"","ast-banner-title-visibility":"","ast-main-header-display":"","ast-hfb-above-header-display":"","ast-hfb-below-header-display":"","ast-hfb-mobile-header-display":"","site-post-title":"","ast-breadcrumbs-content":"","ast-featured-img":"","footer-sml-layout":"","theme-transparent-header-meta":"","adv-header-id-meta":"","stick-header-meta":"","header-above-stick-meta":"","header-main-stick-meta":"","header-below-stick-meta":"","astra-migrate-meta-layouts":"default","ast-page-background-enabled":"default","ast-page-background-meta":{"desktop":{"background-color":"var(--ast-global-color-5)","background-image":"","background-repeat":"repeat","background-position":"center center","background-size":"auto","background-attachment":"scroll","background-type":"","background-media":"","overlay-type":"","overlay-color":"","overlay-opacity":"","overlay-gradient":""},"tablet":{"background-color":"","background-image":"","background-repeat":"repeat","background-position":"center center","background-size":"auto","background-attachment":"scroll","background-type":"","background-media":"","overlay-type":"","overlay-color":"","overlay-opacity":"","overlay-gradient":""},"mobile":{"background-color":"","background-image":"","background-repeat":"repeat","background-position":"center center","background-size":"auto","background-attachment":"scroll","background-type":"","background-media":"","overlay-type":"","overlay-color":"","overlay-opacity":"","overlay-gradient":""}},"ast-content-background-meta":{"desktop":{"background-color":"var(--ast-global-color-4)","background-image":"","background-repeat":"repeat","background-position":"center center","background-size":"auto","background-attachment":"scroll","background-type":"","background-media":"","overlay-type":"","overlay-color":"","overlay-opacity":"","overlay-gradient":""},"tablet":{"background-color":"var(--ast-global-color-4)","background-image":"","background-repeat":"repeat","background-position":"center center","background-size":"auto","background-attachment":"scroll","background-type":"","background-media":"","overlay-type":"","overlay-color":"","overlay-opacity":"","overlay-gradient":""},"mobile":{"background-color":"var(--ast-global-color-4)","background-image":"","background-repeat":"repeat","background-position":"center center","background-size":"auto","background-attachment":"scroll","background-type":"","background-media":"","overlay-type":"","overlay-color":"","overlay-opacity":"","overlay-gradient":""}},"footnotes":""},"categories":[],"tags":[343,1201,1200,1202,1056,1028],"class_list":["post-172604","page","type-page","status-publish","hentry","tag-building","tag-building-permitting-plan","tag-building-planning","tag-permit","tag-permits-checklists","tag-permitting-planning"],"yoast_head":"<!-- This site is optimized with the Yoast SEO Premium plugin v27.4 (Yoast SEO v27.4) - https:\/\/yoast.com\/product\/yoast-seo-premium-wordpress\/ -->\n<title>Planning Documents, Checklists And Forms - City of Miami Beach<\/title>\n<meta name=\"description\" content=\"%\" \/>\n<meta name=\"robots\" content=\"index, follow, max-snippet:-1, max-image-preview:large, max-video-preview:-1\" \/>\n<link rel=\"canonical\" href=\"https:\/\/www.miamibeachfl.gov\/de\/city-hall\/planning\/planning-document-checklist\/\" \/>\n<meta property=\"og:locale\" content=\"de_DE\" \/>\n<meta property=\"og:type\" content=\"article\" \/>\n<meta property=\"og:title\" content=\"Planning Documents, Checklists And Forms\" \/>\n<meta property=\"og:description\" content=\"%\" \/>\n<meta property=\"og:url\" content=\"https:\/\/www.miamibeachfl.gov\/de\/city-hall\/planning\/planning-document-checklist\/\" \/>\n<meta property=\"og:site_name\" content=\"City of Miami Beach\" \/>\n<meta property=\"article:publisher\" content=\"https:\/\/www.facebook.com\/cityofmiamibeach\" \/>\n<meta property=\"article:modified_time\" content=\"2026-04-29T15:33:22+00:00\" \/>\n<meta property=\"og:image\" content=\"https:\/\/www.miamibeachfl.gov\/wp-content\/uploads\/2022\/07\/hero-small.jpg\" \/>\n<meta name=\"twitter:card\" content=\"summary_large_image\" \/>\n<meta name=\"twitter:site\" content=\"@Miamibeachnews\" \/>\n<script type=\"application\/ld+json\" class=\"yoast-schema-graph\">{\"@context\":\"https:\\\/\\\/schema.org\",\"@graph\":[{\"@type\":\"WebPage\",\"@id\":\"https:\\\/\\\/www.miamibeachfl.gov\\\/city-hall\\\/planning\\\/planning-document-checklist\\\/\",\"url\":\"https:\\\/\\\/www.miamibeachfl.gov\\\/city-hall\\\/planning\\\/planning-document-checklist\\\/\",\"name\":\"Planning Documents, Checklists And Forms - City of Miami Beach\",\"isPartOf\":{\"@id\":\"https:\\\/\\\/www.miamibeachfl.gov\\\/#website\"},\"primaryImageOfPage\":{\"@id\":\"https:\\\/\\\/www.miamibeachfl.gov\\\/city-hall\\\/planning\\\/planning-document-checklist\\\/#primaryimage\"},\"image\":{\"@id\":\"https:\\\/\\\/www.miamibeachfl.gov\\\/city-hall\\\/planning\\\/planning-document-checklist\\\/#primaryimage\"},\"thumbnailUrl\":\"https:\\\/\\\/www.miamibeachfl.gov\\\/wp-content\\\/uploads\\\/2022\\\/07\\\/hero-small.jpg\",\"datePublished\":\"2021-11-10T18:09:20+00:00\",\"dateModified\":\"2026-04-29T15:33:22+00:00\",\"description\":\"%\",\"breadcrumb\":{\"@id\":\"https:\\\/\\\/www.miamibeachfl.gov\\\/city-hall\\\/planning\\\/planning-document-checklist\\\/#breadcrumb\"},\"inLanguage\":\"de\",\"potentialAction\":[{\"@type\":\"ReadAction\",\"target\":[\"https:\\\/\\\/www.miamibeachfl.gov\\\/city-hall\\\/planning\\\/planning-document-checklist\\\/\"]}]},{\"@type\":\"ImageObject\",\"inLanguage\":\"de\",\"@id\":\"https:\\\/\\\/www.miamibeachfl.gov\\\/city-hall\\\/planning\\\/planning-document-checklist\\\/#primaryimage\",\"url\":\"https:\\\/\\\/www.miamibeachfl.gov\\\/wp-content\\\/uploads\\\/2022\\\/07\\\/hero-small.jpg\",\"contentUrl\":\"https:\\\/\\\/www.miamibeachfl.gov\\\/wp-content\\\/uploads\\\/2022\\\/07\\\/hero-small.jpg\"},{\"@type\":\"BreadcrumbList\",\"@id\":\"https:\\\/\\\/www.miamibeachfl.gov\\\/city-hall\\\/planning\\\/planning-document-checklist\\\/#breadcrumb\",\"itemListElement\":[{\"@type\":\"ListItem\",\"position\":1,\"name\":\"Home\",\"item\":\"https:\\\/\\\/www.miamibeachfl.gov\\\/\"},{\"@type\":\"ListItem\",\"position\":2,\"name\":\"City Hall\",\"item\":\"https:\\\/\\\/www.miamibeachfl.gov\\\/city-hall\\\/\"},{\"@type\":\"ListItem\",\"position\":3,\"name\":\"Planning &#038; Zoning\",\"item\":\"https:\\\/\\\/www.miamibeachfl.gov\\\/city-hall\\\/planning\\\/\"},{\"@type\":\"ListItem\",\"position\":4,\"name\":\"Planning Documents, Checklists And Forms\"}]},{\"@type\":\"WebSite\",\"@id\":\"https:\\\/\\\/www.miamibeachfl.gov\\\/#website\",\"url\":\"https:\\\/\\\/www.miamibeachfl.gov\\\/\",\"name\":\"City of Miami Beach\",\"description\":\"The official website of the City of Miami Beach. Stay informed, find important information on city services, news, alerts, events, trolley routes, government employment and more.\",\"publisher\":{\"@id\":\"https:\\\/\\\/www.miamibeachfl.gov\\\/#organization\"},\"potentialAction\":[{\"@type\":\"SearchAction\",\"target\":{\"@type\":\"EntryPoint\",\"urlTemplate\":\"https:\\\/\\\/www.miamibeachfl.gov\\\/?s={search_term_string}\"},\"query-input\":{\"@type\":\"PropertyValueSpecification\",\"valueRequired\":true,\"valueName\":\"search_term_string\"}}],\"inLanguage\":\"de\"},{\"@type\":\"Organization\",\"@id\":\"https:\\\/\\\/www.miamibeachfl.gov\\\/#organization\",\"name\":\"City of Miami Beach\",\"url\":\"https:\\\/\\\/www.miamibeachfl.gov\\\/\",\"logo\":{\"@type\":\"ImageObject\",\"inLanguage\":\"de\",\"@id\":\"https:\\\/\\\/www.miamibeachfl.gov\\\/#\\\/schema\\\/logo\\\/image\\\/\",\"url\":\"https:\\\/\\\/www.miamibeachfl.gov\\\/wp-content\\\/uploads\\\/2022\\\/06\\\/miamibeach-logoblue.png\",\"contentUrl\":\"https:\\\/\\\/www.miamibeachfl.gov\\\/wp-content\\\/uploads\\\/2022\\\/06\\\/miamibeach-logoblue.png\",\"width\":1962,\"height\":381,\"caption\":\"City of Miami Beach\"},\"image\":{\"@id\":\"https:\\\/\\\/www.miamibeachfl.gov\\\/#\\\/schema\\\/logo\\\/image\\\/\"},\"sameAs\":[\"https:\\\/\\\/www.facebook.com\\\/cityofmiamibeach\",\"https:\\\/\\\/x.com\\\/Miamibeachnews\",\"https:\\\/\\\/www.instagram.com\\\/miamibeachnews\\\/\"],\"description\":\"The official website of the City of Miami Beach. Stay informed, find important information on city services, news, alerts, events, trolley routes, government employment and more.\",\"telephone\":\"305.604.CITY(2489)\",\"legalName\":\"City of Miami Beach\"}]}<\/script>\n<!-- \/ Yoast SEO Premium plugin. -->","yoast_head_json":{"title":"Planungsdokumente, Checklisten und Formulare \u2013 Stadt Miami Beach","description":"%","robots":{"index":"index","follow":"follow","max-snippet":"max-snippet:-1","max-image-preview":"max-image-preview:large","max-video-preview":"max-video-preview:-1"},"canonical":"https:\/\/www.miamibeachfl.gov\/de\/city-hall\/planning\/planning-document-checklist\/","og_locale":"de_DE","og_type":"article","og_title":"Planning Documents, Checklists And Forms","og_description":"%","og_url":"https:\/\/www.miamibeachfl.gov\/de\/city-hall\/planning\/planning-document-checklist\/","og_site_name":"City of Miami Beach","article_publisher":"https:\/\/www.facebook.com\/cityofmiamibeach","article_modified_time":"2026-04-29T15:33:22+00:00","og_image":[{"url":"https:\/\/www.miamibeachfl.gov\/wp-content\/uploads\/2022\/07\/hero-small.jpg","type":"","width":"","height":""}],"twitter_card":"summary_large_image","twitter_site":"@Miamibeachnews","schema":{"@context":"https:\/\/schema.org","@graph":[{"@type":"WebPage","@id":"https:\/\/www.miamibeachfl.gov\/city-hall\/planning\/planning-document-checklist\/","url":"https:\/\/www.miamibeachfl.gov\/city-hall\/planning\/planning-document-checklist\/","name":"Planungsdokumente, Checklisten und Formulare \u2013 Stadt Miami Beach","isPartOf":{"@id":"https:\/\/www.miamibeachfl.gov\/#website"},"primaryImageOfPage":{"@id":"https:\/\/www.miamibeachfl.gov\/city-hall\/planning\/planning-document-checklist\/#primaryimage"},"image":{"@id":"https:\/\/www.miamibeachfl.gov\/city-hall\/planning\/planning-document-checklist\/#primaryimage"},"thumbnailUrl":"https:\/\/www.miamibeachfl.gov\/wp-content\/uploads\/2022\/07\/hero-small.jpg","datePublished":"2021-11-10T18:09:20+00:00","dateModified":"2026-04-29T15:33:22+00:00","description":"%","breadcrumb":{"@id":"https:\/\/www.miamibeachfl.gov\/city-hall\/planning\/planning-document-checklist\/#breadcrumb"},"inLanguage":"de","potentialAction":[{"@type":"ReadAction","target":["https:\/\/www.miamibeachfl.gov\/city-hall\/planning\/planning-document-checklist\/"]}]},{"@type":"ImageObject","inLanguage":"de","@id":"https:\/\/www.miamibeachfl.gov\/city-hall\/planning\/planning-document-checklist\/#primaryimage","url":"https:\/\/www.miamibeachfl.gov\/wp-content\/uploads\/2022\/07\/hero-small.jpg","contentUrl":"https:\/\/www.miamibeachfl.gov\/wp-content\/uploads\/2022\/07\/hero-small.jpg"},{"@type":"BreadcrumbList","@id":"https:\/\/www.miamibeachfl.gov\/city-hall\/planning\/planning-document-checklist\/#breadcrumb","itemListElement":[{"@type":"ListItem","position":1,"name":"Home","item":"https:\/\/www.miamibeachfl.gov\/"},{"@type":"ListItem","position":2,"name":"City Hall","item":"https:\/\/www.miamibeachfl.gov\/city-hall\/"},{"@type":"ListItem","position":3,"name":"Planning &#038; Zoning","item":"https:\/\/www.miamibeachfl.gov\/city-hall\/planning\/"},{"@type":"ListItem","position":4,"name":"Planning Documents, Checklists And Forms"}]},{"@type":"WebSite","@id":"https:\/\/www.miamibeachfl.gov\/#website","url":"https:\/\/www.miamibeachfl.gov\/","name":"Stadt Miami Beach","description":"Die offizielle Website der Stadt Miami Beach. Bleiben Sie informiert und finden Sie wichtige Informationen zu st\u00e4dtischen Dienstleistungen, Neuigkeiten, Warnungen, Veranstaltungen, Stra\u00dfenbahnlinien, Stellenangeboten im \u00f6ffentlichen Dienst und mehr.","publisher":{"@id":"https:\/\/www.miamibeachfl.gov\/#organization"},"potentialAction":[{"@type":"SearchAction","target":{"@type":"EntryPoint","urlTemplate":"https:\/\/www.miamibeachfl.gov\/?s={search_term_string}"},"query-input":{"@type":"PropertyValueSpecification","valueRequired":true,"valueName":"search_term_string"}}],"inLanguage":"de"},{"@type":"Organization","@id":"https:\/\/www.miamibeachfl.gov\/#organization","name":"Stadt Miami Beach","url":"https:\/\/www.miamibeachfl.gov\/","logo":{"@type":"ImageObject","inLanguage":"de","@id":"https:\/\/www.miamibeachfl.gov\/#\/schema\/logo\/image\/","url":"https:\/\/www.miamibeachfl.gov\/wp-content\/uploads\/2022\/06\/miamibeach-logoblue.png","contentUrl":"https:\/\/www.miamibeachfl.gov\/wp-content\/uploads\/2022\/06\/miamibeach-logoblue.png","width":1962,"height":381,"caption":"City of Miami Beach"},"image":{"@id":"https:\/\/www.miamibeachfl.gov\/#\/schema\/logo\/image\/"},"sameAs":["https:\/\/www.facebook.com\/cityofmiamibeach","https:\/\/x.com\/Miamibeachnews","https:\/\/www.instagram.com\/miamibeachnews\/"],"description":"Die offizielle Website der Stadt Miami Beach. Bleiben Sie informiert und finden Sie wichtige Informationen zu st\u00e4dtischen Dienstleistungen, Neuigkeiten, Warnungen, Veranstaltungen, Stra\u00dfenbahnlinien, Stellenangeboten im \u00f6ffentlichen Dienst und mehr.","telephone":"305.604.CITY(2489)","legalName":"City of Miami Beach"}]}},"_links":{"self":[{"href":"https:\/\/www.miamibeachfl.gov\/de\/wp-json\/wp\/v2\/pages\/172604","targetHints":{"allow":["GET"]}}],"collection":[{"href":"https:\/\/www.miamibeachfl.gov\/de\/wp-json\/wp\/v2\/pages"}],"about":[{"href":"https:\/\/www.miamibeachfl.gov\/de\/wp-json\/wp\/v2\/types\/page"}],"author":[{"embeddable":true,"href":"https:\/\/www.miamibeachfl.gov\/de\/wp-json\/wp\/v2\/users\/222"}],"replies":[{"embeddable":true,"href":"https:\/\/www.miamibeachfl.gov\/de\/wp-json\/wp\/v2\/comments?post=172604"}],"version-history":[{"count":13,"href":"https:\/\/www.miamibeachfl.gov\/de\/wp-json\/wp\/v2\/pages\/172604\/revisions"}],"predecessor-version":[{"id":399819,"href":"https:\/\/www.miamibeachfl.gov\/de\/wp-json\/wp\/v2\/pages\/172604\/revisions\/399819"}],"up":[{"embeddable":true,"href":"https:\/\/www.miamibeachfl.gov\/de\/wp-json\/wp\/v2\/pages\/28864"}],"wp:attachment":[{"href":"https:\/\/www.miamibeachfl.gov\/de\/wp-json\/wp\/v2\/media?parent=172604"}],"wp:term":[{"taxonomy":"category","embeddable":true,"href":"https:\/\/www.miamibeachfl.gov\/de\/wp-json\/wp\/v2\/categories?post=172604"},{"taxonomy":"post_tag","embeddable":true,"href":"https:\/\/www.miamibeachfl.gov\/de\/wp-json\/wp\/v2\/tags?post=172604"}],"curies":[{"name":"wp","href":"https:\/\/api.w.org\/{rel}","templated":true}]}}