{"id":179847,"date":"2022-01-31T13:20:51","date_gmt":"2022-01-31T18:20:51","guid":{"rendered":"http:\/\/www.miamibeachfl.gov\/?page_id=179847"},"modified":"2026-03-03T10:54:53","modified_gmt":"2026-03-03T15:54:53","slug":"2021-covid-19-invitations-to-quote-itq-archived","status":"publish","type":"page","link":"https:\/\/www.miamibeachfl.gov\/de\/city-hall\/procurement\/bid-opportunities\/current-bid-opportunities\/2021-covid-19-invitations-to-quote-itq-archived\/","title":{"rendered":"COVID-19-ANGEBOTSANFRAGE (ITQ) 2021 ARCHIVIERT"},"content":{"rendered":"<img decoding=\"async\" src=\"https:\/\/www.miamibeachfl.gov\/wp-content\/uploads\/2022\/07\/hero-small.jpg\" alt=\"ocean drive art deco buildings\" itemprop=\"image\" height=\"211\" width=\"2395\" title=\"Held-klein\" onerror=\"this.style.display='none'\" loading=\"lazy\" \/>\n<h1>\n\t\t\tCOVID-19-ANGEBOTSANFRAGE (ITQ) 2021 ARCHIVIERT\t<\/h1>\n\t<nav id=\"breadcrumbs\" aria-label=\"Paniermehl\"><a href=\"https:\/\/www.miamibeachfl.gov\/de\/\">Heim<\/a> &gt; <a href=\"https:\/\/www.miamibeachfl.gov\/de\/city-hall\/\">Rathaus<\/a> &gt; <a href=\"https:\/\/www.miamibeachfl.gov\/de\/city-hall\/procurement\/\">Beschaffung<\/a> &gt; <a href=\"https:\/\/www.miamibeachfl.gov\/de\/city-hall\/procurement\/bid-opportunities\/\">Gebotsgelegenheiten<\/a> &gt; <a href=\"https:\/\/www.miamibeachfl.gov\/de\/city-hall\/procurement\/bid-opportunities\/current-bid-opportunities\/\">Aktuelle Ausschreibungen<\/a> &gt; <strong>COVID-19-ANGEBOTSANFRAGE (ITQ) 2021 ARCHIVIERT<\/strong><\/nav>\n\t<h3>COVID-19-ANGEBOTSANFRAGE (ITQ) 2021 ARCHIVIERT<\/h3>\n<p>Nachfolgend finden Sie Links zu den Preisen, die im Rahmen der von der Stadt herausgegebenen Ausschreibungen (ITQ) f\u00fcr COVID-19-bezogene Lieferungen eingegangen sind. Die angegebenen Preise stellen keine endg\u00fcltigen K\u00e4ufe dar. Endg\u00fcltige K\u00e4ufe h\u00e4ngen von vielen Faktoren ab, unter anderem von Produktverf\u00fcgbarkeit und Lieferzeiten, Produktspezifikationen, Zahlungsbedingungen und Kosten. Die Stadt beh\u00e4lt sich das Recht vor, COVID-19-Lieferungen gem\u00e4\u00df den aufgef\u00fchrten ITQs, st\u00e4dtischen Vertr\u00e4gen, Vertr\u00e4gen anderer Beh\u00f6rden oder freih\u00e4ndigen K\u00e4ufen zu erwerben. Bei Fragen wenden Sie sich bitte an\u00a0<a href=\"mailto:VendorSupport@MiamiBeachFL.gov\">VendorSupport@miamibeachfl.gov<\/a>.<\/p>\n<ul>\n<li><a href=\"http:\/\/www.miamibeachfl.gov\/wp-content\/uploads\/2020\/12\/ITQ-2021-043-DF-for-Nitrile-Gloves.pdf\" target=\"_blank\" rel=\"noopener noreferrer\">ITQ 2021-043-DF \u2013 F\u00fcr Gel-Handdesinfektionsmittel<\/a><\/li>\n<li><a href=\"http:\/\/www.miamibeachfl.gov\/wp-content\/uploads\/2021\/01\/ITQ-2021-061-DF-For-Purchase-of-Disposable-Gloves.pdf\" target=\"_blank\" rel=\"noopener noreferrer\">ITQ 2021-061-DF \u2013 Zum Kauf von Einweghandschuhen (sortiert)<\/a><\/li>\n<li><a href=\"http:\/\/www.miamibeachfl.gov\/wp-content\/uploads\/2021\/02\/ITQ-2021-116-DF-For-Gel-Hand-Sanitizer-1.pdf\" target=\"_blank\" rel=\"noopener noreferrer\">ITQ 2021-116-DF \u2013 F\u00fcr Gel-Handdesinfektionsmittel<\/a><\/li>\n<li><a href=\"http:\/\/www.miamibeachfl.gov\/wp-content\/uploads\/2021\/02\/2021-117-DF-Tab.pdf\" target=\"_blank\" rel=\"noopener noreferrer\">ITQ 2021-117-DF \u2013 Zur Desinfektion von Aerosolsprays, Desinfektionsfl\u00fcssigkeiten in gro\u00dfen Mengen und Verneblern<\/a><\/li>\n<li><a href=\"http:\/\/www.miamibeachfl.gov\/wp-content\/uploads\/2021\/02\/ITQ-2021-135-NA-For-Purchase-and-Delivery-of-Disposable-Gloves-1.pdf\" target=\"_blank\" rel=\"noopener noreferrer\">ITQ 2021-135-NA \u2013 F\u00fcr den Kauf von Einweghandschuhen<\/a><\/li>\n<li><a href=\"http:\/\/www.miamibeachfl.gov\/wp-content\/uploads\/2021\/03\/ITQ-2021-132-JA-For-the-Purchase-Delivery-of-HVAC-MERV-13-Pleated-Air-Filters.pdf\" target=\"_blank\" rel=\"noopener noreferrer\">ITQ 2021-132-JA \u2013 F\u00fcr den Kauf und die Lieferung von HVAC MERV 13 Plissee-Luftfiltern<\/a><\/li>\n<li><a href=\"http:\/\/www.miamibeachfl.gov\/wp-content\/uploads\/2021\/03\/ITQ-2021-139-JA-For-the-Purchase-Delivery-of-For-3\u2010Ply-Masks.pdf\" target=\"_blank\" rel=\"noopener noreferrer\">ITQ 2021-139-JA \u2013 F\u00fcr den Kauf und die Lieferung von 3-lagigen Masken<\/a><\/li>\n<li><a href=\"http:\/\/www.miamibeachfl.gov\/wp-content\/uploads\/2021\/04\/ITQ-2021-194-NA-For-the-Purchase-Delivery-of-Disinfecting-Wipes.pdf\" target=\"_blank\" rel=\"noopener noreferrer\">ITQ 2021-194-NA \u2013 F\u00fcr den Kauf und die Lieferung von Desinfektionst\u00fcchern<\/a><\/li>\n<li><a href=\"http:\/\/www.miamibeachfl.gov\/wp-content\/uploads\/2021\/05\/ITQ-2021-230-NA-For-the-Purchase-and-Delivery-of-Disposable-Gloves.pdf\" target=\"_blank\" rel=\"noopener noreferrer\">ITQ 2021-230-NA \u2013 F\u00fcr den Kauf und die Lieferung von Einweghandschuhen<\/a><\/li>\n<\/ul>\n<p>Bitte beachten Sie, dass wir uns kontinuierlich um die Einhaltung der Richtlinien f\u00fcr barrierefreie Webinhalte bem\u00fchen. Wenn Sie Fragen oder Bedenken zur Barrierefreiheit dieser Website haben oder Hilfe bei der Nutzung der auf dieser Website verf\u00fcgbaren Prozesse ben\u00f6tigen, kontaktieren Sie uns bitte unter 305.204.2489 Option 6 oder online \u00fcber das <a href=\"https:\/\/www.miamibeachfl.gov\/de\/city-hall\/public-works\/ada\/ada-request\/\">ADA-Antragsformular<\/a>Sollten Sie auf ein Problem mit der Barrierefreiheit sto\u00dfen, geben Sie bitte unbedingt die Webseite an. Wir werden alle angemessenen Anstrengungen unternehmen, um diese Seite barrierefrei zu gestalten. Weitere Informationen zum ADA finden Sie unter <a href=\"https:\/\/www.miamibeachfl.gov\/de\/city-hall\/public-works\/ada\/\" target=\"_blank\" rel=\"noopener noreferrer\">klicken Sie hier<\/a>.<\/p>\n\t\tNavigieren Sie zu\u2026\t\t\t\n\t\t\t\t\t<ul id=\"menu-procurement-bid-archives\"><li id=\"menu-item-363373\"><a href=\"\/de\/city-hall\/procurement\/bid-opportunities\/current-bid-opportunities\/2020-covid-19-invitations-to-quote-itq-archived\/\">COVID-19-Einladungen zur Angebotsabgabe (ITQ) 2020 archiviert<\/a><\/li>\n<li id=\"menu-item-363374\"><a href=\"\/de\/city-hall\/procurement\/bid-opportunities\/current-bid-opportunities\/2021-covid-19-invitations-to-quote-itq-archived\/\">COVID-19-ANGEBOTSANFRAGE (ITQ) 2021 ARCHIVIERT<\/a><\/li>\n<\/ul>\t\n\t<div class=\"page-navigation\"><a class=\"prev-page\" href=\"https:\/\/www.miamibeachfl.gov\/de\/community-development\/home-and-cdbg-2022-rfp\/\">\u2190 Startseite und CDBG 2023 RFA<\/a> <a class=\"next-page\" href=\"https:\/\/www.miamibeachfl.gov\/de\/city-hall\/procurement\/bid-opportunities\/\">Ausschreibungen \u2192<\/a><\/div>","protected":false},"excerpt":{"rendered":"<p>2021 COVID-19 INVITATIONS TO QUOTE (ITQ) ARCHIVED Home &gt; City Hall &gt; Procurement &gt; Bid Opportunities &gt; Current Bid Opportunities [&hellip;]<\/p>\n","protected":false},"author":26,"featured_media":0,"parent":28915,"menu_order":0,"comment_status":"closed","ping_status":"closed","template":"","meta":{"_searchwp_excluded":"","site-sidebar-layout":"default","site-content-layout":"","ast-site-content-layout":"default","site-content-style":"default","site-sidebar-style":"default","ast-global-header-display":"","ast-banner-title-visibility":"","ast-main-header-display":"","ast-hfb-above-header-display":"","ast-hfb-below-header-display":"","ast-hfb-mobile-header-display":"","site-post-title":"","ast-breadcrumbs-content":"","ast-featured-img":"","footer-sml-layout":"","theme-transparent-header-meta":"","adv-header-id-meta":"","stick-header-meta":"","header-above-stick-meta":"","header-main-stick-meta":"","header-below-stick-meta":"","astra-migrate-meta-layouts":"default","ast-page-background-enabled":"default","ast-page-background-meta":{"desktop":{"background-color":"var(--ast-global-color-5)","background-image":"","background-repeat":"repeat","background-position":"center center","background-size":"auto","background-attachment":"scroll","background-type":"","background-media":"","overlay-type":"","overlay-color":"","overlay-opacity":"","overlay-gradient":""},"tablet":{"background-color":"","background-image":"","background-repeat":"repeat","background-position":"center center","background-size":"auto","background-attachment":"scroll","background-type":"","background-media":"","overlay-type":"","overlay-color":"","overlay-opacity":"","overlay-gradient":""},"mobile":{"background-color":"","background-image":"","background-repeat":"repeat","background-position":"center center","background-size":"auto","background-attachment":"scroll","background-type":"","background-media":"","overlay-type":"","overlay-color":"","overlay-opacity":"","overlay-gradient":""}},"ast-content-background-meta":{"desktop":{"background-color":"var(--ast-global-color-4)","background-image":"","background-repeat":"repeat","background-position":"center center","background-size":"auto","background-attachment":"scroll","background-type":"","background-media":"","overlay-type":"","overlay-color":"","overlay-opacity":"","overlay-gradient":""},"tablet":{"background-color":"var(--ast-global-color-4)","background-image":"","background-repeat":"repeat","background-position":"center center","background-size":"auto","background-attachment":"scroll","background-type":"","background-media":"","overlay-type":"","overlay-color":"","overlay-opacity":"","overlay-gradient":""},"mobile":{"background-color":"var(--ast-global-color-4)","background-image":"","background-repeat":"repeat","background-position":"center center","background-size":"auto","background-attachment":"scroll","background-type":"","background-media":"","overlay-type":"","overlay-color":"","overlay-opacity":"","overlay-gradient":""}},"footnotes":""},"categories":[],"tags":[],"class_list":["post-179847","page","type-page","status-publish","hentry"],"yoast_head":"<!-- This site is optimized with the Yoast SEO Premium plugin v26.6 (Yoast SEO v26.6) - https:\/\/yoast.com\/wordpress\/plugins\/seo\/ -->\n<title>2021 COVID-19 INVITATIONS TO QUOTE (ITQ) ARCHIVED - City of Miami Beach<\/title>\n<meta name=\"description\" content=\"%\" \/>\n<meta name=\"robots\" content=\"index, follow, max-snippet:-1, max-image-preview:large, max-video-preview:-1\" \/>\n<link rel=\"canonical\" href=\"https:\/\/www.miamibeachfl.gov\/de\/city-hall\/procurement\/bid-opportunities\/current-bid-opportunities\/2021-covid-19-invitations-to-quote-itq-archived\/\" \/>\n<meta property=\"og:locale\" content=\"de_DE\" \/>\n<meta property=\"og:type\" content=\"article\" \/>\n<meta property=\"og:title\" content=\"2021 COVID-19 INVITATIONS TO QUOTE (ITQ) ARCHIVED\" \/>\n<meta property=\"og:description\" content=\"%\" \/>\n<meta property=\"og:url\" content=\"https:\/\/www.miamibeachfl.gov\/de\/city-hall\/procurement\/bid-opportunities\/current-bid-opportunities\/2021-covid-19-invitations-to-quote-itq-archived\/\" \/>\n<meta property=\"og:site_name\" content=\"City of Miami Beach\" \/>\n<meta property=\"article:publisher\" content=\"https:\/\/www.facebook.com\/cityofmiamibeach\" \/>\n<meta property=\"article:modified_time\" content=\"2026-03-03T15:54:53+00:00\" \/>\n<meta property=\"og:image\" content=\"https:\/\/www.miamibeachfl.gov\/wp-content\/uploads\/2022\/07\/hero-small.jpg\" \/>\n<meta name=\"twitter:card\" content=\"summary_large_image\" \/>\n<meta name=\"twitter:site\" content=\"@Miamibeachnews\" \/>\n<script type=\"application\/ld+json\" class=\"yoast-schema-graph\">{\"@context\":\"https:\/\/schema.org\",\"@graph\":[{\"@type\":\"WebPage\",\"@id\":\"https:\/\/www.miamibeachfl.gov\/city-hall\/procurement\/bid-opportunities\/current-bid-opportunities\/2021-covid-19-invitations-to-quote-itq-archived\/\",\"url\":\"https:\/\/www.miamibeachfl.gov\/city-hall\/procurement\/bid-opportunities\/current-bid-opportunities\/2021-covid-19-invitations-to-quote-itq-archived\/\",\"name\":\"2021 COVID-19 INVITATIONS TO QUOTE (ITQ) ARCHIVED - City of Miami Beach\",\"isPartOf\":{\"@id\":\"https:\/\/www.miamibeachfl.gov\/#website\"},\"primaryImageOfPage\":{\"@id\":\"https:\/\/www.miamibeachfl.gov\/city-hall\/procurement\/bid-opportunities\/current-bid-opportunities\/2021-covid-19-invitations-to-quote-itq-archived\/#primaryimage\"},\"image\":{\"@id\":\"https:\/\/www.miamibeachfl.gov\/city-hall\/procurement\/bid-opportunities\/current-bid-opportunities\/2021-covid-19-invitations-to-quote-itq-archived\/#primaryimage\"},\"thumbnailUrl\":\"https:\/\/www.miamibeachfl.gov\/wp-content\/uploads\/2022\/07\/hero-small.jpg\",\"datePublished\":\"2022-01-31T18:20:51+00:00\",\"dateModified\":\"2026-03-03T15:54:53+00:00\",\"description\":\"%\",\"breadcrumb\":{\"@id\":\"https:\/\/www.miamibeachfl.gov\/city-hall\/procurement\/bid-opportunities\/current-bid-opportunities\/2021-covid-19-invitations-to-quote-itq-archived\/#breadcrumb\"},\"inLanguage\":\"de\",\"potentialAction\":[{\"@type\":\"ReadAction\",\"target\":[\"https:\/\/www.miamibeachfl.gov\/city-hall\/procurement\/bid-opportunities\/current-bid-opportunities\/2021-covid-19-invitations-to-quote-itq-archived\/\"]}]},{\"@type\":\"ImageObject\",\"inLanguage\":\"de\",\"@id\":\"https:\/\/www.miamibeachfl.gov\/city-hall\/procurement\/bid-opportunities\/current-bid-opportunities\/2021-covid-19-invitations-to-quote-itq-archived\/#primaryimage\",\"url\":\"https:\/\/www.miamibeachfl.gov\/wp-content\/uploads\/2022\/07\/hero-small.jpg\",\"contentUrl\":\"https:\/\/www.miamibeachfl.gov\/wp-content\/uploads\/2022\/07\/hero-small.jpg\"},{\"@type\":\"BreadcrumbList\",\"@id\":\"https:\/\/www.miamibeachfl.gov\/city-hall\/procurement\/bid-opportunities\/current-bid-opportunities\/2021-covid-19-invitations-to-quote-itq-archived\/#breadcrumb\",\"itemListElement\":[{\"@type\":\"ListItem\",\"position\":1,\"name\":\"Home\",\"item\":\"https:\/\/www.miamibeachfl.gov\/\"},{\"@type\":\"ListItem\",\"position\":2,\"name\":\"City Hall\",\"item\":\"https:\/\/www.miamibeachfl.gov\/city-hall\/\"},{\"@type\":\"ListItem\",\"position\":3,\"name\":\"Procurement\",\"item\":\"https:\/\/www.miamibeachfl.gov\/city-hall\/procurement\/\"},{\"@type\":\"ListItem\",\"position\":4,\"name\":\"Bid Opportunities\",\"item\":\"https:\/\/www.miamibeachfl.gov\/city-hall\/procurement\/bid-opportunities\/\"},{\"@type\":\"ListItem\",\"position\":5,\"name\":\"Current Bid Opportunities\",\"item\":\"https:\/\/www.miamibeachfl.gov\/city-hall\/procurement\/bid-opportunities\/current-bid-opportunities\/\"},{\"@type\":\"ListItem\",\"position\":6,\"name\":\"2021 COVID-19 INVITATIONS TO QUOTE (ITQ) ARCHIVED\"}]},{\"@type\":\"WebSite\",\"@id\":\"https:\/\/www.miamibeachfl.gov\/#website\",\"url\":\"https:\/\/www.miamibeachfl.gov\/\",\"name\":\"City of Miami Beach\",\"description\":\"The official website of the City of Miami Beach. Stay informed, find important information on city services, news, alerts, events, trolley routes, government employment and more.\",\"publisher\":{\"@id\":\"https:\/\/www.miamibeachfl.gov\/#organization\"},\"potentialAction\":[{\"@type\":\"SearchAction\",\"target\":{\"@type\":\"EntryPoint\",\"urlTemplate\":\"https:\/\/www.miamibeachfl.gov\/?s={search_term_string}\"},\"query-input\":{\"@type\":\"PropertyValueSpecification\",\"valueRequired\":true,\"valueName\":\"search_term_string\"}}],\"inLanguage\":\"de\"},{\"@type\":\"Organization\",\"@id\":\"https:\/\/www.miamibeachfl.gov\/#organization\",\"name\":\"City of Miami Beach\",\"url\":\"https:\/\/www.miamibeachfl.gov\/\",\"logo\":{\"@type\":\"ImageObject\",\"inLanguage\":\"de\",\"@id\":\"https:\/\/www.miamibeachfl.gov\/#\/schema\/logo\/image\/\",\"url\":\"https:\/\/www.miamibeachfl.gov\/wp-content\/uploads\/2022\/06\/miamibeach-logoblue.png\",\"contentUrl\":\"https:\/\/www.miamibeachfl.gov\/wp-content\/uploads\/2022\/06\/miamibeach-logoblue.png\",\"width\":1962,\"height\":381,\"caption\":\"City of Miami Beach\"},\"image\":{\"@id\":\"https:\/\/www.miamibeachfl.gov\/#\/schema\/logo\/image\/\"},\"sameAs\":[\"https:\/\/www.facebook.com\/cityofmiamibeach\",\"https:\/\/x.com\/Miamibeachnews\",\"https:\/\/www.instagram.com\/miamibeachnews\/\"],\"description\":\"The official website of the City of Miami Beach. Stay informed, find important information on city services, news, alerts, events, trolley routes, government employment and more.\",\"telephone\":\"305.604.CITY(2489)\",\"legalName\":\"City of Miami Beach\"}]}<\/script>\n<!-- \/ Yoast SEO Premium plugin. -->","yoast_head_json":{"title":"2021 COVID-19-Einladungen zur Angebotsabgabe (ITQ) archiviert - Stadt Miami Beach","description":"%","robots":{"index":"index","follow":"follow","max-snippet":"max-snippet:-1","max-image-preview":"max-image-preview:large","max-video-preview":"max-video-preview:-1"},"canonical":"https:\/\/www.miamibeachfl.gov\/de\/city-hall\/procurement\/bid-opportunities\/current-bid-opportunities\/2021-covid-19-invitations-to-quote-itq-archived\/","og_locale":"de_DE","og_type":"article","og_title":"2021 COVID-19 INVITATIONS TO QUOTE (ITQ) ARCHIVED","og_description":"%","og_url":"https:\/\/www.miamibeachfl.gov\/de\/city-hall\/procurement\/bid-opportunities\/current-bid-opportunities\/2021-covid-19-invitations-to-quote-itq-archived\/","og_site_name":"City of Miami Beach","article_publisher":"https:\/\/www.facebook.com\/cityofmiamibeach","article_modified_time":"2026-03-03T15:54:53+00:00","og_image":[{"url":"https:\/\/www.miamibeachfl.gov\/wp-content\/uploads\/2022\/07\/hero-small.jpg","type":"","width":"","height":""}],"twitter_card":"summary_large_image","twitter_site":"@Miamibeachnews","schema":{"@context":"https:\/\/schema.org","@graph":[{"@type":"WebPage","@id":"https:\/\/www.miamibeachfl.gov\/city-hall\/procurement\/bid-opportunities\/current-bid-opportunities\/2021-covid-19-invitations-to-quote-itq-archived\/","url":"https:\/\/www.miamibeachfl.gov\/city-hall\/procurement\/bid-opportunities\/current-bid-opportunities\/2021-covid-19-invitations-to-quote-itq-archived\/","name":"2021 COVID-19-Einladungen zur Angebotsabgabe (ITQ) archiviert - Stadt Miami Beach","isPartOf":{"@id":"https:\/\/www.miamibeachfl.gov\/#website"},"primaryImageOfPage":{"@id":"https:\/\/www.miamibeachfl.gov\/city-hall\/procurement\/bid-opportunities\/current-bid-opportunities\/2021-covid-19-invitations-to-quote-itq-archived\/#primaryimage"},"image":{"@id":"https:\/\/www.miamibeachfl.gov\/city-hall\/procurement\/bid-opportunities\/current-bid-opportunities\/2021-covid-19-invitations-to-quote-itq-archived\/#primaryimage"},"thumbnailUrl":"https:\/\/www.miamibeachfl.gov\/wp-content\/uploads\/2022\/07\/hero-small.jpg","datePublished":"2022-01-31T18:20:51+00:00","dateModified":"2026-03-03T15:54:53+00:00","description":"%","breadcrumb":{"@id":"https:\/\/www.miamibeachfl.gov\/city-hall\/procurement\/bid-opportunities\/current-bid-opportunities\/2021-covid-19-invitations-to-quote-itq-archived\/#breadcrumb"},"inLanguage":"de","potentialAction":[{"@type":"ReadAction","target":["https:\/\/www.miamibeachfl.gov\/city-hall\/procurement\/bid-opportunities\/current-bid-opportunities\/2021-covid-19-invitations-to-quote-itq-archived\/"]}]},{"@type":"ImageObject","inLanguage":"de","@id":"https:\/\/www.miamibeachfl.gov\/city-hall\/procurement\/bid-opportunities\/current-bid-opportunities\/2021-covid-19-invitations-to-quote-itq-archived\/#primaryimage","url":"https:\/\/www.miamibeachfl.gov\/wp-content\/uploads\/2022\/07\/hero-small.jpg","contentUrl":"https:\/\/www.miamibeachfl.gov\/wp-content\/uploads\/2022\/07\/hero-small.jpg"},{"@type":"BreadcrumbList","@id":"https:\/\/www.miamibeachfl.gov\/city-hall\/procurement\/bid-opportunities\/current-bid-opportunities\/2021-covid-19-invitations-to-quote-itq-archived\/#breadcrumb","itemListElement":[{"@type":"ListItem","position":1,"name":"Home","item":"https:\/\/www.miamibeachfl.gov\/"},{"@type":"ListItem","position":2,"name":"City Hall","item":"https:\/\/www.miamibeachfl.gov\/city-hall\/"},{"@type":"ListItem","position":3,"name":"Procurement","item":"https:\/\/www.miamibeachfl.gov\/city-hall\/procurement\/"},{"@type":"ListItem","position":4,"name":"Bid Opportunities","item":"https:\/\/www.miamibeachfl.gov\/city-hall\/procurement\/bid-opportunities\/"},{"@type":"ListItem","position":5,"name":"Current Bid Opportunities","item":"https:\/\/www.miamibeachfl.gov\/city-hall\/procurement\/bid-opportunities\/current-bid-opportunities\/"},{"@type":"ListItem","position":6,"name":"2021 COVID-19 INVITATIONS TO QUOTE (ITQ) ARCHIVED"}]},{"@type":"WebSite","@id":"https:\/\/www.miamibeachfl.gov\/#website","url":"https:\/\/www.miamibeachfl.gov\/","name":"Stadt Miami Beach","description":"Die offizielle Website der Stadt Miami Beach. Bleiben Sie informiert und finden Sie wichtige Informationen zu st\u00e4dtischen Dienstleistungen, Neuigkeiten, Warnungen, Veranstaltungen, Stra\u00dfenbahnlinien, Stellenangeboten im \u00f6ffentlichen Dienst und mehr.","publisher":{"@id":"https:\/\/www.miamibeachfl.gov\/#organization"},"potentialAction":[{"@type":"SearchAction","target":{"@type":"EntryPoint","urlTemplate":"https:\/\/www.miamibeachfl.gov\/?s={search_term_string}"},"query-input":{"@type":"PropertyValueSpecification","valueRequired":true,"valueName":"search_term_string"}}],"inLanguage":"de"},{"@type":"Organization","@id":"https:\/\/www.miamibeachfl.gov\/#organization","name":"Stadt Miami Beach","url":"https:\/\/www.miamibeachfl.gov\/","logo":{"@type":"ImageObject","inLanguage":"de","@id":"https:\/\/www.miamibeachfl.gov\/#\/schema\/logo\/image\/","url":"https:\/\/www.miamibeachfl.gov\/wp-content\/uploads\/2022\/06\/miamibeach-logoblue.png","contentUrl":"https:\/\/www.miamibeachfl.gov\/wp-content\/uploads\/2022\/06\/miamibeach-logoblue.png","width":1962,"height":381,"caption":"City of Miami Beach"},"image":{"@id":"https:\/\/www.miamibeachfl.gov\/#\/schema\/logo\/image\/"},"sameAs":["https:\/\/www.facebook.com\/cityofmiamibeach","https:\/\/x.com\/Miamibeachnews","https:\/\/www.instagram.com\/miamibeachnews\/"],"description":"Die offizielle Website der Stadt Miami Beach. Bleiben Sie informiert und finden Sie wichtige Informationen zu st\u00e4dtischen Dienstleistungen, Neuigkeiten, Warnungen, Veranstaltungen, Stra\u00dfenbahnlinien, Stellenangeboten im \u00f6ffentlichen Dienst und mehr.","telephone":"305.604.CITY(2489)","legalName":"City of Miami Beach"}]}},"_links":{"self":[{"href":"https:\/\/www.miamibeachfl.gov\/de\/wp-json\/wp\/v2\/pages\/179847","targetHints":{"allow":["GET"]}}],"collection":[{"href":"https:\/\/www.miamibeachfl.gov\/de\/wp-json\/wp\/v2\/pages"}],"about":[{"href":"https:\/\/www.miamibeachfl.gov\/de\/wp-json\/wp\/v2\/types\/page"}],"author":[{"embeddable":true,"href":"https:\/\/www.miamibeachfl.gov\/de\/wp-json\/wp\/v2\/users\/26"}],"replies":[{"embeddable":true,"href":"https:\/\/www.miamibeachfl.gov\/de\/wp-json\/wp\/v2\/comments?post=179847"}],"version-history":[{"count":1,"href":"https:\/\/www.miamibeachfl.gov\/de\/wp-json\/wp\/v2\/pages\/179847\/revisions"}],"predecessor-version":[{"id":397040,"href":"https:\/\/www.miamibeachfl.gov\/de\/wp-json\/wp\/v2\/pages\/179847\/revisions\/397040"}],"up":[{"embeddable":true,"href":"https:\/\/www.miamibeachfl.gov\/de\/wp-json\/wp\/v2\/pages\/28915"}],"wp:attachment":[{"href":"https:\/\/www.miamibeachfl.gov\/de\/wp-json\/wp\/v2\/media?parent=179847"}],"wp:term":[{"taxonomy":"category","embeddable":true,"href":"https:\/\/www.miamibeachfl.gov\/de\/wp-json\/wp\/v2\/categories?post=179847"},{"taxonomy":"post_tag","embeddable":true,"href":"https:\/\/www.miamibeachfl.gov\/de\/wp-json\/wp\/v2\/tags?post=179847"}],"curies":[{"name":"wp","href":"https:\/\/api.w.org\/{rel}","templated":true}]}}