{"id":195688,"date":"2022-06-23T09:14:32","date_gmt":"2022-06-23T13:14:32","guid":{"rendered":"https:\/\/www.miamibeachfl.gov\/?page_id=195688"},"modified":"2025-06-02T22:04:56","modified_gmt":"2025-06-03T02:04:56","slug":"june-2022-business-spotlight","status":"publish","type":"page","link":"https:\/\/www.miamibeachfl.gov\/de\/spotlight\/june-2022-business-spotlight\/","title":{"rendered":"Business Spotlight Juni 2022"},"content":{"rendered":"<h5>\n\t\t<a href=\"https:\/\/www.miamibeachfl.gov\/de\/mbbiznews\/\" title=\"Abonnieren Sie hier, um den Wirtschaftsnewsletter der Stadt monatlich in Ihren Posteingang zu erhalten.\"  target=\"_blank\"  rel=\"noopener\">\n\t\t\tAbonnieren Sie hier, um den Wirtschaftsnewsletter der Stadt monatlich in Ihren Posteingang zu erhalten.\t\t<\/a>\n\t<\/h5>\n<h5>\n\t\t<a href=\"https:\/\/myemail.constantcontact.com\/Stay-connected-with-MB-Biz-.html?soid=1011085968389&#038;aid=q90qfhI4kxA\" title=\"Business Newsletter\"  target=\"_blank\"  rel=\"noopener\">\n\t\t\tBusiness Newsletter\t\t<\/a>\n\t<\/h5>\n\t<p><strong>Hut ab vor Tim Schmand f\u00fcr seine gro\u00dfartige Arbeit auf der Lincoln Road<\/strong><\/p>\n\t\t\t\t<img decoding=\"async\" src=\"https:\/\/www.miamibeachfl.gov\/wp-content\/uploads\/2022\/06\/1.jpg\" alt=\"1\" itemprop=\"image\" title=\"1\" onerror=\"this.style.display='none'\" loading='lazy' \/>\n\t<p>Jeder Gesch\u00e4ftsinhaber an der Lincoln Road kennt Timothy Schmand als den Mann mit dem schicken Fedora, der immer hilfsbereit ist. Viele kennen jedoch nicht die vielen anderen H\u00fcte, die Tim im Laufe seiner Karriere getragen hat. Der geb\u00fcrtige Buffalo, New Yorker, erz\u00e4hlt gerne die Geschichte seiner Ankunft in Miami Beach. 1979 trampte er von Buffalo nach Key West und dann nach Miami Beach, einer ruhigen Kleinstadt. Sein erster Job in S\u00fcdflorida war die Ausbildung geistig behinderter Erwachsener in Hausmeisterberufen in der N\u00e4he des Bahnbetriebswerks von Miami (im heutigen Wynwood). Damals hatte der Zirkus sein Basislager in der N\u00e4he des Bahnbetriebswerks, die Vorstellungen fanden jedoch im Miami Beach Convention Center statt. Gerne erinnert er sich an den legend\u00e4ren Elefantenmarsch \u00fcber den Venetian Causeway, ein unvergesslicher Anblick.<\/p>\n\t\t\t\t<img decoding=\"async\" src=\"https:\/\/www.miamibeachfl.gov\/wp-content\/plugins\/bb-plugin\/img\/pixel.png\" alt=\"\" itemprop=\"image\" onerror=\"this.style.display='none'\" loading='lazy' \/>\n\t\t\t\t<img decoding=\"async\" src=\"https:\/\/www.miamibeachfl.gov\/wp-content\/uploads\/2022\/06\/2.jpg\" alt=\"2\" itemprop=\"image\" title=\"2\" onerror=\"this.style.display='none'\" loading='lazy' \/>\n\t\t\t\t<img decoding=\"async\" src=\"https:\/\/www.miamibeachfl.gov\/wp-content\/plugins\/bb-plugin\/img\/pixel.png\" alt=\"\" itemprop=\"image\" onerror=\"this.style.display='none'\" loading='lazy' \/>\n\t<p>Nach einiger Zeit wechselte Tim als Teilzeit-Sicherheitskraft ins Historische Museum von S\u00fcdflorida, wo er nach zwei Jahren zum stellvertretenden Direktor f\u00fcr Marketing, Publikationen und Kommunikation bef\u00f6rdert wurde und die Leitung des Museumsshops \u00fcbernahm. Tim, ebenfalls ein aufstrebender Schriftsteller, schloss sein Studium mit einem Master of Fine Arts ab. Dieser akademische Erfolg erm\u00f6glichte ihm sein n\u00e4chstes Kapitel als Stipendienbewerber f\u00fcr das Science Museum (heute Phillip and Patricia Frost Museum of Science), den Fairchild Tropical Botanic Garden und den Bayfront Park Management Trust.<\/p>\n<p>W\u00e4hrend seiner Arbeit an einem Shakespeare-Festival-Stipendium f\u00fcr den Bayfront Park Management Trust wurde Tim gebeten, bei der Durchf\u00fchrung des Festivals mitzuhelfen. Diese neue Aufgabe f\u00fchrte zu einer 25-j\u00e4hrigen Karriere als Gesch\u00e4ftsf\u00fchrer des Bayfront Park Management Trust, wo Tim alle Aspekte der Bayfront und Museum Parks leitete. Unter Tims F\u00fchrung erzielten die Parks zwischen 2003 und 2016 einen Nettoumsatz von $7,5 Millionen und zogen 8,5 Millionen Besucher zu Konzerten, Sonderveranstaltungen und Gemeinschaftsaktivit\u00e4ten an. Eine seiner gr\u00f6\u00dften Errungenschaften ist das Ultra Music Festival 2008 im Bayfront Park, das zahlreiche Auszeichnungen erhielt, darunter die Aufnahme in die <em>Rolling Stone<\/em> Magazin Top 10 Konzerte der 20<sup>th<\/sup> Jahrhundert in den Vereinigten Staaten \u2013 eine Ehre, die sie mit der Woodstock Music and Art Fair (1969) und dem Coachella Valley Music and Arts Festival teilt.<\/p>\n<p>Obwohl er schon mit dem Gedanken gespielt hatte, in den Ruhestand zu gehen, scheute Tim noch nie eine Herausforderung. Im Jahr 2017 wagte er den Schritt und wurde Interim Executive Director im Coconut Grove Business Improvement District, wo er mit seiner Expertise und seinem Wissen zur Umgestaltung des Gesch\u00e4ftsviertels beitrug.<\/p>\n<p>Tim f\u00fchrt sein Interesse an urbaner Raumgestaltung und sein umfassendes Wissen \u00fcber die Belebung von Au\u00dfenbereichen auf das Buch \u201eThe Social Life of Small Urban Spaces\u201c von William H. Whyte zur\u00fcck. Whytes Buch, das eine kleine Revolution in der Stadtplanung und Gestaltung \u00f6ffentlicher R\u00e4ume ausl\u00f6ste, hat seine Ansichten und sein Managementgeschick dar\u00fcber, wie \u00f6ffentliche R\u00e4ume zum Wohlbefinden einer Gemeinschaft beitragen, gepr\u00e4gt und ver\u00e4ndert.<\/p>\n\t\t\t\t<img decoding=\"async\" src=\"https:\/\/www.miamibeachfl.gov\/wp-content\/uploads\/2022\/06\/3.jpg\" alt=\"3\" itemprop=\"image\" title=\"3\" onerror=\"this.style.display='none'\" loading='lazy' \/>\n\t<p>Im Jahr 2017 \u00fcbernahm Tim eine neue Funktion und wurde Gesch\u00e4ftsf\u00fchrer des Lincoln Road Business Improvement District.<\/p>\n<p>\u201eIch habe mein erstes Geschenk f\u00fcr die Liebe meines Lebens in der Lincoln Road gekauft\u201c, erz\u00e4hlte Tim. \u201eWir haben unsere Eheringe in der Lincoln Road gekauft, bevor wir im alten Rathaus geheiratet haben. Die Lincoln Road wird immer einen besonderen Platz in meinem Herzen haben.\u201c<\/p>\n\t\t\t\t<img decoding=\"async\" src=\"https:\/\/www.miamibeachfl.gov\/wp-content\/uploads\/2022\/06\/4.png\" alt=\"4\" itemprop=\"image\" title=\"4\" onerror=\"this.style.display='none'\" loading='lazy' \/>\n\t<p>Mit Herz und Verstand hat Tim in seiner f\u00fcnfj\u00e4hrigen Amtszeit die kleine Wirtschaftsrevolution der Lincoln Road angef\u00fchrt. Er hat ein international bekanntes Reiseziel mit Kunst und Kultur, erstklassiger Gastronomie und Einzelhandel sowie familienfreundlichen Programmen aufgebaut. Wie jedes globale Gesch\u00e4ftsviertel war auch die Lincoln Road w\u00e4hrend der Pandemie stark betroffen. Dennoch nahm Tim die Herausforderung an und nutzte seine kulturelle Erfahrung, um von Herbst 2019 bis Fr\u00fchjahr 2020 13 monumentale Botero-Skulpturen auf der Fu\u00dfg\u00e4ngerpromenade auszustellen. Er ermutigte Anwohner und Besucher, die Freifl\u00e4chen der Lincoln Road zu genie\u00dfen und mit H\u00e4ndlern in Kontakt zu treten, die Essen zum Mitnehmen und k\u00fcnstlerische Unterhaltung unter Einhaltung der Abstandsregeln anbieten.<\/p>\n<p>Auf die Frage nach seinem Verm\u00e4chtnis antwortete der leise sprechende, charmante, stilvolle und sympathische Tim, er wolle als Vorreiter f\u00fcr urbane und offene R\u00e4ume in Erinnerung bleiben, der sein Berufsleben der Unterst\u00fctzung von H\u00e4ndlern und der Entwicklung von R\u00e4umen von einfacher urbaner Raumgestaltung zu unvergesslichen und nahezu perfekten Gewerbe- und Au\u00dfenr\u00e4umen gewidmet habe. Ebenso hoffe er, dass sein Einfluss Anwohner, Unternehmen und Touristen inspiriert habe.<\/p>\n<p>\u201eIch freue mich und bin stolz, dass sich die Lincoln Road zu einem einladenden st\u00e4dtischen \u00f6ffentlichen Raum mit Sonne, Schatten, Essen, B\u00e4umen, Brunnen, Unterhaltung und Menschen entwickelt hat\u201c, sagte Tim. \u201eWie Whyte vor 30 Jahren schrieb, bringen \u00f6ffentliche R\u00e4ume Menschen zusammen, und die Lincoln Road ist ein hervorragendes Beispiel f\u00fcr Nachhaltigkeit, das weiterhin floriert. Ich bin stolz darauf, dass die Verantwortlichen, Mitglieder, das Team und die Gemeinde der Lincoln Road w\u00e4hrend der j\u00fcngsten Pandemie R\u00e4ume er\u00f6ffnet und gestaltet haben, die Leben ver\u00e4ndert haben, indem sie diese Gemeinschaft vereint, eingebunden und geheilt haben. Die Lincoln Road ist etwas Besonderes \u2013 hier k\u00f6nnen sich zwei Fremde treffen und unterhalten, ein Paar gem\u00fctlich spazieren gehen, Jugendliche eine Pizza genie\u00dfen, Kollegen einen Cafecito trinken und alle an einer Einkaufstherapie teilnehmen.\u201c<\/p>\n<p>Tim ist Absolvent des State University College of New York und besitzt au\u00dferdem einen Master of Fine Arts vom Vermont College. Er plant, seine Sammlung von B\u00fcchern, die er verfasst und ver\u00f6ffentlicht hat, zu erweitern \u2013 \u201eJust Johnson; The London Delivery\u201c und \u201eThe True Tales of Bad Benny Taggart\u201c.<\/p>\n<p>Hut ab vor Tim f\u00fcr alles, was er f\u00fcr die Stadt Miami Beach und Lincoln Road geleistet hat. Seine Beitr\u00e4ge und Erfolge werden gefeiert, und wir w\u00fcnschen ihm alles Gute f\u00fcr sein n\u00e4chstes Kapitel!<\/p>\n\t\t\t\t<img decoding=\"async\" src=\"https:\/\/www.miamibeachfl.gov\/wp-content\/uploads\/2022\/06\/5.png\" alt=\"5\" itemprop=\"image\" title=\"5\" onerror=\"this.style.display='none'\" loading='lazy' \/>","protected":false},"excerpt":{"rendered":"<p>Subscribe here to receive the City&#8217;s business newsletter to your inbox monthly. Business Newsletter HATS OFF TO TIM SCHMAND FOR [&hellip;]<\/p>\n","protected":false},"author":222,"featured_media":0,"parent":253255,"menu_order":0,"comment_status":"closed","ping_status":"closed","template":"","meta":{"_searchwp_excluded":"","site-sidebar-layout":"default","site-content-layout":"","ast-site-content-layout":"default","site-content-style":"default","site-sidebar-style":"default","ast-global-header-display":"","ast-banner-title-visibility":"","ast-main-header-display":"","ast-hfb-above-header-display":"","ast-hfb-below-header-display":"","ast-hfb-mobile-header-display":"","site-post-title":"","ast-breadcrumbs-content":"","ast-featured-img":"","footer-sml-layout":"","theme-transparent-header-meta":"","adv-header-id-meta":"","stick-header-meta":"","header-above-stick-meta":"","header-main-stick-meta":"","header-below-stick-meta":"","astra-migrate-meta-layouts":"default","ast-page-background-enabled":"default","ast-page-background-meta":{"desktop":{"background-color":"var(--ast-global-color-5)","background-image":"","background-repeat":"repeat","background-position":"center center","background-size":"auto","background-attachment":"scroll","background-type":"","background-media":"","overlay-type":"","overlay-color":"","overlay-opacity":"","overlay-gradient":""},"tablet":{"background-color":"","background-image":"","background-repeat":"repeat","background-position":"center center","background-size":"auto","background-attachment":"scroll","background-type":"","background-media":"","overlay-type":"","overlay-color":"","overlay-opacity":"","overlay-gradient":""},"mobile":{"background-color":"","background-image":"","background-repeat":"repeat","background-position":"center center","background-size":"auto","background-attachment":"scroll","background-type":"","background-media":"","overlay-type":"","overlay-color":"","overlay-opacity":"","overlay-gradient":""}},"ast-content-background-meta":{"desktop":{"background-color":"var(--ast-global-color-4)","background-image":"","background-repeat":"repeat","background-position":"center center","background-size":"auto","background-attachment":"scroll","background-type":"","background-media":"","overlay-type":"","overlay-color":"","overlay-opacity":"","overlay-gradient":""},"tablet":{"background-color":"var(--ast-global-color-4)","background-image":"","background-repeat":"repeat","background-position":"center center","background-size":"auto","background-attachment":"scroll","background-type":"","background-media":"","overlay-type":"","overlay-color":"","overlay-opacity":"","overlay-gradient":""},"mobile":{"background-color":"var(--ast-global-color-4)","background-image":"","background-repeat":"repeat","background-position":"center center","background-size":"auto","background-attachment":"scroll","background-type":"","background-media":"","overlay-type":"","overlay-color":"","overlay-opacity":"","overlay-gradient":""}},"footnotes":""},"categories":[],"tags":[],"class_list":["post-195688","page","type-page","status-publish","hentry"],"yoast_head":"<!-- This site is optimized with the Yoast SEO Premium plugin v26.6 (Yoast SEO v26.6) - https:\/\/yoast.com\/wordpress\/plugins\/seo\/ -->\n<title>June 2022 Business Spotlight - City of Miami Beach<\/title>\n<meta name=\"description\" content=\"%\" \/>\n<meta name=\"robots\" content=\"index, follow, max-snippet:-1, max-image-preview:large, max-video-preview:-1\" \/>\n<link rel=\"canonical\" href=\"https:\/\/www.miamibeachfl.gov\/de\/spotlight\/june-2022-business-spotlight\/\" \/>\n<meta property=\"og:locale\" content=\"de_DE\" \/>\n<meta property=\"og:type\" content=\"article\" \/>\n<meta property=\"og:title\" content=\"June 2022 Business Spotlight\" \/>\n<meta property=\"og:description\" content=\"%\" \/>\n<meta property=\"og:url\" content=\"https:\/\/www.miamibeachfl.gov\/de\/spotlight\/june-2022-business-spotlight\/\" \/>\n<meta property=\"og:site_name\" content=\"City of Miami Beach\" \/>\n<meta property=\"article:publisher\" content=\"https:\/\/www.facebook.com\/cityofmiamibeach\" \/>\n<meta property=\"article:modified_time\" content=\"2025-06-03T02:04:56+00:00\" \/>\n<meta property=\"og:image\" content=\"https:\/\/www.miamibeachfl.gov\/wp-content\/uploads\/2022\/06\/1.jpg\" \/>\n<meta name=\"twitter:card\" content=\"summary_large_image\" \/>\n<meta name=\"twitter:site\" content=\"@Miamibeachnews\" \/>\n<script type=\"application\/ld+json\" class=\"yoast-schema-graph\">{\"@context\":\"https:\/\/schema.org\",\"@graph\":[{\"@type\":\"WebPage\",\"@id\":\"https:\/\/www.miamibeachfl.gov\/spotlight\/june-2022-business-spotlight\/\",\"url\":\"https:\/\/www.miamibeachfl.gov\/spotlight\/june-2022-business-spotlight\/\",\"name\":\"June 2022 Business Spotlight - City of Miami Beach\",\"isPartOf\":{\"@id\":\"https:\/\/www.miamibeachfl.gov\/#website\"},\"primaryImageOfPage\":{\"@id\":\"https:\/\/www.miamibeachfl.gov\/spotlight\/june-2022-business-spotlight\/#primaryimage\"},\"image\":{\"@id\":\"https:\/\/www.miamibeachfl.gov\/spotlight\/june-2022-business-spotlight\/#primaryimage\"},\"thumbnailUrl\":\"https:\/\/www.miamibeachfl.gov\/wp-content\/uploads\/2022\/06\/1.jpg\",\"datePublished\":\"2022-06-23T13:14:32+00:00\",\"dateModified\":\"2025-06-03T02:04:56+00:00\",\"description\":\"%\",\"breadcrumb\":{\"@id\":\"https:\/\/www.miamibeachfl.gov\/spotlight\/june-2022-business-spotlight\/#breadcrumb\"},\"inLanguage\":\"de\",\"potentialAction\":[{\"@type\":\"ReadAction\",\"target\":[\"https:\/\/www.miamibeachfl.gov\/spotlight\/june-2022-business-spotlight\/\"]}]},{\"@type\":\"ImageObject\",\"inLanguage\":\"de\",\"@id\":\"https:\/\/www.miamibeachfl.gov\/spotlight\/june-2022-business-spotlight\/#primaryimage\",\"url\":\"https:\/\/www.miamibeachfl.gov\/wp-content\/uploads\/2022\/06\/1.jpg\",\"contentUrl\":\"https:\/\/www.miamibeachfl.gov\/wp-content\/uploads\/2022\/06\/1.jpg\"},{\"@type\":\"BreadcrumbList\",\"@id\":\"https:\/\/www.miamibeachfl.gov\/spotlight\/june-2022-business-spotlight\/#breadcrumb\",\"itemListElement\":[{\"@type\":\"ListItem\",\"position\":1,\"name\":\"Home\",\"item\":\"https:\/\/www.miamibeachfl.gov\/\"},{\"@type\":\"ListItem\",\"position\":2,\"name\":\"Business Newsletters and Spotlights\",\"item\":\"https:\/\/www.miamibeachfl.gov\/spotlight\/\"},{\"@type\":\"ListItem\",\"position\":3,\"name\":\"June 2022 Business Spotlight\"}]},{\"@type\":\"WebSite\",\"@id\":\"https:\/\/www.miamibeachfl.gov\/#website\",\"url\":\"https:\/\/www.miamibeachfl.gov\/\",\"name\":\"City of Miami Beach\",\"description\":\"The official website of the City of Miami Beach. Stay informed, find important information on city services, news, alerts, events, trolley routes, government employment and more.\",\"publisher\":{\"@id\":\"https:\/\/www.miamibeachfl.gov\/#organization\"},\"potentialAction\":[{\"@type\":\"SearchAction\",\"target\":{\"@type\":\"EntryPoint\",\"urlTemplate\":\"https:\/\/www.miamibeachfl.gov\/?s={search_term_string}\"},\"query-input\":{\"@type\":\"PropertyValueSpecification\",\"valueRequired\":true,\"valueName\":\"search_term_string\"}}],\"inLanguage\":\"de\"},{\"@type\":\"Organization\",\"@id\":\"https:\/\/www.miamibeachfl.gov\/#organization\",\"name\":\"City of Miami Beach\",\"url\":\"https:\/\/www.miamibeachfl.gov\/\",\"logo\":{\"@type\":\"ImageObject\",\"inLanguage\":\"de\",\"@id\":\"https:\/\/www.miamibeachfl.gov\/#\/schema\/logo\/image\/\",\"url\":\"https:\/\/www.miamibeachfl.gov\/wp-content\/uploads\/2022\/06\/miamibeach-logoblue.png\",\"contentUrl\":\"https:\/\/www.miamibeachfl.gov\/wp-content\/uploads\/2022\/06\/miamibeach-logoblue.png\",\"width\":1962,\"height\":381,\"caption\":\"City of Miami Beach\"},\"image\":{\"@id\":\"https:\/\/www.miamibeachfl.gov\/#\/schema\/logo\/image\/\"},\"sameAs\":[\"https:\/\/www.facebook.com\/cityofmiamibeach\",\"https:\/\/x.com\/Miamibeachnews\",\"https:\/\/www.instagram.com\/miamibeachnews\/\"],\"description\":\"The official website of the City of Miami Beach. Stay informed, find important information on city services, news, alerts, events, trolley routes, government employment and more.\",\"telephone\":\"305.604.CITY(2489)\",\"legalName\":\"City of Miami Beach\"}]}<\/script>\n<!-- \/ Yoast SEO Premium plugin. -->","yoast_head_json":{"title":"Business Spotlight Juni 2022 \u2013 Stadt Miami Beach","description":"%","robots":{"index":"index","follow":"follow","max-snippet":"max-snippet:-1","max-image-preview":"max-image-preview:large","max-video-preview":"max-video-preview:-1"},"canonical":"https:\/\/www.miamibeachfl.gov\/de\/spotlight\/june-2022-business-spotlight\/","og_locale":"de_DE","og_type":"article","og_title":"June 2022 Business Spotlight","og_description":"%","og_url":"https:\/\/www.miamibeachfl.gov\/de\/spotlight\/june-2022-business-spotlight\/","og_site_name":"City of Miami Beach","article_publisher":"https:\/\/www.facebook.com\/cityofmiamibeach","article_modified_time":"2025-06-03T02:04:56+00:00","og_image":[{"url":"https:\/\/www.miamibeachfl.gov\/wp-content\/uploads\/2022\/06\/1.jpg","type":"","width":"","height":""}],"twitter_card":"summary_large_image","twitter_site":"@Miamibeachnews","schema":{"@context":"https:\/\/schema.org","@graph":[{"@type":"WebPage","@id":"https:\/\/www.miamibeachfl.gov\/spotlight\/june-2022-business-spotlight\/","url":"https:\/\/www.miamibeachfl.gov\/spotlight\/june-2022-business-spotlight\/","name":"Business Spotlight Juni 2022 \u2013 Stadt Miami Beach","isPartOf":{"@id":"https:\/\/www.miamibeachfl.gov\/#website"},"primaryImageOfPage":{"@id":"https:\/\/www.miamibeachfl.gov\/spotlight\/june-2022-business-spotlight\/#primaryimage"},"image":{"@id":"https:\/\/www.miamibeachfl.gov\/spotlight\/june-2022-business-spotlight\/#primaryimage"},"thumbnailUrl":"https:\/\/www.miamibeachfl.gov\/wp-content\/uploads\/2022\/06\/1.jpg","datePublished":"2022-06-23T13:14:32+00:00","dateModified":"2025-06-03T02:04:56+00:00","description":"%","breadcrumb":{"@id":"https:\/\/www.miamibeachfl.gov\/spotlight\/june-2022-business-spotlight\/#breadcrumb"},"inLanguage":"de","potentialAction":[{"@type":"ReadAction","target":["https:\/\/www.miamibeachfl.gov\/spotlight\/june-2022-business-spotlight\/"]}]},{"@type":"ImageObject","inLanguage":"de","@id":"https:\/\/www.miamibeachfl.gov\/spotlight\/june-2022-business-spotlight\/#primaryimage","url":"https:\/\/www.miamibeachfl.gov\/wp-content\/uploads\/2022\/06\/1.jpg","contentUrl":"https:\/\/www.miamibeachfl.gov\/wp-content\/uploads\/2022\/06\/1.jpg"},{"@type":"BreadcrumbList","@id":"https:\/\/www.miamibeachfl.gov\/spotlight\/june-2022-business-spotlight\/#breadcrumb","itemListElement":[{"@type":"ListItem","position":1,"name":"Home","item":"https:\/\/www.miamibeachfl.gov\/"},{"@type":"ListItem","position":2,"name":"Business Newsletters and Spotlights","item":"https:\/\/www.miamibeachfl.gov\/spotlight\/"},{"@type":"ListItem","position":3,"name":"June 2022 Business Spotlight"}]},{"@type":"WebSite","@id":"https:\/\/www.miamibeachfl.gov\/#website","url":"https:\/\/www.miamibeachfl.gov\/","name":"Stadt Miami Beach","description":"Die offizielle Website der Stadt Miami Beach. Bleiben Sie informiert und finden Sie wichtige Informationen zu st\u00e4dtischen Dienstleistungen, Neuigkeiten, Warnungen, Veranstaltungen, Stra\u00dfenbahnlinien, Stellenangeboten im \u00f6ffentlichen Dienst und mehr.","publisher":{"@id":"https:\/\/www.miamibeachfl.gov\/#organization"},"potentialAction":[{"@type":"SearchAction","target":{"@type":"EntryPoint","urlTemplate":"https:\/\/www.miamibeachfl.gov\/?s={search_term_string}"},"query-input":{"@type":"PropertyValueSpecification","valueRequired":true,"valueName":"search_term_string"}}],"inLanguage":"de"},{"@type":"Organization","@id":"https:\/\/www.miamibeachfl.gov\/#organization","name":"Stadt Miami Beach","url":"https:\/\/www.miamibeachfl.gov\/","logo":{"@type":"ImageObject","inLanguage":"de","@id":"https:\/\/www.miamibeachfl.gov\/#\/schema\/logo\/image\/","url":"https:\/\/www.miamibeachfl.gov\/wp-content\/uploads\/2022\/06\/miamibeach-logoblue.png","contentUrl":"https:\/\/www.miamibeachfl.gov\/wp-content\/uploads\/2022\/06\/miamibeach-logoblue.png","width":1962,"height":381,"caption":"City of Miami Beach"},"image":{"@id":"https:\/\/www.miamibeachfl.gov\/#\/schema\/logo\/image\/"},"sameAs":["https:\/\/www.facebook.com\/cityofmiamibeach","https:\/\/x.com\/Miamibeachnews","https:\/\/www.instagram.com\/miamibeachnews\/"],"description":"Die offizielle Website der Stadt Miami Beach. Bleiben Sie informiert und finden Sie wichtige Informationen zu st\u00e4dtischen Dienstleistungen, Neuigkeiten, Warnungen, Veranstaltungen, Stra\u00dfenbahnlinien, Stellenangeboten im \u00f6ffentlichen Dienst und mehr.","telephone":"305.604.CITY(2489)","legalName":"City of Miami Beach"}]}},"_links":{"self":[{"href":"https:\/\/www.miamibeachfl.gov\/de\/wp-json\/wp\/v2\/pages\/195688","targetHints":{"allow":["GET"]}}],"collection":[{"href":"https:\/\/www.miamibeachfl.gov\/de\/wp-json\/wp\/v2\/pages"}],"about":[{"href":"https:\/\/www.miamibeachfl.gov\/de\/wp-json\/wp\/v2\/types\/page"}],"author":[{"embeddable":true,"href":"https:\/\/www.miamibeachfl.gov\/de\/wp-json\/wp\/v2\/users\/222"}],"replies":[{"embeddable":true,"href":"https:\/\/www.miamibeachfl.gov\/de\/wp-json\/wp\/v2\/comments?post=195688"}],"version-history":[{"count":1,"href":"https:\/\/www.miamibeachfl.gov\/de\/wp-json\/wp\/v2\/pages\/195688\/revisions"}],"predecessor-version":[{"id":375064,"href":"https:\/\/www.miamibeachfl.gov\/de\/wp-json\/wp\/v2\/pages\/195688\/revisions\/375064"}],"up":[{"embeddable":true,"href":"https:\/\/www.miamibeachfl.gov\/de\/wp-json\/wp\/v2\/pages\/253255"}],"wp:attachment":[{"href":"https:\/\/www.miamibeachfl.gov\/de\/wp-json\/wp\/v2\/media?parent=195688"}],"wp:term":[{"taxonomy":"category","embeddable":true,"href":"https:\/\/www.miamibeachfl.gov\/de\/wp-json\/wp\/v2\/categories?post=195688"},{"taxonomy":"post_tag","embeddable":true,"href":"https:\/\/www.miamibeachfl.gov\/de\/wp-json\/wp\/v2\/tags?post=195688"}],"curies":[{"name":"wp","href":"https:\/\/api.w.org\/{rel}","templated":true}]}}