{"id":197442,"date":"2022-07-13T09:03:00","date_gmt":"2022-07-13T13:03:00","guid":{"rendered":"https:\/\/www.miamibeachfl.gov\/?page_id=197442"},"modified":"2026-01-15T11:04:23","modified_gmt":"2026-01-15T16:04:23","slug":"mb-community","status":"publish","type":"page","link":"https:\/\/www.miamibeachfl.gov\/de\/business\/mb-community\/","title":{"rendered":"MB-Community"},"content":{"rendered":"<h3>\n\t\t\tGemeindeentwicklung\t<\/h3>\n<h3>\n\t\t\tAktiv engagierte Einwohner, freundliche Nachbarschaften und dynamische, zukunftsorientierte Gemeinschaftsorganisationen machen Miami Beach zu einem gro\u00dfartigen Ort zum Leben, Arbeiten und Spielen!\t<\/h3>\n\t<p>Aussch\u00fcsse und Verb\u00e4nde geben Empfehlungen, wie das Erlebnis f\u00fcr Einwohner und Besucher in ganz Miami Beach verbessert werden kann.<\/p>\n\t<a href=\"https:\/\/www.visitespanolaway.com\/\" target=\"_blank\" rel=\"noopener\" aria-label=\"Gehen Sie zu https:\/\/www.visitespanolaway.com\/\"><\/a>\n\t\t\t<h3>Spanisch<br \/>Wirtschaftsverband<\/h3>\t\t\n\t\t\t\t<img decoding=\"async\" src=\"https:\/\/www.miamibeachfl.gov\/wp-content\/uploads\/bb-plugin\/cache\/espanolaway-square.jpg\" alt=\"Espanola Way Sign on Building\" title=\"espanolaway\" itemprop=\"image\"\/>\n\t<a href=\"https:\/\/www.miamibeachfl.gov\/de\/city-hall\/city-clerk\/boards-and-committees\/mayors-41st-street-committee\/%20\/\" target=\"_blank\" rel=\"noopener\" aria-label=\"Go to https:\/\/www.miamibeachfl.gov\/city-hall\/city-clerk\/boards-and-committees\/mayors-41st-street-committee\/%20\"><\/a>\n\t\t\t<h3>41 Stra\u00dfe<br \/>Ausschuss<\/h3>\t\t\n\t\t\t\t<img decoding=\"async\" src=\"https:\/\/www.miamibeachfl.gov\/wp-content\/uploads\/bb-plugin\/cache\/midbeachredev-square.jpg\" alt=\"Miami Beach Aerial View\" title=\"midbeachredev\" itemprop=\"image\"\/>\n\t<a href=\"https:\/\/normandyfountain.com\/\" target=\"_blank\" rel=\"noopener\" aria-label=\"Gehen Sie zu https:\/\/normandyfountain.com\/\"><\/a>\n\t\t\t<h3>Wirtschaftsverband der Normandie-Brunnen<\/h3>\t\t\n\t\t\t\t<img decoding=\"async\" src=\"https:\/\/www.miamibeachfl.gov\/wp-content\/uploads\/bb-plugin\/cache\/normandyfountainrevitalization-square.jpg\" alt=\"Normandy Fountain\" title=\"NormandieBrunnenRevitalisierung\" itemprop=\"image\"\/>\n\t\t\t\t\n\t<a href=\"https:\/\/www.miamibeachfl.gov\/de\/residents\/neighborhood-associations\/neighborhood-associations\/\" target=\"_self\"  aria-label=\"Gehen Sie zu https:\/\/www.miamibeachfl.gov\/residents\/neighborhood-associations\/neighborhood-associations\/\"><\/a>\n\t\t\t<h3>Ozean-Laufwerk<br \/>Verein<\/h3>\t\t\n\t\t\t\t<img decoding=\"async\" src=\"https:\/\/www.miamibeachfl.gov\/wp-content\/uploads\/bb-plugin\/cache\/oceandriveassociaiton-square.jpg\" alt=\"Ocean Drive\" title=\"Oceandrive Association\" itemprop=\"image\"\/>\n\t<p>Sonderbezirke, in denen ein Teil des inkrementellen Grundsteuerwachstums eingezogen und f\u00fcr die Gemeindeerneuerung verwendet wird. Die von den CRAs finanzierten Projekte und Initiativen konzentrieren sich auf Transport und Mobilit\u00e4t, Infrastruktur, Resilienz, bezahlbaren Wohnraum f\u00fcr Arbeitnehmer sowie Gemeinde- und Wirtschaftserneuerung.<\/p>\n\t\t\t\t\t\t\t<a href=\"https:\/\/www.miamibeachfl.gov\/de\/city-hall\/economic-development\/redevelopment-agency\/\" target=\"_self\">\n\t\t\t\t\t\t\t\t\t\t\t\t\t\t\t\t\t\t\t\t\t\t\t\t\t\t\t\t\t\t\t\t\t\t\t<img decoding=\"async\" src=\"https:\/\/www.miamibeachfl.gov\/wp-content\/uploads\/2026\/01\/cmbconventioncenter-square.jpg\" alt=\"Deco Drive\" \/>\n\t\t\t\t\t\t\t\t\t\t<h3>Miami Beach Sanierungsagentur<\/h3>\n\t\t\t\t\t\t\t\t<p>Klicken Sie hier, um mehr \u00fcber die Miami Beach Redevelopment Agency zu erfahren.<\/p>\t\t\t\t\t\t\t\n\t\t\t\t\t\t\t\t\t<\/a>\n\t\t\t\t\t\t\t<a href=\"https:\/\/www.miamibeachfl.gov\/de\/northbeachcra\/\" target=\"_self\">\n\t\t\t\t\t\t\t\t\t\t\t\t\t\t\t\t\t\t\t\t\t\t\t\t\t\t\t\t\t\t\t\t\t\t\t<img decoding=\"async\" src=\"https:\/\/www.miamibeachfl.gov\/wp-content\/uploads\/2026\/01\/northbeach-fountain.jpg\" alt=\"Deco Drive\" \/>\n\t\t\t\t\t\t\t\t\t\t<h3>North Beach Community Sanierungsagentur<\/h3>\n\t\t\t\t\t\t\t\t<p>Erfahren Sie mehr \u00fcber die North Beach Community Redevelopment Agency.<\/p>\t\t\t\t\t\t\t\n\t\t\t\t\t\t\t\t\t<\/a>\n\t<p>Privat gef\u00fchrte und \u00f6ffentlich genehmigte Organisationen, die \u00f6ffentliche Dienste innerhalb geografisch definierter Grenzen erg\u00e4nzen, indem sie durch eine obligatorische Abgabe an lokale Immobilienbesitzer und\/oder Unternehmen mehrj\u00e4hrige Einnahmen generieren.<\/p>\n\t\t\t\t\t\t\t<a href=\"https:\/\/lincolnrd.com\/%20\" target=\"_self\">\n\t\t\t\t\t\t\t\t\t\t\t\t\t\t\t\t\t\t\t\t\t\t\t\t\t\t\t\t\t\t\t\t\t\t\t<img decoding=\"async\" src=\"https:\/\/www.miamibeachfl.gov\/wp-content\/uploads\/2026\/01\/lincolnroadsquare.jpg\" alt=\"Deco Drive\" \/>\n\t\t\t\t\t\t\t\t\t\t<h3>Lincoln Road BID<\/h3>\n\t\t\t\t\t\t\t\t<p>Klicken Sie hier, um mehr \u00fcber das Lincoln Road BID zu erfahren.<\/p>\t\t\t\t\t\t\t\n\t\t\t\t\t\t\t\t\t<\/a>\n\t\t\t\t\t\t\t<a href=\"https:\/\/www.washavemb.com\/\" target=\"_self\">\n\t\t\t\t\t\t\t\t\t\t\t\t\t\t\t\t\t\t\t\t\t\t\t\t\t\t\t\t\t\t\t\t\t\t\t<img decoding=\"async\" src=\"https:\/\/www.miamibeachfl.gov\/wp-content\/uploads\/2026\/01\/washingtonavenueimprovements2.jpg\" alt=\"Deco Drive\" \/>\n\t\t\t\t\t\t\t\t\t\t<h3>Washington Avenue BID<\/h3>\n\t\t\t\t\t\t\t\t<p>Klicken Sie hier, um mehr \u00fcber das Washington Avenue BID zu erfahren.<\/p>\t\t\t\t\t\t\t\n\t\t\t\t\t\t\t\t\t<\/a>\n\t\t\t\t<a href=\"https:\/\/www.miamibeachfl.gov\/de\/sister-cities\/\"  target=\"_self\" itemprop=\"url\">\n\t\t\t\t<img decoding=\"async\" src=\"https:\/\/www.miamibeachfl.gov\/wp-content\/uploads\/2024\/11\/SisterCitiesLogo.png\" alt=\"Miami Beach Sister Cities logo\" itemprop=\"image\" height=\"532\" width=\"1934\" title=\"SisterCitiesLogo\" onerror=\"this.style.display='none'\" loading=\"lazy\" \/>\n\t\t\t\t<\/a>\n\t<p>Nirgendwo wird die Stellung unserer Stadt auf der Weltb\u00fchne deutlicher als durch das Miami Beach Sister Cities-Programm, das seit seiner Einf\u00fchrung im Jahr 1959 gewachsen ist und mittlerweile 13 globale Partnerst\u00e4dte umfasst, die formelle kulturelle und wirtschaftliche Bindungen mit der Stadt gekn\u00fcpft haben.<\/p>\n<p>Hierzu geh\u00f6ren <strong>Rio de Janeiro und Fortaleza, Brasilien; Santa Marta, Kolumbien; Brampton, Kanada; Krumlov, Tschechische Republik; Nahariya, Israel; Pescara, Italien; Fujisawa, Japan; Ica, Peru; Cozumel, Mexiko; Almonte, Spanien; Basel, Schweiz und Odessa, Ukraine.<\/strong><\/p>\n\t\t\t<a href=\"https:\/\/www.miamibeachfl.gov\/de\/sister-cities\/\" target=\"_self\">\n\t\t\t\t\t\tKlicken Sie hier, um mehr zu erfahren\n\t\t\t\t\t<\/a>\n\t\t<h3>Entdecken Sie alle Projekte der Stadt Miami Beach.<\/h3>\n\t\t\t<a href=\"\/de\/business\/mbprojects\/\" title=\"Klicken Sie hier\" target=\"_self\"   role=\"button\" aria-label=\"Projekte anzeigen\">\n\t\t\t\t\t\t\t\t\t\t\tProjekte anzeigen\n\t\t<\/a>\n<h2>\n\t\t\tMiami Beach stellt sich der Herausforderung und investiert in die Reduzierung und Linderung der sozialen, wirtschaftlichen und physischen Herausforderungen, denen unsere K\u00fcstengemeinde gegen\u00fcbersteht.\t<\/h2>\n\t\t\t\t<img decoding=\"async\" src=\"https:\/\/www.miamibeachfl.gov\/wp-content\/uploads\/2023\/01\/icon-plastics.png\" alt=\"icon-plastics\" title=\"Icon-Kunststoffe\" itemprop=\"image\"\/>\n\t\t<h3>Plastikfreies MB<\/h3>\t\t\t\n\t\t\t\t<p>#PlasticFreeMB pr\u00e4sentiert Unternehmen, die Ma\u00dfnahmen zur Reduzierung von Plastik in ihren Betrieben ergriffen haben. Erfahren Sie mehr und schlie\u00dfen Sie sich der Bewegung an.<\/p>\n\t\t\t<a href=\"https:\/\/www.mbrisingabove.com\/climate-mitigation\/plastic-free-miami-beach\/what-is-pfmb\/\" title=\"Klicken Sie hier\" target=\"_blank\" rel=\"noopener\"  role=\"button\" aria-label=\"Begleiten Sie uns\">\n\t\t\t\t\t\t\tBegleiten Sie uns\n\t\t<\/a>\n\t\t\t\t<img decoding=\"async\" src=\"https:\/\/www.miamibeachfl.gov\/wp-content\/uploads\/2023\/01\/icon-community.png\" alt=\"icon-community\" title=\"Icon-Community\" itemprop=\"image\"\/>\n\t\t<h3>Widerstandsf\u00e4higkeit der Nachbarschaft<\/h3>\t\t\t\n\t\t\t\t<p>Mehrere Aussch\u00fcsse werden von Einwohnern und Kommissaren geleitet, um die Widerstandsf\u00e4higkeit der Gemeinschaft gegen\u00fcber den Auswirkungen einer sich ver\u00e4ndernden Umwelt aufrechtzuerhalten.<\/p>\n\t\t\t<a href=\"https:\/\/www.mbrisingabove.com\/your-city-at-work\/advisory-committees\/\" title=\"Klicken Sie hier\" target=\"_blank\" rel=\"noopener\"  role=\"button\" aria-label=\"Mehr erfahren\">\n\t\t\t\t\t\t\tMehr erfahren\n\t\t<\/a>\n\t\t\t\t<img decoding=\"async\" src=\"https:\/\/www.miamibeachfl.gov\/wp-content\/uploads\/2023\/01\/icon-recycle.png\" alt=\"icon-recycle\" title=\"Symbol-Recycling\" itemprop=\"image\"\/>\n\t\t<h3>\u00d6kologisieren Sie Ihr Unternehmen<\/h3>\t\t\t\n\t\t\t\t<p>Einfache Schritte wie die Einf\u00fchrung eines Recyclingprogramms oder die Umstellung von Einweg- auf Mehrwegkunststoffe k\u00f6nnen viele Vorteile f\u00fcr die Umwelt bringen.<\/p>\n\t\t\t<a href=\"https:\/\/www.mbrisingabove.com\/your-business\/\" title=\"Klicken Sie hier\" target=\"_blank\" rel=\"noopener\"  role=\"button\" aria-label=\"Gehen Sie gr\u00fcn\">\n\t\t\t\t\t\t\tGehen Sie gr\u00fcn\n\t\t<\/a>\n\t\t\t\t<img decoding=\"async\" src=\"https:\/\/www.miamibeachfl.gov\/wp-content\/uploads\/2023\/01\/familyatthebeach.jpg\" alt=\"Family at the Beach\" title=\"Familie am Strand\" itemprop=\"image\"\/>\n\t\t<h3>Die Stadt Miami Beach k\u00e4mpft f\u00fcr Ihre Menschenrechte!<\/h3>\t\t\t\n\t\t\t\t<p>Erfahren Sie mehr dar\u00fcber, wie Sie durch eine der umfassendsten Verordnungen der Welt gesch\u00fctzt sind.<\/p>\n\t\t\t<a href=\"https:\/\/www.miamibeachfl.gov\/de\/city-hall\/city-clerk\/boards-and-committees\/miami-beach-human-rights-committee\/\" title=\"Klicken Sie hier\" target=\"_blank\" rel=\"noopener\"  role=\"button\" aria-label=\"Mehr erfahren\">\n\t\t\t\t\t\t\tMehr erfahren\n\t\t<\/a>\n\t<a href=\"\/de\/spotlight\/\" target=\"_self\"  aria-label=\"Gehe zu \/spotlight\/\"><\/a>\n\t\t\t\t<img decoding=\"async\" src=\"https:\/\/www.miamibeachfl.gov\/wp-content\/uploads\/2022\/07\/icon-mbbiznews.png\" alt=\"icon-mbbiznews\" title=\"icon-mbbiznews\" itemprop=\"image\"\/>\n\t\t<h3>Neueste Nachrichten<\/h3>\t\t\t\n\t\t\t\t<p>Durchsuchen Sie unsere Business-Newsletter und Spotlights nach den neuesten Informationen und Ressourcen, die unserer Gesch\u00e4ftsgemeinschaft zur Verf\u00fcgung stehen.\u00a0<\/p>\n\t<a href=\"\/de\/business\/whymb\/dashboard\/\" target=\"_self\"  aria-label=\"Gehen Sie zu \/business\/whymb\/dashboard\/\"><\/a>\n\t\t\t\t<img decoding=\"async\" src=\"https:\/\/www.miamibeachfl.gov\/wp-content\/uploads\/2022\/07\/icon-bizincentives.png\" alt=\"icon-bizincentives\" title=\"icon-bizincentives\" itemprop=\"image\"\/>\n\t\t<h3>Gesch\u00e4ftsressourcen<\/h3>\t\t\t\n\t\t\t\t<p>Tools, die Ihnen helfen, die neuesten Gesch\u00e4ftsindikatoren, demografischen Daten und Branchentrends in der Stadt Miami Beach zu verstehen.<\/p>\n\t<a href=\"\/de\/business\/doing-business-with-mb\/mbbiz-events\/\" target=\"_self\"  aria-label=\"Gehen Sie zu \/business\/doing-business-with-mb\/mbbiz-events\/\"><\/a>\n\t\t\t\t<img decoding=\"async\" src=\"https:\/\/www.miamibeachfl.gov\/wp-content\/uploads\/2022\/07\/icon-mbbicalendarincircle-2.png\" alt=\"icon-mbbicalendarincircle\" title=\"Symbol-MBB-Kalender im Kreis\" itemprop=\"image\"\/>\n\t\t<h3>Kommende Veranstaltungen<\/h3>\t\t\t\n\t\t\t\t<p>Schauen Sie sich unsere bevorstehenden Veranstaltungen an.<\/p>\n\t\t<h3><a href=\"tel:3056737572\"  target=\"_self\">\t\n\t305.673.7572<\/a><\/h3>\t\n\t\t<h3><a href=\"mailto:mbbiz@miamibeachfl.gov\"  target=\"_self\">\t\n\tmbbiz@miamibeachfl.gov<\/a><\/h3>\t\n\t\t<h3><a href=\"\/de\/business\/\"  target=\"_blank\"  rel=\"noopener\">\t\n\twww.MBBiz.com<\/a><\/h3>\t\n\t\t<h2>Abonnieren Sie den MBBiz Newsletter<\/h2>\n\t\t\t\t<p>Erhalten Sie Ressourcen und Updates vom Wirtschaftsentwicklungsministerium direkt auf Ihr Telefon.<\/p>\n\t\t\t<a href=\"\/de\/mbbiznews\/\" title=\"Klicken Sie hier\" target=\"_self\"   role=\"button\" aria-label=\"Jetzt abonnieren\">\n\t\t\t\t\t\t\t\t\t\t\tJetzt abonnieren\n\t\t<\/a>","protected":false},"excerpt":{"rendered":"<p>Community Development Actively engaged residents, friendly neighborhoods and dynamic, forward-thinking community organizations all make Miami Beach a great place to [&hellip;]<\/p>\n","protected":false},"author":222,"featured_media":0,"parent":196910,"menu_order":0,"comment_status":"closed","ping_status":"closed","template":"","meta":{"_searchwp_excluded":"","site-sidebar-layout":"default","site-content-layout":"","ast-site-content-layout":"default","site-content-style":"default","site-sidebar-style":"default","ast-global-header-display":"","ast-banner-title-visibility":"","ast-main-header-display":"","ast-hfb-above-header-display":"","ast-hfb-below-header-display":"","ast-hfb-mobile-header-display":"","site-post-title":"","ast-breadcrumbs-content":"","ast-featured-img":"","footer-sml-layout":"","theme-transparent-header-meta":"","adv-header-id-meta":"","stick-header-meta":"","header-above-stick-meta":"","header-main-stick-meta":"","header-below-stick-meta":"","astra-migrate-meta-layouts":"default","ast-page-background-enabled":"default","ast-page-background-meta":{"desktop":{"background-color":"var(--ast-global-color-5)","background-image":"","background-repeat":"repeat","background-position":"center center","background-size":"auto","background-attachment":"scroll","background-type":"","background-media":"","overlay-type":"","overlay-color":"","overlay-opacity":"","overlay-gradient":""},"tablet":{"background-color":"","background-image":"","background-repeat":"repeat","background-position":"center center","background-size":"auto","background-attachment":"scroll","background-type":"","background-media":"","overlay-type":"","overlay-color":"","overlay-opacity":"","overlay-gradient":""},"mobile":{"background-color":"","background-image":"","background-repeat":"repeat","background-position":"center center","background-size":"auto","background-attachment":"scroll","background-type":"","background-media":"","overlay-type":"","overlay-color":"","overlay-opacity":"","overlay-gradient":""}},"ast-content-background-meta":{"desktop":{"background-color":"var(--ast-global-color-4)","background-image":"","background-repeat":"repeat","background-position":"center center","background-size":"auto","background-attachment":"scroll","background-type":"","background-media":"","overlay-type":"","overlay-color":"","overlay-opacity":"","overlay-gradient":""},"tablet":{"background-color":"var(--ast-global-color-4)","background-image":"","background-repeat":"repeat","background-position":"center center","background-size":"auto","background-attachment":"scroll","background-type":"","background-media":"","overlay-type":"","overlay-color":"","overlay-opacity":"","overlay-gradient":""},"mobile":{"background-color":"var(--ast-global-color-4)","background-image":"","background-repeat":"repeat","background-position":"center center","background-size":"auto","background-attachment":"scroll","background-type":"","background-media":"","overlay-type":"","overlay-color":"","overlay-opacity":"","overlay-gradient":""}},"footnotes":""},"categories":[],"tags":[],"class_list":["post-197442","page","type-page","status-publish","hentry"],"yoast_head":"<!-- This site is optimized with the Yoast SEO Premium plugin v27.4 (Yoast SEO v27.4) - https:\/\/yoast.com\/product\/yoast-seo-premium-wordpress\/ -->\n<title>MB Community - City of Miami Beach<\/title>\n<meta name=\"description\" content=\"%\" \/>\n<meta name=\"robots\" content=\"index, follow, max-snippet:-1, max-image-preview:large, max-video-preview:-1\" \/>\n<link rel=\"canonical\" href=\"https:\/\/www.miamibeachfl.gov\/de\/business\/mb-community\/\" \/>\n<meta property=\"og:locale\" content=\"de_DE\" \/>\n<meta property=\"og:type\" content=\"article\" \/>\n<meta property=\"og:title\" content=\"MB Community\" \/>\n<meta property=\"og:description\" content=\"%\" \/>\n<meta property=\"og:url\" content=\"https:\/\/www.miamibeachfl.gov\/de\/business\/mb-community\/\" \/>\n<meta property=\"og:site_name\" content=\"City of Miami Beach\" \/>\n<meta property=\"article:publisher\" content=\"https:\/\/www.facebook.com\/cityofmiamibeach\" \/>\n<meta property=\"article:modified_time\" content=\"2026-01-15T16:04:23+00:00\" \/>\n<meta property=\"og:image\" content=\"https:\/\/www.miamibeachfl.gov\/wp-content\/uploads\/bb-plugin\/cache\/espanolaway-square.jpg\" \/>\n<meta name=\"twitter:card\" content=\"summary_large_image\" \/>\n<meta name=\"twitter:site\" content=\"@Miamibeachnews\" \/>\n<script type=\"application\/ld+json\" class=\"yoast-schema-graph\">{\"@context\":\"https:\\\/\\\/schema.org\",\"@graph\":[{\"@type\":\"WebPage\",\"@id\":\"https:\\\/\\\/www.miamibeachfl.gov\\\/business\\\/mb-community\\\/\",\"url\":\"https:\\\/\\\/www.miamibeachfl.gov\\\/business\\\/mb-community\\\/\",\"name\":\"MB Community - City of Miami Beach\",\"isPartOf\":{\"@id\":\"https:\\\/\\\/www.miamibeachfl.gov\\\/#website\"},\"primaryImageOfPage\":{\"@id\":\"https:\\\/\\\/www.miamibeachfl.gov\\\/business\\\/mb-community\\\/#primaryimage\"},\"image\":{\"@id\":\"https:\\\/\\\/www.miamibeachfl.gov\\\/business\\\/mb-community\\\/#primaryimage\"},\"thumbnailUrl\":\"https:\\\/\\\/www.miamibeachfl.gov\\\/wp-content\\\/uploads\\\/bb-plugin\\\/cache\\\/espanolaway-square.jpg\",\"datePublished\":\"2022-07-13T13:03:00+00:00\",\"dateModified\":\"2026-01-15T16:04:23+00:00\",\"description\":\"%\",\"breadcrumb\":{\"@id\":\"https:\\\/\\\/www.miamibeachfl.gov\\\/business\\\/mb-community\\\/#breadcrumb\"},\"inLanguage\":\"de\",\"potentialAction\":[{\"@type\":\"ReadAction\",\"target\":[\"https:\\\/\\\/www.miamibeachfl.gov\\\/business\\\/mb-community\\\/\"]}]},{\"@type\":\"ImageObject\",\"inLanguage\":\"de\",\"@id\":\"https:\\\/\\\/www.miamibeachfl.gov\\\/business\\\/mb-community\\\/#primaryimage\",\"url\":\"https:\\\/\\\/www.miamibeachfl.gov\\\/wp-content\\\/uploads\\\/bb-plugin\\\/cache\\\/espanolaway-square.jpg\",\"contentUrl\":\"https:\\\/\\\/www.miamibeachfl.gov\\\/wp-content\\\/uploads\\\/bb-plugin\\\/cache\\\/espanolaway-square.jpg\"},{\"@type\":\"BreadcrumbList\",\"@id\":\"https:\\\/\\\/www.miamibeachfl.gov\\\/business\\\/mb-community\\\/#breadcrumb\",\"itemListElement\":[{\"@type\":\"ListItem\",\"position\":1,\"name\":\"Home\",\"item\":\"https:\\\/\\\/www.miamibeachfl.gov\\\/\"},{\"@type\":\"ListItem\",\"position\":2,\"name\":\"Business\",\"item\":\"https:\\\/\\\/www.miamibeachfl.gov\\\/business\\\/\"},{\"@type\":\"ListItem\",\"position\":3,\"name\":\"MB Community\"}]},{\"@type\":\"WebSite\",\"@id\":\"https:\\\/\\\/www.miamibeachfl.gov\\\/#website\",\"url\":\"https:\\\/\\\/www.miamibeachfl.gov\\\/\",\"name\":\"City of Miami Beach\",\"description\":\"The official website of the City of Miami Beach. Stay informed, find important information on city services, news, alerts, events, trolley routes, government employment and more.\",\"publisher\":{\"@id\":\"https:\\\/\\\/www.miamibeachfl.gov\\\/#organization\"},\"potentialAction\":[{\"@type\":\"SearchAction\",\"target\":{\"@type\":\"EntryPoint\",\"urlTemplate\":\"https:\\\/\\\/www.miamibeachfl.gov\\\/?s={search_term_string}\"},\"query-input\":{\"@type\":\"PropertyValueSpecification\",\"valueRequired\":true,\"valueName\":\"search_term_string\"}}],\"inLanguage\":\"de\"},{\"@type\":\"Organization\",\"@id\":\"https:\\\/\\\/www.miamibeachfl.gov\\\/#organization\",\"name\":\"City of Miami Beach\",\"url\":\"https:\\\/\\\/www.miamibeachfl.gov\\\/\",\"logo\":{\"@type\":\"ImageObject\",\"inLanguage\":\"de\",\"@id\":\"https:\\\/\\\/www.miamibeachfl.gov\\\/#\\\/schema\\\/logo\\\/image\\\/\",\"url\":\"https:\\\/\\\/www.miamibeachfl.gov\\\/wp-content\\\/uploads\\\/2022\\\/06\\\/miamibeach-logoblue.png\",\"contentUrl\":\"https:\\\/\\\/www.miamibeachfl.gov\\\/wp-content\\\/uploads\\\/2022\\\/06\\\/miamibeach-logoblue.png\",\"width\":1962,\"height\":381,\"caption\":\"City of Miami Beach\"},\"image\":{\"@id\":\"https:\\\/\\\/www.miamibeachfl.gov\\\/#\\\/schema\\\/logo\\\/image\\\/\"},\"sameAs\":[\"https:\\\/\\\/www.facebook.com\\\/cityofmiamibeach\",\"https:\\\/\\\/x.com\\\/Miamibeachnews\",\"https:\\\/\\\/www.instagram.com\\\/miamibeachnews\\\/\"],\"description\":\"The official website of the City of Miami Beach. Stay informed, find important information on city services, news, alerts, events, trolley routes, government employment and more.\",\"telephone\":\"305.604.CITY(2489)\",\"legalName\":\"City of Miami Beach\"}]}<\/script>\n<!-- \/ Yoast SEO Premium plugin. -->","yoast_head_json":{"title":"MB Community - Stadt Miami Beach","description":"%","robots":{"index":"index","follow":"follow","max-snippet":"max-snippet:-1","max-image-preview":"max-image-preview:large","max-video-preview":"max-video-preview:-1"},"canonical":"https:\/\/www.miamibeachfl.gov\/de\/business\/mb-community\/","og_locale":"de_DE","og_type":"article","og_title":"MB Community","og_description":"%","og_url":"https:\/\/www.miamibeachfl.gov\/de\/business\/mb-community\/","og_site_name":"City of Miami Beach","article_publisher":"https:\/\/www.facebook.com\/cityofmiamibeach","article_modified_time":"2026-01-15T16:04:23+00:00","og_image":[{"url":"https:\/\/www.miamibeachfl.gov\/wp-content\/uploads\/bb-plugin\/cache\/espanolaway-square.jpg","type":"","width":"","height":""}],"twitter_card":"summary_large_image","twitter_site":"@Miamibeachnews","schema":{"@context":"https:\/\/schema.org","@graph":[{"@type":"WebPage","@id":"https:\/\/www.miamibeachfl.gov\/business\/mb-community\/","url":"https:\/\/www.miamibeachfl.gov\/business\/mb-community\/","name":"MB Community - Stadt Miami Beach","isPartOf":{"@id":"https:\/\/www.miamibeachfl.gov\/#website"},"primaryImageOfPage":{"@id":"https:\/\/www.miamibeachfl.gov\/business\/mb-community\/#primaryimage"},"image":{"@id":"https:\/\/www.miamibeachfl.gov\/business\/mb-community\/#primaryimage"},"thumbnailUrl":"https:\/\/www.miamibeachfl.gov\/wp-content\/uploads\/bb-plugin\/cache\/espanolaway-square.jpg","datePublished":"2022-07-13T13:03:00+00:00","dateModified":"2026-01-15T16:04:23+00:00","description":"%","breadcrumb":{"@id":"https:\/\/www.miamibeachfl.gov\/business\/mb-community\/#breadcrumb"},"inLanguage":"de","potentialAction":[{"@type":"ReadAction","target":["https:\/\/www.miamibeachfl.gov\/business\/mb-community\/"]}]},{"@type":"ImageObject","inLanguage":"de","@id":"https:\/\/www.miamibeachfl.gov\/business\/mb-community\/#primaryimage","url":"https:\/\/www.miamibeachfl.gov\/wp-content\/uploads\/bb-plugin\/cache\/espanolaway-square.jpg","contentUrl":"https:\/\/www.miamibeachfl.gov\/wp-content\/uploads\/bb-plugin\/cache\/espanolaway-square.jpg"},{"@type":"BreadcrumbList","@id":"https:\/\/www.miamibeachfl.gov\/business\/mb-community\/#breadcrumb","itemListElement":[{"@type":"ListItem","position":1,"name":"Home","item":"https:\/\/www.miamibeachfl.gov\/"},{"@type":"ListItem","position":2,"name":"Business","item":"https:\/\/www.miamibeachfl.gov\/business\/"},{"@type":"ListItem","position":3,"name":"MB Community"}]},{"@type":"WebSite","@id":"https:\/\/www.miamibeachfl.gov\/#website","url":"https:\/\/www.miamibeachfl.gov\/","name":"Stadt Miami Beach","description":"Die offizielle Website der Stadt Miami Beach. Bleiben Sie informiert und finden Sie wichtige Informationen zu st\u00e4dtischen Dienstleistungen, Neuigkeiten, Warnungen, Veranstaltungen, Stra\u00dfenbahnlinien, Stellenangeboten im \u00f6ffentlichen Dienst und mehr.","publisher":{"@id":"https:\/\/www.miamibeachfl.gov\/#organization"},"potentialAction":[{"@type":"SearchAction","target":{"@type":"EntryPoint","urlTemplate":"https:\/\/www.miamibeachfl.gov\/?s={search_term_string}"},"query-input":{"@type":"PropertyValueSpecification","valueRequired":true,"valueName":"search_term_string"}}],"inLanguage":"de"},{"@type":"Organization","@id":"https:\/\/www.miamibeachfl.gov\/#organization","name":"Stadt Miami Beach","url":"https:\/\/www.miamibeachfl.gov\/","logo":{"@type":"ImageObject","inLanguage":"de","@id":"https:\/\/www.miamibeachfl.gov\/#\/schema\/logo\/image\/","url":"https:\/\/www.miamibeachfl.gov\/wp-content\/uploads\/2022\/06\/miamibeach-logoblue.png","contentUrl":"https:\/\/www.miamibeachfl.gov\/wp-content\/uploads\/2022\/06\/miamibeach-logoblue.png","width":1962,"height":381,"caption":"City of Miami Beach"},"image":{"@id":"https:\/\/www.miamibeachfl.gov\/#\/schema\/logo\/image\/"},"sameAs":["https:\/\/www.facebook.com\/cityofmiamibeach","https:\/\/x.com\/Miamibeachnews","https:\/\/www.instagram.com\/miamibeachnews\/"],"description":"Die offizielle Website der Stadt Miami Beach. Bleiben Sie informiert und finden Sie wichtige Informationen zu st\u00e4dtischen Dienstleistungen, Neuigkeiten, Warnungen, Veranstaltungen, Stra\u00dfenbahnlinien, Stellenangeboten im \u00f6ffentlichen Dienst und mehr.","telephone":"305.604.CITY(2489)","legalName":"City of Miami Beach"}]}},"_links":{"self":[{"href":"https:\/\/www.miamibeachfl.gov\/de\/wp-json\/wp\/v2\/pages\/197442","targetHints":{"allow":["GET"]}}],"collection":[{"href":"https:\/\/www.miamibeachfl.gov\/de\/wp-json\/wp\/v2\/pages"}],"about":[{"href":"https:\/\/www.miamibeachfl.gov\/de\/wp-json\/wp\/v2\/types\/page"}],"author":[{"embeddable":true,"href":"https:\/\/www.miamibeachfl.gov\/de\/wp-json\/wp\/v2\/users\/222"}],"replies":[{"embeddable":true,"href":"https:\/\/www.miamibeachfl.gov\/de\/wp-json\/wp\/v2\/comments?post=197442"}],"version-history":[{"count":5,"href":"https:\/\/www.miamibeachfl.gov\/de\/wp-json\/wp\/v2\/pages\/197442\/revisions"}],"predecessor-version":[{"id":395096,"href":"https:\/\/www.miamibeachfl.gov\/de\/wp-json\/wp\/v2\/pages\/197442\/revisions\/395096"}],"up":[{"embeddable":true,"href":"https:\/\/www.miamibeachfl.gov\/de\/wp-json\/wp\/v2\/pages\/196910"}],"wp:attachment":[{"href":"https:\/\/www.miamibeachfl.gov\/de\/wp-json\/wp\/v2\/media?parent=197442"}],"wp:term":[{"taxonomy":"category","embeddable":true,"href":"https:\/\/www.miamibeachfl.gov\/de\/wp-json\/wp\/v2\/categories?post=197442"},{"taxonomy":"post_tag","embeddable":true,"href":"https:\/\/www.miamibeachfl.gov\/de\/wp-json\/wp\/v2\/tags?post=197442"}],"curies":[{"name":"wp","href":"https:\/\/api.w.org\/{rel}","templated":true}]}}