{"id":198156,"date":"2022-07-19T11:56:34","date_gmt":"2022-07-19T15:56:34","guid":{"rendered":"https:\/\/www.miamibeachfl.gov\/?page_id=198156"},"modified":"2025-06-02T22:02:47","modified_gmt":"2025-06-03T02:02:47","slug":"july-2022-business-spotlight-2-make-a-bold-move","status":"publish","type":"page","link":"https:\/\/www.miamibeachfl.gov\/de\/spotlight\/july-2022-business-spotlight-2-make-a-bold-move\/","title":{"rendered":"Business Spotlight Juli 2022 \u2013 Machen Sie einen mutigen Schritt"},"content":{"rendered":"<h5>\n\t\t<a href=\"https:\/\/www.miamibeachfl.gov\/de\/mbbiznews\/\" title=\"Abonnieren Sie hier, um den Wirtschaftsnewsletter der Stadt monatlich in Ihren Posteingang zu erhalten.\"  target=\"_blank\"  rel=\"noopener\">\n\t\t\tAbonnieren Sie hier, um den Wirtschaftsnewsletter der Stadt monatlich in Ihren Posteingang zu erhalten.\t\t<\/a>\n\t<\/h5>\n<h5>\n\t\t<a href=\"https:\/\/myemail.constantcontact.com\/Stay-connected-with-MB-Biz--.html?soid=1011085968389&#038;aid=S0mHBwwl4Fs\" title=\"Business Newsletter\"  target=\"_blank\"  rel=\"noopener\">\n\t\t\tBusiness Newsletter\t\t<\/a>\n\t<\/h5>\n\t<p><strong>Machen Sie einen mutigen Schritt<\/strong><\/p>\n\t<p>Der Business Newsletter der Stadt Miami Beach pr\u00e4sentiert sich im neuen Look! Nach einer umfassenden Marketing- und Medienanalyse zur Gewinnung lokaler, regionaler und nationaler Unternehmen freuen wir uns, Ihnen mitteilen zu k\u00f6nnen, <strong>Machen Sie einen mutigen Schritt<\/strong>. Die Kampagne konzentriert sich darauf, Miami Beach bei Unternehmen jeder Gr\u00f6\u00dfe als Top-Reiseziel zu vermarkten, das den sich wandelnden Lebensstilerwartungen von Arbeitnehmern und Arbeitgebern gerecht wird, die auf der Suche nach einer besseren Work-Life-Balance sind.<\/p>\n\t\t\t\t<img decoding=\"async\" src=\"https:\/\/www.miamibeachfl.gov\/wp-content\/uploads\/2022\/07\/Picture1.jpg\" alt=\"Picture1\" itemprop=\"image\" title=\"Bild1\" onerror=\"this.style.display='none'\" loading='lazy' \/>\n\t<p>Unser neuer Titel ist der erste Schritt einer ehrgeizigen <strong>Machen Sie einen mutigen Schritt<\/strong> Kampagne. Die Webseite des Wirtschaftsentwicklungsministeriums der Stadt, MBBiz.com, wird diese neue Botschaft widerspiegeln und aufgreifen und regelm\u00e4\u00dfig Einblicke dar\u00fcber geben, was Miami Beach unternimmt, um durch den flexibleren und ausgewogeneren Lebensstil der Stadt Unternehmen und besser bezahlte Arbeitspl\u00e4tze anzuziehen.<\/p>\n<p>Die Bilder und Botschaften dahinter <strong>Machen Sie einen mutigen Schritt<\/strong> Wir m\u00f6chten Unternehmen mit inspirierenden und einpr\u00e4gsamen Inhalten begeistern und Miami Beach als erstklassigen Gesch\u00e4ftsstandort etablieren. Die Kampagne zielt darauf ab, weitere Gesch\u00e4ftsexpansionen anzuziehen und das gesamte Incentive-Programmportfolio von Miami Beach zu st\u00e4rken, das weiterhin Gesch\u00e4ftsm\u00f6glichkeiten schafft, f\u00f6rdert und f\u00f6rdert.<\/p>\n\t\t\t\t<img decoding=\"async\" src=\"https:\/\/www.miamibeachfl.gov\/wp-content\/uploads\/2022\/07\/Picture2.jpg\" alt=\"Picture2\" itemprop=\"image\" title=\"Bild2\" onerror=\"this.style.display='none'\" loading='lazy' \/>\n\t<p><strong>Machen Sie einen mutigen Schritt<\/strong> verst\u00e4rkt den landesweiten Trend, dass Unternehmen in lebenswertere St\u00e4dte umziehen und expandieren, da alternative Arbeitsm\u00f6glichkeiten und Telearbeit den Arbeitsplatz weiterhin neu definieren. Flexible Optionen haben sich als effektiv erwiesen, um Talente und F\u00fchrungskr\u00e4fte zu gewinnen, w\u00e4hrend sich die Welt von den Auswirkungen der globalen Pandemie erholt. <strong>Machen Sie einen mutigen Schritt<\/strong> nutzt diese Denkweise und f\u00f6rdert die neue professionelle Arbeitswelt, um eine vielf\u00e4ltigere Wirtschaft aufzubauen und die vielen Annehmlichkeiten, potenziellen Investitionen und Chancen von Miami Beach hervorzuheben. Unsere prim\u00e4re Zielgruppe sind Gr\u00fcnder, Eigent\u00fcmer und Entscheidungstr\u00e4ger der obersten F\u00fchrungsebene der Technologie- und Finanzdienstleistungsbranche. Diese Unternehmen waren in der Vergangenheit in der Regel im Silicon Valley, in Los Angeles, San Francisco, New York, Chicago und Connecticut ans\u00e4ssig. Die sekund\u00e4re Zielgruppe sind professionelle Dienstleistungsunternehmen sowie Unternehmen aus der Hotel- und Tourismusbranche sowie der Film- und Unterhaltungsbranche. <strong>Machen Sie einen mutigen Schritt<\/strong> betont, dass die Er\u00f6ffnung eines Unternehmens oder ein Umzug dorthin nach Miami Beach zwar ein gewagter Schritt sein mag, aufgrund unserer Anreize und Steuerstruktur jedoch auch gesch\u00e4ftlich und finanziell sinnvoll ist.<\/p>\n\t\t\t\t<img decoding=\"async\" src=\"https:\/\/www.miamibeachfl.gov\/wp-content\/uploads\/2022\/07\/Picture3.jpg\" alt=\"Picture3\" itemprop=\"image\" title=\"Bild 3\" onerror=\"this.style.display='none'\" loading='lazy' \/>\n\t<p><strong><em>Machen Sie einen mutigen Schritt<\/em><\/strong> basiert auf der Tatsache, dass sich die Arbeitskultur ver\u00e4ndert hat. Die M\u00f6glichkeit, ein erf\u00fclltes Leben au\u00dferhalb der Arbeit zu f\u00fchren, wird zur Norm, und Unternehmen, die sich nicht anpassen, werden abgeh\u00e4ngt. Die Kampagne ermutigt dazu, sich vom Computer zu l\u00f6sen, um Produktivit\u00e4t und Innovation zu f\u00f6rdern. Ein Ort, an dem Work-Life-Balance nicht verhandelbar ist. Eine Stadt, in der man tags\u00fcber einen Sonnenaufgang \u00fcber wei\u00dfen Sandstr\u00e4nden erleben und nachts elektrisierend sein kann. Es ist nicht nur ein Umzug \u2013 es ist eine L\u00f6sung. Miami Beach bietet die perfekte Work-Life-Balance mit Spannung und Erlebnissen an jeder Ecke \u2026 Es ist Zeit, <strong><em>Machen Sie einen mutigen Schritt<\/em><\/strong>\u2026..f\u00fcr bessere Chancen\u2026\u2026besseren Lebensstil\u2026..Bessere Inspiration\u2026..Alles besser\u2026..in Miami Beach.<\/p>","protected":false},"excerpt":{"rendered":"<p>Subscribe here to receive the City&#8217;s business newsletter to your inbox monthly. Business Newsletter Make A Bold Move The City [&hellip;]<\/p>\n","protected":false},"author":222,"featured_media":0,"parent":253255,"menu_order":0,"comment_status":"closed","ping_status":"closed","template":"","meta":{"_searchwp_excluded":"","site-sidebar-layout":"default","site-content-layout":"","ast-site-content-layout":"default","site-content-style":"default","site-sidebar-style":"default","ast-global-header-display":"","ast-banner-title-visibility":"","ast-main-header-display":"","ast-hfb-above-header-display":"","ast-hfb-below-header-display":"","ast-hfb-mobile-header-display":"","site-post-title":"","ast-breadcrumbs-content":"","ast-featured-img":"","footer-sml-layout":"","theme-transparent-header-meta":"","adv-header-id-meta":"","stick-header-meta":"","header-above-stick-meta":"","header-main-stick-meta":"","header-below-stick-meta":"","astra-migrate-meta-layouts":"default","ast-page-background-enabled":"default","ast-page-background-meta":{"desktop":{"background-color":"var(--ast-global-color-5)","background-image":"","background-repeat":"repeat","background-position":"center center","background-size":"auto","background-attachment":"scroll","background-type":"","background-media":"","overlay-type":"","overlay-color":"","overlay-opacity":"","overlay-gradient":""},"tablet":{"background-color":"","background-image":"","background-repeat":"repeat","background-position":"center center","background-size":"auto","background-attachment":"scroll","background-type":"","background-media":"","overlay-type":"","overlay-color":"","overlay-opacity":"","overlay-gradient":""},"mobile":{"background-color":"","background-image":"","background-repeat":"repeat","background-position":"center center","background-size":"auto","background-attachment":"scroll","background-type":"","background-media":"","overlay-type":"","overlay-color":"","overlay-opacity":"","overlay-gradient":""}},"ast-content-background-meta":{"desktop":{"background-color":"var(--ast-global-color-4)","background-image":"","background-repeat":"repeat","background-position":"center center","background-size":"auto","background-attachment":"scroll","background-type":"","background-media":"","overlay-type":"","overlay-color":"","overlay-opacity":"","overlay-gradient":""},"tablet":{"background-color":"var(--ast-global-color-4)","background-image":"","background-repeat":"repeat","background-position":"center center","background-size":"auto","background-attachment":"scroll","background-type":"","background-media":"","overlay-type":"","overlay-color":"","overlay-opacity":"","overlay-gradient":""},"mobile":{"background-color":"var(--ast-global-color-4)","background-image":"","background-repeat":"repeat","background-position":"center center","background-size":"auto","background-attachment":"scroll","background-type":"","background-media":"","overlay-type":"","overlay-color":"","overlay-opacity":"","overlay-gradient":""}},"footnotes":""},"categories":[],"tags":[],"class_list":["post-198156","page","type-page","status-publish","hentry"],"yoast_head":"<!-- This site is optimized with the Yoast SEO Premium plugin v27.4 (Yoast SEO v27.4) - https:\/\/yoast.com\/product\/yoast-seo-premium-wordpress\/ -->\n<title>July 2022 Business Spotlight- Make a Bold Move - City of Miami Beach<\/title>\n<meta name=\"description\" content=\"%\" \/>\n<meta name=\"robots\" content=\"index, follow, max-snippet:-1, max-image-preview:large, max-video-preview:-1\" \/>\n<link rel=\"canonical\" href=\"https:\/\/www.miamibeachfl.gov\/de\/spotlight\/july-2022-business-spotlight-2-make-a-bold-move\/\" \/>\n<meta property=\"og:locale\" content=\"de_DE\" \/>\n<meta property=\"og:type\" content=\"article\" \/>\n<meta property=\"og:title\" content=\"July 2022 Business Spotlight- Make a Bold Move\" \/>\n<meta property=\"og:description\" content=\"%\" \/>\n<meta property=\"og:url\" content=\"https:\/\/www.miamibeachfl.gov\/de\/spotlight\/july-2022-business-spotlight-2-make-a-bold-move\/\" \/>\n<meta property=\"og:site_name\" content=\"City of Miami Beach\" \/>\n<meta property=\"article:publisher\" content=\"https:\/\/www.facebook.com\/cityofmiamibeach\" \/>\n<meta property=\"article:modified_time\" content=\"2025-06-03T02:02:47+00:00\" \/>\n<meta property=\"og:image\" content=\"https:\/\/www.miamibeachfl.gov\/wp-content\/uploads\/2022\/07\/Picture1.jpg\" \/>\n<meta name=\"twitter:card\" content=\"summary_large_image\" \/>\n<meta name=\"twitter:site\" content=\"@Miamibeachnews\" \/>\n<script type=\"application\/ld+json\" class=\"yoast-schema-graph\">{\"@context\":\"https:\\\/\\\/schema.org\",\"@graph\":[{\"@type\":\"WebPage\",\"@id\":\"https:\\\/\\\/www.miamibeachfl.gov\\\/spotlight\\\/july-2022-business-spotlight-2-make-a-bold-move\\\/\",\"url\":\"https:\\\/\\\/www.miamibeachfl.gov\\\/spotlight\\\/july-2022-business-spotlight-2-make-a-bold-move\\\/\",\"name\":\"July 2022 Business Spotlight- Make a Bold Move - City of Miami Beach\",\"isPartOf\":{\"@id\":\"https:\\\/\\\/www.miamibeachfl.gov\\\/#website\"},\"primaryImageOfPage\":{\"@id\":\"https:\\\/\\\/www.miamibeachfl.gov\\\/spotlight\\\/july-2022-business-spotlight-2-make-a-bold-move\\\/#primaryimage\"},\"image\":{\"@id\":\"https:\\\/\\\/www.miamibeachfl.gov\\\/spotlight\\\/july-2022-business-spotlight-2-make-a-bold-move\\\/#primaryimage\"},\"thumbnailUrl\":\"https:\\\/\\\/www.miamibeachfl.gov\\\/wp-content\\\/uploads\\\/2022\\\/07\\\/Picture1.jpg\",\"datePublished\":\"2022-07-19T15:56:34+00:00\",\"dateModified\":\"2025-06-03T02:02:47+00:00\",\"description\":\"%\",\"breadcrumb\":{\"@id\":\"https:\\\/\\\/www.miamibeachfl.gov\\\/spotlight\\\/july-2022-business-spotlight-2-make-a-bold-move\\\/#breadcrumb\"},\"inLanguage\":\"de\",\"potentialAction\":[{\"@type\":\"ReadAction\",\"target\":[\"https:\\\/\\\/www.miamibeachfl.gov\\\/spotlight\\\/july-2022-business-spotlight-2-make-a-bold-move\\\/\"]}]},{\"@type\":\"ImageObject\",\"inLanguage\":\"de\",\"@id\":\"https:\\\/\\\/www.miamibeachfl.gov\\\/spotlight\\\/july-2022-business-spotlight-2-make-a-bold-move\\\/#primaryimage\",\"url\":\"https:\\\/\\\/www.miamibeachfl.gov\\\/wp-content\\\/uploads\\\/2022\\\/07\\\/Picture1.jpg\",\"contentUrl\":\"https:\\\/\\\/www.miamibeachfl.gov\\\/wp-content\\\/uploads\\\/2022\\\/07\\\/Picture1.jpg\"},{\"@type\":\"BreadcrumbList\",\"@id\":\"https:\\\/\\\/www.miamibeachfl.gov\\\/spotlight\\\/july-2022-business-spotlight-2-make-a-bold-move\\\/#breadcrumb\",\"itemListElement\":[{\"@type\":\"ListItem\",\"position\":1,\"name\":\"Home\",\"item\":\"https:\\\/\\\/www.miamibeachfl.gov\\\/\"},{\"@type\":\"ListItem\",\"position\":2,\"name\":\"Business Newsletters and Spotlights\",\"item\":\"https:\\\/\\\/www.miamibeachfl.gov\\\/spotlight\\\/\"},{\"@type\":\"ListItem\",\"position\":3,\"name\":\"July 2022 Business Spotlight- Make a Bold Move\"}]},{\"@type\":\"WebSite\",\"@id\":\"https:\\\/\\\/www.miamibeachfl.gov\\\/#website\",\"url\":\"https:\\\/\\\/www.miamibeachfl.gov\\\/\",\"name\":\"City of Miami Beach\",\"description\":\"The official website of the City of Miami Beach. Stay informed, find important information on city services, news, alerts, events, trolley routes, government employment and more.\",\"publisher\":{\"@id\":\"https:\\\/\\\/www.miamibeachfl.gov\\\/#organization\"},\"potentialAction\":[{\"@type\":\"SearchAction\",\"target\":{\"@type\":\"EntryPoint\",\"urlTemplate\":\"https:\\\/\\\/www.miamibeachfl.gov\\\/?s={search_term_string}\"},\"query-input\":{\"@type\":\"PropertyValueSpecification\",\"valueRequired\":true,\"valueName\":\"search_term_string\"}}],\"inLanguage\":\"de\"},{\"@type\":\"Organization\",\"@id\":\"https:\\\/\\\/www.miamibeachfl.gov\\\/#organization\",\"name\":\"City of Miami Beach\",\"url\":\"https:\\\/\\\/www.miamibeachfl.gov\\\/\",\"logo\":{\"@type\":\"ImageObject\",\"inLanguage\":\"de\",\"@id\":\"https:\\\/\\\/www.miamibeachfl.gov\\\/#\\\/schema\\\/logo\\\/image\\\/\",\"url\":\"https:\\\/\\\/www.miamibeachfl.gov\\\/wp-content\\\/uploads\\\/2022\\\/06\\\/miamibeach-logoblue.png\",\"contentUrl\":\"https:\\\/\\\/www.miamibeachfl.gov\\\/wp-content\\\/uploads\\\/2022\\\/06\\\/miamibeach-logoblue.png\",\"width\":1962,\"height\":381,\"caption\":\"City of Miami Beach\"},\"image\":{\"@id\":\"https:\\\/\\\/www.miamibeachfl.gov\\\/#\\\/schema\\\/logo\\\/image\\\/\"},\"sameAs\":[\"https:\\\/\\\/www.facebook.com\\\/cityofmiamibeach\",\"https:\\\/\\\/x.com\\\/Miamibeachnews\",\"https:\\\/\\\/www.instagram.com\\\/miamibeachnews\\\/\"],\"description\":\"The official website of the City of Miami Beach. Stay informed, find important information on city services, news, alerts, events, trolley routes, government employment and more.\",\"telephone\":\"305.604.CITY(2489)\",\"legalName\":\"City of Miami Beach\"}]}<\/script>\n<!-- \/ Yoast SEO Premium plugin. -->","yoast_head_json":{"title":"Business Spotlight Juli 2022 \u2013 Machen Sie einen mutigen Schritt \u2013 City of Miami Beach","description":"%","robots":{"index":"index","follow":"follow","max-snippet":"max-snippet:-1","max-image-preview":"max-image-preview:large","max-video-preview":"max-video-preview:-1"},"canonical":"https:\/\/www.miamibeachfl.gov\/de\/spotlight\/july-2022-business-spotlight-2-make-a-bold-move\/","og_locale":"de_DE","og_type":"article","og_title":"July 2022 Business Spotlight- Make a Bold Move","og_description":"%","og_url":"https:\/\/www.miamibeachfl.gov\/de\/spotlight\/july-2022-business-spotlight-2-make-a-bold-move\/","og_site_name":"City of Miami Beach","article_publisher":"https:\/\/www.facebook.com\/cityofmiamibeach","article_modified_time":"2025-06-03T02:02:47+00:00","og_image":[{"url":"https:\/\/www.miamibeachfl.gov\/wp-content\/uploads\/2022\/07\/Picture1.jpg","type":"","width":"","height":""}],"twitter_card":"summary_large_image","twitter_site":"@Miamibeachnews","schema":{"@context":"https:\/\/schema.org","@graph":[{"@type":"WebPage","@id":"https:\/\/www.miamibeachfl.gov\/spotlight\/july-2022-business-spotlight-2-make-a-bold-move\/","url":"https:\/\/www.miamibeachfl.gov\/spotlight\/july-2022-business-spotlight-2-make-a-bold-move\/","name":"Business Spotlight Juli 2022 \u2013 Machen Sie einen mutigen Schritt \u2013 City of Miami Beach","isPartOf":{"@id":"https:\/\/www.miamibeachfl.gov\/#website"},"primaryImageOfPage":{"@id":"https:\/\/www.miamibeachfl.gov\/spotlight\/july-2022-business-spotlight-2-make-a-bold-move\/#primaryimage"},"image":{"@id":"https:\/\/www.miamibeachfl.gov\/spotlight\/july-2022-business-spotlight-2-make-a-bold-move\/#primaryimage"},"thumbnailUrl":"https:\/\/www.miamibeachfl.gov\/wp-content\/uploads\/2022\/07\/Picture1.jpg","datePublished":"2022-07-19T15:56:34+00:00","dateModified":"2025-06-03T02:02:47+00:00","description":"%","breadcrumb":{"@id":"https:\/\/www.miamibeachfl.gov\/spotlight\/july-2022-business-spotlight-2-make-a-bold-move\/#breadcrumb"},"inLanguage":"de","potentialAction":[{"@type":"ReadAction","target":["https:\/\/www.miamibeachfl.gov\/spotlight\/july-2022-business-spotlight-2-make-a-bold-move\/"]}]},{"@type":"ImageObject","inLanguage":"de","@id":"https:\/\/www.miamibeachfl.gov\/spotlight\/july-2022-business-spotlight-2-make-a-bold-move\/#primaryimage","url":"https:\/\/www.miamibeachfl.gov\/wp-content\/uploads\/2022\/07\/Picture1.jpg","contentUrl":"https:\/\/www.miamibeachfl.gov\/wp-content\/uploads\/2022\/07\/Picture1.jpg"},{"@type":"BreadcrumbList","@id":"https:\/\/www.miamibeachfl.gov\/spotlight\/july-2022-business-spotlight-2-make-a-bold-move\/#breadcrumb","itemListElement":[{"@type":"ListItem","position":1,"name":"Home","item":"https:\/\/www.miamibeachfl.gov\/"},{"@type":"ListItem","position":2,"name":"Business Newsletters and Spotlights","item":"https:\/\/www.miamibeachfl.gov\/spotlight\/"},{"@type":"ListItem","position":3,"name":"July 2022 Business Spotlight- Make a Bold Move"}]},{"@type":"WebSite","@id":"https:\/\/www.miamibeachfl.gov\/#website","url":"https:\/\/www.miamibeachfl.gov\/","name":"Stadt Miami Beach","description":"Die offizielle Website der Stadt Miami Beach. Bleiben Sie informiert und finden Sie wichtige Informationen zu st\u00e4dtischen Dienstleistungen, Neuigkeiten, Warnungen, Veranstaltungen, Stra\u00dfenbahnlinien, Stellenangeboten im \u00f6ffentlichen Dienst und mehr.","publisher":{"@id":"https:\/\/www.miamibeachfl.gov\/#organization"},"potentialAction":[{"@type":"SearchAction","target":{"@type":"EntryPoint","urlTemplate":"https:\/\/www.miamibeachfl.gov\/?s={search_term_string}"},"query-input":{"@type":"PropertyValueSpecification","valueRequired":true,"valueName":"search_term_string"}}],"inLanguage":"de"},{"@type":"Organization","@id":"https:\/\/www.miamibeachfl.gov\/#organization","name":"Stadt Miami Beach","url":"https:\/\/www.miamibeachfl.gov\/","logo":{"@type":"ImageObject","inLanguage":"de","@id":"https:\/\/www.miamibeachfl.gov\/#\/schema\/logo\/image\/","url":"https:\/\/www.miamibeachfl.gov\/wp-content\/uploads\/2022\/06\/miamibeach-logoblue.png","contentUrl":"https:\/\/www.miamibeachfl.gov\/wp-content\/uploads\/2022\/06\/miamibeach-logoblue.png","width":1962,"height":381,"caption":"City of Miami Beach"},"image":{"@id":"https:\/\/www.miamibeachfl.gov\/#\/schema\/logo\/image\/"},"sameAs":["https:\/\/www.facebook.com\/cityofmiamibeach","https:\/\/x.com\/Miamibeachnews","https:\/\/www.instagram.com\/miamibeachnews\/"],"description":"Die offizielle Website der Stadt Miami Beach. Bleiben Sie informiert und finden Sie wichtige Informationen zu st\u00e4dtischen Dienstleistungen, Neuigkeiten, Warnungen, Veranstaltungen, Stra\u00dfenbahnlinien, Stellenangeboten im \u00f6ffentlichen Dienst und mehr.","telephone":"305.604.CITY(2489)","legalName":"City of Miami Beach"}]}},"_links":{"self":[{"href":"https:\/\/www.miamibeachfl.gov\/de\/wp-json\/wp\/v2\/pages\/198156","targetHints":{"allow":["GET"]}}],"collection":[{"href":"https:\/\/www.miamibeachfl.gov\/de\/wp-json\/wp\/v2\/pages"}],"about":[{"href":"https:\/\/www.miamibeachfl.gov\/de\/wp-json\/wp\/v2\/types\/page"}],"author":[{"embeddable":true,"href":"https:\/\/www.miamibeachfl.gov\/de\/wp-json\/wp\/v2\/users\/222"}],"replies":[{"embeddable":true,"href":"https:\/\/www.miamibeachfl.gov\/de\/wp-json\/wp\/v2\/comments?post=198156"}],"version-history":[{"count":1,"href":"https:\/\/www.miamibeachfl.gov\/de\/wp-json\/wp\/v2\/pages\/198156\/revisions"}],"predecessor-version":[{"id":375060,"href":"https:\/\/www.miamibeachfl.gov\/de\/wp-json\/wp\/v2\/pages\/198156\/revisions\/375060"}],"up":[{"embeddable":true,"href":"https:\/\/www.miamibeachfl.gov\/de\/wp-json\/wp\/v2\/pages\/253255"}],"wp:attachment":[{"href":"https:\/\/www.miamibeachfl.gov\/de\/wp-json\/wp\/v2\/media?parent=198156"}],"wp:term":[{"taxonomy":"category","embeddable":true,"href":"https:\/\/www.miamibeachfl.gov\/de\/wp-json\/wp\/v2\/categories?post=198156"},{"taxonomy":"post_tag","embeddable":true,"href":"https:\/\/www.miamibeachfl.gov\/de\/wp-json\/wp\/v2\/tags?post=198156"}],"curies":[{"name":"wp","href":"https:\/\/api.w.org\/{rel}","templated":true}]}}