{"id":200436,"date":"2022-08-08T19:14:54","date_gmt":"2022-08-08T23:14:54","guid":{"rendered":"https:\/\/www.miamibeachfl.gov\/?page_id=200436"},"modified":"2025-06-02T21:47:40","modified_gmt":"2025-06-03T01:47:40","slug":"august-2022-business-spotlight-bdr-2","status":"publish","type":"page","link":"https:\/\/www.miamibeachfl.gov\/de\/spotlight\/august-2022-business-spotlight-bdr-2\/","title":{"rendered":"Business Spotlight August 2022 \u2013 Ressourcen zur Leistungsgestaltung"},"content":{"rendered":"<h5>\n\t\t<a href=\"https:\/\/www.miamibeachfl.gov\/de\/mbbiznews\/\" title=\"Abonnieren Sie hier, um den Wirtschaftsnewsletter der Stadt monatlich in Ihren Posteingang zu erhalten.\"  target=\"_blank\"  rel=\"noopener\">\n\t\t\tAbonnieren Sie hier, um den Wirtschaftsnewsletter der Stadt monatlich in Ihren Posteingang zu erhalten.\t\t<\/a>\n\t<\/h5>\n<h5>\n\t\t<a href=\"https:\/\/myemail.constantcontact.com\/Stay-connected-with-MB-Biz--.html?soid=1011085968389&#038;aid=S0mHBwwl4Fs\" title=\"Business Newsletter\"  target=\"_blank\"  rel=\"noopener\">\n\t\t\tBusiness Newsletter\t\t<\/a>\n\t<\/h5>\n\t<p><strong>BILL WARREN: K\u00dcHNE GESCH\u00c4FTSBILANZ<\/strong><\/p>\n\t\t\t\t<img decoding=\"async\" src=\"https:\/\/www.miamibeachfl.gov\/wp-content\/uploads\/2022\/08\/061820Bill_Warren0064_BONUS-683x1024.jpg\" alt=\"061820Bill_Warren0064_BONUS\" itemprop=\"image\" title=\"061820Bill_Warren0064_BONUS\" onerror=\"this.style.display='none'\" loading='lazy' \/>\n\t<p>Diesen August stellen wir Benefits Design Resources (\u201eBDR\u201c) vor, eine unabh\u00e4ngige Versicherungsagentur in schwarzem Besitz. Bill Warren, Gr\u00fcnder und Inhaber, gr\u00fcndete die Agentur, um in S\u00fcdflorida f\u00fcr Seelenfrieden und finanzielle Sicherheit zu sorgen. Bill, der urspr\u00fcnglich aus Virginia stammt, lebt seit \u00fcber 35 Jahren in S\u00fcdflorida, nachdem er im Laufe seiner Karriere zahlreiche F\u00fchrungspositionen innehatte.<\/p>\n<p>Bill hat einen Bachelor of Arts (BA) der Virginia State University und einen Master of Business Administration (MBA) der University of Miami und ist Certified Employee Benefits Specialist (CEBS). Nach einer beeindruckenden Ausbildung und einer Karriere bei namhaften Versicherungsunternehmen, darunter Blue Cross Blue Shield of Florida und Humana, f\u00fchrte ihn seine T\u00e4tigkeit bei Travelers nach Miami und schlie\u00dflich nach Miami Beach.<\/p>\n<p>Bill er\u00f6ffnete 2005 mutig BDR mit Sitz in 407 Lincoln Road. Seine Vision war es, eine Versicherungsgesellschaft mit Sitz in Miami Beach zu gr\u00fcnden, die sich auf den Verkauf und die Verwaltung von Kranken-, Lebens- und Invalidit\u00e4tsversicherungsprodukten f\u00fcr Unternehmen und Privatpersonen spezialisiert.<\/p>\n<p>Nach 17 Jahren in Miami Beach konzentriert sich BDR weiterhin auf Mitarbeiterleistungen und betreut kleine und mittelst\u00e4ndische Unternehmen. Das Unternehmen unterst\u00fctzt Unternehmen bei der Vermarktung, dem Betrieb und der Verwaltung von Mitarbeiterleistungen (wie Kranken-, Zahn-, Seh-, Lebens- und Zusatzversicherungen) und findet die optimale L\u00f6sung f\u00fcr die Gesch\u00e4ftsanforderungen. Bills Philosophie ist es, qualifizierte Mitarbeiter zu halten, insbesondere in einer Zeit nach der Pandemie, in der Arbeitgeber ihre Leistungspriorit\u00e4ten anpassen m\u00fcssen, um Spitzenkr\u00e4fte zu halten und zu gewinnen. \u201eMeine Spezialit\u00e4t ist es, f\u00fcr meine Kunden die beste L\u00f6sung f\u00fcr die betriebliche Altersvorsorge zu finden, indem ich das richtige Kosten-Nutzen-Verh\u00e4ltnis ermittle\u201c, erkl\u00e4rt Bill.<\/p>\n<p>Die globale Pandemie stellte alle kleinen Unternehmen, auch BDR, vor Herausforderungen und stellte sie auf die Probe. Bill ist dankbar, dass BDR \u00fcberlebt hat und weiterhin Mitarbeitervorteile bietet, um Kunden zu unterst\u00fctzen, die Schwierigkeiten haben, ihre Remote-Mitarbeiter zu motivieren \u2013 aber es war nicht einfach. Die Gewinnung neuer Kunden war f\u00fcr BDR die gr\u00f6\u00dfte H\u00fcrde. Gl\u00fccklicherweise trug Bills jahrelange aktive Teilnahme an den privaten, sozialen und gesch\u00e4ftlichen Netzwerken von Miami Beach dazu bei, das kleine Unternehmen in schwarzem Besitz zu erhalten.<\/p>\n<p>Als aktives Mitglied der Handelskammer f\u00fcr Schwule und Lesben in Miami-Dade und der Handelskammer von Miami-Dade ist Bill \u00fcberzeugt, dass sein Engagement in der Gemeinde und seine lokalen Kunden einen wesentlichen Beitrag zum Erfolg von BDR leisten. Er ist dankbar, dass er wieder an pers\u00f6nlichen Treffen und Networking-Veranstaltungen teilnehmen und sich weiterhin f\u00fcr Vielfalt, Gleichberechtigung und Inklusion in der s\u00fcdfloridanischen Gesch\u00e4ftswelt einsetzen kann.<\/p>\n<p>Als engagierter Freiwilliger unterst\u00fctzt Bill zahlreiche lokale gemeinn\u00fctzige Organisationen, engagiert sich in der \u00fcberkonfessionellen Kirche Unity on the Bay und ist Vorstandsmitglied des Miami Beach Democratic Club. Bill genie\u00dft die lebendige Kultur von Miami Beach und den dynamischen und abwechslungsreichen Lebensstil, der ihn immer wieder dazu einl\u00e4dt, Ver\u00e4nderungen und Innovationen anzunehmen und herauszufordern. Als leidenschaftlicher Verfechter von Nachhaltigkeit und Umweltschutz nutzt Bill sein drei Jahre altes Auto kaum und ist damit erst 9.600 Kilometer gefahren. Bill bevorzugt die bequeme Stra\u00dfenbahn von Miami Beach und nutzt das Citi Bike, um die Stadt und den Flamingo Park zu erkunden, wo er alle Einrichtungen und Aktivit\u00e4ten zur Abrundung seines Arbeitslebens genie\u00dft.<\/p>\n<p>Bills Botschaft an andere Unternehmen in schwarzem Besitz in diesem National Black Business Month lautet: (1) Das Unbekannte annehmen, (2) eine Community suchen, in der man Teil einer positiven Bewegung ist, und (3) Kontakte kn\u00fcpfen, etwas bewegen und Spa\u00df haben. Der Erfolg wird sich einstellen.<\/p>","protected":false},"excerpt":{"rendered":"<p>Subscribe here to receive the City&#8217;s business newsletter to your inbox monthly. Business Newsletter BILL WARREN: BOLD BUSINESS BALANCE This [&hellip;]<\/p>\n","protected":false},"author":222,"featured_media":0,"parent":253255,"menu_order":0,"comment_status":"closed","ping_status":"closed","template":"","meta":{"_searchwp_excluded":"","site-sidebar-layout":"default","site-content-layout":"","ast-site-content-layout":"default","site-content-style":"default","site-sidebar-style":"default","ast-global-header-display":"","ast-banner-title-visibility":"","ast-main-header-display":"","ast-hfb-above-header-display":"","ast-hfb-below-header-display":"","ast-hfb-mobile-header-display":"","site-post-title":"","ast-breadcrumbs-content":"","ast-featured-img":"","footer-sml-layout":"","theme-transparent-header-meta":"","adv-header-id-meta":"","stick-header-meta":"","header-above-stick-meta":"","header-main-stick-meta":"","header-below-stick-meta":"","astra-migrate-meta-layouts":"default","ast-page-background-enabled":"default","ast-page-background-meta":{"desktop":{"background-color":"var(--ast-global-color-5)","background-image":"","background-repeat":"repeat","background-position":"center center","background-size":"auto","background-attachment":"scroll","background-type":"","background-media":"","overlay-type":"","overlay-color":"","overlay-opacity":"","overlay-gradient":""},"tablet":{"background-color":"","background-image":"","background-repeat":"repeat","background-position":"center center","background-size":"auto","background-attachment":"scroll","background-type":"","background-media":"","overlay-type":"","overlay-color":"","overlay-opacity":"","overlay-gradient":""},"mobile":{"background-color":"","background-image":"","background-repeat":"repeat","background-position":"center center","background-size":"auto","background-attachment":"scroll","background-type":"","background-media":"","overlay-type":"","overlay-color":"","overlay-opacity":"","overlay-gradient":""}},"ast-content-background-meta":{"desktop":{"background-color":"var(--ast-global-color-4)","background-image":"","background-repeat":"repeat","background-position":"center center","background-size":"auto","background-attachment":"scroll","background-type":"","background-media":"","overlay-type":"","overlay-color":"","overlay-opacity":"","overlay-gradient":""},"tablet":{"background-color":"var(--ast-global-color-4)","background-image":"","background-repeat":"repeat","background-position":"center center","background-size":"auto","background-attachment":"scroll","background-type":"","background-media":"","overlay-type":"","overlay-color":"","overlay-opacity":"","overlay-gradient":""},"mobile":{"background-color":"var(--ast-global-color-4)","background-image":"","background-repeat":"repeat","background-position":"center center","background-size":"auto","background-attachment":"scroll","background-type":"","background-media":"","overlay-type":"","overlay-color":"","overlay-opacity":"","overlay-gradient":""}},"footnotes":""},"categories":[],"tags":[],"class_list":["post-200436","page","type-page","status-publish","hentry"],"yoast_head":"<!-- This site is optimized with the Yoast SEO Premium plugin v27.4 (Yoast SEO v27.4) - https:\/\/yoast.com\/product\/yoast-seo-premium-wordpress\/ -->\n<title>August 2022 Business Spotlight- Benefits Design Resources - City of Miami Beach<\/title>\n<meta name=\"description\" content=\"%\" \/>\n<meta name=\"robots\" content=\"index, follow, max-snippet:-1, max-image-preview:large, max-video-preview:-1\" \/>\n<link rel=\"canonical\" href=\"https:\/\/www.miamibeachfl.gov\/de\/spotlight\/august-2022-business-spotlight-bdr-2\/\" \/>\n<meta property=\"og:locale\" content=\"de_DE\" \/>\n<meta property=\"og:type\" content=\"article\" \/>\n<meta property=\"og:title\" content=\"August 2022 Business Spotlight- Benefits Design Resources\" \/>\n<meta property=\"og:description\" content=\"%\" \/>\n<meta property=\"og:url\" content=\"https:\/\/www.miamibeachfl.gov\/de\/spotlight\/august-2022-business-spotlight-bdr-2\/\" \/>\n<meta property=\"og:site_name\" content=\"City of Miami Beach\" \/>\n<meta property=\"article:publisher\" content=\"https:\/\/www.facebook.com\/cityofmiamibeach\" \/>\n<meta property=\"article:modified_time\" content=\"2025-06-03T01:47:40+00:00\" \/>\n<meta property=\"og:image\" content=\"https:\/\/www.miamibeachfl.gov\/wp-content\/uploads\/2022\/08\/061820Bill_Warren0064_BONUS-683x1024.jpg\" \/>\n<meta name=\"twitter:card\" content=\"summary_large_image\" \/>\n<meta name=\"twitter:site\" content=\"@Miamibeachnews\" \/>\n<script type=\"application\/ld+json\" class=\"yoast-schema-graph\">{\"@context\":\"https:\\\/\\\/schema.org\",\"@graph\":[{\"@type\":\"WebPage\",\"@id\":\"https:\\\/\\\/www.miamibeachfl.gov\\\/spotlight\\\/august-2022-business-spotlight-bdr-2\\\/\",\"url\":\"https:\\\/\\\/www.miamibeachfl.gov\\\/spotlight\\\/august-2022-business-spotlight-bdr-2\\\/\",\"name\":\"August 2022 Business Spotlight- Benefits Design Resources - City of Miami Beach\",\"isPartOf\":{\"@id\":\"https:\\\/\\\/www.miamibeachfl.gov\\\/#website\"},\"primaryImageOfPage\":{\"@id\":\"https:\\\/\\\/www.miamibeachfl.gov\\\/spotlight\\\/august-2022-business-spotlight-bdr-2\\\/#primaryimage\"},\"image\":{\"@id\":\"https:\\\/\\\/www.miamibeachfl.gov\\\/spotlight\\\/august-2022-business-spotlight-bdr-2\\\/#primaryimage\"},\"thumbnailUrl\":\"https:\\\/\\\/www.miamibeachfl.gov\\\/wp-content\\\/uploads\\\/2022\\\/08\\\/061820Bill_Warren0064_BONUS-683x1024.jpg\",\"datePublished\":\"2022-08-08T23:14:54+00:00\",\"dateModified\":\"2025-06-03T01:47:40+00:00\",\"description\":\"%\",\"breadcrumb\":{\"@id\":\"https:\\\/\\\/www.miamibeachfl.gov\\\/spotlight\\\/august-2022-business-spotlight-bdr-2\\\/#breadcrumb\"},\"inLanguage\":\"de\",\"potentialAction\":[{\"@type\":\"ReadAction\",\"target\":[\"https:\\\/\\\/www.miamibeachfl.gov\\\/spotlight\\\/august-2022-business-spotlight-bdr-2\\\/\"]}]},{\"@type\":\"ImageObject\",\"inLanguage\":\"de\",\"@id\":\"https:\\\/\\\/www.miamibeachfl.gov\\\/spotlight\\\/august-2022-business-spotlight-bdr-2\\\/#primaryimage\",\"url\":\"https:\\\/\\\/www.miamibeachfl.gov\\\/wp-content\\\/uploads\\\/2022\\\/08\\\/061820Bill_Warren0064_BONUS-683x1024.jpg\",\"contentUrl\":\"https:\\\/\\\/www.miamibeachfl.gov\\\/wp-content\\\/uploads\\\/2022\\\/08\\\/061820Bill_Warren0064_BONUS-683x1024.jpg\"},{\"@type\":\"BreadcrumbList\",\"@id\":\"https:\\\/\\\/www.miamibeachfl.gov\\\/spotlight\\\/august-2022-business-spotlight-bdr-2\\\/#breadcrumb\",\"itemListElement\":[{\"@type\":\"ListItem\",\"position\":1,\"name\":\"Home\",\"item\":\"https:\\\/\\\/www.miamibeachfl.gov\\\/\"},{\"@type\":\"ListItem\",\"position\":2,\"name\":\"Business Newsletters and Spotlights\",\"item\":\"https:\\\/\\\/www.miamibeachfl.gov\\\/spotlight\\\/\"},{\"@type\":\"ListItem\",\"position\":3,\"name\":\"August 2022 Business Spotlight- Benefits Design Resources\"}]},{\"@type\":\"WebSite\",\"@id\":\"https:\\\/\\\/www.miamibeachfl.gov\\\/#website\",\"url\":\"https:\\\/\\\/www.miamibeachfl.gov\\\/\",\"name\":\"City of Miami Beach\",\"description\":\"The official website of the City of Miami Beach. Stay informed, find important information on city services, news, alerts, events, trolley routes, government employment and more.\",\"publisher\":{\"@id\":\"https:\\\/\\\/www.miamibeachfl.gov\\\/#organization\"},\"potentialAction\":[{\"@type\":\"SearchAction\",\"target\":{\"@type\":\"EntryPoint\",\"urlTemplate\":\"https:\\\/\\\/www.miamibeachfl.gov\\\/?s={search_term_string}\"},\"query-input\":{\"@type\":\"PropertyValueSpecification\",\"valueRequired\":true,\"valueName\":\"search_term_string\"}}],\"inLanguage\":\"de\"},{\"@type\":\"Organization\",\"@id\":\"https:\\\/\\\/www.miamibeachfl.gov\\\/#organization\",\"name\":\"City of Miami Beach\",\"url\":\"https:\\\/\\\/www.miamibeachfl.gov\\\/\",\"logo\":{\"@type\":\"ImageObject\",\"inLanguage\":\"de\",\"@id\":\"https:\\\/\\\/www.miamibeachfl.gov\\\/#\\\/schema\\\/logo\\\/image\\\/\",\"url\":\"https:\\\/\\\/www.miamibeachfl.gov\\\/wp-content\\\/uploads\\\/2022\\\/06\\\/miamibeach-logoblue.png\",\"contentUrl\":\"https:\\\/\\\/www.miamibeachfl.gov\\\/wp-content\\\/uploads\\\/2022\\\/06\\\/miamibeach-logoblue.png\",\"width\":1962,\"height\":381,\"caption\":\"City of Miami Beach\"},\"image\":{\"@id\":\"https:\\\/\\\/www.miamibeachfl.gov\\\/#\\\/schema\\\/logo\\\/image\\\/\"},\"sameAs\":[\"https:\\\/\\\/www.facebook.com\\\/cityofmiamibeach\",\"https:\\\/\\\/x.com\\\/Miamibeachnews\",\"https:\\\/\\\/www.instagram.com\\\/miamibeachnews\\\/\"],\"description\":\"The official website of the City of Miami Beach. Stay informed, find important information on city services, news, alerts, events, trolley routes, government employment and more.\",\"telephone\":\"305.604.CITY(2489)\",\"legalName\":\"City of Miami Beach\"}]}<\/script>\n<!-- \/ Yoast SEO Premium plugin. -->","yoast_head_json":{"title":"Business Spotlight August 2022 \u2013 Ressourcen zur Leistungsgestaltung \u2013 Stadt Miami Beach","description":"%","robots":{"index":"index","follow":"follow","max-snippet":"max-snippet:-1","max-image-preview":"max-image-preview:large","max-video-preview":"max-video-preview:-1"},"canonical":"https:\/\/www.miamibeachfl.gov\/de\/spotlight\/august-2022-business-spotlight-bdr-2\/","og_locale":"de_DE","og_type":"article","og_title":"August 2022 Business Spotlight- Benefits Design Resources","og_description":"%","og_url":"https:\/\/www.miamibeachfl.gov\/de\/spotlight\/august-2022-business-spotlight-bdr-2\/","og_site_name":"City of Miami Beach","article_publisher":"https:\/\/www.facebook.com\/cityofmiamibeach","article_modified_time":"2025-06-03T01:47:40+00:00","og_image":[{"url":"https:\/\/www.miamibeachfl.gov\/wp-content\/uploads\/2022\/08\/061820Bill_Warren0064_BONUS-683x1024.jpg","type":"","width":"","height":""}],"twitter_card":"summary_large_image","twitter_site":"@Miamibeachnews","schema":{"@context":"https:\/\/schema.org","@graph":[{"@type":"WebPage","@id":"https:\/\/www.miamibeachfl.gov\/spotlight\/august-2022-business-spotlight-bdr-2\/","url":"https:\/\/www.miamibeachfl.gov\/spotlight\/august-2022-business-spotlight-bdr-2\/","name":"Business Spotlight August 2022 \u2013 Ressourcen zur Leistungsgestaltung \u2013 Stadt Miami Beach","isPartOf":{"@id":"https:\/\/www.miamibeachfl.gov\/#website"},"primaryImageOfPage":{"@id":"https:\/\/www.miamibeachfl.gov\/spotlight\/august-2022-business-spotlight-bdr-2\/#primaryimage"},"image":{"@id":"https:\/\/www.miamibeachfl.gov\/spotlight\/august-2022-business-spotlight-bdr-2\/#primaryimage"},"thumbnailUrl":"https:\/\/www.miamibeachfl.gov\/wp-content\/uploads\/2022\/08\/061820Bill_Warren0064_BONUS-683x1024.jpg","datePublished":"2022-08-08T23:14:54+00:00","dateModified":"2025-06-03T01:47:40+00:00","description":"%","breadcrumb":{"@id":"https:\/\/www.miamibeachfl.gov\/spotlight\/august-2022-business-spotlight-bdr-2\/#breadcrumb"},"inLanguage":"de","potentialAction":[{"@type":"ReadAction","target":["https:\/\/www.miamibeachfl.gov\/spotlight\/august-2022-business-spotlight-bdr-2\/"]}]},{"@type":"ImageObject","inLanguage":"de","@id":"https:\/\/www.miamibeachfl.gov\/spotlight\/august-2022-business-spotlight-bdr-2\/#primaryimage","url":"https:\/\/www.miamibeachfl.gov\/wp-content\/uploads\/2022\/08\/061820Bill_Warren0064_BONUS-683x1024.jpg","contentUrl":"https:\/\/www.miamibeachfl.gov\/wp-content\/uploads\/2022\/08\/061820Bill_Warren0064_BONUS-683x1024.jpg"},{"@type":"BreadcrumbList","@id":"https:\/\/www.miamibeachfl.gov\/spotlight\/august-2022-business-spotlight-bdr-2\/#breadcrumb","itemListElement":[{"@type":"ListItem","position":1,"name":"Home","item":"https:\/\/www.miamibeachfl.gov\/"},{"@type":"ListItem","position":2,"name":"Business Newsletters and Spotlights","item":"https:\/\/www.miamibeachfl.gov\/spotlight\/"},{"@type":"ListItem","position":3,"name":"August 2022 Business Spotlight- Benefits Design Resources"}]},{"@type":"WebSite","@id":"https:\/\/www.miamibeachfl.gov\/#website","url":"https:\/\/www.miamibeachfl.gov\/","name":"Stadt Miami Beach","description":"Die offizielle Website der Stadt Miami Beach. Bleiben Sie informiert und finden Sie wichtige Informationen zu st\u00e4dtischen Dienstleistungen, Neuigkeiten, Warnungen, Veranstaltungen, Stra\u00dfenbahnlinien, Stellenangeboten im \u00f6ffentlichen Dienst und mehr.","publisher":{"@id":"https:\/\/www.miamibeachfl.gov\/#organization"},"potentialAction":[{"@type":"SearchAction","target":{"@type":"EntryPoint","urlTemplate":"https:\/\/www.miamibeachfl.gov\/?s={search_term_string}"},"query-input":{"@type":"PropertyValueSpecification","valueRequired":true,"valueName":"search_term_string"}}],"inLanguage":"de"},{"@type":"Organization","@id":"https:\/\/www.miamibeachfl.gov\/#organization","name":"Stadt Miami Beach","url":"https:\/\/www.miamibeachfl.gov\/","logo":{"@type":"ImageObject","inLanguage":"de","@id":"https:\/\/www.miamibeachfl.gov\/#\/schema\/logo\/image\/","url":"https:\/\/www.miamibeachfl.gov\/wp-content\/uploads\/2022\/06\/miamibeach-logoblue.png","contentUrl":"https:\/\/www.miamibeachfl.gov\/wp-content\/uploads\/2022\/06\/miamibeach-logoblue.png","width":1962,"height":381,"caption":"City of Miami Beach"},"image":{"@id":"https:\/\/www.miamibeachfl.gov\/#\/schema\/logo\/image\/"},"sameAs":["https:\/\/www.facebook.com\/cityofmiamibeach","https:\/\/x.com\/Miamibeachnews","https:\/\/www.instagram.com\/miamibeachnews\/"],"description":"Die offizielle Website der Stadt Miami Beach. Bleiben Sie informiert und finden Sie wichtige Informationen zu st\u00e4dtischen Dienstleistungen, Neuigkeiten, Warnungen, Veranstaltungen, Stra\u00dfenbahnlinien, Stellenangeboten im \u00f6ffentlichen Dienst und mehr.","telephone":"305.604.CITY(2489)","legalName":"City of Miami Beach"}]}},"_links":{"self":[{"href":"https:\/\/www.miamibeachfl.gov\/de\/wp-json\/wp\/v2\/pages\/200436","targetHints":{"allow":["GET"]}}],"collection":[{"href":"https:\/\/www.miamibeachfl.gov\/de\/wp-json\/wp\/v2\/pages"}],"about":[{"href":"https:\/\/www.miamibeachfl.gov\/de\/wp-json\/wp\/v2\/types\/page"}],"author":[{"embeddable":true,"href":"https:\/\/www.miamibeachfl.gov\/de\/wp-json\/wp\/v2\/users\/222"}],"replies":[{"embeddable":true,"href":"https:\/\/www.miamibeachfl.gov\/de\/wp-json\/wp\/v2\/comments?post=200436"}],"version-history":[{"count":1,"href":"https:\/\/www.miamibeachfl.gov\/de\/wp-json\/wp\/v2\/pages\/200436\/revisions"}],"predecessor-version":[{"id":375039,"href":"https:\/\/www.miamibeachfl.gov\/de\/wp-json\/wp\/v2\/pages\/200436\/revisions\/375039"}],"up":[{"embeddable":true,"href":"https:\/\/www.miamibeachfl.gov\/de\/wp-json\/wp\/v2\/pages\/253255"}],"wp:attachment":[{"href":"https:\/\/www.miamibeachfl.gov\/de\/wp-json\/wp\/v2\/media?parent=200436"}],"wp:term":[{"taxonomy":"category","embeddable":true,"href":"https:\/\/www.miamibeachfl.gov\/de\/wp-json\/wp\/v2\/categories?post=200436"},{"taxonomy":"post_tag","embeddable":true,"href":"https:\/\/www.miamibeachfl.gov\/de\/wp-json\/wp\/v2\/tags?post=200436"}],"curies":[{"name":"wp","href":"https:\/\/api.w.org\/{rel}","templated":true}]}}