{"id":201815,"date":"2022-08-25T16:09:20","date_gmt":"2022-08-25T20:09:20","guid":{"rendered":"https:\/\/www.miamibeachfl.gov\/?page_id=201815"},"modified":"2025-12-31T16:22:26","modified_gmt":"2025-12-31T21:22:26","slug":"the-jewish-museum-of-florida-fiu","status":"publish","type":"page","link":"https:\/\/www.miamibeachfl.gov\/de\/2022election-info\/the-jewish-museum-of-florida-fiu\/","title":{"rendered":"Das J\u00fcdische Museum von Florida-FIU"},"content":{"rendered":"<h3>\n\t\t\tAndere kulturelle Einrichtungen (in staatlicher Hand)\t<\/h3>\n<h3>\n\t\t\tDas J\u00fcdische Museum von Florida-FIU\t<\/h3>\n\t\t\t<a href=\"https:\/\/www.miamibeachfl.gov\/de\/2022election\/\" target=\"_self\">\n\t\t\t\t\t\tZur\u00fcck zu den Wahlfragen 2022\n\t\t\t\t\t<\/a>\n\t\t\t<a href=\"https:\/\/www.miamibeachfl.gov\/wp-content\/uploads\/2022\/09\/Jewish-Museum-of-Florida-FIU.pdf\" target=\"_blank\" rel=\"noopener\">\n\t\t\t\t\t\tPDF herunterladen\n\t\t\t\t\t<\/a>\n<h3>\n\t\t\tOrganisatorischer Hintergrund\t<\/h3>\n\t<p>Das J\u00fcdische Museum von Florida-FILI (JMOF-FIU) erz\u00e4hlt die Geschichte von \u00fcber 250 Jahren j\u00fcdischer Geschichte, Kunst und Kultur Floridas mit allen Mitgliedern der lebendigen Gemeinde von Miami Beach. Ziel der Organisation ist es, den Reichtum und die Vielfalt j\u00fcdischen Lebens sowie die einzigartige Art und Weise zu erforschen und zu veranschaulichen, wie die Juden Floridas die historische und kulturelle Dynamik Floridas, des Landes und der Welt beeinflussen und von ihr beeinflusst werden. Das JMOF-FIU engagiert sich zudem f\u00fcr multikulturelle Bildung und m\u00f6chte durch die Linse der j\u00fcdischen Geschichte Floridas auf Diskriminierungsprobleme gegen\u00fcber allen marginalisierten Menschen aufmerksam machen. Durch Ausstellungen, \u00f6ffentliche Programme und eine umfangreiche Archivsammlung m\u00f6chte das JMOF-FIU zeigen, wie die Herausforderungen der Einwanderungserfahrung von allen ethnischen Gruppen in Florida geteilt werden. <\/p>\n\t<iframe src=\"https:\/\/www.google.com\/maps\/embed\/v1\/place?q=301+Washington+Avenue+Miami+Beach%2C+FL&#038;key=AIzaSyD09zQ9PNDNNy9TadMuzRV_UsPUoWKntt8\" aria-hidden=\"true\" title=\"Das J\u00fcdische Museum von Florida-FIU\"><\/iframe>\n\t<h3>Gesch\u00e4tzter Projektzeitplan<\/h3>\t\n\t<p>Ungef\u00e4hr 24 Monate<\/p>\n\t<h3>Projektbetrag<\/h3>\t\n\t<p>$750,000<\/p>\n\t<h3>Das J\u00fcdische Museum von Florida-FIU<\/h3><p><strong><a href=\"http:\/\/www.jmof.fiu.edu\/\">Weitere Informationen finden Sie unter www.jmof.fiu.edu.<\/a><\/strong><\/p>\n<h3>\n\t\t\tListe der Kapitalverbesserungen\t<\/h3>\n\t<ul>\n<li><strong>LED-BELEUCHTUNG<\/strong><br \/>\nDie Planung und Installation eines neuen LED-Beleuchtungssystems in jeder unserer drei Galerien.  <\/li>\n<li><strong>REPARATUR &amp; LACKIERUNG  <\/strong><br \/>\nReparatur und Modernisierung der Au\u00dfenw\u00e4nde, einschlie\u00dflich Anstrich, Reparatur unserer historischen Gel\u00e4nder und Installation einer rollstuhlgerechten Rampe an der Vorderseite des Museums. <\/li>\n<li><strong>AUSSENBELEUCHTUNG  <\/strong><br \/>\nInstallation eines neuen Au\u00dfenbeleuchtungssystems und zus\u00e4tzlicher Landschaftsgestaltung, um die Sch\u00f6nheit und Bedeutung des historischen Geb\u00e4udes im Viertel South of Fifth hervorzuheben und f\u00fcr zus\u00e4tzliche Sicherheit zu sorgen. <\/li>\n<li><strong>SICHERHEITSTORE   <\/strong><br \/>\nInstallation von Sicherheitstoren f\u00fcr Parkpl\u00e4tze. <\/li>\n<li><strong>Abteilung f\u00fcr den Wiederaufbau von Sammlungen   <\/strong><br \/>\nGestaltung und Umbau unserer Sammlungs- und Lagerabteilung. <\/li>\n<\/ul>","protected":false},"excerpt":{"rendered":"<p>Andere kulturelle Einrichtungen (in Staatsbesitz) Das J\u00fcdische Museum von Florida-FIU Zur\u00fcck zur Wahl 2022 Wahlfragen PDF herunterladen Organisatorischer Hintergrund Das [\u2026]<\/p>","protected":false},"author":222,"featured_media":0,"parent":200517,"menu_order":178,"comment_status":"closed","ping_status":"closed","template":"","meta":{"_searchwp_excluded":"","site-sidebar-layout":"default","site-content-layout":"","ast-site-content-layout":"default","site-content-style":"default","site-sidebar-style":"default","ast-global-header-display":"","ast-banner-title-visibility":"","ast-main-header-display":"","ast-hfb-above-header-display":"","ast-hfb-below-header-display":"","ast-hfb-mobile-header-display":"","site-post-title":"","ast-breadcrumbs-content":"","ast-featured-img":"","footer-sml-layout":"","theme-transparent-header-meta":"","adv-header-id-meta":"","stick-header-meta":"","header-above-stick-meta":"","header-main-stick-meta":"","header-below-stick-meta":"","astra-migrate-meta-layouts":"default","ast-page-background-enabled":"default","ast-page-background-meta":{"desktop":{"background-color":"var(--ast-global-color-5)","background-image":"","background-repeat":"repeat","background-position":"center center","background-size":"auto","background-attachment":"scroll","background-type":"","background-media":"","overlay-type":"","overlay-color":"","overlay-opacity":"","overlay-gradient":""},"tablet":{"background-color":"","background-image":"","background-repeat":"repeat","background-position":"center center","background-size":"auto","background-attachment":"scroll","background-type":"","background-media":"","overlay-type":"","overlay-color":"","overlay-opacity":"","overlay-gradient":""},"mobile":{"background-color":"","background-image":"","background-repeat":"repeat","background-position":"center center","background-size":"auto","background-attachment":"scroll","background-type":"","background-media":"","overlay-type":"","overlay-color":"","overlay-opacity":"","overlay-gradient":""}},"ast-content-background-meta":{"desktop":{"background-color":"var(--ast-global-color-4)","background-image":"","background-repeat":"repeat","background-position":"center center","background-size":"auto","background-attachment":"scroll","background-type":"","background-media":"","overlay-type":"","overlay-color":"","overlay-opacity":"","overlay-gradient":""},"tablet":{"background-color":"var(--ast-global-color-4)","background-image":"","background-repeat":"repeat","background-position":"center center","background-size":"auto","background-attachment":"scroll","background-type":"","background-media":"","overlay-type":"","overlay-color":"","overlay-opacity":"","overlay-gradient":""},"mobile":{"background-color":"var(--ast-global-color-4)","background-image":"","background-repeat":"repeat","background-position":"center center","background-size":"auto","background-attachment":"scroll","background-type":"","background-media":"","overlay-type":"","overlay-color":"","overlay-opacity":"","overlay-gradient":""}},"footnotes":""},"categories":[],"tags":[],"class_list":["post-201815","page","type-page","status-publish","hentry"],"yoast_head":"<!-- This site is optimized with the Yoast SEO Premium plugin v26.6 (Yoast SEO v26.6) - https:\/\/yoast.com\/wordpress\/plugins\/seo\/ -->\n<title>The Jewish Museum of Florida-FIU - City of Miami Beach<\/title>\n<meta name=\"description\" content=\"%\" \/>\n<meta name=\"robots\" content=\"index, follow, max-snippet:-1, max-image-preview:large, max-video-preview:-1\" \/>\n<link rel=\"canonical\" href=\"https:\/\/www.miamibeachfl.gov\/de\/2022election-info\/the-jewish-museum-of-florida-fiu\/\" \/>\n<meta property=\"og:locale\" content=\"de_DE\" \/>\n<meta property=\"og:type\" content=\"article\" \/>\n<meta property=\"og:title\" content=\"The Jewish Museum of Florida-FIU\" \/>\n<meta property=\"og:description\" content=\"%\" \/>\n<meta property=\"og:url\" content=\"https:\/\/www.miamibeachfl.gov\/de\/2022election-info\/the-jewish-museum-of-florida-fiu\/\" \/>\n<meta property=\"og:site_name\" content=\"City of Miami Beach\" \/>\n<meta property=\"article:publisher\" content=\"https:\/\/www.facebook.com\/cityofmiamibeach\" \/>\n<meta property=\"article:modified_time\" content=\"2025-12-31T21:22:26+00:00\" \/>\n<meta property=\"og:image\" content=\"https:\/\/www.miamibeachfl.gov\/wp-content\/uploads\/2024\/01\/1000pxSquare-miamibeach-aerial-southpointview.jpeg\" \/>\n\t<meta property=\"og:image:width\" content=\"1000\" \/>\n\t<meta property=\"og:image:height\" content=\"1000\" \/>\n\t<meta property=\"og:image:type\" content=\"image\/jpeg\" \/>\n<meta name=\"twitter:card\" content=\"summary_large_image\" \/>\n<meta name=\"twitter:site\" content=\"@Miamibeachnews\" \/>\n<script type=\"application\/ld+json\" class=\"yoast-schema-graph\">{\"@context\":\"https:\/\/schema.org\",\"@graph\":[{\"@type\":\"WebPage\",\"@id\":\"https:\/\/www.miamibeachfl.gov\/2022election-info\/the-jewish-museum-of-florida-fiu\/\",\"url\":\"https:\/\/www.miamibeachfl.gov\/2022election-info\/the-jewish-museum-of-florida-fiu\/\",\"name\":\"The Jewish Museum of Florida-FIU - City of Miami Beach\",\"isPartOf\":{\"@id\":\"https:\/\/www.miamibeachfl.gov\/#website\"},\"datePublished\":\"2022-08-25T20:09:20+00:00\",\"dateModified\":\"2025-12-31T21:22:26+00:00\",\"description\":\"%\",\"breadcrumb\":{\"@id\":\"https:\/\/www.miamibeachfl.gov\/2022election-info\/the-jewish-museum-of-florida-fiu\/#breadcrumb\"},\"inLanguage\":\"de\",\"potentialAction\":[{\"@type\":\"ReadAction\",\"target\":[\"https:\/\/www.miamibeachfl.gov\/2022election-info\/the-jewish-museum-of-florida-fiu\/\"]}]},{\"@type\":\"BreadcrumbList\",\"@id\":\"https:\/\/www.miamibeachfl.gov\/2022election-info\/the-jewish-museum-of-florida-fiu\/#breadcrumb\",\"itemListElement\":[{\"@type\":\"ListItem\",\"position\":1,\"name\":\"Home\",\"item\":\"https:\/\/www.miamibeachfl.gov\/\"},{\"@type\":\"ListItem\",\"position\":2,\"name\":\"2022 Election\",\"item\":\"https:\/\/www.miamibeachfl.gov\/2022election-info\/\"},{\"@type\":\"ListItem\",\"position\":3,\"name\":\"The Jewish Museum of Florida-FIU\"}]},{\"@type\":\"WebSite\",\"@id\":\"https:\/\/www.miamibeachfl.gov\/#website\",\"url\":\"https:\/\/www.miamibeachfl.gov\/\",\"name\":\"City of Miami Beach\",\"description\":\"The official website of the City of Miami Beach. Stay informed, find important information on city services, news, alerts, events, trolley routes, government employment and more.\",\"publisher\":{\"@id\":\"https:\/\/www.miamibeachfl.gov\/#organization\"},\"potentialAction\":[{\"@type\":\"SearchAction\",\"target\":{\"@type\":\"EntryPoint\",\"urlTemplate\":\"https:\/\/www.miamibeachfl.gov\/?s={search_term_string}\"},\"query-input\":{\"@type\":\"PropertyValueSpecification\",\"valueRequired\":true,\"valueName\":\"search_term_string\"}}],\"inLanguage\":\"de\"},{\"@type\":\"Organization\",\"@id\":\"https:\/\/www.miamibeachfl.gov\/#organization\",\"name\":\"City of Miami Beach\",\"url\":\"https:\/\/www.miamibeachfl.gov\/\",\"logo\":{\"@type\":\"ImageObject\",\"inLanguage\":\"de\",\"@id\":\"https:\/\/www.miamibeachfl.gov\/#\/schema\/logo\/image\/\",\"url\":\"https:\/\/www.miamibeachfl.gov\/wp-content\/uploads\/2022\/06\/miamibeach-logoblue.png\",\"contentUrl\":\"https:\/\/www.miamibeachfl.gov\/wp-content\/uploads\/2022\/06\/miamibeach-logoblue.png\",\"width\":1962,\"height\":381,\"caption\":\"City of Miami Beach\"},\"image\":{\"@id\":\"https:\/\/www.miamibeachfl.gov\/#\/schema\/logo\/image\/\"},\"sameAs\":[\"https:\/\/www.facebook.com\/cityofmiamibeach\",\"https:\/\/x.com\/Miamibeachnews\",\"https:\/\/www.instagram.com\/miamibeachnews\/\"],\"description\":\"The official website of the City of Miami Beach. Stay informed, find important information on city services, news, alerts, events, trolley routes, government employment and more.\",\"telephone\":\"305.604.CITY(2489)\",\"legalName\":\"City of Miami Beach\"}]}<\/script>\n<!-- \/ Yoast SEO Premium plugin. -->","yoast_head_json":{"title":"Das J\u00fcdische Museum von Florida-FIU - Stadt Miami Beach","description":"%","robots":{"index":"index","follow":"follow","max-snippet":"max-snippet:-1","max-image-preview":"max-image-preview:large","max-video-preview":"max-video-preview:-1"},"canonical":"https:\/\/www.miamibeachfl.gov\/de\/2022election-info\/the-jewish-museum-of-florida-fiu\/","og_locale":"de_DE","og_type":"article","og_title":"The Jewish Museum of Florida-FIU","og_description":"%","og_url":"https:\/\/www.miamibeachfl.gov\/de\/2022election-info\/the-jewish-museum-of-florida-fiu\/","og_site_name":"City of Miami Beach","article_publisher":"https:\/\/www.facebook.com\/cityofmiamibeach","article_modified_time":"2025-12-31T21:22:26+00:00","og_image":[{"width":1000,"height":1000,"url":"https:\/\/www.miamibeachfl.gov\/wp-content\/uploads\/2024\/01\/1000pxSquare-miamibeach-aerial-southpointview.jpeg","type":"image\/jpeg"}],"twitter_card":"summary_large_image","twitter_site":"@Miamibeachnews","schema":{"@context":"https:\/\/schema.org","@graph":[{"@type":"WebPage","@id":"https:\/\/www.miamibeachfl.gov\/2022election-info\/the-jewish-museum-of-florida-fiu\/","url":"https:\/\/www.miamibeachfl.gov\/2022election-info\/the-jewish-museum-of-florida-fiu\/","name":"Das J\u00fcdische Museum von Florida-FIU - Stadt Miami Beach","isPartOf":{"@id":"https:\/\/www.miamibeachfl.gov\/#website"},"datePublished":"2022-08-25T20:09:20+00:00","dateModified":"2025-12-31T21:22:26+00:00","description":"%","breadcrumb":{"@id":"https:\/\/www.miamibeachfl.gov\/2022election-info\/the-jewish-museum-of-florida-fiu\/#breadcrumb"},"inLanguage":"de","potentialAction":[{"@type":"ReadAction","target":["https:\/\/www.miamibeachfl.gov\/2022election-info\/the-jewish-museum-of-florida-fiu\/"]}]},{"@type":"BreadcrumbList","@id":"https:\/\/www.miamibeachfl.gov\/2022election-info\/the-jewish-museum-of-florida-fiu\/#breadcrumb","itemListElement":[{"@type":"ListItem","position":1,"name":"Home","item":"https:\/\/www.miamibeachfl.gov\/"},{"@type":"ListItem","position":2,"name":"2022 Election","item":"https:\/\/www.miamibeachfl.gov\/2022election-info\/"},{"@type":"ListItem","position":3,"name":"The Jewish Museum of Florida-FIU"}]},{"@type":"WebSite","@id":"https:\/\/www.miamibeachfl.gov\/#website","url":"https:\/\/www.miamibeachfl.gov\/","name":"Stadt Miami Beach","description":"Die offizielle Website der Stadt Miami Beach. Bleiben Sie informiert und finden Sie wichtige Informationen zu st\u00e4dtischen Dienstleistungen, Neuigkeiten, Warnungen, Veranstaltungen, Stra\u00dfenbahnlinien, Stellenangeboten im \u00f6ffentlichen Dienst und mehr.","publisher":{"@id":"https:\/\/www.miamibeachfl.gov\/#organization"},"potentialAction":[{"@type":"SearchAction","target":{"@type":"EntryPoint","urlTemplate":"https:\/\/www.miamibeachfl.gov\/?s={search_term_string}"},"query-input":{"@type":"PropertyValueSpecification","valueRequired":true,"valueName":"search_term_string"}}],"inLanguage":"de"},{"@type":"Organization","@id":"https:\/\/www.miamibeachfl.gov\/#organization","name":"Stadt Miami Beach","url":"https:\/\/www.miamibeachfl.gov\/","logo":{"@type":"ImageObject","inLanguage":"de","@id":"https:\/\/www.miamibeachfl.gov\/#\/schema\/logo\/image\/","url":"https:\/\/www.miamibeachfl.gov\/wp-content\/uploads\/2022\/06\/miamibeach-logoblue.png","contentUrl":"https:\/\/www.miamibeachfl.gov\/wp-content\/uploads\/2022\/06\/miamibeach-logoblue.png","width":1962,"height":381,"caption":"City of Miami Beach"},"image":{"@id":"https:\/\/www.miamibeachfl.gov\/#\/schema\/logo\/image\/"},"sameAs":["https:\/\/www.facebook.com\/cityofmiamibeach","https:\/\/x.com\/Miamibeachnews","https:\/\/www.instagram.com\/miamibeachnews\/"],"description":"Die offizielle Website der Stadt Miami Beach. Bleiben Sie informiert und finden Sie wichtige Informationen zu st\u00e4dtischen Dienstleistungen, Neuigkeiten, Warnungen, Veranstaltungen, Stra\u00dfenbahnlinien, Stellenangeboten im \u00f6ffentlichen Dienst und mehr.","telephone":"305.604.CITY(2489)","legalName":"City of Miami Beach"}]}},"_links":{"self":[{"href":"https:\/\/www.miamibeachfl.gov\/de\/wp-json\/wp\/v2\/pages\/201815","targetHints":{"allow":["GET"]}}],"collection":[{"href":"https:\/\/www.miamibeachfl.gov\/de\/wp-json\/wp\/v2\/pages"}],"about":[{"href":"https:\/\/www.miamibeachfl.gov\/de\/wp-json\/wp\/v2\/types\/page"}],"author":[{"embeddable":true,"href":"https:\/\/www.miamibeachfl.gov\/de\/wp-json\/wp\/v2\/users\/222"}],"replies":[{"embeddable":true,"href":"https:\/\/www.miamibeachfl.gov\/de\/wp-json\/wp\/v2\/comments?post=201815"}],"version-history":[{"count":0,"href":"https:\/\/www.miamibeachfl.gov\/de\/wp-json\/wp\/v2\/pages\/201815\/revisions"}],"up":[{"embeddable":true,"href":"https:\/\/www.miamibeachfl.gov\/de\/wp-json\/wp\/v2\/pages\/200517"}],"wp:attachment":[{"href":"https:\/\/www.miamibeachfl.gov\/de\/wp-json\/wp\/v2\/media?parent=201815"}],"wp:term":[{"taxonomy":"category","embeddable":true,"href":"https:\/\/www.miamibeachfl.gov\/de\/wp-json\/wp\/v2\/categories?post=201815"},{"taxonomy":"post_tag","embeddable":true,"href":"https:\/\/www.miamibeachfl.gov\/de\/wp-json\/wp\/v2\/tags?post=201815"}],"curies":[{"name":"wp","href":"https:\/\/api.w.org\/{rel}","templated":true}]}}