{"id":221727,"date":"2022-09-08T12:20:50","date_gmt":"2022-09-08T16:20:50","guid":{"rendered":"https:\/\/www.miamibeachfl.gov\/?page_id=221727"},"modified":"2025-06-02T22:21:59","modified_gmt":"2025-06-03T02:21:59","slug":"september-2022-business-spotlight","status":"publish","type":"page","link":"https:\/\/www.miamibeachfl.gov\/de\/spotlight\/september-2022-business-spotlight\/","title":{"rendered":"Business Spotlight im September \u2013 Silverlake Bistro"},"content":{"rendered":"<h5>\n\t\t<a href=\"https:\/\/www.miamibeachfl.gov\/de\/mbbiznews\/\" title=\"Abonnieren Sie hier, um den Wirtschaftsnewsletter der Stadt monatlich in Ihren Posteingang zu erhalten.\"  target=\"_blank\"  rel=\"noopener\">\n\t\t\tAbonnieren Sie hier, um den Wirtschaftsnewsletter der Stadt monatlich in Ihren Posteingang zu erhalten.\t\t<\/a>\n\t<\/h5>\n<h5>\n\t\t<a href=\"https:\/\/myemail.constantcontact.com\/Stay-connected-with-MB-Biz--.html?soid=1011085968389&#038;aid=S0mHBwwl4Fs\" title=\"Business Newsletter\"  target=\"_blank\"  rel=\"noopener\">\n\t\t\tBusiness Newsletter\t\t<\/a>\n\t<\/h5>\n\t<p><strong>Silverlake Bistro: Ein verstecktes Juwel, inspiriert von hispanischen Wurzeln<\/strong><\/p>\n\t\t\t\t<img decoding=\"async\" src=\"https:\/\/www.miamibeachfl.gov\/wp-content\/uploads\/2023\/03\/Bistro-1.jpg\" alt=\"Bistro 1\" itemprop=\"image\" title=\"Bistro 1\" onerror=\"this.style.display='none'\" loading='lazy' \/>\n\t<p>Miami Beach ist ein Zentrum der Gastronomie und des Gastgewerbes und Sandy Sanchez ist eine wichtige Zutat in unserem kulinarischen Gaumen. Sandy wurde in Hialeah als Kind der kubanischen Eltern Maribella und Rafael Sanchez geboren und ihr Gaumen war schon immer gepr\u00e4gt und beeinflusst von spanischen, afrikanischen und karibischen Gew\u00fcrzen, Techniken und Aromen. Sandys Reise begann in den 1950er Jahren, als ihr Onkel, Frades Sanchez, in die Vereinigten Staaten auswanderte, um f\u00fcr die New York Yankees zu spielen. Nach einer karrierebeendenden Verletzung zog Frades nach Miami, und Sandys Eltern flohen 1960 aus Kuba, schlossen sich ihm an und lie\u00dfen sich in Hialeah nieder. Maribella und Rafael konnten, wie viele kubanische Einwanderer, Fabrikjobs finden. Sandy erinnert sich an die Zeit in Hialeah, gegen\u00fcber der Fabrik, in der ihr Vater arbeitete, und an die s\u00fc\u00dfen D\u00fcfte der Kochk\u00fcnste ihrer Mutter in der K\u00fcche. Frau Sanchez, eine der ersten Unternehmerinnen, begann, Mittagessen f\u00fcr die Fabrikarbeiter zu kochen, und Sandy erinnert sich gern daran, wie ihr Zuhause zu einem besonderen Ort wurde, an dem Arbeiter, Nachbarn und Bed\u00fcrftige zusammenkamen und hausgemachtes, authentisches kubanisches Essen genossen.<\/p>\n<p>\u201eMeine Mutter hat mich inspiriert. Sie hatte Unternehmergeist und teilte ihre Liebe zum Kochen mit unserer Gemeinde\u201c, erkl\u00e4rt Sandy. \u201eDie K\u00fcche meiner Mutter wurde zu einem einladenden Treffpunkt, an dem wir zusammenkamen, teilten, liebten, lachten und das beste Essen der Nachbarschaft genossen.\u201c<\/p>\n<p>Obwohl Sandy nach Los Angeles zog, um eine Schauspielkarriere zu verfolgen, ist die Begegnung mit ihrer gro\u00dfen Liebe, ihrem Ehemann, dem Koch Benoit \u201eBen\u201c Rablat, ihre sch\u00f6nste Erinnerung an ihren kurzen Aufenthalt in Kalifornien. Sie lernten sich im Viertel Silverlake kennen und lernten dort die Freuden des guten Essens und Weins kennen und entdeckten ihre Leidenschaft f\u00fcr das Veranstalten von Dinnerpartys f\u00fcr Freunde. Hier entstand auch der Grundstein f\u00fcr die Er\u00f6ffnung eines Restaurants.<\/p>\n<p>Sandys und Bens erstes Restaurant, <em>La Fresa Francesa<\/em>, ein \u00e4u\u00dferst beliebtes franz\u00f6sisches Restaurant in Hialeah, ist ein gem\u00fctliches franz\u00f6sisches Bistro mit unkonventionellem Flair. Nach sieben erfolgreichen Jahren als Gastronomen wollten die beiden risikofreudigen Gastronomen nach Miami Beach expandieren \u2026 und Silverlake, eine liebevolle Hommage an ihre Liebe zueinander und zum Essen, entstand in North Beach.<\/p>\n<p>\u201eDie Er\u00f6ffnung von Silverlake war f\u00fcr uns und North Beach ein Wendepunkt. Wir haben ein angesagtes neues Restaurant mit warmer und erfrischender Nachbarschaftsatmosph\u00e4re er\u00f6ffnet und North Beach um ein fu\u00dfl\u00e4ufig erreichbares, familienfreundliches Bistro erweitert. Die Kombination aus Bens k\u00f6stlichem Essen und Sandys Stil und Pers\u00f6nlichkeit hat Silverlake zu einem kulinarischen Highlight gemacht!\u201c, erkl\u00e4rt David Sexton, Pr\u00e4sident der Normandy Fountain Business Association.<\/p>\n<p>Sandy hat ihr Herzblut in jedes Detail von Silverlake gesteckt \u2013 von der Musik \u00fcber die kunstvollen Tapeten und die lustigen Schmuckst\u00fccke bis hin zur herzlichen Begr\u00fc\u00dfung jedes Gastes. \u201eWir wollen das Lokal so schlicht wie m\u00f6glich halten. Es soll sich anf\u00fchlen, als w\u00fcrde man bei meiner Mutter oder bei seiner Gro\u00dfmutter essen\u201c, sagte Sandy. \u201eEs gibt keine magischen Rezepte, sondern nur die richtige Kombination aus Gew\u00fcrzen, Liebe, W\u00e4rme, Kultur und harter Arbeit.\u201c<\/p>\n<p>Zu den Favoriten geh\u00f6ren Bens Mutters original franz\u00f6sisches Rezept f\u00fcr Blauschimmelk\u00e4se, Wei\u00dfwein, Schalotten, Fr\u00fchlingszwiebeln, Muscheln und den Silverlake-Burger, ein doppeltes Patty mit Cheddar, Speck, Steaksauce und Aioli. Das Silverlake Bistro ist von Mittwoch bis Sonntag zum Abendessen und sonntags zum Brunch ge\u00f6ffnet. Weitere Informationen finden Sie auf Facebook unter <a href=\"https:\/\/www.facebook.com\/silverlakemiamibeach\/\"><strong>https:\/\/www.facebook.com\/silverlakemiamibeach\/<\/strong><\/a>. Sch\u00f6nen Nationalen Hispanic Heritage Month!<\/p>\n<p>&nbsp;<\/p>\n<p>&nbsp;<\/p>\n<p>&nbsp;<\/p>\n<p>&nbsp;<\/p>\n<p>&nbsp;<\/p>\n<p>&nbsp;<\/p>","protected":false},"excerpt":{"rendered":"<p>Subscribe here to receive the City&#8217;s business newsletter to your inbox monthly. Business Newsletter Silverlake Bistro: A Hidden Gem Inspired [&hellip;]<\/p>\n","protected":false},"author":222,"featured_media":0,"parent":253255,"menu_order":0,"comment_status":"closed","ping_status":"closed","template":"","meta":{"_searchwp_excluded":"","site-sidebar-layout":"default","site-content-layout":"","ast-site-content-layout":"default","site-content-style":"default","site-sidebar-style":"default","ast-global-header-display":"","ast-banner-title-visibility":"","ast-main-header-display":"","ast-hfb-above-header-display":"","ast-hfb-below-header-display":"","ast-hfb-mobile-header-display":"","site-post-title":"","ast-breadcrumbs-content":"","ast-featured-img":"","footer-sml-layout":"","theme-transparent-header-meta":"","adv-header-id-meta":"","stick-header-meta":"","header-above-stick-meta":"","header-main-stick-meta":"","header-below-stick-meta":"","astra-migrate-meta-layouts":"default","ast-page-background-enabled":"default","ast-page-background-meta":{"desktop":{"background-color":"var(--ast-global-color-5)","background-image":"","background-repeat":"repeat","background-position":"center center","background-size":"auto","background-attachment":"scroll","background-type":"","background-media":"","overlay-type":"","overlay-color":"","overlay-opacity":"","overlay-gradient":""},"tablet":{"background-color":"","background-image":"","background-repeat":"repeat","background-position":"center center","background-size":"auto","background-attachment":"scroll","background-type":"","background-media":"","overlay-type":"","overlay-color":"","overlay-opacity":"","overlay-gradient":""},"mobile":{"background-color":"","background-image":"","background-repeat":"repeat","background-position":"center center","background-size":"auto","background-attachment":"scroll","background-type":"","background-media":"","overlay-type":"","overlay-color":"","overlay-opacity":"","overlay-gradient":""}},"ast-content-background-meta":{"desktop":{"background-color":"var(--ast-global-color-4)","background-image":"","background-repeat":"repeat","background-position":"center center","background-size":"auto","background-attachment":"scroll","background-type":"","background-media":"","overlay-type":"","overlay-color":"","overlay-opacity":"","overlay-gradient":""},"tablet":{"background-color":"var(--ast-global-color-4)","background-image":"","background-repeat":"repeat","background-position":"center center","background-size":"auto","background-attachment":"scroll","background-type":"","background-media":"","overlay-type":"","overlay-color":"","overlay-opacity":"","overlay-gradient":""},"mobile":{"background-color":"var(--ast-global-color-4)","background-image":"","background-repeat":"repeat","background-position":"center center","background-size":"auto","background-attachment":"scroll","background-type":"","background-media":"","overlay-type":"","overlay-color":"","overlay-opacity":"","overlay-gradient":""}},"footnotes":""},"categories":[],"tags":[],"class_list":["post-221727","page","type-page","status-publish","hentry"],"yoast_head":"<!-- This site is optimized with the Yoast SEO Premium plugin v27.4 (Yoast SEO v27.4) - https:\/\/yoast.com\/product\/yoast-seo-premium-wordpress\/ -->\n<title>September Business Spotlight- Silverlake Bistro - City of Miami Beach<\/title>\n<meta name=\"description\" content=\"%\" \/>\n<meta name=\"robots\" content=\"index, follow, max-snippet:-1, max-image-preview:large, max-video-preview:-1\" \/>\n<link rel=\"canonical\" href=\"https:\/\/www.miamibeachfl.gov\/de\/spotlight\/september-2022-business-spotlight\/\" \/>\n<meta property=\"og:locale\" content=\"de_DE\" \/>\n<meta property=\"og:type\" content=\"article\" \/>\n<meta property=\"og:title\" content=\"September Business Spotlight- Silverlake Bistro\" \/>\n<meta property=\"og:description\" content=\"%\" \/>\n<meta property=\"og:url\" content=\"https:\/\/www.miamibeachfl.gov\/de\/spotlight\/september-2022-business-spotlight\/\" \/>\n<meta property=\"og:site_name\" content=\"City of Miami Beach\" \/>\n<meta property=\"article:publisher\" content=\"https:\/\/www.facebook.com\/cityofmiamibeach\" \/>\n<meta property=\"article:modified_time\" content=\"2025-06-03T02:21:59+00:00\" \/>\n<meta property=\"og:image\" content=\"https:\/\/www.miamibeachfl.gov\/wp-content\/uploads\/2023\/03\/Bistro-1.jpg\" \/>\n<meta name=\"twitter:card\" content=\"summary_large_image\" \/>\n<meta name=\"twitter:site\" content=\"@Miamibeachnews\" \/>\n<script type=\"application\/ld+json\" class=\"yoast-schema-graph\">{\"@context\":\"https:\\\/\\\/schema.org\",\"@graph\":[{\"@type\":\"WebPage\",\"@id\":\"https:\\\/\\\/www.miamibeachfl.gov\\\/spotlight\\\/september-2022-business-spotlight\\\/\",\"url\":\"https:\\\/\\\/www.miamibeachfl.gov\\\/spotlight\\\/september-2022-business-spotlight\\\/\",\"name\":\"September Business Spotlight- Silverlake Bistro - City of Miami Beach\",\"isPartOf\":{\"@id\":\"https:\\\/\\\/www.miamibeachfl.gov\\\/#website\"},\"primaryImageOfPage\":{\"@id\":\"https:\\\/\\\/www.miamibeachfl.gov\\\/spotlight\\\/september-2022-business-spotlight\\\/#primaryimage\"},\"image\":{\"@id\":\"https:\\\/\\\/www.miamibeachfl.gov\\\/spotlight\\\/september-2022-business-spotlight\\\/#primaryimage\"},\"thumbnailUrl\":\"https:\\\/\\\/www.miamibeachfl.gov\\\/wp-content\\\/uploads\\\/2023\\\/03\\\/Bistro-1.jpg\",\"datePublished\":\"2022-09-08T16:20:50+00:00\",\"dateModified\":\"2025-06-03T02:21:59+00:00\",\"description\":\"%\",\"breadcrumb\":{\"@id\":\"https:\\\/\\\/www.miamibeachfl.gov\\\/spotlight\\\/september-2022-business-spotlight\\\/#breadcrumb\"},\"inLanguage\":\"de\",\"potentialAction\":[{\"@type\":\"ReadAction\",\"target\":[\"https:\\\/\\\/www.miamibeachfl.gov\\\/spotlight\\\/september-2022-business-spotlight\\\/\"]}]},{\"@type\":\"ImageObject\",\"inLanguage\":\"de\",\"@id\":\"https:\\\/\\\/www.miamibeachfl.gov\\\/spotlight\\\/september-2022-business-spotlight\\\/#primaryimage\",\"url\":\"https:\\\/\\\/www.miamibeachfl.gov\\\/wp-content\\\/uploads\\\/2023\\\/03\\\/Bistro-1.jpg\",\"contentUrl\":\"https:\\\/\\\/www.miamibeachfl.gov\\\/wp-content\\\/uploads\\\/2023\\\/03\\\/Bistro-1.jpg\"},{\"@type\":\"BreadcrumbList\",\"@id\":\"https:\\\/\\\/www.miamibeachfl.gov\\\/spotlight\\\/september-2022-business-spotlight\\\/#breadcrumb\",\"itemListElement\":[{\"@type\":\"ListItem\",\"position\":1,\"name\":\"Home\",\"item\":\"https:\\\/\\\/www.miamibeachfl.gov\\\/\"},{\"@type\":\"ListItem\",\"position\":2,\"name\":\"Business Newsletters and Spotlights\",\"item\":\"https:\\\/\\\/www.miamibeachfl.gov\\\/spotlight\\\/\"},{\"@type\":\"ListItem\",\"position\":3,\"name\":\"September Business Spotlight- Silverlake Bistro\"}]},{\"@type\":\"WebSite\",\"@id\":\"https:\\\/\\\/www.miamibeachfl.gov\\\/#website\",\"url\":\"https:\\\/\\\/www.miamibeachfl.gov\\\/\",\"name\":\"City of Miami Beach\",\"description\":\"The official website of the City of Miami Beach. Stay informed, find important information on city services, news, alerts, events, trolley routes, government employment and more.\",\"publisher\":{\"@id\":\"https:\\\/\\\/www.miamibeachfl.gov\\\/#organization\"},\"potentialAction\":[{\"@type\":\"SearchAction\",\"target\":{\"@type\":\"EntryPoint\",\"urlTemplate\":\"https:\\\/\\\/www.miamibeachfl.gov\\\/?s={search_term_string}\"},\"query-input\":{\"@type\":\"PropertyValueSpecification\",\"valueRequired\":true,\"valueName\":\"search_term_string\"}}],\"inLanguage\":\"de\"},{\"@type\":\"Organization\",\"@id\":\"https:\\\/\\\/www.miamibeachfl.gov\\\/#organization\",\"name\":\"City of Miami Beach\",\"url\":\"https:\\\/\\\/www.miamibeachfl.gov\\\/\",\"logo\":{\"@type\":\"ImageObject\",\"inLanguage\":\"de\",\"@id\":\"https:\\\/\\\/www.miamibeachfl.gov\\\/#\\\/schema\\\/logo\\\/image\\\/\",\"url\":\"https:\\\/\\\/www.miamibeachfl.gov\\\/wp-content\\\/uploads\\\/2022\\\/06\\\/miamibeach-logoblue.png\",\"contentUrl\":\"https:\\\/\\\/www.miamibeachfl.gov\\\/wp-content\\\/uploads\\\/2022\\\/06\\\/miamibeach-logoblue.png\",\"width\":1962,\"height\":381,\"caption\":\"City of Miami Beach\"},\"image\":{\"@id\":\"https:\\\/\\\/www.miamibeachfl.gov\\\/#\\\/schema\\\/logo\\\/image\\\/\"},\"sameAs\":[\"https:\\\/\\\/www.facebook.com\\\/cityofmiamibeach\",\"https:\\\/\\\/x.com\\\/Miamibeachnews\",\"https:\\\/\\\/www.instagram.com\\\/miamibeachnews\\\/\"],\"description\":\"The official website of the City of Miami Beach. Stay informed, find important information on city services, news, alerts, events, trolley routes, government employment and more.\",\"telephone\":\"305.604.CITY(2489)\",\"legalName\":\"City of Miami Beach\"}]}<\/script>\n<!-- \/ Yoast SEO Premium plugin. -->","yoast_head_json":{"title":"Business Spotlight im September \u2013 Silverlake Bistro \u2013 City of Miami Beach","description":"%","robots":{"index":"index","follow":"follow","max-snippet":"max-snippet:-1","max-image-preview":"max-image-preview:large","max-video-preview":"max-video-preview:-1"},"canonical":"https:\/\/www.miamibeachfl.gov\/de\/spotlight\/september-2022-business-spotlight\/","og_locale":"de_DE","og_type":"article","og_title":"September Business Spotlight- Silverlake Bistro","og_description":"%","og_url":"https:\/\/www.miamibeachfl.gov\/de\/spotlight\/september-2022-business-spotlight\/","og_site_name":"City of Miami Beach","article_publisher":"https:\/\/www.facebook.com\/cityofmiamibeach","article_modified_time":"2025-06-03T02:21:59+00:00","og_image":[{"url":"https:\/\/www.miamibeachfl.gov\/wp-content\/uploads\/2023\/03\/Bistro-1.jpg","type":"","width":"","height":""}],"twitter_card":"summary_large_image","twitter_site":"@Miamibeachnews","schema":{"@context":"https:\/\/schema.org","@graph":[{"@type":"WebPage","@id":"https:\/\/www.miamibeachfl.gov\/spotlight\/september-2022-business-spotlight\/","url":"https:\/\/www.miamibeachfl.gov\/spotlight\/september-2022-business-spotlight\/","name":"Business Spotlight im September \u2013 Silverlake Bistro \u2013 City of Miami Beach","isPartOf":{"@id":"https:\/\/www.miamibeachfl.gov\/#website"},"primaryImageOfPage":{"@id":"https:\/\/www.miamibeachfl.gov\/spotlight\/september-2022-business-spotlight\/#primaryimage"},"image":{"@id":"https:\/\/www.miamibeachfl.gov\/spotlight\/september-2022-business-spotlight\/#primaryimage"},"thumbnailUrl":"https:\/\/www.miamibeachfl.gov\/wp-content\/uploads\/2023\/03\/Bistro-1.jpg","datePublished":"2022-09-08T16:20:50+00:00","dateModified":"2025-06-03T02:21:59+00:00","description":"%","breadcrumb":{"@id":"https:\/\/www.miamibeachfl.gov\/spotlight\/september-2022-business-spotlight\/#breadcrumb"},"inLanguage":"de","potentialAction":[{"@type":"ReadAction","target":["https:\/\/www.miamibeachfl.gov\/spotlight\/september-2022-business-spotlight\/"]}]},{"@type":"ImageObject","inLanguage":"de","@id":"https:\/\/www.miamibeachfl.gov\/spotlight\/september-2022-business-spotlight\/#primaryimage","url":"https:\/\/www.miamibeachfl.gov\/wp-content\/uploads\/2023\/03\/Bistro-1.jpg","contentUrl":"https:\/\/www.miamibeachfl.gov\/wp-content\/uploads\/2023\/03\/Bistro-1.jpg"},{"@type":"BreadcrumbList","@id":"https:\/\/www.miamibeachfl.gov\/spotlight\/september-2022-business-spotlight\/#breadcrumb","itemListElement":[{"@type":"ListItem","position":1,"name":"Home","item":"https:\/\/www.miamibeachfl.gov\/"},{"@type":"ListItem","position":2,"name":"Business Newsletters and Spotlights","item":"https:\/\/www.miamibeachfl.gov\/spotlight\/"},{"@type":"ListItem","position":3,"name":"September Business Spotlight- Silverlake Bistro"}]},{"@type":"WebSite","@id":"https:\/\/www.miamibeachfl.gov\/#website","url":"https:\/\/www.miamibeachfl.gov\/","name":"Stadt Miami Beach","description":"Die offizielle Website der Stadt Miami Beach. Bleiben Sie informiert und finden Sie wichtige Informationen zu st\u00e4dtischen Dienstleistungen, Neuigkeiten, Warnungen, Veranstaltungen, Stra\u00dfenbahnlinien, Stellenangeboten im \u00f6ffentlichen Dienst und mehr.","publisher":{"@id":"https:\/\/www.miamibeachfl.gov\/#organization"},"potentialAction":[{"@type":"SearchAction","target":{"@type":"EntryPoint","urlTemplate":"https:\/\/www.miamibeachfl.gov\/?s={search_term_string}"},"query-input":{"@type":"PropertyValueSpecification","valueRequired":true,"valueName":"search_term_string"}}],"inLanguage":"de"},{"@type":"Organization","@id":"https:\/\/www.miamibeachfl.gov\/#organization","name":"Stadt Miami Beach","url":"https:\/\/www.miamibeachfl.gov\/","logo":{"@type":"ImageObject","inLanguage":"de","@id":"https:\/\/www.miamibeachfl.gov\/#\/schema\/logo\/image\/","url":"https:\/\/www.miamibeachfl.gov\/wp-content\/uploads\/2022\/06\/miamibeach-logoblue.png","contentUrl":"https:\/\/www.miamibeachfl.gov\/wp-content\/uploads\/2022\/06\/miamibeach-logoblue.png","width":1962,"height":381,"caption":"City of Miami Beach"},"image":{"@id":"https:\/\/www.miamibeachfl.gov\/#\/schema\/logo\/image\/"},"sameAs":["https:\/\/www.facebook.com\/cityofmiamibeach","https:\/\/x.com\/Miamibeachnews","https:\/\/www.instagram.com\/miamibeachnews\/"],"description":"Die offizielle Website der Stadt Miami Beach. Bleiben Sie informiert und finden Sie wichtige Informationen zu st\u00e4dtischen Dienstleistungen, Neuigkeiten, Warnungen, Veranstaltungen, Stra\u00dfenbahnlinien, Stellenangeboten im \u00f6ffentlichen Dienst und mehr.","telephone":"305.604.CITY(2489)","legalName":"City of Miami Beach"}]}},"_links":{"self":[{"href":"https:\/\/www.miamibeachfl.gov\/de\/wp-json\/wp\/v2\/pages\/221727","targetHints":{"allow":["GET"]}}],"collection":[{"href":"https:\/\/www.miamibeachfl.gov\/de\/wp-json\/wp\/v2\/pages"}],"about":[{"href":"https:\/\/www.miamibeachfl.gov\/de\/wp-json\/wp\/v2\/types\/page"}],"author":[{"embeddable":true,"href":"https:\/\/www.miamibeachfl.gov\/de\/wp-json\/wp\/v2\/users\/222"}],"replies":[{"embeddable":true,"href":"https:\/\/www.miamibeachfl.gov\/de\/wp-json\/wp\/v2\/comments?post=221727"}],"version-history":[{"count":1,"href":"https:\/\/www.miamibeachfl.gov\/de\/wp-json\/wp\/v2\/pages\/221727\/revisions"}],"predecessor-version":[{"id":375089,"href":"https:\/\/www.miamibeachfl.gov\/de\/wp-json\/wp\/v2\/pages\/221727\/revisions\/375089"}],"up":[{"embeddable":true,"href":"https:\/\/www.miamibeachfl.gov\/de\/wp-json\/wp\/v2\/pages\/253255"}],"wp:attachment":[{"href":"https:\/\/www.miamibeachfl.gov\/de\/wp-json\/wp\/v2\/media?parent=221727"}],"wp:term":[{"taxonomy":"category","embeddable":true,"href":"https:\/\/www.miamibeachfl.gov\/de\/wp-json\/wp\/v2\/categories?post=221727"},{"taxonomy":"post_tag","embeddable":true,"href":"https:\/\/www.miamibeachfl.gov\/de\/wp-json\/wp\/v2\/tags?post=221727"}],"curies":[{"name":"wp","href":"https:\/\/api.w.org\/{rel}","templated":true}]}}