{"id":223122,"date":"2022-09-19T11:14:47","date_gmt":"2022-09-19T15:14:47","guid":{"rendered":"https:\/\/www.miamibeachfl.gov\/business-new\/doing-business-with-mb\/business-incentives\/"},"modified":"2025-10-30T14:17:18","modified_gmt":"2025-10-30T18:17:18","slug":"business-incentives","status":"publish","type":"page","link":"https:\/\/www.miamibeachfl.gov\/de\/business\/doing-business-with-mb\/business-incentives\/","title":{"rendered":"Gesch\u00e4ftsanreize"},"content":{"rendered":"<h1>\n\t\t\tStarke staatliche und lokale Gesch\u00e4ftsanreize\t<\/h1>\n\t<p>Entdecken Sie die Tools, die Unternehmen, Unternehmern, Investoren und unternehmungslustigen Fachleuten zum Aufbau einer ehrgeizigen, erfolgreichen und produktiven Zukunft zur Verf\u00fcgung stehen.\u200b<\/p>\n\t<a href=\"\/de\/business\/doing-business-with-mb\/business-incentives\/job-creation-incentive-program\/\" target=\"_self\"  aria-label=\"Gehen Sie zu \/business\/doing-business-with-mb\/business-incentives\/job-creation-incentive-program\/\"><\/a>\n\t\t\t\t<img decoding=\"async\" src=\"https:\/\/www.miamibeachfl.gov\/wp-content\/uploads\/bb-plugin\/cache\/office-meeting-square.jpg\" alt=\"Office Meeting\" title=\"B\u00fcrobesprechung\" itemprop=\"image\"\/>\n\t\t<h3>Anreizprogramm zur Schaffung von Arbeitspl\u00e4tzen (JCIP)<\/h3>\t\t\t\n\t\t\t\t<p>Finanzielle Belohnungen f\u00fcr die Verlegung von Firmenzentralen, die Arbeitspl\u00e4tze in die Stadt Miami Beach bringen.<\/p>\n\t<a href=\"\/de\/business\/doing-business-with-mb\/business-incentives\/expedited-permit-program\/\" target=\"_self\"  aria-label=\"Gehen Sie zu \/business\/doing-business-with-mb\/business-incentives\/expedited-permit-program\/\"><\/a>\n\t\t\t\t<img decoding=\"async\" src=\"https:\/\/www.miamibeachfl.gov\/wp-content\/uploads\/bb-plugin\/cache\/building-contractor-permits-square.jpg\" alt=\"Building Contractor\" title=\"Baugenehmigungen\" itemprop=\"image\"\/>\n\t\t<h3>Beschleunigtes Plan\u00fcberpr\u00fcfungsprogramm (EPRP)<\/h3>\t\t\t\n\t\t\t\t<p>Schnellere Erteilung von Baugenehmigungen f\u00fcr Technologie- und Finanzdienstleistungsunternehmen sowie Hauptsitze in Miami Beach.<\/p>\n\t<a href=\"\/de\/business\/doing-business-with-mb\/business-incentives\/commerical-lease-subsidy-program\/\" target=\"_self\"  aria-label=\"Gehen Sie zu \/business\/doing-business-with-mb\/business-incentives\/commerical-lease-subsidy-program\/\"><\/a>\n\t\t\t\t<img decoding=\"async\" src=\"https:\/\/www.miamibeachfl.gov\/wp-content\/uploads\/bb-plugin\/cache\/1000pxSquare-miamibeach-aerial-southpointview-square.jpeg\" alt=\"Miami Beach View\" title=\"1000pxSquare-MiamiBeach-Luftaufnahme-Southpointview\" itemprop=\"image\"\/>\n\t\t<h3>Programm zur Subventionierung gewerblicher Mietvertr\u00e4ge<\/h3>\t\t\t\n\t\t\t\t<p>Finanzielle Anreize zur Aktivierung gewerblicher Immobilien mit k\u00fcnstlerischer und kultureller Nutzung in Miami Beach.<\/p>\n\t<a href=\"https:\/\/www.miamibeachfl.gov\/de\/business\/doing-business-with-mb\/business-incentives\/parking-incentive-program\/\" target=\"_blank\" rel=\"noopener\" aria-label=\"Gehen Sie zu https:\/\/www.miamibeachfl.gov\/business\/doing-business-with-mb\/business-incentives\/parking-incentive-program\/\"><\/a>\n\t\t\t\t<img decoding=\"async\" src=\"https:\/\/www.miamibeachfl.gov\/wp-content\/uploads\/bb-plugin\/cache\/Parks-Gallery-21-CollinsGaragePark-square.jpeg\" alt=\"parking garage collins\" title=\"Parks-Gallery-21-CollinsGaragePark\" itemprop=\"image\"\/>\n\t\t<h3>Antrag auf Parkanreizprogramm<\/h3>\t\t\t\n\t\t\t\t<p>Die Stadt Miami Beach bietet ein finanzielles Parkanreizprogramm an, um die wirtschaftliche Widerstandsf\u00e4higkeit neuer oder expandierender Unternehmen in den Bereichen Technologie, Finanzdienstleistungen, Gastgewerbe oder Gesundheit\/Wellness mit einem physischen Standort in der Stadt zu unterst\u00fctzen.<\/p>\n\t<a href=\"https:\/\/www.miamibeachfl.gov\/de\/business\/doing-business-with-mb\/business-incentives\/art-deco-painting-incentive-program\/\" target=\"_blank\" rel=\"noopener\" aria-label=\"Gehen Sie zu https:\/\/www.miamibeachfl.gov\/business\/doing-business-with-mb\/business-incentives\/art-deco-painting-incentive-program\/\"><\/a>\n\t\t\t\t<img decoding=\"async\" src=\"https:\/\/www.miamibeachfl.gov\/wp-content\/uploads\/bb-plugin\/cache\/ArtDeco-Square-1-square.jpg\" alt=\"Art Deco Architecture\" title=\"\" itemprop=\"image\"\/>\n\t\t<h3>Anreizprogramm f\u00fcr Art-Deco-Malerei<\/h3>\t\t\t\n\t\t\t\t<p>Das Art Deco Painting Incentive Program ist ein Zuschussprogramm, das Eigent\u00fcmern von Gewerbeimmobilien dabei helfen soll, die Kosten f\u00fcr das Streichen und Versch\u00f6nern der Au\u00dfenfassade ihres Geb\u00e4udes zu decken.<\/p>\n\t\t<h3>Der Miami-Dade Beacon Council hilft Unternehmen, die Landschaft der Unternehmensanreize zu verstehen und analysiert ihre Eignung f\u00fcr lokale und staatliche Unternehmensanreize im Zusammenhang mit der Schaffung von Arbeitspl\u00e4tzen und der Ausbildung von Arbeitskr\u00e4ften.<\/h3>\n\t\t\t<a href=\"https:\/\/www.beaconcouncil.com\/solutions\/locating-expanding-companies\/incentives\/#toggle-id-3\" title=\"Klicken Sie hier\" target=\"_blank\" rel=\"noopener\"  role=\"button\" aria-label=\"Anreize des Landkreises\">\n\t\t\t\t\t\t\t\t\t\t\tAnreize des Landkreises\n\t\t<\/a>\n\t\t<h3>Florida bietet finanzielle Vorteile f\u00fcr die langfristige Rentabilit\u00e4t und Anreize f\u00fcr alle Arten von Unternehmen, von Unternehmenszentralen bis hin zu Produktionsst\u00e4tten und Dienstleistungsunternehmen.<\/h3>\n\t\t\t<a href=\"https:\/\/selectflorida.org\/why-florida\/business-climate\/\" title=\"Klicken Sie hier\" target=\"_blank\" rel=\"noopener\"  role=\"button\" aria-label=\"Staatliche Anreize\">\n\t\t\t\t\t\t\t\t\t\t\tStaatliche Anreize\n\t\t<\/a>\n\t\t<h3>Entdecken Sie die Ressourcen und Dienste, die die B\u00fcros des US-Handelsministeriums Unternehmern, Gesch\u00e4ftsinhabern, Exporteuren, Erfindern und mehr bieten.<\/h3>\n\t\t\t<a href=\"https:\/\/www.commerce.gov\/work-with-us\/services-for-businesses\" title=\"Klicken Sie hier\" target=\"_blank\" rel=\"noopener\"  role=\"button\" aria-label=\"Bundesdienste\">\n\t\t\t\t\t\t\t\t\t\t\tBundesdienste\n\t\t<\/a>\n\t\t\t\t\t\t\t\t\t\t\t\t<h3>Befreiung von der Wertsteuer<\/h3>\n\t\t\t\t\t\t<p>Ein Anreiz, der die Sanierung und Instandhaltung historischer Bauwerke f\u00f6rdern soll. Um f\u00fcr die Steuerbefreiung in Frage zu kommen, m\u00fcssen die Immobilien im National Register of Historic Places eingetragen sein oder als lokal ausgewiesenes historisches Bauwerk gelten.<\/p>\t\t\t\t\t\n\t\t\t<!-- END .front -->\n\t\t\t<a href=\"https:\/\/www.miamidade.gov\/global\/economy\/historic-preservation\/tax-exemption.page\" title=\"Klicken Sie hier\" target=\"_blank\" rel=\"noopener\"  role=\"button\" aria-label=\"Mehr erfahren\">\n\t\t\t\t\t\t\tMehr erfahren\n\t\t<\/a>\n\t\t\t<!-- END .back -->\n\t\t <!-- ifb-flip-box -->\n\t <!-- flip-box -->\n\t\t\t\t\t\t\t\t\t\t\t\t<h3>20% Grundlagen der Steuergutschrift<\/h3>\n\t\t\t\t\t\t<p>Verf\u00fcgbar f\u00fcr die Sanierung historischer, einkommensschaffender Geb\u00e4ude, die vom Innenminister \u00fcber den National Park Service als \u201ezertifizierte historische Bauwerke\u201c eingestuft werden.<\/p>\t\t\t\t\t\n\t\t\t<!-- END .front -->\n\t\t\t<a href=\"http:\/\/www.nps.gov\/subjects\/taxincentives\/tax-credit-basics.htm\" title=\"Klicken Sie hier\" target=\"_blank\" rel=\"noopener\"  role=\"button\" aria-label=\"Mehr erfahren\">\n\t\t\t\t\t\t\tMehr erfahren\n\t\t<\/a>\n\t\t\t<!-- END .back -->\n\t\t <!-- ifb-flip-box -->\n\t <!-- flip-box -->\n\t\t<h2>Das B\u00fcro des Miami-Dade County International Trade Consortium (ITC) fungiert als zentrale Verbindungsstelle des Countys zu ausl\u00e4ndischen Regierungen und arbeitet eng mit anderen B\u00fcros zusammen, um die Einhaltung der Protokollverfahren und -dienstleistungen sicherzustellen. Ziel des International Trade Consortiums ist es, die Position des Countys als \u201eGlobal Gateway\u201c f\u00fcr den internationalen Handel durch die F\u00f6rderung internationaler Beziehungen, des kulturellen Verst\u00e4ndnisses und des Handels zu festigen.<\/h2>\n\t\t\t<a href=\"https:\/\/www.miamidade.gov\/global\/government\/international-trade\/home.page\" title=\"Klicken Sie hier\" target=\"_blank\" rel=\"noopener\"  role=\"button\" aria-label=\"Internationale Gesch\u00e4ftsanreize\">\n\t\t\t\t\t\t\t\t\t\t\tInternationale Gesch\u00e4ftsanreize\n\t\t<\/a>\n\t<a href=\"\/de\/spotlight\/\" target=\"_self\"  aria-label=\"Gehe zu \/spotlight\/\"><\/a>\n\t\t\t\t<img decoding=\"async\" src=\"https:\/\/www.miamibeachfl.gov\/wp-content\/uploads\/2022\/07\/icon-mbbiznews.png\" alt=\"icon-mbbiznews\" title=\"icon-mbbiznews\" itemprop=\"image\"\/>\n\t\t<h3>Neueste Nachrichten<\/h3>\t\t\t\n\t\t\t\t<p>Durchsuchen Sie unsere Business-Newsletter und Spotlights nach den neuesten Informationen und Ressourcen, die unserer Gesch\u00e4ftsgemeinschaft zur Verf\u00fcgung stehen.\u00a0<\/p>\n\t<a href=\"\/de\/business\/whymb\/dashboard\/\" target=\"_self\"  aria-label=\"Gehen Sie zu \/business\/whymb\/dashboard\/\"><\/a>\n\t\t\t\t<img decoding=\"async\" src=\"https:\/\/www.miamibeachfl.gov\/wp-content\/uploads\/2022\/07\/icon-bizincentives.png\" alt=\"icon-bizincentives\" title=\"icon-bizincentives\" itemprop=\"image\"\/>\n\t\t<h3>Gesch\u00e4ftsressourcen<\/h3>\t\t\t\n\t\t\t\t<p>Tools, die Ihnen helfen, die neuesten Gesch\u00e4ftsindikatoren, demografischen Daten und Branchentrends in der Stadt Miami Beach zu verstehen.<\/p>\n\t<a href=\"\/de\/business\/doing-business-with-mb\/mbbiz-events\/\" target=\"_self\"  aria-label=\"Gehen Sie zu \/business\/doing-business-with-mb\/mbbiz-events\/\"><\/a>\n\t\t\t\t<img decoding=\"async\" src=\"https:\/\/www.miamibeachfl.gov\/wp-content\/uploads\/2022\/07\/icon-mbbicalendarincircle-2.png\" alt=\"icon-mbbicalendarincircle\" title=\"Symbol-MBB-Kalender im Kreis\" itemprop=\"image\"\/>\n\t\t<h3>Kommende Veranstaltungen<\/h3>\t\t\t\n\t\t\t\t<p>Schauen Sie sich unsere bevorstehenden Veranstaltungen an.<\/p>\n\t\t<h3><a href=\"tel:3056737572\"  target=\"_self\">\t\n\t305.673.7572<\/a><\/h3>\t\n\t\t<h3><a href=\"mailto:mbbiz@miamibeachfl.gov\"  target=\"_self\">\t\n\tmbbiz@miamibeachfl.gov<\/a><\/h3>\t\n\t\t<h3><a href=\"\/de\/business\/\"  target=\"_blank\"  rel=\"noopener\">\t\n\twww.MBBiz.com<\/a><\/h3>\t\n\t\t<h2>Abonnieren Sie den MBBiz Newsletter<\/h2>\n\t\t\t\t<p>Erhalten Sie Ressourcen und Updates vom Wirtschaftsentwicklungsministerium direkt auf Ihr Telefon.<\/p>\n\t\t\t<a href=\"\/de\/mbbiznews\/\" title=\"Klicken Sie hier\" target=\"_self\"   role=\"button\" aria-label=\"Jetzt abonnieren\">\n\t\t\t\t\t\t\t\t\t\t\tJetzt abonnieren\n\t\t<\/a>","protected":false},"excerpt":{"rendered":"<p>Bold State &#038; Local Business Incentives Discover the tools available for businesses, entrepreneurs, investors, and enterprising professionals to build an [&hellip;]<\/p>\n","protected":false},"author":222,"featured_media":0,"parent":197440,"menu_order":37,"comment_status":"closed","ping_status":"closed","template":"","meta":{"_searchwp_excluded":"","site-sidebar-layout":"default","site-content-layout":"","ast-site-content-layout":"default","site-content-style":"default","site-sidebar-style":"default","ast-global-header-display":"","ast-banner-title-visibility":"","ast-main-header-display":"","ast-hfb-above-header-display":"","ast-hfb-below-header-display":"","ast-hfb-mobile-header-display":"","site-post-title":"","ast-breadcrumbs-content":"","ast-featured-img":"","footer-sml-layout":"","theme-transparent-header-meta":"","adv-header-id-meta":"","stick-header-meta":"","header-above-stick-meta":"","header-main-stick-meta":"","header-below-stick-meta":"","astra-migrate-meta-layouts":"default","ast-page-background-enabled":"default","ast-page-background-meta":{"desktop":{"background-color":"var(--ast-global-color-5)","background-image":"","background-repeat":"repeat","background-position":"center center","background-size":"auto","background-attachment":"scroll","background-type":"","background-media":"","overlay-type":"","overlay-color":"","overlay-opacity":"","overlay-gradient":""},"tablet":{"background-color":"","background-image":"","background-repeat":"repeat","background-position":"center center","background-size":"auto","background-attachment":"scroll","background-type":"","background-media":"","overlay-type":"","overlay-color":"","overlay-opacity":"","overlay-gradient":""},"mobile":{"background-color":"","background-image":"","background-repeat":"repeat","background-position":"center center","background-size":"auto","background-attachment":"scroll","background-type":"","background-media":"","overlay-type":"","overlay-color":"","overlay-opacity":"","overlay-gradient":""}},"ast-content-background-meta":{"desktop":{"background-color":"var(--ast-global-color-4)","background-image":"","background-repeat":"repeat","background-position":"center center","background-size":"auto","background-attachment":"scroll","background-type":"","background-media":"","overlay-type":"","overlay-color":"","overlay-opacity":"","overlay-gradient":""},"tablet":{"background-color":"var(--ast-global-color-4)","background-image":"","background-repeat":"repeat","background-position":"center center","background-size":"auto","background-attachment":"scroll","background-type":"","background-media":"","overlay-type":"","overlay-color":"","overlay-opacity":"","overlay-gradient":""},"mobile":{"background-color":"var(--ast-global-color-4)","background-image":"","background-repeat":"repeat","background-position":"center center","background-size":"auto","background-attachment":"scroll","background-type":"","background-media":"","overlay-type":"","overlay-color":"","overlay-opacity":"","overlay-gradient":""}},"footnotes":""},"categories":[],"tags":[],"class_list":["post-223122","page","type-page","status-publish","hentry"],"yoast_head":"<!-- This site is optimized with the Yoast SEO Premium plugin v27.4 (Yoast SEO v27.4) - https:\/\/yoast.com\/product\/yoast-seo-premium-wordpress\/ -->\n<title>Business Incentives - City of Miami Beach<\/title>\n<meta name=\"description\" content=\"%\" \/>\n<meta name=\"robots\" content=\"index, follow, max-snippet:-1, max-image-preview:large, max-video-preview:-1\" \/>\n<link rel=\"canonical\" href=\"https:\/\/www.miamibeachfl.gov\/de\/business\/doing-business-with-mb\/business-incentives\/\" \/>\n<meta property=\"og:locale\" content=\"de_DE\" \/>\n<meta property=\"og:type\" content=\"article\" \/>\n<meta property=\"og:title\" content=\"Business Incentives\" \/>\n<meta property=\"og:description\" content=\"%\" \/>\n<meta property=\"og:url\" content=\"https:\/\/www.miamibeachfl.gov\/de\/business\/doing-business-with-mb\/business-incentives\/\" \/>\n<meta property=\"og:site_name\" content=\"City of Miami Beach\" \/>\n<meta property=\"article:publisher\" content=\"https:\/\/www.facebook.com\/cityofmiamibeach\" \/>\n<meta property=\"article:modified_time\" content=\"2025-10-30T18:17:18+00:00\" \/>\n<meta property=\"og:image\" content=\"https:\/\/www.miamibeachfl.gov\/wp-content\/uploads\/bb-plugin\/cache\/office-meeting-square.jpg\" \/>\n<meta name=\"twitter:card\" content=\"summary_large_image\" \/>\n<meta name=\"twitter:site\" content=\"@Miamibeachnews\" \/>\n<script type=\"application\/ld+json\" class=\"yoast-schema-graph\">{\"@context\":\"https:\\\/\\\/schema.org\",\"@graph\":[{\"@type\":\"WebPage\",\"@id\":\"https:\\\/\\\/www.miamibeachfl.gov\\\/business\\\/doing-business-with-mb\\\/business-incentives\\\/\",\"url\":\"https:\\\/\\\/www.miamibeachfl.gov\\\/business\\\/doing-business-with-mb\\\/business-incentives\\\/\",\"name\":\"Business Incentives - City of Miami Beach\",\"isPartOf\":{\"@id\":\"https:\\\/\\\/www.miamibeachfl.gov\\\/#website\"},\"primaryImageOfPage\":{\"@id\":\"https:\\\/\\\/www.miamibeachfl.gov\\\/business\\\/doing-business-with-mb\\\/business-incentives\\\/#primaryimage\"},\"image\":{\"@id\":\"https:\\\/\\\/www.miamibeachfl.gov\\\/business\\\/doing-business-with-mb\\\/business-incentives\\\/#primaryimage\"},\"thumbnailUrl\":\"https:\\\/\\\/www.miamibeachfl.gov\\\/wp-content\\\/uploads\\\/bb-plugin\\\/cache\\\/office-meeting-square.jpg\",\"datePublished\":\"2022-09-19T15:14:47+00:00\",\"dateModified\":\"2025-10-30T18:17:18+00:00\",\"description\":\"%\",\"breadcrumb\":{\"@id\":\"https:\\\/\\\/www.miamibeachfl.gov\\\/business\\\/doing-business-with-mb\\\/business-incentives\\\/#breadcrumb\"},\"inLanguage\":\"de\",\"potentialAction\":[{\"@type\":\"ReadAction\",\"target\":[\"https:\\\/\\\/www.miamibeachfl.gov\\\/business\\\/doing-business-with-mb\\\/business-incentives\\\/\"]}]},{\"@type\":\"ImageObject\",\"inLanguage\":\"de\",\"@id\":\"https:\\\/\\\/www.miamibeachfl.gov\\\/business\\\/doing-business-with-mb\\\/business-incentives\\\/#primaryimage\",\"url\":\"https:\\\/\\\/www.miamibeachfl.gov\\\/wp-content\\\/uploads\\\/bb-plugin\\\/cache\\\/office-meeting-square.jpg\",\"contentUrl\":\"https:\\\/\\\/www.miamibeachfl.gov\\\/wp-content\\\/uploads\\\/bb-plugin\\\/cache\\\/office-meeting-square.jpg\"},{\"@type\":\"BreadcrumbList\",\"@id\":\"https:\\\/\\\/www.miamibeachfl.gov\\\/business\\\/doing-business-with-mb\\\/business-incentives\\\/#breadcrumb\",\"itemListElement\":[{\"@type\":\"ListItem\",\"position\":1,\"name\":\"Home\",\"item\":\"https:\\\/\\\/www.miamibeachfl.gov\\\/\"},{\"@type\":\"ListItem\",\"position\":2,\"name\":\"Business\",\"item\":\"https:\\\/\\\/www.miamibeachfl.gov\\\/business\\\/\"},{\"@type\":\"ListItem\",\"position\":3,\"name\":\"Doing Business with MB\",\"item\":\"https:\\\/\\\/www.miamibeachfl.gov\\\/business\\\/doing-business-with-mb\\\/\"},{\"@type\":\"ListItem\",\"position\":4,\"name\":\"Business Incentives\"}]},{\"@type\":\"WebSite\",\"@id\":\"https:\\\/\\\/www.miamibeachfl.gov\\\/#website\",\"url\":\"https:\\\/\\\/www.miamibeachfl.gov\\\/\",\"name\":\"City of Miami Beach\",\"description\":\"The official website of the City of Miami Beach. Stay informed, find important information on city services, news, alerts, events, trolley routes, government employment and more.\",\"publisher\":{\"@id\":\"https:\\\/\\\/www.miamibeachfl.gov\\\/#organization\"},\"potentialAction\":[{\"@type\":\"SearchAction\",\"target\":{\"@type\":\"EntryPoint\",\"urlTemplate\":\"https:\\\/\\\/www.miamibeachfl.gov\\\/?s={search_term_string}\"},\"query-input\":{\"@type\":\"PropertyValueSpecification\",\"valueRequired\":true,\"valueName\":\"search_term_string\"}}],\"inLanguage\":\"de\"},{\"@type\":\"Organization\",\"@id\":\"https:\\\/\\\/www.miamibeachfl.gov\\\/#organization\",\"name\":\"City of Miami Beach\",\"url\":\"https:\\\/\\\/www.miamibeachfl.gov\\\/\",\"logo\":{\"@type\":\"ImageObject\",\"inLanguage\":\"de\",\"@id\":\"https:\\\/\\\/www.miamibeachfl.gov\\\/#\\\/schema\\\/logo\\\/image\\\/\",\"url\":\"https:\\\/\\\/www.miamibeachfl.gov\\\/wp-content\\\/uploads\\\/2022\\\/06\\\/miamibeach-logoblue.png\",\"contentUrl\":\"https:\\\/\\\/www.miamibeachfl.gov\\\/wp-content\\\/uploads\\\/2022\\\/06\\\/miamibeach-logoblue.png\",\"width\":1962,\"height\":381,\"caption\":\"City of Miami Beach\"},\"image\":{\"@id\":\"https:\\\/\\\/www.miamibeachfl.gov\\\/#\\\/schema\\\/logo\\\/image\\\/\"},\"sameAs\":[\"https:\\\/\\\/www.facebook.com\\\/cityofmiamibeach\",\"https:\\\/\\\/x.com\\\/Miamibeachnews\",\"https:\\\/\\\/www.instagram.com\\\/miamibeachnews\\\/\"],\"description\":\"The official website of the City of Miami Beach. Stay informed, find important information on city services, news, alerts, events, trolley routes, government employment and more.\",\"telephone\":\"305.604.CITY(2489)\",\"legalName\":\"City of Miami Beach\"}]}<\/script>\n<!-- \/ Yoast SEO Premium plugin. -->","yoast_head_json":{"title":"Gesch\u00e4ftsanreize - Stadt Miami Beach","description":"%","robots":{"index":"index","follow":"follow","max-snippet":"max-snippet:-1","max-image-preview":"max-image-preview:large","max-video-preview":"max-video-preview:-1"},"canonical":"https:\/\/www.miamibeachfl.gov\/de\/business\/doing-business-with-mb\/business-incentives\/","og_locale":"de_DE","og_type":"article","og_title":"Business Incentives","og_description":"%","og_url":"https:\/\/www.miamibeachfl.gov\/de\/business\/doing-business-with-mb\/business-incentives\/","og_site_name":"City of Miami Beach","article_publisher":"https:\/\/www.facebook.com\/cityofmiamibeach","article_modified_time":"2025-10-30T18:17:18+00:00","og_image":[{"url":"https:\/\/www.miamibeachfl.gov\/wp-content\/uploads\/bb-plugin\/cache\/office-meeting-square.jpg","type":"","width":"","height":""}],"twitter_card":"summary_large_image","twitter_site":"@Miamibeachnews","schema":{"@context":"https:\/\/schema.org","@graph":[{"@type":"WebPage","@id":"https:\/\/www.miamibeachfl.gov\/business\/doing-business-with-mb\/business-incentives\/","url":"https:\/\/www.miamibeachfl.gov\/business\/doing-business-with-mb\/business-incentives\/","name":"Gesch\u00e4ftsanreize - Stadt Miami Beach","isPartOf":{"@id":"https:\/\/www.miamibeachfl.gov\/#website"},"primaryImageOfPage":{"@id":"https:\/\/www.miamibeachfl.gov\/business\/doing-business-with-mb\/business-incentives\/#primaryimage"},"image":{"@id":"https:\/\/www.miamibeachfl.gov\/business\/doing-business-with-mb\/business-incentives\/#primaryimage"},"thumbnailUrl":"https:\/\/www.miamibeachfl.gov\/wp-content\/uploads\/bb-plugin\/cache\/office-meeting-square.jpg","datePublished":"2022-09-19T15:14:47+00:00","dateModified":"2025-10-30T18:17:18+00:00","description":"%","breadcrumb":{"@id":"https:\/\/www.miamibeachfl.gov\/business\/doing-business-with-mb\/business-incentives\/#breadcrumb"},"inLanguage":"de","potentialAction":[{"@type":"ReadAction","target":["https:\/\/www.miamibeachfl.gov\/business\/doing-business-with-mb\/business-incentives\/"]}]},{"@type":"ImageObject","inLanguage":"de","@id":"https:\/\/www.miamibeachfl.gov\/business\/doing-business-with-mb\/business-incentives\/#primaryimage","url":"https:\/\/www.miamibeachfl.gov\/wp-content\/uploads\/bb-plugin\/cache\/office-meeting-square.jpg","contentUrl":"https:\/\/www.miamibeachfl.gov\/wp-content\/uploads\/bb-plugin\/cache\/office-meeting-square.jpg"},{"@type":"BreadcrumbList","@id":"https:\/\/www.miamibeachfl.gov\/business\/doing-business-with-mb\/business-incentives\/#breadcrumb","itemListElement":[{"@type":"ListItem","position":1,"name":"Home","item":"https:\/\/www.miamibeachfl.gov\/"},{"@type":"ListItem","position":2,"name":"Business","item":"https:\/\/www.miamibeachfl.gov\/business\/"},{"@type":"ListItem","position":3,"name":"Doing Business with MB","item":"https:\/\/www.miamibeachfl.gov\/business\/doing-business-with-mb\/"},{"@type":"ListItem","position":4,"name":"Business Incentives"}]},{"@type":"WebSite","@id":"https:\/\/www.miamibeachfl.gov\/#website","url":"https:\/\/www.miamibeachfl.gov\/","name":"Stadt Miami Beach","description":"Die offizielle Website der Stadt Miami Beach. Bleiben Sie informiert und finden Sie wichtige Informationen zu st\u00e4dtischen Dienstleistungen, Neuigkeiten, Warnungen, Veranstaltungen, Stra\u00dfenbahnlinien, Stellenangeboten im \u00f6ffentlichen Dienst und mehr.","publisher":{"@id":"https:\/\/www.miamibeachfl.gov\/#organization"},"potentialAction":[{"@type":"SearchAction","target":{"@type":"EntryPoint","urlTemplate":"https:\/\/www.miamibeachfl.gov\/?s={search_term_string}"},"query-input":{"@type":"PropertyValueSpecification","valueRequired":true,"valueName":"search_term_string"}}],"inLanguage":"de"},{"@type":"Organization","@id":"https:\/\/www.miamibeachfl.gov\/#organization","name":"Stadt Miami Beach","url":"https:\/\/www.miamibeachfl.gov\/","logo":{"@type":"ImageObject","inLanguage":"de","@id":"https:\/\/www.miamibeachfl.gov\/#\/schema\/logo\/image\/","url":"https:\/\/www.miamibeachfl.gov\/wp-content\/uploads\/2022\/06\/miamibeach-logoblue.png","contentUrl":"https:\/\/www.miamibeachfl.gov\/wp-content\/uploads\/2022\/06\/miamibeach-logoblue.png","width":1962,"height":381,"caption":"City of Miami Beach"},"image":{"@id":"https:\/\/www.miamibeachfl.gov\/#\/schema\/logo\/image\/"},"sameAs":["https:\/\/www.facebook.com\/cityofmiamibeach","https:\/\/x.com\/Miamibeachnews","https:\/\/www.instagram.com\/miamibeachnews\/"],"description":"Die offizielle Website der Stadt Miami Beach. Bleiben Sie informiert und finden Sie wichtige Informationen zu st\u00e4dtischen Dienstleistungen, Neuigkeiten, Warnungen, Veranstaltungen, Stra\u00dfenbahnlinien, Stellenangeboten im \u00f6ffentlichen Dienst und mehr.","telephone":"305.604.CITY(2489)","legalName":"City of Miami Beach"}]}},"_links":{"self":[{"href":"https:\/\/www.miamibeachfl.gov\/de\/wp-json\/wp\/v2\/pages\/223122","targetHints":{"allow":["GET"]}}],"collection":[{"href":"https:\/\/www.miamibeachfl.gov\/de\/wp-json\/wp\/v2\/pages"}],"about":[{"href":"https:\/\/www.miamibeachfl.gov\/de\/wp-json\/wp\/v2\/types\/page"}],"author":[{"embeddable":true,"href":"https:\/\/www.miamibeachfl.gov\/de\/wp-json\/wp\/v2\/users\/222"}],"replies":[{"embeddable":true,"href":"https:\/\/www.miamibeachfl.gov\/de\/wp-json\/wp\/v2\/comments?post=223122"}],"version-history":[{"count":7,"href":"https:\/\/www.miamibeachfl.gov\/de\/wp-json\/wp\/v2\/pages\/223122\/revisions"}],"predecessor-version":[{"id":390899,"href":"https:\/\/www.miamibeachfl.gov\/de\/wp-json\/wp\/v2\/pages\/223122\/revisions\/390899"}],"up":[{"embeddable":true,"href":"https:\/\/www.miamibeachfl.gov\/de\/wp-json\/wp\/v2\/pages\/197440"}],"wp:attachment":[{"href":"https:\/\/www.miamibeachfl.gov\/de\/wp-json\/wp\/v2\/media?parent=223122"}],"wp:term":[{"taxonomy":"category","embeddable":true,"href":"https:\/\/www.miamibeachfl.gov\/de\/wp-json\/wp\/v2\/categories?post=223122"},{"taxonomy":"post_tag","embeddable":true,"href":"https:\/\/www.miamibeachfl.gov\/de\/wp-json\/wp\/v2\/tags?post=223122"}],"curies":[{"name":"wp","href":"https:\/\/api.w.org\/{rel}","templated":true}]}}