{"id":225539,"date":"2022-10-07T14:37:32","date_gmt":"2022-10-07T18:37:32","guid":{"rendered":"https:\/\/www.miamibeachfl.gov\/?page_id=225539"},"modified":"2026-04-22T15:06:08","modified_gmt":"2026-04-22T19:06:08","slug":"disability-etiquette","status":"publish","type":"page","link":"https:\/\/www.miamibeachfl.gov\/de\/ada\/disability-etiquette\/","title":{"rendered":"Etikette f\u00fcr Menschen mit Behinderungen"},"content":{"rendered":"<h1>\n\t\t\tEtikette f\u00fcr Menschen mit Behinderungen\t<\/h1>\nADA-Men\u00fc\t\t\t\n\t\t\t\t\t<ul id=\"menu-ada\"><li id=\"menu-item-225437\"><a href=\"https:\/\/www.miamibeachfl.gov\/de\/ada\/\">ADA<\/a><\/li>\n<li id=\"menu-item-225550\"><a href=\"https:\/\/www.miamibeachfl.gov\/de\/ada\/ada-handbook-title-ii\/\">ADA-Handbuch \u2013 Titel II<\/a><\/li>\n<li id=\"menu-item-225549\"><a href=\"https:\/\/www.miamibeachfl.gov\/de\/ada\/ada-request\/\">ADA-Anfrage<\/a><\/li>\n<li id=\"menu-item-225548\"><a href=\"https:\/\/www.miamibeachfl.gov\/de\/ada\/americans-with-disability-act\/\">Gesetz \u00fcber Amerikaner mit Behinderungen<\/a><\/li>\n<li id=\"menu-item-225438\"><a href=\"https:\/\/www.miamibeachfl.gov\/de\/ada\/beach-wheelchair-access\/\">Zugang zum Strand<\/a><\/li>\n<li id=\"menu-item-225547\"><a href=\"https:\/\/www.miamibeachfl.gov\/de\/ada\/complaints-for-discrimination\/\">Diskriminierungsbeschwerden<\/a><\/li>\n<li id=\"menu-item-225546\"><a href=\"https:\/\/www.miamibeachfl.gov\/de\/ada\/difficulty-of-hearing\/\">Schwerh\u00f6rigkeit<\/a><\/li>\n<li id=\"menu-item-225545\"><a href=\"https:\/\/www.miamibeachfl.gov\/de\/ada\/disability-etiquette\/\">Etikette f\u00fcr Menschen mit Behinderungen<\/a><\/li>\n<li id=\"menu-item-225554\"><a href=\"https:\/\/www.miamibeachfl.gov\/de\/ada\/disability-hiring-policy\/\">Einstellungspolitik<\/a><\/li>\n<li id=\"menu-item-225544\"><a href=\"https:\/\/www.miamibeachfl.gov\/de\/ada\/white-cane-law\/\">Gesetz zum wei\u00dfen Stock<\/a><\/li>\n<\/ul>\t\nADA-Men\u00fc \u00d7\t\t\t\t\t\t<ul id=\"menu-ada-1\"><li id=\"menu-item-225437\"><a href=\"https:\/\/www.miamibeachfl.gov\/de\/ada\/\">ADA<\/a><\/li>\n<li id=\"menu-item-225550\"><a href=\"https:\/\/www.miamibeachfl.gov\/de\/ada\/ada-handbook-title-ii\/\">ADA-Handbuch \u2013 Titel II<\/a><\/li>\n<li id=\"menu-item-225549\"><a href=\"https:\/\/www.miamibeachfl.gov\/de\/ada\/ada-request\/\">ADA-Anfrage<\/a><\/li>\n<li id=\"menu-item-225548\"><a href=\"https:\/\/www.miamibeachfl.gov\/de\/ada\/americans-with-disability-act\/\">Gesetz \u00fcber Amerikaner mit Behinderungen<\/a><\/li>\n<li id=\"menu-item-225438\"><a href=\"https:\/\/www.miamibeachfl.gov\/de\/ada\/beach-wheelchair-access\/\">Zugang zum Strand<\/a><\/li>\n<li id=\"menu-item-225547\"><a href=\"https:\/\/www.miamibeachfl.gov\/de\/ada\/complaints-for-discrimination\/\">Diskriminierungsbeschwerden<\/a><\/li>\n<li id=\"menu-item-225546\"><a href=\"https:\/\/www.miamibeachfl.gov\/de\/ada\/difficulty-of-hearing\/\">Schwerh\u00f6rigkeit<\/a><\/li>\n<li id=\"menu-item-225545\"><a href=\"https:\/\/www.miamibeachfl.gov\/de\/ada\/disability-etiquette\/\">Etikette f\u00fcr Menschen mit Behinderungen<\/a><\/li>\n<li id=\"menu-item-225554\"><a href=\"https:\/\/www.miamibeachfl.gov\/de\/ada\/disability-hiring-policy\/\">Einstellungspolitik<\/a><\/li>\n<li id=\"menu-item-225544\"><a href=\"https:\/\/www.miamibeachfl.gov\/de\/ada\/white-cane-law\/\">Gesetz zum wei\u00dfen Stock<\/a><\/li>\n<\/ul>\t\t\t\t\n\t\t\t<h2>\n\t\t\tGrunds\u00e4tze der Behindertenetikette\t<\/h2>\n\t<p>Wir verpflichten uns, Menschen mit Behinderungen in alle Bereiche unserer Stadtverwaltung einzubeziehen. So stellen wir sicher, dass wir nicht nur das Gesetz, sondern auch die Absicht des Americans with Disabilities Act befolgen und den Bed\u00fcrfnissen unserer B\u00fcrger gerecht werden.<\/p>\n<strong>Betrachten Sie den ganzen Menschen, nicht nur die Behinderung<\/strong>.<br \/>\nBetrachten Sie John nicht als \u201eden tauben Mann\u201c, sondern als eine geh\u00f6rlose Person. Mary ist keine \u201eEpileptikerin\u201c, sondern eine Person mit vielen Eigenschaften, die zuf\u00e4llig an Epilepsie leidet.\n<strong>Der Begriff \u201ebehindert\u201c ist nicht mehr die akzeptierte Terminologie, wenn man sich auf eine Person mit Behinderung bezieht<\/strong>.<br \/>\nDer Begriff wird am besten verwendet, wenn auf barrierefreie Einrichtungen wie \u201eBehindertenparkpl\u00e4tze\u201c oder Toiletten Bezug genommen wird.\n<strong>Behandeln Sie Erwachsene wie Erwachsene. Sprechen Sie Menschen mit Behinderung nur mit dem Vornamen an, wenn Sie andere Menschen gleich ansprechen.<br \/>\n<\/strong>Vermeiden Sie Gesten wie das T\u00e4tscheln des Kopfes einer Person im Rollstuhl. Sprechen Sie in normalem Ton und vermeiden Sie Kommentare dar\u00fcber, wie gut eine Person ihren Rollstuhl man\u00f6vrieren, sich fortbewegen oder wie gut sie mit ihrer Behinderung zurechtkommt.\n<strong>Sei geduldig<\/strong>.<br \/>\nEs kann l\u00e4nger dauern, bis eine Person mit einer Behinderung etwas sagt oder tut. Beenden Sie die S\u00e4tze anderer nicht f\u00fcr sie, insbesondere wenn sie eine Kommunikationsbehinderung haben.\n<strong>Sprechen Sie direkt mit der Person<\/strong>.<br \/>\nSchauen Sie sie an, nicht ihren Begleiter oder Dolmetscher.\n<strong>Machen Sie keine Annahmen bez\u00fcglich der Intelligenz.<br \/>\n<\/strong>Eine Behinderung ist kein Ausdruck intellektueller F\u00e4higkeiten.\n<strong>Gehen Sie nicht davon aus, dass eine Person mit einer Behinderung Hilfe braucht oder ben\u00f6tigt.<br \/>\n<\/strong>Respektieren Sie die Unabh\u00e4ngigkeit anderer. Wenn Hilfe ben\u00f6tigt wird, fragen Sie zuerst, warten Sie, bis das Angebot angenommen wird, und h\u00f6ren Sie dann zu oder fragen Sie nach Anweisungen.\n<strong>Entspannen Sie sich und verhalten Sie sich nat\u00fcrlich.<br \/>\n<\/strong>Es ist in Ordnung, g\u00e4ngige Ausdr\u00fccke wie \u201eBis sp\u00e4ter\u201c oder \u201eIch komme gleich vorbei\u201c zu verwenden, die den Anschein erwecken, als bef\u00e4nden sie sich auf die Behinderung einer Person.\n<strong>Bieten Sie bei der Vorstellung einen H\u00e4ndedruck an.<br \/>\n<\/strong>Bedenken Sie, dass die Person m\u00f6glicherweise eine oder beide H\u00e4nde nicht benutzen kann. Eine Ber\u00fchrung am Unterarm kann als Begr\u00fc\u00dfung dienen.\n<strong>Verwenden Sie einen normalen, nicht herablassenden Tonfall, wenn Sie mit einer Person mit Behinderung sprechen.<br \/>\n<\/strong>\n<strong>Seien Sie in Ihren Interaktionen ein Vorbild.<br \/>\n<\/strong>Ihre Handlungen k\u00f6nnen sich nicht nur positiv auf den Einzelnen, sondern auch auf andere auswirken.\n<p><strong>Behandeln Sie Menschen mit Behinderungen so weit wie m\u00f6glich so, wie Sie jeden anderen Menschen in der gleichen Situation behandeln w\u00fcrden.<\/strong><\/p>\n<p>Zur Verf\u00fcgung gestellt von Abilities of Florida, einer gemeinn\u00fctzigen Organisation, die sich f\u00fcr Menschen mit Behinderungen einsetzt.<\/p>\n<h3>\n\t\t\tKontaktieren Sie den ADA-Manager:\t<\/h3>\n\tValeria Mejia<br \/>\nADA-Manager<br \/>\n<a href=\"tel:3056737080\">305.673.7080 (SPRACHE)<\/a><br \/>\n<a href=\"tel:711\">7-1-1 (Florida-Staffel)<\/a><br \/>\n<strong><a href=\"mailto:valeriamejia@miamibeachfl.gov\">valeriamejia@miamibeachfl.gov<\/a><\/strong>\n\t<iframe src=\"https:\/\/www.google.com\/maps\/embed\/v1\/place?q=Miami+Beach+City+Hall%0A1700+Convention+Center+Drive%2C%0APublic+Works%2C+Fourth+Floor%0AMiami+Beach%2C+FL+33139&#038;key=AIzaSyD09zQ9PNDNNy9TadMuzRV_UsPUoWKntt8\" aria-hidden=\"true\"><\/iframe>\n<h3>\n\t\t\tADA-B\u00fcro:\t<\/h3>\n\t<strong>Rathaus von Miami Beach<\/strong><br \/>\n1700 Convention Center Drive,<br \/>\n\u00d6ffentliche Arbeiten, Vierter Stock<br \/>\nMiami Beach, FL 33139","protected":false},"excerpt":{"rendered":"<p>Disability Etiquette ADA Menu ADA ADA Handbook &#8211; Title II ADA Request Americans With Disabilities Act Beach Access Discrimination Complaints [&hellip;]<\/p>\n","protected":false},"author":222,"featured_media":0,"parent":225181,"menu_order":37,"comment_status":"closed","ping_status":"closed","template":"","meta":{"_searchwp_excluded":"","site-sidebar-layout":"default","site-content-layout":"","ast-site-content-layout":"default","site-content-style":"default","site-sidebar-style":"default","ast-global-header-display":"","ast-banner-title-visibility":"","ast-main-header-display":"","ast-hfb-above-header-display":"","ast-hfb-below-header-display":"","ast-hfb-mobile-header-display":"","site-post-title":"","ast-breadcrumbs-content":"","ast-featured-img":"","footer-sml-layout":"","theme-transparent-header-meta":"","adv-header-id-meta":"","stick-header-meta":"","header-above-stick-meta":"","header-main-stick-meta":"","header-below-stick-meta":"","astra-migrate-meta-layouts":"default","ast-page-background-enabled":"default","ast-page-background-meta":{"desktop":{"background-color":"var(--ast-global-color-5)","background-image":"","background-repeat":"repeat","background-position":"center center","background-size":"auto","background-attachment":"scroll","background-type":"","background-media":"","overlay-type":"","overlay-color":"","overlay-opacity":"","overlay-gradient":""},"tablet":{"background-color":"","background-image":"","background-repeat":"repeat","background-position":"center center","background-size":"auto","background-attachment":"scroll","background-type":"","background-media":"","overlay-type":"","overlay-color":"","overlay-opacity":"","overlay-gradient":""},"mobile":{"background-color":"","background-image":"","background-repeat":"repeat","background-position":"center center","background-size":"auto","background-attachment":"scroll","background-type":"","background-media":"","overlay-type":"","overlay-color":"","overlay-opacity":"","overlay-gradient":""}},"ast-content-background-meta":{"desktop":{"background-color":"var(--ast-global-color-4)","background-image":"","background-repeat":"repeat","background-position":"center center","background-size":"auto","background-attachment":"scroll","background-type":"","background-media":"","overlay-type":"","overlay-color":"","overlay-opacity":"","overlay-gradient":""},"tablet":{"background-color":"var(--ast-global-color-4)","background-image":"","background-repeat":"repeat","background-position":"center center","background-size":"auto","background-attachment":"scroll","background-type":"","background-media":"","overlay-type":"","overlay-color":"","overlay-opacity":"","overlay-gradient":""},"mobile":{"background-color":"var(--ast-global-color-4)","background-image":"","background-repeat":"repeat","background-position":"center center","background-size":"auto","background-attachment":"scroll","background-type":"","background-media":"","overlay-type":"","overlay-color":"","overlay-opacity":"","overlay-gradient":""}},"footnotes":""},"categories":[],"tags":[],"class_list":["post-225539","page","type-page","status-publish","hentry"],"yoast_head":"<!-- This site is optimized with the Yoast SEO Premium plugin v27.4 (Yoast SEO v27.4) - https:\/\/yoast.com\/product\/yoast-seo-premium-wordpress\/ -->\n<title>Disability Etiquette - City of Miami Beach<\/title>\n<meta name=\"description\" content=\"%\" \/>\n<meta name=\"robots\" content=\"index, follow, max-snippet:-1, max-image-preview:large, max-video-preview:-1\" \/>\n<link rel=\"canonical\" href=\"https:\/\/www.miamibeachfl.gov\/de\/ada\/disability-etiquette\/\" \/>\n<meta property=\"og:locale\" content=\"de_DE\" \/>\n<meta property=\"og:type\" content=\"article\" \/>\n<meta property=\"og:title\" content=\"Disability Etiquette\" \/>\n<meta property=\"og:description\" content=\"%\" \/>\n<meta property=\"og:url\" content=\"https:\/\/www.miamibeachfl.gov\/de\/ada\/disability-etiquette\/\" \/>\n<meta property=\"og:site_name\" content=\"City of Miami Beach\" \/>\n<meta property=\"article:publisher\" content=\"https:\/\/www.facebook.com\/cityofmiamibeach\" \/>\n<meta property=\"article:modified_time\" content=\"2026-04-22T19:06:08+00:00\" \/>\n<meta property=\"og:image\" content=\"https:\/\/www.miamibeachfl.gov\/wp-content\/uploads\/2024\/01\/1000pxSquare-miamibeach-aerial-southpointview.jpeg\" \/>\n\t<meta property=\"og:image:width\" content=\"1000\" \/>\n\t<meta property=\"og:image:height\" content=\"1000\" \/>\n\t<meta property=\"og:image:type\" content=\"image\/jpeg\" \/>\n<meta name=\"twitter:card\" content=\"summary_large_image\" \/>\n<meta name=\"twitter:site\" content=\"@Miamibeachnews\" \/>\n<script type=\"application\/ld+json\" class=\"yoast-schema-graph\">{\"@context\":\"https:\\\/\\\/schema.org\",\"@graph\":[{\"@type\":\"WebPage\",\"@id\":\"https:\\\/\\\/www.miamibeachfl.gov\\\/ada\\\/disability-etiquette\\\/\",\"url\":\"https:\\\/\\\/www.miamibeachfl.gov\\\/ada\\\/disability-etiquette\\\/\",\"name\":\"Disability Etiquette - City of Miami Beach\",\"isPartOf\":{\"@id\":\"https:\\\/\\\/www.miamibeachfl.gov\\\/#website\"},\"datePublished\":\"2022-10-07T18:37:32+00:00\",\"dateModified\":\"2026-04-22T19:06:08+00:00\",\"description\":\"%\",\"breadcrumb\":{\"@id\":\"https:\\\/\\\/www.miamibeachfl.gov\\\/ada\\\/disability-etiquette\\\/#breadcrumb\"},\"inLanguage\":\"de\",\"potentialAction\":[{\"@type\":\"ReadAction\",\"target\":[\"https:\\\/\\\/www.miamibeachfl.gov\\\/ada\\\/disability-etiquette\\\/\"]}]},{\"@type\":\"BreadcrumbList\",\"@id\":\"https:\\\/\\\/www.miamibeachfl.gov\\\/ada\\\/disability-etiquette\\\/#breadcrumb\",\"itemListElement\":[{\"@type\":\"ListItem\",\"position\":1,\"name\":\"Home\",\"item\":\"https:\\\/\\\/www.miamibeachfl.gov\\\/\"},{\"@type\":\"ListItem\",\"position\":2,\"name\":\"ADA\",\"item\":\"https:\\\/\\\/www.miamibeachfl.gov\\\/ada\\\/\"},{\"@type\":\"ListItem\",\"position\":3,\"name\":\"Disability Etiquette\"}]},{\"@type\":\"WebSite\",\"@id\":\"https:\\\/\\\/www.miamibeachfl.gov\\\/#website\",\"url\":\"https:\\\/\\\/www.miamibeachfl.gov\\\/\",\"name\":\"City of Miami Beach\",\"description\":\"The official website of the City of Miami Beach. Stay informed, find important information on city services, news, alerts, events, trolley routes, government employment and more.\",\"publisher\":{\"@id\":\"https:\\\/\\\/www.miamibeachfl.gov\\\/#organization\"},\"potentialAction\":[{\"@type\":\"SearchAction\",\"target\":{\"@type\":\"EntryPoint\",\"urlTemplate\":\"https:\\\/\\\/www.miamibeachfl.gov\\\/?s={search_term_string}\"},\"query-input\":{\"@type\":\"PropertyValueSpecification\",\"valueRequired\":true,\"valueName\":\"search_term_string\"}}],\"inLanguage\":\"de\"},{\"@type\":\"Organization\",\"@id\":\"https:\\\/\\\/www.miamibeachfl.gov\\\/#organization\",\"name\":\"City of Miami Beach\",\"url\":\"https:\\\/\\\/www.miamibeachfl.gov\\\/\",\"logo\":{\"@type\":\"ImageObject\",\"inLanguage\":\"de\",\"@id\":\"https:\\\/\\\/www.miamibeachfl.gov\\\/#\\\/schema\\\/logo\\\/image\\\/\",\"url\":\"https:\\\/\\\/www.miamibeachfl.gov\\\/wp-content\\\/uploads\\\/2022\\\/06\\\/miamibeach-logoblue.png\",\"contentUrl\":\"https:\\\/\\\/www.miamibeachfl.gov\\\/wp-content\\\/uploads\\\/2022\\\/06\\\/miamibeach-logoblue.png\",\"width\":1962,\"height\":381,\"caption\":\"City of Miami Beach\"},\"image\":{\"@id\":\"https:\\\/\\\/www.miamibeachfl.gov\\\/#\\\/schema\\\/logo\\\/image\\\/\"},\"sameAs\":[\"https:\\\/\\\/www.facebook.com\\\/cityofmiamibeach\",\"https:\\\/\\\/x.com\\\/Miamibeachnews\",\"https:\\\/\\\/www.instagram.com\\\/miamibeachnews\\\/\"],\"description\":\"The official website of the City of Miami Beach. Stay informed, find important information on city services, news, alerts, events, trolley routes, government employment and more.\",\"telephone\":\"305.604.CITY(2489)\",\"legalName\":\"City of Miami Beach\"}]}<\/script>\n<!-- \/ Yoast SEO Premium plugin. -->","yoast_head_json":{"title":"Etikette f\u00fcr Menschen mit Behinderungen \u2013 Stadt Miami Beach","description":"%","robots":{"index":"index","follow":"follow","max-snippet":"max-snippet:-1","max-image-preview":"max-image-preview:large","max-video-preview":"max-video-preview:-1"},"canonical":"https:\/\/www.miamibeachfl.gov\/de\/ada\/disability-etiquette\/","og_locale":"de_DE","og_type":"article","og_title":"Disability Etiquette","og_description":"%","og_url":"https:\/\/www.miamibeachfl.gov\/de\/ada\/disability-etiquette\/","og_site_name":"City of Miami Beach","article_publisher":"https:\/\/www.facebook.com\/cityofmiamibeach","article_modified_time":"2026-04-22T19:06:08+00:00","og_image":[{"width":1000,"height":1000,"url":"https:\/\/www.miamibeachfl.gov\/wp-content\/uploads\/2024\/01\/1000pxSquare-miamibeach-aerial-southpointview.jpeg","type":"image\/jpeg"}],"twitter_card":"summary_large_image","twitter_site":"@Miamibeachnews","schema":{"@context":"https:\/\/schema.org","@graph":[{"@type":"WebPage","@id":"https:\/\/www.miamibeachfl.gov\/ada\/disability-etiquette\/","url":"https:\/\/www.miamibeachfl.gov\/ada\/disability-etiquette\/","name":"Etikette f\u00fcr Menschen mit Behinderungen \u2013 Stadt Miami Beach","isPartOf":{"@id":"https:\/\/www.miamibeachfl.gov\/#website"},"datePublished":"2022-10-07T18:37:32+00:00","dateModified":"2026-04-22T19:06:08+00:00","description":"%","breadcrumb":{"@id":"https:\/\/www.miamibeachfl.gov\/ada\/disability-etiquette\/#breadcrumb"},"inLanguage":"de","potentialAction":[{"@type":"ReadAction","target":["https:\/\/www.miamibeachfl.gov\/ada\/disability-etiquette\/"]}]},{"@type":"BreadcrumbList","@id":"https:\/\/www.miamibeachfl.gov\/ada\/disability-etiquette\/#breadcrumb","itemListElement":[{"@type":"ListItem","position":1,"name":"Home","item":"https:\/\/www.miamibeachfl.gov\/"},{"@type":"ListItem","position":2,"name":"ADA","item":"https:\/\/www.miamibeachfl.gov\/ada\/"},{"@type":"ListItem","position":3,"name":"Disability Etiquette"}]},{"@type":"WebSite","@id":"https:\/\/www.miamibeachfl.gov\/#website","url":"https:\/\/www.miamibeachfl.gov\/","name":"Stadt Miami Beach","description":"Die offizielle Website der Stadt Miami Beach. Bleiben Sie informiert und finden Sie wichtige Informationen zu st\u00e4dtischen Dienstleistungen, Neuigkeiten, Warnungen, Veranstaltungen, Stra\u00dfenbahnlinien, Stellenangeboten im \u00f6ffentlichen Dienst und mehr.","publisher":{"@id":"https:\/\/www.miamibeachfl.gov\/#organization"},"potentialAction":[{"@type":"SearchAction","target":{"@type":"EntryPoint","urlTemplate":"https:\/\/www.miamibeachfl.gov\/?s={search_term_string}"},"query-input":{"@type":"PropertyValueSpecification","valueRequired":true,"valueName":"search_term_string"}}],"inLanguage":"de"},{"@type":"Organization","@id":"https:\/\/www.miamibeachfl.gov\/#organization","name":"Stadt Miami Beach","url":"https:\/\/www.miamibeachfl.gov\/","logo":{"@type":"ImageObject","inLanguage":"de","@id":"https:\/\/www.miamibeachfl.gov\/#\/schema\/logo\/image\/","url":"https:\/\/www.miamibeachfl.gov\/wp-content\/uploads\/2022\/06\/miamibeach-logoblue.png","contentUrl":"https:\/\/www.miamibeachfl.gov\/wp-content\/uploads\/2022\/06\/miamibeach-logoblue.png","width":1962,"height":381,"caption":"City of Miami Beach"},"image":{"@id":"https:\/\/www.miamibeachfl.gov\/#\/schema\/logo\/image\/"},"sameAs":["https:\/\/www.facebook.com\/cityofmiamibeach","https:\/\/x.com\/Miamibeachnews","https:\/\/www.instagram.com\/miamibeachnews\/"],"description":"Die offizielle Website der Stadt Miami Beach. Bleiben Sie informiert und finden Sie wichtige Informationen zu st\u00e4dtischen Dienstleistungen, Neuigkeiten, Warnungen, Veranstaltungen, Stra\u00dfenbahnlinien, Stellenangeboten im \u00f6ffentlichen Dienst und mehr.","telephone":"305.604.CITY(2489)","legalName":"City of Miami Beach"}]}},"_links":{"self":[{"href":"https:\/\/www.miamibeachfl.gov\/de\/wp-json\/wp\/v2\/pages\/225539","targetHints":{"allow":["GET"]}}],"collection":[{"href":"https:\/\/www.miamibeachfl.gov\/de\/wp-json\/wp\/v2\/pages"}],"about":[{"href":"https:\/\/www.miamibeachfl.gov\/de\/wp-json\/wp\/v2\/types\/page"}],"author":[{"embeddable":true,"href":"https:\/\/www.miamibeachfl.gov\/de\/wp-json\/wp\/v2\/users\/222"}],"replies":[{"embeddable":true,"href":"https:\/\/www.miamibeachfl.gov\/de\/wp-json\/wp\/v2\/comments?post=225539"}],"version-history":[{"count":3,"href":"https:\/\/www.miamibeachfl.gov\/de\/wp-json\/wp\/v2\/pages\/225539\/revisions"}],"predecessor-version":[{"id":399346,"href":"https:\/\/www.miamibeachfl.gov\/de\/wp-json\/wp\/v2\/pages\/225539\/revisions\/399346"}],"up":[{"embeddable":true,"href":"https:\/\/www.miamibeachfl.gov\/de\/wp-json\/wp\/v2\/pages\/225181"}],"wp:attachment":[{"href":"https:\/\/www.miamibeachfl.gov\/de\/wp-json\/wp\/v2\/media?parent=225539"}],"wp:term":[{"taxonomy":"category","embeddable":true,"href":"https:\/\/www.miamibeachfl.gov\/de\/wp-json\/wp\/v2\/categories?post=225539"},{"taxonomy":"post_tag","embeddable":true,"href":"https:\/\/www.miamibeachfl.gov\/de\/wp-json\/wp\/v2\/tags?post=225539"}],"curies":[{"name":"wp","href":"https:\/\/api.w.org\/{rel}","templated":true}]}}