{"id":228342,"date":"2022-10-31T22:49:09","date_gmt":"2022-11-01T02:49:09","guid":{"rendered":"https:\/\/www.miamibeachfl.gov\/?page_id=228342"},"modified":"2025-06-02T22:15:14","modified_gmt":"2025-06-03T02:15:14","slug":"november-2022-business-spotlight-copy","status":"publish","type":"page","link":"https:\/\/www.miamibeachfl.gov\/de\/spotlight\/november-2022-business-spotlight-copy\/","title":{"rendered":"November 2022 Business Spotlight \u2013 Abbott Florist"},"content":{"rendered":"<h5>\n\t\t<a href=\"https:\/\/www.miamibeachfl.gov\/de\/mbbiznews\/\" title=\"Abonnieren Sie hier, um den Wirtschaftsnewsletter der Stadt monatlich in Ihren Posteingang zu erhalten.\"  target=\"_blank\"  rel=\"noopener\">\n\t\t\tAbonnieren Sie hier, um den Wirtschaftsnewsletter der Stadt monatlich in Ihren Posteingang zu erhalten.\t\t<\/a>\n\t<\/h5>\n<h5>\n\t\t<a href=\"https:\/\/myemail.constantcontact.com\/Stay-connected-with-MB-Biz--.html?soid=1011085968389&#038;aid=S0mHBwwl4Fs\" title=\"Business Newsletter\"  target=\"_blank\"  rel=\"noopener\">\n\t\t\tBusiness Newsletter\t\t<\/a>\n\t<\/h5>\n\t<p><strong>Abbott Florist: Erfolgreich in Miami Beach<\/strong><\/p>\n\t\t\t\t<img decoding=\"async\" src=\"https:\/\/www.miamibeachfl.gov\/wp-content\/uploads\/2022\/10\/Romina.png\" alt=\"Romina\" itemprop=\"image\" title=\"Romina\" onerror=\"this.style.display='none'\" loading='lazy' \/>\n\t<p>Romina Orozco-Encio ist seit \u00fcber 30 Jahren mit Miami Beach verbunden und ist die derzeitige Inhaberin von Abbott Florist auf der Insel Normandie. Abbott Florist wurde 1990 gegr\u00fcndet, als Romina und ihre Familie aus Argentinien nach Miami Beach kamen, wo ihr Vater zuvor ein Blumengesch\u00e4ft besa\u00df und betrieb. Nat\u00fcrlich war sein erster Gedanke, ein eigenes in den USA zu er\u00f6ffnen. Nach einiger Zeit ging das Gesch\u00e4ft dann an Romina \u00fcber, die es als Familienbetrieb weiterf\u00fchrte.<\/p>\n<p>Wie jedes Unternehmen, das \u00fcber einen l\u00e4ngeren Zeitraum ge\u00f6ffnet hat, hat Abbott Florist enorme H\u00e4rten durchgemacht und \u00fcberstanden. Abbott Florist hat die Rezession nach dem Platzen der Dotcom-Blase, die Gro\u00dfe Rezession 2008 und zuletzt die COVID-19-Pandemie \u00fcberstanden. Wie viele andere Unternehmen war Abbott Florist w\u00e4hrend der Pandemie f\u00fcnf Monate lang geschlossen, und die Zeiten sahen d\u00fcster aus. Da es keine Ums\u00e4tze mehr gab, hatte das Unternehmen Schwierigkeiten, die Ladenmiete zu bezahlen, und konnte auch keine zus\u00e4tzlichen Vorr\u00e4te ankaufen, da auch die Blumenlieferanten weltweit geschlossen waren.<\/p>\n<p>Doch wie in allen schwierigen Zeiten gibt es auch hier M\u00f6glichkeiten, etwas zur\u00fcckzugeben. Auf dem H\u00f6hepunkt der Pandemie veranstaltete der Stadtrat von Miami Beach, David Richardson, Lebensmittelsammlungen f\u00fcr die Einwohner von Miami Beach, die kaum \u00fcber die Runden kamen. Bei diesen Lebensmittelsammlungen ergab sich die Gelegenheit. Romina war an den Lebensmittelsammlungen vorbeigegangen und hatte sich erkundigt, wie sie helfen k\u00f6nne. Man erz\u00e4hlte ihr, dass ein Blumenlieferant seinen Bestand loswerden wollte. Romina nahm Kontakt mit dem Lieferanten auf und konnte die Blumen besorgen, die sie als Dekoration f\u00fcr die langen Schlangen und Menschen bei der Lebensmittelsammlung verwendete. Die Wirkung auf die Gemeinde war so gro\u00df, dass auch zwei Jahre sp\u00e4ter noch Menschen in Rominas Laden kommen und ihr daf\u00fcr danken, dass sie die Schlange mit Blumen geschm\u00fcckt und ihnen in diesen dunklen Zeiten zumindest einen Moment der Freude geschenkt hat. Indem sie der Gemeinde etwas zur\u00fcckgibt, kaufen die Leute immer noch in ihrem Laden ein, was wiederum ihrem Gesch\u00e4ft zugutekommt.<\/p>\n<p>W\u00e4hrend dieser Zeit der Erholung konnte Romina mit Hilfe der Stadt Miami Beach und von Prospera Unterst\u00fctzung finden. Das Wirtschaftsf\u00f6rderungsamt der Stadt Miami Beach bot Unternehmen in Miami Beach einen Community Development Block Grant Coronavirus (CDBG-CV) an, der kleinen Unternehmen helfen sollte, die aufgrund der Pandemie schlie\u00dfen mussten oder betroffen waren. Romina konnte diesen Zuschuss beantragen und erhielt $20.000 CDBG-CV-Mittel, die sie nutzte, um die Miete zu bezahlen und zus\u00e4tzliche Lagerbest\u00e4nde zu kaufen, nachdem ihr Gesch\u00e4ft wieder lief.<\/p>\n<p>\u00dcber die Miami Beach Business Academy erhielt Romina au\u00dferdem kostenlose technische Unterst\u00fctzung von Prospera. Prospera ist eine gemeinn\u00fctzige Organisation, die benachteiligten Unternehmern technische Unterst\u00fctzung bietet, damit diese ihre Gesch\u00e4ftsziele besser erreichen k\u00f6nnen. Romina nahm an einem der monatlichen Webinare zum Thema Kapazit\u00e4tsaufbau teil und an viert\u00e4gigen Pr\u00e4senzschulungen von Prospera, die Unternehmern den Einsatz von Technologie in ihrem Unternehmen, die Grundlagen der Technologie, digitales Marketing und Cybersicherheit vermittelten. Durch die Teilnahme an den Schulungen hatte Romina au\u00dferdem die M\u00f6glichkeit, sich mit anderen Unternehmen, Partnern aus der Gemeinde und Banken zu vernetzen und einen Laptop f\u00fcr ihr Unternehmen zu gewinnen.<\/p>\n<p>Dank der Unterst\u00fctzung von Partnern aus der Gemeinde, wie der Stadt Miami Beach und der unternehmerischen St\u00e4rke von Prospera und Romina, bleibt Abbott Florist f\u00fcr die Gemeinde von Miami Beach ge\u00f6ffnet und sorgt auch in absehbarer Zukunft f\u00fcr Freude und Blumen.<\/p>\n<p>&nbsp;<\/p>\n<p>&nbsp;<\/p>\n<p>&nbsp;<\/p>\n<p>&nbsp;<\/p>\n<p>&nbsp;<\/p>","protected":false},"excerpt":{"rendered":"<p>Subscribe here to receive the City&#8217;s business newsletter to your inbox monthly. Business Newsletter Abbott Florist: Thriving in Miami Beach [&hellip;]<\/p>\n","protected":false},"author":222,"featured_media":0,"parent":253255,"menu_order":0,"comment_status":"closed","ping_status":"closed","template":"","meta":{"_searchwp_excluded":"","site-sidebar-layout":"default","site-content-layout":"","ast-site-content-layout":"default","site-content-style":"default","site-sidebar-style":"default","ast-global-header-display":"","ast-banner-title-visibility":"","ast-main-header-display":"","ast-hfb-above-header-display":"","ast-hfb-below-header-display":"","ast-hfb-mobile-header-display":"","site-post-title":"","ast-breadcrumbs-content":"","ast-featured-img":"","footer-sml-layout":"","theme-transparent-header-meta":"","adv-header-id-meta":"","stick-header-meta":"","header-above-stick-meta":"","header-main-stick-meta":"","header-below-stick-meta":"","astra-migrate-meta-layouts":"default","ast-page-background-enabled":"default","ast-page-background-meta":{"desktop":{"background-color":"var(--ast-global-color-5)","background-image":"","background-repeat":"repeat","background-position":"center center","background-size":"auto","background-attachment":"scroll","background-type":"","background-media":"","overlay-type":"","overlay-color":"","overlay-opacity":"","overlay-gradient":""},"tablet":{"background-color":"","background-image":"","background-repeat":"repeat","background-position":"center center","background-size":"auto","background-attachment":"scroll","background-type":"","background-media":"","overlay-type":"","overlay-color":"","overlay-opacity":"","overlay-gradient":""},"mobile":{"background-color":"","background-image":"","background-repeat":"repeat","background-position":"center center","background-size":"auto","background-attachment":"scroll","background-type":"","background-media":"","overlay-type":"","overlay-color":"","overlay-opacity":"","overlay-gradient":""}},"ast-content-background-meta":{"desktop":{"background-color":"var(--ast-global-color-4)","background-image":"","background-repeat":"repeat","background-position":"center center","background-size":"auto","background-attachment":"scroll","background-type":"","background-media":"","overlay-type":"","overlay-color":"","overlay-opacity":"","overlay-gradient":""},"tablet":{"background-color":"var(--ast-global-color-4)","background-image":"","background-repeat":"repeat","background-position":"center center","background-size":"auto","background-attachment":"scroll","background-type":"","background-media":"","overlay-type":"","overlay-color":"","overlay-opacity":"","overlay-gradient":""},"mobile":{"background-color":"var(--ast-global-color-4)","background-image":"","background-repeat":"repeat","background-position":"center center","background-size":"auto","background-attachment":"scroll","background-type":"","background-media":"","overlay-type":"","overlay-color":"","overlay-opacity":"","overlay-gradient":""}},"footnotes":""},"categories":[],"tags":[],"class_list":["post-228342","page","type-page","status-publish","hentry"],"yoast_head":"<!-- This site is optimized with the Yoast SEO Premium plugin v27.4 (Yoast SEO v27.4) - https:\/\/yoast.com\/product\/yoast-seo-premium-wordpress\/ -->\n<title>November 2022 Business Spotlight- Abbott Florist - City of Miami Beach<\/title>\n<meta name=\"description\" content=\"%\" \/>\n<meta name=\"robots\" content=\"index, follow, max-snippet:-1, max-image-preview:large, max-video-preview:-1\" \/>\n<link rel=\"canonical\" href=\"https:\/\/www.miamibeachfl.gov\/de\/spotlight\/november-2022-business-spotlight-copy\/\" \/>\n<meta property=\"og:locale\" content=\"de_DE\" \/>\n<meta property=\"og:type\" content=\"article\" \/>\n<meta property=\"og:title\" content=\"November 2022 Business Spotlight- Abbott Florist\" \/>\n<meta property=\"og:description\" content=\"%\" \/>\n<meta property=\"og:url\" content=\"https:\/\/www.miamibeachfl.gov\/de\/spotlight\/november-2022-business-spotlight-copy\/\" \/>\n<meta property=\"og:site_name\" content=\"City of Miami Beach\" \/>\n<meta property=\"article:publisher\" content=\"https:\/\/www.facebook.com\/cityofmiamibeach\" \/>\n<meta property=\"article:modified_time\" content=\"2025-06-03T02:15:14+00:00\" \/>\n<meta property=\"og:image\" content=\"https:\/\/www.miamibeachfl.gov\/wp-content\/uploads\/2022\/10\/Romina.png\" \/>\n<meta name=\"twitter:card\" content=\"summary_large_image\" \/>\n<meta name=\"twitter:site\" content=\"@Miamibeachnews\" \/>\n<script type=\"application\/ld+json\" class=\"yoast-schema-graph\">{\"@context\":\"https:\\\/\\\/schema.org\",\"@graph\":[{\"@type\":\"WebPage\",\"@id\":\"https:\\\/\\\/www.miamibeachfl.gov\\\/spotlight\\\/november-2022-business-spotlight-copy\\\/\",\"url\":\"https:\\\/\\\/www.miamibeachfl.gov\\\/spotlight\\\/november-2022-business-spotlight-copy\\\/\",\"name\":\"November 2022 Business Spotlight- Abbott Florist - City of Miami Beach\",\"isPartOf\":{\"@id\":\"https:\\\/\\\/www.miamibeachfl.gov\\\/#website\"},\"primaryImageOfPage\":{\"@id\":\"https:\\\/\\\/www.miamibeachfl.gov\\\/spotlight\\\/november-2022-business-spotlight-copy\\\/#primaryimage\"},\"image\":{\"@id\":\"https:\\\/\\\/www.miamibeachfl.gov\\\/spotlight\\\/november-2022-business-spotlight-copy\\\/#primaryimage\"},\"thumbnailUrl\":\"https:\\\/\\\/www.miamibeachfl.gov\\\/wp-content\\\/uploads\\\/2022\\\/10\\\/Romina.png\",\"datePublished\":\"2022-11-01T02:49:09+00:00\",\"dateModified\":\"2025-06-03T02:15:14+00:00\",\"description\":\"%\",\"breadcrumb\":{\"@id\":\"https:\\\/\\\/www.miamibeachfl.gov\\\/spotlight\\\/november-2022-business-spotlight-copy\\\/#breadcrumb\"},\"inLanguage\":\"de\",\"potentialAction\":[{\"@type\":\"ReadAction\",\"target\":[\"https:\\\/\\\/www.miamibeachfl.gov\\\/spotlight\\\/november-2022-business-spotlight-copy\\\/\"]}]},{\"@type\":\"ImageObject\",\"inLanguage\":\"de\",\"@id\":\"https:\\\/\\\/www.miamibeachfl.gov\\\/spotlight\\\/november-2022-business-spotlight-copy\\\/#primaryimage\",\"url\":\"https:\\\/\\\/www.miamibeachfl.gov\\\/wp-content\\\/uploads\\\/2022\\\/10\\\/Romina.png\",\"contentUrl\":\"https:\\\/\\\/www.miamibeachfl.gov\\\/wp-content\\\/uploads\\\/2022\\\/10\\\/Romina.png\"},{\"@type\":\"BreadcrumbList\",\"@id\":\"https:\\\/\\\/www.miamibeachfl.gov\\\/spotlight\\\/november-2022-business-spotlight-copy\\\/#breadcrumb\",\"itemListElement\":[{\"@type\":\"ListItem\",\"position\":1,\"name\":\"Home\",\"item\":\"https:\\\/\\\/www.miamibeachfl.gov\\\/\"},{\"@type\":\"ListItem\",\"position\":2,\"name\":\"Business Newsletters and Spotlights\",\"item\":\"https:\\\/\\\/www.miamibeachfl.gov\\\/spotlight\\\/\"},{\"@type\":\"ListItem\",\"position\":3,\"name\":\"November 2022 Business Spotlight- Abbott Florist\"}]},{\"@type\":\"WebSite\",\"@id\":\"https:\\\/\\\/www.miamibeachfl.gov\\\/#website\",\"url\":\"https:\\\/\\\/www.miamibeachfl.gov\\\/\",\"name\":\"City of Miami Beach\",\"description\":\"The official website of the City of Miami Beach. Stay informed, find important information on city services, news, alerts, events, trolley routes, government employment and more.\",\"publisher\":{\"@id\":\"https:\\\/\\\/www.miamibeachfl.gov\\\/#organization\"},\"potentialAction\":[{\"@type\":\"SearchAction\",\"target\":{\"@type\":\"EntryPoint\",\"urlTemplate\":\"https:\\\/\\\/www.miamibeachfl.gov\\\/?s={search_term_string}\"},\"query-input\":{\"@type\":\"PropertyValueSpecification\",\"valueRequired\":true,\"valueName\":\"search_term_string\"}}],\"inLanguage\":\"de\"},{\"@type\":\"Organization\",\"@id\":\"https:\\\/\\\/www.miamibeachfl.gov\\\/#organization\",\"name\":\"City of Miami Beach\",\"url\":\"https:\\\/\\\/www.miamibeachfl.gov\\\/\",\"logo\":{\"@type\":\"ImageObject\",\"inLanguage\":\"de\",\"@id\":\"https:\\\/\\\/www.miamibeachfl.gov\\\/#\\\/schema\\\/logo\\\/image\\\/\",\"url\":\"https:\\\/\\\/www.miamibeachfl.gov\\\/wp-content\\\/uploads\\\/2022\\\/06\\\/miamibeach-logoblue.png\",\"contentUrl\":\"https:\\\/\\\/www.miamibeachfl.gov\\\/wp-content\\\/uploads\\\/2022\\\/06\\\/miamibeach-logoblue.png\",\"width\":1962,\"height\":381,\"caption\":\"City of Miami Beach\"},\"image\":{\"@id\":\"https:\\\/\\\/www.miamibeachfl.gov\\\/#\\\/schema\\\/logo\\\/image\\\/\"},\"sameAs\":[\"https:\\\/\\\/www.facebook.com\\\/cityofmiamibeach\",\"https:\\\/\\\/x.com\\\/Miamibeachnews\",\"https:\\\/\\\/www.instagram.com\\\/miamibeachnews\\\/\"],\"description\":\"The official website of the City of Miami Beach. Stay informed, find important information on city services, news, alerts, events, trolley routes, government employment and more.\",\"telephone\":\"305.604.CITY(2489)\",\"legalName\":\"City of Miami Beach\"}]}<\/script>\n<!-- \/ Yoast SEO Premium plugin. -->","yoast_head_json":{"title":"Business Spotlight November 2022 \u2013 Abbott Florist \u2013 City of Miami Beach","description":"%","robots":{"index":"index","follow":"follow","max-snippet":"max-snippet:-1","max-image-preview":"max-image-preview:large","max-video-preview":"max-video-preview:-1"},"canonical":"https:\/\/www.miamibeachfl.gov\/de\/spotlight\/november-2022-business-spotlight-copy\/","og_locale":"de_DE","og_type":"article","og_title":"November 2022 Business Spotlight- Abbott Florist","og_description":"%","og_url":"https:\/\/www.miamibeachfl.gov\/de\/spotlight\/november-2022-business-spotlight-copy\/","og_site_name":"City of Miami Beach","article_publisher":"https:\/\/www.facebook.com\/cityofmiamibeach","article_modified_time":"2025-06-03T02:15:14+00:00","og_image":[{"url":"https:\/\/www.miamibeachfl.gov\/wp-content\/uploads\/2022\/10\/Romina.png","type":"","width":"","height":""}],"twitter_card":"summary_large_image","twitter_site":"@Miamibeachnews","schema":{"@context":"https:\/\/schema.org","@graph":[{"@type":"WebPage","@id":"https:\/\/www.miamibeachfl.gov\/spotlight\/november-2022-business-spotlight-copy\/","url":"https:\/\/www.miamibeachfl.gov\/spotlight\/november-2022-business-spotlight-copy\/","name":"Business Spotlight November 2022 \u2013 Abbott Florist \u2013 City of Miami Beach","isPartOf":{"@id":"https:\/\/www.miamibeachfl.gov\/#website"},"primaryImageOfPage":{"@id":"https:\/\/www.miamibeachfl.gov\/spotlight\/november-2022-business-spotlight-copy\/#primaryimage"},"image":{"@id":"https:\/\/www.miamibeachfl.gov\/spotlight\/november-2022-business-spotlight-copy\/#primaryimage"},"thumbnailUrl":"https:\/\/www.miamibeachfl.gov\/wp-content\/uploads\/2022\/10\/Romina.png","datePublished":"2022-11-01T02:49:09+00:00","dateModified":"2025-06-03T02:15:14+00:00","description":"%","breadcrumb":{"@id":"https:\/\/www.miamibeachfl.gov\/spotlight\/november-2022-business-spotlight-copy\/#breadcrumb"},"inLanguage":"de","potentialAction":[{"@type":"ReadAction","target":["https:\/\/www.miamibeachfl.gov\/spotlight\/november-2022-business-spotlight-copy\/"]}]},{"@type":"ImageObject","inLanguage":"de","@id":"https:\/\/www.miamibeachfl.gov\/spotlight\/november-2022-business-spotlight-copy\/#primaryimage","url":"https:\/\/www.miamibeachfl.gov\/wp-content\/uploads\/2022\/10\/Romina.png","contentUrl":"https:\/\/www.miamibeachfl.gov\/wp-content\/uploads\/2022\/10\/Romina.png"},{"@type":"BreadcrumbList","@id":"https:\/\/www.miamibeachfl.gov\/spotlight\/november-2022-business-spotlight-copy\/#breadcrumb","itemListElement":[{"@type":"ListItem","position":1,"name":"Home","item":"https:\/\/www.miamibeachfl.gov\/"},{"@type":"ListItem","position":2,"name":"Business Newsletters and Spotlights","item":"https:\/\/www.miamibeachfl.gov\/spotlight\/"},{"@type":"ListItem","position":3,"name":"November 2022 Business Spotlight- Abbott Florist"}]},{"@type":"WebSite","@id":"https:\/\/www.miamibeachfl.gov\/#website","url":"https:\/\/www.miamibeachfl.gov\/","name":"Stadt Miami Beach","description":"Die offizielle Website der Stadt Miami Beach. Bleiben Sie informiert und finden Sie wichtige Informationen zu st\u00e4dtischen Dienstleistungen, Neuigkeiten, Warnungen, Veranstaltungen, Stra\u00dfenbahnlinien, Stellenangeboten im \u00f6ffentlichen Dienst und mehr.","publisher":{"@id":"https:\/\/www.miamibeachfl.gov\/#organization"},"potentialAction":[{"@type":"SearchAction","target":{"@type":"EntryPoint","urlTemplate":"https:\/\/www.miamibeachfl.gov\/?s={search_term_string}"},"query-input":{"@type":"PropertyValueSpecification","valueRequired":true,"valueName":"search_term_string"}}],"inLanguage":"de"},{"@type":"Organization","@id":"https:\/\/www.miamibeachfl.gov\/#organization","name":"Stadt Miami Beach","url":"https:\/\/www.miamibeachfl.gov\/","logo":{"@type":"ImageObject","inLanguage":"de","@id":"https:\/\/www.miamibeachfl.gov\/#\/schema\/logo\/image\/","url":"https:\/\/www.miamibeachfl.gov\/wp-content\/uploads\/2022\/06\/miamibeach-logoblue.png","contentUrl":"https:\/\/www.miamibeachfl.gov\/wp-content\/uploads\/2022\/06\/miamibeach-logoblue.png","width":1962,"height":381,"caption":"City of Miami Beach"},"image":{"@id":"https:\/\/www.miamibeachfl.gov\/#\/schema\/logo\/image\/"},"sameAs":["https:\/\/www.facebook.com\/cityofmiamibeach","https:\/\/x.com\/Miamibeachnews","https:\/\/www.instagram.com\/miamibeachnews\/"],"description":"Die offizielle Website der Stadt Miami Beach. Bleiben Sie informiert und finden Sie wichtige Informationen zu st\u00e4dtischen Dienstleistungen, Neuigkeiten, Warnungen, Veranstaltungen, Stra\u00dfenbahnlinien, Stellenangeboten im \u00f6ffentlichen Dienst und mehr.","telephone":"305.604.CITY(2489)","legalName":"City of Miami Beach"}]}},"_links":{"self":[{"href":"https:\/\/www.miamibeachfl.gov\/de\/wp-json\/wp\/v2\/pages\/228342","targetHints":{"allow":["GET"]}}],"collection":[{"href":"https:\/\/www.miamibeachfl.gov\/de\/wp-json\/wp\/v2\/pages"}],"about":[{"href":"https:\/\/www.miamibeachfl.gov\/de\/wp-json\/wp\/v2\/types\/page"}],"author":[{"embeddable":true,"href":"https:\/\/www.miamibeachfl.gov\/de\/wp-json\/wp\/v2\/users\/222"}],"replies":[{"embeddable":true,"href":"https:\/\/www.miamibeachfl.gov\/de\/wp-json\/wp\/v2\/comments?post=228342"}],"version-history":[{"count":1,"href":"https:\/\/www.miamibeachfl.gov\/de\/wp-json\/wp\/v2\/pages\/228342\/revisions"}],"predecessor-version":[{"id":375083,"href":"https:\/\/www.miamibeachfl.gov\/de\/wp-json\/wp\/v2\/pages\/228342\/revisions\/375083"}],"up":[{"embeddable":true,"href":"https:\/\/www.miamibeachfl.gov\/de\/wp-json\/wp\/v2\/pages\/253255"}],"wp:attachment":[{"href":"https:\/\/www.miamibeachfl.gov\/de\/wp-json\/wp\/v2\/media?parent=228342"}],"wp:term":[{"taxonomy":"category","embeddable":true,"href":"https:\/\/www.miamibeachfl.gov\/de\/wp-json\/wp\/v2\/categories?post=228342"},{"taxonomy":"post_tag","embeddable":true,"href":"https:\/\/www.miamibeachfl.gov\/de\/wp-json\/wp\/v2\/tags?post=228342"}],"curies":[{"name":"wp","href":"https:\/\/api.w.org\/{rel}","templated":true}]}}