{"id":233181,"date":"2022-12-06T15:34:33","date_gmt":"2022-12-06T20:34:33","guid":{"rendered":"https:\/\/www.miamibeachfl.gov\/?page_id=233181"},"modified":"2026-02-11T10:12:05","modified_gmt":"2026-02-11T15:12:05","slug":"neighborhood-affairs-division","status":"publish","type":"page","link":"https:\/\/www.miamibeachfl.gov\/de\/residents\/neighborhood-affairs-division\/","title":{"rendered":"Abteilung f\u00fcr Nachbarschaftsangelegenheiten"},"content":{"rendered":"<h1>\n\t\t\tAbteilung f\u00fcr Nachbarschaftsangelegenheiten\t<\/h1>\nBewohnermen\u00fc\t\t\t\n\t\t\t\t\t<ul id=\"menu-residents\"><li id=\"menu-item-258178\"><a href=\"\/de\/residents\/\">Einwohner<\/a><\/li>\n<li id=\"menu-item-259185\"><a href=\"\/de\/neighborhood-associations\/\">Nachbarschafts- und Wohnungseigent\u00fcmergemeinschaften<\/a><\/li>\n<li id=\"menu-item-258180\"><a href=\"\/de\/residents\/neighborhood-affairs-division\/\">Nachbarschaftsangelegenheiten<\/a><\/li>\n<li id=\"menu-item-258181\"><a href=\"\/de\/community-events-and-perks\/\">Verg\u00fcnstigungen und Rabatte<\/a><\/li>\n<li id=\"menu-item-258182\"><a href=\"\/de\/animal-control\/\">Tierpflege und -kontrolle<\/a><\/li>\n<li id=\"menu-item-258183\"><a href=\"\/de\/city-hall\/cip\/active-projects\/\">Aktive Projekte<\/a><\/li>\n<li id=\"menu-item-281156\" aria-haspopup=\"true\"><a aria-expanded=\"false\" href=\"\/de\/engagementtoolbox\/\">In Verbindung bleiben<\/a>\n<ul>\n\t<li id=\"menu-item-396190\"><a href=\"\/de\/residents\/resident-guide\/#importantnumbers\">Wichtige Nummern<\/a><\/li>\n<\/ul>\n<\/li>\n<\/ul>\t\nBewohner Men\u00fc \u00d7\t\t\t\t\t\t<ul id=\"menu-residents-1\"><li id=\"menu-item-258178\"><a href=\"\/de\/residents\/\">Einwohner<\/a><\/li>\n<li id=\"menu-item-259185\"><a href=\"\/de\/neighborhood-associations\/\">Nachbarschafts- und Wohnungseigent\u00fcmergemeinschaften<\/a><\/li>\n<li id=\"menu-item-258180\"><a href=\"\/de\/residents\/neighborhood-affairs-division\/\">Nachbarschaftsangelegenheiten<\/a><\/li>\n<li id=\"menu-item-258181\"><a href=\"\/de\/community-events-and-perks\/\">Verg\u00fcnstigungen und Rabatte<\/a><\/li>\n<li id=\"menu-item-258182\"><a href=\"\/de\/animal-control\/\">Tierpflege und -kontrolle<\/a><\/li>\n<li id=\"menu-item-258183\"><a href=\"\/de\/city-hall\/cip\/active-projects\/\">Aktive Projekte<\/a><\/li>\n<li id=\"menu-item-281156\" aria-haspopup=\"true\"><a aria-expanded=\"false\" href=\"\/de\/engagementtoolbox\/\">In Verbindung bleiben<\/a>\n<ul>\n\t<li id=\"menu-item-396190\"><a href=\"\/de\/residents\/resident-guide\/#importantnumbers\">Wichtige Nummern<\/a><\/li>\n<\/ul>\n<\/li>\n<\/ul>\t\t\t\t\n\t<p>Die Abteilung f\u00fcr Nachbarschaftsangelegenheiten f\u00f6rdert enge Partnerschaften zwischen der Gemeinde und den st\u00e4dtischen Serviceabteilungen, um die Lebensqualit\u00e4t von Einwohnern und Unternehmen zu verbessern. Unser Team von Nachbarschaftskoordinatoren arbeitet aktiv mit der Gemeinde zusammen, um spezifische Bed\u00fcrfnisse und W\u00fcnsche zu ermitteln und einen reaktionsschnellen und zeitnahen Kundenservice zu bieten. Unser Ziel ist es, die Kommunikation zu erleichtern, b\u00fcrgerschaftliches Engagement zu f\u00f6rdern und ein Gef\u00fchl von Stolz und Eigenverantwortung in den Nachbarschaften zu schaffen, um eine st\u00e4rkere, vernetztere und florierende Stadt zu schaffen.<\/p>\n\t\t\t<a href =\"https:\/\/www.miamibeachfl.gov\/de\/city-hall\/cip\/active-projects\/\" target=\"_self\"  aria-label=\"Interaktive Projektkarte f\u00fcr stadtweite Bauvorhaben anzeigen Klicken Sie hier, um Informationen zu den neuesten kommunalen Bauvorhaben zu erhalten\">\n\t\t\t\t\t\t\t\tInteraktive Projektkarte f\u00fcr stadtweite Bauvorhaben anzeigen Klicken Sie hier, um Informationen zu den neuesten kommunalen Bauvorhaben zu erhalten\t\t\t\t\t\t\t\n\t\t\t\t\t\t<\/a>\n\t\t\t\t<a href=\"https:\/\/www.miamibeachfl.gov\/de\/residents\/neighborhood-associations\/\"  target=\"_self\" itemprop=\"url\">\n\t\t\t\t<img decoding=\"async\" src=\"https:\/\/www.miamibeachfl.gov\/wp-content\/uploads\/2022\/12\/icon-neighborhood_1.png\" alt=\"Neighborhoods and Condominium Associations\" itemprop=\"image\" height=\"641\" width=\"641\" title=\"Symbol-Nachbarschaft_1\" onerror=\"this.style.display='none'\" loading=\"lazy\" \/>\n\t\t\t\t<\/a>\n<h2><a href=\"https:\/\/www.miamibeachfl.gov\/de\/residents\/neighborhood-associations\/\" target=\"_self\">Nachbarschaftsverb\u00e4nde<\/a><\/h2><a href=\"https:\/\/www.miamibeachfl.gov\/de\/residents\/neighborhood-associations\/\"  target=\"_self\">Nachbarn schlie\u00dfen sich zusammen, um eine bessere Lebensqualit\u00e4t zu schaffen<\/a>\t\n\t\t\t\t<a href=\"\/de\/engagementtoolbox\/\"  target=\"_self\" itemprop=\"url\">\n\t\t\t\t<img decoding=\"async\" src=\"https:\/\/www.miamibeachfl.gov\/wp-content\/uploads\/2022\/12\/icon-engagementtoolbox.png\" alt=\"Engagement Toolbox\" itemprop=\"image\" height=\"641\" width=\"641\" title=\"Symbol-Engagement-Toolbox\" onerror=\"this.style.display='none'\" loading=\"lazy\" \/>\n\t\t\t\t<\/a>\n<h2><a href=\"\/de\/engagementtoolbox\/\" target=\"_self\">ENGAGEMENT-WERKZEUGKASTEN<\/a><\/h2><a href=\"\/de\/engagementtoolbox\/\"  target=\"_self\">Bleiben Sie in Verbindung und informiert<\/a>\t\n\t\t\t\t<a href=\"\/de\/residents\/animal-control\/\"  target=\"_self\" itemprop=\"url\">\n\t\t\t\t<img decoding=\"async\" src=\"https:\/\/www.miamibeachfl.gov\/wp-content\/uploads\/2022\/12\/icon-animals.png\" alt=\"Animal Control\" itemprop=\"image\" height=\"641\" width=\"641\" title=\"Symbol-Tiere\" onerror=\"this.style.display='none'\" loading=\"lazy\" \/>\n\t\t\t\t<\/a>\n<h2><a href=\"\/de\/residents\/animal-control\/\" target=\"_self\">TIERKONTROLLE<\/a><\/h2><a href=\"\/de\/residents\/animal-control\/\"  target=\"_self\">Informationen zu Katzen und Leguanen in S\u00fcdflorida<\/a>\t\n\t\t\t\t<a href=\"https:\/\/gis.miamibeachfl.gov\/Html5Viewer\/index.html?viewer=PLC\"  target=\"_self\" itemprop=\"url\">\n\t\t\t\t<img decoding=\"async\" src=\"https:\/\/www.miamibeachfl.gov\/wp-content\/uploads\/2022\/12\/icon-trafficclosure.png\" alt=\"ROW Map\" itemprop=\"image\" height=\"641\" width=\"641\" title=\"Symbol-Verkehrssperrung\" onerror=\"this.style.display='none'\" loading=\"lazy\" \/>\n\t\t\t\t<\/a>\n<h2><a href=\"https:\/\/gis.miamibeachfl.gov\/Html5Viewer\/index.html?viewer=PLC\" target=\"_self\">Fahrspursperrungen nach Genehmigungsart<\/a><\/h2><a href=\"https:\/\/gis.miamibeachfl.gov\/Html5Viewer\/index.html?viewer=PLC\"  target=\"_self\">Aktuelle und abgelaufene Fahrbahnsperrungen nach Genehmigungsart anzeigen<\/a>\t\n\t\t\t\t<a href=\"\/de\/city-hall\/city-manager\/mission-vision-and-values\/strategic-planning\/community-survey\/\"  target=\"_self\" itemprop=\"url\">\n\t\t\t\t<img decoding=\"async\" src=\"https:\/\/www.miamibeachfl.gov\/wp-content\/uploads\/2022\/12\/icon-surveys.png\" alt=\"Surveys\" itemprop=\"image\" height=\"641\" width=\"641\" title=\"Symbol-Umfragen\" onerror=\"this.style.display='none'\" loading=\"lazy\" \/>\n\t\t\t\t<\/a>\n<h2><a href=\"\/de\/city-hall\/city-manager\/mission-vision-and-values\/strategic-planning\/community-survey\/\" target=\"_self\">Umfragen zur Zufriedenheit der Gemeinschaft<\/a><\/h2><a href=\"\/de\/city-hall\/city-manager\/mission-vision-and-values\/strategic-planning\/community-survey\/\"  target=\"_self\">Feedback von Anwohnern und Unternehmen anzeigen<\/a>\t\n\t\t\t\t<a href=\"http:\/\/www.mbrisingabove.com\/\"  target=\"_self\" itemprop=\"url\">\n\t\t\t\t<img decoding=\"async\" src=\"https:\/\/www.miamibeachfl.gov\/wp-content\/uploads\/2022\/12\/icon-mbrising.png\" alt=\"MB Rising Above\" itemprop=\"image\" height=\"641\" width=\"641\" title=\"Symbol-Mbrising\" onerror=\"this.style.display='none'\" loading=\"lazy\" \/>\n\t\t\t\t<\/a>\n<h2><a href=\"http:\/\/www.mbrisingabove.com\/\" target=\"_self\">MB STEIGT \u00dcBER<\/a><\/h2><a href=\"http:\/\/www.mbrisingabove.com\/\"  target=\"_self\">Erfahren Sie mehr \u00fcber die Resilienzinitiativen der Stadt<\/a>\t\n\t\t\t\t<a href=\"https:\/\/www.miamibeachfl.gov\/de\/business\/css\/\"  target=\"_self\" itemprop=\"url\">\n\t\t\t\t<img decoding=\"async\" src=\"https:\/\/www.miamibeachfl.gov\/wp-content\/uploads\/2022\/12\/icon-residencss.png\" alt=\"Citizen Self Service\" itemprop=\"image\" height=\"641\" width=\"641\" title=\"icon-residenzen\" onerror=\"this.style.display='none'\" loading=\"lazy\" \/>\n\t\t\t\t<\/a>\n<h2><a href=\"https:\/\/www.miamibeachfl.gov\/de\/business\/css\/\" target=\"_self\">B\u00dcRGER-ZUGANGSPORTAL<\/a><\/h2><a href=\"https:\/\/www.miamibeachfl.gov\/de\/business\/css\/\"  target=\"_self\">Stadtportal. Genehmigungen einsehen\/bezahlen\/beantragen.<\/a>\t\n\t\t\t\t<a href=\"https:\/\/egovernment.miamibeachfl.gov\/EgovWeb\"  target=\"_self\" itemprop=\"url\">\n\t\t\t\t<img decoding=\"async\" src=\"https:\/\/www.miamibeachfl.gov\/wp-content\/uploads\/2022\/12\/icon-egov.png\" alt=\"E-Gov\" itemprop=\"image\" height=\"641\" width=\"641\" title=\"Symbol-egov\" onerror=\"this.style.display='none'\" loading=\"lazy\" \/>\n\t\t\t\t<\/a>\n<h2><a href=\"https:\/\/egovernment.miamibeachfl.gov\/EgovWeb\" target=\"_self\">BEDENKEN MELDEN (EGOV)<\/a><\/h2><a href=\"https:\/\/egovernment.miamibeachfl.gov\/EgovWeb\"  target=\"_self\">Portal f\u00fcr st\u00e4dtische Serviceanfragen und Beschwerden<\/a>\t\n\t\t\t\t<a href=\"https:\/\/www.gombinfo.com\/\"  target=\"_self\" itemprop=\"url\">\n\t\t\t\t<img decoding=\"async\" src=\"https:\/\/www.miamibeachfl.gov\/wp-content\/uploads\/2022\/12\/icon-gobond.png\" alt=\"Construction hat icon\" itemprop=\"image\" height=\"641\" width=\"641\" title=\"Symbol-Gobond\" onerror=\"this.style.display='none'\" loading=\"lazy\" \/>\n\t\t\t\t<\/a>\n<h2><a href=\"https:\/\/www.gombinfo.com\/\" target=\"_self\">GO BOND<\/a><\/h2><a href=\"https:\/\/www.gombinfo.com\/\"  target=\"_self\">Verbesserungsprojekte. Ihre Stimme, die z\u00e4hlt.<\/a>\t\n\t\t\t\t<a href=\"https:\/\/www.miamibeachfl.gov\/de\/residents\/neighborhood-affairs-division\/#contactnad\"  target=\"_self\" itemprop=\"url\">\n\t\t\t\t<img decoding=\"async\" src=\"https:\/\/www.miamibeachfl.gov\/wp-content\/uploads\/2022\/12\/icon-home-css.png\" alt=\"Computer icon\" itemprop=\"image\" height=\"641\" width=\"641\" title=\"Symbol-Home-CSS\" onerror=\"this.style.display='none'\" loading=\"lazy\" \/>\n\t\t\t\t<\/a>\n<h2><a href=\"https:\/\/www.miamibeachfl.gov\/de\/residents\/neighborhood-affairs-division\/#contactnad\" target=\"_self\">Umfragen zur Zufriedenheit der Gemeinschaft<\/a><\/h2><a href=\"https:\/\/www.miamibeachfl.gov\/de\/residents\/neighborhood-affairs-division\/#contactnad\"  target=\"_self\">Wenden Sie sich f\u00fcr weitere Informationen an einen Vertreter des Amtes f\u00fcr Nachbarschaftsangelegenheiten.<\/a>\t\n<h3>\n\t\t\tKontakt Nachbarschaftsangelegenheiten\t<\/h3>\n<h2>\n\t\t\tNorth Beach und stadtweit:\t<\/h2>\n\t\t\t <p><b>Nicholas Levy<br \/><\/b>Koordinator f\u00fcr Nachbarschaftsangelegenheiten<\/p>\t\t\n\t\t\t <p><a href=\"mailto:NicholasLevy@MiamiBeachFl.gov\">NicholasLevy@MiamiBeachFl.gov<\/a><\/p>\t\t\n\t<h2  id=\"contactmidbeach\">\n\t\t\tMittlerer Strand:\t<\/h2>\n\t\t\t <p><strong>Gabriella Gonzalez<\/strong><br \/>Koordinator f\u00fcr Nachbarschaftsangelegenheiten <\/p>\t\t\n\t\t\t <p><a href=\"mailto:GabriellaGonzalez@MiamiBeachFl.gov\">GabriellaGonzalez@MiamiBeachFl.gov<\/a><\/p>\n\t<h2  id=\"nadcontact\">\n\t\t\tS\u00fcdstrand:\t<\/h2>\n\t\t\t <p><strong>Lauren Firtel<\/strong><br \/>South Beach Nachbarschaftsangelegenheitsmanager<\/p>\t\t\n\t\t\t <p><a href=\"mailto:KevinPulido@MiamiBeachFl.gov\">LaurenFirtel@MiamiBeachFl.gov<\/a><\/p>","protected":false},"excerpt":{"rendered":"<p>Abteilung f\u00fcr Nachbarschaftsangelegenheiten \u2013 Men\u00fc f\u00fcr Anwohner \u2013 Nachbarschafts- und Wohnungseigent\u00fcmergemeinschaften \u2013 Vorteile und Rabatte f\u00fcr Anwohner \u2013 Tierpflege und -kontrolle \u2013 Aktiv [\u2026]<\/p>","protected":false},"author":222,"featured_media":0,"parent":29238,"menu_order":0,"comment_status":"closed","ping_status":"closed","template":"","meta":{"_searchwp_excluded":"","site-sidebar-layout":"default","site-content-layout":"","ast-site-content-layout":"default","site-content-style":"default","site-sidebar-style":"default","ast-global-header-display":"","ast-banner-title-visibility":"","ast-main-header-display":"","ast-hfb-above-header-display":"","ast-hfb-below-header-display":"","ast-hfb-mobile-header-display":"","site-post-title":"","ast-breadcrumbs-content":"","ast-featured-img":"","footer-sml-layout":"","theme-transparent-header-meta":"","adv-header-id-meta":"","stick-header-meta":"","header-above-stick-meta":"","header-main-stick-meta":"","header-below-stick-meta":"","astra-migrate-meta-layouts":"default","ast-page-background-enabled":"default","ast-page-background-meta":{"desktop":{"background-color":"var(--ast-global-color-5)","background-image":"","background-repeat":"repeat","background-position":"center center","background-size":"auto","background-attachment":"scroll","background-type":"","background-media":"","overlay-type":"","overlay-color":"","overlay-opacity":"","overlay-gradient":""},"tablet":{"background-color":"","background-image":"","background-repeat":"repeat","background-position":"center center","background-size":"auto","background-attachment":"scroll","background-type":"","background-media":"","overlay-type":"","overlay-color":"","overlay-opacity":"","overlay-gradient":""},"mobile":{"background-color":"","background-image":"","background-repeat":"repeat","background-position":"center center","background-size":"auto","background-attachment":"scroll","background-type":"","background-media":"","overlay-type":"","overlay-color":"","overlay-opacity":"","overlay-gradient":""}},"ast-content-background-meta":{"desktop":{"background-color":"var(--ast-global-color-4)","background-image":"","background-repeat":"repeat","background-position":"center center","background-size":"auto","background-attachment":"scroll","background-type":"","background-media":"","overlay-type":"","overlay-color":"","overlay-opacity":"","overlay-gradient":""},"tablet":{"background-color":"var(--ast-global-color-4)","background-image":"","background-repeat":"repeat","background-position":"center center","background-size":"auto","background-attachment":"scroll","background-type":"","background-media":"","overlay-type":"","overlay-color":"","overlay-opacity":"","overlay-gradient":""},"mobile":{"background-color":"var(--ast-global-color-4)","background-image":"","background-repeat":"repeat","background-position":"center center","background-size":"auto","background-attachment":"scroll","background-type":"","background-media":"","overlay-type":"","overlay-color":"","overlay-opacity":"","overlay-gradient":""}},"footnotes":""},"categories":[],"tags":[],"class_list":["post-233181","page","type-page","status-publish","hentry"],"yoast_head":"<!-- This site is optimized with the Yoast SEO Premium plugin v26.6 (Yoast SEO v26.6) - https:\/\/yoast.com\/wordpress\/plugins\/seo\/ -->\n<title>Neighborhood Affairs Division - City of Miami Beach<\/title>\n<meta name=\"description\" content=\"The Neighborhood Affairs Division fosters strong partnerships between the community and the city&#039;s operational service departments to improve the quality of life for residents and businesses.\" \/>\n<meta name=\"robots\" content=\"index, follow, max-snippet:-1, max-image-preview:large, max-video-preview:-1\" \/>\n<link rel=\"canonical\" href=\"https:\/\/www.miamibeachfl.gov\/de\/residents\/neighborhood-affairs-division\/\" \/>\n<meta property=\"og:locale\" content=\"de_DE\" \/>\n<meta property=\"og:type\" content=\"article\" \/>\n<meta property=\"og:title\" content=\"Neighborhood Affairs Division\" \/>\n<meta property=\"og:description\" content=\"The Neighborhood Affairs Division fosters strong partnerships between the community and the city&#039;s operational service departments to improve the quality of life for residents and businesses.\" \/>\n<meta property=\"og:url\" content=\"https:\/\/www.miamibeachfl.gov\/de\/residents\/neighborhood-affairs-division\/\" \/>\n<meta property=\"og:site_name\" content=\"City of Miami Beach\" \/>\n<meta property=\"article:publisher\" content=\"https:\/\/www.facebook.com\/cityofmiamibeach\" \/>\n<meta property=\"article:modified_time\" content=\"2026-02-11T15:12:05+00:00\" \/>\n<meta property=\"og:image\" content=\"https:\/\/www.miamibeachfl.gov\/wp-content\/uploads\/2023\/04\/Venetian-Islands-Bridge-Project-scaled.jpg\" \/>\n\t<meta property=\"og:image:width\" content=\"2560\" \/>\n\t<meta property=\"og:image:height\" content=\"1705\" \/>\n\t<meta property=\"og:image:type\" content=\"image\/jpeg\" \/>\n<meta name=\"twitter:card\" content=\"summary_large_image\" \/>\n<meta name=\"twitter:site\" content=\"@Miamibeachnews\" \/>\n<script type=\"application\/ld+json\" class=\"yoast-schema-graph\">{\"@context\":\"https:\/\/schema.org\",\"@graph\":[{\"@type\":\"WebPage\",\"@id\":\"https:\/\/www.miamibeachfl.gov\/residents\/neighborhood-affairs-division\/\",\"url\":\"https:\/\/www.miamibeachfl.gov\/residents\/neighborhood-affairs-division\/\",\"name\":\"Neighborhood Affairs Division - City of Miami Beach\",\"isPartOf\":{\"@id\":\"https:\/\/www.miamibeachfl.gov\/#website\"},\"primaryImageOfPage\":{\"@id\":\"https:\/\/www.miamibeachfl.gov\/residents\/neighborhood-affairs-division\/#primaryimage\"},\"image\":{\"@id\":\"https:\/\/www.miamibeachfl.gov\/residents\/neighborhood-affairs-division\/#primaryimage\"},\"thumbnailUrl\":\"https:\/\/www.miamibeachfl.gov\/wp-content\/uploads\/2022\/12\/icon-neighborhood_1.png\",\"datePublished\":\"2022-12-06T20:34:33+00:00\",\"dateModified\":\"2026-02-11T15:12:05+00:00\",\"description\":\"The Neighborhood Affairs Division fosters strong partnerships between the community and the city's operational service departments to improve the quality of life for residents and businesses.\",\"breadcrumb\":{\"@id\":\"https:\/\/www.miamibeachfl.gov\/residents\/neighborhood-affairs-division\/#breadcrumb\"},\"inLanguage\":\"de\",\"potentialAction\":[{\"@type\":\"ReadAction\",\"target\":[\"https:\/\/www.miamibeachfl.gov\/residents\/neighborhood-affairs-division\/\"]}]},{\"@type\":\"ImageObject\",\"inLanguage\":\"de\",\"@id\":\"https:\/\/www.miamibeachfl.gov\/residents\/neighborhood-affairs-division\/#primaryimage\",\"url\":\"https:\/\/www.miamibeachfl.gov\/wp-content\/uploads\/2022\/12\/icon-neighborhood_1.png\",\"contentUrl\":\"https:\/\/www.miamibeachfl.gov\/wp-content\/uploads\/2022\/12\/icon-neighborhood_1.png\"},{\"@type\":\"BreadcrumbList\",\"@id\":\"https:\/\/www.miamibeachfl.gov\/residents\/neighborhood-affairs-division\/#breadcrumb\",\"itemListElement\":[{\"@type\":\"ListItem\",\"position\":1,\"name\":\"Home\",\"item\":\"https:\/\/www.miamibeachfl.gov\/\"},{\"@type\":\"ListItem\",\"position\":2,\"name\":\"Residents\",\"item\":\"https:\/\/www.miamibeachfl.gov\/residents\/\"},{\"@type\":\"ListItem\",\"position\":3,\"name\":\"Neighborhood Affairs Division\"}]},{\"@type\":\"WebSite\",\"@id\":\"https:\/\/www.miamibeachfl.gov\/#website\",\"url\":\"https:\/\/www.miamibeachfl.gov\/\",\"name\":\"City of Miami Beach\",\"description\":\"The official website of the City of Miami Beach. Stay informed, find important information on city services, news, alerts, events, trolley routes, government employment and more.\",\"publisher\":{\"@id\":\"https:\/\/www.miamibeachfl.gov\/#organization\"},\"potentialAction\":[{\"@type\":\"SearchAction\",\"target\":{\"@type\":\"EntryPoint\",\"urlTemplate\":\"https:\/\/www.miamibeachfl.gov\/?s={search_term_string}\"},\"query-input\":{\"@type\":\"PropertyValueSpecification\",\"valueRequired\":true,\"valueName\":\"search_term_string\"}}],\"inLanguage\":\"de\"},{\"@type\":\"Organization\",\"@id\":\"https:\/\/www.miamibeachfl.gov\/#organization\",\"name\":\"City of Miami Beach\",\"url\":\"https:\/\/www.miamibeachfl.gov\/\",\"logo\":{\"@type\":\"ImageObject\",\"inLanguage\":\"de\",\"@id\":\"https:\/\/www.miamibeachfl.gov\/#\/schema\/logo\/image\/\",\"url\":\"https:\/\/www.miamibeachfl.gov\/wp-content\/uploads\/2022\/06\/miamibeach-logoblue.png\",\"contentUrl\":\"https:\/\/www.miamibeachfl.gov\/wp-content\/uploads\/2022\/06\/miamibeach-logoblue.png\",\"width\":1962,\"height\":381,\"caption\":\"City of Miami Beach\"},\"image\":{\"@id\":\"https:\/\/www.miamibeachfl.gov\/#\/schema\/logo\/image\/\"},\"sameAs\":[\"https:\/\/www.facebook.com\/cityofmiamibeach\",\"https:\/\/x.com\/Miamibeachnews\",\"https:\/\/www.instagram.com\/miamibeachnews\/\"],\"description\":\"The official website of the City of Miami Beach. Stay informed, find important information on city services, news, alerts, events, trolley routes, government employment and more.\",\"telephone\":\"305.604.CITY(2489)\",\"legalName\":\"City of Miami Beach\"}]}<\/script>\n<!-- \/ Yoast SEO Premium plugin. -->","yoast_head_json":{"title":"Abteilung f\u00fcr Nachbarschaftsangelegenheiten - Stadt Miami Beach","description":"Die Abteilung f\u00fcr Nachbarschaftsangelegenheiten f\u00f6rdert starke Partnerschaften zwischen der Gemeinde und den operativen Serviceabteilungen der Stadt, um die Lebensqualit\u00e4t der Einwohner und Unternehmen zu verbessern.","robots":{"index":"index","follow":"follow","max-snippet":"max-snippet:-1","max-image-preview":"max-image-preview:large","max-video-preview":"max-video-preview:-1"},"canonical":"https:\/\/www.miamibeachfl.gov\/de\/residents\/neighborhood-affairs-division\/","og_locale":"de_DE","og_type":"article","og_title":"Neighborhood Affairs Division","og_description":"The Neighborhood Affairs Division fosters strong partnerships between the community and the city's operational service departments to improve the quality of life for residents and businesses.","og_url":"https:\/\/www.miamibeachfl.gov\/de\/residents\/neighborhood-affairs-division\/","og_site_name":"City of Miami Beach","article_publisher":"https:\/\/www.facebook.com\/cityofmiamibeach","article_modified_time":"2026-02-11T15:12:05+00:00","og_image":[{"width":2560,"height":1705,"url":"https:\/\/www.miamibeachfl.gov\/wp-content\/uploads\/2023\/04\/Venetian-Islands-Bridge-Project-scaled.jpg","type":"image\/jpeg"}],"twitter_card":"summary_large_image","twitter_site":"@Miamibeachnews","schema":{"@context":"https:\/\/schema.org","@graph":[{"@type":"WebPage","@id":"https:\/\/www.miamibeachfl.gov\/residents\/neighborhood-affairs-division\/","url":"https:\/\/www.miamibeachfl.gov\/residents\/neighborhood-affairs-division\/","name":"Abteilung f\u00fcr Nachbarschaftsangelegenheiten - Stadt Miami Beach","isPartOf":{"@id":"https:\/\/www.miamibeachfl.gov\/#website"},"primaryImageOfPage":{"@id":"https:\/\/www.miamibeachfl.gov\/residents\/neighborhood-affairs-division\/#primaryimage"},"image":{"@id":"https:\/\/www.miamibeachfl.gov\/residents\/neighborhood-affairs-division\/#primaryimage"},"thumbnailUrl":"https:\/\/www.miamibeachfl.gov\/wp-content\/uploads\/2022\/12\/icon-neighborhood_1.png","datePublished":"2022-12-06T20:34:33+00:00","dateModified":"2026-02-11T15:12:05+00:00","description":"Die Abteilung f\u00fcr Nachbarschaftsangelegenheiten f\u00f6rdert starke Partnerschaften zwischen der Gemeinde und den operativen Serviceabteilungen der Stadt, um die Lebensqualit\u00e4t der Einwohner und Unternehmen zu verbessern.","breadcrumb":{"@id":"https:\/\/www.miamibeachfl.gov\/residents\/neighborhood-affairs-division\/#breadcrumb"},"inLanguage":"de","potentialAction":[{"@type":"ReadAction","target":["https:\/\/www.miamibeachfl.gov\/residents\/neighborhood-affairs-division\/"]}]},{"@type":"ImageObject","inLanguage":"de","@id":"https:\/\/www.miamibeachfl.gov\/residents\/neighborhood-affairs-division\/#primaryimage","url":"https:\/\/www.miamibeachfl.gov\/wp-content\/uploads\/2022\/12\/icon-neighborhood_1.png","contentUrl":"https:\/\/www.miamibeachfl.gov\/wp-content\/uploads\/2022\/12\/icon-neighborhood_1.png"},{"@type":"BreadcrumbList","@id":"https:\/\/www.miamibeachfl.gov\/residents\/neighborhood-affairs-division\/#breadcrumb","itemListElement":[{"@type":"ListItem","position":1,"name":"Home","item":"https:\/\/www.miamibeachfl.gov\/"},{"@type":"ListItem","position":2,"name":"Residents","item":"https:\/\/www.miamibeachfl.gov\/residents\/"},{"@type":"ListItem","position":3,"name":"Neighborhood Affairs Division"}]},{"@type":"WebSite","@id":"https:\/\/www.miamibeachfl.gov\/#website","url":"https:\/\/www.miamibeachfl.gov\/","name":"Stadt Miami Beach","description":"Die offizielle Website der Stadt Miami Beach. Bleiben Sie informiert und finden Sie wichtige Informationen zu st\u00e4dtischen Dienstleistungen, Neuigkeiten, Warnungen, Veranstaltungen, Stra\u00dfenbahnlinien, Stellenangeboten im \u00f6ffentlichen Dienst und mehr.","publisher":{"@id":"https:\/\/www.miamibeachfl.gov\/#organization"},"potentialAction":[{"@type":"SearchAction","target":{"@type":"EntryPoint","urlTemplate":"https:\/\/www.miamibeachfl.gov\/?s={search_term_string}"},"query-input":{"@type":"PropertyValueSpecification","valueRequired":true,"valueName":"search_term_string"}}],"inLanguage":"de"},{"@type":"Organization","@id":"https:\/\/www.miamibeachfl.gov\/#organization","name":"Stadt Miami Beach","url":"https:\/\/www.miamibeachfl.gov\/","logo":{"@type":"ImageObject","inLanguage":"de","@id":"https:\/\/www.miamibeachfl.gov\/#\/schema\/logo\/image\/","url":"https:\/\/www.miamibeachfl.gov\/wp-content\/uploads\/2022\/06\/miamibeach-logoblue.png","contentUrl":"https:\/\/www.miamibeachfl.gov\/wp-content\/uploads\/2022\/06\/miamibeach-logoblue.png","width":1962,"height":381,"caption":"City of Miami Beach"},"image":{"@id":"https:\/\/www.miamibeachfl.gov\/#\/schema\/logo\/image\/"},"sameAs":["https:\/\/www.facebook.com\/cityofmiamibeach","https:\/\/x.com\/Miamibeachnews","https:\/\/www.instagram.com\/miamibeachnews\/"],"description":"Die offizielle Website der Stadt Miami Beach. Bleiben Sie informiert und finden Sie wichtige Informationen zu st\u00e4dtischen Dienstleistungen, Neuigkeiten, Warnungen, Veranstaltungen, Stra\u00dfenbahnlinien, Stellenangeboten im \u00f6ffentlichen Dienst und mehr.","telephone":"305.604.CITY(2489)","legalName":"City of Miami Beach"}]}},"_links":{"self":[{"href":"https:\/\/www.miamibeachfl.gov\/de\/wp-json\/wp\/v2\/pages\/233181","targetHints":{"allow":["GET"]}}],"collection":[{"href":"https:\/\/www.miamibeachfl.gov\/de\/wp-json\/wp\/v2\/pages"}],"about":[{"href":"https:\/\/www.miamibeachfl.gov\/de\/wp-json\/wp\/v2\/types\/page"}],"author":[{"embeddable":true,"href":"https:\/\/www.miamibeachfl.gov\/de\/wp-json\/wp\/v2\/users\/222"}],"replies":[{"embeddable":true,"href":"https:\/\/www.miamibeachfl.gov\/de\/wp-json\/wp\/v2\/comments?post=233181"}],"version-history":[{"count":0,"href":"https:\/\/www.miamibeachfl.gov\/de\/wp-json\/wp\/v2\/pages\/233181\/revisions"}],"up":[{"embeddable":true,"href":"https:\/\/www.miamibeachfl.gov\/de\/wp-json\/wp\/v2\/pages\/29238"}],"wp:attachment":[{"href":"https:\/\/www.miamibeachfl.gov\/de\/wp-json\/wp\/v2\/media?parent=233181"}],"wp:term":[{"taxonomy":"category","embeddable":true,"href":"https:\/\/www.miamibeachfl.gov\/de\/wp-json\/wp\/v2\/categories?post=233181"},{"taxonomy":"post_tag","embeddable":true,"href":"https:\/\/www.miamibeachfl.gov\/de\/wp-json\/wp\/v2\/tags?post=233181"}],"curies":[{"name":"wp","href":"https:\/\/api.w.org\/{rel}","templated":true}]}}