{"id":244470,"date":"2023-01-30T08:02:35","date_gmt":"2023-01-30T13:02:35","guid":{"rendered":"https:\/\/www.miamibeachfl.gov\/?page_id=244470"},"modified":"2025-06-04T21:57:06","modified_gmt":"2025-06-05T01:57:06","slug":"miami-new-drama-at-collins-park-garage-go-bond","status":"publish","type":"page","link":"https:\/\/www.miamibeachfl.gov\/de\/gobond-arts2022\/miami-new-drama-at-collins-park-garage-go-bond\/","title":{"rendered":"Go Bond \u2013 Miamis neues Drama im Collins Park Garage"},"content":{"rendered":"<h3>\n\t\t\tSt\u00e4dtische Kultureinrichtungen\t<\/h3>\n<h3>\n\t\t\tMiami: Neues Drama im Collins Park Garage\t<\/h3>\n\t\t\t<a href=\"https:\/\/www.gombinfo.com\/artsandculture\/dashboard\/explore-the-dashboard\/\" target=\"_blank\" rel=\"noopener\">\n\t\t\t\t\t\t\tEntdecken Sie das Dashboard f\u00fcr Kunst und Kultur  \n\t\t\t\t\t<\/a>\n<h3>\n\t\t\tOrganisatorischer Hintergrund\t<\/h3>\n\t<p>Miami New Drama ist ein kultureller Ankerpunkt in Miami Beach mit dem Ziel, vielf\u00e4ltige, relevante neue Theaterst\u00fccke und Musicals im Dialog mit der Community zu entwickeln. Seit 2016 hat Miami New Drama erfolgreich das Colony Theatre er\u00f6ffnet, wo vielf\u00e4ltige, bahnbrechende St\u00fccke aufgef\u00fchrt werden. Das Colony Theatre schr\u00e4nkt die M\u00f6glichkeiten zur Erweiterung des Bildungsprogramms ein. Das Collins Park Cultural Center in der Collins Park Garage soll als Bildungszentrum dienen und ein kontinuierliches Programm mit Workshops f\u00fcr Erwachsene und Jugendliche, Camps f\u00fcr junge Schauspieler und Theater f\u00fcr junge Zuschauer erm\u00f6glichen. <\/p>\n\t<iframe src=\"https:\/\/www.google.com\/maps\/embed\/v1\/place?q=500+Collins+Avenue+Miami+Beach%2C+FL&#038;key=AIzaSyD09zQ9PNDNNy9TadMuzRV_UsPUoWKntt8\" aria-hidden=\"true\" title=\"Miami: Neues Drama im Collins Park Garage\"><\/iframe>\n\t<h3>Gesch\u00e4tzter Projektzeitplan<\/h3>\t\n\t<p>Ungef\u00e4hr 24 Monate<\/p>\n\t<h3>Projektbetrag<\/h3>\t\n\t<p>$7,670,000<\/p>\n\t\t\t\t\t\t\t\t<a href=\"http:\/\/www.miaminewdrama.org\" target=\"_self\">\n\t\t\t\t\t\t<\/a>\n\t<h3><a href=\"http:\/\/www.miaminewdrama.org\"  target=\"_self\">Weitere Informationen finden Sie unter www.miaminewdrama.org.<\/a><\/h3>\t\n<h3>\n\t\t\tListe der Kapitalverbesserungen\t<\/h3>\n\t<ul>\n<li><strong>Miami Neues Drama Black Box Studio Theater  <\/strong><br \/>\nFlexibler Theaterraum mit 200 Sitzpl\u00e4tzen. Das Programm umfasst: Weltklasse-Theater in intimem Rahmen, spanischsprachige Programme, Theater f\u00fcr junges Publikum, Filmvorf\u00fchrungen, Sonderveranstaltungen, kulturelle Partner- und Community-Programme <\/li>\n<li><strong>Gemeinschaftsbildung und Proberaum   <\/strong><br \/>\nDas Theater ist zur Stra\u00dfe hin ausgerichtet, sodass Fu\u00dfg\u00e4nger es sehen k\u00f6nnen. Hier finden Kurse, Workshops, Bildungsprogramme und Camps von Miami New Drama statt. Regelm\u00e4\u00dfige Gemeinschaftsaktivit\u00e4ten, darunter der \u201eMonday Night Seniors Dance\u201c, finden statt. Veranstaltungsr\u00e4ume f\u00fcr Miami New Drama und andere Gemeinschaftsorganisationen, kombinierbar mit dem Studio Theater. <\/li>\n<li><strong>Kost\u00fcmdesign-Studio <\/strong><br \/>\nEin Raum, der als Schneiderei und Anprobestudio f\u00fcr Miami New Drama-Produktionen dienen und auch die Vermittlung von Fertigkeiten in Handwerk und N\u00e4hen erm\u00f6glichen soll. Es entstehen Arbeitspl\u00e4tze in Miami Beach und K\u00fcnstlerresidenzen im Bereich Textilkunst, die in der Lobby-Galerie pr\u00e4sentiert werden k\u00f6nnen. <\/li>\n<li><strong>Das Wohnzimmer   <\/strong><br \/>\nEine ganzt\u00e4gig ge\u00f6ffnete Kulturlounge mit wechselnden Kunstinstallationen von Partner-Non-Profit-Organisationen mit unentdeckten K\u00fcnstlern am Anfang und in der Mitte ihrer Karriere. Eine Kaffeebar und ein von Books &amp; Books betreuter Buchladen. <\/li>\n<li><strong>Collins Park Caf\u00e9 <\/strong><br \/>\nEin dynamisches und einladendes Nachbarschaftscaf\u00e9 mit nachhaltig angebautem Kaffee, erschwinglicher Weltklasse-K\u00fcche und einem sorgf\u00e4ltig zusammengestellten Programm an topaktueller Live-Musik. Es handelt sich um eine gemeinn\u00fctzige\/private Partnerschaft zwischen einem erfahrenen Gastronomen und Miami New Drama.  <\/li>\n<li><strong>B\u00fcror\u00e4ume <\/strong><br \/>\nWird als Hauptsitz von Miami New Drama dienen.   <\/li>\n<\/ul>","protected":false},"excerpt":{"rendered":"<p>St\u00e4dtische Kultureinrichtungen Miami New Drama im Collins Park Garage Erkunden Sie das Dashboard f\u00fcr Kunst und Kultur Organisatorischer Hintergrund Miami New [\u2026]<\/p>","protected":false},"author":222,"featured_media":0,"parent":242175,"menu_order":178,"comment_status":"closed","ping_status":"closed","template":"","meta":{"_searchwp_excluded":"","site-sidebar-layout":"default","site-content-layout":"","ast-site-content-layout":"default","site-content-style":"default","site-sidebar-style":"default","ast-global-header-display":"","ast-banner-title-visibility":"","ast-main-header-display":"","ast-hfb-above-header-display":"","ast-hfb-below-header-display":"","ast-hfb-mobile-header-display":"","site-post-title":"","ast-breadcrumbs-content":"","ast-featured-img":"","footer-sml-layout":"","theme-transparent-header-meta":"","adv-header-id-meta":"","stick-header-meta":"","header-above-stick-meta":"","header-main-stick-meta":"","header-below-stick-meta":"","astra-migrate-meta-layouts":"default","ast-page-background-enabled":"default","ast-page-background-meta":{"desktop":{"background-color":"var(--ast-global-color-5)","background-image":"","background-repeat":"repeat","background-position":"center center","background-size":"auto","background-attachment":"scroll","background-type":"","background-media":"","overlay-type":"","overlay-color":"","overlay-opacity":"","overlay-gradient":""},"tablet":{"background-color":"","background-image":"","background-repeat":"repeat","background-position":"center center","background-size":"auto","background-attachment":"scroll","background-type":"","background-media":"","overlay-type":"","overlay-color":"","overlay-opacity":"","overlay-gradient":""},"mobile":{"background-color":"","background-image":"","background-repeat":"repeat","background-position":"center center","background-size":"auto","background-attachment":"scroll","background-type":"","background-media":"","overlay-type":"","overlay-color":"","overlay-opacity":"","overlay-gradient":""}},"ast-content-background-meta":{"desktop":{"background-color":"var(--ast-global-color-4)","background-image":"","background-repeat":"repeat","background-position":"center center","background-size":"auto","background-attachment":"scroll","background-type":"","background-media":"","overlay-type":"","overlay-color":"","overlay-opacity":"","overlay-gradient":""},"tablet":{"background-color":"var(--ast-global-color-4)","background-image":"","background-repeat":"repeat","background-position":"center center","background-size":"auto","background-attachment":"scroll","background-type":"","background-media":"","overlay-type":"","overlay-color":"","overlay-opacity":"","overlay-gradient":""},"mobile":{"background-color":"var(--ast-global-color-4)","background-image":"","background-repeat":"repeat","background-position":"center center","background-size":"auto","background-attachment":"scroll","background-type":"","background-media":"","overlay-type":"","overlay-color":"","overlay-opacity":"","overlay-gradient":""}},"footnotes":""},"categories":[],"tags":[],"class_list":["post-244470","page","type-page","status-publish","hentry"],"yoast_head":"<!-- This site is optimized with the Yoast SEO Premium plugin v26.6 (Yoast SEO v26.6) - https:\/\/yoast.com\/wordpress\/plugins\/seo\/ -->\n<title>Go Bond - Miami New Drama at Collins Park Garage - City of Miami Beach<\/title>\n<meta name=\"description\" content=\"%\" \/>\n<meta name=\"robots\" content=\"index, follow, max-snippet:-1, max-image-preview:large, max-video-preview:-1\" \/>\n<link rel=\"canonical\" href=\"https:\/\/www.miamibeachfl.gov\/de\/gobond-arts2022\/miami-new-drama-at-collins-park-garage-go-bond\/\" \/>\n<meta property=\"og:locale\" content=\"de_DE\" \/>\n<meta property=\"og:type\" content=\"article\" \/>\n<meta property=\"og:title\" content=\"Go Bond - Miami New Drama at Collins Park Garage\" \/>\n<meta property=\"og:description\" content=\"%\" \/>\n<meta property=\"og:url\" content=\"https:\/\/www.miamibeachfl.gov\/de\/gobond-arts2022\/miami-new-drama-at-collins-park-garage-go-bond\/\" \/>\n<meta property=\"og:site_name\" content=\"City of Miami Beach\" \/>\n<meta property=\"article:publisher\" content=\"https:\/\/www.facebook.com\/cityofmiamibeach\" \/>\n<meta property=\"article:modified_time\" content=\"2025-06-05T01:57:06+00:00\" \/>\n<meta property=\"og:image\" content=\"https:\/\/www.miamibeachfl.gov\/wp-content\/uploads\/2024\/01\/1000pxSquare-miamibeach-aerial-southpointview.jpeg\" \/>\n\t<meta property=\"og:image:width\" content=\"1000\" \/>\n\t<meta property=\"og:image:height\" content=\"1000\" \/>\n\t<meta property=\"og:image:type\" content=\"image\/jpeg\" \/>\n<meta name=\"twitter:card\" content=\"summary_large_image\" \/>\n<meta name=\"twitter:site\" content=\"@Miamibeachnews\" \/>\n<script type=\"application\/ld+json\" class=\"yoast-schema-graph\">{\"@context\":\"https:\/\/schema.org\",\"@graph\":[{\"@type\":\"WebPage\",\"@id\":\"https:\/\/www.miamibeachfl.gov\/gobond-arts2022\/miami-new-drama-at-collins-park-garage-go-bond\/\",\"url\":\"https:\/\/www.miamibeachfl.gov\/gobond-arts2022\/miami-new-drama-at-collins-park-garage-go-bond\/\",\"name\":\"Go Bond - Miami New Drama at Collins Park Garage - City of Miami Beach\",\"isPartOf\":{\"@id\":\"https:\/\/www.miamibeachfl.gov\/#website\"},\"datePublished\":\"2023-01-30T13:02:35+00:00\",\"dateModified\":\"2025-06-05T01:57:06+00:00\",\"description\":\"%\",\"breadcrumb\":{\"@id\":\"https:\/\/www.miamibeachfl.gov\/gobond-arts2022\/miami-new-drama-at-collins-park-garage-go-bond\/#breadcrumb\"},\"inLanguage\":\"de\",\"potentialAction\":[{\"@type\":\"ReadAction\",\"target\":[\"https:\/\/www.miamibeachfl.gov\/gobond-arts2022\/miami-new-drama-at-collins-park-garage-go-bond\/\"]}]},{\"@type\":\"BreadcrumbList\",\"@id\":\"https:\/\/www.miamibeachfl.gov\/gobond-arts2022\/miami-new-drama-at-collins-park-garage-go-bond\/#breadcrumb\",\"itemListElement\":[{\"@type\":\"ListItem\",\"position\":1,\"name\":\"Home\",\"item\":\"https:\/\/www.miamibeachfl.gov\/\"},{\"@type\":\"ListItem\",\"position\":2,\"name\":\"GO Bond Arts 2022\",\"item\":\"https:\/\/www.miamibeachfl.gov\/gobond-arts2022\/\"},{\"@type\":\"ListItem\",\"position\":3,\"name\":\"Go Bond &#8211; Miami New Drama at Collins Park Garage\"}]},{\"@type\":\"WebSite\",\"@id\":\"https:\/\/www.miamibeachfl.gov\/#website\",\"url\":\"https:\/\/www.miamibeachfl.gov\/\",\"name\":\"City of Miami Beach\",\"description\":\"The official website of the City of Miami Beach. Stay informed, find important information on city services, news, alerts, events, trolley routes, government employment and more.\",\"publisher\":{\"@id\":\"https:\/\/www.miamibeachfl.gov\/#organization\"},\"potentialAction\":[{\"@type\":\"SearchAction\",\"target\":{\"@type\":\"EntryPoint\",\"urlTemplate\":\"https:\/\/www.miamibeachfl.gov\/?s={search_term_string}\"},\"query-input\":{\"@type\":\"PropertyValueSpecification\",\"valueRequired\":true,\"valueName\":\"search_term_string\"}}],\"inLanguage\":\"de\"},{\"@type\":\"Organization\",\"@id\":\"https:\/\/www.miamibeachfl.gov\/#organization\",\"name\":\"City of Miami Beach\",\"url\":\"https:\/\/www.miamibeachfl.gov\/\",\"logo\":{\"@type\":\"ImageObject\",\"inLanguage\":\"de\",\"@id\":\"https:\/\/www.miamibeachfl.gov\/#\/schema\/logo\/image\/\",\"url\":\"https:\/\/www.miamibeachfl.gov\/wp-content\/uploads\/2022\/06\/miamibeach-logoblue.png\",\"contentUrl\":\"https:\/\/www.miamibeachfl.gov\/wp-content\/uploads\/2022\/06\/miamibeach-logoblue.png\",\"width\":1962,\"height\":381,\"caption\":\"City of Miami Beach\"},\"image\":{\"@id\":\"https:\/\/www.miamibeachfl.gov\/#\/schema\/logo\/image\/\"},\"sameAs\":[\"https:\/\/www.facebook.com\/cityofmiamibeach\",\"https:\/\/x.com\/Miamibeachnews\",\"https:\/\/www.instagram.com\/miamibeachnews\/\"],\"description\":\"The official website of the City of Miami Beach. Stay informed, find important information on city services, news, alerts, events, trolley routes, government employment and more.\",\"telephone\":\"305.604.CITY(2489)\",\"legalName\":\"City of Miami Beach\"}]}<\/script>\n<!-- \/ Yoast SEO Premium plugin. -->","yoast_head_json":{"title":"Go Bond \u2013 Miamis neues Drama im Collins Park Garage \u2013 City of Miami Beach","description":"%","robots":{"index":"index","follow":"follow","max-snippet":"max-snippet:-1","max-image-preview":"max-image-preview:large","max-video-preview":"max-video-preview:-1"},"canonical":"https:\/\/www.miamibeachfl.gov\/de\/gobond-arts2022\/miami-new-drama-at-collins-park-garage-go-bond\/","og_locale":"de_DE","og_type":"article","og_title":"Go Bond - Miami New Drama at Collins Park Garage","og_description":"%","og_url":"https:\/\/www.miamibeachfl.gov\/de\/gobond-arts2022\/miami-new-drama-at-collins-park-garage-go-bond\/","og_site_name":"City of Miami Beach","article_publisher":"https:\/\/www.facebook.com\/cityofmiamibeach","article_modified_time":"2025-06-05T01:57:06+00:00","og_image":[{"width":1000,"height":1000,"url":"https:\/\/www.miamibeachfl.gov\/wp-content\/uploads\/2024\/01\/1000pxSquare-miamibeach-aerial-southpointview.jpeg","type":"image\/jpeg"}],"twitter_card":"summary_large_image","twitter_site":"@Miamibeachnews","schema":{"@context":"https:\/\/schema.org","@graph":[{"@type":"WebPage","@id":"https:\/\/www.miamibeachfl.gov\/gobond-arts2022\/miami-new-drama-at-collins-park-garage-go-bond\/","url":"https:\/\/www.miamibeachfl.gov\/gobond-arts2022\/miami-new-drama-at-collins-park-garage-go-bond\/","name":"Go Bond \u2013 Miamis neues Drama im Collins Park Garage \u2013 City of Miami Beach","isPartOf":{"@id":"https:\/\/www.miamibeachfl.gov\/#website"},"datePublished":"2023-01-30T13:02:35+00:00","dateModified":"2025-06-05T01:57:06+00:00","description":"%","breadcrumb":{"@id":"https:\/\/www.miamibeachfl.gov\/gobond-arts2022\/miami-new-drama-at-collins-park-garage-go-bond\/#breadcrumb"},"inLanguage":"de","potentialAction":[{"@type":"ReadAction","target":["https:\/\/www.miamibeachfl.gov\/gobond-arts2022\/miami-new-drama-at-collins-park-garage-go-bond\/"]}]},{"@type":"BreadcrumbList","@id":"https:\/\/www.miamibeachfl.gov\/gobond-arts2022\/miami-new-drama-at-collins-park-garage-go-bond\/#breadcrumb","itemListElement":[{"@type":"ListItem","position":1,"name":"Home","item":"https:\/\/www.miamibeachfl.gov\/"},{"@type":"ListItem","position":2,"name":"GO Bond Arts 2022","item":"https:\/\/www.miamibeachfl.gov\/gobond-arts2022\/"},{"@type":"ListItem","position":3,"name":"Go Bond &#8211; Miami New Drama at Collins Park Garage"}]},{"@type":"WebSite","@id":"https:\/\/www.miamibeachfl.gov\/#website","url":"https:\/\/www.miamibeachfl.gov\/","name":"Stadt Miami Beach","description":"Die offizielle Website der Stadt Miami Beach. Bleiben Sie informiert und finden Sie wichtige Informationen zu st\u00e4dtischen Dienstleistungen, Neuigkeiten, Warnungen, Veranstaltungen, Stra\u00dfenbahnlinien, Stellenangeboten im \u00f6ffentlichen Dienst und mehr.","publisher":{"@id":"https:\/\/www.miamibeachfl.gov\/#organization"},"potentialAction":[{"@type":"SearchAction","target":{"@type":"EntryPoint","urlTemplate":"https:\/\/www.miamibeachfl.gov\/?s={search_term_string}"},"query-input":{"@type":"PropertyValueSpecification","valueRequired":true,"valueName":"search_term_string"}}],"inLanguage":"de"},{"@type":"Organization","@id":"https:\/\/www.miamibeachfl.gov\/#organization","name":"Stadt Miami Beach","url":"https:\/\/www.miamibeachfl.gov\/","logo":{"@type":"ImageObject","inLanguage":"de","@id":"https:\/\/www.miamibeachfl.gov\/#\/schema\/logo\/image\/","url":"https:\/\/www.miamibeachfl.gov\/wp-content\/uploads\/2022\/06\/miamibeach-logoblue.png","contentUrl":"https:\/\/www.miamibeachfl.gov\/wp-content\/uploads\/2022\/06\/miamibeach-logoblue.png","width":1962,"height":381,"caption":"City of Miami Beach"},"image":{"@id":"https:\/\/www.miamibeachfl.gov\/#\/schema\/logo\/image\/"},"sameAs":["https:\/\/www.facebook.com\/cityofmiamibeach","https:\/\/x.com\/Miamibeachnews","https:\/\/www.instagram.com\/miamibeachnews\/"],"description":"Die offizielle Website der Stadt Miami Beach. Bleiben Sie informiert und finden Sie wichtige Informationen zu st\u00e4dtischen Dienstleistungen, Neuigkeiten, Warnungen, Veranstaltungen, Stra\u00dfenbahnlinien, Stellenangeboten im \u00f6ffentlichen Dienst und mehr.","telephone":"305.604.CITY(2489)","legalName":"City of Miami Beach"}]}},"_links":{"self":[{"href":"https:\/\/www.miamibeachfl.gov\/de\/wp-json\/wp\/v2\/pages\/244470","targetHints":{"allow":["GET"]}}],"collection":[{"href":"https:\/\/www.miamibeachfl.gov\/de\/wp-json\/wp\/v2\/pages"}],"about":[{"href":"https:\/\/www.miamibeachfl.gov\/de\/wp-json\/wp\/v2\/types\/page"}],"author":[{"embeddable":true,"href":"https:\/\/www.miamibeachfl.gov\/de\/wp-json\/wp\/v2\/users\/222"}],"replies":[{"embeddable":true,"href":"https:\/\/www.miamibeachfl.gov\/de\/wp-json\/wp\/v2\/comments?post=244470"}],"version-history":[{"count":0,"href":"https:\/\/www.miamibeachfl.gov\/de\/wp-json\/wp\/v2\/pages\/244470\/revisions"}],"up":[{"embeddable":true,"href":"https:\/\/www.miamibeachfl.gov\/de\/wp-json\/wp\/v2\/pages\/242175"}],"wp:attachment":[{"href":"https:\/\/www.miamibeachfl.gov\/de\/wp-json\/wp\/v2\/media?parent=244470"}],"wp:term":[{"taxonomy":"category","embeddable":true,"href":"https:\/\/www.miamibeachfl.gov\/de\/wp-json\/wp\/v2\/categories?post=244470"},{"taxonomy":"post_tag","embeddable":true,"href":"https:\/\/www.miamibeachfl.gov\/de\/wp-json\/wp\/v2\/tags?post=244470"}],"curies":[{"name":"wp","href":"https:\/\/api.w.org\/{rel}","templated":true}]}}