{"id":247293,"date":"2023-02-14T14:07:56","date_gmt":"2023-02-14T19:07:56","guid":{"rendered":"https:\/\/www.miamibeachfl.gov\/?page_id=247293"},"modified":"2025-06-02T22:09:57","modified_gmt":"2025-06-03T02:09:57","slug":"feb-2023-business-spotlight","status":"publish","type":"page","link":"https:\/\/www.miamibeachfl.gov\/de\/spotlight\/feb-2023-business-spotlight\/","title":{"rendered":"Miami Beach Business Spotlight Bibi Art Media Inc"},"content":{"rendered":"<h5>\n\t\t<a href=\"https:\/\/www.miamibeachfl.gov\/de\/mbbiznews\/\" title=\"Abonnieren Sie hier, um den Wirtschaftsnewsletter der Stadt monatlich in Ihren Posteingang zu erhalten.\"  target=\"_blank\"  rel=\"noopener\">\n\t\t\tAbonnieren Sie hier, um den Wirtschaftsnewsletter der Stadt monatlich in Ihren Posteingang zu erhalten.\t\t<\/a>\n\t<\/h5>\n<h5>\n\t\t<a href=\"https:\/\/myemail.constantcontact.com\/Stay-connected-with-MB-Biz--.html?soid=1011085968389&#038;aid=S0mHBwwl4Fs\" title=\"Business Newsletter\"  target=\"_blank\"  rel=\"noopener\">\n\t\t\tBusiness Newsletter\t\t<\/a>\n\t<\/h5>\n<h2>\n\t\t\tBibi Art Media, Inc\t<\/h2>\n\t\t\t\t<img decoding=\"async\" src=\"https:\/\/www.miamibeachfl.gov\/wp-content\/uploads\/2023\/02\/Bibi-Image-scaled.jpg\" alt=\"Bibi Art Media Inc\" itemprop=\"image\" title=\"Bibi Bild\" onerror=\"this.style.display='none'\" loading='lazy' \/>\n\t<p><strong>Name:<\/strong> Brigitte Andrade<\/p>\n<p><strong>Geburtsort:<\/strong> Orange, New Jersey<\/p>\n<p><strong>In welcher Stadt leben Sie jetzt? <\/strong>\u00a0\u00a0Ich lebe seit 30 Jahren in Miami Beach!<\/p>\n<p><strong>Erz\u00e4hlen Sie uns etwas \u00fcber sich<\/strong><\/p>\n<p>Ich bin eine vielseitig begabte Fachfrau mit Erfahrung in den Bereichen Verlagswesen, Kunst, Schreiben und Mode. Nach meinem Abschluss am Fashion Institute of Technology in New York begann ich meine Karriere 1981 als Gesch\u00e4ftsf\u00fchrerin von Beauty Bookings. Ich war verantwortlich f\u00fcr die Betreuung von K\u00fcnstlern und Mitarbeitern der ersten und gr\u00f6\u00dften Make-up-, Haar- und Fotoagentur in New York City. Ende der 80er Jahre gr\u00fcndete ich Brigitte Inc., eine Produktionsfirma, die Dienstleistungen wie Printwerbung, Katalogproduktion und TV-Spots f\u00fcr Werbeagenturen und Kabelfernsehen, Budgetierung, Terminplanung und Filmschnitt anbietet.<\/p>\n<p>Anfang der 90er Jahre zog ich nach Miami Beach und beschloss, meiner Leidenschaft f\u00fcr die Kunst nachzugehen. Hier bl\u00fchte meine k\u00fcnstlerische Karriere auf und ich konnte meine Kreativit\u00e4t voll ausleben. 1999 schuf ich die erfolgreiche Comic-Reihe \u201eDie Abenteuer von Bibi &amp; Friends\u201c. Als 2002 die Art Basel Miami Beach in Miami Beach er\u00f6ffnete, hatte ich bereits drei Jahre Comic-Erfahrung in meinem Portfolio, und meine Kunstwerke waren bereits zwei Jahre lang am Stand des Greater Miami and Miami Beach Convention and Visitors Bureau (GMCVB) ausgestellt. Die Vielseitigkeit der auf der Art Basel ausgestellten Kunst inspirierte mich dazu, Kunst zu verkaufen, und f\u00fchrte mich zur Gr\u00fcndung eines neuen Unternehmens: Bibi Art Media Inc., das Verlagswesen, Kunst und k\u00fcnstlerische Privatkoch-Events vereint.<\/p>\n<p>Ich freue mich auf einige spannende neue Projekte und habe, nachdem ich gesehen habe, wie merkw\u00fcrdige Kunst f\u00fcr Millionen verkauft wird, beschlossen: \u201eDas k\u00f6nnte ich auch tun \u2026 ich kann auch Kunst verkaufen!\u201c Ich bin sicher, dass viele K\u00fcnstler das Gleiche denken.<\/p>\n<p><strong>Erz\u00e4hlen Sie uns von einer wichtigen Anerkennung, die Sie von der Stadt Miami Beach erhalten haben?<\/strong><\/p>\n<p>Am 18. Februar 2022 erhielt ich von der Stadt Miami Beach und dem Black Affairs Advisory Committee den 1. Black History Month Community Member Award f\u00fcr mein \u201eau\u00dfergew\u00f6hnliches Engagement und meine Hingabe f\u00fcr Kunst und Kultur in Miami Beach und der Welt\u201c. Diese Auszeichnung bedeutet mir viel, und ich war dankbar f\u00fcr die positive Resonanz der Miami Beach Community. Sie hat mir gro\u00dfe Freude bereitet!<\/p>\n<p>Ich bin eines der Gr\u00fcndungsmitglieder des Miami Beach Black Affairs Advisory Committee, das sich f\u00fcr Transparenz und Gerechtigkeit in Programmgestaltung, Beschaffung und Politik einsetzt. Dies inspirierte mich dazu, im neuen Bibi Book eine Seite zu gestalten, die die Programmgestaltung und die historische schwarze Diaspora in Miami Beach beleuchtet. Zu meinen gesellschaftlichen Beitr\u00e4gen f\u00fcr Miami Beach geh\u00f6ren auch meine Mitarbeit im Miami Beach Sister Cities Committee und im Miami Beach Arts Trust. Ich erhielt eine Auszeichnung von <em>Legacy-Magazin<\/em> als einer der \u201em\u00e4chtigsten und einflussreichsten schwarzen Wirtschaftsf\u00fchrer Miamis im Jahr 2022\u201c. Es erschien in der Power Issue, die am 17. April 2022 als Beilage in der <em>Miami Herald<\/em>.<\/p>\n<p>Ich habe meine Karriere jahrelang der Kunst gewidmet und 2015 das Centennial Comic Book f\u00fcr Miami Beach produziert. Ich habe die Website erstellt <em>Art December Miami <\/em>2008 wurde es f\u00fcr lokale K\u00fcnstler gegr\u00fcndet, um Kunstveranstaltungen zu teilen und der Community seit 14 Jahren kostenlose soziale Medien und Marketing zu bieten. Meine Freunde und ich lachen oft dar\u00fcber, der GOAT (Greatest of All Time) von Miami Beach zu sein, denn ich habe bis heute vier (4) Miami Beach-Proklamationen, einen Stadtschl\u00fcssel, eine Meisterschaftsmedaille, um nur einige zu nennen. Ich f\u00fchle mich dem\u00fctig und geehrt.<\/p>\n<p><strong>Herzlichen Gl\u00fcckwunsch zum Gewinn der 7.<sup>th<\/sup> J\u00e4hrlicher \u201eArt of Black Cover\u201c-Wettbewerb, pr\u00e4sentiert vom Greater Miami and Miami Beach Convention &amp; Visitors Bureau (GMCVB) und dem MIA-Magazin! Erz\u00e4hlen Sie uns davon!<\/strong><\/p>\n<p>Der Gewinn dieses Wettbewerbs kam v\u00f6llig \u00fcberraschend. Ich meldete mich erst im letzten Moment an, nachdem ich eine E-Mail erhalten hatte, und hatte nur wenige Tage Zeit, mein Werk einzureichen. Ich gestaltete \u201eSerenity\u201c innerhalb von zwei (2) Tagen und reichte es ohne Erwartungen ein. Ich war so \u00fcberrascht, als das Telefon klingelte und ich gewann! Das Cover erschien als Beilage in der <em>Miami Herald<\/em> Und <em>Sonnenw\u00e4chter<\/em> W\u00e4hrend der Art Basel Miami Beach und der Art Week 2021 erhielt er eine fantastische Berichterstattung f\u00fcr einen K\u00fcnstler und war mit einem sch\u00f6nen Preis verbunden. Die Scheck\u00fcbergabe fand am 9. Februar 2022 im Historic Lyric Theater in Overtown statt.<\/p>\n<p><strong>Was war Ihre Inspiration f\u00fcr Serenity?<\/strong><\/p>\n<p>Mein erster Gedanke war, dass es ein Cover-Wettbewerb ist und ich \u00fcberlegte, was auf dem Cover einer Zeitschrift gut aussehen w\u00fcrde. Ich habe 17 Cover meiner Comic-Reihe \u201eDie Abenteuer von Bibi &amp; ihren Freunden\u201c ver\u00f6ffentlicht, also habe ich damit angefangen. W\u00e4hrend der Pandemie 2020\/21 habe ich viel digitale Kunst geschaffen und versucht, etwas Auff\u00e4lliges und Farbenfrohes zu schaffen. Ein w\u00e4hrend der Pandemie entstandenes Werk wurde zur Grundlage von \u201eSerenity\u201c. Ich erinnere mich an diesen Tag, weil ich in einem unglaublich kreativen Energiefluss war und alles zu meinen Gunsten lief. Mein erstes \u201eSerenity\u201c-Kunstwerk auf Aluminium habe ich bereits verkauft!<\/p>\n<p><strong>Gibt es andere interessante Projekte, an denen Sie arbeiten?<\/strong><\/p>\n<p>Meine neue Ausgabe von \u201eDie Abenteuer von Bibi &amp; ihren Freunden\u201c erscheint Anfang M\u00e4rz 2023, um das 24-j\u00e4hrige Jubil\u00e4um der Comic-Reihe zu feiern. Ich freue mich auf diese Ausgabe, da sie wunderbare neue Veranstaltungen und kulturelle Angebote in Miami Beach enth\u00e4lt. Au\u00dferdem bin ich zum zweiten Mal als lokaler Influencer in der Werbekampagne \u201eTake Care of Our City\u201c von Miami Beach und GMCVB vertreten. Meine Kunst und mein Merchandise finden Sie unter <strong><a href=\"https:\/\/www.theadventuresofbibiandfriends.com\/shop\">Bibi Museum Store<\/a><\/strong>, mit individuellen Sneakers und Taschen \u2013 die sind der Renner! Ich hatte die Idee, die Comicfiguren auf individuelle Sneakers zu drucken, damit meine Freunde sich selbst pr\u00e4sentieren k\u00f6nnen, und habe bereits Hunderte von echten Menschen aus Miami Beach illustriert. Es sind noch weitere spannende Projekte in Planung, die ich aber noch nicht verraten kann \u2013 bleibt dran!<\/p>\n<p><strong>Sie hatten k\u00fcrzlich auch eine Museumsausstellung in Miami?<\/strong><\/p>\n<p>Es war mir eine Ehre, meine Arbeit auszustellen auf der <em>HistoryMiami Museum<\/em> vier (4) Monate lang feierte ich 22 Jahre \u201eDie Abenteuer von Bibi &amp; Friends\u201c-Comics. Die Ausstellung war Teil der Art Week Miami. Sie bot einen Schnappschuss von Miami Beach und pr\u00e4sentierte eine Sammlung verschiedener Seiten aus den \u201eDie Abenteuer von Bibi &amp; Friends\u201c-Comics. Viele der in den Comics gezeigten Orte sind heute Teil einer unglaublichen Geschichte von Miami Beach. Es ist meine Art, Freunden und Orten, die mir wichtig sind, Tribut zu zollen. Die Ausstellung zeigte den \u201eMiami Marine Stadium Bibi Chair\u201c, den ich in Zusammenarbeit mit dem Projekt \u201eIf Seats Could Talk\u201c zur Unterst\u00fctzung der Restaurierung des Miami Marine Stadiums entworfen habe. 2017 wurden die Originalsitze an verschiedene K\u00fcnstler verschenkt, damit diese, gef\u00f6rdert von der Stadt Miami, neue Kunstwerke schaffen konnten. Ich war begeistert, dass dies mein 2.<sup>und<\/sup> zeigt bei der <em>HistoryMiami Museum<\/em>In meinem ersten Werk ging es um den legend\u00e4ren Soul-Musiker Sam Moore, zusammen mit einigen Kunstwerken aus einem Buch, an dem ich seit mehreren Jahren arbeite. Ich sch\u00e4tze mich gl\u00fccklich, bereits 22 hochkar\u00e4tige Ausstellungen gehabt zu haben, und es werden immer mehr.<\/p>\n<p><strong>Stellen Sie derzeit irgendwo aus?<\/strong><\/p>\n<p>Ich habe eine aktuelle Ausstellung in \u201eNathan&#039;s Video Bar\u201c in der Washington Avenue, die bis Ende Februar 2023 l\u00e4uft. Au\u00dferdem stelle ich Kunst aus in <em>\u00d6stlich von Collins Realty &amp; Expediting<\/em> in Aventura, FL und die Kunst kann online angesehen werden.<\/p>\n<p><strong>Wo k\u00f6nnen wir Sie in den sozialen Medien finden?<\/strong><\/p>\n<p>Besuchen Sie meine Website www.theadventuresofbibiandfriends.com oder folgen Sie @Bibiadventures auf Instagram. Einen Vorgeschmack auf das kommende Buch und die Kunst von Sam Moore gibt es au\u00dferdem auf www.soulmanart.com.<\/p>\n<p>&nbsp;<\/p>","protected":false},"excerpt":{"rendered":"<p>Subscribe here to receive the City&#8217;s business newsletter to your inbox monthly. Business Newsletter Bibi Art Media, Inc Name: Brigitte [&hellip;]<\/p>\n","protected":false},"author":222,"featured_media":0,"parent":253255,"menu_order":0,"comment_status":"closed","ping_status":"closed","template":"","meta":{"_searchwp_excluded":"","site-sidebar-layout":"default","site-content-layout":"","ast-site-content-layout":"default","site-content-style":"default","site-sidebar-style":"default","ast-global-header-display":"","ast-banner-title-visibility":"","ast-main-header-display":"","ast-hfb-above-header-display":"","ast-hfb-below-header-display":"","ast-hfb-mobile-header-display":"","site-post-title":"","ast-breadcrumbs-content":"","ast-featured-img":"","footer-sml-layout":"","ast-disable-related-posts":"","theme-transparent-header-meta":"","adv-header-id-meta":"","stick-header-meta":"","header-above-stick-meta":"","header-main-stick-meta":"","header-below-stick-meta":"","astra-migrate-meta-layouts":"default","ast-page-background-enabled":"default","ast-page-background-meta":{"desktop":{"background-color":"var(--ast-global-color-5)","background-image":"","background-repeat":"repeat","background-position":"center center","background-size":"auto","background-attachment":"scroll","background-type":"","background-media":"","overlay-type":"","overlay-color":"","overlay-opacity":"","overlay-gradient":""},"tablet":{"background-color":"","background-image":"","background-repeat":"repeat","background-position":"center center","background-size":"auto","background-attachment":"scroll","background-type":"","background-media":"","overlay-type":"","overlay-color":"","overlay-opacity":"","overlay-gradient":""},"mobile":{"background-color":"","background-image":"","background-repeat":"repeat","background-position":"center center","background-size":"auto","background-attachment":"scroll","background-type":"","background-media":"","overlay-type":"","overlay-color":"","overlay-opacity":"","overlay-gradient":""}},"ast-content-background-meta":{"desktop":{"background-color":"var(--ast-global-color-4)","background-image":"","background-repeat":"repeat","background-position":"center center","background-size":"auto","background-attachment":"scroll","background-type":"","background-media":"","overlay-type":"","overlay-color":"","overlay-opacity":"","overlay-gradient":""},"tablet":{"background-color":"var(--ast-global-color-4)","background-image":"","background-repeat":"repeat","background-position":"center center","background-size":"auto","background-attachment":"scroll","background-type":"","background-media":"","overlay-type":"","overlay-color":"","overlay-opacity":"","overlay-gradient":""},"mobile":{"background-color":"var(--ast-global-color-4)","background-image":"","background-repeat":"repeat","background-position":"center center","background-size":"auto","background-attachment":"scroll","background-type":"","background-media":"","overlay-type":"","overlay-color":"","overlay-opacity":"","overlay-gradient":""}},"footnotes":""},"categories":[],"tags":[],"class_list":["post-247293","page","type-page","status-publish","hentry"],"yoast_head":"<!-- This site is optimized with the Yoast SEO Premium plugin v27.4 (Yoast SEO v27.4) - https:\/\/yoast.com\/product\/yoast-seo-premium-wordpress\/ -->\n<title>Miami Beach Business Spotlight Bibi Art Media Inc - City of Miami Beach<\/title>\n<meta name=\"description\" content=\"%\" \/>\n<meta name=\"robots\" content=\"index, follow, max-snippet:-1, max-image-preview:large, max-video-preview:-1\" \/>\n<link rel=\"canonical\" href=\"https:\/\/www.miamibeachfl.gov\/de\/spotlight\/feb-2023-business-spotlight\/\" \/>\n<meta property=\"og:locale\" content=\"de_DE\" \/>\n<meta property=\"og:type\" content=\"article\" \/>\n<meta property=\"og:title\" content=\"Miami Beach Business Spotlight Bibi Art Media Inc\" \/>\n<meta property=\"og:description\" content=\"%\" \/>\n<meta property=\"og:url\" content=\"https:\/\/www.miamibeachfl.gov\/de\/spotlight\/feb-2023-business-spotlight\/\" \/>\n<meta property=\"og:site_name\" content=\"City of Miami Beach\" \/>\n<meta property=\"article:publisher\" content=\"https:\/\/www.facebook.com\/cityofmiamibeach\" \/>\n<meta property=\"article:modified_time\" content=\"2025-06-03T02:09:57+00:00\" \/>\n<meta property=\"og:image\" content=\"https:\/\/www.miamibeachfl.gov\/wp-content\/uploads\/2023\/02\/Bibi-Image-scaled.jpg\" \/>\n<meta name=\"twitter:card\" content=\"summary_large_image\" \/>\n<meta name=\"twitter:site\" content=\"@Miamibeachnews\" \/>\n<script type=\"application\/ld+json\" class=\"yoast-schema-graph\">{\"@context\":\"https:\\\/\\\/schema.org\",\"@graph\":[{\"@type\":\"WebPage\",\"@id\":\"https:\\\/\\\/www.miamibeachfl.gov\\\/spotlight\\\/feb-2023-business-spotlight\\\/\",\"url\":\"https:\\\/\\\/www.miamibeachfl.gov\\\/spotlight\\\/feb-2023-business-spotlight\\\/\",\"name\":\"Miami Beach Business Spotlight Bibi Art Media Inc - City of Miami Beach\",\"isPartOf\":{\"@id\":\"https:\\\/\\\/www.miamibeachfl.gov\\\/#website\"},\"primaryImageOfPage\":{\"@id\":\"https:\\\/\\\/www.miamibeachfl.gov\\\/spotlight\\\/feb-2023-business-spotlight\\\/#primaryimage\"},\"image\":{\"@id\":\"https:\\\/\\\/www.miamibeachfl.gov\\\/spotlight\\\/feb-2023-business-spotlight\\\/#primaryimage\"},\"thumbnailUrl\":\"https:\\\/\\\/www.miamibeachfl.gov\\\/wp-content\\\/uploads\\\/2023\\\/02\\\/Bibi-Image-scaled.jpg\",\"datePublished\":\"2023-02-14T19:07:56+00:00\",\"dateModified\":\"2025-06-03T02:09:57+00:00\",\"description\":\"%\",\"breadcrumb\":{\"@id\":\"https:\\\/\\\/www.miamibeachfl.gov\\\/spotlight\\\/feb-2023-business-spotlight\\\/#breadcrumb\"},\"inLanguage\":\"de\",\"potentialAction\":[{\"@type\":\"ReadAction\",\"target\":[\"https:\\\/\\\/www.miamibeachfl.gov\\\/spotlight\\\/feb-2023-business-spotlight\\\/\"]}]},{\"@type\":\"ImageObject\",\"inLanguage\":\"de\",\"@id\":\"https:\\\/\\\/www.miamibeachfl.gov\\\/spotlight\\\/feb-2023-business-spotlight\\\/#primaryimage\",\"url\":\"https:\\\/\\\/www.miamibeachfl.gov\\\/wp-content\\\/uploads\\\/2023\\\/02\\\/Bibi-Image-scaled.jpg\",\"contentUrl\":\"https:\\\/\\\/www.miamibeachfl.gov\\\/wp-content\\\/uploads\\\/2023\\\/02\\\/Bibi-Image-scaled.jpg\"},{\"@type\":\"BreadcrumbList\",\"@id\":\"https:\\\/\\\/www.miamibeachfl.gov\\\/spotlight\\\/feb-2023-business-spotlight\\\/#breadcrumb\",\"itemListElement\":[{\"@type\":\"ListItem\",\"position\":1,\"name\":\"Home\",\"item\":\"https:\\\/\\\/www.miamibeachfl.gov\\\/\"},{\"@type\":\"ListItem\",\"position\":2,\"name\":\"Business Newsletters and Spotlights\",\"item\":\"https:\\\/\\\/www.miamibeachfl.gov\\\/spotlight\\\/\"},{\"@type\":\"ListItem\",\"position\":3,\"name\":\"Miami Beach Business Spotlight Bibi Art Media Inc\"}]},{\"@type\":\"WebSite\",\"@id\":\"https:\\\/\\\/www.miamibeachfl.gov\\\/#website\",\"url\":\"https:\\\/\\\/www.miamibeachfl.gov\\\/\",\"name\":\"City of Miami Beach\",\"description\":\"The official website of the City of Miami Beach. Stay informed, find important information on city services, news, alerts, events, trolley routes, government employment and more.\",\"publisher\":{\"@id\":\"https:\\\/\\\/www.miamibeachfl.gov\\\/#organization\"},\"potentialAction\":[{\"@type\":\"SearchAction\",\"target\":{\"@type\":\"EntryPoint\",\"urlTemplate\":\"https:\\\/\\\/www.miamibeachfl.gov\\\/?s={search_term_string}\"},\"query-input\":{\"@type\":\"PropertyValueSpecification\",\"valueRequired\":true,\"valueName\":\"search_term_string\"}}],\"inLanguage\":\"de\"},{\"@type\":\"Organization\",\"@id\":\"https:\\\/\\\/www.miamibeachfl.gov\\\/#organization\",\"name\":\"City of Miami Beach\",\"url\":\"https:\\\/\\\/www.miamibeachfl.gov\\\/\",\"logo\":{\"@type\":\"ImageObject\",\"inLanguage\":\"de\",\"@id\":\"https:\\\/\\\/www.miamibeachfl.gov\\\/#\\\/schema\\\/logo\\\/image\\\/\",\"url\":\"https:\\\/\\\/www.miamibeachfl.gov\\\/wp-content\\\/uploads\\\/2022\\\/06\\\/miamibeach-logoblue.png\",\"contentUrl\":\"https:\\\/\\\/www.miamibeachfl.gov\\\/wp-content\\\/uploads\\\/2022\\\/06\\\/miamibeach-logoblue.png\",\"width\":1962,\"height\":381,\"caption\":\"City of Miami Beach\"},\"image\":{\"@id\":\"https:\\\/\\\/www.miamibeachfl.gov\\\/#\\\/schema\\\/logo\\\/image\\\/\"},\"sameAs\":[\"https:\\\/\\\/www.facebook.com\\\/cityofmiamibeach\",\"https:\\\/\\\/x.com\\\/Miamibeachnews\",\"https:\\\/\\\/www.instagram.com\\\/miamibeachnews\\\/\"],\"description\":\"The official website of the City of Miami Beach. Stay informed, find important information on city services, news, alerts, events, trolley routes, government employment and more.\",\"telephone\":\"305.604.CITY(2489)\",\"legalName\":\"City of Miami Beach\"}]}<\/script>\n<!-- \/ Yoast SEO Premium plugin. -->","yoast_head_json":{"title":"Miami Beach Business Spotlight Bibi Art Media Inc - City of Miami Beach","description":"%","robots":{"index":"index","follow":"follow","max-snippet":"max-snippet:-1","max-image-preview":"max-image-preview:large","max-video-preview":"max-video-preview:-1"},"canonical":"https:\/\/www.miamibeachfl.gov\/de\/spotlight\/feb-2023-business-spotlight\/","og_locale":"de_DE","og_type":"article","og_title":"Miami Beach Business Spotlight Bibi Art Media Inc","og_description":"%","og_url":"https:\/\/www.miamibeachfl.gov\/de\/spotlight\/feb-2023-business-spotlight\/","og_site_name":"City of Miami Beach","article_publisher":"https:\/\/www.facebook.com\/cityofmiamibeach","article_modified_time":"2025-06-03T02:09:57+00:00","og_image":[{"url":"https:\/\/www.miamibeachfl.gov\/wp-content\/uploads\/2023\/02\/Bibi-Image-scaled.jpg","type":"","width":"","height":""}],"twitter_card":"summary_large_image","twitter_site":"@Miamibeachnews","schema":{"@context":"https:\/\/schema.org","@graph":[{"@type":"WebPage","@id":"https:\/\/www.miamibeachfl.gov\/spotlight\/feb-2023-business-spotlight\/","url":"https:\/\/www.miamibeachfl.gov\/spotlight\/feb-2023-business-spotlight\/","name":"Miami Beach Business Spotlight Bibi Art Media Inc - City of Miami Beach","isPartOf":{"@id":"https:\/\/www.miamibeachfl.gov\/#website"},"primaryImageOfPage":{"@id":"https:\/\/www.miamibeachfl.gov\/spotlight\/feb-2023-business-spotlight\/#primaryimage"},"image":{"@id":"https:\/\/www.miamibeachfl.gov\/spotlight\/feb-2023-business-spotlight\/#primaryimage"},"thumbnailUrl":"https:\/\/www.miamibeachfl.gov\/wp-content\/uploads\/2023\/02\/Bibi-Image-scaled.jpg","datePublished":"2023-02-14T19:07:56+00:00","dateModified":"2025-06-03T02:09:57+00:00","description":"%","breadcrumb":{"@id":"https:\/\/www.miamibeachfl.gov\/spotlight\/feb-2023-business-spotlight\/#breadcrumb"},"inLanguage":"de","potentialAction":[{"@type":"ReadAction","target":["https:\/\/www.miamibeachfl.gov\/spotlight\/feb-2023-business-spotlight\/"]}]},{"@type":"ImageObject","inLanguage":"de","@id":"https:\/\/www.miamibeachfl.gov\/spotlight\/feb-2023-business-spotlight\/#primaryimage","url":"https:\/\/www.miamibeachfl.gov\/wp-content\/uploads\/2023\/02\/Bibi-Image-scaled.jpg","contentUrl":"https:\/\/www.miamibeachfl.gov\/wp-content\/uploads\/2023\/02\/Bibi-Image-scaled.jpg"},{"@type":"BreadcrumbList","@id":"https:\/\/www.miamibeachfl.gov\/spotlight\/feb-2023-business-spotlight\/#breadcrumb","itemListElement":[{"@type":"ListItem","position":1,"name":"Home","item":"https:\/\/www.miamibeachfl.gov\/"},{"@type":"ListItem","position":2,"name":"Business Newsletters and Spotlights","item":"https:\/\/www.miamibeachfl.gov\/spotlight\/"},{"@type":"ListItem","position":3,"name":"Miami Beach Business Spotlight Bibi Art Media Inc"}]},{"@type":"WebSite","@id":"https:\/\/www.miamibeachfl.gov\/#website","url":"https:\/\/www.miamibeachfl.gov\/","name":"Stadt Miami Beach","description":"Die offizielle Website der Stadt Miami Beach. Bleiben Sie informiert und finden Sie wichtige Informationen zu st\u00e4dtischen Dienstleistungen, Neuigkeiten, Warnungen, Veranstaltungen, Stra\u00dfenbahnlinien, Stellenangeboten im \u00f6ffentlichen Dienst und mehr.","publisher":{"@id":"https:\/\/www.miamibeachfl.gov\/#organization"},"potentialAction":[{"@type":"SearchAction","target":{"@type":"EntryPoint","urlTemplate":"https:\/\/www.miamibeachfl.gov\/?s={search_term_string}"},"query-input":{"@type":"PropertyValueSpecification","valueRequired":true,"valueName":"search_term_string"}}],"inLanguage":"de"},{"@type":"Organization","@id":"https:\/\/www.miamibeachfl.gov\/#organization","name":"Stadt Miami Beach","url":"https:\/\/www.miamibeachfl.gov\/","logo":{"@type":"ImageObject","inLanguage":"de","@id":"https:\/\/www.miamibeachfl.gov\/#\/schema\/logo\/image\/","url":"https:\/\/www.miamibeachfl.gov\/wp-content\/uploads\/2022\/06\/miamibeach-logoblue.png","contentUrl":"https:\/\/www.miamibeachfl.gov\/wp-content\/uploads\/2022\/06\/miamibeach-logoblue.png","width":1962,"height":381,"caption":"City of Miami Beach"},"image":{"@id":"https:\/\/www.miamibeachfl.gov\/#\/schema\/logo\/image\/"},"sameAs":["https:\/\/www.facebook.com\/cityofmiamibeach","https:\/\/x.com\/Miamibeachnews","https:\/\/www.instagram.com\/miamibeachnews\/"],"description":"Die offizielle Website der Stadt Miami Beach. Bleiben Sie informiert und finden Sie wichtige Informationen zu st\u00e4dtischen Dienstleistungen, Neuigkeiten, Warnungen, Veranstaltungen, Stra\u00dfenbahnlinien, Stellenangeboten im \u00f6ffentlichen Dienst und mehr.","telephone":"305.604.CITY(2489)","legalName":"City of Miami Beach"}]}},"_links":{"self":[{"href":"https:\/\/www.miamibeachfl.gov\/de\/wp-json\/wp\/v2\/pages\/247293","targetHints":{"allow":["GET"]}}],"collection":[{"href":"https:\/\/www.miamibeachfl.gov\/de\/wp-json\/wp\/v2\/pages"}],"about":[{"href":"https:\/\/www.miamibeachfl.gov\/de\/wp-json\/wp\/v2\/types\/page"}],"author":[{"embeddable":true,"href":"https:\/\/www.miamibeachfl.gov\/de\/wp-json\/wp\/v2\/users\/222"}],"replies":[{"embeddable":true,"href":"https:\/\/www.miamibeachfl.gov\/de\/wp-json\/wp\/v2\/comments?post=247293"}],"version-history":[{"count":1,"href":"https:\/\/www.miamibeachfl.gov\/de\/wp-json\/wp\/v2\/pages\/247293\/revisions"}],"predecessor-version":[{"id":375074,"href":"https:\/\/www.miamibeachfl.gov\/de\/wp-json\/wp\/v2\/pages\/247293\/revisions\/375074"}],"up":[{"embeddable":true,"href":"https:\/\/www.miamibeachfl.gov\/de\/wp-json\/wp\/v2\/pages\/253255"}],"wp:attachment":[{"href":"https:\/\/www.miamibeachfl.gov\/de\/wp-json\/wp\/v2\/media?parent=247293"}],"wp:term":[{"taxonomy":"category","embeddable":true,"href":"https:\/\/www.miamibeachfl.gov\/de\/wp-json\/wp\/v2\/categories?post=247293"},{"taxonomy":"post_tag","embeddable":true,"href":"https:\/\/www.miamibeachfl.gov\/de\/wp-json\/wp\/v2\/tags?post=247293"}],"curies":[{"name":"wp","href":"https:\/\/api.w.org\/{rel}","templated":true}]}}