{"id":253308,"date":"2023-03-21T09:11:53","date_gmt":"2023-03-21T13:11:53","guid":{"rendered":"https:\/\/www.miamibeachfl.gov\/city-hall\/city-clerk\/declaration-of-a-state-of-emergency-and-emergency-measures-march-2023-dangerous-criminal-conduct-public-disorder-and-unruly-crowds\/"},"modified":"2025-02-22T09:49:00","modified_gmt":"2025-02-22T14:49:00","slug":"declaration-of-a-state-of-emergency-and-emergency-measures-march-2023-dangerous-criminal-conduct-public-disorder-and-unruly-crowds","status":"publish","type":"page","link":"https:\/\/www.miamibeachfl.gov\/de\/city-hall\/city-clerk\/declaration-of-a-state-of-emergency-and-emergency-measures-march-2023-dangerous-criminal-conduct-public-disorder-and-unruly-crowds\/","title":{"rendered":"Erkl\u00e4rung des Ausnahmezustands und Notfallma\u00dfnahmen \u2013 M\u00e4rz 2023"},"content":{"rendered":"<img loading=\"lazy\" decoding=\"async\" src=\"https:\/\/www.miamibeachfl.gov\/wp-content\/uploads\/2022\/07\/hero-small.jpg\" alt=\"ocean drive art deco buildings\" itemprop=\"image\" height=\"211\" width=\"2395\" title=\"Held-klein\" onerror=\"this.style.display='none'\"  \/>\n<h1>\n\t\tErkl\u00e4rung des Ausnahmezustands und der Notfallma\u00dfnahmen \u2013 M\u00e4rz 2023\n\t<\/h1>\n\t<nav id=\"breadcrumbs\" aria-label=\"Paniermehl\"><a href=\"https:\/\/www.miamibeachfl.gov\/de\/\">Heim<\/a> &gt; <a href=\"https:\/\/www.miamibeachfl.gov\/de\/city-hall\/\">Rathaus<\/a> &gt; <a href=\"https:\/\/www.miamibeachfl.gov\/de\/city-hall\/city-clerk\/\">Stadtschreiber<\/a> &gt; <strong>Erkl\u00e4rung des Ausnahmezustands und Notfallma\u00dfnahmen \u2013 M\u00e4rz 2023<\/strong><\/nav>\n\t<ul>\n<li><a href=\"https:\/\/www.miamibeachfl.gov\/wp-content\/uploads\/2023\/03\/Declaration-of-a-State-of-Emergency-and-Emergency-Measures-March-2023-E.O.-No.-2023-02-1.pdf\">Erkl\u00e4rung des Ausnahmezustands und der Notfallma\u00dfnahmen mit Wirkung vom 23. M\u00e4rz 2023 bis zum 27. M\u00e4rz 2023 um 6:00 Uhr EO Nr. 2023-02<\/a><\/li>\n<li><a href=\"https:\/\/www.miamibeachfl.gov\/wp-content\/uploads\/2023\/03\/Resolution-2023-32487.pdf\">Resolution 2023-32487 bez\u00fcglich EO Nr. 2023-02<\/a><\/li>\n<li><a href=\"https:\/\/www.miamibeachfl.gov\/wp-content\/uploads\/2023\/03\/Declaration-of-a-State-of-Emergency-and-Emergency-Measures-March-2023-E.O.-No.-2023-01.pdf\">Erkl\u00e4rung des Ausnahmezustands und der Notfallma\u00dfnahmen G\u00fcltig von 13:00 Uhr, 19. M\u00e4rz 2023, bis 6:00 Uhr, 20. M\u00e4rz 2023 EO Nr. 2023-01<\/a><\/li>\n<\/ul>\n\t\tNavigieren Sie zu\u2026\t\t\t\n\t\t\t\t\t<ul id=\"menu-city-clerk-main-menu\"><li id=\"menu-item-363744\"><a href=\"https:\/\/www.miamibeachfl.gov\/de\/city-hall\/city-clerk\/boards-and-committees\/\">Gremien und Aussch\u00fcsse<\/a><\/li>\n<li id=\"menu-item-363745\"><a href=\"https:\/\/www.miamibeachfl.gov\/de\/city-hall\/city-clerk\/meetings-and-agendas\/\">Sitzungen und Tagesordnungen der Stadt Miami Beach<\/a><\/li>\n<li id=\"menu-item-363746\"><a href=\"https:\/\/www.miamibeachfl.gov\/de\/city-hall\/city-clerk\/discrimination-in-employment\/\">Diskriminierung am Arbeitsplatz<\/a><\/li>\n<li id=\"menu-item-363747\"><a href=\"https:\/\/www.miamibeachfl.gov\/de\/city-hall\/city-clerk\/election-information\/\">Wahlinformationen<\/a><\/li>\n<li id=\"menu-item-363748\"><a href=\"https:\/\/www.miamibeachfl.gov\/de\/city-hall\/city-clerk\/forms\/\">Formulare<\/a><\/li>\n<li id=\"menu-item-363749\"><a href=\"https:\/\/www.miamibeachfl.gov\/de\/city-hall\/city-clerk\/meeting-notices\/\">Rechtliche Anzeigen und \u00f6ffentliche Bekanntmachungen<\/a><\/li>\n<li id=\"menu-item-363750\"><a href=\"https:\/\/www.miamibeachfl.gov\/de\/city-hall\/city-clerk\/lobbyist-information\/\">Lobbyisteninformationen<\/a><\/li>\n<li id=\"menu-item-363751\"><a href=\"https:\/\/www.miamibeachfl.gov\/de\/city-hall\/city-clerk\/marriage-license\/\">Heiratsurkunde<\/a><\/li>\n<li id=\"menu-item-363752\"><a href=\"https:\/\/www.miamibeachfl.gov\/de\/city-hall\/city-clerk\/public-records-request\/\">\u00d6ffentliche Aufzeichnungen \/ Laserfiche<\/a><\/li>\n<li id=\"menu-item-363753\"><a href=\"https:\/\/www.miamibeachfl.gov\/de\/city-hall\/city-clerk\/public-records-portal\/\">Portal f\u00fcr \u00f6ffentliche Aufzeichnungen<\/a><\/li>\n<li id=\"menu-item-363754\"><a href=\"https:\/\/www.miamibeachfl.gov\/de\/city-hall\/city-clerk\/residents-right-to-know\/\">Recht der Bewohner auf Information<\/a><\/li>\n<li id=\"menu-item-363755\"><a href=\"https:\/\/www.miamibeachfl.gov\/de\/city-hall\/city-clerk\/special-magistrate\/\">Sonderrichter<\/a><\/li>\n<\/ul>\t\n\t<div class=\"page-navigation\"><a class=\"prev-page\" href=\"https:\/\/www.miamibeachfl.gov\/de\/city-hall\/city-clerk\/election-information\/special-election-to-fill-vancancy-runoff\/\">\u2190 Stichwahl zur Besetzung der offenen Stelle<\/a> <a class=\"next-page\" href=\"https:\/\/www.miamibeachfl.gov\/de\/city-hall\/office-of-budget-peformance\/budget\/budget-amendments-resolutions-fy-2024\/\">Haushalts\u00e4nderungen und -beschl\u00fcsse f\u00fcr das GJ 2024 \u2192<\/a><\/div>","protected":false},"excerpt":{"rendered":"<p>Erkl\u00e4rung des Ausnahmezustands und der Notfallma\u00dfnahmen \u2013 M\u00e4rz 2023 Startseite &gt; Rathaus &gt; Stadtschreiber &gt; Erkl\u00e4rung [\u2026]<\/p>","protected":false},"author":222,"featured_media":0,"parent":28337,"menu_order":85,"comment_status":"closed","ping_status":"closed","template":"page-blank.php","meta":{"_searchwp_excluded":"","site-sidebar-layout":"default","site-content-layout":"","ast-site-content-layout":"default","site-content-style":"default","site-sidebar-style":"default","ast-global-header-display":"","ast-banner-title-visibility":"","ast-main-header-display":"","ast-hfb-above-header-display":"","ast-hfb-below-header-display":"","ast-hfb-mobile-header-display":"","site-post-title":"","ast-breadcrumbs-content":"","ast-featured-img":"","footer-sml-layout":"","theme-transparent-header-meta":"","adv-header-id-meta":"","stick-header-meta":"","header-above-stick-meta":"","header-main-stick-meta":"","header-below-stick-meta":"","astra-migrate-meta-layouts":"default","ast-page-background-enabled":"default","ast-page-background-meta":{"desktop":{"background-color":"var(--ast-global-color-5)","background-image":"","background-repeat":"repeat","background-position":"center center","background-size":"auto","background-attachment":"scroll","background-type":"","background-media":"","overlay-type":"","overlay-color":"","overlay-opacity":"","overlay-gradient":""},"tablet":{"background-color":"","background-image":"","background-repeat":"repeat","background-position":"center center","background-size":"auto","background-attachment":"scroll","background-type":"","background-media":"","overlay-type":"","overlay-color":"","overlay-opacity":"","overlay-gradient":""},"mobile":{"background-color":"","background-image":"","background-repeat":"repeat","background-position":"center center","background-size":"auto","background-attachment":"scroll","background-type":"","background-media":"","overlay-type":"","overlay-color":"","overlay-opacity":"","overlay-gradient":""}},"ast-content-background-meta":{"desktop":{"background-color":"var(--ast-global-color-4)","background-image":"","background-repeat":"repeat","background-position":"center center","background-size":"auto","background-attachment":"scroll","background-type":"","background-media":"","overlay-type":"","overlay-color":"","overlay-opacity":"","overlay-gradient":""},"tablet":{"background-color":"var(--ast-global-color-4)","background-image":"","background-repeat":"repeat","background-position":"center center","background-size":"auto","background-attachment":"scroll","background-type":"","background-media":"","overlay-type":"","overlay-color":"","overlay-opacity":"","overlay-gradient":""},"mobile":{"background-color":"var(--ast-global-color-4)","background-image":"","background-repeat":"repeat","background-position":"center center","background-size":"auto","background-attachment":"scroll","background-type":"","background-media":"","overlay-type":"","overlay-color":"","overlay-opacity":"","overlay-gradient":""}},"footnotes":""},"categories":[],"tags":[],"class_list":["post-253308","page","type-page","status-publish","hentry"],"yoast_head":"<!-- This site is optimized with the Yoast SEO Premium plugin v26.6 (Yoast SEO v26.6) - https:\/\/yoast.com\/wordpress\/plugins\/seo\/ -->\n<title>Declaration of a state of emergency and emergency measures - March 2023 - City of Miami Beach<\/title>\n<meta name=\"description\" content=\"%\" \/>\n<meta name=\"robots\" content=\"index, follow, max-snippet:-1, max-image-preview:large, max-video-preview:-1\" \/>\n<link rel=\"canonical\" href=\"https:\/\/www.miamibeachfl.gov\/de\/city-hall\/city-clerk\/declaration-of-a-state-of-emergency-and-emergency-measures-march-2023-dangerous-criminal-conduct-public-disorder-and-unruly-crowds\/\" \/>\n<meta property=\"og:locale\" content=\"de_DE\" \/>\n<meta property=\"og:type\" content=\"article\" \/>\n<meta property=\"og:title\" content=\"Declaration of a state of emergency and emergency measures - March 2023\" \/>\n<meta property=\"og:description\" content=\"%\" \/>\n<meta property=\"og:url\" content=\"https:\/\/www.miamibeachfl.gov\/de\/city-hall\/city-clerk\/declaration-of-a-state-of-emergency-and-emergency-measures-march-2023-dangerous-criminal-conduct-public-disorder-and-unruly-crowds\/\" \/>\n<meta property=\"og:site_name\" content=\"City of Miami Beach\" \/>\n<meta property=\"article:publisher\" content=\"https:\/\/www.facebook.com\/cityofmiamibeach\" \/>\n<meta property=\"article:modified_time\" content=\"2025-02-22T14:49:00+00:00\" \/>\n<meta property=\"og:image\" content=\"https:\/\/www.miamibeachfl.gov\/wp-content\/uploads\/2022\/07\/hero-small.jpg\" \/>\n<meta name=\"twitter:card\" content=\"summary_large_image\" \/>\n<meta name=\"twitter:site\" content=\"@Miamibeachnews\" \/>\n<script type=\"application\/ld+json\" class=\"yoast-schema-graph\">{\"@context\":\"https:\/\/schema.org\",\"@graph\":[{\"@type\":\"WebPage\",\"@id\":\"https:\/\/www.miamibeachfl.gov\/city-hall\/city-clerk\/declaration-of-a-state-of-emergency-and-emergency-measures-march-2023-dangerous-criminal-conduct-public-disorder-and-unruly-crowds\/\",\"url\":\"https:\/\/www.miamibeachfl.gov\/city-hall\/city-clerk\/declaration-of-a-state-of-emergency-and-emergency-measures-march-2023-dangerous-criminal-conduct-public-disorder-and-unruly-crowds\/\",\"name\":\"Declaration of a state of emergency and emergency measures - March 2023 - City of Miami Beach\",\"isPartOf\":{\"@id\":\"https:\/\/www.miamibeachfl.gov\/#website\"},\"primaryImageOfPage\":{\"@id\":\"https:\/\/www.miamibeachfl.gov\/city-hall\/city-clerk\/declaration-of-a-state-of-emergency-and-emergency-measures-march-2023-dangerous-criminal-conduct-public-disorder-and-unruly-crowds\/#primaryimage\"},\"image\":{\"@id\":\"https:\/\/www.miamibeachfl.gov\/city-hall\/city-clerk\/declaration-of-a-state-of-emergency-and-emergency-measures-march-2023-dangerous-criminal-conduct-public-disorder-and-unruly-crowds\/#primaryimage\"},\"thumbnailUrl\":\"https:\/\/www.miamibeachfl.gov\/wp-content\/uploads\/2022\/07\/hero-small.jpg\",\"datePublished\":\"2023-03-21T13:11:53+00:00\",\"dateModified\":\"2025-02-22T14:49:00+00:00\",\"description\":\"%\",\"breadcrumb\":{\"@id\":\"https:\/\/www.miamibeachfl.gov\/city-hall\/city-clerk\/declaration-of-a-state-of-emergency-and-emergency-measures-march-2023-dangerous-criminal-conduct-public-disorder-and-unruly-crowds\/#breadcrumb\"},\"inLanguage\":\"de\",\"potentialAction\":[{\"@type\":\"ReadAction\",\"target\":[\"https:\/\/www.miamibeachfl.gov\/city-hall\/city-clerk\/declaration-of-a-state-of-emergency-and-emergency-measures-march-2023-dangerous-criminal-conduct-public-disorder-and-unruly-crowds\/\"]}]},{\"@type\":\"ImageObject\",\"inLanguage\":\"de\",\"@id\":\"https:\/\/www.miamibeachfl.gov\/city-hall\/city-clerk\/declaration-of-a-state-of-emergency-and-emergency-measures-march-2023-dangerous-criminal-conduct-public-disorder-and-unruly-crowds\/#primaryimage\",\"url\":\"https:\/\/www.miamibeachfl.gov\/wp-content\/uploads\/2022\/07\/hero-small.jpg\",\"contentUrl\":\"https:\/\/www.miamibeachfl.gov\/wp-content\/uploads\/2022\/07\/hero-small.jpg\"},{\"@type\":\"BreadcrumbList\",\"@id\":\"https:\/\/www.miamibeachfl.gov\/city-hall\/city-clerk\/declaration-of-a-state-of-emergency-and-emergency-measures-march-2023-dangerous-criminal-conduct-public-disorder-and-unruly-crowds\/#breadcrumb\",\"itemListElement\":[{\"@type\":\"ListItem\",\"position\":1,\"name\":\"Home\",\"item\":\"https:\/\/www.miamibeachfl.gov\/\"},{\"@type\":\"ListItem\",\"position\":2,\"name\":\"City Hall\",\"item\":\"https:\/\/www.miamibeachfl.gov\/city-hall\/\"},{\"@type\":\"ListItem\",\"position\":3,\"name\":\"City Clerk\",\"item\":\"https:\/\/www.miamibeachfl.gov\/city-hall\/city-clerk\/\"},{\"@type\":\"ListItem\",\"position\":4,\"name\":\"Declaration of a state of emergency and emergency measures &#8211; March 2023\"}]},{\"@type\":\"WebSite\",\"@id\":\"https:\/\/www.miamibeachfl.gov\/#website\",\"url\":\"https:\/\/www.miamibeachfl.gov\/\",\"name\":\"City of Miami Beach\",\"description\":\"The official website of the City of Miami Beach. Stay informed, find important information on city services, news, alerts, events, trolley routes, government employment and more.\",\"publisher\":{\"@id\":\"https:\/\/www.miamibeachfl.gov\/#organization\"},\"potentialAction\":[{\"@type\":\"SearchAction\",\"target\":{\"@type\":\"EntryPoint\",\"urlTemplate\":\"https:\/\/www.miamibeachfl.gov\/?s={search_term_string}\"},\"query-input\":{\"@type\":\"PropertyValueSpecification\",\"valueRequired\":true,\"valueName\":\"search_term_string\"}}],\"inLanguage\":\"de\"},{\"@type\":\"Organization\",\"@id\":\"https:\/\/www.miamibeachfl.gov\/#organization\",\"name\":\"City of Miami Beach\",\"url\":\"https:\/\/www.miamibeachfl.gov\/\",\"logo\":{\"@type\":\"ImageObject\",\"inLanguage\":\"de\",\"@id\":\"https:\/\/www.miamibeachfl.gov\/#\/schema\/logo\/image\/\",\"url\":\"https:\/\/www.miamibeachfl.gov\/wp-content\/uploads\/2022\/06\/miamibeach-logoblue.png\",\"contentUrl\":\"https:\/\/www.miamibeachfl.gov\/wp-content\/uploads\/2022\/06\/miamibeach-logoblue.png\",\"width\":1962,\"height\":381,\"caption\":\"City of Miami Beach\"},\"image\":{\"@id\":\"https:\/\/www.miamibeachfl.gov\/#\/schema\/logo\/image\/\"},\"sameAs\":[\"https:\/\/www.facebook.com\/cityofmiamibeach\",\"https:\/\/x.com\/Miamibeachnews\",\"https:\/\/www.instagram.com\/miamibeachnews\/\"],\"description\":\"The official website of the City of Miami Beach. Stay informed, find important information on city services, news, alerts, events, trolley routes, government employment and more.\",\"telephone\":\"305.604.CITY(2489)\",\"legalName\":\"City of Miami Beach\"}]}<\/script>\n<!-- \/ Yoast SEO Premium plugin. -->","yoast_head_json":{"title":"Erkl\u00e4rung des Ausnahmezustands und Notfallma\u00dfnahmen \u2013 M\u00e4rz 2023 \u2013 Stadt Miami Beach","description":"%","robots":{"index":"index","follow":"follow","max-snippet":"max-snippet:-1","max-image-preview":"max-image-preview:large","max-video-preview":"max-video-preview:-1"},"canonical":"https:\/\/www.miamibeachfl.gov\/de\/city-hall\/city-clerk\/declaration-of-a-state-of-emergency-and-emergency-measures-march-2023-dangerous-criminal-conduct-public-disorder-and-unruly-crowds\/","og_locale":"de_DE","og_type":"article","og_title":"Declaration of a state of emergency and emergency measures - March 2023","og_description":"%","og_url":"https:\/\/www.miamibeachfl.gov\/de\/city-hall\/city-clerk\/declaration-of-a-state-of-emergency-and-emergency-measures-march-2023-dangerous-criminal-conduct-public-disorder-and-unruly-crowds\/","og_site_name":"City of Miami Beach","article_publisher":"https:\/\/www.facebook.com\/cityofmiamibeach","article_modified_time":"2025-02-22T14:49:00+00:00","og_image":[{"url":"https:\/\/www.miamibeachfl.gov\/wp-content\/uploads\/2022\/07\/hero-small.jpg","type":"","width":"","height":""}],"twitter_card":"summary_large_image","twitter_site":"@Miamibeachnews","schema":{"@context":"https:\/\/schema.org","@graph":[{"@type":"WebPage","@id":"https:\/\/www.miamibeachfl.gov\/city-hall\/city-clerk\/declaration-of-a-state-of-emergency-and-emergency-measures-march-2023-dangerous-criminal-conduct-public-disorder-and-unruly-crowds\/","url":"https:\/\/www.miamibeachfl.gov\/city-hall\/city-clerk\/declaration-of-a-state-of-emergency-and-emergency-measures-march-2023-dangerous-criminal-conduct-public-disorder-and-unruly-crowds\/","name":"Erkl\u00e4rung des Ausnahmezustands und Notfallma\u00dfnahmen \u2013 M\u00e4rz 2023 \u2013 Stadt Miami Beach","isPartOf":{"@id":"https:\/\/www.miamibeachfl.gov\/#website"},"primaryImageOfPage":{"@id":"https:\/\/www.miamibeachfl.gov\/city-hall\/city-clerk\/declaration-of-a-state-of-emergency-and-emergency-measures-march-2023-dangerous-criminal-conduct-public-disorder-and-unruly-crowds\/#primaryimage"},"image":{"@id":"https:\/\/www.miamibeachfl.gov\/city-hall\/city-clerk\/declaration-of-a-state-of-emergency-and-emergency-measures-march-2023-dangerous-criminal-conduct-public-disorder-and-unruly-crowds\/#primaryimage"},"thumbnailUrl":"https:\/\/www.miamibeachfl.gov\/wp-content\/uploads\/2022\/07\/hero-small.jpg","datePublished":"2023-03-21T13:11:53+00:00","dateModified":"2025-02-22T14:49:00+00:00","description":"%","breadcrumb":{"@id":"https:\/\/www.miamibeachfl.gov\/city-hall\/city-clerk\/declaration-of-a-state-of-emergency-and-emergency-measures-march-2023-dangerous-criminal-conduct-public-disorder-and-unruly-crowds\/#breadcrumb"},"inLanguage":"de","potentialAction":[{"@type":"ReadAction","target":["https:\/\/www.miamibeachfl.gov\/city-hall\/city-clerk\/declaration-of-a-state-of-emergency-and-emergency-measures-march-2023-dangerous-criminal-conduct-public-disorder-and-unruly-crowds\/"]}]},{"@type":"ImageObject","inLanguage":"de","@id":"https:\/\/www.miamibeachfl.gov\/city-hall\/city-clerk\/declaration-of-a-state-of-emergency-and-emergency-measures-march-2023-dangerous-criminal-conduct-public-disorder-and-unruly-crowds\/#primaryimage","url":"https:\/\/www.miamibeachfl.gov\/wp-content\/uploads\/2022\/07\/hero-small.jpg","contentUrl":"https:\/\/www.miamibeachfl.gov\/wp-content\/uploads\/2022\/07\/hero-small.jpg"},{"@type":"BreadcrumbList","@id":"https:\/\/www.miamibeachfl.gov\/city-hall\/city-clerk\/declaration-of-a-state-of-emergency-and-emergency-measures-march-2023-dangerous-criminal-conduct-public-disorder-and-unruly-crowds\/#breadcrumb","itemListElement":[{"@type":"ListItem","position":1,"name":"Home","item":"https:\/\/www.miamibeachfl.gov\/"},{"@type":"ListItem","position":2,"name":"City Hall","item":"https:\/\/www.miamibeachfl.gov\/city-hall\/"},{"@type":"ListItem","position":3,"name":"City Clerk","item":"https:\/\/www.miamibeachfl.gov\/city-hall\/city-clerk\/"},{"@type":"ListItem","position":4,"name":"Declaration of a state of emergency and emergency measures &#8211; March 2023"}]},{"@type":"WebSite","@id":"https:\/\/www.miamibeachfl.gov\/#website","url":"https:\/\/www.miamibeachfl.gov\/","name":"Stadt Miami Beach","description":"Die offizielle Website der Stadt Miami Beach. Bleiben Sie informiert und finden Sie wichtige Informationen zu st\u00e4dtischen Dienstleistungen, Neuigkeiten, Warnungen, Veranstaltungen, Stra\u00dfenbahnlinien, Stellenangeboten im \u00f6ffentlichen Dienst und mehr.","publisher":{"@id":"https:\/\/www.miamibeachfl.gov\/#organization"},"potentialAction":[{"@type":"SearchAction","target":{"@type":"EntryPoint","urlTemplate":"https:\/\/www.miamibeachfl.gov\/?s={search_term_string}"},"query-input":{"@type":"PropertyValueSpecification","valueRequired":true,"valueName":"search_term_string"}}],"inLanguage":"de"},{"@type":"Organization","@id":"https:\/\/www.miamibeachfl.gov\/#organization","name":"Stadt Miami Beach","url":"https:\/\/www.miamibeachfl.gov\/","logo":{"@type":"ImageObject","inLanguage":"de","@id":"https:\/\/www.miamibeachfl.gov\/#\/schema\/logo\/image\/","url":"https:\/\/www.miamibeachfl.gov\/wp-content\/uploads\/2022\/06\/miamibeach-logoblue.png","contentUrl":"https:\/\/www.miamibeachfl.gov\/wp-content\/uploads\/2022\/06\/miamibeach-logoblue.png","width":1962,"height":381,"caption":"City of Miami Beach"},"image":{"@id":"https:\/\/www.miamibeachfl.gov\/#\/schema\/logo\/image\/"},"sameAs":["https:\/\/www.facebook.com\/cityofmiamibeach","https:\/\/x.com\/Miamibeachnews","https:\/\/www.instagram.com\/miamibeachnews\/"],"description":"Die offizielle Website der Stadt Miami Beach. Bleiben Sie informiert und finden Sie wichtige Informationen zu st\u00e4dtischen Dienstleistungen, Neuigkeiten, Warnungen, Veranstaltungen, Stra\u00dfenbahnlinien, Stellenangeboten im \u00f6ffentlichen Dienst und mehr.","telephone":"305.604.CITY(2489)","legalName":"City of Miami Beach"}]}},"_links":{"self":[{"href":"https:\/\/www.miamibeachfl.gov\/de\/wp-json\/wp\/v2\/pages\/253308","targetHints":{"allow":["GET"]}}],"collection":[{"href":"https:\/\/www.miamibeachfl.gov\/de\/wp-json\/wp\/v2\/pages"}],"about":[{"href":"https:\/\/www.miamibeachfl.gov\/de\/wp-json\/wp\/v2\/types\/page"}],"author":[{"embeddable":true,"href":"https:\/\/www.miamibeachfl.gov\/de\/wp-json\/wp\/v2\/users\/222"}],"replies":[{"embeddable":true,"href":"https:\/\/www.miamibeachfl.gov\/de\/wp-json\/wp\/v2\/comments?post=253308"}],"version-history":[{"count":0,"href":"https:\/\/www.miamibeachfl.gov\/de\/wp-json\/wp\/v2\/pages\/253308\/revisions"}],"up":[{"embeddable":true,"href":"https:\/\/www.miamibeachfl.gov\/de\/wp-json\/wp\/v2\/pages\/28337"}],"wp:attachment":[{"href":"https:\/\/www.miamibeachfl.gov\/de\/wp-json\/wp\/v2\/media?parent=253308"}],"wp:term":[{"taxonomy":"category","embeddable":true,"href":"https:\/\/www.miamibeachfl.gov\/de\/wp-json\/wp\/v2\/categories?post=253308"},{"taxonomy":"post_tag","embeddable":true,"href":"https:\/\/www.miamibeachfl.gov\/de\/wp-json\/wp\/v2\/tags?post=253308"}],"curies":[{"name":"wp","href":"https:\/\/api.w.org\/{rel}","templated":true}]}}