{"id":254693,"date":"2023-03-31T11:37:32","date_gmt":"2023-03-31T15:37:32","guid":{"rendered":"https:\/\/www.miamibeachfl.gov\/?page_id=254693"},"modified":"2026-03-03T11:21:56","modified_gmt":"2026-03-03T16:21:56","slug":"street-performer-permit","status":"publish","type":"page","link":"https:\/\/www.miamibeachfl.gov\/de\/city-hall\/customer-service-center\/street-performer-permit\/","title":{"rendered":"Stra\u00dfenk\u00fcnstler-Genehmigung"},"content":{"rendered":"<h1>\n\t\t\tStra\u00dfenk\u00fcnstler-Genehmigung\t<\/h1>\nKundenservice-Men\u00fc\t\t\t\n\t\t\t\t\t<ul id=\"menu-customer-service\"><li id=\"menu-item-373952\"><a href=\"\/de\/city-hall\/customer-service-center\/\">Kundenservice Startseite<\/a><\/li>\n<li id=\"menu-item-373956\"><a href=\"https:\/\/miamibeachfl.qmatic.io\/booking\/singlebooking\/serviceselection\">Vereinbaren Sie einen Termin<\/a><\/li>\n<li id=\"menu-item-373955\"><a href=\"https:\/\/www.miamibeachfl.gov\/de\/city-hall\/customer-service-center\/wait-times\/\">Wartezeiten<\/a><\/li>\n<li id=\"menu-item-373953\"><a href=\"\/de\/city-hall\/customer-service-center\/artists-vendor-lottery\/\">K\u00fcnstler-Verk\u00e4ufer-Lotterie<\/a><\/li>\n<li id=\"menu-item-373954\"><a href=\"\/de\/city-hall\/customer-service-center\/street-performer-permit\/\">Stra\u00dfenk\u00fcnstler-Genehmigung<\/a><\/li>\n<li id=\"menu-item-373957\"><a href=\"\/de\/city-hall\/customer-service-center\/#importantnumbers\">Wichtige Nummern<\/a><\/li>\n<\/ul>\t\nKundenservice Men\u00fc \u00d7\t\t\t\t\t\t<ul id=\"menu-customer-service-1\"><li id=\"menu-item-373952\"><a href=\"\/de\/city-hall\/customer-service-center\/\">Kundenservice Startseite<\/a><\/li>\n<li id=\"menu-item-373956\"><a href=\"https:\/\/miamibeachfl.qmatic.io\/booking\/singlebooking\/serviceselection\">Vereinbaren Sie einen Termin<\/a><\/li>\n<li id=\"menu-item-373955\"><a href=\"https:\/\/www.miamibeachfl.gov\/de\/city-hall\/customer-service-center\/wait-times\/\">Wartezeiten<\/a><\/li>\n<li id=\"menu-item-373953\"><a href=\"\/de\/city-hall\/customer-service-center\/artists-vendor-lottery\/\">K\u00fcnstler-Verk\u00e4ufer-Lotterie<\/a><\/li>\n<li id=\"menu-item-373954\"><a href=\"\/de\/city-hall\/customer-service-center\/street-performer-permit\/\">Stra\u00dfenk\u00fcnstler-Genehmigung<\/a><\/li>\n<li id=\"menu-item-373957\"><a href=\"\/de\/city-hall\/customer-service-center\/#importantnumbers\">Wichtige Nummern<\/a><\/li>\n<\/ul>\t\t\t\t\n\tBei Fragen zum Kundenservice rufen Sie bitte unsere Hauptnummer an unter <a href=\"tel:3056737420\">305.673.7000<\/a><br \/>\nMontag bis Freitag von 8:30 bis 18:00 Uhr oder per E-Mail an <a href=\"mailto:mbhelp@miamibeachfl.gov\">mbhelp@miamibeachfl.gov<\/a>\n<h2>\n\t\t\tDie Stadt Miami Beach bietet sechzehn (16) ausgewiesene Orte, an denen Stra\u00dfenk\u00fcnstler mit einer g\u00fcltigen Genehmigung auftreten k\u00f6nnen.\t<\/h2>\n<h3>\n\t\t\tAusgewiesene Standorte im gesamten Geb\u00e4ude:\t<\/h3>\n\t<ul>\n\t\t<li>\t\t\t\t\n\t\t<h4>Lincoln-Stra\u00dfe<\/h4><p><strong><a href=\"https:\/\/goo.gl\/maps\/WYeATWY8th1ZZR3H8\">Klicken Sie hier, um den Standort anzuzeigen<\/a><\/strong><\/p><\/li><li>\t\t\t\t\n\t\t<h4>Ozean-Laufwerk<\/h4><p><strong><a href=\"https:\/\/goo.gl\/maps\/Y59uXkbxVwESswhy7\">Klicken Sie hier, um den Standort anzuzeigen<\/a><\/strong><\/p><\/li><li>\t\t\t\t\n\t\t<h4>Collins Avenue<\/h4><p><a href=\"https:\/\/goo.gl\/maps\/FUTLDJKfmFULRWTr5\"><strong>Klicken Sie hier, um den Standort anzuzeigen<\/strong><\/a><\/p><\/li>\t<\/ul>\n\t\t\t<a href=\"https:\/\/energovcss.miamibeachfl.gov\/energovprod\/selfservice#\/applicationAssistant?sectionName=All&#038;showTemplates=false\" target=\"_self\">\n\t\t\t\t\t\t\tBeantragen Sie online eine Genehmigung\n\t\t\t<\/a>\n\t<p>ODER bitte <a href=\"https:\/\/www.miamibeachfl.gov\/de\/city-hall\/customer-service-center\/\"><strong>Besuchen Sie das Miami Beach Customer Service Center<\/strong><\/a> um einen Antrag auszuf\u00fcllen, die Geb\u00fchr zu bezahlen und die Genehmigung zu erhalten.<\/p>\n<h3>\n\t\t\tGenehmigungsinformationen:\t<\/h3>\n\t<ul>\n\t\t<li>\t\t\t\t\n\t\t<h4>Die Genehmigung ist in allen 16 Zonen g\u00fcltig und gilt nach dem Prinzip \u201eWer zuerst kommt, mahlt zuerst\u201c.<\/h4><\/li><li>\t\t\t\t\n\t\t<h4>F\u00fcr die Genehmigung f\u00e4llt zum Zeitpunkt der Antragstellung eine Geb\u00fchr von $386 an (die Geb\u00fchr steigt j\u00e4hrlich pro Verbraucherpreisindex) und die Genehmigung wird am selben Tag ausgestellt.<\/h4><\/li><li>\t\t\t\t\n\t\t<h4>Die Genehmigung ist ab Ausstellungsdatum ein Jahr g\u00fcltig<\/h4><\/li>\t<\/ul>\n\t<ul>\n\t\t\t<li>\n\t\t\t<h4>\n\t\t\t<a href=\"https:\/\/www.miamibeachfl.gov\/wp-content\/uploads\/2025\/10\/STREET-PERFORMER-APPLICATION.pdf\" target=\"_blank\" rel=\"noopener\" data-hover=\"Street Performer Permit Application\" aria-label=\"Antrag auf eine Stra\u00dfenk\u00fcnstler-Genehmigung\">Antrag auf eine Stra\u00dfenk\u00fcnstler-Genehmigung<\/a>\n\t\t\t<\/h4>\n\t\t<\/li>\n\t\t\t\t\t<li>\n\t\t\t<h4>\n\t\t\t<a href=\"\/wp-content\/uploads\/2024\/04\/Q2-2024-MAPS.pdf\" target=\"_blank\" rel=\"noopener\" data-hover=\"Location Maps\" aria-label=\"Lagepl\u00e4ne\">Lagepl\u00e4ne<\/a>\n\t\t\t<\/h4>\n\t\t<\/li>\n\t\t\t\t\t<li>\n\t\t\t<h4>\n\t\t\t<a href=\"\/wp-content\/uploads\/2017\/08\/Administrative-Rules-Rev-2-12-09-ENGdoc.pdf\" target=\"_blank\" rel=\"noopener\" data-hover=\"Administrative Rules - English\" aria-label=\"Verwaltungsvorschriften - Englisch\">Verwaltungsvorschriften \u2013 Englisch<\/a>\n\t\t\t<\/h4>\n\t\t<\/li>\n\t\t\t\t\t<li>\n\t\t\t<h4>\n\t\t\t<a href=\"\/wp-content\/uploads\/2017\/08\/Administrative-Rules-Rev-2-12-09-SPA.pdf\" target=\"_blank\" rel=\"noopener\" data-hover=\"Reglas Administrativas - Espa\u00f1ol\" aria-label=\"Reglas Administrativas \u2013 Espa\u00f1ol\">Reglas Administrativas \u2013 Espa\u00f1ol<\/a>\n\t\t\t<\/h4>\n\t\t<\/li>\n\t\t\t\t\t<li>\n\t\t\t<h4>\n\t\t\t<a href=\"\/wp-content\/uploads\/2017\/08\/Ordinance-2010-3678.pdf\" target=\"_blank\" rel=\"noopener\" data-hover=\"Ordinance 2010-3678\" aria-label=\"Verordnung 2010-3678\">Verordnung 2010-3678<\/a>\n\t\t\t<\/h4>\n\t\t<\/li>\n\t\t\t\t<\/ul>\n<h2>\n\t\t\tKontakte:\t<\/h2>\n\t\t<h3><a href=\"mailto:MannyMarquez@miamibeachfl.gov\" target =\"_blank\" rel=\"noopener\">Manny Marquez<\/a><\/h3>Stellvertretender Direktor MannyMarquez@miamibeachfl.gov\t\t\t\t\t\n\t\t<h3><a href=\"mailto:SashaGonzalez@miamibeachfl.gov\" target =\"_blank\" rel=\"noopener\">Sascha Gonz\u00e1lez<\/a><\/h3>Kundendienstleiterin SashaGonzalez@miamibeachfl.gov\t\t\t\t\t\n<h2>\n\t\t\tStandort des Kundenservice-Centers:\t<\/h2>\n\t<p>1755 Meridian Avenue | Erster Stock<\/p>\n\t<iframe src=\"https:\/\/www.google.com\/maps\/embed\/v1\/place?q=1755+Meridian+Avenue%0AMiami+Beach%2C+FL+33139&#038;key=AIzaSyD09zQ9PNDNNy9TadMuzRV_UsPUoWKntt8\" aria-hidden=\"true\" title=\"Rathaus\"><\/iframe>\n<h2>\n\t\t\t\u00d6ffnungszeiten:\t<\/h2>\n\t\t\t\t Montag \u2013 Freitag 8:30 \u2013 18:00 Uhr Geschlossen 12:00 \u2013 13:00 Uhr T\u00e4glich Geschlossen 12:00 \u2013 14:00 Uhr <br \/>1. und 3. Donnerstag \u2013 monatlich\t\t\t\t\n<h2>\n\t\t\tWichtige Nummern:\t<\/h2>\n\t<p>F\u00fcgen Sie Ihrer Kontaktliste lokale Nummern hinzu.<\/p>\n\t\t<h3><a href=\"https:\/\/www.miamibeachfl.gov\/de\/yourmbpd\/\"  target=\"_blank\"  rel=\"noopener\">\t\n\tPOLIZEI<\/a><\/h3><a href=\"https:\/\/www.miamibeachfl.gov\/de\/yourmbpd\/\"  rel=\"noopener\"  target=\"_blank\">Besuchen Sie die Website der Polizeibeh\u00f6rde<\/a>\t\n\tNotruf: 911<br \/>\nNicht-Notf\u00e4lle:\u00a0<a href=\"tel:3056737900\">305.673.7900<\/a><br \/>\nAufzeichnungen:\u00a0<a href=\"tel:3056737990\">305.673.7990<\/a>\n\t\t<h3><a href=\"https:\/\/www.miamibeachfl.gov\/de\/city-hall\/fire\/\"  target=\"_blank\"  rel=\"noopener\">\t\n\tFEUER<\/a><\/h3><a href=\"https:\/\/www.miamibeachfl.gov\/de\/city-hall\/fire\/\"  rel=\"noopener\"  target=\"_blank\">Besuchen Sie die Website der Feuerwehr<\/a>\t\n\tNicht-Notf\u00e4lle: <a href=\"tel:3056737111\">305.673.7111<\/a><br \/>\nVerbrechensbek\u00e4mpfer: <a href=\"tel:305471TIPS\">305.471.TIPS<\/a>\n\t\t<h3><a href=\"https:\/\/www.miamibeachfl.gov\/de\/city-hall\/tourism-culture\/\"  target=\"_blank\"  rel=\"noopener\">\t\n\tTOURISMUS<\/a><\/h3><a href=\"https:\/\/www.miamibeachfl.gov\/de\/city-hall\/tourism-culture\/\"  rel=\"noopener\"  target=\"_blank\">Besuchen Sie die Website f\u00fcr Tourismus und Kultur<\/a>\t\n\t<strong>Rathaus:<br \/>\n<\/strong><a href=\"tel:3056737400\">305.673.7400<\/a><br \/>\n1700 Convention Center Drive<br \/>\nMiami Beach, FL 33139\n\t\t<h3><a href=\"\/de\/city-hall\/parking\/enforcementtowingcitations\/\"  target=\"_blank\"  rel=\"noopener\">\t\n\tABSCHLEPPINFORMATIONEN<\/a><\/h3><a href=\"\/de\/city-hall\/parking\/enforcementtowingcitations\/\"  rel=\"noopener\"  target=\"_blank\">Besuchen Sie die Seite zur Abschlepp\u00fcberwachung.<\/a>\t\n\t<b>Strandschleppen<\/b><br \/>\n<a href=\"tel:3055342128\">305.534.2128<\/a><br \/>\n<a href=\"https:\/\/goo.gl\/maps\/z7M3H8puQJVyAkcY7\">1349 Dade Boulevard<\/a><br \/>\nMiami Beach, FL 33139<br \/>\n(Westlich der Alton Road)\n<b>Tremont Abschleppdienst<\/b><br \/>\n<a href=\"tel:3056722395\">305.672.2395<\/a><br \/>\n<a href=\"https:\/\/goo.gl\/maps\/HvHcVWzucXoxduGw5\">1916 Bay Road<\/a><br \/>\nMiami Beach, FL 33139<br \/>\n(2 Blocks westlich von Alton Road)\n<b>Parken\/Code<\/b><br \/>\nDurchsetzungshotline<br \/>\n<a href=\"tel:3056044785\">305.604.4785 <\/a> oder<br \/>\n<a href=\"tel:305604CITY\">305.604.CITY <\/a>\n\t\t<h3>\t\n\tKRANKENHAUS &amp; NOTFALLVERSORGUNG<\/h3>\t\n\t<a href=\"https:\/\/www.msmc.com\/\" target=\"_blank\" rel=\"noopener\"><strong>Mount Sinai Medical Center<\/strong><\/a><br \/>\n4300 Alton Stra\u00dfe<br \/>\nMiami Beach, FL 33140<br \/>\n305.674.2121\n<a href=\"https:\/\/baptisthealth.net\/locations\/urgent-care\/miami-beach-urgent-care\"><strong>Baptist Health Notfallversorgung<\/strong><\/a><br \/>\n709 Alton Rd Suite 430<br \/>\nMiami Beach, FL 33139<br \/>\n786.204.4150\n<a href=\"https:\/\/mymbchc.org\/\"><strong>Miami Beach Community Gesundheitszentrum<\/strong><\/a><br \/>\n710 Alton Stra\u00dfe<br \/>\nMiami Beach, FL 33139<br \/>\n305.538.8835\n<a href=\"http:\/\/www.myfastcare.com\/\"><strong>FastCare Notfallversorgung<\/strong><\/a><br \/>\n825 Godfrey Road (41. Stra\u00dfe)<br \/>\nMiami Beach, FL 33140<br \/>\n786.923.4000\n\t<a href=\"https:\/\/medriteurgentcare.com\/center\/medrite-miami-beach-urgent-care\/?service=urgent-care\"><strong>+MEDRITE Urgent Care \u2013 41. Stra\u00dfe<\/strong><\/a><br \/>\n542 W 41st Stra\u00dfe<br \/>\n305.397.8417\n<a href=\"https:\/\/medriteurgentcare.com\/center\/medrite-miami-beach-urgent-care\/\"><strong>+MEDRITE Urgent Care \u2013 Miami Beach S\u00fcd<\/strong><\/a><br \/>\n215 Lincoln Rd<br \/>\n305.614.6001\n<a href=\"http:\/\/www.miamibeachmedicalgroup.com\/\/\"><strong>Miami Beach Medical Group<\/strong><\/a><br \/>\n1200 Alton Rd<br \/>\nMiami Beach, FL 33139<br \/>\n305.534.0076\n\t\t<h3>\t\n\tDIENSTLEISTUNGEN<\/h3>\t\n\t<p><strong>Rufen Sie die Versorgungsunternehmen der Stadt Miami Beach unter 305.673.7440 an.<\/strong> Hausbesitzer und m\u00f6glicherweise auch Mieter m\u00fcssen f\u00fcr diese Dienste ein Konto bei den Versorgungsbetrieben des Landkreises einrichten.<\/p>\n<b>Strom<\/b><a title=\"Florida Power Light (FPL)\" href=\"http:\/\/www.fpl.com\/\"><br \/>\n<strong>Florida Power &amp; Light (FP&amp;L)<\/strong><\/a><br \/>\nBeantragen Sie den Service telefonisch unter 305.442.8770\/(TTY 800.432.6554)<br \/>\nUm einen gef\u00e4hrlichen Zustand zu melden, rufen Sie 800.4OUTAGE (468-8243) an\n<b>Gas<\/b><a title=\"Teco Peoples Gas\" href=\"http:\/\/www.tecoenergy.com\/\"><br \/>\n<strong>Teco Peoples Gas<\/strong><\/a><br \/>\nTelefon: 305.940.0139 oder 1-877 TECO PGS (1-877.832.6747)\n<b>Versorgungsleistungen<\/b><br \/>\nM\u00fcll-\/Abwasser-\/Wasserversorgung<br \/>\n<strong><a href=\"https:\/\/www.municipalonlinepayments.com\/miamibeachfl\">Klicken Sie hier, um das Abrechnungsportal f\u00fcr Versorgungsleistungen der Stadt Miami Beach zu besuchen<\/a><\/strong><br \/>\nStrandversorgungsdienste unter 305.673.7440","protected":false},"excerpt":{"rendered":"<p>Street Performer Permit Customer Service Menu Customer Service Home Schedule an Appointment Wait Times Artist Vendor Lottery Street Performer Permit [&hellip;]<\/p>\n","protected":false},"author":222,"featured_media":0,"parent":108864,"menu_order":0,"comment_status":"closed","ping_status":"closed","template":"","meta":{"_searchwp_excluded":"","site-sidebar-layout":"default","site-content-layout":"","ast-site-content-layout":"default","site-content-style":"default","site-sidebar-style":"default","ast-global-header-display":"","ast-banner-title-visibility":"","ast-main-header-display":"","ast-hfb-above-header-display":"","ast-hfb-below-header-display":"","ast-hfb-mobile-header-display":"","site-post-title":"","ast-breadcrumbs-content":"","ast-featured-img":"","footer-sml-layout":"","theme-transparent-header-meta":"","adv-header-id-meta":"","stick-header-meta":"","header-above-stick-meta":"","header-main-stick-meta":"","header-below-stick-meta":"","astra-migrate-meta-layouts":"default","ast-page-background-enabled":"default","ast-page-background-meta":{"desktop":{"background-color":"var(--ast-global-color-5)","background-image":"","background-repeat":"repeat","background-position":"center center","background-size":"auto","background-attachment":"scroll","background-type":"","background-media":"","overlay-type":"","overlay-color":"","overlay-opacity":"","overlay-gradient":""},"tablet":{"background-color":"","background-image":"","background-repeat":"repeat","background-position":"center center","background-size":"auto","background-attachment":"scroll","background-type":"","background-media":"","overlay-type":"","overlay-color":"","overlay-opacity":"","overlay-gradient":""},"mobile":{"background-color":"","background-image":"","background-repeat":"repeat","background-position":"center center","background-size":"auto","background-attachment":"scroll","background-type":"","background-media":"","overlay-type":"","overlay-color":"","overlay-opacity":"","overlay-gradient":""}},"ast-content-background-meta":{"desktop":{"background-color":"var(--ast-global-color-4)","background-image":"","background-repeat":"repeat","background-position":"center center","background-size":"auto","background-attachment":"scroll","background-type":"","background-media":"","overlay-type":"","overlay-color":"","overlay-opacity":"","overlay-gradient":""},"tablet":{"background-color":"var(--ast-global-color-4)","background-image":"","background-repeat":"repeat","background-position":"center center","background-size":"auto","background-attachment":"scroll","background-type":"","background-media":"","overlay-type":"","overlay-color":"","overlay-opacity":"","overlay-gradient":""},"mobile":{"background-color":"var(--ast-global-color-4)","background-image":"","background-repeat":"repeat","background-position":"center center","background-size":"auto","background-attachment":"scroll","background-type":"","background-media":"","overlay-type":"","overlay-color":"","overlay-opacity":"","overlay-gradient":""}},"footnotes":""},"categories":[1],"tags":[1032,1014],"class_list":["post-254693","page","type-page","status-publish","hentry","category-uncategorized","tag-events-top-visited","tag-permitting-entertainment"],"yoast_head":"<!-- This site is optimized with the Yoast SEO Premium plugin v27.4 (Yoast SEO v27.4) - https:\/\/yoast.com\/product\/yoast-seo-premium-wordpress\/ -->\n<title>Street Performer Permit - City of Miami Beach<\/title>\n<meta name=\"description\" content=\"%\" \/>\n<meta name=\"robots\" content=\"index, follow, max-snippet:-1, max-image-preview:large, max-video-preview:-1\" \/>\n<link rel=\"canonical\" href=\"https:\/\/www.miamibeachfl.gov\/de\/city-hall\/customer-service-center\/street-performer-permit\/\" \/>\n<meta property=\"og:locale\" content=\"de_DE\" \/>\n<meta property=\"og:type\" content=\"article\" \/>\n<meta property=\"og:title\" content=\"Street Performer Permit\" \/>\n<meta property=\"og:description\" content=\"%\" \/>\n<meta property=\"og:url\" content=\"https:\/\/www.miamibeachfl.gov\/de\/city-hall\/customer-service-center\/street-performer-permit\/\" \/>\n<meta property=\"og:site_name\" content=\"City of Miami Beach\" \/>\n<meta property=\"article:publisher\" content=\"https:\/\/www.facebook.com\/cityofmiamibeach\" \/>\n<meta property=\"article:modified_time\" content=\"2026-03-03T16:21:56+00:00\" \/>\n<meta property=\"og:image\" content=\"https:\/\/www.miamibeachfl.gov\/wp-content\/uploads\/2024\/01\/1000pxSquare-miamibeach-aerial-southpointview.jpeg\" \/>\n\t<meta property=\"og:image:width\" content=\"1000\" \/>\n\t<meta property=\"og:image:height\" content=\"1000\" \/>\n\t<meta property=\"og:image:type\" content=\"image\/jpeg\" \/>\n<meta name=\"twitter:card\" content=\"summary_large_image\" \/>\n<meta name=\"twitter:site\" content=\"@Miamibeachnews\" \/>\n<script type=\"application\/ld+json\" class=\"yoast-schema-graph\">{\"@context\":\"https:\\\/\\\/schema.org\",\"@graph\":[{\"@type\":\"WebPage\",\"@id\":\"https:\\\/\\\/www.miamibeachfl.gov\\\/city-hall\\\/customer-service-center\\\/street-performer-permit\\\/\",\"url\":\"https:\\\/\\\/www.miamibeachfl.gov\\\/city-hall\\\/customer-service-center\\\/street-performer-permit\\\/\",\"name\":\"Street Performer Permit - City of Miami Beach\",\"isPartOf\":{\"@id\":\"https:\\\/\\\/www.miamibeachfl.gov\\\/#website\"},\"datePublished\":\"2023-03-31T15:37:32+00:00\",\"dateModified\":\"2026-03-03T16:21:56+00:00\",\"description\":\"%\",\"breadcrumb\":{\"@id\":\"https:\\\/\\\/www.miamibeachfl.gov\\\/city-hall\\\/customer-service-center\\\/street-performer-permit\\\/#breadcrumb\"},\"inLanguage\":\"de\",\"potentialAction\":[{\"@type\":\"ReadAction\",\"target\":[\"https:\\\/\\\/www.miamibeachfl.gov\\\/city-hall\\\/customer-service-center\\\/street-performer-permit\\\/\"]}]},{\"@type\":\"BreadcrumbList\",\"@id\":\"https:\\\/\\\/www.miamibeachfl.gov\\\/city-hall\\\/customer-service-center\\\/street-performer-permit\\\/#breadcrumb\",\"itemListElement\":[{\"@type\":\"ListItem\",\"position\":1,\"name\":\"Home\",\"item\":\"https:\\\/\\\/www.miamibeachfl.gov\\\/\"},{\"@type\":\"ListItem\",\"position\":2,\"name\":\"City Hall\",\"item\":\"https:\\\/\\\/www.miamibeachfl.gov\\\/city-hall\\\/\"},{\"@type\":\"ListItem\",\"position\":3,\"name\":\"Customer Service Center\",\"item\":\"https:\\\/\\\/www.miamibeachfl.gov\\\/city-hall\\\/customer-service-center\\\/\"},{\"@type\":\"ListItem\",\"position\":4,\"name\":\"Street Performer Permit\"}]},{\"@type\":\"WebSite\",\"@id\":\"https:\\\/\\\/www.miamibeachfl.gov\\\/#website\",\"url\":\"https:\\\/\\\/www.miamibeachfl.gov\\\/\",\"name\":\"City of Miami Beach\",\"description\":\"The official website of the City of Miami Beach. Stay informed, find important information on city services, news, alerts, events, trolley routes, government employment and more.\",\"publisher\":{\"@id\":\"https:\\\/\\\/www.miamibeachfl.gov\\\/#organization\"},\"potentialAction\":[{\"@type\":\"SearchAction\",\"target\":{\"@type\":\"EntryPoint\",\"urlTemplate\":\"https:\\\/\\\/www.miamibeachfl.gov\\\/?s={search_term_string}\"},\"query-input\":{\"@type\":\"PropertyValueSpecification\",\"valueRequired\":true,\"valueName\":\"search_term_string\"}}],\"inLanguage\":\"de\"},{\"@type\":\"Organization\",\"@id\":\"https:\\\/\\\/www.miamibeachfl.gov\\\/#organization\",\"name\":\"City of Miami Beach\",\"url\":\"https:\\\/\\\/www.miamibeachfl.gov\\\/\",\"logo\":{\"@type\":\"ImageObject\",\"inLanguage\":\"de\",\"@id\":\"https:\\\/\\\/www.miamibeachfl.gov\\\/#\\\/schema\\\/logo\\\/image\\\/\",\"url\":\"https:\\\/\\\/www.miamibeachfl.gov\\\/wp-content\\\/uploads\\\/2022\\\/06\\\/miamibeach-logoblue.png\",\"contentUrl\":\"https:\\\/\\\/www.miamibeachfl.gov\\\/wp-content\\\/uploads\\\/2022\\\/06\\\/miamibeach-logoblue.png\",\"width\":1962,\"height\":381,\"caption\":\"City of Miami Beach\"},\"image\":{\"@id\":\"https:\\\/\\\/www.miamibeachfl.gov\\\/#\\\/schema\\\/logo\\\/image\\\/\"},\"sameAs\":[\"https:\\\/\\\/www.facebook.com\\\/cityofmiamibeach\",\"https:\\\/\\\/x.com\\\/Miamibeachnews\",\"https:\\\/\\\/www.instagram.com\\\/miamibeachnews\\\/\"],\"description\":\"The official website of the City of Miami Beach. Stay informed, find important information on city services, news, alerts, events, trolley routes, government employment and more.\",\"telephone\":\"305.604.CITY(2489)\",\"legalName\":\"City of Miami Beach\"}]}<\/script>\n<!-- \/ Yoast SEO Premium plugin. -->","yoast_head_json":{"title":"Stra\u00dfenk\u00fcnstler-Genehmigung - Stadt Miami Beach","description":"%","robots":{"index":"index","follow":"follow","max-snippet":"max-snippet:-1","max-image-preview":"max-image-preview:large","max-video-preview":"max-video-preview:-1"},"canonical":"https:\/\/www.miamibeachfl.gov\/de\/city-hall\/customer-service-center\/street-performer-permit\/","og_locale":"de_DE","og_type":"article","og_title":"Street Performer Permit","og_description":"%","og_url":"https:\/\/www.miamibeachfl.gov\/de\/city-hall\/customer-service-center\/street-performer-permit\/","og_site_name":"City of Miami Beach","article_publisher":"https:\/\/www.facebook.com\/cityofmiamibeach","article_modified_time":"2026-03-03T16:21:56+00:00","og_image":[{"width":1000,"height":1000,"url":"https:\/\/www.miamibeachfl.gov\/wp-content\/uploads\/2024\/01\/1000pxSquare-miamibeach-aerial-southpointview.jpeg","type":"image\/jpeg"}],"twitter_card":"summary_large_image","twitter_site":"@Miamibeachnews","schema":{"@context":"https:\/\/schema.org","@graph":[{"@type":"WebPage","@id":"https:\/\/www.miamibeachfl.gov\/city-hall\/customer-service-center\/street-performer-permit\/","url":"https:\/\/www.miamibeachfl.gov\/city-hall\/customer-service-center\/street-performer-permit\/","name":"Stra\u00dfenk\u00fcnstler-Genehmigung - Stadt Miami Beach","isPartOf":{"@id":"https:\/\/www.miamibeachfl.gov\/#website"},"datePublished":"2023-03-31T15:37:32+00:00","dateModified":"2026-03-03T16:21:56+00:00","description":"%","breadcrumb":{"@id":"https:\/\/www.miamibeachfl.gov\/city-hall\/customer-service-center\/street-performer-permit\/#breadcrumb"},"inLanguage":"de","potentialAction":[{"@type":"ReadAction","target":["https:\/\/www.miamibeachfl.gov\/city-hall\/customer-service-center\/street-performer-permit\/"]}]},{"@type":"BreadcrumbList","@id":"https:\/\/www.miamibeachfl.gov\/city-hall\/customer-service-center\/street-performer-permit\/#breadcrumb","itemListElement":[{"@type":"ListItem","position":1,"name":"Home","item":"https:\/\/www.miamibeachfl.gov\/"},{"@type":"ListItem","position":2,"name":"City Hall","item":"https:\/\/www.miamibeachfl.gov\/city-hall\/"},{"@type":"ListItem","position":3,"name":"Customer Service Center","item":"https:\/\/www.miamibeachfl.gov\/city-hall\/customer-service-center\/"},{"@type":"ListItem","position":4,"name":"Street Performer Permit"}]},{"@type":"WebSite","@id":"https:\/\/www.miamibeachfl.gov\/#website","url":"https:\/\/www.miamibeachfl.gov\/","name":"Stadt Miami Beach","description":"Die offizielle Website der Stadt Miami Beach. Bleiben Sie informiert und finden Sie wichtige Informationen zu st\u00e4dtischen Dienstleistungen, Neuigkeiten, Warnungen, Veranstaltungen, Stra\u00dfenbahnlinien, Stellenangeboten im \u00f6ffentlichen Dienst und mehr.","publisher":{"@id":"https:\/\/www.miamibeachfl.gov\/#organization"},"potentialAction":[{"@type":"SearchAction","target":{"@type":"EntryPoint","urlTemplate":"https:\/\/www.miamibeachfl.gov\/?s={search_term_string}"},"query-input":{"@type":"PropertyValueSpecification","valueRequired":true,"valueName":"search_term_string"}}],"inLanguage":"de"},{"@type":"Organization","@id":"https:\/\/www.miamibeachfl.gov\/#organization","name":"Stadt Miami Beach","url":"https:\/\/www.miamibeachfl.gov\/","logo":{"@type":"ImageObject","inLanguage":"de","@id":"https:\/\/www.miamibeachfl.gov\/#\/schema\/logo\/image\/","url":"https:\/\/www.miamibeachfl.gov\/wp-content\/uploads\/2022\/06\/miamibeach-logoblue.png","contentUrl":"https:\/\/www.miamibeachfl.gov\/wp-content\/uploads\/2022\/06\/miamibeach-logoblue.png","width":1962,"height":381,"caption":"City of Miami Beach"},"image":{"@id":"https:\/\/www.miamibeachfl.gov\/#\/schema\/logo\/image\/"},"sameAs":["https:\/\/www.facebook.com\/cityofmiamibeach","https:\/\/x.com\/Miamibeachnews","https:\/\/www.instagram.com\/miamibeachnews\/"],"description":"Die offizielle Website der Stadt Miami Beach. Bleiben Sie informiert und finden Sie wichtige Informationen zu st\u00e4dtischen Dienstleistungen, Neuigkeiten, Warnungen, Veranstaltungen, Stra\u00dfenbahnlinien, Stellenangeboten im \u00f6ffentlichen Dienst und mehr.","telephone":"305.604.CITY(2489)","legalName":"City of Miami Beach"}]}},"_links":{"self":[{"href":"https:\/\/www.miamibeachfl.gov\/de\/wp-json\/wp\/v2\/pages\/254693","targetHints":{"allow":["GET"]}}],"collection":[{"href":"https:\/\/www.miamibeachfl.gov\/de\/wp-json\/wp\/v2\/pages"}],"about":[{"href":"https:\/\/www.miamibeachfl.gov\/de\/wp-json\/wp\/v2\/types\/page"}],"author":[{"embeddable":true,"href":"https:\/\/www.miamibeachfl.gov\/de\/wp-json\/wp\/v2\/users\/222"}],"replies":[{"embeddable":true,"href":"https:\/\/www.miamibeachfl.gov\/de\/wp-json\/wp\/v2\/comments?post=254693"}],"version-history":[{"count":7,"href":"https:\/\/www.miamibeachfl.gov\/de\/wp-json\/wp\/v2\/pages\/254693\/revisions"}],"predecessor-version":[{"id":397051,"href":"https:\/\/www.miamibeachfl.gov\/de\/wp-json\/wp\/v2\/pages\/254693\/revisions\/397051"}],"up":[{"embeddable":true,"href":"https:\/\/www.miamibeachfl.gov\/de\/wp-json\/wp\/v2\/pages\/108864"}],"wp:attachment":[{"href":"https:\/\/www.miamibeachfl.gov\/de\/wp-json\/wp\/v2\/media?parent=254693"}],"wp:term":[{"taxonomy":"category","embeddable":true,"href":"https:\/\/www.miamibeachfl.gov\/de\/wp-json\/wp\/v2\/categories?post=254693"},{"taxonomy":"post_tag","embeddable":true,"href":"https:\/\/www.miamibeachfl.gov\/de\/wp-json\/wp\/v2\/tags?post=254693"}],"curies":[{"name":"wp","href":"https:\/\/api.w.org\/{rel}","templated":true}]}}