{"id":254811,"date":"2023-04-03T11:01:55","date_gmt":"2023-04-03T15:01:55","guid":{"rendered":"https:\/\/www.miamibeachfl.gov\/?page_id=254811"},"modified":"2025-06-02T22:10:55","modified_gmt":"2025-06-03T02:10:55","slug":"april-2023-business-spotlight-copy-copy","status":"publish","type":"page","link":"https:\/\/www.miamibeachfl.gov\/de\/spotlight\/april-2023-business-spotlight-copy-copy\/","title":{"rendered":"Miami Beach feiert den Earth Month"},"content":{"rendered":"<h5>\n\t\t<a href=\"https:\/\/www.miamibeachfl.gov\/de\/mbbiznews\/\" title=\"Abonnieren Sie hier, um den Wirtschaftsnewsletter der Stadt monatlich in Ihren Posteingang zu erhalten.\"  target=\"_blank\"  rel=\"noopener\">\n\t\t\tAbonnieren Sie hier, um den Wirtschaftsnewsletter der Stadt monatlich in Ihren Posteingang zu erhalten.\t\t<\/a>\n\t<\/h5>\n<h5>\n\t\t<a href=\"https:\/\/myemail.constantcontact.com\/Stay-connected-with-MB-Biz--.html?soid=1011085968389&#038;aid=S0mHBwwl4Fs\" title=\"Business Newsletter\"  target=\"_blank\"  rel=\"noopener\">\n\t\t\tBusiness Newsletter\t\t<\/a>\n\t<\/h5>\n<h2>\n\t\t\tMiami Beach Convention Center \u2013 Investitionen in Miami Beach und unseren Planeten\t<\/h2>\n\t\t\t\t<img decoding=\"async\" src=\"https:\/\/www.miamibeachfl.gov\/wp-content\/uploads\/2023\/04\/1.26-MBCC-Sustainability-Highlight-Linkedin.png\" alt=\"1.26 MBCC Sustainability Highlight, Linkedin\" itemprop=\"image\" title=\"1.26 MBCC Nachhaltigkeits-Highlight, Linkedin\" onerror=\"this.style.display='none'\" loading='lazy' \/>\n\t<p>Erfahren Sie im Rahmen des Earth Month, wie das Miami Beach Convention Center mit seinen neuesten Nachhaltigkeitsinitiativen in unseren Veranstaltungsort und unseren Planeten investiert. Der Earth Month findet jedes Jahr im April statt, um das Umweltbewusstsein zu st\u00e4rken und ein Bewusstsein f\u00fcr die Probleme zu schaffen, die Mutter Natur betreffen.<\/p>\n<p>Der erste Tag der Erde wurde am 22. April 1970 gefeiert. Organisiert wurde die Veranstaltung von Gaylord Nelson, einem US-Senator aus Wisconsin. Er wurde zum Handeln inspiriert, nachdem er 1969 die Sch\u00e4den einer \u00d6lpest in Santa Barbara, Kalifornien, miterlebt hatte. Nelson erkannte, dass jeder Mensch umweltbewusster werden und sich aktiv f\u00fcr den Schutz unseres Planeten einsetzen muss. Er hoffte, dass der Tag der Erde eine M\u00f6glichkeit sein w\u00fcrde, die Menschen \u00fcber die Bedeutung des Umweltschutzes aufzukl\u00e4ren.<\/p>\n<p>Das Motto f\u00fcr den Tag der Erde, die Woche der Erde und den Monat der Erde 2023 lautet \u201eInvestieren Sie in unseren Planeten\u201c. Der Schwerpunkt liegt darauf, Regierungen, Institutionen, Unternehmen und die Gesellschaft zu motivieren, ihren Beitrag zu leisten, denn jeder tr\u00e4gt Verantwortung. Das Motto ruft Menschen weltweit dazu auf, unsere gemeinsame Verantwortung f\u00fcr den Schutz und Erhalt des Planeten anzuerkennen und den \u00dcbergang zu einer gerechten, prosperierenden gr\u00fcnen Wirtschaft f\u00fcr alle zu beschleunigen.<\/p>\n<p>Das Miami Beach Convention Center and Campus ist das neu gestaltete Herzst\u00fcck von Miami Beach f\u00fcr Tagungen, Kongresse, Ausstellungen und Messen. Der neu renovierte, 1,4 Millionen Quadratmeter gro\u00dfe Veranstaltungsort umfasst einen 60.000 Quadratmeter gro\u00dfen Ballsaal mit einem 18.000 Quadratmeter gro\u00dfen Empfangsbereich, rund 500.000 Quadratmeter Ausstellungsfl\u00e4che, eine 99.000 Quadratmeter gro\u00dfe Grand Lobby, 84 Seminarr\u00e4ume, rund 800 Parkpl\u00e4tze auf der Dachterrasse und 9 Hektar \u00f6ffentliche Gr\u00fcnfl\u00e4chen mit kuratierter Kunst. Die renommierten Architekten Fentress und Architectonica haben gemeinsam ein hochmodernes, nachhaltiges Design und umweltbewusste Betriebsabl\u00e4ufe entwickelt. Im gesamten Geb\u00e4ude kommen recycelte Materialien zum Einsatz, wobei mehr als 20 Prozent der Materialien aus S\u00fcdflorida stammen. 96 Prozent des Bauschutts wurden recycelt, sodass dieser mit dem LEED-Silberzertifikat ausgezeichneten Anlage mehr als 38.000 Tonnen Abfall zum Recycling zugef\u00fchrt werden konnten.<\/p>\n<p>Im M\u00e4rz 2023 startete das Convention Center-Team eine <em>Kr\u00e4uter- und Gem\u00fcsegarten<\/em>, in Partnerschaft mit Compost for Life Miami. Das Programm nimmt \u00fcbrig gebliebene organische Stoffe von Kongressen und Veranstaltungen des Veranstaltungsortes auf und wandelt den Abfall in Kompost um. Dieser Kompost wird dann im Kr\u00e4uter- und Gem\u00fcsegarten verwendet, wodurch ein nachhaltiges Nahrungsmittelsystem entsteht, das Abfall reduziert und echtes Essen direkt vom Garten auf den Tisch erm\u00f6glicht. Ziel ist es, eine ruhige Umgebung f\u00fcr die K\u00f6che und das Team des Kongresszentrums zu schaffen, in der sie die Gemeinde in Gartenarbeit und nachhaltigen Praktiken aufkl\u00e4ren und pflegen k\u00f6nnen. Zu den derzeit angepflanzten Gem\u00fcsesorten geh\u00f6ren Karotten, Salat, Zwiebeln, Tomaten und Paprika, und die Bl\u00e4tter werden als Tischgarnitur und Dekoration verwendet. Au\u00dferdem beleuchten solarbetriebene Lampen den Holzzaun, der den Garten umgibt und aus recycelten Holzpaletten von Lebensmittellieferungen besteht.<\/p>\n<p>\u201eWir freuen uns sehr, diesen Garten im Rum Room und Venu (und auf dem Campus des Convention Centers) zum Leben zu erwecken, um nicht nur Zugang zu frischem Gem\u00fcse f\u00fcr unsere Gerichte zu haben, sondern auch unser Nachhaltigkeitsprogramm im Kongresszentrum auf spannende Weise auf diese beiden neuen R\u00e4ume auszudehnen\u201c, sagte Danny Medina, Regional Vice President, Sodexo Live! \u2013 Lebensmittel- und Getr\u00e4nkemanagement des Miami Beach Convention Center.<\/p>\n<p>Das Convention Center arbeitet kontinuierlich daran, die Nachhaltigkeit des Veranstaltungsortes zu st\u00e4rken. Zu diesem Zweck arbeitet das Team an einem umfassenden Nachhaltigkeitsplan, der die Erwartungen von Tagungsplanern und Messeveranstaltern erf\u00fcllt, unterst\u00fctzt und f\u00f6rdert. Dazu geh\u00f6ren unter anderem die Nutzung von Regenwasser und die Installation von Solaranlagen.<\/p>\n<p>Der Tag der Erde findet am Samstag, den 22. April 2023 statt und die Woche der Erde findet von Sonntag, den 16. April bis Samstag, den 22. April 2023 statt.<\/p>\n<p>Weitere Informationen, einschlie\u00dflich eines kostenlosen Business Sustainability Toolkits zum Earth Day 2023, finden Sie unter https:\/\/www.earthday.org\/<\/p>\n<p>Weitere Informationen finden Sie unter <strong><a href=\"http:\/\/www.miamibeachconvention.com\/sustainability\">http:\/\/www.miamibeachconvention.com\/sustainability<\/a><\/strong><\/p>\n<p><em>\u00a0<\/em><\/p>","protected":false},"excerpt":{"rendered":"<p>Subscribe here to receive the City&#8217;s business newsletter to your inbox monthly. Business Newsletter Miami Beach Convention Center Investing in [&hellip;]<\/p>\n","protected":false},"author":222,"featured_media":0,"parent":253255,"menu_order":0,"comment_status":"closed","ping_status":"closed","template":"","meta":{"_searchwp_excluded":"","site-sidebar-layout":"default","site-content-layout":"","ast-site-content-layout":"default","site-content-style":"default","site-sidebar-style":"default","ast-global-header-display":"","ast-banner-title-visibility":"","ast-main-header-display":"","ast-hfb-above-header-display":"","ast-hfb-below-header-display":"","ast-hfb-mobile-header-display":"","site-post-title":"","ast-breadcrumbs-content":"","ast-featured-img":"","footer-sml-layout":"","theme-transparent-header-meta":"","adv-header-id-meta":"","stick-header-meta":"","header-above-stick-meta":"","header-main-stick-meta":"","header-below-stick-meta":"","astra-migrate-meta-layouts":"default","ast-page-background-enabled":"default","ast-page-background-meta":{"desktop":{"background-color":"var(--ast-global-color-5)","background-image":"","background-repeat":"repeat","background-position":"center center","background-size":"auto","background-attachment":"scroll","background-type":"","background-media":"","overlay-type":"","overlay-color":"","overlay-opacity":"","overlay-gradient":""},"tablet":{"background-color":"","background-image":"","background-repeat":"repeat","background-position":"center center","background-size":"auto","background-attachment":"scroll","background-type":"","background-media":"","overlay-type":"","overlay-color":"","overlay-opacity":"","overlay-gradient":""},"mobile":{"background-color":"","background-image":"","background-repeat":"repeat","background-position":"center center","background-size":"auto","background-attachment":"scroll","background-type":"","background-media":"","overlay-type":"","overlay-color":"","overlay-opacity":"","overlay-gradient":""}},"ast-content-background-meta":{"desktop":{"background-color":"var(--ast-global-color-4)","background-image":"","background-repeat":"repeat","background-position":"center center","background-size":"auto","background-attachment":"scroll","background-type":"","background-media":"","overlay-type":"","overlay-color":"","overlay-opacity":"","overlay-gradient":""},"tablet":{"background-color":"var(--ast-global-color-4)","background-image":"","background-repeat":"repeat","background-position":"center center","background-size":"auto","background-attachment":"scroll","background-type":"","background-media":"","overlay-type":"","overlay-color":"","overlay-opacity":"","overlay-gradient":""},"mobile":{"background-color":"var(--ast-global-color-4)","background-image":"","background-repeat":"repeat","background-position":"center center","background-size":"auto","background-attachment":"scroll","background-type":"","background-media":"","overlay-type":"","overlay-color":"","overlay-opacity":"","overlay-gradient":""}},"footnotes":""},"categories":[],"tags":[],"class_list":["post-254811","page","type-page","status-publish","hentry"],"yoast_head":"<!-- This site is optimized with the Yoast SEO Premium plugin v27.4 (Yoast SEO v27.4) - https:\/\/yoast.com\/product\/yoast-seo-premium-wordpress\/ -->\n<title>Miami Beach Celebrates Earth Month - City of Miami Beach<\/title>\n<meta name=\"description\" content=\"%\" \/>\n<meta name=\"robots\" content=\"index, follow, max-snippet:-1, max-image-preview:large, max-video-preview:-1\" \/>\n<link rel=\"canonical\" href=\"https:\/\/www.miamibeachfl.gov\/de\/spotlight\/april-2023-business-spotlight-copy-copy\/\" \/>\n<meta property=\"og:locale\" content=\"de_DE\" \/>\n<meta property=\"og:type\" content=\"article\" \/>\n<meta property=\"og:title\" content=\"Miami Beach Celebrates Earth Month\" \/>\n<meta property=\"og:description\" content=\"%\" \/>\n<meta property=\"og:url\" content=\"https:\/\/www.miamibeachfl.gov\/de\/spotlight\/april-2023-business-spotlight-copy-copy\/\" \/>\n<meta property=\"og:site_name\" content=\"City of Miami Beach\" \/>\n<meta property=\"article:publisher\" content=\"https:\/\/www.facebook.com\/cityofmiamibeach\" \/>\n<meta property=\"article:modified_time\" content=\"2025-06-03T02:10:55+00:00\" \/>\n<meta property=\"og:image\" content=\"https:\/\/www.miamibeachfl.gov\/wp-content\/uploads\/2023\/04\/1.26-MBCC-Sustainability-Highlight-Linkedin.png\" \/>\n<meta name=\"twitter:card\" content=\"summary_large_image\" \/>\n<meta name=\"twitter:site\" content=\"@Miamibeachnews\" \/>\n<script type=\"application\/ld+json\" class=\"yoast-schema-graph\">{\"@context\":\"https:\\\/\\\/schema.org\",\"@graph\":[{\"@type\":\"WebPage\",\"@id\":\"https:\\\/\\\/www.miamibeachfl.gov\\\/spotlight\\\/april-2023-business-spotlight-copy-copy\\\/\",\"url\":\"https:\\\/\\\/www.miamibeachfl.gov\\\/spotlight\\\/april-2023-business-spotlight-copy-copy\\\/\",\"name\":\"Miami Beach Celebrates Earth Month - City of Miami Beach\",\"isPartOf\":{\"@id\":\"https:\\\/\\\/www.miamibeachfl.gov\\\/#website\"},\"primaryImageOfPage\":{\"@id\":\"https:\\\/\\\/www.miamibeachfl.gov\\\/spotlight\\\/april-2023-business-spotlight-copy-copy\\\/#primaryimage\"},\"image\":{\"@id\":\"https:\\\/\\\/www.miamibeachfl.gov\\\/spotlight\\\/april-2023-business-spotlight-copy-copy\\\/#primaryimage\"},\"thumbnailUrl\":\"https:\\\/\\\/www.miamibeachfl.gov\\\/wp-content\\\/uploads\\\/2023\\\/04\\\/1.26-MBCC-Sustainability-Highlight-Linkedin.png\",\"datePublished\":\"2023-04-03T15:01:55+00:00\",\"dateModified\":\"2025-06-03T02:10:55+00:00\",\"description\":\"%\",\"breadcrumb\":{\"@id\":\"https:\\\/\\\/www.miamibeachfl.gov\\\/spotlight\\\/april-2023-business-spotlight-copy-copy\\\/#breadcrumb\"},\"inLanguage\":\"de\",\"potentialAction\":[{\"@type\":\"ReadAction\",\"target\":[\"https:\\\/\\\/www.miamibeachfl.gov\\\/spotlight\\\/april-2023-business-spotlight-copy-copy\\\/\"]}]},{\"@type\":\"ImageObject\",\"inLanguage\":\"de\",\"@id\":\"https:\\\/\\\/www.miamibeachfl.gov\\\/spotlight\\\/april-2023-business-spotlight-copy-copy\\\/#primaryimage\",\"url\":\"https:\\\/\\\/www.miamibeachfl.gov\\\/wp-content\\\/uploads\\\/2023\\\/04\\\/1.26-MBCC-Sustainability-Highlight-Linkedin.png\",\"contentUrl\":\"https:\\\/\\\/www.miamibeachfl.gov\\\/wp-content\\\/uploads\\\/2023\\\/04\\\/1.26-MBCC-Sustainability-Highlight-Linkedin.png\"},{\"@type\":\"BreadcrumbList\",\"@id\":\"https:\\\/\\\/www.miamibeachfl.gov\\\/spotlight\\\/april-2023-business-spotlight-copy-copy\\\/#breadcrumb\",\"itemListElement\":[{\"@type\":\"ListItem\",\"position\":1,\"name\":\"Home\",\"item\":\"https:\\\/\\\/www.miamibeachfl.gov\\\/\"},{\"@type\":\"ListItem\",\"position\":2,\"name\":\"Business Newsletters and Spotlights\",\"item\":\"https:\\\/\\\/www.miamibeachfl.gov\\\/spotlight\\\/\"},{\"@type\":\"ListItem\",\"position\":3,\"name\":\"Miami Beach Celebrates Earth Month\"}]},{\"@type\":\"WebSite\",\"@id\":\"https:\\\/\\\/www.miamibeachfl.gov\\\/#website\",\"url\":\"https:\\\/\\\/www.miamibeachfl.gov\\\/\",\"name\":\"City of Miami Beach\",\"description\":\"The official website of the City of Miami Beach. Stay informed, find important information on city services, news, alerts, events, trolley routes, government employment and more.\",\"publisher\":{\"@id\":\"https:\\\/\\\/www.miamibeachfl.gov\\\/#organization\"},\"potentialAction\":[{\"@type\":\"SearchAction\",\"target\":{\"@type\":\"EntryPoint\",\"urlTemplate\":\"https:\\\/\\\/www.miamibeachfl.gov\\\/?s={search_term_string}\"},\"query-input\":{\"@type\":\"PropertyValueSpecification\",\"valueRequired\":true,\"valueName\":\"search_term_string\"}}],\"inLanguage\":\"de\"},{\"@type\":\"Organization\",\"@id\":\"https:\\\/\\\/www.miamibeachfl.gov\\\/#organization\",\"name\":\"City of Miami Beach\",\"url\":\"https:\\\/\\\/www.miamibeachfl.gov\\\/\",\"logo\":{\"@type\":\"ImageObject\",\"inLanguage\":\"de\",\"@id\":\"https:\\\/\\\/www.miamibeachfl.gov\\\/#\\\/schema\\\/logo\\\/image\\\/\",\"url\":\"https:\\\/\\\/www.miamibeachfl.gov\\\/wp-content\\\/uploads\\\/2022\\\/06\\\/miamibeach-logoblue.png\",\"contentUrl\":\"https:\\\/\\\/www.miamibeachfl.gov\\\/wp-content\\\/uploads\\\/2022\\\/06\\\/miamibeach-logoblue.png\",\"width\":1962,\"height\":381,\"caption\":\"City of Miami Beach\"},\"image\":{\"@id\":\"https:\\\/\\\/www.miamibeachfl.gov\\\/#\\\/schema\\\/logo\\\/image\\\/\"},\"sameAs\":[\"https:\\\/\\\/www.facebook.com\\\/cityofmiamibeach\",\"https:\\\/\\\/x.com\\\/Miamibeachnews\",\"https:\\\/\\\/www.instagram.com\\\/miamibeachnews\\\/\"],\"description\":\"The official website of the City of Miami Beach. Stay informed, find important information on city services, news, alerts, events, trolley routes, government employment and more.\",\"telephone\":\"305.604.CITY(2489)\",\"legalName\":\"City of Miami Beach\"}]}<\/script>\n<!-- \/ Yoast SEO Premium plugin. -->","yoast_head_json":{"title":"Miami Beach feiert den Earth Month - City of Miami Beach","description":"%","robots":{"index":"index","follow":"follow","max-snippet":"max-snippet:-1","max-image-preview":"max-image-preview:large","max-video-preview":"max-video-preview:-1"},"canonical":"https:\/\/www.miamibeachfl.gov\/de\/spotlight\/april-2023-business-spotlight-copy-copy\/","og_locale":"de_DE","og_type":"article","og_title":"Miami Beach Celebrates Earth Month","og_description":"%","og_url":"https:\/\/www.miamibeachfl.gov\/de\/spotlight\/april-2023-business-spotlight-copy-copy\/","og_site_name":"City of Miami Beach","article_publisher":"https:\/\/www.facebook.com\/cityofmiamibeach","article_modified_time":"2025-06-03T02:10:55+00:00","og_image":[{"url":"https:\/\/www.miamibeachfl.gov\/wp-content\/uploads\/2023\/04\/1.26-MBCC-Sustainability-Highlight-Linkedin.png","type":"","width":"","height":""}],"twitter_card":"summary_large_image","twitter_site":"@Miamibeachnews","schema":{"@context":"https:\/\/schema.org","@graph":[{"@type":"WebPage","@id":"https:\/\/www.miamibeachfl.gov\/spotlight\/april-2023-business-spotlight-copy-copy\/","url":"https:\/\/www.miamibeachfl.gov\/spotlight\/april-2023-business-spotlight-copy-copy\/","name":"Miami Beach feiert den Earth Month - City of Miami Beach","isPartOf":{"@id":"https:\/\/www.miamibeachfl.gov\/#website"},"primaryImageOfPage":{"@id":"https:\/\/www.miamibeachfl.gov\/spotlight\/april-2023-business-spotlight-copy-copy\/#primaryimage"},"image":{"@id":"https:\/\/www.miamibeachfl.gov\/spotlight\/april-2023-business-spotlight-copy-copy\/#primaryimage"},"thumbnailUrl":"https:\/\/www.miamibeachfl.gov\/wp-content\/uploads\/2023\/04\/1.26-MBCC-Sustainability-Highlight-Linkedin.png","datePublished":"2023-04-03T15:01:55+00:00","dateModified":"2025-06-03T02:10:55+00:00","description":"%","breadcrumb":{"@id":"https:\/\/www.miamibeachfl.gov\/spotlight\/april-2023-business-spotlight-copy-copy\/#breadcrumb"},"inLanguage":"de","potentialAction":[{"@type":"ReadAction","target":["https:\/\/www.miamibeachfl.gov\/spotlight\/april-2023-business-spotlight-copy-copy\/"]}]},{"@type":"ImageObject","inLanguage":"de","@id":"https:\/\/www.miamibeachfl.gov\/spotlight\/april-2023-business-spotlight-copy-copy\/#primaryimage","url":"https:\/\/www.miamibeachfl.gov\/wp-content\/uploads\/2023\/04\/1.26-MBCC-Sustainability-Highlight-Linkedin.png","contentUrl":"https:\/\/www.miamibeachfl.gov\/wp-content\/uploads\/2023\/04\/1.26-MBCC-Sustainability-Highlight-Linkedin.png"},{"@type":"BreadcrumbList","@id":"https:\/\/www.miamibeachfl.gov\/spotlight\/april-2023-business-spotlight-copy-copy\/#breadcrumb","itemListElement":[{"@type":"ListItem","position":1,"name":"Home","item":"https:\/\/www.miamibeachfl.gov\/"},{"@type":"ListItem","position":2,"name":"Business Newsletters and Spotlights","item":"https:\/\/www.miamibeachfl.gov\/spotlight\/"},{"@type":"ListItem","position":3,"name":"Miami Beach Celebrates Earth Month"}]},{"@type":"WebSite","@id":"https:\/\/www.miamibeachfl.gov\/#website","url":"https:\/\/www.miamibeachfl.gov\/","name":"Stadt Miami Beach","description":"Die offizielle Website der Stadt Miami Beach. Bleiben Sie informiert und finden Sie wichtige Informationen zu st\u00e4dtischen Dienstleistungen, Neuigkeiten, Warnungen, Veranstaltungen, Stra\u00dfenbahnlinien, Stellenangeboten im \u00f6ffentlichen Dienst und mehr.","publisher":{"@id":"https:\/\/www.miamibeachfl.gov\/#organization"},"potentialAction":[{"@type":"SearchAction","target":{"@type":"EntryPoint","urlTemplate":"https:\/\/www.miamibeachfl.gov\/?s={search_term_string}"},"query-input":{"@type":"PropertyValueSpecification","valueRequired":true,"valueName":"search_term_string"}}],"inLanguage":"de"},{"@type":"Organization","@id":"https:\/\/www.miamibeachfl.gov\/#organization","name":"Stadt Miami Beach","url":"https:\/\/www.miamibeachfl.gov\/","logo":{"@type":"ImageObject","inLanguage":"de","@id":"https:\/\/www.miamibeachfl.gov\/#\/schema\/logo\/image\/","url":"https:\/\/www.miamibeachfl.gov\/wp-content\/uploads\/2022\/06\/miamibeach-logoblue.png","contentUrl":"https:\/\/www.miamibeachfl.gov\/wp-content\/uploads\/2022\/06\/miamibeach-logoblue.png","width":1962,"height":381,"caption":"City of Miami Beach"},"image":{"@id":"https:\/\/www.miamibeachfl.gov\/#\/schema\/logo\/image\/"},"sameAs":["https:\/\/www.facebook.com\/cityofmiamibeach","https:\/\/x.com\/Miamibeachnews","https:\/\/www.instagram.com\/miamibeachnews\/"],"description":"Die offizielle Website der Stadt Miami Beach. Bleiben Sie informiert und finden Sie wichtige Informationen zu st\u00e4dtischen Dienstleistungen, Neuigkeiten, Warnungen, Veranstaltungen, Stra\u00dfenbahnlinien, Stellenangeboten im \u00f6ffentlichen Dienst und mehr.","telephone":"305.604.CITY(2489)","legalName":"City of Miami Beach"}]}},"_links":{"self":[{"href":"https:\/\/www.miamibeachfl.gov\/de\/wp-json\/wp\/v2\/pages\/254811","targetHints":{"allow":["GET"]}}],"collection":[{"href":"https:\/\/www.miamibeachfl.gov\/de\/wp-json\/wp\/v2\/pages"}],"about":[{"href":"https:\/\/www.miamibeachfl.gov\/de\/wp-json\/wp\/v2\/types\/page"}],"author":[{"embeddable":true,"href":"https:\/\/www.miamibeachfl.gov\/de\/wp-json\/wp\/v2\/users\/222"}],"replies":[{"embeddable":true,"href":"https:\/\/www.miamibeachfl.gov\/de\/wp-json\/wp\/v2\/comments?post=254811"}],"version-history":[{"count":1,"href":"https:\/\/www.miamibeachfl.gov\/de\/wp-json\/wp\/v2\/pages\/254811\/revisions"}],"predecessor-version":[{"id":375076,"href":"https:\/\/www.miamibeachfl.gov\/de\/wp-json\/wp\/v2\/pages\/254811\/revisions\/375076"}],"up":[{"embeddable":true,"href":"https:\/\/www.miamibeachfl.gov\/de\/wp-json\/wp\/v2\/pages\/253255"}],"wp:attachment":[{"href":"https:\/\/www.miamibeachfl.gov\/de\/wp-json\/wp\/v2\/media?parent=254811"}],"wp:term":[{"taxonomy":"category","embeddable":true,"href":"https:\/\/www.miamibeachfl.gov\/de\/wp-json\/wp\/v2\/categories?post=254811"},{"taxonomy":"post_tag","embeddable":true,"href":"https:\/\/www.miamibeachfl.gov\/de\/wp-json\/wp\/v2\/tags?post=254811"}],"curies":[{"name":"wp","href":"https:\/\/api.w.org\/{rel}","templated":true}]}}