{"id":255558,"date":"2023-04-04T14:05:30","date_gmt":"2023-04-04T18:05:30","guid":{"rendered":"https:\/\/www.miamibeachfl.gov\/?page_id=255558"},"modified":"2026-04-01T11:41:26","modified_gmt":"2026-04-01T15:41:26","slug":"indian-creek-drive-seawall-project","status":"publish","type":"page","link":"https:\/\/www.miamibeachfl.gov\/de\/projects\/indian-creek-drive-seawall-project\/","title":{"rendered":"Ufermauerprojekt Indian Creek Drive"},"content":{"rendered":"<h3>\n\t\t\tUfermauerprojekt Indian Creek Drive\t<\/h3>\n\t<p>Die Stadt Miami Beach ist von 88 Kilometern Deich umgeben. Davon befinden sich nur 8 Kilometer in \u00f6ffentlichem Besitz. Die Erh\u00f6hung und der Ersatz von Deichabschnitten sind Schritte zu einer widerstandsf\u00e4higeren Uferpromenade f\u00fcr unsere Stadt insgesamt. H\u00f6here Deiche tragen dazu bei, die Auswirkungen von \u00dcberschwemmungen und steigendem Meeresspiegel zu mildern.<\/p>\n\t\t<h3>\t\n\tProjekt-Updates<\/h3>\t\n\t\t\t\t\t\t\t\t<a href=\"#\" id=\"fl-tabs--label-0\" data-index=\"0\" aria-selected=\"true\" aria-controls=\"fl-tabs--panel-0\" aria-expanded=\"true\" role=\"tab\" tabindex=\"0\">\t\t\t\tNEUE UPDATES\t\t\t\t<\/a>\n\t\t\t\t\t\t\t\t<a href=\"#\" id=\"fl-tabs--label-1\" data-index=\"1\" aria-selected=\"false\" aria-controls=\"fl-tabs--panel-1\" aria-expanded=\"false\" role=\"tab\" tabindex=\"0\">\t\t\t\tVERGANGENE UPDATES\t\t\t\t<\/a>\n\t\t\t\t\t\tNEUE UPDATES\n\t\t\t\t\t\t\t\t\t\t\t<p><a href=\"https:\/\/conta.cc\/44XKt8x\"><strong>Projektberatung \u2013 22.09.23<\/strong><\/a><\/p>\n<p><strong><a href=\"https:\/\/conta.cc\/45KCInD\">Projektberatung \u2013 9.8.23<\/a><\/strong><\/p>\n<p><a href=\"https:\/\/conta.cc\/3QUqKmz\"><strong>Projektberatung \u2013 25.08.23<\/strong><\/a><\/p>\n<p><strong><a href=\"https:\/\/conta.cc\/3OqjNqC\">Projektberatung \u2013 8.11.23<\/a><\/strong><\/p>\n<p><strong><a href=\"https:\/\/conta.cc\/455q3Lm\">Projektberatung \u2013 28.07.23<\/a><\/strong><\/p>\n\t\t\t\t\t\tVERGANGENE UPDATES\n\t\t\t\t\t\t\t\t\t\t\t<p><strong><a href=\"https:\/\/conta.cc\/3XQqSVE\">Projektberatung \u2013 14.07.23<\/a><\/strong><\/p>\n<p><strong><a href=\"https:\/\/conta.cc\/3J6MNSi\">Projektberatung \u2013 6.9.23<\/a><\/strong><\/p>\n<p><strong><a href=\"https:\/\/conta.cc\/3MsoTSg\">Projektberatung \u2013 26.05.23<\/a><\/strong><\/p>\n<p><strong><a href=\"https:\/\/conta.cc\/3MisuDv\">Projektberatung \u2013 5.12.23<\/a><\/strong><\/p>\n<p><strong><a href=\"https:\/\/conta.cc\/3KzYLoY\">Projektberatung \u2013 24.03.23<\/a><\/strong><\/p>\n<p><strong><a href=\"https:\/\/conta.cc\/40Xn0m8\">Projektberatung \u2013 3.3.23<\/a><\/strong><\/p>\n<p><strong><a href=\"https:\/\/conta.cc\/3K6oROR\">Projektberatung \u2013 17.02.23<\/a><\/strong><\/p>\n<p><strong><a href=\"https:\/\/conta.cc\/3zt95bU\">Projektberatung \u2013 2.1.23<\/a><\/strong><\/p>\n<p><strong><a href=\"https:\/\/conta.cc\/3lZVKEZ\">Projektberatung \u2013 1.25.23<\/a><\/strong><\/p>\n<p><strong><a href=\"https:\/\/conta.cc\/40UOcSu\">Projektberatung \u2013 1.13.23<\/a><\/strong><\/p>\n<p><strong><a href=\"https:\/\/conta.cc\/3UcCK2r\">Projektberatung \u2013 1.6.23<\/a><\/strong><\/p>\n<p><strong><a href=\"https:\/\/conta.cc\/3UgsIgP\">Projektberatung \u2013 16.12.22<\/a><\/strong><\/p>\n<p><strong><a href=\"https:\/\/conta.cc\/3K4hlE2\">Projektberatung \u2013 12.2.22<\/a><\/strong><\/p>\n<p><strong><a href=\"https:\/\/conta.cc\/3m9HOrV\">Projektberatung \u2013 18.11.22<\/a><\/strong><\/p>\n<p><strong><a href=\"https:\/\/conta.cc\/3GcdS5h\">Projektberatung \u2013 14.11.22<\/a><\/strong><\/p>\n<p><strong><a href=\"https:\/\/conta.cc\/411AYDs\">Projektberatung \u2013 11.4.22<\/a><\/strong><\/p>\n<p><strong><a href=\"https:\/\/conta.cc\/3K7h8A1\">Projektberatung \u2013 28.10.22<\/a><\/strong><\/p>\n<p><strong><a href=\"https:\/\/conta.cc\/3MyuNDd\">Projektberatung \u2013 21.10.22<\/a><\/strong><\/p>\n<p><a href=\"https:\/\/conta.cc\/3MlWdvX\"><strong>Projektberatung \u2013 14.10.22<\/strong><\/a><\/p>\n<p><strong><a href=\"https:\/\/conta.cc\/3UcvpQG\">Projektberatung \u2013 10.7.22<\/a><\/strong><\/p>\n<p><strong><a href=\"https:\/\/conta.cc\/3UcuDmK\">Projektberatung \u2013 30.09.22<\/a><\/strong><\/p>\n<p><strong><a href=\"https:\/\/conta.cc\/3KzEqA5\">Projektberatung \u2013 23.09.22<\/a><\/strong><\/p>\n<p><strong><a href=\"https:\/\/conta.cc\/3zwGh2b\">Projektberatung \u2013 16.09.22<\/a><\/strong><\/p>\n<p><strong><a href=\"https:\/\/conta.cc\/3Kdbzjk\">Projektberatung \u2013 9.2.22<\/a><\/strong><\/p>\n<p><strong><a href=\"https:\/\/conta.cc\/40FOcGm\">Projektberatung \u2013 26.08.22<\/a><\/strong><\/p>\n<p><strong><a href=\"https:\/\/conta.cc\/3GfrPzg\">Projektberatung \u2013 19.08.22<\/a><\/strong><\/p>\n<p><strong><a href=\"https:\/\/conta.cc\/3zvB5LV\">Projektberatung \u2013 8.12.22<\/a><\/strong><\/p>\n<p><strong><a href=\"https:\/\/conta.cc\/3K6iT0p\">Projektberatung \u2013 8.5.22<\/a><\/strong><\/p>\n<p><strong><a href=\"https:\/\/conta.cc\/40DUpSZ\">Projektberatung \u2013 29.07.22<\/a><\/strong><\/p>\n<p><strong><a href=\"https:\/\/conta.cc\/414qGml\">Projektberatung \u2013 22.07.22<\/a><\/strong><\/p>\n<p><strong><a href=\"https:\/\/conta.cc\/3GhcOwP\">Projektberatung \u2013 15.07.22<\/a><\/strong><\/p>\n<p><strong><a href=\"https:\/\/conta.cc\/42XjABE\">Projektberatung \u2013 7.8.22<\/a><\/strong><\/p>\n<p><strong><a href=\"https:\/\/conta.cc\/3m54Fom\">Projektberatung \u2013 7.1.22<\/a><\/strong><\/p>\n<p><strong><a href=\"https:\/\/conta.cc\/435W0Tl\">Projektberatung \u2013 24.06.22<\/a><\/strong><\/p>\n<p><strong><a href=\"https:\/\/conta.cc\/412XagL\">Projektberatung \u2013 6.10.22<\/a><\/strong><\/p>\n<p><strong><a href=\"https:\/\/conta.cc\/3ZJ4QDH\">Projektberatung \u2013 6.3.22<\/a><\/strong><\/p>\n<p><strong><a href=\"https:\/\/conta.cc\/40Sqeri\">Projektberatung \u2013 27.05.22<\/a><\/strong><\/p>\n<p><strong><a href=\"https:\/\/conta.cc\/3ztc0RV\">Projektberatung \u2013 5.12.22<\/a><\/strong><\/p>\n<p><strong><a href=\"https:\/\/conta.cc\/40HBjLQ\">Projektberatung \u2013 5.6.22<\/a><\/strong><\/p>\n\t\t<h3>\t\n\tH\u00e4ufig gestellte Fragen (FAQs)<\/h3>\t\n\t\t\t\t\t<a href=\"#\"  id=\"fl-accordion--label-0\" tabindex=\"0\" aria-controls=\"fl-accordion--panel-0\">Was ist der Zweck dieses Projekts?<\/a>\n\t\t\t\t\t\t\t\t\t\t\t<a href=\"#\" id=\"fl-accordion--icon-0\"  tabindex=\"0\"><i title=\"Expandieren\">Expandieren<\/i><\/a>\n\t\t\t\t\t<p>Die Erh\u00f6hung und der Ersatz von Deichabschnitten sind Schritte zu einer widerstandsf\u00e4higeren Uferpromenade f\u00fcr unsere gesamte Stadt. H\u00f6here Deiche tragen dazu bei, die Auswirkungen von Fluten und steigendem Meeresspiegel zu mildern. W\u00e4hrend die Stadt private Grundst\u00fcckseigent\u00fcmer informiert und f\u00f6rdert, ihre Deiche zu erh\u00f6hen und zu ersetzen, arbeiten wir gleichzeitig daran, die \u00f6ffentlichen Deichabschnitte in der gesamten Stadt zu erh\u00f6hen und zu ersetzen.<\/p>\n\t\t\t\t\t<a href=\"#\"  id=\"fl-accordion--label-1\" tabindex=\"0\" aria-controls=\"fl-accordion--panel-1\">Wo wird dieses Projekt stattfinden?<\/a>\n\t\t\t\t\t\t\t\t\t\t\t<a href=\"#\" id=\"fl-accordion--icon-1\"  tabindex=\"0\"><i title=\"Expandieren\">Expandieren<\/i><\/a>\n\t\t\t\t\t<p>Entlang des Indian Creek Drive zwischen der 41. und 29. Stra\u00dfe wird derzeit ein neuer Uferwall errichtet. Der Auftragnehmer hat in der N\u00e4he der 41. Stra\u00dfe mit den Bauarbeiten begonnen und arbeitet sich Richtung S\u00fcden vor.<\/p>\n\t\t\t\t\t<a href=\"#\"  id=\"fl-accordion--label-2\" tabindex=\"0\" aria-controls=\"fl-accordion--panel-2\">Wie ist der Zeitplan des Projekts?<\/a>\n\t\t\t\t\t\t\t\t\t\t\t<a href=\"#\" id=\"fl-accordion--icon-2\"  tabindex=\"0\"><i title=\"Expandieren\">Expandieren<\/i><\/a>\n\t\t\t\t\t<p>Diese Projektphase soll voraussichtlich bis Sommer 2023 abgeschlossen sein. Die Bauarbeiten dauern werktags von 7 bis 17 Uhr. Verl\u00e4ngerungen k\u00f6nnen nur nach Genehmigung der Stadt und Benachrichtigung der Gemeinde erfolgen. Bitte beachten Sie, dass sich dieser Zeitplan aufgrund von Wetterbedingungen oder unvorhergesehenen Umst\u00e4nden \u00e4ndern kann.<\/p>\n<h3>\n\t\t\tProjektmitarbeiter\t<\/h3>\n\t<hr \/>\n<h3><strong>Abteilungsleiter<br \/>\n\u00d6ffentliche Arbeiten<\/strong><\/h3>\n<h3><strong>Abteilungsleiter<br \/>\n<\/strong><strong>Joe Gomez, PE<\/strong><\/h3>\n<h3><strong>Stadtingenieur<br \/>\n<\/strong><strong>Cristina Ortega, PE<\/strong><\/h3>\n<h3><strong>Projektingenieur<br \/>\n<\/strong><strong>Davidson Dalger<\/strong><\/h3>\n<h3><strong>Bauleiter<br \/>\n<\/strong><strong>Matthew LePera<\/strong><\/h3>\n<hr \/>\n<h3>Kontaktperson f\u00fcr \u00f6ffentliche Informationen<br \/>\nHeather M. Leslie<br \/>\n<a href=\"mailto:heather@hmlpublicoutreach.com\">Heather@hmlpublicoutreach.com<\/a><\/h3>\n<h3>Koordinator f\u00fcr Nachbarschaftsangelegenheiten<br \/>\nGabriella Gonzalez<br \/>\n<a href=\"mailto:GabriellaGonzalez@miamibeachfl.gov\">GabriellaGonzalez@miamibeachfl.gov<\/a><\/h3>\n<hr \/>\n<h3>Auftragnehmer<br \/>\nShoreline Foundation, Inc.<\/h3>\n<h3>Berater<br \/>\nChrome Engineering, Inc.<\/h3>\n<h3>\n\t\t\tFinanzierung\t<\/h3>\n\t\t<h3>\t\n\tGesamtbudget: $4.344.291,48<\/h3>\t\n<h3>\n\t\t\tProjektstatus\t<\/h3>\n\t\t<h3>\t\n\tKonstruktion<\/h3>\t\n\t\t\t\t\t95%\t\t\t\t\n<h3>\n\t\t\tStandort\t<\/h3>\n\t<iframe src=\"https:\/\/www.google.com\/maps\/embed\/v1\/place?q=41+Street+%26+Indian+Creek+Drive%2C+Miami+Beach+FL&#038;key=AIzaSyD09zQ9PNDNNy9TadMuzRV_UsPUoWKntt8\" aria-hidden=\"true\" title=\"Indian Creek Drive, Miami Beach Karte\"><\/iframe>\n<h3>\n\t\t\tWeitere Informationen anfordern\t<\/h3>\n\t\t<h3>Zuletzt aktualisiert<\/h3><p>November 2023<\/p>","protected":false},"excerpt":{"rendered":"<p>Indian Creek Drive Seawall-Projekt Die Stadt Miami Beach ist von 88 Kilometern Ufermauer umgeben. Davon [\u2026]<\/p>","protected":false},"author":256,"featured_media":0,"parent":397831,"menu_order":193,"comment_status":"closed","ping_status":"closed","template":"","meta":{"_searchwp_excluded":"","site-sidebar-layout":"default","site-content-layout":"","ast-site-content-layout":"default","site-content-style":"default","site-sidebar-style":"default","ast-global-header-display":"","ast-banner-title-visibility":"","ast-main-header-display":"","ast-hfb-above-header-display":"","ast-hfb-below-header-display":"","ast-hfb-mobile-header-display":"","site-post-title":"","ast-breadcrumbs-content":"","ast-featured-img":"","footer-sml-layout":"","theme-transparent-header-meta":"","adv-header-id-meta":"","stick-header-meta":"","header-above-stick-meta":"","header-main-stick-meta":"","header-below-stick-meta":"","astra-migrate-meta-layouts":"default","ast-page-background-enabled":"default","ast-page-background-meta":{"desktop":{"background-color":"var(--ast-global-color-5)","background-image":"","background-repeat":"repeat","background-position":"center center","background-size":"auto","background-attachment":"scroll","background-type":"","background-media":"","overlay-type":"","overlay-color":"","overlay-opacity":"","overlay-gradient":""},"tablet":{"background-color":"","background-image":"","background-repeat":"repeat","background-position":"center center","background-size":"auto","background-attachment":"scroll","background-type":"","background-media":"","overlay-type":"","overlay-color":"","overlay-opacity":"","overlay-gradient":""},"mobile":{"background-color":"","background-image":"","background-repeat":"repeat","background-position":"center center","background-size":"auto","background-attachment":"scroll","background-type":"","background-media":"","overlay-type":"","overlay-color":"","overlay-opacity":"","overlay-gradient":""}},"ast-content-background-meta":{"desktop":{"background-color":"var(--ast-global-color-4)","background-image":"","background-repeat":"repeat","background-position":"center center","background-size":"auto","background-attachment":"scroll","background-type":"","background-media":"","overlay-type":"","overlay-color":"","overlay-opacity":"","overlay-gradient":""},"tablet":{"background-color":"var(--ast-global-color-4)","background-image":"","background-repeat":"repeat","background-position":"center center","background-size":"auto","background-attachment":"scroll","background-type":"","background-media":"","overlay-type":"","overlay-color":"","overlay-opacity":"","overlay-gradient":""},"mobile":{"background-color":"var(--ast-global-color-4)","background-image":"","background-repeat":"repeat","background-position":"center center","background-size":"auto","background-attachment":"scroll","background-type":"","background-media":"","overlay-type":"","overlay-color":"","overlay-opacity":"","overlay-gradient":""}},"footnotes":""},"categories":[],"tags":[],"class_list":["post-255558","page","type-page","status-publish","hentry"],"yoast_head":"<!-- This site is optimized with the Yoast SEO Premium plugin v26.6 (Yoast SEO v26.6) - https:\/\/yoast.com\/wordpress\/plugins\/seo\/ -->\n<title>Indian Creek Drive Seawall Project - City of Miami Beach<\/title>\n<meta name=\"description\" content=\"%\" \/>\n<meta name=\"robots\" content=\"index, follow, max-snippet:-1, max-image-preview:large, max-video-preview:-1\" \/>\n<link rel=\"canonical\" href=\"https:\/\/www.miamibeachfl.gov\/de\/projects\/indian-creek-drive-seawall-project\/\" \/>\n<meta property=\"og:locale\" content=\"de_DE\" \/>\n<meta property=\"og:type\" content=\"article\" \/>\n<meta property=\"og:title\" content=\"Indian Creek Drive Seawall Project\" \/>\n<meta property=\"og:description\" content=\"%\" \/>\n<meta property=\"og:url\" content=\"https:\/\/www.miamibeachfl.gov\/de\/projects\/indian-creek-drive-seawall-project\/\" \/>\n<meta property=\"og:site_name\" content=\"City of Miami Beach\" \/>\n<meta property=\"article:publisher\" content=\"https:\/\/www.facebook.com\/cityofmiamibeach\" \/>\n<meta property=\"article:modified_time\" content=\"2026-04-01T15:41:26+00:00\" \/>\n<meta property=\"og:image\" content=\"https:\/\/www.miamibeachfl.gov\/wp-content\/uploads\/2024\/01\/1000pxSquare-miamibeach-aerial-southpointview.jpeg\" \/>\n\t<meta property=\"og:image:width\" content=\"1000\" \/>\n\t<meta property=\"og:image:height\" content=\"1000\" \/>\n\t<meta property=\"og:image:type\" content=\"image\/jpeg\" \/>\n<meta name=\"twitter:card\" content=\"summary_large_image\" \/>\n<meta name=\"twitter:site\" content=\"@Miamibeachnews\" \/>\n<script type=\"application\/ld+json\" class=\"yoast-schema-graph\">{\"@context\":\"https:\/\/schema.org\",\"@graph\":[{\"@type\":\"WebPage\",\"@id\":\"https:\/\/www.miamibeachfl.gov\/projects\/indian-creek-drive-seawall-project\/\",\"url\":\"https:\/\/www.miamibeachfl.gov\/projects\/indian-creek-drive-seawall-project\/\",\"name\":\"Indian Creek Drive Seawall Project - City of Miami Beach\",\"isPartOf\":{\"@id\":\"https:\/\/www.miamibeachfl.gov\/#website\"},\"datePublished\":\"2023-04-04T18:05:30+00:00\",\"dateModified\":\"2026-04-01T15:41:26+00:00\",\"description\":\"%\",\"breadcrumb\":{\"@id\":\"https:\/\/www.miamibeachfl.gov\/projects\/indian-creek-drive-seawall-project\/#breadcrumb\"},\"inLanguage\":\"de\",\"potentialAction\":[{\"@type\":\"ReadAction\",\"target\":[\"https:\/\/www.miamibeachfl.gov\/projects\/indian-creek-drive-seawall-project\/\"]}]},{\"@type\":\"BreadcrumbList\",\"@id\":\"https:\/\/www.miamibeachfl.gov\/projects\/indian-creek-drive-seawall-project\/#breadcrumb\",\"itemListElement\":[{\"@type\":\"ListItem\",\"position\":1,\"name\":\"Home\",\"item\":\"https:\/\/www.miamibeachfl.gov\/\"},{\"@type\":\"ListItem\",\"position\":2,\"name\":\"Projects\",\"item\":\"https:\/\/www.miamibeachfl.gov\/projects\/\"},{\"@type\":\"ListItem\",\"position\":3,\"name\":\"Indian Creek Drive Seawall Project\"}]},{\"@type\":\"WebSite\",\"@id\":\"https:\/\/www.miamibeachfl.gov\/#website\",\"url\":\"https:\/\/www.miamibeachfl.gov\/\",\"name\":\"City of Miami Beach\",\"description\":\"The official website of the City of Miami Beach. Stay informed, find important information on city services, news, alerts, events, trolley routes, government employment and more.\",\"publisher\":{\"@id\":\"https:\/\/www.miamibeachfl.gov\/#organization\"},\"potentialAction\":[{\"@type\":\"SearchAction\",\"target\":{\"@type\":\"EntryPoint\",\"urlTemplate\":\"https:\/\/www.miamibeachfl.gov\/?s={search_term_string}\"},\"query-input\":{\"@type\":\"PropertyValueSpecification\",\"valueRequired\":true,\"valueName\":\"search_term_string\"}}],\"inLanguage\":\"de\"},{\"@type\":\"Organization\",\"@id\":\"https:\/\/www.miamibeachfl.gov\/#organization\",\"name\":\"City of Miami Beach\",\"url\":\"https:\/\/www.miamibeachfl.gov\/\",\"logo\":{\"@type\":\"ImageObject\",\"inLanguage\":\"de\",\"@id\":\"https:\/\/www.miamibeachfl.gov\/#\/schema\/logo\/image\/\",\"url\":\"https:\/\/www.miamibeachfl.gov\/wp-content\/uploads\/2022\/06\/miamibeach-logoblue.png\",\"contentUrl\":\"https:\/\/www.miamibeachfl.gov\/wp-content\/uploads\/2022\/06\/miamibeach-logoblue.png\",\"width\":1962,\"height\":381,\"caption\":\"City of Miami Beach\"},\"image\":{\"@id\":\"https:\/\/www.miamibeachfl.gov\/#\/schema\/logo\/image\/\"},\"sameAs\":[\"https:\/\/www.facebook.com\/cityofmiamibeach\",\"https:\/\/x.com\/Miamibeachnews\",\"https:\/\/www.instagram.com\/miamibeachnews\/\"],\"description\":\"The official website of the City of Miami Beach. Stay informed, find important information on city services, news, alerts, events, trolley routes, government employment and more.\",\"telephone\":\"305.604.CITY(2489)\",\"legalName\":\"City of Miami Beach\"}]}<\/script>\n<!-- \/ Yoast SEO Premium plugin. -->","yoast_head_json":{"title":"Indian Creek Drive Seawall-Projekt - Stadt Miami Beach","description":"%","robots":{"index":"index","follow":"follow","max-snippet":"max-snippet:-1","max-image-preview":"max-image-preview:large","max-video-preview":"max-video-preview:-1"},"canonical":"https:\/\/www.miamibeachfl.gov\/de\/projects\/indian-creek-drive-seawall-project\/","og_locale":"de_DE","og_type":"article","og_title":"Indian Creek Drive Seawall Project","og_description":"%","og_url":"https:\/\/www.miamibeachfl.gov\/de\/projects\/indian-creek-drive-seawall-project\/","og_site_name":"City of Miami Beach","article_publisher":"https:\/\/www.facebook.com\/cityofmiamibeach","article_modified_time":"2026-04-01T15:41:26+00:00","og_image":[{"width":1000,"height":1000,"url":"https:\/\/www.miamibeachfl.gov\/wp-content\/uploads\/2024\/01\/1000pxSquare-miamibeach-aerial-southpointview.jpeg","type":"image\/jpeg"}],"twitter_card":"summary_large_image","twitter_site":"@Miamibeachnews","schema":{"@context":"https:\/\/schema.org","@graph":[{"@type":"WebPage","@id":"https:\/\/www.miamibeachfl.gov\/projects\/indian-creek-drive-seawall-project\/","url":"https:\/\/www.miamibeachfl.gov\/projects\/indian-creek-drive-seawall-project\/","name":"Indian Creek Drive Seawall-Projekt - Stadt Miami Beach","isPartOf":{"@id":"https:\/\/www.miamibeachfl.gov\/#website"},"datePublished":"2023-04-04T18:05:30+00:00","dateModified":"2026-04-01T15:41:26+00:00","description":"%","breadcrumb":{"@id":"https:\/\/www.miamibeachfl.gov\/projects\/indian-creek-drive-seawall-project\/#breadcrumb"},"inLanguage":"de","potentialAction":[{"@type":"ReadAction","target":["https:\/\/www.miamibeachfl.gov\/projects\/indian-creek-drive-seawall-project\/"]}]},{"@type":"BreadcrumbList","@id":"https:\/\/www.miamibeachfl.gov\/projects\/indian-creek-drive-seawall-project\/#breadcrumb","itemListElement":[{"@type":"ListItem","position":1,"name":"Home","item":"https:\/\/www.miamibeachfl.gov\/"},{"@type":"ListItem","position":2,"name":"Projects","item":"https:\/\/www.miamibeachfl.gov\/projects\/"},{"@type":"ListItem","position":3,"name":"Indian Creek Drive Seawall Project"}]},{"@type":"WebSite","@id":"https:\/\/www.miamibeachfl.gov\/#website","url":"https:\/\/www.miamibeachfl.gov\/","name":"Stadt Miami Beach","description":"Die offizielle Website der Stadt Miami Beach. Bleiben Sie informiert und finden Sie wichtige Informationen zu st\u00e4dtischen Dienstleistungen, Neuigkeiten, Warnungen, Veranstaltungen, Stra\u00dfenbahnlinien, Stellenangeboten im \u00f6ffentlichen Dienst und mehr.","publisher":{"@id":"https:\/\/www.miamibeachfl.gov\/#organization"},"potentialAction":[{"@type":"SearchAction","target":{"@type":"EntryPoint","urlTemplate":"https:\/\/www.miamibeachfl.gov\/?s={search_term_string}"},"query-input":{"@type":"PropertyValueSpecification","valueRequired":true,"valueName":"search_term_string"}}],"inLanguage":"de"},{"@type":"Organization","@id":"https:\/\/www.miamibeachfl.gov\/#organization","name":"Stadt Miami Beach","url":"https:\/\/www.miamibeachfl.gov\/","logo":{"@type":"ImageObject","inLanguage":"de","@id":"https:\/\/www.miamibeachfl.gov\/#\/schema\/logo\/image\/","url":"https:\/\/www.miamibeachfl.gov\/wp-content\/uploads\/2022\/06\/miamibeach-logoblue.png","contentUrl":"https:\/\/www.miamibeachfl.gov\/wp-content\/uploads\/2022\/06\/miamibeach-logoblue.png","width":1962,"height":381,"caption":"City of Miami Beach"},"image":{"@id":"https:\/\/www.miamibeachfl.gov\/#\/schema\/logo\/image\/"},"sameAs":["https:\/\/www.facebook.com\/cityofmiamibeach","https:\/\/x.com\/Miamibeachnews","https:\/\/www.instagram.com\/miamibeachnews\/"],"description":"Die offizielle Website der Stadt Miami Beach. Bleiben Sie informiert und finden Sie wichtige Informationen zu st\u00e4dtischen Dienstleistungen, Neuigkeiten, Warnungen, Veranstaltungen, Stra\u00dfenbahnlinien, Stellenangeboten im \u00f6ffentlichen Dienst und mehr.","telephone":"305.604.CITY(2489)","legalName":"City of Miami Beach"}]}},"_links":{"self":[{"href":"https:\/\/www.miamibeachfl.gov\/de\/wp-json\/wp\/v2\/pages\/255558","targetHints":{"allow":["GET"]}}],"collection":[{"href":"https:\/\/www.miamibeachfl.gov\/de\/wp-json\/wp\/v2\/pages"}],"about":[{"href":"https:\/\/www.miamibeachfl.gov\/de\/wp-json\/wp\/v2\/types\/page"}],"author":[{"embeddable":true,"href":"https:\/\/www.miamibeachfl.gov\/de\/wp-json\/wp\/v2\/users\/256"}],"replies":[{"embeddable":true,"href":"https:\/\/www.miamibeachfl.gov\/de\/wp-json\/wp\/v2\/comments?post=255558"}],"version-history":[{"count":0,"href":"https:\/\/www.miamibeachfl.gov\/de\/wp-json\/wp\/v2\/pages\/255558\/revisions"}],"up":[{"embeddable":true,"href":"https:\/\/www.miamibeachfl.gov\/de\/wp-json\/wp\/v2\/pages\/397831"}],"wp:attachment":[{"href":"https:\/\/www.miamibeachfl.gov\/de\/wp-json\/wp\/v2\/media?parent=255558"}],"wp:term":[{"taxonomy":"category","embeddable":true,"href":"https:\/\/www.miamibeachfl.gov\/de\/wp-json\/wp\/v2\/categories?post=255558"},{"taxonomy":"post_tag","embeddable":true,"href":"https:\/\/www.miamibeachfl.gov\/de\/wp-json\/wp\/v2\/tags?post=255558"}],"curies":[{"name":"wp","href":"https:\/\/api.w.org\/{rel}","templated":true}]}}