{"id":255740,"date":"2023-04-05T10:01:51","date_gmt":"2023-04-05T14:01:51","guid":{"rendered":"https:\/\/www.miamibeachfl.gov\/?page_id=255740"},"modified":"2025-05-25T17:00:38","modified_gmt":"2025-05-25T21:00:38","slug":"2023-41st-st-business-improvement-district","status":"publish","type":"page","link":"https:\/\/www.miamibeachfl.gov\/de\/city-hall\/city-clerk\/2023-41st-st-business-improvement-district\/","title":{"rendered":"2023 \u2013 41. Stra\u00dfe Gesch\u00e4ftsverbesserungsbezirk"},"content":{"rendered":"<img decoding=\"async\" src=\"https:\/\/www.miamibeachfl.gov\/wp-content\/uploads\/2022\/07\/hero-small.jpg\" alt=\"ocean drive art deco buildings\" itemprop=\"image\" title=\"Held-klein\" onerror=\"this.style.display='none'\" loading='lazy' \/>\n<h1>\n\t\t\t41. Stra\u00dfe Gesch\u00e4ftsverbesserungsbezirk\t<\/h1>\n\t<nav id=\"breadcrumbs\" aria-label=\"Paniermehl\"><a href=\"https:\/\/www.miamibeachfl.gov\/de\/\">Heim<\/a> &gt; <a href=\"https:\/\/www.miamibeachfl.gov\/de\/city-hall\/\">Rathaus<\/a> &gt; <a href=\"https:\/\/www.miamibeachfl.gov\/de\/city-hall\/city-clerk\/\">Stadtschreiber<\/a> &gt; <strong>2023 \u2013 41. Stra\u00dfe Gesch\u00e4ftsverbesserungsbezirk<\/strong><\/nav>\n\t<ul>\n<li><a href=\"https:\/\/www.miamibeachfl.gov\/wp-content\/uploads\/2023\/07\/Resolution-2023-32715.pdf\">Beschluss Nr. 2023-32715: Ein Beschluss des B\u00fcrgermeisters und der Stadtkommission der Stadt Miami Beach, Florida, zur Genehmigung der endg\u00fcltigen Steuerliste f\u00fcr den Sondersteuerbezirk, bekannt als 41st Street Business Improvement District, nach einer ordnungsgem\u00e4\u00df angek\u00fcndigten \u00f6ffentlichen Anh\u00f6rung gem\u00e4\u00df den Abschnitten 170.07 und 170.08 der Gesetze Floridas und zur Best\u00e4tigung, dass diese Steuerbewertungen bis zur Bezahlung rechtm\u00e4\u00dfig, g\u00fcltig und verbindlich als erstrangige Pfandrechte an dem Grundst\u00fcck gelten, f\u00fcr das diese Bewertungen vorgenommen werden.<\/a><\/li>\n<li><a href=\"https:\/\/www.miamibeachfl.gov\/wp-content\/uploads\/2023\/07\/Resolution-2023-32630.pdf\">Resolution Nr. 2023-32630: Eine Resolution des B\u00fcrgermeisters und der Stadtkommission der Stadt Miami Beach, Florida, zur Annahme der offiziellen Wahlzertifizierung des Wahlausschusses f\u00fcr die Sonderwahl per Briefwahl, die vom 5. bis 27. Juni 2023 in der Stadt Miami Beach stattfindet, um festzustellen, ob eine Mehrheit der betroffenen Grundst\u00fcckseigent\u00fcmer der Schaffung eines Sonderbewertungsbezirks mit der Bezeichnung 41st Street Business Improvement District zustimmt\u00a0<\/a><\/li>\n<li><a href=\"https:\/\/www.miamibeachfl.gov\/wp-content\/uploads\/2023\/06\/Official-Election-Certification-of-the-Canvassing-Board.pdf\">Offizielle Wahlbescheinigung des Wahlausschusses<\/a><\/li>\n<li><a href=\"https:\/\/www.miamibeachfl.gov\/wp-content\/uploads\/2023\/06\/LTC-291-2023-Official-Election-Certification-of-the-Canvassing-Board-Creation-of-41st-Street-Business-Improvement-District.pdf\">Brief an die Kommission Nr. 291-2023 Offizielle Wahlbescheinigung des Wahlausschusses<\/a><\/li>\n<li><a href=\"https:\/\/www.miamibeachfl.gov\/wp-content\/uploads\/2023\/06\/Daily-Ballot-Tracking-Totals-for-Web-June-27-2023-1.pdf\">T\u00e4gliche Stimmzettelverfolgung<\/a><\/li>\n<li><a href=\"https:\/\/www.miamibeachfl.gov\/wp-content\/uploads\/2023\/06\/41st-Street-Notice-BID-Web.pdf\">Bekanntmachung der \u00f6ffentlichen Anh\u00f6rung zur Genehmigung der endg\u00fcltigen Steuerliste<\/a><\/li>\n<li><a href=\"https:\/\/www.miamibeachfl.gov\/wp-content\/uploads\/2023\/06\/Assessment-Roll-6-22-23.pdf\">Beurteilungsliste<\/a><\/li>\n<li><a href=\"https:\/\/www.miamibeachfl.gov\/wp-content\/uploads\/2023\/05\/OFFICIAL-BALLOT-REG-RB-KM-LGT.pdf\">Offizielle Abstimmung<\/a>\u00a0 \/\u00a0 <a href=\"https:\/\/www.miamibeachfl.gov\/wp-content\/uploads\/2023\/05\/BOLETA-OFICIAL-REG-RB-KM-LG.pdf\">Offizieller Newsletter<\/a><\/li>\n<li><a href=\"https:\/\/www.miamibeachfl.gov\/wp-content\/uploads\/2023\/05\/41BID-06272023-01-NOTICE-VERSION-REG-RB-NK.pdf\">Bekanntmachung der Sonderwahl per Post f\u00fcr das 41st Street Business Improvement District<\/a><\/li>\n<li><a href=\"https:\/\/www.miamibeachfl.gov\/wp-content\/uploads\/2023\/05\/41BID-06272023-01-ES-AVISO-VERSION-REG-RB-NK-LT.pdf\">Aviso de Elecci\u00f3n Especial de Voto por Correo para el 41st Street Business Improvement District<\/a><\/li>\n<li><a href=\"https:\/\/www.miamibeachfl.gov\/wp-content\/uploads\/2023\/08\/41BID-Canvassing-Board-AFTER-ACTION-FINAL.pdf\">27. Juni 2023 \u2013 Nachbesprechung der Wahlkampfsitzung<\/a><\/li>\n<li><a href=\"https:\/\/www.miamibeachfl.gov\/wp-content\/uploads\/2023\/06\/41BID-Canvassing-Board-Agenda-REG-NK.pdf\">Tagesordnung der Wahlkampfausschusssitzung vom 27. Juni 2023<\/a><\/li>\n<li><a href=\"https:\/\/www.miamibeachfl.gov\/wp-content\/uploads\/2023\/05\/MOU-Signed-41st-Street-BID.pdf\">Absichtserkl\u00e4rung zwischen Miami Beach und Middle Beach Partnership, Inc.<\/a><\/li>\n<li><a href=\"https:\/\/www.miamibeachfl.gov\/wp-content\/uploads\/2023\/05\/41st-Street-BID-Procedures.pdf\">41st Street Business Improvement District \u2013 Sonderverfahren f\u00fcr die Briefwahl<\/a><\/li>\n<li><a href=\"https:\/\/www.miamibeachfl.gov\/wp-content\/uploads\/2023\/05\/B-Methodology-and-Budget-Narrative.pdf\">Methodik und Budgetbeschreibung<\/a><\/li>\n<li><a href=\"https:\/\/www.miamibeachfl.gov\/wp-content\/uploads\/2023\/05\/C-Budget-Year-1.pdf\">Vorgeschlagenes Budget Jahr 1<\/a><\/li>\n<li><a href=\"https:\/\/www.miamibeachfl.gov\/wp-content\/uploads\/2023\/05\/Exhibit-D-Assessment-Plat.pdf\">Vorgeschlagene Bezirkskarte<\/a><\/li>\n<li><a href=\"https:\/\/www.miamibeachfl.gov\/wp-content\/uploads\/2023\/05\/Resolution-2023-32566.pdf\">Beschluss Nr. 2023-32566: Einberufung einer Sonderwahl per Briefwahl, 41st Street Business Improvement District<\/a><\/li>\n<li><a href=\"https:\/\/www.miamibeachfl.gov\/wp-content\/uploads\/2023\/05\/Resolution-2023-32565-1.pdf\">Resolution Nr. 2023-32565: Memorandum of Understanding ausf\u00fchren, Wahl zum Business Improvement District 41st Street genehmigen<\/a><\/li>\n<li><a href=\"https:\/\/www.miamibeachfl.gov\/wp-content\/uploads\/2023\/04\/Resolution-2023-32544.pdf\">Resolution Nr. 2023-32544: Schaffung eines 41st Street Business Improvement District<\/a><\/li>\n<li><a href=\"https:\/\/www.miamibeachfl.gov\/wp-content\/uploads\/2023\/05\/Resolution-2022-32348-10-26-22-Authorize-work-41-ST-BID.pdf\">Beschluss Nr. 2022-32348: Genehmigung von Arbeiten \/ Einrichtung eines Sonderbewertungsbezirks f\u00fcr die 41. Stra\u00dfe<\/a><\/li>\n<\/ul>\n\t\tNavigieren Sie zu\u2026\t\t\t\n\t\t\t\t\t<ul id=\"menu-city-clerk-main-menu\"><li id=\"menu-item-363744\"><a href=\"\/de\/city-hall\/city-clerk\/boards-and-committees\/\">Gremien und Aussch\u00fcsse<\/a><\/li>\n<li id=\"menu-item-363745\"><a href=\"\/de\/city-hall\/city-clerk\/meetings-and-agendas\/\">Sitzungen und Tagesordnungen der Stadt Miami Beach<\/a><\/li>\n<li id=\"menu-item-363746\"><a href=\"\/de\/city-hall\/city-clerk\/discrimination-in-employment\/\">Diskriminierung am Arbeitsplatz<\/a><\/li>\n<li id=\"menu-item-363747\"><a href=\"\/de\/city-hall\/city-clerk\/election-information\/\">Wahlinformationen<\/a><\/li>\n<li id=\"menu-item-363748\"><a href=\"\/de\/city-hall\/city-clerk\/forms\/\">Formulare<\/a><\/li>\n<li id=\"menu-item-363749\"><a href=\"\/de\/city-hall\/city-clerk\/meeting-notices\/\">Rechtliche Anzeigen und \u00f6ffentliche Bekanntmachungen<\/a><\/li>\n<li id=\"menu-item-363750\"><a href=\"\/de\/city-hall\/city-clerk\/lobbyist-information\/\">Lobbyisteninformationen<\/a><\/li>\n<li id=\"menu-item-363751\"><a href=\"\/de\/city-hall\/city-clerk\/marriage-license\/\">Heiratsurkunde<\/a><\/li>\n<li id=\"menu-item-363752\"><a href=\"\/de\/city-hall\/city-clerk\/public-records-request\/\">\u00d6ffentliche Aufzeichnungen \/ Laserfiche<\/a><\/li>\n<li id=\"menu-item-363753\"><a href=\"\/de\/city-hall\/city-clerk\/public-records-portal\/\">Portal f\u00fcr \u00f6ffentliche Aufzeichnungen<\/a><\/li>\n<li id=\"menu-item-363754\"><a href=\"\/de\/city-hall\/city-clerk\/residents-right-to-know\/\">Recht der Bewohner auf Information<\/a><\/li>\n<li id=\"menu-item-363755\"><a href=\"\/de\/city-hall\/city-clerk\/special-magistrate\/\">Sonderrichter<\/a><\/li>\n<\/ul>\t\n\t<div class=\"page-navigation\"><a class=\"prev-page\" href=\"https:\/\/www.miamibeachfl.gov\/de\/city-hall\/customer-service-center\/\">\u2190 Kundenservice-Center<\/a> <a class=\"next-page\" href=\"https:\/\/www.miamibeachfl.gov\/de\/city-hall\/cip\/\">Kapitalverbesserungsprojekte \u2192<\/a><\/div>","protected":false},"excerpt":{"rendered":"<p>41st St Business Improvement District Home &gt; City Hall &gt; City Clerk &gt; 2023 &#8211; 41st St Business Improvement District [&hellip;]<\/p>\n","protected":false},"author":222,"featured_media":0,"parent":28337,"menu_order":88,"comment_status":"closed","ping_status":"closed","template":"","meta":{"_searchwp_excluded":"","site-sidebar-layout":"default","site-content-layout":"","ast-site-content-layout":"default","site-content-style":"default","site-sidebar-style":"default","ast-global-header-display":"","ast-banner-title-visibility":"","ast-main-header-display":"","ast-hfb-above-header-display":"","ast-hfb-below-header-display":"","ast-hfb-mobile-header-display":"","site-post-title":"","ast-breadcrumbs-content":"","ast-featured-img":"","footer-sml-layout":"","theme-transparent-header-meta":"","adv-header-id-meta":"","stick-header-meta":"","header-above-stick-meta":"","header-main-stick-meta":"","header-below-stick-meta":"","astra-migrate-meta-layouts":"default","ast-page-background-enabled":"default","ast-page-background-meta":{"desktop":{"background-color":"var(--ast-global-color-5)","background-image":"","background-repeat":"repeat","background-position":"center center","background-size":"auto","background-attachment":"scroll","background-type":"","background-media":"","overlay-type":"","overlay-color":"","overlay-opacity":"","overlay-gradient":""},"tablet":{"background-color":"","background-image":"","background-repeat":"repeat","background-position":"center center","background-size":"auto","background-attachment":"scroll","background-type":"","background-media":"","overlay-type":"","overlay-color":"","overlay-opacity":"","overlay-gradient":""},"mobile":{"background-color":"","background-image":"","background-repeat":"repeat","background-position":"center center","background-size":"auto","background-attachment":"scroll","background-type":"","background-media":"","overlay-type":"","overlay-color":"","overlay-opacity":"","overlay-gradient":""}},"ast-content-background-meta":{"desktop":{"background-color":"var(--ast-global-color-4)","background-image":"","background-repeat":"repeat","background-position":"center center","background-size":"auto","background-attachment":"scroll","background-type":"","background-media":"","overlay-type":"","overlay-color":"","overlay-opacity":"","overlay-gradient":""},"tablet":{"background-color":"var(--ast-global-color-4)","background-image":"","background-repeat":"repeat","background-position":"center center","background-size":"auto","background-attachment":"scroll","background-type":"","background-media":"","overlay-type":"","overlay-color":"","overlay-opacity":"","overlay-gradient":""},"mobile":{"background-color":"var(--ast-global-color-4)","background-image":"","background-repeat":"repeat","background-position":"center center","background-size":"auto","background-attachment":"scroll","background-type":"","background-media":"","overlay-type":"","overlay-color":"","overlay-opacity":"","overlay-gradient":""}},"footnotes":""},"categories":[],"tags":[],"class_list":["post-255740","page","type-page","status-publish","hentry"],"yoast_head":"<!-- This site is optimized with the Yoast SEO Premium plugin v26.6 (Yoast SEO v26.6) - https:\/\/yoast.com\/wordpress\/plugins\/seo\/ -->\n<title>2023 - 41st St Business Improvement District - City of Miami Beach<\/title>\n<meta name=\"description\" content=\"The City of Miami Beach election information including voter registration, election demographics, candidate information, etc.\" \/>\n<meta name=\"robots\" content=\"index, follow, max-snippet:-1, max-image-preview:large, max-video-preview:-1\" \/>\n<link rel=\"canonical\" href=\"https:\/\/www.miamibeachfl.gov\/de\/city-hall\/city-clerk\/2023-41st-st-business-improvement-district\/\" \/>\n<meta property=\"og:locale\" content=\"de_DE\" \/>\n<meta property=\"og:type\" content=\"article\" \/>\n<meta property=\"og:title\" content=\"2023 - 41st St Business Improvement District\" \/>\n<meta property=\"og:description\" content=\"The City of Miami Beach election information including voter registration, election demographics, candidate information, etc.\" \/>\n<meta property=\"og:url\" content=\"https:\/\/www.miamibeachfl.gov\/de\/city-hall\/city-clerk\/2023-41st-st-business-improvement-district\/\" \/>\n<meta property=\"og:site_name\" content=\"City of Miami Beach\" \/>\n<meta property=\"article:publisher\" content=\"https:\/\/www.facebook.com\/cityofmiamibeach\" \/>\n<meta property=\"article:modified_time\" content=\"2025-05-25T21:00:38+00:00\" \/>\n<meta property=\"og:image\" content=\"https:\/\/www.miamibeachfl.gov\/wp-content\/uploads\/2022\/07\/hero-small.jpg\" \/>\n<meta name=\"twitter:card\" content=\"summary_large_image\" \/>\n<meta name=\"twitter:site\" content=\"@Miamibeachnews\" \/>\n<script type=\"application\/ld+json\" class=\"yoast-schema-graph\">{\"@context\":\"https:\/\/schema.org\",\"@graph\":[{\"@type\":\"WebPage\",\"@id\":\"https:\/\/www.miamibeachfl.gov\/city-hall\/city-clerk\/2023-41st-st-business-improvement-district\/\",\"url\":\"https:\/\/www.miamibeachfl.gov\/city-hall\/city-clerk\/2023-41st-st-business-improvement-district\/\",\"name\":\"2023 - 41st St Business Improvement District - City of Miami Beach\",\"isPartOf\":{\"@id\":\"https:\/\/www.miamibeachfl.gov\/#website\"},\"primaryImageOfPage\":{\"@id\":\"https:\/\/www.miamibeachfl.gov\/city-hall\/city-clerk\/2023-41st-st-business-improvement-district\/#primaryimage\"},\"image\":{\"@id\":\"https:\/\/www.miamibeachfl.gov\/city-hall\/city-clerk\/2023-41st-st-business-improvement-district\/#primaryimage\"},\"thumbnailUrl\":\"https:\/\/www.miamibeachfl.gov\/wp-content\/uploads\/2022\/07\/hero-small.jpg\",\"datePublished\":\"2023-04-05T14:01:51+00:00\",\"dateModified\":\"2025-05-25T21:00:38+00:00\",\"description\":\"The City of Miami Beach election information including voter registration, election demographics, candidate information, etc.\",\"breadcrumb\":{\"@id\":\"https:\/\/www.miamibeachfl.gov\/city-hall\/city-clerk\/2023-41st-st-business-improvement-district\/#breadcrumb\"},\"inLanguage\":\"de\",\"potentialAction\":[{\"@type\":\"ReadAction\",\"target\":[\"https:\/\/www.miamibeachfl.gov\/city-hall\/city-clerk\/2023-41st-st-business-improvement-district\/\"]}]},{\"@type\":\"ImageObject\",\"inLanguage\":\"de\",\"@id\":\"https:\/\/www.miamibeachfl.gov\/city-hall\/city-clerk\/2023-41st-st-business-improvement-district\/#primaryimage\",\"url\":\"https:\/\/www.miamibeachfl.gov\/wp-content\/uploads\/2022\/07\/hero-small.jpg\",\"contentUrl\":\"https:\/\/www.miamibeachfl.gov\/wp-content\/uploads\/2022\/07\/hero-small.jpg\"},{\"@type\":\"BreadcrumbList\",\"@id\":\"https:\/\/www.miamibeachfl.gov\/city-hall\/city-clerk\/2023-41st-st-business-improvement-district\/#breadcrumb\",\"itemListElement\":[{\"@type\":\"ListItem\",\"position\":1,\"name\":\"Home\",\"item\":\"https:\/\/www.miamibeachfl.gov\/\"},{\"@type\":\"ListItem\",\"position\":2,\"name\":\"City Hall\",\"item\":\"https:\/\/www.miamibeachfl.gov\/city-hall\/\"},{\"@type\":\"ListItem\",\"position\":3,\"name\":\"City Clerk\",\"item\":\"https:\/\/www.miamibeachfl.gov\/city-hall\/city-clerk\/\"},{\"@type\":\"ListItem\",\"position\":4,\"name\":\"2023 &#8211; 41st St Business Improvement District\"}]},{\"@type\":\"WebSite\",\"@id\":\"https:\/\/www.miamibeachfl.gov\/#website\",\"url\":\"https:\/\/www.miamibeachfl.gov\/\",\"name\":\"City of Miami Beach\",\"description\":\"The official website of the City of Miami Beach. Stay informed, find important information on city services, news, alerts, events, trolley routes, government employment and more.\",\"publisher\":{\"@id\":\"https:\/\/www.miamibeachfl.gov\/#organization\"},\"potentialAction\":[{\"@type\":\"SearchAction\",\"target\":{\"@type\":\"EntryPoint\",\"urlTemplate\":\"https:\/\/www.miamibeachfl.gov\/?s={search_term_string}\"},\"query-input\":{\"@type\":\"PropertyValueSpecification\",\"valueRequired\":true,\"valueName\":\"search_term_string\"}}],\"inLanguage\":\"de\"},{\"@type\":\"Organization\",\"@id\":\"https:\/\/www.miamibeachfl.gov\/#organization\",\"name\":\"City of Miami Beach\",\"url\":\"https:\/\/www.miamibeachfl.gov\/\",\"logo\":{\"@type\":\"ImageObject\",\"inLanguage\":\"de\",\"@id\":\"https:\/\/www.miamibeachfl.gov\/#\/schema\/logo\/image\/\",\"url\":\"https:\/\/www.miamibeachfl.gov\/wp-content\/uploads\/2022\/06\/miamibeach-logoblue.png\",\"contentUrl\":\"https:\/\/www.miamibeachfl.gov\/wp-content\/uploads\/2022\/06\/miamibeach-logoblue.png\",\"width\":1962,\"height\":381,\"caption\":\"City of Miami Beach\"},\"image\":{\"@id\":\"https:\/\/www.miamibeachfl.gov\/#\/schema\/logo\/image\/\"},\"sameAs\":[\"https:\/\/www.facebook.com\/cityofmiamibeach\",\"https:\/\/x.com\/Miamibeachnews\",\"https:\/\/www.instagram.com\/miamibeachnews\/\"],\"description\":\"The official website of the City of Miami Beach. Stay informed, find important information on city services, news, alerts, events, trolley routes, government employment and more.\",\"telephone\":\"305.604.CITY(2489)\",\"legalName\":\"City of Miami Beach\"}]}<\/script>\n<!-- \/ Yoast SEO Premium plugin. -->","yoast_head_json":{"title":"2023 \u2013 41st St Business Improvement District \u2013 Stadt Miami Beach","description":"Wahlinformationen der Stadt Miami Beach, einschlie\u00dflich W\u00e4hlerregistrierung, Wahldemografie, Kandidateninformationen usw.","robots":{"index":"index","follow":"follow","max-snippet":"max-snippet:-1","max-image-preview":"max-image-preview:large","max-video-preview":"max-video-preview:-1"},"canonical":"https:\/\/www.miamibeachfl.gov\/de\/city-hall\/city-clerk\/2023-41st-st-business-improvement-district\/","og_locale":"de_DE","og_type":"article","og_title":"2023 - 41st St Business Improvement District","og_description":"The City of Miami Beach election information including voter registration, election demographics, candidate information, etc.","og_url":"https:\/\/www.miamibeachfl.gov\/de\/city-hall\/city-clerk\/2023-41st-st-business-improvement-district\/","og_site_name":"City of Miami Beach","article_publisher":"https:\/\/www.facebook.com\/cityofmiamibeach","article_modified_time":"2025-05-25T21:00:38+00:00","og_image":[{"url":"https:\/\/www.miamibeachfl.gov\/wp-content\/uploads\/2022\/07\/hero-small.jpg","type":"","width":"","height":""}],"twitter_card":"summary_large_image","twitter_site":"@Miamibeachnews","schema":{"@context":"https:\/\/schema.org","@graph":[{"@type":"WebPage","@id":"https:\/\/www.miamibeachfl.gov\/city-hall\/city-clerk\/2023-41st-st-business-improvement-district\/","url":"https:\/\/www.miamibeachfl.gov\/city-hall\/city-clerk\/2023-41st-st-business-improvement-district\/","name":"2023 \u2013 41st St Business Improvement District \u2013 Stadt Miami Beach","isPartOf":{"@id":"https:\/\/www.miamibeachfl.gov\/#website"},"primaryImageOfPage":{"@id":"https:\/\/www.miamibeachfl.gov\/city-hall\/city-clerk\/2023-41st-st-business-improvement-district\/#primaryimage"},"image":{"@id":"https:\/\/www.miamibeachfl.gov\/city-hall\/city-clerk\/2023-41st-st-business-improvement-district\/#primaryimage"},"thumbnailUrl":"https:\/\/www.miamibeachfl.gov\/wp-content\/uploads\/2022\/07\/hero-small.jpg","datePublished":"2023-04-05T14:01:51+00:00","dateModified":"2025-05-25T21:00:38+00:00","description":"Wahlinformationen der Stadt Miami Beach, einschlie\u00dflich W\u00e4hlerregistrierung, Wahldemografie, Kandidateninformationen usw.","breadcrumb":{"@id":"https:\/\/www.miamibeachfl.gov\/city-hall\/city-clerk\/2023-41st-st-business-improvement-district\/#breadcrumb"},"inLanguage":"de","potentialAction":[{"@type":"ReadAction","target":["https:\/\/www.miamibeachfl.gov\/city-hall\/city-clerk\/2023-41st-st-business-improvement-district\/"]}]},{"@type":"ImageObject","inLanguage":"de","@id":"https:\/\/www.miamibeachfl.gov\/city-hall\/city-clerk\/2023-41st-st-business-improvement-district\/#primaryimage","url":"https:\/\/www.miamibeachfl.gov\/wp-content\/uploads\/2022\/07\/hero-small.jpg","contentUrl":"https:\/\/www.miamibeachfl.gov\/wp-content\/uploads\/2022\/07\/hero-small.jpg"},{"@type":"BreadcrumbList","@id":"https:\/\/www.miamibeachfl.gov\/city-hall\/city-clerk\/2023-41st-st-business-improvement-district\/#breadcrumb","itemListElement":[{"@type":"ListItem","position":1,"name":"Home","item":"https:\/\/www.miamibeachfl.gov\/"},{"@type":"ListItem","position":2,"name":"City Hall","item":"https:\/\/www.miamibeachfl.gov\/city-hall\/"},{"@type":"ListItem","position":3,"name":"City Clerk","item":"https:\/\/www.miamibeachfl.gov\/city-hall\/city-clerk\/"},{"@type":"ListItem","position":4,"name":"2023 &#8211; 41st St Business Improvement District"}]},{"@type":"WebSite","@id":"https:\/\/www.miamibeachfl.gov\/#website","url":"https:\/\/www.miamibeachfl.gov\/","name":"Stadt Miami Beach","description":"Die offizielle Website der Stadt Miami Beach. Bleiben Sie informiert und finden Sie wichtige Informationen zu st\u00e4dtischen Dienstleistungen, Neuigkeiten, Warnungen, Veranstaltungen, Stra\u00dfenbahnlinien, Stellenangeboten im \u00f6ffentlichen Dienst und mehr.","publisher":{"@id":"https:\/\/www.miamibeachfl.gov\/#organization"},"potentialAction":[{"@type":"SearchAction","target":{"@type":"EntryPoint","urlTemplate":"https:\/\/www.miamibeachfl.gov\/?s={search_term_string}"},"query-input":{"@type":"PropertyValueSpecification","valueRequired":true,"valueName":"search_term_string"}}],"inLanguage":"de"},{"@type":"Organization","@id":"https:\/\/www.miamibeachfl.gov\/#organization","name":"Stadt Miami Beach","url":"https:\/\/www.miamibeachfl.gov\/","logo":{"@type":"ImageObject","inLanguage":"de","@id":"https:\/\/www.miamibeachfl.gov\/#\/schema\/logo\/image\/","url":"https:\/\/www.miamibeachfl.gov\/wp-content\/uploads\/2022\/06\/miamibeach-logoblue.png","contentUrl":"https:\/\/www.miamibeachfl.gov\/wp-content\/uploads\/2022\/06\/miamibeach-logoblue.png","width":1962,"height":381,"caption":"City of Miami Beach"},"image":{"@id":"https:\/\/www.miamibeachfl.gov\/#\/schema\/logo\/image\/"},"sameAs":["https:\/\/www.facebook.com\/cityofmiamibeach","https:\/\/x.com\/Miamibeachnews","https:\/\/www.instagram.com\/miamibeachnews\/"],"description":"Die offizielle Website der Stadt Miami Beach. Bleiben Sie informiert und finden Sie wichtige Informationen zu st\u00e4dtischen Dienstleistungen, Neuigkeiten, Warnungen, Veranstaltungen, Stra\u00dfenbahnlinien, Stellenangeboten im \u00f6ffentlichen Dienst und mehr.","telephone":"305.604.CITY(2489)","legalName":"City of Miami Beach"}]}},"_links":{"self":[{"href":"https:\/\/www.miamibeachfl.gov\/de\/wp-json\/wp\/v2\/pages\/255740","targetHints":{"allow":["GET"]}}],"collection":[{"href":"https:\/\/www.miamibeachfl.gov\/de\/wp-json\/wp\/v2\/pages"}],"about":[{"href":"https:\/\/www.miamibeachfl.gov\/de\/wp-json\/wp\/v2\/types\/page"}],"author":[{"embeddable":true,"href":"https:\/\/www.miamibeachfl.gov\/de\/wp-json\/wp\/v2\/users\/222"}],"replies":[{"embeddable":true,"href":"https:\/\/www.miamibeachfl.gov\/de\/wp-json\/wp\/v2\/comments?post=255740"}],"version-history":[{"count":0,"href":"https:\/\/www.miamibeachfl.gov\/de\/wp-json\/wp\/v2\/pages\/255740\/revisions"}],"up":[{"embeddable":true,"href":"https:\/\/www.miamibeachfl.gov\/de\/wp-json\/wp\/v2\/pages\/28337"}],"wp:attachment":[{"href":"https:\/\/www.miamibeachfl.gov\/de\/wp-json\/wp\/v2\/media?parent=255740"}],"wp:term":[{"taxonomy":"category","embeddable":true,"href":"https:\/\/www.miamibeachfl.gov\/de\/wp-json\/wp\/v2\/categories?post=255740"},{"taxonomy":"post_tag","embeddable":true,"href":"https:\/\/www.miamibeachfl.gov\/de\/wp-json\/wp\/v2\/tags?post=255740"}],"curies":[{"name":"wp","href":"https:\/\/api.w.org\/{rel}","templated":true}]}}