{"id":257821,"date":"2023-04-17T15:46:30","date_gmt":"2023-04-17T19:46:30","guid":{"rendered":"https:\/\/www.miamibeachfl.gov\/?page_id=257821"},"modified":"2025-05-28T11:21:16","modified_gmt":"2025-05-28T15:21:16","slug":"melissa-berthier","status":"publish","type":"page","link":"https:\/\/www.miamibeachfl.gov\/de\/city-hall\/communications\/melissa-berthier\/","title":{"rendered":"Melissa Berthier <br><span style=\"font-size:18px\">Direktor f\u00fcr Marketing und Kommunikation<\/span>"},"content":{"rendered":"<h1>\n\t\t\tMelissa Berthier\t<\/h1>\n<h2>\n\t\t\tDirektor\t<\/h2>\nSpeisekarte\t\t\t\n\t\t\t\t\t<ul id=\"menu-marketing-and-communications\"><li id=\"menu-item-257918\"><a href=\"\/de\/city-hall\/communications\/\">Marketing &amp; Kommunikation<\/a><\/li>\n<li id=\"menu-item-257919\"><a href=\"\/de\/city-hall\/communications\/press-releases\/\">Pressemitteilungen<\/a><\/li>\n<li id=\"menu-item-257920\"><a href=\"\/de\/city-hall\/communications\/advertising-rates\/\">Anzeigenpreise<\/a><\/li>\n<li id=\"menu-item-257921\"><a href=\"\/de\/city-hall\/communications\/subscriptions\/\">Abonnements<\/a><\/li>\n<li id=\"menu-item-257922\"><a href=\"\/de\/city-hall\/communications\/logos\/\">Fordern Sie ein Logo an<\/a><\/li>\n<\/ul>\t\nMen\u00fc \u00d7\t\t\t\t\t\t<ul id=\"menu-marketing-and-communications-1\"><li id=\"menu-item-257918\"><a href=\"\/de\/city-hall\/communications\/\">Marketing &amp; Kommunikation<\/a><\/li>\n<li id=\"menu-item-257919\"><a href=\"\/de\/city-hall\/communications\/press-releases\/\">Pressemitteilungen<\/a><\/li>\n<li id=\"menu-item-257920\"><a href=\"\/de\/city-hall\/communications\/advertising-rates\/\">Anzeigenpreise<\/a><\/li>\n<li id=\"menu-item-257921\"><a href=\"\/de\/city-hall\/communications\/subscriptions\/\">Abonnements<\/a><\/li>\n<li id=\"menu-item-257922\"><a href=\"\/de\/city-hall\/communications\/logos\/\">Fordern Sie ein Logo an<\/a><\/li>\n<\/ul>\t\t\t\t\n\t\t\t\t<img decoding=\"async\" src=\"https:\/\/www.miamibeachfl.gov\/wp-content\/uploads\/bb-plugin\/cache\/IMG_1581Cropped-circle.jpg\" alt=\"Melissa Berthier\" title=\"IMG_1581Zugeschnitten\" itemprop=\"image\"\/>\n\t<p>Melissa Berthiers Karriere erstreckte sich \u00fcber zahlreiche Branchen, von gemeinn\u00fctzigen Organisationen bis zu Zeitschriften, von der Sch\u00f6nheitsbranche bis zum Transportwesen und in den letzten 11 Jahren auch in der Kommunalverwaltung.<\/p>\n<p>Berthier begann 2013 bei der Stadt Miami Beach und ist heute deren Direktor f\u00fcr Marketing und Kommunikation. Er beaufsichtigt alle Kommunikationsbem\u00fchungen der Stadt, einschlie\u00dflich der t\u00e4glichen Zusammenarbeit mit lokalen und nationalen Medien, der Verwaltung eines robusten Social-Media-Apparats und der \u00dcberwachung der Produktion aller Videoprogramme sowie Hunderter Originalgrafiken.<strong>.\u00a0<\/strong>Sie beteiligt sich eng an der wichtigen Arbeit der Abteilung f\u00fcr Nachbarschaftsangelegenheiten der Stadt und ist Chefredakteurin des MB-Magazins, des viertelj\u00e4hrlich erscheinenden zweisprachigen Magazins der Stadtinsel, das regelm\u00e4\u00dfig als Informationsquelle Nummer eins f\u00fcr die Bewohner gilt.<\/p>\n<p>Berthier ist begeistert von ihrer Heimatstadt und hat die Initiativen von Miami Beach in allen wichtigen nationalen Publikationen und in den Primetime-Nachrichtensendungen vorgestellt. Sie hat auf einige der gr\u00f6\u00dften Herausforderungen der Stadt reagiert \u2013 von COVID-19 bis Zika, vom steigenden Meeresspiegel bis zu zerst\u00f6rerischen Hurrikanen, komplexen polizeilichen Ermittlungen, rechtlichen Schwierigkeiten und der Reaktion der Stadt auf den Einsturz des Surfside-Geb\u00e4udes.<\/p>\n<p>Berthier begann ihre Karriere 2004 als Gr\u00fcndungsmitglied des Congressional Hispanic Leadership Institute \u2013 einer gemeinn\u00fctzigen Organisation mit Sitz in Washington, D.C., die von Mitgliedern des US-Repr\u00e4sentantenhauses und des Senats sowie mehreren Fortune 500-Unternehmen gegr\u00fcndet wurde. Nach ihrer T\u00e4tigkeit am Institut wurde Berthier Corporate Affairs Managerin bei Editorial Televisa und sp\u00e4ter Marketingspezialistin bei Bluemercury, einer Apotheken- und Spa-Einzelhandelskette mit 100 Filialen in Washington, D.C.<\/p>\n<p>Bevor sie nach S\u00fcdflorida zur\u00fcckkehrte, machte sie noch einen letzten Halt: die DC Metro (Washington Metropolitan Area Transit Authority). Sie war ma\u00dfgeblich an der Vorbereitung und Durchf\u00fchrung der Verkehrsplanung der Metro zur Amtseinf\u00fchrung des Pr\u00e4sidenten 2009 beteiligt und geh\u00f6rte im selben Jahr dem Krisenteam nach der tragischen Entgleisung der Red Line an.<\/p>\n<p>Berthier bew\u00e4ltigt ihre zahlreichen Verpflichtungen und zieht gleichzeitig mit ihrem Mann ihre beiden kleinen T\u00f6chter in der Stadt gro\u00df, die sie f\u00fcr die gro\u00dfartigste der Welt h\u00e4lt.<\/p>","protected":false},"excerpt":{"rendered":"<p>Melissa Berthier Director Menu Marketing &#038; Communications Press Releases Advertising Rates Subscriptions Request a Logo Menu \u00d7 Marketing &#038; Communications [&hellip;]<\/p>\n","protected":false},"author":222,"featured_media":323038,"parent":28391,"menu_order":21,"comment_status":"closed","ping_status":"closed","template":"","meta":{"_searchwp_excluded":"","site-sidebar-layout":"default","site-content-layout":"","ast-site-content-layout":"default","site-content-style":"default","site-sidebar-style":"default","ast-global-header-display":"","ast-banner-title-visibility":"","ast-main-header-display":"","ast-hfb-above-header-display":"","ast-hfb-below-header-display":"","ast-hfb-mobile-header-display":"","site-post-title":"","ast-breadcrumbs-content":"","ast-featured-img":"","footer-sml-layout":"","theme-transparent-header-meta":"","adv-header-id-meta":"","stick-header-meta":"","header-above-stick-meta":"","header-main-stick-meta":"","header-below-stick-meta":"","astra-migrate-meta-layouts":"default","ast-page-background-enabled":"default","ast-page-background-meta":{"desktop":{"background-color":"var(--ast-global-color-5)","background-image":"","background-repeat":"repeat","background-position":"center center","background-size":"auto","background-attachment":"scroll","background-type":"","background-media":"","overlay-type":"","overlay-color":"","overlay-opacity":"","overlay-gradient":""},"tablet":{"background-color":"","background-image":"","background-repeat":"repeat","background-position":"center center","background-size":"auto","background-attachment":"scroll","background-type":"","background-media":"","overlay-type":"","overlay-color":"","overlay-opacity":"","overlay-gradient":""},"mobile":{"background-color":"","background-image":"","background-repeat":"repeat","background-position":"center center","background-size":"auto","background-attachment":"scroll","background-type":"","background-media":"","overlay-type":"","overlay-color":"","overlay-opacity":"","overlay-gradient":""}},"ast-content-background-meta":{"desktop":{"background-color":"var(--ast-global-color-4)","background-image":"","background-repeat":"repeat","background-position":"center center","background-size":"auto","background-attachment":"scroll","background-type":"","background-media":"","overlay-type":"","overlay-color":"","overlay-opacity":"","overlay-gradient":""},"tablet":{"background-color":"var(--ast-global-color-4)","background-image":"","background-repeat":"repeat","background-position":"center center","background-size":"auto","background-attachment":"scroll","background-type":"","background-media":"","overlay-type":"","overlay-color":"","overlay-opacity":"","overlay-gradient":""},"mobile":{"background-color":"var(--ast-global-color-4)","background-image":"","background-repeat":"repeat","background-position":"center center","background-size":"auto","background-attachment":"scroll","background-type":"","background-media":"","overlay-type":"","overlay-color":"","overlay-opacity":"","overlay-gradient":""}},"footnotes":""},"categories":[],"tags":[961],"class_list":["post-257821","page","type-page","status-publish","has-post-thumbnail","hentry","tag-staff-city-manager-team"],"yoast_head":"<!-- This site is optimized with the Yoast SEO Premium plugin v27.4 (Yoast SEO v27.4) - https:\/\/yoast.com\/product\/yoast-seo-premium-wordpress\/ -->\n<title>Melissa Berthier Director of Marketing and Communications - City of Miami Beach<\/title>\n<meta name=\"description\" content=\"Melissa Berthier&#039;s career has spanned a variety of industries from nonprofits to magazines, beauty to transit and for the past nine years, local government.\" \/>\n<meta name=\"robots\" content=\"index, follow, max-snippet:-1, max-image-preview:large, max-video-preview:-1\" \/>\n<link rel=\"canonical\" href=\"https:\/\/www.miamibeachfl.gov\/de\/city-hall\/communications\/melissa-berthier\/\" \/>\n<meta property=\"og:locale\" content=\"de_DE\" \/>\n<meta property=\"og:type\" content=\"article\" \/>\n<meta property=\"og:title\" content=\"Melissa Berthier Director of Marketing and Communications\" \/>\n<meta property=\"og:description\" content=\"Melissa Berthier&#039;s career has spanned a variety of industries from nonprofits to magazines, beauty to transit and for the past nine years, local government.\" \/>\n<meta property=\"og:url\" content=\"https:\/\/www.miamibeachfl.gov\/de\/city-hall\/communications\/melissa-berthier\/\" \/>\n<meta property=\"og:site_name\" content=\"City of Miami Beach\" \/>\n<meta property=\"article:publisher\" content=\"https:\/\/www.facebook.com\/cityofmiamibeach\" \/>\n<meta property=\"article:modified_time\" content=\"2025-05-28T15:21:16+00:00\" \/>\n<meta property=\"og:image\" content=\"https:\/\/www.miamibeachfl.gov\/wp-content\/uploads\/2024\/07\/Staff-MelissaBerthier.png\" \/>\n\t<meta property=\"og:image:width\" content=\"250\" \/>\n\t<meta property=\"og:image:height\" content=\"250\" \/>\n\t<meta property=\"og:image:type\" content=\"image\/png\" \/>\n<meta name=\"twitter:card\" content=\"summary_large_image\" \/>\n<meta name=\"twitter:site\" content=\"@Miamibeachnews\" \/>\n<script type=\"application\/ld+json\" class=\"yoast-schema-graph\">{\"@context\":\"https:\\\/\\\/schema.org\",\"@graph\":[{\"@type\":\"WebPage\",\"@id\":\"https:\\\/\\\/www.miamibeachfl.gov\\\/city-hall\\\/communications\\\/melissa-berthier\\\/\",\"url\":\"https:\\\/\\\/www.miamibeachfl.gov\\\/city-hall\\\/communications\\\/melissa-berthier\\\/\",\"name\":\"Melissa Berthier Director of Marketing and Communications - City of Miami Beach\",\"isPartOf\":{\"@id\":\"https:\\\/\\\/www.miamibeachfl.gov\\\/#website\"},\"primaryImageOfPage\":{\"@id\":\"https:\\\/\\\/www.miamibeachfl.gov\\\/city-hall\\\/communications\\\/melissa-berthier\\\/#primaryimage\"},\"image\":{\"@id\":\"https:\\\/\\\/www.miamibeachfl.gov\\\/city-hall\\\/communications\\\/melissa-berthier\\\/#primaryimage\"},\"thumbnailUrl\":\"https:\\\/\\\/www.miamibeachfl.gov\\\/wp-content\\\/uploads\\\/2024\\\/07\\\/Staff-MelissaBerthier.png\",\"datePublished\":\"2023-04-17T19:46:30+00:00\",\"dateModified\":\"2025-05-28T15:21:16+00:00\",\"description\":\"Melissa Berthier's career has spanned a variety of industries from nonprofits to magazines, beauty to transit and for the past nine years, local government.\",\"breadcrumb\":{\"@id\":\"https:\\\/\\\/www.miamibeachfl.gov\\\/city-hall\\\/communications\\\/melissa-berthier\\\/#breadcrumb\"},\"inLanguage\":\"de\",\"potentialAction\":[{\"@type\":\"ReadAction\",\"target\":[\"https:\\\/\\\/www.miamibeachfl.gov\\\/city-hall\\\/communications\\\/melissa-berthier\\\/\"]}]},{\"@type\":\"ImageObject\",\"inLanguage\":\"de\",\"@id\":\"https:\\\/\\\/www.miamibeachfl.gov\\\/city-hall\\\/communications\\\/melissa-berthier\\\/#primaryimage\",\"url\":\"https:\\\/\\\/www.miamibeachfl.gov\\\/wp-content\\\/uploads\\\/2024\\\/07\\\/Staff-MelissaBerthier.png\",\"contentUrl\":\"https:\\\/\\\/www.miamibeachfl.gov\\\/wp-content\\\/uploads\\\/2024\\\/07\\\/Staff-MelissaBerthier.png\",\"width\":250,\"height\":250,\"caption\":\"Melissa Berthier\"},{\"@type\":\"BreadcrumbList\",\"@id\":\"https:\\\/\\\/www.miamibeachfl.gov\\\/city-hall\\\/communications\\\/melissa-berthier\\\/#breadcrumb\",\"itemListElement\":[{\"@type\":\"ListItem\",\"position\":1,\"name\":\"Home\",\"item\":\"https:\\\/\\\/www.miamibeachfl.gov\\\/\"},{\"@type\":\"ListItem\",\"position\":2,\"name\":\"City Hall\",\"item\":\"https:\\\/\\\/www.miamibeachfl.gov\\\/city-hall\\\/\"},{\"@type\":\"ListItem\",\"position\":3,\"name\":\"Marketing &#038; Communications\",\"item\":\"https:\\\/\\\/www.miamibeachfl.gov\\\/city-hall\\\/communications\\\/\"},{\"@type\":\"ListItem\",\"position\":4,\"name\":\"Melissa Berthier Director of Marketing and Communications\"}]},{\"@type\":\"WebSite\",\"@id\":\"https:\\\/\\\/www.miamibeachfl.gov\\\/#website\",\"url\":\"https:\\\/\\\/www.miamibeachfl.gov\\\/\",\"name\":\"City of Miami Beach\",\"description\":\"The official website of the City of Miami Beach. Stay informed, find important information on city services, news, alerts, events, trolley routes, government employment and more.\",\"publisher\":{\"@id\":\"https:\\\/\\\/www.miamibeachfl.gov\\\/#organization\"},\"potentialAction\":[{\"@type\":\"SearchAction\",\"target\":{\"@type\":\"EntryPoint\",\"urlTemplate\":\"https:\\\/\\\/www.miamibeachfl.gov\\\/?s={search_term_string}\"},\"query-input\":{\"@type\":\"PropertyValueSpecification\",\"valueRequired\":true,\"valueName\":\"search_term_string\"}}],\"inLanguage\":\"de\"},{\"@type\":\"Organization\",\"@id\":\"https:\\\/\\\/www.miamibeachfl.gov\\\/#organization\",\"name\":\"City of Miami Beach\",\"url\":\"https:\\\/\\\/www.miamibeachfl.gov\\\/\",\"logo\":{\"@type\":\"ImageObject\",\"inLanguage\":\"de\",\"@id\":\"https:\\\/\\\/www.miamibeachfl.gov\\\/#\\\/schema\\\/logo\\\/image\\\/\",\"url\":\"https:\\\/\\\/www.miamibeachfl.gov\\\/wp-content\\\/uploads\\\/2022\\\/06\\\/miamibeach-logoblue.png\",\"contentUrl\":\"https:\\\/\\\/www.miamibeachfl.gov\\\/wp-content\\\/uploads\\\/2022\\\/06\\\/miamibeach-logoblue.png\",\"width\":1962,\"height\":381,\"caption\":\"City of Miami Beach\"},\"image\":{\"@id\":\"https:\\\/\\\/www.miamibeachfl.gov\\\/#\\\/schema\\\/logo\\\/image\\\/\"},\"sameAs\":[\"https:\\\/\\\/www.facebook.com\\\/cityofmiamibeach\",\"https:\\\/\\\/x.com\\\/Miamibeachnews\",\"https:\\\/\\\/www.instagram.com\\\/miamibeachnews\\\/\"],\"description\":\"The official website of the City of Miami Beach. Stay informed, find important information on city services, news, alerts, events, trolley routes, government employment and more.\",\"telephone\":\"305.604.CITY(2489)\",\"legalName\":\"City of Miami Beach\"}]}<\/script>\n<!-- \/ Yoast SEO Premium plugin. -->","yoast_head_json":{"title":"Melissa Berthier, Direktorin f\u00fcr Marketing und Kommunikation \u2013 Stadt Miami Beach","description":"Melissa Berthiers Karriere erstreckte sich \u00fcber eine Vielzahl von Branchen, von gemeinn\u00fctzigen Organisationen bis hin zu Zeitschriften, von der Sch\u00f6nheitsbranche bis hin zum Nahverkehr und in den letzten neun Jahren auch in der Kommunalverwaltung.","robots":{"index":"index","follow":"follow","max-snippet":"max-snippet:-1","max-image-preview":"max-image-preview:large","max-video-preview":"max-video-preview:-1"},"canonical":"https:\/\/www.miamibeachfl.gov\/de\/city-hall\/communications\/melissa-berthier\/","og_locale":"de_DE","og_type":"article","og_title":"Melissa Berthier Director of Marketing and Communications","og_description":"Melissa Berthier's career has spanned a variety of industries from nonprofits to magazines, beauty to transit and for the past nine years, local government.","og_url":"https:\/\/www.miamibeachfl.gov\/de\/city-hall\/communications\/melissa-berthier\/","og_site_name":"City of Miami Beach","article_publisher":"https:\/\/www.facebook.com\/cityofmiamibeach","article_modified_time":"2025-05-28T15:21:16+00:00","og_image":[{"width":250,"height":250,"url":"https:\/\/www.miamibeachfl.gov\/wp-content\/uploads\/2024\/07\/Staff-MelissaBerthier.png","type":"image\/png"}],"twitter_card":"summary_large_image","twitter_site":"@Miamibeachnews","schema":{"@context":"https:\/\/schema.org","@graph":[{"@type":"WebPage","@id":"https:\/\/www.miamibeachfl.gov\/city-hall\/communications\/melissa-berthier\/","url":"https:\/\/www.miamibeachfl.gov\/city-hall\/communications\/melissa-berthier\/","name":"Melissa Berthier, Direktorin f\u00fcr Marketing und Kommunikation \u2013 Stadt Miami Beach","isPartOf":{"@id":"https:\/\/www.miamibeachfl.gov\/#website"},"primaryImageOfPage":{"@id":"https:\/\/www.miamibeachfl.gov\/city-hall\/communications\/melissa-berthier\/#primaryimage"},"image":{"@id":"https:\/\/www.miamibeachfl.gov\/city-hall\/communications\/melissa-berthier\/#primaryimage"},"thumbnailUrl":"https:\/\/www.miamibeachfl.gov\/wp-content\/uploads\/2024\/07\/Staff-MelissaBerthier.png","datePublished":"2023-04-17T19:46:30+00:00","dateModified":"2025-05-28T15:21:16+00:00","description":"Melissa Berthiers Karriere erstreckte sich \u00fcber eine Vielzahl von Branchen, von gemeinn\u00fctzigen Organisationen bis hin zu Zeitschriften, von der Sch\u00f6nheitsbranche bis hin zum Nahverkehr und in den letzten neun Jahren auch in der Kommunalverwaltung.","breadcrumb":{"@id":"https:\/\/www.miamibeachfl.gov\/city-hall\/communications\/melissa-berthier\/#breadcrumb"},"inLanguage":"de","potentialAction":[{"@type":"ReadAction","target":["https:\/\/www.miamibeachfl.gov\/city-hall\/communications\/melissa-berthier\/"]}]},{"@type":"ImageObject","inLanguage":"de","@id":"https:\/\/www.miamibeachfl.gov\/city-hall\/communications\/melissa-berthier\/#primaryimage","url":"https:\/\/www.miamibeachfl.gov\/wp-content\/uploads\/2024\/07\/Staff-MelissaBerthier.png","contentUrl":"https:\/\/www.miamibeachfl.gov\/wp-content\/uploads\/2024\/07\/Staff-MelissaBerthier.png","width":250,"height":250,"caption":"Melissa Berthier"},{"@type":"BreadcrumbList","@id":"https:\/\/www.miamibeachfl.gov\/city-hall\/communications\/melissa-berthier\/#breadcrumb","itemListElement":[{"@type":"ListItem","position":1,"name":"Home","item":"https:\/\/www.miamibeachfl.gov\/"},{"@type":"ListItem","position":2,"name":"City Hall","item":"https:\/\/www.miamibeachfl.gov\/city-hall\/"},{"@type":"ListItem","position":3,"name":"Marketing &#038; Communications","item":"https:\/\/www.miamibeachfl.gov\/city-hall\/communications\/"},{"@type":"ListItem","position":4,"name":"Melissa Berthier Director of Marketing and Communications"}]},{"@type":"WebSite","@id":"https:\/\/www.miamibeachfl.gov\/#website","url":"https:\/\/www.miamibeachfl.gov\/","name":"Stadt Miami Beach","description":"Die offizielle Website der Stadt Miami Beach. Bleiben Sie informiert und finden Sie wichtige Informationen zu st\u00e4dtischen Dienstleistungen, Neuigkeiten, Warnungen, Veranstaltungen, Stra\u00dfenbahnlinien, Stellenangeboten im \u00f6ffentlichen Dienst und mehr.","publisher":{"@id":"https:\/\/www.miamibeachfl.gov\/#organization"},"potentialAction":[{"@type":"SearchAction","target":{"@type":"EntryPoint","urlTemplate":"https:\/\/www.miamibeachfl.gov\/?s={search_term_string}"},"query-input":{"@type":"PropertyValueSpecification","valueRequired":true,"valueName":"search_term_string"}}],"inLanguage":"de"},{"@type":"Organization","@id":"https:\/\/www.miamibeachfl.gov\/#organization","name":"Stadt Miami Beach","url":"https:\/\/www.miamibeachfl.gov\/","logo":{"@type":"ImageObject","inLanguage":"de","@id":"https:\/\/www.miamibeachfl.gov\/#\/schema\/logo\/image\/","url":"https:\/\/www.miamibeachfl.gov\/wp-content\/uploads\/2022\/06\/miamibeach-logoblue.png","contentUrl":"https:\/\/www.miamibeachfl.gov\/wp-content\/uploads\/2022\/06\/miamibeach-logoblue.png","width":1962,"height":381,"caption":"City of Miami Beach"},"image":{"@id":"https:\/\/www.miamibeachfl.gov\/#\/schema\/logo\/image\/"},"sameAs":["https:\/\/www.facebook.com\/cityofmiamibeach","https:\/\/x.com\/Miamibeachnews","https:\/\/www.instagram.com\/miamibeachnews\/"],"description":"Die offizielle Website der Stadt Miami Beach. Bleiben Sie informiert und finden Sie wichtige Informationen zu st\u00e4dtischen Dienstleistungen, Neuigkeiten, Warnungen, Veranstaltungen, Stra\u00dfenbahnlinien, Stellenangeboten im \u00f6ffentlichen Dienst und mehr.","telephone":"305.604.CITY(2489)","legalName":"City of Miami Beach"}]}},"_links":{"self":[{"href":"https:\/\/www.miamibeachfl.gov\/de\/wp-json\/wp\/v2\/pages\/257821","targetHints":{"allow":["GET"]}}],"collection":[{"href":"https:\/\/www.miamibeachfl.gov\/de\/wp-json\/wp\/v2\/pages"}],"about":[{"href":"https:\/\/www.miamibeachfl.gov\/de\/wp-json\/wp\/v2\/types\/page"}],"author":[{"embeddable":true,"href":"https:\/\/www.miamibeachfl.gov\/de\/wp-json\/wp\/v2\/users\/222"}],"replies":[{"embeddable":true,"href":"https:\/\/www.miamibeachfl.gov\/de\/wp-json\/wp\/v2\/comments?post=257821"}],"version-history":[{"count":0,"href":"https:\/\/www.miamibeachfl.gov\/de\/wp-json\/wp\/v2\/pages\/257821\/revisions"}],"up":[{"embeddable":true,"href":"https:\/\/www.miamibeachfl.gov\/de\/wp-json\/wp\/v2\/pages\/28391"}],"wp:featuredmedia":[{"embeddable":true,"href":"https:\/\/www.miamibeachfl.gov\/de\/wp-json\/wp\/v2\/media\/323038"}],"wp:attachment":[{"href":"https:\/\/www.miamibeachfl.gov\/de\/wp-json\/wp\/v2\/media?parent=257821"}],"wp:term":[{"taxonomy":"category","embeddable":true,"href":"https:\/\/www.miamibeachfl.gov\/de\/wp-json\/wp\/v2\/categories?post=257821"},{"taxonomy":"post_tag","embeddable":true,"href":"https:\/\/www.miamibeachfl.gov\/de\/wp-json\/wp\/v2\/tags?post=257821"}],"curies":[{"name":"wp","href":"https:\/\/api.w.org\/{rel}","templated":true}]}}