{"id":258993,"date":"2023-08-07T09:31:47","date_gmt":"2023-08-07T13:31:47","guid":{"rendered":"https:\/\/www.miamibeachfl.gov\/?page_id=258993"},"modified":"2025-12-22T11:35:07","modified_gmt":"2025-12-22T16:35:07","slug":"additional-contacts","status":"publish","type":"page","link":"https:\/\/www.miamibeachfl.gov\/de\/city-hall\/city-clerk\/public-records-request\/additional-contacts\/","title":{"rendered":"Weitere Kontakte"},"content":{"rendered":"<img decoding=\"async\" src=\"https:\/\/www.miamibeachfl.gov\/wp-content\/uploads\/2022\/07\/hero-small.jpg\" alt=\"ocean drive art deco buildings\" itemprop=\"image\" height=\"211\" width=\"2395\" title=\"Held-klein\" onerror=\"this.style.display='none'\" loading=\"lazy\" \/>\n<h1>\n\t\t\tWeitere Kontakte\t<\/h1>\n\t<nav id=\"breadcrumbs\" aria-label=\"Paniermehl\"><a href=\"https:\/\/www.miamibeachfl.gov\/de\/\">Heim<\/a> &gt; <a href=\"https:\/\/www.miamibeachfl.gov\/de\/city-hall\/\">Rathaus<\/a> &gt; <a href=\"https:\/\/www.miamibeachfl.gov\/de\/city-hall\/city-clerk\/\">Stadtschreiber<\/a> &gt; <a href=\"https:\/\/www.miamibeachfl.gov\/de\/city-hall\/city-clerk\/public-records-request\/\">\u00d6ffentliche Aufzeichnungen \/ Laserfiche<\/a> &gt; <strong>Weitere Kontakte<\/strong><\/nav>\n\t<p>HINWEIS: Nach dem Recht des Staates Florida sind E-Mail-Adressen \u00f6ffentliche Aufzeichnungen. Wenn Sie nicht m\u00f6chten, dass Ihre E-Mail-Adresse im Rahmen einer Anfrage nach \u00f6ffentlichen Aufzeichnungen ver\u00f6ffentlicht wird, senden Sie bitte keine E-Mails an die Stadt Miami Beach. Sie k\u00f6nnen stattdessen eine E-Mail an das B\u00fcro des Stadtschreibers senden:<\/p>\n<strong>B\u00fcro des Stadtschreibers<\/strong><br \/>\n1700 Convention Center Drive, 1. Stock<br \/>\nMiami Beach, FL 33139<br \/>\nTel. 305.673.7411\n<strong>Rafael E. Granado, Stadtschreiber<\/strong><br \/>\nTel. 305.673.7000 Durchwahl 26451<br \/>\nE-Mail: <a href=\"mailto:RafaelGranado@miamibeachfl.gov\">RafaelGranado@miamibeachfl.gov<\/a>\n<strong>Regis Barbou, stellvertretender Stadtschreiber\u00a0<\/strong><br \/>\nTel. 305.673.7000 Durchwahl 26578<br \/>\nE-Mail: <a href=\"mailto:RegisBarbou@miamibeachfl.gov\">RegisBarbou@miamibeachfl.gov<\/a>\n<strong>Keila Mena, stellvertretende Stadtschreiberin<\/strong><br \/>\nTel. 305.673.7000 Durchwahl 26078<br \/>\nE-Mail: <a href=\"mailto:keilamenacaceres@miamibeachfl.gov\">KeilaMenaCaceres@miamibeachfl.gov\u00a0<\/a>\n<strong>Lilia Cardillo, Agenda-Koordinatorin<\/strong><br \/>\nTel. 305.673.7000 Durchwahl 26780<br \/>\nE-Mail: <a href=\"mailto:LiliaCardillo@miamibeachfl.gov\">LiliaCardillo@miamibeachfl.gov<\/a>\n<strong>David Marquez, B\u00fcromitarbeiter V \u2013 Lobbyistenbeziehungen<\/strong><br \/>\nTel. 305.673.7000 Durchwahl 26155<br \/>\nE-Mail: <a href=\"mailto:DavidMarquez@miamibeachfl.gov\">DavidMarquez@miamibeachfl.gov<\/a>\n<strong>Dasha Nenartovich, B\u00fcroangestellte IV \u2013 Koordinatorin f\u00fcr Gremien und Aussch\u00fcsse<\/strong><br \/>\nTel. 305.673.7000 Durchwahl 26427<br \/>\nE-Mail: <a href=\"mailto:DashaNenartovich@miamibeachfl.gov\">DashaNenartovich@miamibeachfl.gov<\/a>\n<strong>Giuseppina Fantini, B\u00fcromitarbeiterin IV\u00a0<\/strong><br \/>\nTel. 305.673.7000 Durchwahl 26275<br \/>\nE-Mail: <a href=\"mailto:GiuseppinaFantini@miamibeachfl.gov\">GiuseppinaFantini@miamibeachfl.gov<\/a>\n<strong>Ethan Lane, B\u00fcroangestellter IV \u2013 Koordinator f\u00fcr \u00f6ffentliche Aufzeichnungen<\/strong><br \/>\nTel. 305.673.7000 Durchwahl 26556<br \/>\nE-Mail: <a href=\"mailto:EthanLane@miamibeachfl.gov\">EthanLane@miamibeachfl.gov<\/a>\n<p>F\u00fcr Anfragen zu \u00f6ffentlichen Aufzeichnungen senden Sie eine E-Mail an: <a href=\"mailto:ResearchRequest@miamibeachfl.gov\"><strong>ResearchRequest@miamibeachfl.gov<\/strong><\/a> oder rufen Sie 305.673.7411 an<\/p>\n<p><strong>BESONDERER HINWEIS DES RICHTERS<\/strong>Nach dem Recht Floridas sind E-Mail-Adressen \u00f6ffentliche Aufzeichnungen. Wenn Sie nicht m\u00f6chten, dass Ihre E-Mail-Adresse im Rahmen einer Anfrage nach \u00f6ffentlichen Aufzeichnungen ver\u00f6ffentlicht wird, senden Sie bitte keine E-Mails an die Stadt Miami Beach. Sie k\u00f6nnen stattdessen eine E-Mail an das B\u00fcro des Sonderrichters senden:<\/p>\n<strong>B\u00fcro des Sonderrichters<\/strong><br \/>\n1700 Convention Center Drive, 1. Stock<br \/>\nMiami Beach, FL 33139<br \/>\nTel. 305.673.7181\n<strong>Shavonne Bryant, Sachbearbeiterin f\u00fcr Code-Verst\u00f6\u00dfe<\/strong><br \/>\nTel. 305.673.7000 Durchwahl 26859<br \/>\nE-Mail: <a href=\"mailto:ShavonneBryant@miamibeachfl.gov\">ShavonneBryant@miamibeachfl.gov<\/a>\n<strong>Fernanda Silva, Sachbearbeiterin f\u00fcr Code-Verst\u00f6\u00dfe<\/strong><br \/>\nTel. 305.673.7000 Durchwahl 26541<br \/>\nE-Mail: <a href=\"mailto:FernandaSilva@miamibeachfl.gov\">FernandaSilva@miamibeachfl.gov<\/a>\n<strong>Alice Lavado, Sachbearbeiterin f\u00fcr Code-Verst\u00f6\u00dfe<br \/>\n<\/strong>Tel. 305.673.7000 Durchwahl 26614<strong><br \/>\n<\/strong>E-Mail: <a href=\"mailto:AliceLavado@miamibeachfl.gov\">AliceLavado@miamibeachfl.gov\u00a0<\/a>\n<strong>Isabel Satchell, Sachbearbeiterin f\u00fcr Code-Verst\u00f6\u00dfe<\/strong><br \/>\nTel. 305.673.7000 Durchwahl 26918<br \/>\nE-Mail:<a href=\"mailto:lsabelSatchell@miamibeachfl.gov\"> lsabelSatchell@miamibeachfl.gov<\/a>\n<p><strong>HINWEIS ZU ZENTRALEN DIENSTEN<\/strong>Nach dem Recht Floridas sind E-Mail-Adressen \u00f6ffentliche Aufzeichnungen. Wenn Sie nicht m\u00f6chten, dass Ihre E-Mail-Adresse im Rahmen einer Anfrage nach \u00f6ffentlichen Aufzeichnungen ver\u00f6ffentlicht wird, senden Sie bitte keine E-Mails an die Stadt Miami Beach. Sie k\u00f6nnen stattdessen eine E-Mail an die Central Services Division senden:<\/p>\n<strong>Abteilung Zentrale Dienste<\/strong><br \/>\n1700 Convention Center Drive, 1. Stock<br \/>\nMiami Beach, FL 33139<br \/>\nTel. 305.673.7480\n<strong>Keith Valles, Koordinator f\u00fcr zentrale Dienste<\/strong><br \/>\nTel. 305.673 .7000 Durchwahl 27480<br \/>\nE-Mail: <a href=\"mailto:KeithValles@miamibeachfl.gov\">KeithValles@miamibeachfl.gov<\/a>\n<strong>Yusmel Dominguez, Central Services Tech II<\/strong><br \/>\nTel. 305.673.7000 Durchwahl 27480<br \/>\nE-Mail: <a href=\"mailto:YusmelDominguez@miamibeachfl.gov\">YusmelDominguez@miamibeachfl.gov<\/a>\n<strong>Manuel Ramos Jr., Central Services Tech<\/strong><br \/>\nTel. 305.673.7000 Durchwahl 27480<br \/>\nE-Mail: <a href=\"mailto:manuelramosjr@miamibeachfl.gov\">ManuelRamosJr@miamibeachfl.gov<\/a>\n<strong>Sam Augustin, Central Services Tech<\/strong><br \/>\nTel. 305.673.7000 Durchwahl 27480<br \/>\nE-Mail: <a href=\"mailto:DavidMarquez@miamibeachfl.gov\">SamAugustin@miamibeachfl.gov<\/a>\n<p>&nbsp;<\/p>\n\t\tNavigieren Sie zu\u2026\t\t\t\n\t\t\t\t\t<ul id=\"menu-city-clerk-main-menu\"><li id=\"menu-item-363744\"><a href=\"\/de\/city-hall\/city-clerk\/boards-and-committees\/\">Gremien und Aussch\u00fcsse<\/a><\/li>\n<li id=\"menu-item-363745\"><a href=\"\/de\/city-hall\/city-clerk\/meetings-and-agendas\/\">Sitzungen und Tagesordnungen der Stadt Miami Beach<\/a><\/li>\n<li id=\"menu-item-363746\"><a href=\"\/de\/city-hall\/city-clerk\/discrimination-in-employment\/\">Diskriminierung am Arbeitsplatz<\/a><\/li>\n<li id=\"menu-item-363747\"><a href=\"\/de\/city-hall\/city-clerk\/election-information\/\">Wahlinformationen<\/a><\/li>\n<li id=\"menu-item-363748\"><a href=\"\/de\/city-hall\/city-clerk\/forms\/\">Formulare<\/a><\/li>\n<li id=\"menu-item-363749\"><a href=\"\/de\/city-hall\/city-clerk\/meeting-notices\/\">Rechtliche Anzeigen und \u00f6ffentliche Bekanntmachungen<\/a><\/li>\n<li id=\"menu-item-363750\"><a href=\"\/de\/city-hall\/city-clerk\/lobbyist-information\/\">Lobbyisteninformationen<\/a><\/li>\n<li id=\"menu-item-363751\"><a href=\"\/de\/city-hall\/city-clerk\/marriage-license\/\">Heiratsurkunde<\/a><\/li>\n<li id=\"menu-item-363752\"><a href=\"\/de\/city-hall\/city-clerk\/public-records-request\/\">\u00d6ffentliche Aufzeichnungen \/ Laserfiche<\/a><\/li>\n<li id=\"menu-item-363753\"><a href=\"\/de\/city-hall\/city-clerk\/public-records-portal\/\">Portal f\u00fcr \u00f6ffentliche Aufzeichnungen<\/a><\/li>\n<li id=\"menu-item-363754\"><a href=\"\/de\/city-hall\/city-clerk\/residents-right-to-know\/\">Recht der Bewohner auf Information<\/a><\/li>\n<li id=\"menu-item-363755\"><a href=\"\/de\/city-hall\/city-clerk\/special-magistrate\/\">Sonderrichter<\/a><\/li>\n<\/ul>\t\n\t<div class=\"page-navigation\"><a class=\"prev-page\" href=\"https:\/\/www.miamibeachfl.gov\/de\/city-hall\/human-resources\/benefits\/contact-us\/\">\u2190 Kontakt HR Benefits<\/a> <a class=\"next-page\" href=\"https:\/\/www.miamibeachfl.gov\/de\/yourmbpd\/dailyarrestsreport\/\">T\u00e4glicher Festnahmebericht der Stadt Miami Beach \u2192<\/a><\/div>","protected":false},"excerpt":{"rendered":"<p>Additional Contacts Home &gt; City Hall &gt; City Clerk &gt; Public Records \/ Laserfiche &gt; Additional Contacts NOTICE: Under Florida [&hellip;]<\/p>\n","protected":false},"author":222,"featured_media":0,"parent":28364,"menu_order":0,"comment_status":"closed","ping_status":"closed","template":"","meta":{"_searchwp_excluded":"","site-sidebar-layout":"default","site-content-layout":"","ast-site-content-layout":"default","site-content-style":"default","site-sidebar-style":"default","ast-global-header-display":"","ast-banner-title-visibility":"","ast-main-header-display":"","ast-hfb-above-header-display":"","ast-hfb-below-header-display":"","ast-hfb-mobile-header-display":"","site-post-title":"","ast-breadcrumbs-content":"","ast-featured-img":"","footer-sml-layout":"","theme-transparent-header-meta":"","adv-header-id-meta":"","stick-header-meta":"","header-above-stick-meta":"","header-main-stick-meta":"","header-below-stick-meta":"","astra-migrate-meta-layouts":"default","ast-page-background-enabled":"default","ast-page-background-meta":{"desktop":{"background-color":"var(--ast-global-color-5)","background-image":"","background-repeat":"repeat","background-position":"center center","background-size":"auto","background-attachment":"scroll","background-type":"","background-media":"","overlay-type":"","overlay-color":"","overlay-opacity":"","overlay-gradient":""},"tablet":{"background-color":"","background-image":"","background-repeat":"repeat","background-position":"center center","background-size":"auto","background-attachment":"scroll","background-type":"","background-media":"","overlay-type":"","overlay-color":"","overlay-opacity":"","overlay-gradient":""},"mobile":{"background-color":"","background-image":"","background-repeat":"repeat","background-position":"center center","background-size":"auto","background-attachment":"scroll","background-type":"","background-media":"","overlay-type":"","overlay-color":"","overlay-opacity":"","overlay-gradient":""}},"ast-content-background-meta":{"desktop":{"background-color":"var(--ast-global-color-4)","background-image":"","background-repeat":"repeat","background-position":"center center","background-size":"auto","background-attachment":"scroll","background-type":"","background-media":"","overlay-type":"","overlay-color":"","overlay-opacity":"","overlay-gradient":""},"tablet":{"background-color":"var(--ast-global-color-4)","background-image":"","background-repeat":"repeat","background-position":"center center","background-size":"auto","background-attachment":"scroll","background-type":"","background-media":"","overlay-type":"","overlay-color":"","overlay-opacity":"","overlay-gradient":""},"mobile":{"background-color":"var(--ast-global-color-4)","background-image":"","background-repeat":"repeat","background-position":"center center","background-size":"auto","background-attachment":"scroll","background-type":"","background-media":"","overlay-type":"","overlay-color":"","overlay-opacity":"","overlay-gradient":""}},"footnotes":""},"categories":[],"tags":[],"class_list":["post-258993","page","type-page","status-publish","hentry"],"yoast_head":"<!-- This site is optimized with the Yoast SEO Premium plugin v27.4 (Yoast SEO v27.4) - https:\/\/yoast.com\/product\/yoast-seo-premium-wordpress\/ -->\n<title>Additional Contacts - City of Miami Beach<\/title>\n<meta name=\"description\" content=\"%\" \/>\n<meta name=\"robots\" content=\"index, follow, max-snippet:-1, max-image-preview:large, max-video-preview:-1\" \/>\n<link rel=\"canonical\" href=\"https:\/\/www.miamibeachfl.gov\/de\/city-hall\/city-clerk\/public-records-request\/additional-contacts\/\" \/>\n<meta property=\"og:locale\" content=\"de_DE\" \/>\n<meta property=\"og:type\" content=\"article\" \/>\n<meta property=\"og:title\" content=\"Additional Contacts\" \/>\n<meta property=\"og:description\" content=\"%\" \/>\n<meta property=\"og:url\" content=\"https:\/\/www.miamibeachfl.gov\/de\/city-hall\/city-clerk\/public-records-request\/additional-contacts\/\" \/>\n<meta property=\"og:site_name\" content=\"City of Miami Beach\" \/>\n<meta property=\"article:publisher\" content=\"https:\/\/www.facebook.com\/cityofmiamibeach\" \/>\n<meta property=\"article:modified_time\" content=\"2025-12-22T16:35:07+00:00\" \/>\n<meta property=\"og:image\" content=\"https:\/\/www.miamibeachfl.gov\/wp-content\/uploads\/2022\/07\/hero-small.jpg\" \/>\n<meta name=\"twitter:card\" content=\"summary_large_image\" \/>\n<meta name=\"twitter:site\" content=\"@Miamibeachnews\" \/>\n<script type=\"application\/ld+json\" class=\"yoast-schema-graph\">{\"@context\":\"https:\\\/\\\/schema.org\",\"@graph\":[{\"@type\":\"WebPage\",\"@id\":\"https:\\\/\\\/www.miamibeachfl.gov\\\/city-hall\\\/city-clerk\\\/public-records-request\\\/additional-contacts\\\/\",\"url\":\"https:\\\/\\\/www.miamibeachfl.gov\\\/city-hall\\\/city-clerk\\\/public-records-request\\\/additional-contacts\\\/\",\"name\":\"Additional Contacts - City of Miami Beach\",\"isPartOf\":{\"@id\":\"https:\\\/\\\/www.miamibeachfl.gov\\\/#website\"},\"primaryImageOfPage\":{\"@id\":\"https:\\\/\\\/www.miamibeachfl.gov\\\/city-hall\\\/city-clerk\\\/public-records-request\\\/additional-contacts\\\/#primaryimage\"},\"image\":{\"@id\":\"https:\\\/\\\/www.miamibeachfl.gov\\\/city-hall\\\/city-clerk\\\/public-records-request\\\/additional-contacts\\\/#primaryimage\"},\"thumbnailUrl\":\"https:\\\/\\\/www.miamibeachfl.gov\\\/wp-content\\\/uploads\\\/2022\\\/07\\\/hero-small.jpg\",\"datePublished\":\"2023-08-07T13:31:47+00:00\",\"dateModified\":\"2025-12-22T16:35:07+00:00\",\"description\":\"%\",\"breadcrumb\":{\"@id\":\"https:\\\/\\\/www.miamibeachfl.gov\\\/city-hall\\\/city-clerk\\\/public-records-request\\\/additional-contacts\\\/#breadcrumb\"},\"inLanguage\":\"de\",\"potentialAction\":[{\"@type\":\"ReadAction\",\"target\":[\"https:\\\/\\\/www.miamibeachfl.gov\\\/city-hall\\\/city-clerk\\\/public-records-request\\\/additional-contacts\\\/\"]}]},{\"@type\":\"ImageObject\",\"inLanguage\":\"de\",\"@id\":\"https:\\\/\\\/www.miamibeachfl.gov\\\/city-hall\\\/city-clerk\\\/public-records-request\\\/additional-contacts\\\/#primaryimage\",\"url\":\"https:\\\/\\\/www.miamibeachfl.gov\\\/wp-content\\\/uploads\\\/2022\\\/07\\\/hero-small.jpg\",\"contentUrl\":\"https:\\\/\\\/www.miamibeachfl.gov\\\/wp-content\\\/uploads\\\/2022\\\/07\\\/hero-small.jpg\"},{\"@type\":\"BreadcrumbList\",\"@id\":\"https:\\\/\\\/www.miamibeachfl.gov\\\/city-hall\\\/city-clerk\\\/public-records-request\\\/additional-contacts\\\/#breadcrumb\",\"itemListElement\":[{\"@type\":\"ListItem\",\"position\":1,\"name\":\"Home\",\"item\":\"https:\\\/\\\/www.miamibeachfl.gov\\\/\"},{\"@type\":\"ListItem\",\"position\":2,\"name\":\"City Hall\",\"item\":\"https:\\\/\\\/www.miamibeachfl.gov\\\/city-hall\\\/\"},{\"@type\":\"ListItem\",\"position\":3,\"name\":\"City Clerk\",\"item\":\"https:\\\/\\\/www.miamibeachfl.gov\\\/city-hall\\\/city-clerk\\\/\"},{\"@type\":\"ListItem\",\"position\":4,\"name\":\"Public Records \\\/ Laserfiche\",\"item\":\"https:\\\/\\\/www.miamibeachfl.gov\\\/city-hall\\\/city-clerk\\\/public-records-request\\\/\"},{\"@type\":\"ListItem\",\"position\":5,\"name\":\"Additional Contacts\"}]},{\"@type\":\"WebSite\",\"@id\":\"https:\\\/\\\/www.miamibeachfl.gov\\\/#website\",\"url\":\"https:\\\/\\\/www.miamibeachfl.gov\\\/\",\"name\":\"City of Miami Beach\",\"description\":\"The official website of the City of Miami Beach. Stay informed, find important information on city services, news, alerts, events, trolley routes, government employment and more.\",\"publisher\":{\"@id\":\"https:\\\/\\\/www.miamibeachfl.gov\\\/#organization\"},\"potentialAction\":[{\"@type\":\"SearchAction\",\"target\":{\"@type\":\"EntryPoint\",\"urlTemplate\":\"https:\\\/\\\/www.miamibeachfl.gov\\\/?s={search_term_string}\"},\"query-input\":{\"@type\":\"PropertyValueSpecification\",\"valueRequired\":true,\"valueName\":\"search_term_string\"}}],\"inLanguage\":\"de\"},{\"@type\":\"Organization\",\"@id\":\"https:\\\/\\\/www.miamibeachfl.gov\\\/#organization\",\"name\":\"City of Miami Beach\",\"url\":\"https:\\\/\\\/www.miamibeachfl.gov\\\/\",\"logo\":{\"@type\":\"ImageObject\",\"inLanguage\":\"de\",\"@id\":\"https:\\\/\\\/www.miamibeachfl.gov\\\/#\\\/schema\\\/logo\\\/image\\\/\",\"url\":\"https:\\\/\\\/www.miamibeachfl.gov\\\/wp-content\\\/uploads\\\/2022\\\/06\\\/miamibeach-logoblue.png\",\"contentUrl\":\"https:\\\/\\\/www.miamibeachfl.gov\\\/wp-content\\\/uploads\\\/2022\\\/06\\\/miamibeach-logoblue.png\",\"width\":1962,\"height\":381,\"caption\":\"City of Miami Beach\"},\"image\":{\"@id\":\"https:\\\/\\\/www.miamibeachfl.gov\\\/#\\\/schema\\\/logo\\\/image\\\/\"},\"sameAs\":[\"https:\\\/\\\/www.facebook.com\\\/cityofmiamibeach\",\"https:\\\/\\\/x.com\\\/Miamibeachnews\",\"https:\\\/\\\/www.instagram.com\\\/miamibeachnews\\\/\"],\"description\":\"The official website of the City of Miami Beach. Stay informed, find important information on city services, news, alerts, events, trolley routes, government employment and more.\",\"telephone\":\"305.604.CITY(2489)\",\"legalName\":\"City of Miami Beach\"}]}<\/script>\n<!-- \/ Yoast SEO Premium plugin. -->","yoast_head_json":{"title":"Weitere Kontakte \u2013 Stadt Miami Beach","description":"%","robots":{"index":"index","follow":"follow","max-snippet":"max-snippet:-1","max-image-preview":"max-image-preview:large","max-video-preview":"max-video-preview:-1"},"canonical":"https:\/\/www.miamibeachfl.gov\/de\/city-hall\/city-clerk\/public-records-request\/additional-contacts\/","og_locale":"de_DE","og_type":"article","og_title":"Additional Contacts","og_description":"%","og_url":"https:\/\/www.miamibeachfl.gov\/de\/city-hall\/city-clerk\/public-records-request\/additional-contacts\/","og_site_name":"City of Miami Beach","article_publisher":"https:\/\/www.facebook.com\/cityofmiamibeach","article_modified_time":"2025-12-22T16:35:07+00:00","og_image":[{"url":"https:\/\/www.miamibeachfl.gov\/wp-content\/uploads\/2022\/07\/hero-small.jpg","type":"","width":"","height":""}],"twitter_card":"summary_large_image","twitter_site":"@Miamibeachnews","schema":{"@context":"https:\/\/schema.org","@graph":[{"@type":"WebPage","@id":"https:\/\/www.miamibeachfl.gov\/city-hall\/city-clerk\/public-records-request\/additional-contacts\/","url":"https:\/\/www.miamibeachfl.gov\/city-hall\/city-clerk\/public-records-request\/additional-contacts\/","name":"Weitere Kontakte \u2013 Stadt Miami Beach","isPartOf":{"@id":"https:\/\/www.miamibeachfl.gov\/#website"},"primaryImageOfPage":{"@id":"https:\/\/www.miamibeachfl.gov\/city-hall\/city-clerk\/public-records-request\/additional-contacts\/#primaryimage"},"image":{"@id":"https:\/\/www.miamibeachfl.gov\/city-hall\/city-clerk\/public-records-request\/additional-contacts\/#primaryimage"},"thumbnailUrl":"https:\/\/www.miamibeachfl.gov\/wp-content\/uploads\/2022\/07\/hero-small.jpg","datePublished":"2023-08-07T13:31:47+00:00","dateModified":"2025-12-22T16:35:07+00:00","description":"%","breadcrumb":{"@id":"https:\/\/www.miamibeachfl.gov\/city-hall\/city-clerk\/public-records-request\/additional-contacts\/#breadcrumb"},"inLanguage":"de","potentialAction":[{"@type":"ReadAction","target":["https:\/\/www.miamibeachfl.gov\/city-hall\/city-clerk\/public-records-request\/additional-contacts\/"]}]},{"@type":"ImageObject","inLanguage":"de","@id":"https:\/\/www.miamibeachfl.gov\/city-hall\/city-clerk\/public-records-request\/additional-contacts\/#primaryimage","url":"https:\/\/www.miamibeachfl.gov\/wp-content\/uploads\/2022\/07\/hero-small.jpg","contentUrl":"https:\/\/www.miamibeachfl.gov\/wp-content\/uploads\/2022\/07\/hero-small.jpg"},{"@type":"BreadcrumbList","@id":"https:\/\/www.miamibeachfl.gov\/city-hall\/city-clerk\/public-records-request\/additional-contacts\/#breadcrumb","itemListElement":[{"@type":"ListItem","position":1,"name":"Home","item":"https:\/\/www.miamibeachfl.gov\/"},{"@type":"ListItem","position":2,"name":"City Hall","item":"https:\/\/www.miamibeachfl.gov\/city-hall\/"},{"@type":"ListItem","position":3,"name":"City Clerk","item":"https:\/\/www.miamibeachfl.gov\/city-hall\/city-clerk\/"},{"@type":"ListItem","position":4,"name":"Public Records \/ Laserfiche","item":"https:\/\/www.miamibeachfl.gov\/city-hall\/city-clerk\/public-records-request\/"},{"@type":"ListItem","position":5,"name":"Additional Contacts"}]},{"@type":"WebSite","@id":"https:\/\/www.miamibeachfl.gov\/#website","url":"https:\/\/www.miamibeachfl.gov\/","name":"Stadt Miami Beach","description":"Die offizielle Website der Stadt Miami Beach. Bleiben Sie informiert und finden Sie wichtige Informationen zu st\u00e4dtischen Dienstleistungen, Neuigkeiten, Warnungen, Veranstaltungen, Stra\u00dfenbahnlinien, Stellenangeboten im \u00f6ffentlichen Dienst und mehr.","publisher":{"@id":"https:\/\/www.miamibeachfl.gov\/#organization"},"potentialAction":[{"@type":"SearchAction","target":{"@type":"EntryPoint","urlTemplate":"https:\/\/www.miamibeachfl.gov\/?s={search_term_string}"},"query-input":{"@type":"PropertyValueSpecification","valueRequired":true,"valueName":"search_term_string"}}],"inLanguage":"de"},{"@type":"Organization","@id":"https:\/\/www.miamibeachfl.gov\/#organization","name":"Stadt Miami Beach","url":"https:\/\/www.miamibeachfl.gov\/","logo":{"@type":"ImageObject","inLanguage":"de","@id":"https:\/\/www.miamibeachfl.gov\/#\/schema\/logo\/image\/","url":"https:\/\/www.miamibeachfl.gov\/wp-content\/uploads\/2022\/06\/miamibeach-logoblue.png","contentUrl":"https:\/\/www.miamibeachfl.gov\/wp-content\/uploads\/2022\/06\/miamibeach-logoblue.png","width":1962,"height":381,"caption":"City of Miami Beach"},"image":{"@id":"https:\/\/www.miamibeachfl.gov\/#\/schema\/logo\/image\/"},"sameAs":["https:\/\/www.facebook.com\/cityofmiamibeach","https:\/\/x.com\/Miamibeachnews","https:\/\/www.instagram.com\/miamibeachnews\/"],"description":"Die offizielle Website der Stadt Miami Beach. Bleiben Sie informiert und finden Sie wichtige Informationen zu st\u00e4dtischen Dienstleistungen, Neuigkeiten, Warnungen, Veranstaltungen, Stra\u00dfenbahnlinien, Stellenangeboten im \u00f6ffentlichen Dienst und mehr.","telephone":"305.604.CITY(2489)","legalName":"City of Miami Beach"}]}},"_links":{"self":[{"href":"https:\/\/www.miamibeachfl.gov\/de\/wp-json\/wp\/v2\/pages\/258993","targetHints":{"allow":["GET"]}}],"collection":[{"href":"https:\/\/www.miamibeachfl.gov\/de\/wp-json\/wp\/v2\/pages"}],"about":[{"href":"https:\/\/www.miamibeachfl.gov\/de\/wp-json\/wp\/v2\/types\/page"}],"author":[{"embeddable":true,"href":"https:\/\/www.miamibeachfl.gov\/de\/wp-json\/wp\/v2\/users\/222"}],"replies":[{"embeddable":true,"href":"https:\/\/www.miamibeachfl.gov\/de\/wp-json\/wp\/v2\/comments?post=258993"}],"version-history":[{"count":1,"href":"https:\/\/www.miamibeachfl.gov\/de\/wp-json\/wp\/v2\/pages\/258993\/revisions"}],"predecessor-version":[{"id":392035,"href":"https:\/\/www.miamibeachfl.gov\/de\/wp-json\/wp\/v2\/pages\/258993\/revisions\/392035"}],"up":[{"embeddable":true,"href":"https:\/\/www.miamibeachfl.gov\/de\/wp-json\/wp\/v2\/pages\/28364"}],"wp:attachment":[{"href":"https:\/\/www.miamibeachfl.gov\/de\/wp-json\/wp\/v2\/media?parent=258993"}],"wp:term":[{"taxonomy":"category","embeddable":true,"href":"https:\/\/www.miamibeachfl.gov\/de\/wp-json\/wp\/v2\/categories?post=258993"},{"taxonomy":"post_tag","embeddable":true,"href":"https:\/\/www.miamibeachfl.gov\/de\/wp-json\/wp\/v2\/tags?post=258993"}],"curies":[{"name":"wp","href":"https:\/\/api.w.org\/{rel}","templated":true}]}}