{"id":259840,"date":"2023-05-08T14:29:55","date_gmt":"2023-05-08T18:29:55","guid":{"rendered":"https:\/\/www.miamibeachfl.gov\/?page_id=259840"},"modified":"2025-06-05T11:49:03","modified_gmt":"2025-06-05T15:49:03","slug":"rfli","status":"publish","type":"page","link":"https:\/\/www.miamibeachfl.gov\/de\/business\/doing-business-with-mb\/rfli\/","title":{"rendered":"RFLI"},"content":{"rendered":"<h3>\n\t\t\tEntwicklungsm\u00f6glichkeit in Miami Beach\t<\/h3>\n<h3>\n\t\t\tGewerbegebiet Middle Beach\t<\/h3>\n\t<p>Die Stadt Miami Beach bittet um Interessenbekundungen von Bautr\u00e4gern, die m\u00f6glicherweise Interesse an der Entwicklung eines gemischt genutzten Projekts mit Parkm\u00f6glichkeiten und anderen Nutzungsm\u00f6glichkeiten haben, darunter unter anderem bezahlbarer Wohnraum und Wohnraum f\u00fcr Arbeitnehmer, erstklassige B\u00fcrofl\u00e4chen und \u00f6ffentliche Einrichtungen\/Annehmlichkeiten auf einem oder mehreren der st\u00e4dtischen Parkpl\u00e4tze in der N\u00e4he der 41. Stra\u00dfe:<\/p>\n\t\t\t<a href=\"https:\/\/www.bidsync.com\/bidsync-app-web\/vendor\/links\/BidDetail.xhtml?bidid=2115654&#038;returnPage=searchResults\" target=\"_blank\" rel=\"noopener\">\n\t\t\t\t\t\tBidSync-Portal zum Einreichen Ihres Interessensschreibens f\u00fcr RFLI 2023-435-KB\n\t\t\t\t\t<\/a>\n<h3>\n\t\t\tHintergrund\t<\/h3>\n\t<p><strong>Die 41. Stra\u00dfe z\u00e4hlt zu den Stra\u00dfen mit dem h\u00f6chsten t\u00e4glichen Verkehrsaufkommen in Miami Beach, mit einem durchschnittlichen t\u00e4glichen Verkehr von \u00fcber 100.000 Fahrzeugen pro Tag.<\/strong><\/p>\n<p>Die State Road 112\/Arthur Godfrey Road\/W 41 Street ist eine der vier wichtigsten Ost-West-Verbindungen zwischen Miami Beach und Miami. Sie ist die einzige direkte Verbindung nach Mid Beach und zum Mount Sinai Medical Center und bietet Verbindungen zu den Stadtteilen Wynwood, Design District und Midtown in Miami City.<\/p>\n<p>Der Korridor der 41. Stra\u00dfe wird gr\u00f6\u00dftenteils von kleineren Gewerbeimmobilien ges\u00e4umt, die auf Stra\u00dfenebene Einzelhandel, Restaurants, Arztpraxen und professionelle Dienstleistungsb\u00fcros f\u00fcr die Nachbarschaft bieten. Das umliegende Wohnviertel ist bekannt f\u00fcr sein kulturelles Gef\u00fcge mit Schulen und Gottesh\u00e4usern, das Familien anzieht, sich im Viertel Mid Beach niederzulassen und die Gewerbebetriebe in und entlang der 41. Stra\u00dfe zu unterst\u00fctzen.<\/p>\n<p>Fahrzeuge sind das wichtigste Verkehrsmittel in der Stadt und entlang der 41. Stra\u00dfe. Kunden der Gesch\u00e4fte in der 41. Stra\u00dfe kommen h\u00e4ufig mit dem eigenen Auto und nutzen die Parkm\u00f6glichkeiten auf und abseits der Stra\u00dfe. Die Parkpl\u00e4tze abseits der Stra\u00dfe, die den Gesch\u00e4ftskorridor bedienen, bestehen haupts\u00e4chlich aus mehreren st\u00e4dtischen Parkpl\u00e4tzen n\u00f6rdlich und s\u00fcdlich der 41. Stra\u00dfe, die sich hinter den angrenzenden Grundst\u00fccken befinden. Da die Parkm\u00f6glichkeiten auf der Stra\u00dfe in diesem Gebiet begrenzt sind, sind nahegelegene st\u00e4dtische Parkm\u00f6glichkeiten f\u00fcr den Gesch\u00e4ftserfolg von entscheidender Bedeutung.<\/p>\n\t\t<h3><a href=\"tel:3056737572\"  target=\"_self\">\t\n\t305.673.7572<\/a><\/h3>\t\n\t\t<h3><a href=\"mailto:mbbiz@miamibeachfl.gov\"  target=\"_self\">\t\n\tmbbiz@miamibeachfl.gov<\/a><\/h3>\t\n\t\t<h3><a href=\"\/de\/business\/\"  target=\"_blank\"  rel=\"noopener\">\t\n\twww.MBBiz.com<\/a><\/h3>\t\n\t\t<h2>Abonnieren Sie den MBBiz Newsletter<\/h2>\n\t\t\t\t<p>Erhalten Sie Ressourcen und Updates vom Wirtschaftsentwicklungsministerium direkt auf Ihr Telefon.<\/p>\n\t\t\t<a href=\"\/de\/mbbiznews\/\" title=\"Klicken Sie hier\" target=\"_self\"   role=\"button\" aria-label=\"Jetzt abonnieren\">\n\t\t\t\t\t\t\t\t\t\t\tJetzt abonnieren\n\t\t<\/a>","protected":false},"excerpt":{"rendered":"<p>Miami Beach Development Opportunity Middle Beach Commercial Corridor The City of Miami Beach is seeking letters of interest from developers [&hellip;]<\/p>\n","protected":false},"author":222,"featured_media":0,"parent":197440,"menu_order":37,"comment_status":"closed","ping_status":"closed","template":"","meta":{"_searchwp_excluded":"","site-sidebar-layout":"default","site-content-layout":"","ast-site-content-layout":"default","site-content-style":"default","site-sidebar-style":"default","ast-global-header-display":"","ast-banner-title-visibility":"","ast-main-header-display":"","ast-hfb-above-header-display":"","ast-hfb-below-header-display":"","ast-hfb-mobile-header-display":"","site-post-title":"","ast-breadcrumbs-content":"","ast-featured-img":"","footer-sml-layout":"","theme-transparent-header-meta":"","adv-header-id-meta":"","stick-header-meta":"","header-above-stick-meta":"","header-main-stick-meta":"","header-below-stick-meta":"","astra-migrate-meta-layouts":"default","ast-page-background-enabled":"default","ast-page-background-meta":{"desktop":{"background-color":"var(--ast-global-color-5)","background-image":"","background-repeat":"repeat","background-position":"center center","background-size":"auto","background-attachment":"scroll","background-type":"","background-media":"","overlay-type":"","overlay-color":"","overlay-opacity":"","overlay-gradient":""},"tablet":{"background-color":"","background-image":"","background-repeat":"repeat","background-position":"center center","background-size":"auto","background-attachment":"scroll","background-type":"","background-media":"","overlay-type":"","overlay-color":"","overlay-opacity":"","overlay-gradient":""},"mobile":{"background-color":"","background-image":"","background-repeat":"repeat","background-position":"center center","background-size":"auto","background-attachment":"scroll","background-type":"","background-media":"","overlay-type":"","overlay-color":"","overlay-opacity":"","overlay-gradient":""}},"ast-content-background-meta":{"desktop":{"background-color":"var(--ast-global-color-4)","background-image":"","background-repeat":"repeat","background-position":"center center","background-size":"auto","background-attachment":"scroll","background-type":"","background-media":"","overlay-type":"","overlay-color":"","overlay-opacity":"","overlay-gradient":""},"tablet":{"background-color":"var(--ast-global-color-4)","background-image":"","background-repeat":"repeat","background-position":"center center","background-size":"auto","background-attachment":"scroll","background-type":"","background-media":"","overlay-type":"","overlay-color":"","overlay-opacity":"","overlay-gradient":""},"mobile":{"background-color":"var(--ast-global-color-4)","background-image":"","background-repeat":"repeat","background-position":"center center","background-size":"auto","background-attachment":"scroll","background-type":"","background-media":"","overlay-type":"","overlay-color":"","overlay-opacity":"","overlay-gradient":""}},"footnotes":""},"categories":[],"tags":[],"class_list":["post-259840","page","type-page","status-publish","hentry"],"yoast_head":"<!-- This site is optimized with the Yoast SEO Premium plugin v27.4 (Yoast SEO v27.4) - https:\/\/yoast.com\/product\/yoast-seo-premium-wordpress\/ -->\n<title>RFLI - City of Miami Beach<\/title>\n<meta name=\"description\" content=\"%\" \/>\n<meta name=\"robots\" content=\"index, follow, max-snippet:-1, max-image-preview:large, max-video-preview:-1\" \/>\n<link rel=\"canonical\" href=\"https:\/\/www.miamibeachfl.gov\/de\/business\/doing-business-with-mb\/rfli\/\" \/>\n<meta property=\"og:locale\" content=\"de_DE\" \/>\n<meta property=\"og:type\" content=\"article\" \/>\n<meta property=\"og:title\" content=\"RFLI\" \/>\n<meta property=\"og:description\" content=\"%\" \/>\n<meta property=\"og:url\" content=\"https:\/\/www.miamibeachfl.gov\/de\/business\/doing-business-with-mb\/rfli\/\" \/>\n<meta property=\"og:site_name\" content=\"City of Miami Beach\" \/>\n<meta property=\"article:publisher\" content=\"https:\/\/www.facebook.com\/cityofmiamibeach\" \/>\n<meta property=\"article:modified_time\" content=\"2025-06-05T15:49:03+00:00\" \/>\n<meta property=\"og:image\" content=\"https:\/\/www.miamibeachfl.gov\/wp-content\/uploads\/2024\/01\/1000pxSquare-miamibeach-aerial-southpointview.jpeg\" \/>\n\t<meta property=\"og:image:width\" content=\"1000\" \/>\n\t<meta property=\"og:image:height\" content=\"1000\" \/>\n\t<meta property=\"og:image:type\" content=\"image\/jpeg\" \/>\n<meta name=\"twitter:card\" content=\"summary_large_image\" \/>\n<meta name=\"twitter:site\" content=\"@Miamibeachnews\" \/>\n<script type=\"application\/ld+json\" class=\"yoast-schema-graph\">{\"@context\":\"https:\\\/\\\/schema.org\",\"@graph\":[{\"@type\":\"WebPage\",\"@id\":\"https:\\\/\\\/www.miamibeachfl.gov\\\/business\\\/doing-business-with-mb\\\/rfli\\\/\",\"url\":\"https:\\\/\\\/www.miamibeachfl.gov\\\/business\\\/doing-business-with-mb\\\/rfli\\\/\",\"name\":\"RFLI - City of Miami Beach\",\"isPartOf\":{\"@id\":\"https:\\\/\\\/www.miamibeachfl.gov\\\/#website\"},\"datePublished\":\"2023-05-08T18:29:55+00:00\",\"dateModified\":\"2025-06-05T15:49:03+00:00\",\"description\":\"%\",\"breadcrumb\":{\"@id\":\"https:\\\/\\\/www.miamibeachfl.gov\\\/business\\\/doing-business-with-mb\\\/rfli\\\/#breadcrumb\"},\"inLanguage\":\"de\",\"potentialAction\":[{\"@type\":\"ReadAction\",\"target\":[\"https:\\\/\\\/www.miamibeachfl.gov\\\/business\\\/doing-business-with-mb\\\/rfli\\\/\"]}]},{\"@type\":\"BreadcrumbList\",\"@id\":\"https:\\\/\\\/www.miamibeachfl.gov\\\/business\\\/doing-business-with-mb\\\/rfli\\\/#breadcrumb\",\"itemListElement\":[{\"@type\":\"ListItem\",\"position\":1,\"name\":\"Home\",\"item\":\"https:\\\/\\\/www.miamibeachfl.gov\\\/\"},{\"@type\":\"ListItem\",\"position\":2,\"name\":\"Business\",\"item\":\"https:\\\/\\\/www.miamibeachfl.gov\\\/business\\\/\"},{\"@type\":\"ListItem\",\"position\":3,\"name\":\"Doing Business with MB\",\"item\":\"https:\\\/\\\/www.miamibeachfl.gov\\\/business\\\/doing-business-with-mb\\\/\"},{\"@type\":\"ListItem\",\"position\":4,\"name\":\"RFLI\"}]},{\"@type\":\"WebSite\",\"@id\":\"https:\\\/\\\/www.miamibeachfl.gov\\\/#website\",\"url\":\"https:\\\/\\\/www.miamibeachfl.gov\\\/\",\"name\":\"City of Miami Beach\",\"description\":\"The official website of the City of Miami Beach. Stay informed, find important information on city services, news, alerts, events, trolley routes, government employment and more.\",\"publisher\":{\"@id\":\"https:\\\/\\\/www.miamibeachfl.gov\\\/#organization\"},\"potentialAction\":[{\"@type\":\"SearchAction\",\"target\":{\"@type\":\"EntryPoint\",\"urlTemplate\":\"https:\\\/\\\/www.miamibeachfl.gov\\\/?s={search_term_string}\"},\"query-input\":{\"@type\":\"PropertyValueSpecification\",\"valueRequired\":true,\"valueName\":\"search_term_string\"}}],\"inLanguage\":\"de\"},{\"@type\":\"Organization\",\"@id\":\"https:\\\/\\\/www.miamibeachfl.gov\\\/#organization\",\"name\":\"City of Miami Beach\",\"url\":\"https:\\\/\\\/www.miamibeachfl.gov\\\/\",\"logo\":{\"@type\":\"ImageObject\",\"inLanguage\":\"de\",\"@id\":\"https:\\\/\\\/www.miamibeachfl.gov\\\/#\\\/schema\\\/logo\\\/image\\\/\",\"url\":\"https:\\\/\\\/www.miamibeachfl.gov\\\/wp-content\\\/uploads\\\/2022\\\/06\\\/miamibeach-logoblue.png\",\"contentUrl\":\"https:\\\/\\\/www.miamibeachfl.gov\\\/wp-content\\\/uploads\\\/2022\\\/06\\\/miamibeach-logoblue.png\",\"width\":1962,\"height\":381,\"caption\":\"City of Miami Beach\"},\"image\":{\"@id\":\"https:\\\/\\\/www.miamibeachfl.gov\\\/#\\\/schema\\\/logo\\\/image\\\/\"},\"sameAs\":[\"https:\\\/\\\/www.facebook.com\\\/cityofmiamibeach\",\"https:\\\/\\\/x.com\\\/Miamibeachnews\",\"https:\\\/\\\/www.instagram.com\\\/miamibeachnews\\\/\"],\"description\":\"The official website of the City of Miami Beach. Stay informed, find important information on city services, news, alerts, events, trolley routes, government employment and more.\",\"telephone\":\"305.604.CITY(2489)\",\"legalName\":\"City of Miami Beach\"}]}<\/script>\n<!-- \/ Yoast SEO Premium plugin. -->","yoast_head_json":{"title":"RFLI - Stadt Miami Beach","description":"%","robots":{"index":"index","follow":"follow","max-snippet":"max-snippet:-1","max-image-preview":"max-image-preview:large","max-video-preview":"max-video-preview:-1"},"canonical":"https:\/\/www.miamibeachfl.gov\/de\/business\/doing-business-with-mb\/rfli\/","og_locale":"de_DE","og_type":"article","og_title":"RFLI","og_description":"%","og_url":"https:\/\/www.miamibeachfl.gov\/de\/business\/doing-business-with-mb\/rfli\/","og_site_name":"City of Miami Beach","article_publisher":"https:\/\/www.facebook.com\/cityofmiamibeach","article_modified_time":"2025-06-05T15:49:03+00:00","og_image":[{"width":1000,"height":1000,"url":"https:\/\/www.miamibeachfl.gov\/wp-content\/uploads\/2024\/01\/1000pxSquare-miamibeach-aerial-southpointview.jpeg","type":"image\/jpeg"}],"twitter_card":"summary_large_image","twitter_site":"@Miamibeachnews","schema":{"@context":"https:\/\/schema.org","@graph":[{"@type":"WebPage","@id":"https:\/\/www.miamibeachfl.gov\/business\/doing-business-with-mb\/rfli\/","url":"https:\/\/www.miamibeachfl.gov\/business\/doing-business-with-mb\/rfli\/","name":"RFLI - Stadt Miami Beach","isPartOf":{"@id":"https:\/\/www.miamibeachfl.gov\/#website"},"datePublished":"2023-05-08T18:29:55+00:00","dateModified":"2025-06-05T15:49:03+00:00","description":"%","breadcrumb":{"@id":"https:\/\/www.miamibeachfl.gov\/business\/doing-business-with-mb\/rfli\/#breadcrumb"},"inLanguage":"de","potentialAction":[{"@type":"ReadAction","target":["https:\/\/www.miamibeachfl.gov\/business\/doing-business-with-mb\/rfli\/"]}]},{"@type":"BreadcrumbList","@id":"https:\/\/www.miamibeachfl.gov\/business\/doing-business-with-mb\/rfli\/#breadcrumb","itemListElement":[{"@type":"ListItem","position":1,"name":"Home","item":"https:\/\/www.miamibeachfl.gov\/"},{"@type":"ListItem","position":2,"name":"Business","item":"https:\/\/www.miamibeachfl.gov\/business\/"},{"@type":"ListItem","position":3,"name":"Doing Business with MB","item":"https:\/\/www.miamibeachfl.gov\/business\/doing-business-with-mb\/"},{"@type":"ListItem","position":4,"name":"RFLI"}]},{"@type":"WebSite","@id":"https:\/\/www.miamibeachfl.gov\/#website","url":"https:\/\/www.miamibeachfl.gov\/","name":"Stadt Miami Beach","description":"Die offizielle Website der Stadt Miami Beach. Bleiben Sie informiert und finden Sie wichtige Informationen zu st\u00e4dtischen Dienstleistungen, Neuigkeiten, Warnungen, Veranstaltungen, Stra\u00dfenbahnlinien, Stellenangeboten im \u00f6ffentlichen Dienst und mehr.","publisher":{"@id":"https:\/\/www.miamibeachfl.gov\/#organization"},"potentialAction":[{"@type":"SearchAction","target":{"@type":"EntryPoint","urlTemplate":"https:\/\/www.miamibeachfl.gov\/?s={search_term_string}"},"query-input":{"@type":"PropertyValueSpecification","valueRequired":true,"valueName":"search_term_string"}}],"inLanguage":"de"},{"@type":"Organization","@id":"https:\/\/www.miamibeachfl.gov\/#organization","name":"Stadt Miami Beach","url":"https:\/\/www.miamibeachfl.gov\/","logo":{"@type":"ImageObject","inLanguage":"de","@id":"https:\/\/www.miamibeachfl.gov\/#\/schema\/logo\/image\/","url":"https:\/\/www.miamibeachfl.gov\/wp-content\/uploads\/2022\/06\/miamibeach-logoblue.png","contentUrl":"https:\/\/www.miamibeachfl.gov\/wp-content\/uploads\/2022\/06\/miamibeach-logoblue.png","width":1962,"height":381,"caption":"City of Miami Beach"},"image":{"@id":"https:\/\/www.miamibeachfl.gov\/#\/schema\/logo\/image\/"},"sameAs":["https:\/\/www.facebook.com\/cityofmiamibeach","https:\/\/x.com\/Miamibeachnews","https:\/\/www.instagram.com\/miamibeachnews\/"],"description":"Die offizielle Website der Stadt Miami Beach. Bleiben Sie informiert und finden Sie wichtige Informationen zu st\u00e4dtischen Dienstleistungen, Neuigkeiten, Warnungen, Veranstaltungen, Stra\u00dfenbahnlinien, Stellenangeboten im \u00f6ffentlichen Dienst und mehr.","telephone":"305.604.CITY(2489)","legalName":"City of Miami Beach"}]}},"_links":{"self":[{"href":"https:\/\/www.miamibeachfl.gov\/de\/wp-json\/wp\/v2\/pages\/259840","targetHints":{"allow":["GET"]}}],"collection":[{"href":"https:\/\/www.miamibeachfl.gov\/de\/wp-json\/wp\/v2\/pages"}],"about":[{"href":"https:\/\/www.miamibeachfl.gov\/de\/wp-json\/wp\/v2\/types\/page"}],"author":[{"embeddable":true,"href":"https:\/\/www.miamibeachfl.gov\/de\/wp-json\/wp\/v2\/users\/222"}],"replies":[{"embeddable":true,"href":"https:\/\/www.miamibeachfl.gov\/de\/wp-json\/wp\/v2\/comments?post=259840"}],"version-history":[{"count":1,"href":"https:\/\/www.miamibeachfl.gov\/de\/wp-json\/wp\/v2\/pages\/259840\/revisions"}],"predecessor-version":[{"id":375441,"href":"https:\/\/www.miamibeachfl.gov\/de\/wp-json\/wp\/v2\/pages\/259840\/revisions\/375441"}],"up":[{"embeddable":true,"href":"https:\/\/www.miamibeachfl.gov\/de\/wp-json\/wp\/v2\/pages\/197440"}],"wp:attachment":[{"href":"https:\/\/www.miamibeachfl.gov\/de\/wp-json\/wp\/v2\/media?parent=259840"}],"wp:term":[{"taxonomy":"category","embeddable":true,"href":"https:\/\/www.miamibeachfl.gov\/de\/wp-json\/wp\/v2\/categories?post=259840"},{"taxonomy":"post_tag","embeddable":true,"href":"https:\/\/www.miamibeachfl.gov\/de\/wp-json\/wp\/v2\/tags?post=259840"}],"curies":[{"name":"wp","href":"https:\/\/api.w.org\/{rel}","templated":true}]}}