{"id":260660,"date":"2023-05-18T11:59:05","date_gmt":"2023-05-18T15:59:05","guid":{"rendered":"https:\/\/www.miamibeachfl.gov\/?page_id=260660"},"modified":"2026-03-23T16:07:55","modified_gmt":"2026-03-23T20:07:55","slug":"north-beach-cra-advisory-committee","status":"publish","type":"page","link":"https:\/\/www.miamibeachfl.gov\/de\/city-hall\/city-clerk\/boards-and-committees\/north-beach-cra-advisory-committee\/","title":{"rendered":"North Beach CRA-Beratungsausschuss"},"content":{"rendered":"\n<h1>\n\t\t\tNorth Beach CRA Advisory Committee\t<\/h1>\nCity Clerk  Menu\t\t\t\n\t\t\t\t\t<ul id=\"menu-city-clerk\"><li id=\"menu-item-317005\"><a href=\"\/city-hall\/city-clerk\">City Clerk<\/a><\/li>\n<li id=\"menu-item-258831\"><a href=\"\/city-hall\/city-clerk\/public-records-request\/\">Public Records<\/a><\/li>\n<li id=\"menu-item-258832\"><a href=\"\/city-hall\/city-clerk\/meetings-and-agendas\/\">Agendas<\/a><\/li>\n<li id=\"menu-item-258833\"><a href=\"\/city-hall\/city-clerk\/forms\/\">Forms<\/a><\/li>\n<li id=\"menu-item-258834\"><a href=\"\/city-hall\/city-clerk\/boards-and-committees\">Boards &#038; Committees<\/a><\/li>\n<li id=\"menu-item-258835\"><a href=\"\/city-hall\/city-clerk\/election-information\/\">Election Information<\/a><\/li>\n<li id=\"menu-item-258836\"><a href=\"\/city-hall\/city-clerk\/notification-system\/\">Notifications<\/a><\/li>\n<li id=\"menu-item-258837\"><a href=\"\/city-hall\/city-clerk\/public-records-request\/additional-contacts\/\">Contact Us<\/a><\/li>\n<\/ul>\t\nCity Clerk  Menu\t\t\t\n\t\t\t\t \u00d7\t\t\t\t\t\t<ul id=\"menu-city-clerk-1\"><li id=\"menu-item-317005\"><a href=\"\/city-hall\/city-clerk\">City Clerk<\/a><\/li>\n<li id=\"menu-item-258831\"><a href=\"\/city-hall\/city-clerk\/public-records-request\/\">Public Records<\/a><\/li>\n<li id=\"menu-item-258832\"><a href=\"\/city-hall\/city-clerk\/meetings-and-agendas\/\">Agendas<\/a><\/li>\n<li id=\"menu-item-258833\"><a href=\"\/city-hall\/city-clerk\/forms\/\">Forms<\/a><\/li>\n<li id=\"menu-item-258834\"><a href=\"\/city-hall\/city-clerk\/boards-and-committees\">Boards &#038; Committees<\/a><\/li>\n<li id=\"menu-item-258835\"><a href=\"\/city-hall\/city-clerk\/election-information\/\">Election Information<\/a><\/li>\n<li id=\"menu-item-258836\"><a href=\"\/city-hall\/city-clerk\/notification-system\/\">Notifications<\/a><\/li>\n<li id=\"menu-item-258837\"><a href=\"\/city-hall\/city-clerk\/public-records-request\/additional-contacts\/\">Contact Us<\/a><\/li>\n<\/ul>\t\t\t\t\n\t<p><strong>Purpose<\/strong><\/p>\n<p>The purpose of the Ad Hoc North Beach CRA Advisory Committee (the &#8220;Committee&#8221;) is to make advisory recommendations to the Administration and the City Commission, from a macro perspective, regarding the North Beach CRA.<\/p>\n<p><strong>Powers and Duties\u00a0<\/strong><\/p>\n<p>The Committee shall have the following powers and duties:<\/p>\n<ol>\n<li>\n<ol>\n<li>Provide advisory recommendations regarding the implementation of the North Beach CRA Redevelopment Plan and public projects which would be funded by the North Beach CRA, including recommendations relative to the overall timing, cost efficiencies, and prioritization of proposed public projects in the North Beach CRA.<\/li>\n<li>Provide advisory recommendations regarding the interlocal agreement with Miami-Dade County relating to the North Beach CRA, and all related matters pertaining to the North Beach CRA.<\/li>\n<\/ol>\n<\/li>\n<\/ol>\n<p><strong>Membership Composition.\u00a0<\/strong><\/p>\n<p><strong>Ronald Issenberg, Chair<\/strong><\/p>\n<p><strong>Thomas Richerson, Vice-Chair<\/strong><\/p>\n<p>The Committee shall be composed of seven (7) at-large appointments, all of whom shall be appointed to serve for a term of no more than one (1) year at a time. There shall also be one (1) nonvoting, ex-officio representative of the Normandy Fountain Business Association, who shall not count toward a quorum for the Committee.<\/p>\n<p>The seven (7) members shall be affiliated with the City; this requirement shall be fulfilled in the following ways:<\/p>\n<ol>\n<li>\n<ol>\n<li>Resident Members.\n<p>a. At least one of the seven members must currently reside, for a minimum of five years, within the North Beach area, generally considered a that portion of Miami Beach located north of 63\u00a0<sup>rd\u00a0<\/sup>Street.<\/p>\n<p>b. At least three of the seven members must currently reside, for a minimum of five years, within the geographic boundaries of the North Beach CRA, or within a 300-foot radius thereof.<\/p>\n<p>c. The five-year minimum residency requirement in subsections (1)(a) and (1)(b) may be waived upon a five-sevenths vote of the city commission, in the event a resident within the applicable geographic area is available to serve on the committee and is exceptionally qualified by training and\/or experience.<\/p>\nd. The 300-foot radius residency requirement in subsections (1)(b) may be waived upon a 5\/7ths vote of the city commission, in the event a resident within a reasonable distance from the 300-foot radius of the North Beach CRA geographic boundary and is exceptionally qualified by training and\/or experience.<\/li>\n<li>Business Member. At least one (1) of the seven members must demonstrate an Ownership Interest, for a minimum of five (5) years, in a Business established within the geographic boundaries of the North Beach CRA, without regard to that person&#8217;s residency. A candidate who satisfies requirements as both a Resident and Business Owner may qualify for either the Resident Member category pursuant to Section C(1)(a) above, or the Business Member category pursuant to this subsection.<\/li>\n<li>Real Estate Industry Member. At least one (1) of the seven members of the Committee must be a real estate industry professional, residing generally within the City of Miami Beach.<\/li>\n<li>Attorney Member. At least one (1) of the seven members of the Committee must be an attorney with experience in land use, real estate, or other related practice area, residing generally within the City of Miami Beach or maintaining a full-time law practice and physical office located in North Beach.<\/li>\n<li>General Requirements. Each of the seven (7) members must have a demonstrated interest in neighborhood leadership issues, including, without limitation, neighborhood business groups, homeowner or condominium associations and cooperatives, civic groups, and\/or other similar qualifications.<\/li>\n<li>Ex Officio Normandy Fountain Business Association Member. The nonvoting, ex-officio representative of the Normandy Fountain Business Association shall be nominated by the Association and subject to the approval of the City Commission.<\/li>\n<\/ol>\n<\/li>\n<\/ol>\n<p>For the purposes of this Section C, these terms shall have the following meaning:\u00a0<\/p>\n<ul>\n<li data-leveltext=\"\u2022\" data-font=\"Microsoft Sans Serif\" data-listid=\"3\" data-list-defn-props=\"{&quot;335551500&quot;:1579119,&quot;335551671&quot;:0,&quot;335552541&quot;:1,&quot;335559684&quot;:-2,&quot;335559685&quot;:142,&quot;335559991&quot;:124,&quot;469769226&quot;:&quot;Microsoft Sans Serif&quot;,&quot;469769242&quot;:[9675],&quot;469777803&quot;:&quot;left&quot;,&quot;469777804&quot;:&quot;\u2022&quot;,&quot;469777815&quot;:&quot;hybridMultilevel&quot;}\" aria-setsize=\"-1\" data-aria-posinset=\"0\" data-aria-level=\"2\">&#8220;Ownership Interest&#8221; shall mean the ownership of ten percent (10%) or more of a Business (including the ownership of 10% or more of the outstanding capital stock).\u00a0<\/li>\n<li data-leveltext=\"\u2022\" data-font=\"Microsoft Sans Serif\" data-listid=\"3\" data-list-defn-props=\"{&quot;335551500&quot;:1579119,&quot;335551671&quot;:0,&quot;335552541&quot;:1,&quot;335559684&quot;:-2,&quot;335559685&quot;:142,&quot;335559991&quot;:124,&quot;469769226&quot;:&quot;Microsoft Sans Serif&quot;,&quot;469769242&quot;:[9675],&quot;469777803&quot;:&quot;left&quot;,&quot;469777804&quot;:&quot;\u2022&quot;,&quot;469777815&quot;:&quot;hybridMultilevel&quot;}\" aria-setsize=\"-1\" data-aria-posinset=\"0\" data-aria-level=\"2\">&#8220;Business&#8221; shall mean any sole proprietorship, partnership, corporation, limited liability company, but shall exclude either a business engaged in the real estate industry (including development, brokerage, or property management), or a law firm, as individuals practicing in either of those areas would be covered under the Real Estate Industry Member category in subsection C(1)(c) herein or the Attorney Member category in subsection C(1)(d).\u00a0<\/li>\n<\/ul>\n\t\t\t<a href=\"https:\/\/www.miamibeachfl.gov\/wp-content\/uploads\/2026\/03\/Searchable-Report-1.pdf\" target=\"_blank\" rel=\"noopener\">\n\t\t\t\t\t\tMembership Details (Terms, Positions, Titles)\n\t\t\t\t\t<\/a>\n\t\t\t<a href=\"https:\/\/www.miamibeachfl.gov\/wp-content\/uploads\/2026\/03\/Vacancy-Report-1.pdf\" target=\"_blank\" rel=\"noopener\">\n\t\t\t\t\t\tVacancies\n\t\t\t\t\t<\/a>\n\t\t\t<a href=\"https:\/\/www.miamibeachfl.gov\/wp-content\/uploads\/2026\/03\/Liaison-Contact-Information.pdf\" target=\"_blank\" rel=\"noopener\">\n\t\t\t\t\t\tLiaison Contact information\n\t\t\t\t\t<\/a>\n\t<a href=\"https:\/\/www.miamibeachfl.gov\/northbeachcra\/\" target=\"_blank\" rel=\"noopener\" aria-label=\"Go to https:\/\/www.miamibeachfl.gov\/northbeachcra\/\"><\/a>\n\t\t\t\t<img decoding=\"async\" src=\"https:\/\/www.miamibeachfl.gov\/wp-content\/uploads\/2022\/02\/NBCRA-logo.png\" alt=\"NBCRA logo\" title=\"NBCRA logo\" itemprop=\"image\"\/>\n\t\t<h3>Learn More<\/h3>\t\t\t\n\t\t\t<iframe loading=\"lazy\" src=\"https:\/\/docmgmt.miamibeachfl.gov\/WebLink\/Browse.aspx?id=120704&#038;dbid=0&#038;repo=CityClerk\" frameborder=\"0\" width=\"100%\" height=\"100%\" allowfullscreen><\/iframe>\t\t\t\n\t\t\t<a href=\"javascript:void(0)\" title=\"Click Here\" target=\"_self\"  data-modal=  role=\"button\" aria-label=\"Search Archives\">\n\t\t\t\t\t\t\t\t\t\t\tSearch Archives\n\t\t<\/a>\n\t\t\t<iframe loading=\"lazy\" src=\"https:\/\/miamibeach.novusagenda.com\/agendapublic\/meetingsgeneral.aspx\" frameborder=\"0\" width=\"100%\" height=\"100%\" allowfullscreen><\/iframe>\t\t\t\n\t\t\t<a href=\"javascript:void(0)\" title=\"Click Here\" target=\"_self\"  data-modal=  role=\"button\" aria-label=\"Search Agendas &amp; Minutes\">\n\t\t\t\t\t\t\t\t\t\t\tSearch Agendas &amp; Minutes\n\t\t<\/a>\n\t\t\t<a href=\"https:\/\/www.miamibeachfl.gov\/city-hall\/city-clerk-new\/contactus\/\" target=\"_self\">\n\t\t\t\t\t\tContact Us\n\t\t\t\t\t<\/a>\n\t\t<h3>Public Record Requests<\/h3>\t\t\t\n\t\t\t\t<p>Visit the City of Miami Beach Public Record Request site. Submit a new request, check the status of a submitted request, and search the record request archive.<\/p>\n<p>If you have any questions about Public Records, please call the City of Miami Beach City Clerk&#8217;s office at 305-673-7411.\u00a0<\/p>\n\t\t\t<a href=\"https:\/\/miamibeachfl.justfoia.com\/publicportal\/home\/track\" title=\"Click Here\" target=\"_blank\" rel=\"noopener\"  role=\"button\" aria-label=\"Submit a Request\">\n\t\t\t\t\t\t\t\t\t\t\tSubmit a Request\n\t\t<\/a>\n\n","protected":false},"excerpt":{"rendered":"<p>North Beach CRA Advisory Committee City Clerk Menu City Clerk Public Records Agendas Forms Boards &#038; Committees Election Information Notifications [&hellip;]<\/p>\n","protected":false},"author":222,"featured_media":0,"parent":258819,"menu_order":32,"comment_status":"closed","ping_status":"closed","template":"","meta":{"_searchwp_excluded":"","site-sidebar-layout":"default","site-content-layout":"","ast-site-content-layout":"default","site-content-style":"default","site-sidebar-style":"default","ast-global-header-display":"","ast-banner-title-visibility":"","ast-main-header-display":"","ast-hfb-above-header-display":"","ast-hfb-below-header-display":"","ast-hfb-mobile-header-display":"","site-post-title":"","ast-breadcrumbs-content":"","ast-featured-img":"","footer-sml-layout":"","theme-transparent-header-meta":"","adv-header-id-meta":"","stick-header-meta":"","header-above-stick-meta":"","header-main-stick-meta":"","header-below-stick-meta":"","astra-migrate-meta-layouts":"default","ast-page-background-enabled":"default","ast-page-background-meta":{"desktop":{"background-color":"var(--ast-global-color-5)","background-image":"","background-repeat":"repeat","background-position":"center center","background-size":"auto","background-attachment":"scroll","background-type":"","background-media":"","overlay-type":"","overlay-color":"","overlay-opacity":"","overlay-gradient":""},"tablet":{"background-color":"","background-image":"","background-repeat":"repeat","background-position":"center center","background-size":"auto","background-attachment":"scroll","background-type":"","background-media":"","overlay-type":"","overlay-color":"","overlay-opacity":"","overlay-gradient":""},"mobile":{"background-color":"","background-image":"","background-repeat":"repeat","background-position":"center center","background-size":"auto","background-attachment":"scroll","background-type":"","background-media":"","overlay-type":"","overlay-color":"","overlay-opacity":"","overlay-gradient":""}},"ast-content-background-meta":{"desktop":{"background-color":"var(--ast-global-color-4)","background-image":"","background-repeat":"repeat","background-position":"center center","background-size":"auto","background-attachment":"scroll","background-type":"","background-media":"","overlay-type":"","overlay-color":"","overlay-opacity":"","overlay-gradient":""},"tablet":{"background-color":"var(--ast-global-color-4)","background-image":"","background-repeat":"repeat","background-position":"center center","background-size":"auto","background-attachment":"scroll","background-type":"","background-media":"","overlay-type":"","overlay-color":"","overlay-opacity":"","overlay-gradient":""},"mobile":{"background-color":"var(--ast-global-color-4)","background-image":"","background-repeat":"repeat","background-position":"center center","background-size":"auto","background-attachment":"scroll","background-type":"","background-media":"","overlay-type":"","overlay-color":"","overlay-opacity":"","overlay-gradient":""}},"footnotes":""},"categories":[],"tags":[1038,920],"class_list":["post-260660","page","type-page","status-publish","hentry","tag-bandc-committees","tag-boards-and-committees"],"yoast_head":"<!-- This site is optimized with the Yoast SEO Premium plugin v26.6 (Yoast SEO v26.6) - https:\/\/yoast.com\/wordpress\/plugins\/seo\/ -->\n<title>North Beach CRA Advisory Committee - City of Miami Beach<\/title>\n<meta name=\"description\" content=\"%\" \/>\n<meta name=\"robots\" content=\"index, follow, max-snippet:-1, max-image-preview:large, max-video-preview:-1\" \/>\n<link rel=\"canonical\" href=\"https:\/\/www.miamibeachfl.gov\/de\/city-hall\/city-clerk\/boards-and-committees\/north-beach-cra-advisory-committee\/\" \/>\n<meta property=\"og:locale\" content=\"de_DE\" \/>\n<meta property=\"og:type\" content=\"article\" \/>\n<meta property=\"og:title\" content=\"North Beach CRA Advisory Committee\" \/>\n<meta property=\"og:description\" content=\"%\" \/>\n<meta property=\"og:url\" content=\"https:\/\/www.miamibeachfl.gov\/de\/city-hall\/city-clerk\/boards-and-committees\/north-beach-cra-advisory-committee\/\" \/>\n<meta property=\"og:site_name\" content=\"City of Miami Beach\" \/>\n<meta property=\"article:publisher\" content=\"https:\/\/www.facebook.com\/cityofmiamibeach\" \/>\n<meta property=\"article:modified_time\" content=\"2026-03-23T20:07:55+00:00\" \/>\n<meta property=\"og:image\" content=\"https:\/\/www.miamibeachfl.gov\/wp-content\/uploads\/2022\/02\/NBCRA-logo.png\" \/>\n<meta name=\"twitter:card\" content=\"summary_large_image\" \/>\n<meta name=\"twitter:site\" content=\"@Miamibeachnews\" \/>\n<script type=\"application\/ld+json\" class=\"yoast-schema-graph\">{\"@context\":\"https:\/\/schema.org\",\"@graph\":[{\"@type\":\"WebPage\",\"@id\":\"https:\/\/www.miamibeachfl.gov\/city-hall\/city-clerk\/boards-and-committees\/north-beach-cra-advisory-committee\/\",\"url\":\"https:\/\/www.miamibeachfl.gov\/city-hall\/city-clerk\/boards-and-committees\/north-beach-cra-advisory-committee\/\",\"name\":\"North Beach CRA Advisory Committee - City of Miami Beach\",\"isPartOf\":{\"@id\":\"https:\/\/www.miamibeachfl.gov\/#website\"},\"primaryImageOfPage\":{\"@id\":\"https:\/\/www.miamibeachfl.gov\/city-hall\/city-clerk\/boards-and-committees\/north-beach-cra-advisory-committee\/#primaryimage\"},\"image\":{\"@id\":\"https:\/\/www.miamibeachfl.gov\/city-hall\/city-clerk\/boards-and-committees\/north-beach-cra-advisory-committee\/#primaryimage\"},\"thumbnailUrl\":\"https:\/\/www.miamibeachfl.gov\/wp-content\/uploads\/2022\/02\/NBCRA-logo.png\",\"datePublished\":\"2023-05-18T15:59:05+00:00\",\"dateModified\":\"2026-03-23T20:07:55+00:00\",\"description\":\"%\",\"breadcrumb\":{\"@id\":\"https:\/\/www.miamibeachfl.gov\/city-hall\/city-clerk\/boards-and-committees\/north-beach-cra-advisory-committee\/#breadcrumb\"},\"inLanguage\":\"de\",\"potentialAction\":[{\"@type\":\"ReadAction\",\"target\":[\"https:\/\/www.miamibeachfl.gov\/city-hall\/city-clerk\/boards-and-committees\/north-beach-cra-advisory-committee\/\"]}]},{\"@type\":\"ImageObject\",\"inLanguage\":\"de\",\"@id\":\"https:\/\/www.miamibeachfl.gov\/city-hall\/city-clerk\/boards-and-committees\/north-beach-cra-advisory-committee\/#primaryimage\",\"url\":\"https:\/\/www.miamibeachfl.gov\/wp-content\/uploads\/2022\/02\/NBCRA-logo.png\",\"contentUrl\":\"https:\/\/www.miamibeachfl.gov\/wp-content\/uploads\/2022\/02\/NBCRA-logo.png\"},{\"@type\":\"BreadcrumbList\",\"@id\":\"https:\/\/www.miamibeachfl.gov\/city-hall\/city-clerk\/boards-and-committees\/north-beach-cra-advisory-committee\/#breadcrumb\",\"itemListElement\":[{\"@type\":\"ListItem\",\"position\":1,\"name\":\"Home\",\"item\":\"https:\/\/www.miamibeachfl.gov\/\"},{\"@type\":\"ListItem\",\"position\":2,\"name\":\"City Hall\",\"item\":\"https:\/\/www.miamibeachfl.gov\/city-hall\/\"},{\"@type\":\"ListItem\",\"position\":3,\"name\":\"City Clerk\",\"item\":\"https:\/\/www.miamibeachfl.gov\/city-hall\/city-clerk\/\"},{\"@type\":\"ListItem\",\"position\":4,\"name\":\"Boards and Committees\",\"item\":\"https:\/\/www.miamibeachfl.gov\/city-hall\/city-clerk\/boards-and-committees\/\"},{\"@type\":\"ListItem\",\"position\":5,\"name\":\"North Beach CRA Advisory Committee\"}]},{\"@type\":\"WebSite\",\"@id\":\"https:\/\/www.miamibeachfl.gov\/#website\",\"url\":\"https:\/\/www.miamibeachfl.gov\/\",\"name\":\"City of Miami Beach\",\"description\":\"The official website of the City of Miami Beach. Stay informed, find important information on city services, news, alerts, events, trolley routes, government employment and more.\",\"publisher\":{\"@id\":\"https:\/\/www.miamibeachfl.gov\/#organization\"},\"potentialAction\":[{\"@type\":\"SearchAction\",\"target\":{\"@type\":\"EntryPoint\",\"urlTemplate\":\"https:\/\/www.miamibeachfl.gov\/?s={search_term_string}\"},\"query-input\":{\"@type\":\"PropertyValueSpecification\",\"valueRequired\":true,\"valueName\":\"search_term_string\"}}],\"inLanguage\":\"de\"},{\"@type\":\"Organization\",\"@id\":\"https:\/\/www.miamibeachfl.gov\/#organization\",\"name\":\"City of Miami Beach\",\"url\":\"https:\/\/www.miamibeachfl.gov\/\",\"logo\":{\"@type\":\"ImageObject\",\"inLanguage\":\"de\",\"@id\":\"https:\/\/www.miamibeachfl.gov\/#\/schema\/logo\/image\/\",\"url\":\"https:\/\/www.miamibeachfl.gov\/wp-content\/uploads\/2022\/06\/miamibeach-logoblue.png\",\"contentUrl\":\"https:\/\/www.miamibeachfl.gov\/wp-content\/uploads\/2022\/06\/miamibeach-logoblue.png\",\"width\":1962,\"height\":381,\"caption\":\"City of Miami Beach\"},\"image\":{\"@id\":\"https:\/\/www.miamibeachfl.gov\/#\/schema\/logo\/image\/\"},\"sameAs\":[\"https:\/\/www.facebook.com\/cityofmiamibeach\",\"https:\/\/x.com\/Miamibeachnews\",\"https:\/\/www.instagram.com\/miamibeachnews\/\"],\"description\":\"The official website of the City of Miami Beach. Stay informed, find important information on city services, news, alerts, events, trolley routes, government employment and more.\",\"telephone\":\"305.604.CITY(2489)\",\"legalName\":\"City of Miami Beach\"}]}<\/script>\n<!-- \/ Yoast SEO Premium plugin. -->","yoast_head_json":{"title":"North Beach CRA-Beratungsausschuss - Stadt Miami Beach","description":"%","robots":{"index":"index","follow":"follow","max-snippet":"max-snippet:-1","max-image-preview":"max-image-preview:large","max-video-preview":"max-video-preview:-1"},"canonical":"https:\/\/www.miamibeachfl.gov\/de\/city-hall\/city-clerk\/boards-and-committees\/north-beach-cra-advisory-committee\/","og_locale":"de_DE","og_type":"article","og_title":"North Beach CRA Advisory Committee","og_description":"%","og_url":"https:\/\/www.miamibeachfl.gov\/de\/city-hall\/city-clerk\/boards-and-committees\/north-beach-cra-advisory-committee\/","og_site_name":"City of Miami Beach","article_publisher":"https:\/\/www.facebook.com\/cityofmiamibeach","article_modified_time":"2026-03-23T20:07:55+00:00","og_image":[{"url":"https:\/\/www.miamibeachfl.gov\/wp-content\/uploads\/2022\/02\/NBCRA-logo.png","type":"","width":"","height":""}],"twitter_card":"summary_large_image","twitter_site":"@Miamibeachnews","schema":{"@context":"https:\/\/schema.org","@graph":[{"@type":"WebPage","@id":"https:\/\/www.miamibeachfl.gov\/city-hall\/city-clerk\/boards-and-committees\/north-beach-cra-advisory-committee\/","url":"https:\/\/www.miamibeachfl.gov\/city-hall\/city-clerk\/boards-and-committees\/north-beach-cra-advisory-committee\/","name":"North Beach CRA-Beratungsausschuss - Stadt Miami Beach","isPartOf":{"@id":"https:\/\/www.miamibeachfl.gov\/#website"},"primaryImageOfPage":{"@id":"https:\/\/www.miamibeachfl.gov\/city-hall\/city-clerk\/boards-and-committees\/north-beach-cra-advisory-committee\/#primaryimage"},"image":{"@id":"https:\/\/www.miamibeachfl.gov\/city-hall\/city-clerk\/boards-and-committees\/north-beach-cra-advisory-committee\/#primaryimage"},"thumbnailUrl":"https:\/\/www.miamibeachfl.gov\/wp-content\/uploads\/2022\/02\/NBCRA-logo.png","datePublished":"2023-05-18T15:59:05+00:00","dateModified":"2026-03-23T20:07:55+00:00","description":"%","breadcrumb":{"@id":"https:\/\/www.miamibeachfl.gov\/city-hall\/city-clerk\/boards-and-committees\/north-beach-cra-advisory-committee\/#breadcrumb"},"inLanguage":"de","potentialAction":[{"@type":"ReadAction","target":["https:\/\/www.miamibeachfl.gov\/city-hall\/city-clerk\/boards-and-committees\/north-beach-cra-advisory-committee\/"]}]},{"@type":"ImageObject","inLanguage":"de","@id":"https:\/\/www.miamibeachfl.gov\/city-hall\/city-clerk\/boards-and-committees\/north-beach-cra-advisory-committee\/#primaryimage","url":"https:\/\/www.miamibeachfl.gov\/wp-content\/uploads\/2022\/02\/NBCRA-logo.png","contentUrl":"https:\/\/www.miamibeachfl.gov\/wp-content\/uploads\/2022\/02\/NBCRA-logo.png"},{"@type":"BreadcrumbList","@id":"https:\/\/www.miamibeachfl.gov\/city-hall\/city-clerk\/boards-and-committees\/north-beach-cra-advisory-committee\/#breadcrumb","itemListElement":[{"@type":"ListItem","position":1,"name":"Home","item":"https:\/\/www.miamibeachfl.gov\/"},{"@type":"ListItem","position":2,"name":"City Hall","item":"https:\/\/www.miamibeachfl.gov\/city-hall\/"},{"@type":"ListItem","position":3,"name":"City Clerk","item":"https:\/\/www.miamibeachfl.gov\/city-hall\/city-clerk\/"},{"@type":"ListItem","position":4,"name":"Boards and Committees","item":"https:\/\/www.miamibeachfl.gov\/city-hall\/city-clerk\/boards-and-committees\/"},{"@type":"ListItem","position":5,"name":"North Beach CRA Advisory Committee"}]},{"@type":"WebSite","@id":"https:\/\/www.miamibeachfl.gov\/#website","url":"https:\/\/www.miamibeachfl.gov\/","name":"Stadt Miami Beach","description":"Die offizielle Website der Stadt Miami Beach. Bleiben Sie informiert und finden Sie wichtige Informationen zu st\u00e4dtischen Dienstleistungen, Neuigkeiten, Warnungen, Veranstaltungen, Stra\u00dfenbahnlinien, Stellenangeboten im \u00f6ffentlichen Dienst und mehr.","publisher":{"@id":"https:\/\/www.miamibeachfl.gov\/#organization"},"potentialAction":[{"@type":"SearchAction","target":{"@type":"EntryPoint","urlTemplate":"https:\/\/www.miamibeachfl.gov\/?s={search_term_string}"},"query-input":{"@type":"PropertyValueSpecification","valueRequired":true,"valueName":"search_term_string"}}],"inLanguage":"de"},{"@type":"Organization","@id":"https:\/\/www.miamibeachfl.gov\/#organization","name":"Stadt Miami Beach","url":"https:\/\/www.miamibeachfl.gov\/","logo":{"@type":"ImageObject","inLanguage":"de","@id":"https:\/\/www.miamibeachfl.gov\/#\/schema\/logo\/image\/","url":"https:\/\/www.miamibeachfl.gov\/wp-content\/uploads\/2022\/06\/miamibeach-logoblue.png","contentUrl":"https:\/\/www.miamibeachfl.gov\/wp-content\/uploads\/2022\/06\/miamibeach-logoblue.png","width":1962,"height":381,"caption":"City of Miami Beach"},"image":{"@id":"https:\/\/www.miamibeachfl.gov\/#\/schema\/logo\/image\/"},"sameAs":["https:\/\/www.facebook.com\/cityofmiamibeach","https:\/\/x.com\/Miamibeachnews","https:\/\/www.instagram.com\/miamibeachnews\/"],"description":"Die offizielle Website der Stadt Miami Beach. Bleiben Sie informiert und finden Sie wichtige Informationen zu st\u00e4dtischen Dienstleistungen, Neuigkeiten, Warnungen, Veranstaltungen, Stra\u00dfenbahnlinien, Stellenangeboten im \u00f6ffentlichen Dienst und mehr.","telephone":"305.604.CITY(2489)","legalName":"City of Miami Beach"}]}},"_links":{"self":[{"href":"https:\/\/www.miamibeachfl.gov\/de\/wp-json\/wp\/v2\/pages\/260660","targetHints":{"allow":["GET"]}}],"collection":[{"href":"https:\/\/www.miamibeachfl.gov\/de\/wp-json\/wp\/v2\/pages"}],"about":[{"href":"https:\/\/www.miamibeachfl.gov\/de\/wp-json\/wp\/v2\/types\/page"}],"author":[{"embeddable":true,"href":"https:\/\/www.miamibeachfl.gov\/de\/wp-json\/wp\/v2\/users\/222"}],"replies":[{"embeddable":true,"href":"https:\/\/www.miamibeachfl.gov\/de\/wp-json\/wp\/v2\/comments?post=260660"}],"version-history":[{"count":1,"href":"https:\/\/www.miamibeachfl.gov\/de\/wp-json\/wp\/v2\/pages\/260660\/revisions"}],"predecessor-version":[{"id":397672,"href":"https:\/\/www.miamibeachfl.gov\/de\/wp-json\/wp\/v2\/pages\/260660\/revisions\/397672"}],"up":[{"embeddable":true,"href":"https:\/\/www.miamibeachfl.gov\/de\/wp-json\/wp\/v2\/pages\/258819"}],"wp:attachment":[{"href":"https:\/\/www.miamibeachfl.gov\/de\/wp-json\/wp\/v2\/media?parent=260660"}],"wp:term":[{"taxonomy":"category","embeddable":true,"href":"https:\/\/www.miamibeachfl.gov\/de\/wp-json\/wp\/v2\/categories?post=260660"},{"taxonomy":"post_tag","embeddable":true,"href":"https:\/\/www.miamibeachfl.gov\/de\/wp-json\/wp\/v2\/tags?post=260660"}],"curies":[{"name":"wp","href":"https:\/\/api.w.org\/{rel}","templated":true}]}}