{"id":261197,"date":"2023-05-24T10:30:39","date_gmt":"2023-05-24T14:30:39","guid":{"rendered":"https:\/\/www.miamibeachfl.gov\/?page_id=261197"},"modified":"2026-01-02T10:35:23","modified_gmt":"2026-01-02T15:35:23","slug":"amy-knowles","status":"publish","type":"page","link":"https:\/\/www.miamibeachfl.gov\/de\/staff\/amy-knowles\/","title":{"rendered":"Amy Knowles <br><span style=\"font-size:18px\">Chief Resilience Officer<\/span>"},"content":{"rendered":"<img decoding=\"async\" src=\"https:\/\/www.miamibeachfl.gov\/wp-content\/uploads\/bb-plugin\/cache\/AmyKnowles-round-1-circle.png\" alt=\"Amy Knowles\" title=\"AmyKnowles-Runde\" itemprop=\"image\"\/>\n\t\t<h1>\n\t\t\tAmy Knowles\t<\/h1>\n<h2>\n\t\t\tChief Resilience Officer\t<\/h2>\n\t<ul>\n\t\t<li>\t\t\t\t\n\t\t<h3>E-Mail:<\/h3><p><strong><a href=\"mailto:AmyKnowles@miamibeachfl.gov\">AmyKnowles@miamibeachfl.gov<\/a><\/strong><\/p><\/li><li>\t\t\t\t\n\t\t<h3>Telefon:<\/h3><p><strong><a href=\"tel:3056737084\">305.673.7084 Durchwahl: 6081<\/a><\/strong><\/p><\/li><li>\t\t\t\t\n\t\t<h3>Websites<\/h3><p><strong><a href=\"https:\/\/www.miamibeachfl.gov\/de\/city-hall\/city-manager\/\">Besuchen Sie die Website des Stadtverwalters.<\/a><\/strong><strong><a href=\"https:\/\/www.miamibeachfl.gov\/de\/city-hall\/environmental-sustainability\/\">Besuchen Sie die Website der Abteilung f\u00fcr Umwelt und Nachhaltigkeit<\/a><\/strong><\/p><\/li>\t<\/ul>\n\t<p><strong>Aufgabenbereiche:<\/strong> Resilienzstrategie, Abteilung Umwelt &amp; Nachhaltigkeit<\/p>\n\t<p>Amy Knowles ist Chief Resilience Officer und Direktorin f\u00fcr Umwelt und Nachhaltigkeit der Stadt Miami Beach. Sie arbeitet eng mit einem ganzheitlichen Resilienz-F\u00fchrungsteam zusammen, um Richtlinien und Projekte f\u00fcr ein widerstandsf\u00e4higes Miami Beach umzusetzen.<\/p>\n<p>Miami Beach ist ein lebendiges Labor f\u00fcr den Klimawandel, und Frau Knowles konzentriert sich auf die Integration von Klimavorsorgeplanung mit naturbasierten L\u00f6sungen und Infrastruktur. Im Rahmen der Planung f\u00fcr den Anstieg des Meeresspiegels trug Frau Knowles k\u00fcrzlich dazu bei, 1TP4B48 Millionen an Resilienzmitteln f\u00fcr Projekte von der D\u00fcnenrestaurierung bis hin zur Infrastruktur zu sichern. Sie leitete die erste Vulnerabilit\u00e4tsanalyse der Stadt und die Business-Case-Analyse des Regenwasserprogramms \u2013 beides unterstreicht die soziale und wirtschaftliche Bedeutung des Schutzes von Miami Beach. K\u00fcrzlich startete sie <em>Bek\u00e4mpfe die Flut<\/em>, ein Anpassungsprogramm f\u00fcr Privateigentum, um Investitionen in die Widerstandsf\u00e4higkeit von Privateigentum zu f\u00f6rdern. Zu den bemerkenswerten Arbeiten von Miami Beach zum Thema extreme Hitze geh\u00f6ren die Urban Heat Island Ordinance und der Urban Forestry Master Plan.<\/p>\n<p>Frau Knowles ist davon \u00fcberzeugt, dass Zusammenarbeit f\u00fcr die Widerstandsf\u00e4higkeit von entscheidender Bedeutung ist und arbeitet in einer einzigartigen Partnerschaft mit Miami-Dade County, der Stadt Miami und der Miami Foundation an der Umsetzung\u00a0<em>Resilient305<\/em>, eine gemeinsame Resilienzstrategie. Frau Knowles ist Mitglied des nordamerikanischen Lenkungsausschusses des Global Resilient Cities Network. Sie beteiligt sich an der Arbeit des Southeast Florida Climate Change Compact und von Resiliency Florida. Frau Knowles bereiste die Niederlande, Chile und die gesamten USA, um Resilienzstrategien zu studieren und zu teilen.<\/p>\n<p>Frau Knowles&#039; Karriere im \u00f6ffentlichen Dienst umfasst Umweltschutz, Verwaltung und Planung. Sie hat einen Bachelor of Arts in Umweltpolitik von der Binghamton University und einen Master of Business Administration von der University of Miami.<\/p>","protected":false},"excerpt":{"rendered":"<p>Amy Knowles Chief Resilience Officer Email: AmyKnowles@miamibeachfl.gov Phone: 305.673.7084 Ext: 6081 Websites Visit the City Manager&#8217;s websiteVisit the Environmental and [&hellip;]<\/p>\n","protected":false},"author":222,"featured_media":261199,"parent":261112,"menu_order":21,"comment_status":"closed","ping_status":"closed","template":"","meta":{"_searchwp_excluded":"","site-sidebar-layout":"default","site-content-layout":"","ast-site-content-layout":"default","site-content-style":"default","site-sidebar-style":"default","ast-global-header-display":"","ast-banner-title-visibility":"","ast-main-header-display":"","ast-hfb-above-header-display":"","ast-hfb-below-header-display":"","ast-hfb-mobile-header-display":"","site-post-title":"","ast-breadcrumbs-content":"","ast-featured-img":"","footer-sml-layout":"","theme-transparent-header-meta":"","adv-header-id-meta":"","stick-header-meta":"","header-above-stick-meta":"","header-main-stick-meta":"","header-below-stick-meta":"","astra-migrate-meta-layouts":"default","ast-page-background-enabled":"default","ast-page-background-meta":{"desktop":{"background-color":"var(--ast-global-color-5)","background-image":"","background-repeat":"repeat","background-position":"center center","background-size":"auto","background-attachment":"scroll","background-type":"","background-media":"","overlay-type":"","overlay-color":"","overlay-opacity":"","overlay-gradient":""},"tablet":{"background-color":"","background-image":"","background-repeat":"repeat","background-position":"center center","background-size":"auto","background-attachment":"scroll","background-type":"","background-media":"","overlay-type":"","overlay-color":"","overlay-opacity":"","overlay-gradient":""},"mobile":{"background-color":"","background-image":"","background-repeat":"repeat","background-position":"center center","background-size":"auto","background-attachment":"scroll","background-type":"","background-media":"","overlay-type":"","overlay-color":"","overlay-opacity":"","overlay-gradient":""}},"ast-content-background-meta":{"desktop":{"background-color":"var(--ast-global-color-4)","background-image":"","background-repeat":"repeat","background-position":"center center","background-size":"auto","background-attachment":"scroll","background-type":"","background-media":"","overlay-type":"","overlay-color":"","overlay-opacity":"","overlay-gradient":""},"tablet":{"background-color":"var(--ast-global-color-4)","background-image":"","background-repeat":"repeat","background-position":"center center","background-size":"auto","background-attachment":"scroll","background-type":"","background-media":"","overlay-type":"","overlay-color":"","overlay-opacity":"","overlay-gradient":""},"mobile":{"background-color":"var(--ast-global-color-4)","background-image":"","background-repeat":"repeat","background-position":"center center","background-size":"auto","background-attachment":"scroll","background-type":"","background-media":"","overlay-type":"","overlay-color":"","overlay-opacity":"","overlay-gradient":""}},"footnotes":""},"categories":[],"tags":[969,960],"class_list":["post-261197","page","type-page","status-publish","has-post-thumbnail","hentry","tag-amy-knowles-staff","tag-staff"],"yoast_head":"<!-- This site is optimized with the Yoast SEO Premium plugin v27.4 (Yoast SEO v27.4) - https:\/\/yoast.com\/product\/yoast-seo-premium-wordpress\/ -->\n<title>Amy Knowles Chief Resilience Officer - City of Miami Beach<\/title>\n<meta name=\"description\" content=\"Amy Knowles serves as the Chief Resilience Officer and the Director of Environment and Sustainability for the City of Miami Beach. Ms. Knowles works closely with a holistic resilience leadership team to implement policies and projects to build a resilient Miami Beach.\" \/>\n<meta name=\"robots\" content=\"index, follow, max-snippet:-1, max-image-preview:large, max-video-preview:-1\" \/>\n<link rel=\"canonical\" href=\"https:\/\/www.miamibeachfl.gov\/de\/staff\/amy-knowles\/\" \/>\n<meta property=\"og:locale\" content=\"de_DE\" \/>\n<meta property=\"og:type\" content=\"article\" \/>\n<meta property=\"og:title\" content=\"Amy Knowles Chief Resilience Officer\" \/>\n<meta property=\"og:description\" content=\"Amy Knowles serves as the Chief Resilience Officer and the Director of Environment and Sustainability for the City of Miami Beach. Ms. Knowles works closely with a holistic resilience leadership team to implement policies and projects to build a resilient Miami Beach.\" \/>\n<meta property=\"og:url\" content=\"https:\/\/www.miamibeachfl.gov\/de\/staff\/amy-knowles\/\" \/>\n<meta property=\"og:site_name\" content=\"City of Miami Beach\" \/>\n<meta property=\"article:publisher\" content=\"https:\/\/www.facebook.com\/cityofmiamibeach\" \/>\n<meta property=\"article:modified_time\" content=\"2026-01-02T15:35:23+00:00\" \/>\n<meta property=\"og:image\" content=\"https:\/\/www.miamibeachfl.gov\/wp-content\/uploads\/2023\/05\/AmyKnowles-round-1.png\" \/>\n\t<meta property=\"og:image:width\" content=\"249\" \/>\n\t<meta property=\"og:image:height\" content=\"250\" \/>\n\t<meta property=\"og:image:type\" content=\"image\/png\" \/>\n<meta name=\"twitter:card\" content=\"summary_large_image\" \/>\n<meta name=\"twitter:site\" content=\"@Miamibeachnews\" \/>\n<script type=\"application\/ld+json\" class=\"yoast-schema-graph\">{\"@context\":\"https:\\\/\\\/schema.org\",\"@graph\":[{\"@type\":\"WebPage\",\"@id\":\"https:\\\/\\\/www.miamibeachfl.gov\\\/staff\\\/amy-knowles\\\/\",\"url\":\"https:\\\/\\\/www.miamibeachfl.gov\\\/staff\\\/amy-knowles\\\/\",\"name\":\"Amy Knowles Chief Resilience Officer - City of Miami Beach\",\"isPartOf\":{\"@id\":\"https:\\\/\\\/www.miamibeachfl.gov\\\/#website\"},\"primaryImageOfPage\":{\"@id\":\"https:\\\/\\\/www.miamibeachfl.gov\\\/staff\\\/amy-knowles\\\/#primaryimage\"},\"image\":{\"@id\":\"https:\\\/\\\/www.miamibeachfl.gov\\\/staff\\\/amy-knowles\\\/#primaryimage\"},\"thumbnailUrl\":\"https:\\\/\\\/www.miamibeachfl.gov\\\/wp-content\\\/uploads\\\/2023\\\/05\\\/AmyKnowles-round-1.png\",\"datePublished\":\"2023-05-24T14:30:39+00:00\",\"dateModified\":\"2026-01-02T15:35:23+00:00\",\"description\":\"Amy Knowles serves as the Chief Resilience Officer and the Director of Environment and Sustainability for the City of Miami Beach. Ms. Knowles works closely with a holistic resilience leadership team to implement policies and projects to build a resilient Miami Beach.\",\"breadcrumb\":{\"@id\":\"https:\\\/\\\/www.miamibeachfl.gov\\\/staff\\\/amy-knowles\\\/#breadcrumb\"},\"inLanguage\":\"de\",\"potentialAction\":[{\"@type\":\"ReadAction\",\"target\":[\"https:\\\/\\\/www.miamibeachfl.gov\\\/staff\\\/amy-knowles\\\/\"]}]},{\"@type\":\"ImageObject\",\"inLanguage\":\"de\",\"@id\":\"https:\\\/\\\/www.miamibeachfl.gov\\\/staff\\\/amy-knowles\\\/#primaryimage\",\"url\":\"https:\\\/\\\/www.miamibeachfl.gov\\\/wp-content\\\/uploads\\\/2023\\\/05\\\/AmyKnowles-round-1.png\",\"contentUrl\":\"https:\\\/\\\/www.miamibeachfl.gov\\\/wp-content\\\/uploads\\\/2023\\\/05\\\/AmyKnowles-round-1.png\",\"width\":249,\"height\":250,\"caption\":\"Amy Knowles\"},{\"@type\":\"BreadcrumbList\",\"@id\":\"https:\\\/\\\/www.miamibeachfl.gov\\\/staff\\\/amy-knowles\\\/#breadcrumb\",\"itemListElement\":[{\"@type\":\"ListItem\",\"position\":1,\"name\":\"Home\",\"item\":\"https:\\\/\\\/www.miamibeachfl.gov\\\/\"},{\"@type\":\"ListItem\",\"position\":2,\"name\":\"Staff\",\"item\":\"https:\\\/\\\/www.miamibeachfl.gov\\\/staff\\\/\"},{\"@type\":\"ListItem\",\"position\":3,\"name\":\"Amy Knowles Chief Resilience Officer\"}]},{\"@type\":\"WebSite\",\"@id\":\"https:\\\/\\\/www.miamibeachfl.gov\\\/#website\",\"url\":\"https:\\\/\\\/www.miamibeachfl.gov\\\/\",\"name\":\"City of Miami Beach\",\"description\":\"The official website of the City of Miami Beach. Stay informed, find important information on city services, news, alerts, events, trolley routes, government employment and more.\",\"publisher\":{\"@id\":\"https:\\\/\\\/www.miamibeachfl.gov\\\/#organization\"},\"potentialAction\":[{\"@type\":\"SearchAction\",\"target\":{\"@type\":\"EntryPoint\",\"urlTemplate\":\"https:\\\/\\\/www.miamibeachfl.gov\\\/?s={search_term_string}\"},\"query-input\":{\"@type\":\"PropertyValueSpecification\",\"valueRequired\":true,\"valueName\":\"search_term_string\"}}],\"inLanguage\":\"de\"},{\"@type\":\"Organization\",\"@id\":\"https:\\\/\\\/www.miamibeachfl.gov\\\/#organization\",\"name\":\"City of Miami Beach\",\"url\":\"https:\\\/\\\/www.miamibeachfl.gov\\\/\",\"logo\":{\"@type\":\"ImageObject\",\"inLanguage\":\"de\",\"@id\":\"https:\\\/\\\/www.miamibeachfl.gov\\\/#\\\/schema\\\/logo\\\/image\\\/\",\"url\":\"https:\\\/\\\/www.miamibeachfl.gov\\\/wp-content\\\/uploads\\\/2022\\\/06\\\/miamibeach-logoblue.png\",\"contentUrl\":\"https:\\\/\\\/www.miamibeachfl.gov\\\/wp-content\\\/uploads\\\/2022\\\/06\\\/miamibeach-logoblue.png\",\"width\":1962,\"height\":381,\"caption\":\"City of Miami Beach\"},\"image\":{\"@id\":\"https:\\\/\\\/www.miamibeachfl.gov\\\/#\\\/schema\\\/logo\\\/image\\\/\"},\"sameAs\":[\"https:\\\/\\\/www.facebook.com\\\/cityofmiamibeach\",\"https:\\\/\\\/x.com\\\/Miamibeachnews\",\"https:\\\/\\\/www.instagram.com\\\/miamibeachnews\\\/\"],\"description\":\"The official website of the City of Miami Beach. Stay informed, find important information on city services, news, alerts, events, trolley routes, government employment and more.\",\"telephone\":\"305.604.CITY(2489)\",\"legalName\":\"City of Miami Beach\"}]}<\/script>\n<!-- \/ Yoast SEO Premium plugin. -->","yoast_head_json":{"title":"Amy Knowles, Chief Resilience Officer \u2013 Stadt Miami Beach","description":"Amy Knowles ist Chief Resilience Officer und Direktorin f\u00fcr Umwelt und Nachhaltigkeit der Stadt Miami Beach. Sie arbeitet eng mit einem ganzheitlichen Resilienz-F\u00fchrungsteam zusammen, um Richtlinien und Projekte f\u00fcr ein widerstandsf\u00e4higes Miami Beach umzusetzen.","robots":{"index":"index","follow":"follow","max-snippet":"max-snippet:-1","max-image-preview":"max-image-preview:large","max-video-preview":"max-video-preview:-1"},"canonical":"https:\/\/www.miamibeachfl.gov\/de\/staff\/amy-knowles\/","og_locale":"de_DE","og_type":"article","og_title":"Amy Knowles Chief Resilience Officer","og_description":"Amy Knowles serves as the Chief Resilience Officer and the Director of Environment and Sustainability for the City of Miami Beach. Ms. Knowles works closely with a holistic resilience leadership team to implement policies and projects to build a resilient Miami Beach.","og_url":"https:\/\/www.miamibeachfl.gov\/de\/staff\/amy-knowles\/","og_site_name":"City of Miami Beach","article_publisher":"https:\/\/www.facebook.com\/cityofmiamibeach","article_modified_time":"2026-01-02T15:35:23+00:00","og_image":[{"width":249,"height":250,"url":"https:\/\/www.miamibeachfl.gov\/wp-content\/uploads\/2023\/05\/AmyKnowles-round-1.png","type":"image\/png"}],"twitter_card":"summary_large_image","twitter_site":"@Miamibeachnews","schema":{"@context":"https:\/\/schema.org","@graph":[{"@type":"WebPage","@id":"https:\/\/www.miamibeachfl.gov\/staff\/amy-knowles\/","url":"https:\/\/www.miamibeachfl.gov\/staff\/amy-knowles\/","name":"Amy Knowles, Chief Resilience Officer \u2013 Stadt Miami Beach","isPartOf":{"@id":"https:\/\/www.miamibeachfl.gov\/#website"},"primaryImageOfPage":{"@id":"https:\/\/www.miamibeachfl.gov\/staff\/amy-knowles\/#primaryimage"},"image":{"@id":"https:\/\/www.miamibeachfl.gov\/staff\/amy-knowles\/#primaryimage"},"thumbnailUrl":"https:\/\/www.miamibeachfl.gov\/wp-content\/uploads\/2023\/05\/AmyKnowles-round-1.png","datePublished":"2023-05-24T14:30:39+00:00","dateModified":"2026-01-02T15:35:23+00:00","description":"Amy Knowles ist Chief Resilience Officer und Direktorin f\u00fcr Umwelt und Nachhaltigkeit der Stadt Miami Beach. Sie arbeitet eng mit einem ganzheitlichen Resilienz-F\u00fchrungsteam zusammen, um Richtlinien und Projekte f\u00fcr ein widerstandsf\u00e4higes Miami Beach umzusetzen.","breadcrumb":{"@id":"https:\/\/www.miamibeachfl.gov\/staff\/amy-knowles\/#breadcrumb"},"inLanguage":"de","potentialAction":[{"@type":"ReadAction","target":["https:\/\/www.miamibeachfl.gov\/staff\/amy-knowles\/"]}]},{"@type":"ImageObject","inLanguage":"de","@id":"https:\/\/www.miamibeachfl.gov\/staff\/amy-knowles\/#primaryimage","url":"https:\/\/www.miamibeachfl.gov\/wp-content\/uploads\/2023\/05\/AmyKnowles-round-1.png","contentUrl":"https:\/\/www.miamibeachfl.gov\/wp-content\/uploads\/2023\/05\/AmyKnowles-round-1.png","width":249,"height":250,"caption":"Amy Knowles"},{"@type":"BreadcrumbList","@id":"https:\/\/www.miamibeachfl.gov\/staff\/amy-knowles\/#breadcrumb","itemListElement":[{"@type":"ListItem","position":1,"name":"Home","item":"https:\/\/www.miamibeachfl.gov\/"},{"@type":"ListItem","position":2,"name":"Staff","item":"https:\/\/www.miamibeachfl.gov\/staff\/"},{"@type":"ListItem","position":3,"name":"Amy Knowles Chief Resilience Officer"}]},{"@type":"WebSite","@id":"https:\/\/www.miamibeachfl.gov\/#website","url":"https:\/\/www.miamibeachfl.gov\/","name":"Stadt Miami Beach","description":"Die offizielle Website der Stadt Miami Beach. Bleiben Sie informiert und finden Sie wichtige Informationen zu st\u00e4dtischen Dienstleistungen, Neuigkeiten, Warnungen, Veranstaltungen, Stra\u00dfenbahnlinien, Stellenangeboten im \u00f6ffentlichen Dienst und mehr.","publisher":{"@id":"https:\/\/www.miamibeachfl.gov\/#organization"},"potentialAction":[{"@type":"SearchAction","target":{"@type":"EntryPoint","urlTemplate":"https:\/\/www.miamibeachfl.gov\/?s={search_term_string}"},"query-input":{"@type":"PropertyValueSpecification","valueRequired":true,"valueName":"search_term_string"}}],"inLanguage":"de"},{"@type":"Organization","@id":"https:\/\/www.miamibeachfl.gov\/#organization","name":"Stadt Miami Beach","url":"https:\/\/www.miamibeachfl.gov\/","logo":{"@type":"ImageObject","inLanguage":"de","@id":"https:\/\/www.miamibeachfl.gov\/#\/schema\/logo\/image\/","url":"https:\/\/www.miamibeachfl.gov\/wp-content\/uploads\/2022\/06\/miamibeach-logoblue.png","contentUrl":"https:\/\/www.miamibeachfl.gov\/wp-content\/uploads\/2022\/06\/miamibeach-logoblue.png","width":1962,"height":381,"caption":"City of Miami Beach"},"image":{"@id":"https:\/\/www.miamibeachfl.gov\/#\/schema\/logo\/image\/"},"sameAs":["https:\/\/www.facebook.com\/cityofmiamibeach","https:\/\/x.com\/Miamibeachnews","https:\/\/www.instagram.com\/miamibeachnews\/"],"description":"Die offizielle Website der Stadt Miami Beach. Bleiben Sie informiert und finden Sie wichtige Informationen zu st\u00e4dtischen Dienstleistungen, Neuigkeiten, Warnungen, Veranstaltungen, Stra\u00dfenbahnlinien, Stellenangeboten im \u00f6ffentlichen Dienst und mehr.","telephone":"305.604.CITY(2489)","legalName":"City of Miami Beach"}]}},"_links":{"self":[{"href":"https:\/\/www.miamibeachfl.gov\/de\/wp-json\/wp\/v2\/pages\/261197","targetHints":{"allow":["GET"]}}],"collection":[{"href":"https:\/\/www.miamibeachfl.gov\/de\/wp-json\/wp\/v2\/pages"}],"about":[{"href":"https:\/\/www.miamibeachfl.gov\/de\/wp-json\/wp\/v2\/types\/page"}],"author":[{"embeddable":true,"href":"https:\/\/www.miamibeachfl.gov\/de\/wp-json\/wp\/v2\/users\/222"}],"replies":[{"embeddable":true,"href":"https:\/\/www.miamibeachfl.gov\/de\/wp-json\/wp\/v2\/comments?post=261197"}],"version-history":[{"count":2,"href":"https:\/\/www.miamibeachfl.gov\/de\/wp-json\/wp\/v2\/pages\/261197\/revisions"}],"predecessor-version":[{"id":394407,"href":"https:\/\/www.miamibeachfl.gov\/de\/wp-json\/wp\/v2\/pages\/261197\/revisions\/394407"}],"up":[{"embeddable":true,"href":"https:\/\/www.miamibeachfl.gov\/de\/wp-json\/wp\/v2\/pages\/261112"}],"wp:featuredmedia":[{"embeddable":true,"href":"https:\/\/www.miamibeachfl.gov\/de\/wp-json\/wp\/v2\/media\/261199"}],"wp:attachment":[{"href":"https:\/\/www.miamibeachfl.gov\/de\/wp-json\/wp\/v2\/media?parent=261197"}],"wp:term":[{"taxonomy":"category","embeddable":true,"href":"https:\/\/www.miamibeachfl.gov\/de\/wp-json\/wp\/v2\/categories?post=261197"},{"taxonomy":"post_tag","embeddable":true,"href":"https:\/\/www.miamibeachfl.gov\/de\/wp-json\/wp\/v2\/tags?post=261197"}],"curies":[{"name":"wp","href":"https:\/\/api.w.org\/{rel}","templated":true}]}}