{"id":262483,"date":"2023-05-31T08:29:45","date_gmt":"2023-05-31T12:29:45","guid":{"rendered":"https:\/\/www.miamibeachfl.gov\/?page_id=262483"},"modified":"2026-04-08T14:43:32","modified_gmt":"2026-04-08T18:43:32","slug":"beachconditions","status":"publish","type":"page","link":"https:\/\/www.miamibeachfl.gov\/de\/egovapp\/beachconditions\/","title":{"rendered":"Strandbedingungen"},"content":{"rendered":"<iframe\n    src=\"https:\/\/www.miamibeachfl.gov\/city-hall\/fire\/ocean-rescue\/currentbeachconditions\/\"\n    width=\"100%\" \n    height=\"800\" \n    loading=\"lazy\"\n    referrerpolicy=\"no-referrer-when-downgrade\">\n<\/iframe>\n\t\t\t\t\t\t<h2>Erfahren Sie mehr \u00fcber Seetang<\/h2>\n\t\t\t<p>M\u00f6glicherweise bemerken Sie einen st\u00e4rkeren Zustrom von Sargassum (Seetang) entlang unserer K\u00fcste. Die Stadt arbeitet weiterhin mit den Parks des Miami-Dade County zusammen, um \u00fcbersch\u00fcssigen Seetang sicher von unseren Str\u00e4nden zu entfernen. Reinigungsteams sind t\u00e4glich im Einsatz, um die Algenansammlungen an unserem 12 Kilometer langen Strand entlang der Wasserlinie einzusammeln, zu entfernen, zu schneiden und umzudrehen. <strong>Bitte vermeiden Sie es, w\u00e4hrend der Aufr\u00e4umarbeiten fahrende Traktoren zu blockieren, damit das Sargassum ordnungsgem\u00e4\u00df beseitigt werden kann.<\/strong><\/p>\n<p>Bevor schwere Maschinen zum Einsatz kommen, sucht ein Team jeden Morgen nach Nestern und Jungtieren von Meeresschildkr\u00f6ten. Nach Abschluss der Untersuchung s\u00e4ubern die Strandarbeiter den Strand bis zum Sonnenuntergang, unabh\u00e4ngig von den Gezeitenverh\u00e4ltnissen.<\/p>\n<p><strong>Warum kann Sargassum nicht aus dem Wasser entfernt werden, bevor es die K\u00fcste erreicht?<\/strong><br \/>Die Umweltvorschriften der Bezirke, Bundesstaaten und des Bundes verbieten die Entfernung von Seetang aus dem Wasser, bevor dieser an Land gelangt.<\/p>\n<p><strong>Ist es sch\u00e4dlich f\u00fcr Strandbesucher?<br \/><\/strong>Laut dem Gesundheitsministerium von Florida setzt Sargassum bei seiner Zersetzung Schwefelwasserstoff frei. Schwefelwasserstoff hat einen sehr unangenehmen Geruch, der an faule Eier erinnert. Obwohl die Algen selbst f\u00fcr Menschen ungef\u00e4hrlich sind, k\u00f6nnen winzige Meeresbewohner, die im Sargassum leben, Hautausschl\u00e4ge und Blasen verursachen. Schwefelwasserstoff kann au\u00dferdem Augen, Nase und Rachen reizen. Personen mit Asthma oder anderen Atemwegserkrankungen reagieren empfindlicher auf diese Symptome. Es ist jedoch nicht zu erwarten, dass die Schwefelwasserstoffwerte in einem Gebiet mit starker Luftstr\u00f6mung wie dem Strand gesundheitssch\u00e4dlich sind.<\/p>\n<p><strong>Was sind die Vorteile von Sargassum?<\/strong><br \/>Sargassum ist ein wichtiger Lebensraum f\u00fcr viele Meerestiere, darunter auch gef\u00e4hrdete Meeresschildkr\u00f6ten. Diese schl\u00fcpfen an unseren Str\u00e4nden und verbringen ihre Jugendjahre dort, wo sie zwischen den Algenmatten fressen und wachsen. Sargassum ist zudem ein wichtiger Faktor f\u00fcr die Stabilit\u00e4t der K\u00fcsten. Es versorgt die K\u00fcste mit N\u00e4hrstoffen und kann Gebiete, die durch Hurrikane und St\u00fcrme von Stranderosion betroffen sind, wieder auff\u00fcllen und so zur Widerstandsf\u00e4higkeit unserer K\u00fcsten beitragen.<\/p>\n<p>Bitte <a title=\"https:\/\/r20.rs6.net\/tn.jsp?f=001JjPU-KtFR1x1PC6ssWZl-scFOXSLcid6WC0Af5nkpIe2ENC7883I6lJcOEeZ2JcTFcuar9VAmxmVeVd9woacfsTYlXK09vq13XaX_f45h6-J_IG29TdLr-iDCthlbilwUaAgdsa4h31Jjgpt1hPBf13sfgXunpT3vLG-280LCrH71ZQkK3We9SHZh-DGUja6xXRJzDAWnbKHZW5oHjestVfG9UXfwHA9&amp;c=U5I9EB6Ge-F4lleREzyr3hve6AlRI1x3ZTSTSjgWOgB5Wf3QQ3ZmtQ==&amp;ch=ALa2PyVOGPM-M5fXMaDfKTQEYd_DJEeXQjr4ejCmBwEp7IxjfG-oPw==\" href=\"https:\/\/www.miamidade.gov\/global\/recreation\/sargassum.page\" target=\"_blank\" rel=\"noopener\"><b>klicken Sie hier<\/b><\/a> um weitere Informationen aus Miami-Dade County zu lesen<\/p>\n<h2>\n\t\t\tErfahren Sie mehr \u00fcber \u201eSargassum\u201c, indem Sie sich das folgende Video ansehen:\t<\/h2>\n\t<meta itemprop=\"name\" content=\"Learn About Seaweed\" \/><meta itemprop=\"description\" content=\"Video about sargassum in Miami Beach\" \/><meta itemprop=\"uploadDate\" content=\"2025-07-07T10:00-04:00\" \/><meta itemprop=\"thumbnailUrl\" content=\"https:\/\/www.miamibeachfl.gov\/wp-content\/uploads\/2025\/04\/OceanRescue-seaweedicon.png\" \/><meta itemprop=\"contentUrl\" content=\"https:\/\/miamibeach.wistia.com\/medias\/2a626mdbg7\" \/><meta itemprop=\"embedUrl\" content=\"https:\/\/miamibeach.wistia.com\/medias\/2a626mdbg7\" \/>\t\n\t<iframe allowfullscreen allow=\"autoplay\" data-src=\"https:\/\/fast.wistia.net\/embed\/iframe\/2a626mdbg7?controlsVisibleOnLoad=true&amp;muted=0&amp;playerColor&amp;copyLinkAndThumbnailEnabled=false\" title=\"Erfahren Sie mehr \u00fcber Seetang\"><\/iframe>\t\t\n\t\t\t\t\tVideo abspielen\n\t\t\t\t\t\t<h2>Erfahren Sie mehr \u00fcber Rip-Str\u00f6mungen<\/h2>\n\t\t\t<p><b>F: Was ist eine \u201eRip-Str\u00f6mung\u201c?<\/b><br \/>Eine Brandungsr\u00fcckstr\u00f6mung ist eine seew\u00e4rts gerichtete Str\u00f6mung. Sie entsteht durch \u00fcberm\u00e4\u00dfig viel Wasser, das in eine Sandbank eingedrungen ist, \u00fcber die sich Wellen in Richtung Ufer gebrochen haben. Diese Wasseransammlung steigt \u00fcber den Meeresspiegel und flie\u00dft seew\u00e4rts durch tiefere Bereiche der Sandbank, wo sich keine Wellen am Ufer brechen.<\/p>\n<p>Rippstr\u00f6mungen sind vom Ufer aus sichtbar. Es gibt mehrere Anzeichen daf\u00fcr, dass sie existieren. Achten Sie auf die folgenden Indikatoren, um ihren Standort zu bestimmen:<b>Sandfarbene Bereiche.<\/b>\u00a0Dies deutet darauf hin, dass sich eine Brandungsstr\u00f6mung bildet, indem Sand vom Boden \u201eausgesp\u00fclt\u201c wird, w\u00e4hrend das Wasser seew\u00e4rts flie\u00dft.\u00a0<b>Dunkel gef\u00e4rbtes Wasser.<\/b>\u00a0Dadurch werden die tieferen Bereiche definiert. Schlitze mit dunklerem Wasser zeigen an, wo sich bereits Brandungsr\u00fcckstr\u00f6mungen gebildet haben.\u00a0<b>Eine Linie aus Seetang, Schaum und\/oder Schutt, die sich seew\u00e4rts erstreckt.<\/b>\u00a0Sie werden Zeuge, wie Gegenst\u00e4nde von der Brandungsstr\u00f6mung \u00fcber die Sandbank gesp\u00fclt und wieder ins Meer zur\u00fcckgesp\u00fclt werden.\u00a0<b>Ein Bereich verwirrender Wellen.<\/b>\u00a0Dieses unruhige Gebiet \u00e4hnelt der Wasseroberfl\u00e4che einer Waschmaschine. Brandungsr\u00fcckstr\u00f6mungen sind f\u00fcr das unge\u00fcbte Auge nicht immer leicht zu erkennen. Ein erfahrener Rettungsschwimmer mit erh\u00f6htem Aussichtspunkt wei\u00df, wo Brandungsr\u00fcckstr\u00f6mungen vorhanden sind. So kann er Badeg\u00e4ste von diesen gef\u00e4hrlichen Bereichen fernhalten. Schwimmen Sie immer in einem gesch\u00fctzten Bereich.<\/p>\n<p><b>F: Wann ist das Auftreten von Brandungsr\u00fcckstr\u00f6mungen an Str\u00e4nden beg\u00fcnstigt?<\/b><br \/>Immer wenn Wellen in Richtung K\u00fcste \u201ebrechen\u201c, muss diese Wassermenge durch die Schwerkraft zur\u00fcck ins Meer flie\u00dfen. Ein \u201e<b>brechende Welle<\/b>\u201e\u201c ist eine Welle, bei der sich Wasser (wei\u00df) physisch auf das Ufer zubewegt. Sie entsteht durch Wasser, das \u00fcber die Wellenfronten schwappt oder st\u00fcrzt. Eine \u201e<b>quellen<\/b>\u201e\u201c hingegen ist lediglich eine Form der Wellenenergie; das hei\u00dft, Wasser bewegt sich vertikal (auf und ab) und nicht vorw\u00e4rts. Eine D\u00fcnung kann zu einer brechenden Welle werden, wenn sie ausreichend flaches Wasser erreicht.<\/p>\n<p>Die meisten Wellen entstehen durch die Kraft des Windes auf das Wasser. Manchmal breiten sich Wellen bei St\u00fcrmen Tausende von Kilometern \u00fcber das offene Meer aus. Meistens jedoch verursachen lokale Winde Wellen an unseren K\u00fcsten.\u00a0<b>Daher kann man an Tagen mit starkem Landwind mit Str\u00f6mungen rechnen.<\/b>.<\/p>\n<p><b>F: Wie kann sich jemand befreien, der in eine Brandungsstr\u00f6mung geraten ist?<\/b><br \/>Brandungsr\u00fcckstr\u00f6mungen k\u00f6nnen so stark werden, dass sie selbst die besten Schwimmer aufs offene Meer ziehen. Die beste Fluchtmethode besteht darin, seitlich von der Str\u00f6mung wegzuschwimmen, dann zum Ufer zu schwimmen und sich von den Wellen dorthin treiben zu lassen. Es ist wichtig, ausreichend Abstand von der Brandungsr\u00fcckstr\u00f6mung zu halten, um nicht von der seitlichen (parallel zum Ufer) Str\u00f6mung wieder in sie hineingezogen zu werden.<br \/>Selbst mit diesem Wissen ist es m\u00f6glicherweise nicht so einfach, wie es klingt. Zu Ihrer eigenen Sicherheit schwimmen Sie am besten in der N\u00e4he eines Rettungsschwimmerstandes.<\/p>\n<p><a title=\"Link zum Nationalen Wetterdienst\" href=\"http:\/\/www.ripcurrents.noaa.gov\/forecasts.shtml\" target=\"_blank\" rel=\"noopener\"><b>Nationaler Wetterdienst \u2013 Sicherheit vor Brandungsr\u00fcckstr\u00f6men<\/b><\/a><br \/><b><a title=\"Lebensrettende Vereinigung der Vereinigten Staaten\" href=\"http:\/\/www.usla.org\/\" target=\"_blank\" rel=\"noopener\">Lebensrettende Vereinigung der Vereinigten Staaten<\/a>\u00a0<\/b><\/p>\n<p><img loading=\"lazy\" decoding=\"async\" src=\"https:\/\/www.miamibeachfl.gov\/wp-content\/uploads\/2023\/05\/Rip_Currents_graphic-scaled.jpg\" alt=\"Rip Current Diagram\" width=\"2560\" height=\"1599\" \/><\/p>\n<h2>\n\t\t\tSehen Sie sich das Video \u201eRip Current Safety Animation\u201c des National Weather Service an:\t<\/h2>\n\t\t\t<meta itemprop=\"name\" content=\"Learn about rip currents\" \/><meta itemprop=\"description\" content=\"Watch the National Weather Service Rip Current Safety Video\" \/><meta itemprop=\"uploadDate\" content=\"2025-07-07\" \/><meta itemprop=\"thumbnailUrl\" content=\"https:\/\/www.miamibeachfl.gov\/wp-content\/uploads\/2023\/05\/Rip_Currents_graphic-scaled.jpg\" \/><meta itemprop=\"contentUrl\" content=\"https:\/\/www.youtube.com\/watch?v=i9rk3brkHew\" \/><meta itemprop=\"embedUrl\" content=\"https:\/\/www.youtube.com\/watch?v=i9rk3brkHew\" \/>\t\t\t\t\t\t\t\t\t\n\t\t\t\t\t<img decoding=\"async\" src=\"https:\/\/i.ytimg.com\/vi\/i9rk3brkHew\/maxresdefault.jpg\" alt=\"youtube-video-thumbnail\"\/>","protected":false},"excerpt":{"rendered":"<p>Learn About Seaweed You may notice a heavier influx of sargassum (seaweed) along our shoreline. The city continues to coordinate [&hellip;]<\/p>\n","protected":false},"author":222,"featured_media":0,"parent":260953,"menu_order":35,"comment_status":"closed","ping_status":"closed","template":"","meta":{"_searchwp_excluded":"1","site-sidebar-layout":"default","site-content-layout":"","ast-site-content-layout":"","site-content-style":"default","site-sidebar-style":"default","ast-global-header-display":"","ast-banner-title-visibility":"","ast-main-header-display":"disabled","ast-hfb-above-header-display":"","ast-hfb-below-header-display":"disabled","ast-hfb-mobile-header-display":"","site-post-title":"","ast-breadcrumbs-content":"","ast-featured-img":"","footer-sml-layout":"","theme-transparent-header-meta":"","adv-header-id-meta":"","stick-header-meta":"","header-above-stick-meta":"","header-main-stick-meta":"","header-below-stick-meta":"","astra-migrate-meta-layouts":"default","ast-page-background-enabled":"default","ast-page-background-meta":{"desktop":{"background-color":"var(--ast-global-color-5)","background-image":"","background-repeat":"repeat","background-position":"center center","background-size":"auto","background-attachment":"scroll","background-type":"","background-media":"","overlay-type":"","overlay-color":"","overlay-opacity":"","overlay-gradient":""},"tablet":{"background-color":"","background-image":"","background-repeat":"repeat","background-position":"center center","background-size":"auto","background-attachment":"scroll","background-type":"","background-media":"","overlay-type":"","overlay-color":"","overlay-opacity":"","overlay-gradient":""},"mobile":{"background-color":"","background-image":"","background-repeat":"repeat","background-position":"center center","background-size":"auto","background-attachment":"scroll","background-type":"","background-media":"","overlay-type":"","overlay-color":"","overlay-opacity":"","overlay-gradient":""}},"ast-content-background-meta":{"desktop":{"background-color":"var(--ast-global-color-4)","background-image":"","background-repeat":"repeat","background-position":"center center","background-size":"auto","background-attachment":"scroll","background-type":"","background-media":"","overlay-type":"","overlay-color":"","overlay-opacity":"","overlay-gradient":""},"tablet":{"background-color":"var(--ast-global-color-4)","background-image":"","background-repeat":"repeat","background-position":"center center","background-size":"auto","background-attachment":"scroll","background-type":"","background-media":"","overlay-type":"","overlay-color":"","overlay-opacity":"","overlay-gradient":""},"mobile":{"background-color":"var(--ast-global-color-4)","background-image":"","background-repeat":"repeat","background-position":"center center","background-size":"auto","background-attachment":"scroll","background-type":"","background-media":"","overlay-type":"","overlay-color":"","overlay-opacity":"","overlay-gradient":""}},"footnotes":""},"categories":[],"tags":[1002],"class_list":["post-262483","page","type-page","status-publish","hentry","tag-app-egov-page"],"yoast_head":"<!-- This site is optimized with the Yoast SEO Premium plugin v27.4 (Yoast SEO v27.4) - https:\/\/yoast.com\/product\/yoast-seo-premium-wordpress\/ -->\n<title>Beach Conditions - City of Miami Beach<\/title>\n<meta name=\"description\" content=\"%\" \/>\n<meta name=\"robots\" content=\"index, follow, max-snippet:-1, max-image-preview:large, max-video-preview:-1\" \/>\n<link rel=\"canonical\" href=\"https:\/\/www.miamibeachfl.gov\/de\/egovapp\/beachconditions\/\" \/>\n<meta property=\"og:locale\" content=\"de_DE\" \/>\n<meta property=\"og:type\" content=\"article\" \/>\n<meta property=\"og:title\" content=\"Beach Conditions\" \/>\n<meta property=\"og:description\" content=\"%\" \/>\n<meta property=\"og:url\" content=\"https:\/\/www.miamibeachfl.gov\/de\/egovapp\/beachconditions\/\" \/>\n<meta property=\"og:site_name\" content=\"City of Miami Beach\" \/>\n<meta property=\"article:publisher\" content=\"https:\/\/www.facebook.com\/cityofmiamibeach\" \/>\n<meta property=\"article:modified_time\" content=\"2026-04-08T18:43:32+00:00\" \/>\n<meta property=\"og:image\" content=\"https:\/\/www.miamibeachfl.gov\/wp-content\/uploads\/2023\/05\/Rip_Currents_graphic-scaled.jpg\" \/>\n<meta name=\"twitter:card\" content=\"summary_large_image\" \/>\n<meta name=\"twitter:site\" content=\"@Miamibeachnews\" \/>\n<script type=\"application\/ld+json\" class=\"yoast-schema-graph\">{\"@context\":\"https:\\\/\\\/schema.org\",\"@graph\":[{\"@type\":\"WebPage\",\"@id\":\"https:\\\/\\\/www.miamibeachfl.gov\\\/egovapp\\\/beachconditions\\\/\",\"url\":\"https:\\\/\\\/www.miamibeachfl.gov\\\/egovapp\\\/beachconditions\\\/\",\"name\":\"Beach Conditions - City of Miami Beach\",\"isPartOf\":{\"@id\":\"https:\\\/\\\/www.miamibeachfl.gov\\\/#website\"},\"primaryImageOfPage\":{\"@id\":\"https:\\\/\\\/www.miamibeachfl.gov\\\/egovapp\\\/beachconditions\\\/#primaryimage\"},\"image\":{\"@id\":\"https:\\\/\\\/www.miamibeachfl.gov\\\/egovapp\\\/beachconditions\\\/#primaryimage\"},\"thumbnailUrl\":\"https:\\\/\\\/www.miamibeachfl.gov\\\/wp-content\\\/uploads\\\/2023\\\/05\\\/Rip_Currents_graphic-scaled.jpg\",\"datePublished\":\"2023-05-31T12:29:45+00:00\",\"dateModified\":\"2026-04-08T18:43:32+00:00\",\"description\":\"%\",\"breadcrumb\":{\"@id\":\"https:\\\/\\\/www.miamibeachfl.gov\\\/egovapp\\\/beachconditions\\\/#breadcrumb\"},\"inLanguage\":\"de\",\"potentialAction\":[{\"@type\":\"ReadAction\",\"target\":[\"https:\\\/\\\/www.miamibeachfl.gov\\\/egovapp\\\/beachconditions\\\/\"]}]},{\"@type\":\"ImageObject\",\"inLanguage\":\"de\",\"@id\":\"https:\\\/\\\/www.miamibeachfl.gov\\\/egovapp\\\/beachconditions\\\/#primaryimage\",\"url\":\"https:\\\/\\\/www.miamibeachfl.gov\\\/wp-content\\\/uploads\\\/2023\\\/05\\\/Rip_Currents_graphic-scaled.jpg\",\"contentUrl\":\"https:\\\/\\\/www.miamibeachfl.gov\\\/wp-content\\\/uploads\\\/2023\\\/05\\\/Rip_Currents_graphic-scaled.jpg\"},{\"@type\":\"BreadcrumbList\",\"@id\":\"https:\\\/\\\/www.miamibeachfl.gov\\\/egovapp\\\/beachconditions\\\/#breadcrumb\",\"itemListElement\":[{\"@type\":\"ListItem\",\"position\":1,\"name\":\"Home\",\"item\":\"https:\\\/\\\/www.miamibeachfl.gov\\\/\"},{\"@type\":\"ListItem\",\"position\":2,\"name\":\"MobileAppPages\",\"item\":\"https:\\\/\\\/www.miamibeachfl.gov\\\/egovapp\\\/\"},{\"@type\":\"ListItem\",\"position\":3,\"name\":\"Beach Conditions\"}]},{\"@type\":\"WebSite\",\"@id\":\"https:\\\/\\\/www.miamibeachfl.gov\\\/#website\",\"url\":\"https:\\\/\\\/www.miamibeachfl.gov\\\/\",\"name\":\"City of Miami Beach\",\"description\":\"The official website of the City of Miami Beach. Stay informed, find important information on city services, news, alerts, events, trolley routes, government employment and more.\",\"publisher\":{\"@id\":\"https:\\\/\\\/www.miamibeachfl.gov\\\/#organization\"},\"potentialAction\":[{\"@type\":\"SearchAction\",\"target\":{\"@type\":\"EntryPoint\",\"urlTemplate\":\"https:\\\/\\\/www.miamibeachfl.gov\\\/?s={search_term_string}\"},\"query-input\":{\"@type\":\"PropertyValueSpecification\",\"valueRequired\":true,\"valueName\":\"search_term_string\"}}],\"inLanguage\":\"de\"},{\"@type\":\"Organization\",\"@id\":\"https:\\\/\\\/www.miamibeachfl.gov\\\/#organization\",\"name\":\"City of Miami Beach\",\"url\":\"https:\\\/\\\/www.miamibeachfl.gov\\\/\",\"logo\":{\"@type\":\"ImageObject\",\"inLanguage\":\"de\",\"@id\":\"https:\\\/\\\/www.miamibeachfl.gov\\\/#\\\/schema\\\/logo\\\/image\\\/\",\"url\":\"https:\\\/\\\/www.miamibeachfl.gov\\\/wp-content\\\/uploads\\\/2022\\\/06\\\/miamibeach-logoblue.png\",\"contentUrl\":\"https:\\\/\\\/www.miamibeachfl.gov\\\/wp-content\\\/uploads\\\/2022\\\/06\\\/miamibeach-logoblue.png\",\"width\":1962,\"height\":381,\"caption\":\"City of Miami Beach\"},\"image\":{\"@id\":\"https:\\\/\\\/www.miamibeachfl.gov\\\/#\\\/schema\\\/logo\\\/image\\\/\"},\"sameAs\":[\"https:\\\/\\\/www.facebook.com\\\/cityofmiamibeach\",\"https:\\\/\\\/x.com\\\/Miamibeachnews\",\"https:\\\/\\\/www.instagram.com\\\/miamibeachnews\\\/\"],\"description\":\"The official website of the City of Miami Beach. Stay informed, find important information on city services, news, alerts, events, trolley routes, government employment and more.\",\"telephone\":\"305.604.CITY(2489)\",\"legalName\":\"City of Miami Beach\"}]}<\/script>\n<!-- \/ Yoast SEO Premium plugin. -->","yoast_head_json":{"title":"Strandbedingungen - Stadt Miami Beach","description":"%","robots":{"index":"index","follow":"follow","max-snippet":"max-snippet:-1","max-image-preview":"max-image-preview:large","max-video-preview":"max-video-preview:-1"},"canonical":"https:\/\/www.miamibeachfl.gov\/de\/egovapp\/beachconditions\/","og_locale":"de_DE","og_type":"article","og_title":"Beach Conditions","og_description":"%","og_url":"https:\/\/www.miamibeachfl.gov\/de\/egovapp\/beachconditions\/","og_site_name":"City of Miami Beach","article_publisher":"https:\/\/www.facebook.com\/cityofmiamibeach","article_modified_time":"2026-04-08T18:43:32+00:00","og_image":[{"url":"https:\/\/www.miamibeachfl.gov\/wp-content\/uploads\/2023\/05\/Rip_Currents_graphic-scaled.jpg","type":"","width":"","height":""}],"twitter_card":"summary_large_image","twitter_site":"@Miamibeachnews","schema":{"@context":"https:\/\/schema.org","@graph":[{"@type":"WebPage","@id":"https:\/\/www.miamibeachfl.gov\/egovapp\/beachconditions\/","url":"https:\/\/www.miamibeachfl.gov\/egovapp\/beachconditions\/","name":"Strandbedingungen - Stadt Miami Beach","isPartOf":{"@id":"https:\/\/www.miamibeachfl.gov\/#website"},"primaryImageOfPage":{"@id":"https:\/\/www.miamibeachfl.gov\/egovapp\/beachconditions\/#primaryimage"},"image":{"@id":"https:\/\/www.miamibeachfl.gov\/egovapp\/beachconditions\/#primaryimage"},"thumbnailUrl":"https:\/\/www.miamibeachfl.gov\/wp-content\/uploads\/2023\/05\/Rip_Currents_graphic-scaled.jpg","datePublished":"2023-05-31T12:29:45+00:00","dateModified":"2026-04-08T18:43:32+00:00","description":"%","breadcrumb":{"@id":"https:\/\/www.miamibeachfl.gov\/egovapp\/beachconditions\/#breadcrumb"},"inLanguage":"de","potentialAction":[{"@type":"ReadAction","target":["https:\/\/www.miamibeachfl.gov\/egovapp\/beachconditions\/"]}]},{"@type":"ImageObject","inLanguage":"de","@id":"https:\/\/www.miamibeachfl.gov\/egovapp\/beachconditions\/#primaryimage","url":"https:\/\/www.miamibeachfl.gov\/wp-content\/uploads\/2023\/05\/Rip_Currents_graphic-scaled.jpg","contentUrl":"https:\/\/www.miamibeachfl.gov\/wp-content\/uploads\/2023\/05\/Rip_Currents_graphic-scaled.jpg"},{"@type":"BreadcrumbList","@id":"https:\/\/www.miamibeachfl.gov\/egovapp\/beachconditions\/#breadcrumb","itemListElement":[{"@type":"ListItem","position":1,"name":"Home","item":"https:\/\/www.miamibeachfl.gov\/"},{"@type":"ListItem","position":2,"name":"MobileAppPages","item":"https:\/\/www.miamibeachfl.gov\/egovapp\/"},{"@type":"ListItem","position":3,"name":"Beach Conditions"}]},{"@type":"WebSite","@id":"https:\/\/www.miamibeachfl.gov\/#website","url":"https:\/\/www.miamibeachfl.gov\/","name":"Stadt Miami Beach","description":"Die offizielle Website der Stadt Miami Beach. Bleiben Sie informiert und finden Sie wichtige Informationen zu st\u00e4dtischen Dienstleistungen, Neuigkeiten, Warnungen, Veranstaltungen, Stra\u00dfenbahnlinien, Stellenangeboten im \u00f6ffentlichen Dienst und mehr.","publisher":{"@id":"https:\/\/www.miamibeachfl.gov\/#organization"},"potentialAction":[{"@type":"SearchAction","target":{"@type":"EntryPoint","urlTemplate":"https:\/\/www.miamibeachfl.gov\/?s={search_term_string}"},"query-input":{"@type":"PropertyValueSpecification","valueRequired":true,"valueName":"search_term_string"}}],"inLanguage":"de"},{"@type":"Organization","@id":"https:\/\/www.miamibeachfl.gov\/#organization","name":"Stadt Miami Beach","url":"https:\/\/www.miamibeachfl.gov\/","logo":{"@type":"ImageObject","inLanguage":"de","@id":"https:\/\/www.miamibeachfl.gov\/#\/schema\/logo\/image\/","url":"https:\/\/www.miamibeachfl.gov\/wp-content\/uploads\/2022\/06\/miamibeach-logoblue.png","contentUrl":"https:\/\/www.miamibeachfl.gov\/wp-content\/uploads\/2022\/06\/miamibeach-logoblue.png","width":1962,"height":381,"caption":"City of Miami Beach"},"image":{"@id":"https:\/\/www.miamibeachfl.gov\/#\/schema\/logo\/image\/"},"sameAs":["https:\/\/www.facebook.com\/cityofmiamibeach","https:\/\/x.com\/Miamibeachnews","https:\/\/www.instagram.com\/miamibeachnews\/"],"description":"Die offizielle Website der Stadt Miami Beach. Bleiben Sie informiert und finden Sie wichtige Informationen zu st\u00e4dtischen Dienstleistungen, Neuigkeiten, Warnungen, Veranstaltungen, Stra\u00dfenbahnlinien, Stellenangeboten im \u00f6ffentlichen Dienst und mehr.","telephone":"305.604.CITY(2489)","legalName":"City of Miami Beach"}]}},"_links":{"self":[{"href":"https:\/\/www.miamibeachfl.gov\/de\/wp-json\/wp\/v2\/pages\/262483","targetHints":{"allow":["GET"]}}],"collection":[{"href":"https:\/\/www.miamibeachfl.gov\/de\/wp-json\/wp\/v2\/pages"}],"about":[{"href":"https:\/\/www.miamibeachfl.gov\/de\/wp-json\/wp\/v2\/types\/page"}],"author":[{"embeddable":true,"href":"https:\/\/www.miamibeachfl.gov\/de\/wp-json\/wp\/v2\/users\/222"}],"replies":[{"embeddable":true,"href":"https:\/\/www.miamibeachfl.gov\/de\/wp-json\/wp\/v2\/comments?post=262483"}],"version-history":[{"count":2,"href":"https:\/\/www.miamibeachfl.gov\/de\/wp-json\/wp\/v2\/pages\/262483\/revisions"}],"predecessor-version":[{"id":398562,"href":"https:\/\/www.miamibeachfl.gov\/de\/wp-json\/wp\/v2\/pages\/262483\/revisions\/398562"}],"up":[{"embeddable":true,"href":"https:\/\/www.miamibeachfl.gov\/de\/wp-json\/wp\/v2\/pages\/260953"}],"wp:attachment":[{"href":"https:\/\/www.miamibeachfl.gov\/de\/wp-json\/wp\/v2\/media?parent=262483"}],"wp:term":[{"taxonomy":"category","embeddable":true,"href":"https:\/\/www.miamibeachfl.gov\/de\/wp-json\/wp\/v2\/categories?post=262483"},{"taxonomy":"post_tag","embeddable":true,"href":"https:\/\/www.miamibeachfl.gov\/de\/wp-json\/wp\/v2\/tags?post=262483"}],"curies":[{"name":"wp","href":"https:\/\/api.w.org\/{rel}","templated":true}]}}