{"id":264653,"date":"2023-07-03T15:51:40","date_gmt":"2023-07-03T19:51:40","guid":{"rendered":"https:\/\/www.miamibeachfl.gov\/?page_id=264653"},"modified":"2025-06-02T22:23:10","modified_gmt":"2025-06-03T02:23:10","slug":"july-2023-business-spotlight-vida-estilo-group-miami-beach","status":"publish","type":"page","link":"https:\/\/www.miamibeachfl.gov\/de\/spotlight\/july-2023-business-spotlight-vida-estilo-group-miami-beach\/","title":{"rendered":"VIDA &amp; ESTILO GROUP KULINARISCHE LEBENSSTIL IN MIAMI BEACH"},"content":{"rendered":"<h5>\n\t\t<a href=\"https:\/\/www.miamibeachfl.gov\/de\/mbbiznews\/\" title=\"Abonnieren Sie hier, um den Wirtschaftsnewsletter der Stadt monatlich in Ihren Posteingang zu erhalten.\"  target=\"_blank\"  rel=\"noopener\">\n\t\t\tAbonnieren Sie hier, um den Wirtschaftsnewsletter der Stadt monatlich in Ihren Posteingang zu erhalten.\t\t<\/a>\n\t<\/h5>\n<h5>\n\t\t<a href=\"https:\/\/myemail.constantcontact.com\/Stay-connected-with-MB-Biz--.html?soid=1011085968389&#038;aid=S0mHBwwl4Fs\" title=\"Business Newsletter\"  target=\"_blank\"  rel=\"noopener\">\n\t\t\tBusiness Newsletter\t\t<\/a>\n\t<\/h5>\n\t\t\t\t<img decoding=\"async\" src=\"https:\/\/www.miamibeachfl.gov\/wp-content\/uploads\/2023\/07\/Jamil-scaled.jpeg\" alt=\"Jamil\" itemprop=\"image\" title=\"Jamil\" onerror=\"this.style.display='none'\" loading='lazy' \/>\n\t<p>Vida &amp; Estilo Restaurant Group | V&amp;E Hospitality Group (V&amp;E), was \u00fcbersetzt bedeutet <em>Leben und Stil<\/em> auf Spanisch, ist ein Pionier der kulinarischen Branche und hat einige der bekanntesten und besten Restaurantkonzepte entwickelt. Die Marke verk\u00f6rpert Lifestyle-Konzepte, die Gastronomie, Mixologie, Unterhaltung und einzigartige Atmosph\u00e4re in ihren Lokalen vereinen.<\/p>\n<p>Das preisgekr\u00f6nte Portfolio von V&amp;E umfasst <em>Caf\u00e9 Americano<\/em>, <em>PaperFish, Barsecco<\/em>, <em>Mexiko<\/em>, <em>La Cerveceria<\/em> <em>de Barrio<\/em>, <em>Havanna 1957<\/em>, <em>Cortadito Kaffeehaus<\/em>, <em>Marab\u00fa<\/em> Und <em>Mercato Della Pescheria<\/em>Eine Sekunde <em>Papierfisch<\/em> k\u00fcrzlich am Espanola Way er\u00f6ffnet, und das Team hat den ikonischen Ocean Drive neu gestaltet <em>News Caf\u00e9<\/em> Und <em>Mexiko Taco Shop<\/em>. Der ED Business Newsletter vom Juli stellt Jamil Dib, Mitbegr\u00fcnder und Eigent\u00fcmer der V&amp;E Restaurant Group, ins Rampenlicht.<\/p>\n<ol>\n<li><strong> Erz\u00e4hlen Sie uns bitte etwas \u00fcber die Geschichte Ihres Restaurantkonzepts und was hat Sie dazu inspiriert, in Miami Beach zu er\u00f6ffnen?<\/strong><\/li>\n<\/ol>\n<p>Vida &amp; Estilo er\u00f6ffnete 1997 sein erstes Restaurant. Der Umzug von Mexiko nach Miami Beach war eine Ver\u00e4nderung unseres Lebensstils. Die Magie von Miami Beach hat uns inspiriert, und ich bin stolz, die Stadt meine Heimat nennen zu d\u00fcrfen.<\/p>\n<ol start=\"2\">\n<li><strong> Wie w\u00fcrden Sie die Atmosph\u00e4re und das Ambiente Ihrer Restaurantkonzepte beschreiben?<\/strong><\/li>\n<\/ol>\n<p>Unsere Konzepte zielen auf ein unvergessliches Erlebnis ab. Wir kuratieren unsere Locations mit absoluter Hingabe zum Thema und Restaurantkonzept. Der Relaunch <em>News Caf\u00e9<\/em>, ein Unternehmen in Partnerschaft mit Goldman Properties, hat gro\u00dfe Anstrengungen unternommen, um das Wesen und den Geist von Ocean Drive und South Beach in Vergangenheit, Gegenwart und Zukunft wiederherzustellen.<\/p>\n<p><img loading=\"lazy\" decoding=\"async\" src=\"https:\/\/www.miamibeachfl.gov\/wp-content\/uploads\/2023\/07\/NEWS-CAFE-2023-2-300x195.png\" alt=\"\" width=\"300\" height=\"195\" \/><\/p>\n<ol start=\"3\">\n<li><strong>\u00a0Bitte teilen Sie uns einige Ihrer beliebten kulinarischen Angebote mit und sagen Sie uns, was sie so besonders macht.<\/strong><\/li>\n<\/ol>\n<p>Wir sind stolz darauf, die kubanische K\u00fcche hervorzuheben bei <em>Havanna 1957<\/em>, das zweite Restaurant f\u00fcr Vida &amp; Estilo. Wir haben jetzt f\u00fcnf <em>Havanna 1957<\/em> Standorte, der erste er\u00f6ffnete vor \u00fcber einem Jahrzehnt auf Espa\u00f1ola Way und wurde k\u00fcrzlich in die Liste der besten kubanischen Lebensmittel in Miami aufgenommen, wobei insbesondere unsere <em>Vaca Frita<\/em> (gebratenes, zerkleinertes Rindfleisch). <em>Havanna 1957<\/em> ist auch f\u00fcr unser charakteristisches H\u00fchnchen bekannt, <em>Pollo Havanna<\/em>, ein Familienrezept, das 3 1\/2 Stunden im Ofen gebacken und 72 Stunden mariniert wird. Dar\u00fcber hinaus genie\u00dfen unsere Liebhaber japanischer K\u00fcche unsere charakteristische Sushi-Rolle, die <em>Acevichada<\/em>, bei <em>Papierfisch<\/em>, das in Miami Beach und Miami \u00e4u\u00dferst beliebt ist.<\/p>\n<p><img loading=\"lazy\" decoding=\"async\" src=\"https:\/\/www.miamibeachfl.gov\/wp-content\/uploads\/2023\/07\/Food-300x189.png\" alt=\"\" width=\"300\" height=\"189\" \/><img loading=\"lazy\" decoding=\"async\" src=\"https:\/\/www.miamibeachfl.gov\/wp-content\/uploads\/2023\/07\/food-2-300x221.png\" alt=\"\" width=\"300\" height=\"221\" \/><\/p>\n<ol start=\"4\">\n<li><strong> Welche einzigartigen Zutaten oder Kochtechniken verwenden Sie in Ihren Gerichten?<\/strong><\/li>\n<\/ol>\n<p>Wir verwenden einen Josper-Ofen bei <em>Mercato Della Pescheria<\/em>Es handelt sich um einen Holzkohleofen, der es uns erm\u00f6glicht, traditionelle Elemente mit moderner und innovativer K\u00fcche zu verbinden. Wir kochen auch gerne Meeresfr\u00fcchte und Fisch, wie zum Beispiel unseren ber\u00fchmten Branzino, und bereiten herzhafte Fleischgerichte mit dieser Holzkohlegrilltechnik zu.<\/p>\n<p><img loading=\"lazy\" decoding=\"async\" src=\"https:\/\/www.miamibeachfl.gov\/wp-content\/uploads\/2023\/07\/food-3-300x149.png\" alt=\"\" width=\"300\" height=\"149\" \/><\/p>\n<ol start=\"5\">\n<li><strong> Woher beziehen Sie Ihre Zutaten und legen Sie Wert auf die Verwendung regionaler oder biologischer Produkte?<\/strong><\/li>\n<\/ol>\n<p>Unsere Einkaufsabteilung verbessert st\u00e4ndig unsere Auswahl an Qualit\u00e4tsprodukten, Erzeugnissen und Lieferanten. Wir sind bestrebt, m\u00f6glichst regionale Produkte zu beziehen und achten stets auf Verf\u00fcgbarkeit und Preis-Leistungs-Verh\u00e4ltnis. Wir achten bewusst auf faire Lebensmittelpreise, um unseren Kunden ein preisg\u00fcnstiges Angebot zu bieten.<\/p>\n<ol start=\"6\">\n<li><strong>\u00a0Welche Art von Speiseerlebnis k\u00f6nnen Kunden erwarten, wenn sie in Ihre Restaurants kommen, und wie gew\u00e4hrleisten Sie einen hochwertigen Service?<\/strong><\/li>\n<\/ol>\n<p>Exzellenz und Ehrlichkeit stehen auf der Speisekarte. Unser Essen zieht unsere G\u00e4ste an, und unser Kundenservice, unser guter Ruf, unsere Sauberkeit, Sicherheit und unser Dekor runden die Atmosph\u00e4re des Restaurants ab. Wir legen gro\u00dfen Wert auf das gesamte kulinarische Erlebnis und sorgen daf\u00fcr, dass es unvergesslich wird.<\/p>\n<p>7.<strong> Welche Schritte unternehmen Sie, um auf Ern\u00e4hrungseinschr\u00e4nkungen und pers\u00f6nliche Vorlieben einzugehen?<\/strong><\/p>\n<p>Die M\u00f6glichkeit, auf Ern\u00e4hrungseinschr\u00e4nkungen und pers\u00f6nliche Vorlieben, wie vegetarische und glutenfreie Optionen, einzugehen, ist f\u00fcr unsere Essenslieferung und unseren Kundenservice von entscheidender Bedeutung. Zum Beispiel: <em>Cortadito Kaffeehaus<\/em> bietet eine Vielzahl milchfreier Optionen, wie etwa einen Caf\u00e9 con Leche mit verschiedenen Milchsorten, der von unseren Stammg\u00e4sten sehr gesch\u00e4tzt wird.<\/p>\n<p><img loading=\"lazy\" decoding=\"async\" src=\"https:\/\/www.miamibeachfl.gov\/wp-content\/uploads\/2023\/07\/cortadito-300x203.png\" alt=\"\" width=\"300\" height=\"203\" \/><\/p>\n<ol start=\"8\">\n<li><strong> Was sind Ihre Pl\u00e4ne und Ziele f\u00fcr die Zukunft und wie m\u00f6chten Sie weiter wachsen und sich weiterentwickeln?<\/strong><\/li>\n<\/ol>\n<p>Unser Tagesgesch\u00e4ft besteht darin, uns an die Bed\u00fcrfnisse unserer Verbraucher anzupassen, sie zu ver\u00e4ndern und zu verstehen sowie die n\u00e4chste Generation von Kunden heranzuziehen.<\/p>\n<p>Wir arbeiten daran, unsere j\u00fcngeren kulinarischen Konsumenten zu verstehen und zu f\u00f6rdern, unsere bestehenden G\u00e4ste in Miami Beach zu pflegen, unsere Restaurants zu Reisezielen zu machen, die man unbedingt erleben muss, und unser kulinarisches Angebot in der st\u00e4ndig wachsenden Welt des Hotel- und Gastst\u00e4ttengewerbes weiter auszubauen.<\/p>\n<p>Weitere Informationen finden Sie unter: <strong><a href=\"https:\/\/www.verestaurants.com\">https:\/\/www.verestaurants.com<\/a><\/strong><\/p>\n<p>&nbsp;<\/p>\n<p>&nbsp;<\/p>","protected":false},"excerpt":{"rendered":"<p>Abonnieren Sie hier, um den Wirtschaftsnewsletter der Stadt monatlich in Ihrem Posteingang zu erhalten. Wirtschaftsnewsletter Vida &amp; Estilo Restaurant Group | [\u2026]<\/p>","protected":false},"author":222,"featured_media":0,"parent":253255,"menu_order":0,"comment_status":"closed","ping_status":"closed","template":"","meta":{"_searchwp_excluded":"","site-sidebar-layout":"default","site-content-layout":"","ast-site-content-layout":"default","site-content-style":"default","site-sidebar-style":"default","ast-global-header-display":"","ast-banner-title-visibility":"","ast-main-header-display":"","ast-hfb-above-header-display":"","ast-hfb-below-header-display":"","ast-hfb-mobile-header-display":"","site-post-title":"","ast-breadcrumbs-content":"","ast-featured-img":"","footer-sml-layout":"","theme-transparent-header-meta":"","adv-header-id-meta":"","stick-header-meta":"","header-above-stick-meta":"","header-main-stick-meta":"","header-below-stick-meta":"","astra-migrate-meta-layouts":"default","ast-page-background-enabled":"default","ast-page-background-meta":{"desktop":{"background-color":"var(--ast-global-color-5)","background-image":"","background-repeat":"repeat","background-position":"center center","background-size":"auto","background-attachment":"scroll","background-type":"","background-media":"","overlay-type":"","overlay-color":"","overlay-opacity":"","overlay-gradient":""},"tablet":{"background-color":"","background-image":"","background-repeat":"repeat","background-position":"center center","background-size":"auto","background-attachment":"scroll","background-type":"","background-media":"","overlay-type":"","overlay-color":"","overlay-opacity":"","overlay-gradient":""},"mobile":{"background-color":"","background-image":"","background-repeat":"repeat","background-position":"center center","background-size":"auto","background-attachment":"scroll","background-type":"","background-media":"","overlay-type":"","overlay-color":"","overlay-opacity":"","overlay-gradient":""}},"ast-content-background-meta":{"desktop":{"background-color":"var(--ast-global-color-4)","background-image":"","background-repeat":"repeat","background-position":"center center","background-size":"auto","background-attachment":"scroll","background-type":"","background-media":"","overlay-type":"","overlay-color":"","overlay-opacity":"","overlay-gradient":""},"tablet":{"background-color":"var(--ast-global-color-4)","background-image":"","background-repeat":"repeat","background-position":"center center","background-size":"auto","background-attachment":"scroll","background-type":"","background-media":"","overlay-type":"","overlay-color":"","overlay-opacity":"","overlay-gradient":""},"mobile":{"background-color":"var(--ast-global-color-4)","background-image":"","background-repeat":"repeat","background-position":"center center","background-size":"auto","background-attachment":"scroll","background-type":"","background-media":"","overlay-type":"","overlay-color":"","overlay-opacity":"","overlay-gradient":""}},"footnotes":""},"categories":[],"tags":[],"class_list":["post-264653","page","type-page","status-publish","hentry"],"yoast_head":"<!-- This site is optimized with the Yoast SEO Premium plugin v26.6 (Yoast SEO v26.6) - https:\/\/yoast.com\/wordpress\/plugins\/seo\/ -->\n<title>VIDA &amp; ESTILO GROUP CULINARY LIFESTYLES IN MIAMI BEACH - City of Miami Beach<\/title>\n<meta name=\"description\" content=\"%\" \/>\n<meta name=\"robots\" content=\"index, follow, max-snippet:-1, max-image-preview:large, max-video-preview:-1\" \/>\n<link rel=\"canonical\" href=\"https:\/\/www.miamibeachfl.gov\/de\/spotlight\/july-2023-business-spotlight-vida-estilo-group-miami-beach\/\" \/>\n<meta property=\"og:locale\" content=\"de_DE\" \/>\n<meta property=\"og:type\" content=\"article\" \/>\n<meta property=\"og:title\" content=\"VIDA &amp; ESTILO GROUP CULINARY LIFESTYLES IN MIAMI BEACH\" \/>\n<meta property=\"og:description\" content=\"%\" \/>\n<meta property=\"og:url\" content=\"https:\/\/www.miamibeachfl.gov\/de\/spotlight\/july-2023-business-spotlight-vida-estilo-group-miami-beach\/\" \/>\n<meta property=\"og:site_name\" content=\"City of Miami Beach\" \/>\n<meta property=\"article:publisher\" content=\"https:\/\/www.facebook.com\/cityofmiamibeach\" \/>\n<meta property=\"article:modified_time\" content=\"2025-06-03T02:23:10+00:00\" \/>\n<meta property=\"og:image\" content=\"https:\/\/www.miamibeachfl.gov\/wp-content\/uploads\/2023\/07\/Jamil-scaled.jpeg\" \/>\n<meta name=\"twitter:card\" content=\"summary_large_image\" \/>\n<meta name=\"twitter:site\" content=\"@Miamibeachnews\" \/>\n<script type=\"application\/ld+json\" class=\"yoast-schema-graph\">{\"@context\":\"https:\/\/schema.org\",\"@graph\":[{\"@type\":\"WebPage\",\"@id\":\"https:\/\/www.miamibeachfl.gov\/spotlight\/july-2023-business-spotlight-vida-estilo-group-miami-beach\/\",\"url\":\"https:\/\/www.miamibeachfl.gov\/spotlight\/july-2023-business-spotlight-vida-estilo-group-miami-beach\/\",\"name\":\"VIDA & ESTILO GROUP CULINARY LIFESTYLES IN MIAMI BEACH - City of Miami Beach\",\"isPartOf\":{\"@id\":\"https:\/\/www.miamibeachfl.gov\/#website\"},\"primaryImageOfPage\":{\"@id\":\"https:\/\/www.miamibeachfl.gov\/spotlight\/july-2023-business-spotlight-vida-estilo-group-miami-beach\/#primaryimage\"},\"image\":{\"@id\":\"https:\/\/www.miamibeachfl.gov\/spotlight\/july-2023-business-spotlight-vida-estilo-group-miami-beach\/#primaryimage\"},\"thumbnailUrl\":\"https:\/\/www.miamibeachfl.gov\/wp-content\/uploads\/2023\/07\/Jamil-scaled.jpeg\",\"datePublished\":\"2023-07-03T19:51:40+00:00\",\"dateModified\":\"2025-06-03T02:23:10+00:00\",\"description\":\"%\",\"breadcrumb\":{\"@id\":\"https:\/\/www.miamibeachfl.gov\/spotlight\/july-2023-business-spotlight-vida-estilo-group-miami-beach\/#breadcrumb\"},\"inLanguage\":\"de\",\"potentialAction\":[{\"@type\":\"ReadAction\",\"target\":[\"https:\/\/www.miamibeachfl.gov\/spotlight\/july-2023-business-spotlight-vida-estilo-group-miami-beach\/\"]}]},{\"@type\":\"ImageObject\",\"inLanguage\":\"de\",\"@id\":\"https:\/\/www.miamibeachfl.gov\/spotlight\/july-2023-business-spotlight-vida-estilo-group-miami-beach\/#primaryimage\",\"url\":\"https:\/\/www.miamibeachfl.gov\/wp-content\/uploads\/2023\/07\/Jamil-scaled.jpeg\",\"contentUrl\":\"https:\/\/www.miamibeachfl.gov\/wp-content\/uploads\/2023\/07\/Jamil-scaled.jpeg\"},{\"@type\":\"BreadcrumbList\",\"@id\":\"https:\/\/www.miamibeachfl.gov\/spotlight\/july-2023-business-spotlight-vida-estilo-group-miami-beach\/#breadcrumb\",\"itemListElement\":[{\"@type\":\"ListItem\",\"position\":1,\"name\":\"Home\",\"item\":\"https:\/\/www.miamibeachfl.gov\/\"},{\"@type\":\"ListItem\",\"position\":2,\"name\":\"Business Newsletters and Spotlights\",\"item\":\"https:\/\/www.miamibeachfl.gov\/spotlight\/\"},{\"@type\":\"ListItem\",\"position\":3,\"name\":\"VIDA &#038; ESTILO GROUP CULINARY LIFESTYLES IN MIAMI BEACH\"}]},{\"@type\":\"WebSite\",\"@id\":\"https:\/\/www.miamibeachfl.gov\/#website\",\"url\":\"https:\/\/www.miamibeachfl.gov\/\",\"name\":\"City of Miami Beach\",\"description\":\"The official website of the City of Miami Beach. Stay informed, find important information on city services, news, alerts, events, trolley routes, government employment and more.\",\"publisher\":{\"@id\":\"https:\/\/www.miamibeachfl.gov\/#organization\"},\"potentialAction\":[{\"@type\":\"SearchAction\",\"target\":{\"@type\":\"EntryPoint\",\"urlTemplate\":\"https:\/\/www.miamibeachfl.gov\/?s={search_term_string}\"},\"query-input\":{\"@type\":\"PropertyValueSpecification\",\"valueRequired\":true,\"valueName\":\"search_term_string\"}}],\"inLanguage\":\"de\"},{\"@type\":\"Organization\",\"@id\":\"https:\/\/www.miamibeachfl.gov\/#organization\",\"name\":\"City of Miami Beach\",\"url\":\"https:\/\/www.miamibeachfl.gov\/\",\"logo\":{\"@type\":\"ImageObject\",\"inLanguage\":\"de\",\"@id\":\"https:\/\/www.miamibeachfl.gov\/#\/schema\/logo\/image\/\",\"url\":\"https:\/\/www.miamibeachfl.gov\/wp-content\/uploads\/2022\/06\/miamibeach-logoblue.png\",\"contentUrl\":\"https:\/\/www.miamibeachfl.gov\/wp-content\/uploads\/2022\/06\/miamibeach-logoblue.png\",\"width\":1962,\"height\":381,\"caption\":\"City of Miami Beach\"},\"image\":{\"@id\":\"https:\/\/www.miamibeachfl.gov\/#\/schema\/logo\/image\/\"},\"sameAs\":[\"https:\/\/www.facebook.com\/cityofmiamibeach\",\"https:\/\/x.com\/Miamibeachnews\",\"https:\/\/www.instagram.com\/miamibeachnews\/\"],\"description\":\"The official website of the City of Miami Beach. Stay informed, find important information on city services, news, alerts, events, trolley routes, government employment and more.\",\"telephone\":\"305.604.CITY(2489)\",\"legalName\":\"City of Miami Beach\"}]}<\/script>\n<!-- \/ Yoast SEO Premium plugin. -->","yoast_head_json":{"title":"KULINARISCHE LEBENSSTIL DER VIDA &amp; ESTILO GROUP IN MIAMI BEACH - City of Miami Beach","description":"%","robots":{"index":"index","follow":"follow","max-snippet":"max-snippet:-1","max-image-preview":"max-image-preview:large","max-video-preview":"max-video-preview:-1"},"canonical":"https:\/\/www.miamibeachfl.gov\/de\/spotlight\/july-2023-business-spotlight-vida-estilo-group-miami-beach\/","og_locale":"de_DE","og_type":"article","og_title":"VIDA & ESTILO GROUP CULINARY LIFESTYLES IN MIAMI BEACH","og_description":"%","og_url":"https:\/\/www.miamibeachfl.gov\/de\/spotlight\/july-2023-business-spotlight-vida-estilo-group-miami-beach\/","og_site_name":"City of Miami Beach","article_publisher":"https:\/\/www.facebook.com\/cityofmiamibeach","article_modified_time":"2025-06-03T02:23:10+00:00","og_image":[{"url":"https:\/\/www.miamibeachfl.gov\/wp-content\/uploads\/2023\/07\/Jamil-scaled.jpeg","type":"","width":"","height":""}],"twitter_card":"summary_large_image","twitter_site":"@Miamibeachnews","schema":{"@context":"https:\/\/schema.org","@graph":[{"@type":"WebPage","@id":"https:\/\/www.miamibeachfl.gov\/spotlight\/july-2023-business-spotlight-vida-estilo-group-miami-beach\/","url":"https:\/\/www.miamibeachfl.gov\/spotlight\/july-2023-business-spotlight-vida-estilo-group-miami-beach\/","name":"KULINARISCHE LEBENSSTIL DER VIDA &amp; ESTILO GROUP IN MIAMI BEACH - City of Miami Beach","isPartOf":{"@id":"https:\/\/www.miamibeachfl.gov\/#website"},"primaryImageOfPage":{"@id":"https:\/\/www.miamibeachfl.gov\/spotlight\/july-2023-business-spotlight-vida-estilo-group-miami-beach\/#primaryimage"},"image":{"@id":"https:\/\/www.miamibeachfl.gov\/spotlight\/july-2023-business-spotlight-vida-estilo-group-miami-beach\/#primaryimage"},"thumbnailUrl":"https:\/\/www.miamibeachfl.gov\/wp-content\/uploads\/2023\/07\/Jamil-scaled.jpeg","datePublished":"2023-07-03T19:51:40+00:00","dateModified":"2025-06-03T02:23:10+00:00","description":"%","breadcrumb":{"@id":"https:\/\/www.miamibeachfl.gov\/spotlight\/july-2023-business-spotlight-vida-estilo-group-miami-beach\/#breadcrumb"},"inLanguage":"de","potentialAction":[{"@type":"ReadAction","target":["https:\/\/www.miamibeachfl.gov\/spotlight\/july-2023-business-spotlight-vida-estilo-group-miami-beach\/"]}]},{"@type":"ImageObject","inLanguage":"de","@id":"https:\/\/www.miamibeachfl.gov\/spotlight\/july-2023-business-spotlight-vida-estilo-group-miami-beach\/#primaryimage","url":"https:\/\/www.miamibeachfl.gov\/wp-content\/uploads\/2023\/07\/Jamil-scaled.jpeg","contentUrl":"https:\/\/www.miamibeachfl.gov\/wp-content\/uploads\/2023\/07\/Jamil-scaled.jpeg"},{"@type":"BreadcrumbList","@id":"https:\/\/www.miamibeachfl.gov\/spotlight\/july-2023-business-spotlight-vida-estilo-group-miami-beach\/#breadcrumb","itemListElement":[{"@type":"ListItem","position":1,"name":"Home","item":"https:\/\/www.miamibeachfl.gov\/"},{"@type":"ListItem","position":2,"name":"Business Newsletters and Spotlights","item":"https:\/\/www.miamibeachfl.gov\/spotlight\/"},{"@type":"ListItem","position":3,"name":"VIDA &#038; ESTILO GROUP CULINARY LIFESTYLES IN MIAMI BEACH"}]},{"@type":"WebSite","@id":"https:\/\/www.miamibeachfl.gov\/#website","url":"https:\/\/www.miamibeachfl.gov\/","name":"Stadt Miami Beach","description":"Die offizielle Website der Stadt Miami Beach. Bleiben Sie informiert und finden Sie wichtige Informationen zu st\u00e4dtischen Dienstleistungen, Neuigkeiten, Warnungen, Veranstaltungen, Stra\u00dfenbahnlinien, Stellenangeboten im \u00f6ffentlichen Dienst und mehr.","publisher":{"@id":"https:\/\/www.miamibeachfl.gov\/#organization"},"potentialAction":[{"@type":"SearchAction","target":{"@type":"EntryPoint","urlTemplate":"https:\/\/www.miamibeachfl.gov\/?s={search_term_string}"},"query-input":{"@type":"PropertyValueSpecification","valueRequired":true,"valueName":"search_term_string"}}],"inLanguage":"de"},{"@type":"Organization","@id":"https:\/\/www.miamibeachfl.gov\/#organization","name":"Stadt Miami Beach","url":"https:\/\/www.miamibeachfl.gov\/","logo":{"@type":"ImageObject","inLanguage":"de","@id":"https:\/\/www.miamibeachfl.gov\/#\/schema\/logo\/image\/","url":"https:\/\/www.miamibeachfl.gov\/wp-content\/uploads\/2022\/06\/miamibeach-logoblue.png","contentUrl":"https:\/\/www.miamibeachfl.gov\/wp-content\/uploads\/2022\/06\/miamibeach-logoblue.png","width":1962,"height":381,"caption":"City of Miami Beach"},"image":{"@id":"https:\/\/www.miamibeachfl.gov\/#\/schema\/logo\/image\/"},"sameAs":["https:\/\/www.facebook.com\/cityofmiamibeach","https:\/\/x.com\/Miamibeachnews","https:\/\/www.instagram.com\/miamibeachnews\/"],"description":"Die offizielle Website der Stadt Miami Beach. Bleiben Sie informiert und finden Sie wichtige Informationen zu st\u00e4dtischen Dienstleistungen, Neuigkeiten, Warnungen, Veranstaltungen, Stra\u00dfenbahnlinien, Stellenangeboten im \u00f6ffentlichen Dienst und mehr.","telephone":"305.604.CITY(2489)","legalName":"City of Miami Beach"}]}},"_links":{"self":[{"href":"https:\/\/www.miamibeachfl.gov\/de\/wp-json\/wp\/v2\/pages\/264653","targetHints":{"allow":["GET"]}}],"collection":[{"href":"https:\/\/www.miamibeachfl.gov\/de\/wp-json\/wp\/v2\/pages"}],"about":[{"href":"https:\/\/www.miamibeachfl.gov\/de\/wp-json\/wp\/v2\/types\/page"}],"author":[{"embeddable":true,"href":"https:\/\/www.miamibeachfl.gov\/de\/wp-json\/wp\/v2\/users\/222"}],"replies":[{"embeddable":true,"href":"https:\/\/www.miamibeachfl.gov\/de\/wp-json\/wp\/v2\/comments?post=264653"}],"version-history":[{"count":0,"href":"https:\/\/www.miamibeachfl.gov\/de\/wp-json\/wp\/v2\/pages\/264653\/revisions"}],"up":[{"embeddable":true,"href":"https:\/\/www.miamibeachfl.gov\/de\/wp-json\/wp\/v2\/pages\/253255"}],"wp:attachment":[{"href":"https:\/\/www.miamibeachfl.gov\/de\/wp-json\/wp\/v2\/media?parent=264653"}],"wp:term":[{"taxonomy":"category","embeddable":true,"href":"https:\/\/www.miamibeachfl.gov\/de\/wp-json\/wp\/v2\/categories?post=264653"},{"taxonomy":"post_tag","embeddable":true,"href":"https:\/\/www.miamibeachfl.gov\/de\/wp-json\/wp\/v2\/tags?post=264653"}],"curies":[{"name":"wp","href":"https:\/\/api.w.org\/{rel}","templated":true}]}}