{"id":265320,"date":"2023-07-19T09:27:42","date_gmt":"2023-07-19T13:27:42","guid":{"rendered":"https:\/\/www.miamibeachfl.gov\/?page_id=265320"},"modified":"2025-12-15T09:31:16","modified_gmt":"2025-12-15T14:31:16","slug":"commissioner-monica-matteo-salinas","status":"publish","type":"page","link":"https:\/\/www.miamibeachfl.gov\/de\/staff\/commissioner-monica-matteo-salinas\/","title":{"rendered":"Monica Matteo-Salinas <br>Gruppe 1"},"content":{"rendered":"B\u00fcrgermeister &amp; Kommission\t\t\t\n\t\t\t\t\t<ul id=\"menu-mayor-and-commission\"><li id=\"menu-item-281527\"><a href=\"\/de\/city-hall\/elected-officials\/\">B\u00fcrgermeister &amp; Kommission Startseite<\/a><\/li>\n<li id=\"menu-item-281526\"><a href=\"\/de\/city-hall\/city-clerk\/meeting-notices\/\">Kommissionssitzungen<\/a><\/li>\n<li id=\"menu-item-281528\"><a href=\"\/de\/city-hall\/city-clerk\/boards-and-committees\/\">Gremien und Aussch\u00fcsse<\/a><\/li>\n<li id=\"menu-item-281529\"><a href=\"\/de\/city-hall\/city-clerk\/election-information\/\">Wahlinformationen<\/a><\/li>\n<\/ul>\t\nB\u00fcrgermeister &amp; Kommission \u00d7\t\t\t\t\t\t<ul id=\"menu-mayor-and-commission-1\"><li id=\"menu-item-281527\"><a href=\"\/de\/city-hall\/elected-officials\/\">B\u00fcrgermeister &amp; Kommission Startseite<\/a><\/li>\n<li id=\"menu-item-281526\"><a href=\"\/de\/city-hall\/city-clerk\/meeting-notices\/\">Kommissionssitzungen<\/a><\/li>\n<li id=\"menu-item-281528\"><a href=\"\/de\/city-hall\/city-clerk\/boards-and-committees\/\">Gremien und Aussch\u00fcsse<\/a><\/li>\n<li id=\"menu-item-281529\"><a href=\"\/de\/city-hall\/city-clerk\/election-information\/\">Wahlinformationen<\/a><\/li>\n<\/ul>\t\t\t\t\n\t\t\t\t<img decoding=\"async\" src=\"https:\/\/www.miamibeachfl.gov\/wp-content\/uploads\/2023\/07\/KristenRosenGonzalezyellowborder.png\" alt=\"KristenRosenGonzalezyellowborder\" itemprop=\"image\" height=\"250\" width=\"249\" title=\"KristenRosenGonzalezgelber Rand\" onerror=\"this.style.display='none'\" loading=\"lazy\">\n<h1>\n\t\t\tKristen Rosen Gonzalez\t<\/h1>\n<h2>\n\t\t\tKommissar\t<\/h2>\n\t<ul>\n\t\t<li>\t\t\t\t\n\t\t<h4>E-Mail:<\/h4><p><a href=\"mailto:Kristen@miamibeachfl.gov\"><strong>Kristen@miamibeachfl.gov<\/strong><\/a><\/p><\/li><li>\t\t\t\t\n\t\t<h4>Telefon:<\/h4><p><a href=\"tel:3059654725\"><strong>305.965.4725<\/strong><\/a><\/p><\/li>\t<\/ul>\n<h2>\n\t\t\tGRUPPE 1\t<\/h2>\n<h2>\n\t\t\tMitarbeiter der Kommission:\t<\/h2>\n\t<ul>\n\t\t<li>\t\t\t\t\n\t\t<h4>Jacqueline Budin<\/h4><p><strong><a href=\"mailto:jacquelinebudin@miamibeachfl.gov\">jacquelinebudin@miamibeachfl.gov<\/a><\/strong><\/p><\/li><li>\t\t\t\t\n\t\t<h4>Francesca Medeiros<\/h4><p><strong><a href=\"mailto:francescamedeiros@miamibeachfl.gov\">francescamedeiros@miamibeachfl.gov<\/a><\/strong><\/p><\/li>\t<\/ul>\n\t<p>Dr. Kristen Rosen Gonzalez stammt aus Miami Beach und ist tief in der Gemeinde verwurzelt \u2013 ihre Eltern lernten sich in der Lobby des legend\u00e4ren Fontainebleau Hotels kennen. Sie wuchs in Miami Beach auf, umgeben von einer vielf\u00e4ltigen Kultur, darunter kubanische Exilanten und Nachkommen von Holocaust-\u00dcberlebenden.<\/p>\n<p>Nach ihrem Bachelor-Abschluss an der Tufts University in Medford, Massachusetts, kehrte Dr. Rosen Gonzalez nach S\u00fcdflorida zur\u00fcck, wo sie bis heute lebt, arbeitet und ihre Familie gro\u00dfzieht. Sie ist stolze Mutter dreier Kinder \u2013 Isabella, Pablo und Franny \u2013, die alle die Miami Beach Senior High School abgeschlossen haben. Ihr Wunsch, ihren Kindern und der gesamten Gemeinschaft eine bessere Zukunft zu erm\u00f6glichen, inspiriert sie zu ihrem anhaltenden b\u00fcrgerschaftlichen Engagement und ihrer Arbeit f\u00fcr die Allgemeinheit.<\/p>\n<p>Dr. Rosen Gonzalez ist fest angestellte Dozentin im Fachbereich Englisch und Kommunikation am Miami Dade College und lizenzierte Immobilienmaklerin. Sie wurde 2015 und 2021 in die Stadtkommission von Miami Beach gew\u00e4hlt, wo sie sich einen Ruf als unerm\u00fcdliche Verfechterin von \u00f6ffentlicher Sicherheit, Bildung und verantwortungsvoller Entwicklung erwarb.<\/p>\n<p>Als leidenschaftliche Verfechterin des historischen Charakters von Miami Beach setzte sie sich f\u00fcr den Erhalt der Art-d\u00e9co-Architektur ein und leitete die Bem\u00fchungen zur Rettung wichtiger Wahrzeichen der Gemeinde, darunter das Byron Carlyle Theater und das South Shore Community Center. Sie leitete au\u00dferdem erfolgreiche Referendumskampagnen zum Erhalt von Monty&#039;s und zum Schutz der \u00f6ffentlichen Parkpl\u00e4tze an der Lincoln Road vor \u00dcberbauung.<\/p>\n<p>Dr. Rosen Gonzalez hat einen Ph.D. in Hochschulverwaltung und einen Master of Arts in Kommunikation von der Barry University. Ihren Bachelor of Arts in Franz\u00f6sischer und Spanischer Sprache und Literatur erwarb sie an der Tufts University.<\/p>\n<p>Sie ist weiterhin eine engagierte Beamtin, P\u00e4dagogin und Anw\u00e4ltin und setzt sich f\u00fcr den Schutz der einzigartigen Lebensqualit\u00e4t ein, die Miami Beach ausmacht.<\/p>\n\n\n\n<p><\/p>","protected":false},"excerpt":{"rendered":"<p>Mayor &amp; Commission Mayor &amp; Commission Home Commission Meetings Boards &amp; Committees Election Information Mayor &amp; Commission \u00d7 Mayor &amp; [&hellip;]<\/p>\n","protected":false},"author":222,"featured_media":393405,"parent":261112,"menu_order":13,"comment_status":"closed","ping_status":"closed","template":"","meta":{"_searchwp_excluded":"","site-sidebar-layout":"default","site-content-layout":"","ast-site-content-layout":"default","site-content-style":"default","site-sidebar-style":"default","ast-global-header-display":"","ast-banner-title-visibility":"","ast-main-header-display":"","ast-hfb-above-header-display":"","ast-hfb-below-header-display":"","ast-hfb-mobile-header-display":"","site-post-title":"","ast-breadcrumbs-content":"","ast-featured-img":"","footer-sml-layout":"","theme-transparent-header-meta":"","adv-header-id-meta":"","stick-header-meta":"","header-above-stick-meta":"","header-main-stick-meta":"","header-below-stick-meta":"","astra-migrate-meta-layouts":"default","ast-page-background-enabled":"default","ast-page-background-meta":{"desktop":{"background-color":"var(--ast-global-color-5)","background-image":"","background-repeat":"repeat","background-position":"center center","background-size":"auto","background-attachment":"scroll","background-type":"","background-media":"","overlay-type":"","overlay-color":"","overlay-opacity":"","overlay-gradient":""},"tablet":{"background-color":"","background-image":"","background-repeat":"repeat","background-position":"center center","background-size":"auto","background-attachment":"scroll","background-type":"","background-media":"","overlay-type":"","overlay-color":"","overlay-opacity":"","overlay-gradient":""},"mobile":{"background-color":"","background-image":"","background-repeat":"repeat","background-position":"center center","background-size":"auto","background-attachment":"scroll","background-type":"","background-media":"","overlay-type":"","overlay-color":"","overlay-opacity":"","overlay-gradient":""}},"ast-content-background-meta":{"desktop":{"background-color":"var(--ast-global-color-4)","background-image":"","background-repeat":"repeat","background-position":"center center","background-size":"auto","background-attachment":"scroll","background-type":"","background-media":"","overlay-type":"","overlay-color":"","overlay-opacity":"","overlay-gradient":""},"tablet":{"background-color":"var(--ast-global-color-4)","background-image":"","background-repeat":"repeat","background-position":"center center","background-size":"auto","background-attachment":"scroll","background-type":"","background-media":"","overlay-type":"","overlay-color":"","overlay-opacity":"","overlay-gradient":""},"mobile":{"background-color":"var(--ast-global-color-4)","background-image":"","background-repeat":"repeat","background-position":"center center","background-size":"auto","background-attachment":"scroll","background-type":"","background-media":"","overlay-type":"","overlay-color":"","overlay-opacity":"","overlay-gradient":""}},"footnotes":""},"categories":[],"tags":[983,985,960],"class_list":["post-265320","page","type-page","status-publish","has-post-thumbnail","hentry","tag-mayor-office-team","tag-monica-matteo-salinas-staff","tag-staff"],"yoast_head":"<!-- This site is optimized with the Yoast SEO Premium plugin v27.4 (Yoast SEO v27.4) - https:\/\/yoast.com\/product\/yoast-seo-premium-wordpress\/ -->\n<title>Monica Matteo-Salinas Group 1 - City of Miami Beach<\/title>\n<meta name=\"description\" content=\"Monica Matteo-Salinas has proudly called Miami Beach home for sixteen years. She is raising her two sons here, both students at Miami Beach Senior High School. Her commitment to local schools has been long-standing: she became active in the PTA when her boys attended South Pointe Elementary and later served as PTSA President at Nautilus Middle School from 2020 to 2022. Preserving and strengthening Miami Beach\u2019s legacy has always been central to her work.\" \/>\n<meta name=\"robots\" content=\"index, follow, max-snippet:-1, max-image-preview:large, max-video-preview:-1\" \/>\n<link rel=\"canonical\" href=\"https:\/\/www.miamibeachfl.gov\/de\/staff\/commissioner-monica-matteo-salinas\/\" \/>\n<meta property=\"og:locale\" content=\"de_DE\" \/>\n<meta property=\"og:type\" content=\"article\" \/>\n<meta property=\"og:title\" content=\"Monica Matteo-Salinas Group 1\" \/>\n<meta property=\"og:description\" content=\"Monica Matteo-Salinas has proudly called Miami Beach home for sixteen years. She is raising her two sons here, both students at Miami Beach Senior High School. Her commitment to local schools has been long-standing: she became active in the PTA when her boys attended South Pointe Elementary and later served as PTSA President at Nautilus Middle School from 2020 to 2022. Preserving and strengthening Miami Beach\u2019s legacy has always been central to her work.\" \/>\n<meta property=\"og:url\" content=\"https:\/\/www.miamibeachfl.gov\/de\/staff\/commissioner-monica-matteo-salinas\/\" \/>\n<meta property=\"og:site_name\" content=\"City of Miami Beach\" \/>\n<meta property=\"article:publisher\" content=\"https:\/\/www.facebook.com\/cityofmiamibeach\" \/>\n<meta property=\"article:modified_time\" content=\"2025-12-15T14:31:16+00:00\" \/>\n<meta property=\"og:image\" content=\"https:\/\/www.miamibeachfl.gov\/wp-content\/uploads\/2023\/07\/Monica-Matteo-Salinas-commissioner-YellowOutline.png\" \/>\n\t<meta property=\"og:image:width\" content=\"249\" \/>\n\t<meta property=\"og:image:height\" content=\"250\" \/>\n\t<meta property=\"og:image:type\" content=\"image\/png\" \/>\n<meta name=\"twitter:card\" content=\"summary_large_image\" \/>\n<meta name=\"twitter:site\" content=\"@Miamibeachnews\" \/>\n<script type=\"application\/ld+json\" class=\"yoast-schema-graph\">{\"@context\":\"https:\\\/\\\/schema.org\",\"@graph\":[{\"@type\":\"WebPage\",\"@id\":\"https:\\\/\\\/www.miamibeachfl.gov\\\/staff\\\/commissioner-monica-matteo-salinas\\\/\",\"url\":\"https:\\\/\\\/www.miamibeachfl.gov\\\/staff\\\/commissioner-monica-matteo-salinas\\\/\",\"name\":\"Monica Matteo-Salinas Group 1 - City of Miami Beach\",\"isPartOf\":{\"@id\":\"https:\\\/\\\/www.miamibeachfl.gov\\\/#website\"},\"primaryImageOfPage\":{\"@id\":\"https:\\\/\\\/www.miamibeachfl.gov\\\/staff\\\/commissioner-monica-matteo-salinas\\\/#primaryimage\"},\"image\":{\"@id\":\"https:\\\/\\\/www.miamibeachfl.gov\\\/staff\\\/commissioner-monica-matteo-salinas\\\/#primaryimage\"},\"thumbnailUrl\":\"https:\\\/\\\/www.miamibeachfl.gov\\\/wp-content\\\/uploads\\\/2023\\\/07\\\/Monica-Matteo-Salinas-commissioner-YellowOutline.png\",\"datePublished\":\"2023-07-19T13:27:42+00:00\",\"dateModified\":\"2025-12-15T14:31:16+00:00\",\"description\":\"Monica Matteo-Salinas has proudly called Miami Beach home for sixteen years. She is raising her two sons here, both students at Miami Beach Senior High School. Her commitment to local schools has been long-standing: she became active in the PTA when her boys attended South Pointe Elementary and later served as PTSA President at Nautilus Middle School from 2020 to 2022. Preserving and strengthening Miami Beach\u2019s legacy has always been central to her work.\",\"breadcrumb\":{\"@id\":\"https:\\\/\\\/www.miamibeachfl.gov\\\/staff\\\/commissioner-monica-matteo-salinas\\\/#breadcrumb\"},\"inLanguage\":\"de\",\"potentialAction\":[{\"@type\":\"ReadAction\",\"target\":[\"https:\\\/\\\/www.miamibeachfl.gov\\\/staff\\\/commissioner-monica-matteo-salinas\\\/\"]}]},{\"@type\":\"ImageObject\",\"inLanguage\":\"de\",\"@id\":\"https:\\\/\\\/www.miamibeachfl.gov\\\/staff\\\/commissioner-monica-matteo-salinas\\\/#primaryimage\",\"url\":\"https:\\\/\\\/www.miamibeachfl.gov\\\/wp-content\\\/uploads\\\/2023\\\/07\\\/Monica-Matteo-Salinas-commissioner-YellowOutline.png\",\"contentUrl\":\"https:\\\/\\\/www.miamibeachfl.gov\\\/wp-content\\\/uploads\\\/2023\\\/07\\\/Monica-Matteo-Salinas-commissioner-YellowOutline.png\",\"width\":249,\"height\":250,\"caption\":\"Commissioner Monica Matteo-Salinas\"},{\"@type\":\"BreadcrumbList\",\"@id\":\"https:\\\/\\\/www.miamibeachfl.gov\\\/staff\\\/commissioner-monica-matteo-salinas\\\/#breadcrumb\",\"itemListElement\":[{\"@type\":\"ListItem\",\"position\":1,\"name\":\"Home\",\"item\":\"https:\\\/\\\/www.miamibeachfl.gov\\\/\"},{\"@type\":\"ListItem\",\"position\":2,\"name\":\"Staff\",\"item\":\"https:\\\/\\\/www.miamibeachfl.gov\\\/staff\\\/\"},{\"@type\":\"ListItem\",\"position\":3,\"name\":\"Monica Matteo-Salinas Group 1\"}]},{\"@type\":\"WebSite\",\"@id\":\"https:\\\/\\\/www.miamibeachfl.gov\\\/#website\",\"url\":\"https:\\\/\\\/www.miamibeachfl.gov\\\/\",\"name\":\"City of Miami Beach\",\"description\":\"The official website of the City of Miami Beach. Stay informed, find important information on city services, news, alerts, events, trolley routes, government employment and more.\",\"publisher\":{\"@id\":\"https:\\\/\\\/www.miamibeachfl.gov\\\/#organization\"},\"potentialAction\":[{\"@type\":\"SearchAction\",\"target\":{\"@type\":\"EntryPoint\",\"urlTemplate\":\"https:\\\/\\\/www.miamibeachfl.gov\\\/?s={search_term_string}\"},\"query-input\":{\"@type\":\"PropertyValueSpecification\",\"valueRequired\":true,\"valueName\":\"search_term_string\"}}],\"inLanguage\":\"de\"},{\"@type\":\"Organization\",\"@id\":\"https:\\\/\\\/www.miamibeachfl.gov\\\/#organization\",\"name\":\"City of Miami Beach\",\"url\":\"https:\\\/\\\/www.miamibeachfl.gov\\\/\",\"logo\":{\"@type\":\"ImageObject\",\"inLanguage\":\"de\",\"@id\":\"https:\\\/\\\/www.miamibeachfl.gov\\\/#\\\/schema\\\/logo\\\/image\\\/\",\"url\":\"https:\\\/\\\/www.miamibeachfl.gov\\\/wp-content\\\/uploads\\\/2022\\\/06\\\/miamibeach-logoblue.png\",\"contentUrl\":\"https:\\\/\\\/www.miamibeachfl.gov\\\/wp-content\\\/uploads\\\/2022\\\/06\\\/miamibeach-logoblue.png\",\"width\":1962,\"height\":381,\"caption\":\"City of Miami Beach\"},\"image\":{\"@id\":\"https:\\\/\\\/www.miamibeachfl.gov\\\/#\\\/schema\\\/logo\\\/image\\\/\"},\"sameAs\":[\"https:\\\/\\\/www.facebook.com\\\/cityofmiamibeach\",\"https:\\\/\\\/x.com\\\/Miamibeachnews\",\"https:\\\/\\\/www.instagram.com\\\/miamibeachnews\\\/\"],\"description\":\"The official website of the City of Miami Beach. Stay informed, find important information on city services, news, alerts, events, trolley routes, government employment and more.\",\"telephone\":\"305.604.CITY(2489)\",\"legalName\":\"City of Miami Beach\"}]}<\/script>\n<!-- \/ Yoast SEO Premium plugin. -->","yoast_head_json":{"title":"Monica Matteo-Salinas Gruppe 1 - Stadt Miami Beach","description":"Monica Matteo-Salinas lebt seit sechzehn Jahren mit Stolz in Miami Beach. Hier zieht sie ihre beiden S\u00f6hne gro\u00df, die beide die Miami Beach Senior High School besuchen. Ihr Engagement f\u00fcr die \u00f6rtlichen Schulen ist langj\u00e4hrig: Schon als ihre S\u00f6hne die South Pointe Elementary School besuchten, war sie im Elternbeirat aktiv und sp\u00e4ter, von 2020 bis 2022, dessen Vorsitzende an der Nautilus Middle School. Die Bewahrung und St\u00e4rkung des Erbes von Miami Beach war ihr stets ein zentrales Anliegen.","robots":{"index":"index","follow":"follow","max-snippet":"max-snippet:-1","max-image-preview":"max-image-preview:large","max-video-preview":"max-video-preview:-1"},"canonical":"https:\/\/www.miamibeachfl.gov\/de\/staff\/commissioner-monica-matteo-salinas\/","og_locale":"de_DE","og_type":"article","og_title":"Monica Matteo-Salinas Group 1","og_description":"Monica Matteo-Salinas has proudly called Miami Beach home for sixteen years. She is raising her two sons here, both students at Miami Beach Senior High School. Her commitment to local schools has been long-standing: she became active in the PTA when her boys attended South Pointe Elementary and later served as PTSA President at Nautilus Middle School from 2020 to 2022. Preserving and strengthening Miami Beach\u2019s legacy has always been central to her work.","og_url":"https:\/\/www.miamibeachfl.gov\/de\/staff\/commissioner-monica-matteo-salinas\/","og_site_name":"City of Miami Beach","article_publisher":"https:\/\/www.facebook.com\/cityofmiamibeach","article_modified_time":"2025-12-15T14:31:16+00:00","og_image":[{"width":249,"height":250,"url":"https:\/\/www.miamibeachfl.gov\/wp-content\/uploads\/2023\/07\/Monica-Matteo-Salinas-commissioner-YellowOutline.png","type":"image\/png"}],"twitter_card":"summary_large_image","twitter_site":"@Miamibeachnews","schema":{"@context":"https:\/\/schema.org","@graph":[{"@type":"WebPage","@id":"https:\/\/www.miamibeachfl.gov\/staff\/commissioner-monica-matteo-salinas\/","url":"https:\/\/www.miamibeachfl.gov\/staff\/commissioner-monica-matteo-salinas\/","name":"Monica Matteo-Salinas Gruppe 1 - Stadt Miami Beach","isPartOf":{"@id":"https:\/\/www.miamibeachfl.gov\/#website"},"primaryImageOfPage":{"@id":"https:\/\/www.miamibeachfl.gov\/staff\/commissioner-monica-matteo-salinas\/#primaryimage"},"image":{"@id":"https:\/\/www.miamibeachfl.gov\/staff\/commissioner-monica-matteo-salinas\/#primaryimage"},"thumbnailUrl":"https:\/\/www.miamibeachfl.gov\/wp-content\/uploads\/2023\/07\/Monica-Matteo-Salinas-commissioner-YellowOutline.png","datePublished":"2023-07-19T13:27:42+00:00","dateModified":"2025-12-15T14:31:16+00:00","description":"Monica Matteo-Salinas lebt seit sechzehn Jahren mit Stolz in Miami Beach. Hier zieht sie ihre beiden S\u00f6hne gro\u00df, die beide die Miami Beach Senior High School besuchen. Ihr Engagement f\u00fcr die \u00f6rtlichen Schulen ist langj\u00e4hrig: Schon als ihre S\u00f6hne die South Pointe Elementary School besuchten, war sie im Elternbeirat aktiv und sp\u00e4ter, von 2020 bis 2022, dessen Vorsitzende an der Nautilus Middle School. Die Bewahrung und St\u00e4rkung des Erbes von Miami Beach war ihr stets ein zentrales Anliegen.","breadcrumb":{"@id":"https:\/\/www.miamibeachfl.gov\/staff\/commissioner-monica-matteo-salinas\/#breadcrumb"},"inLanguage":"de","potentialAction":[{"@type":"ReadAction","target":["https:\/\/www.miamibeachfl.gov\/staff\/commissioner-monica-matteo-salinas\/"]}]},{"@type":"ImageObject","inLanguage":"de","@id":"https:\/\/www.miamibeachfl.gov\/staff\/commissioner-monica-matteo-salinas\/#primaryimage","url":"https:\/\/www.miamibeachfl.gov\/wp-content\/uploads\/2023\/07\/Monica-Matteo-Salinas-commissioner-YellowOutline.png","contentUrl":"https:\/\/www.miamibeachfl.gov\/wp-content\/uploads\/2023\/07\/Monica-Matteo-Salinas-commissioner-YellowOutline.png","width":249,"height":250,"caption":"Commissioner Monica Matteo-Salinas"},{"@type":"BreadcrumbList","@id":"https:\/\/www.miamibeachfl.gov\/staff\/commissioner-monica-matteo-salinas\/#breadcrumb","itemListElement":[{"@type":"ListItem","position":1,"name":"Home","item":"https:\/\/www.miamibeachfl.gov\/"},{"@type":"ListItem","position":2,"name":"Staff","item":"https:\/\/www.miamibeachfl.gov\/staff\/"},{"@type":"ListItem","position":3,"name":"Monica Matteo-Salinas Group 1"}]},{"@type":"WebSite","@id":"https:\/\/www.miamibeachfl.gov\/#website","url":"https:\/\/www.miamibeachfl.gov\/","name":"Stadt Miami Beach","description":"Die offizielle Website der Stadt Miami Beach. Bleiben Sie informiert und finden Sie wichtige Informationen zu st\u00e4dtischen Dienstleistungen, Neuigkeiten, Warnungen, Veranstaltungen, Stra\u00dfenbahnlinien, Stellenangeboten im \u00f6ffentlichen Dienst und mehr.","publisher":{"@id":"https:\/\/www.miamibeachfl.gov\/#organization"},"potentialAction":[{"@type":"SearchAction","target":{"@type":"EntryPoint","urlTemplate":"https:\/\/www.miamibeachfl.gov\/?s={search_term_string}"},"query-input":{"@type":"PropertyValueSpecification","valueRequired":true,"valueName":"search_term_string"}}],"inLanguage":"de"},{"@type":"Organization","@id":"https:\/\/www.miamibeachfl.gov\/#organization","name":"Stadt Miami Beach","url":"https:\/\/www.miamibeachfl.gov\/","logo":{"@type":"ImageObject","inLanguage":"de","@id":"https:\/\/www.miamibeachfl.gov\/#\/schema\/logo\/image\/","url":"https:\/\/www.miamibeachfl.gov\/wp-content\/uploads\/2022\/06\/miamibeach-logoblue.png","contentUrl":"https:\/\/www.miamibeachfl.gov\/wp-content\/uploads\/2022\/06\/miamibeach-logoblue.png","width":1962,"height":381,"caption":"City of Miami Beach"},"image":{"@id":"https:\/\/www.miamibeachfl.gov\/#\/schema\/logo\/image\/"},"sameAs":["https:\/\/www.facebook.com\/cityofmiamibeach","https:\/\/x.com\/Miamibeachnews","https:\/\/www.instagram.com\/miamibeachnews\/"],"description":"Die offizielle Website der Stadt Miami Beach. Bleiben Sie informiert und finden Sie wichtige Informationen zu st\u00e4dtischen Dienstleistungen, Neuigkeiten, Warnungen, Veranstaltungen, Stra\u00dfenbahnlinien, Stellenangeboten im \u00f6ffentlichen Dienst und mehr.","telephone":"305.604.CITY(2489)","legalName":"City of Miami Beach"}]}},"_links":{"self":[{"href":"https:\/\/www.miamibeachfl.gov\/de\/wp-json\/wp\/v2\/pages\/265320","targetHints":{"allow":["GET"]}}],"collection":[{"href":"https:\/\/www.miamibeachfl.gov\/de\/wp-json\/wp\/v2\/pages"}],"about":[{"href":"https:\/\/www.miamibeachfl.gov\/de\/wp-json\/wp\/v2\/types\/page"}],"author":[{"embeddable":true,"href":"https:\/\/www.miamibeachfl.gov\/de\/wp-json\/wp\/v2\/users\/222"}],"replies":[{"embeddable":true,"href":"https:\/\/www.miamibeachfl.gov\/de\/wp-json\/wp\/v2\/comments?post=265320"}],"version-history":[{"count":4,"href":"https:\/\/www.miamibeachfl.gov\/de\/wp-json\/wp\/v2\/pages\/265320\/revisions"}],"predecessor-version":[{"id":393408,"href":"https:\/\/www.miamibeachfl.gov\/de\/wp-json\/wp\/v2\/pages\/265320\/revisions\/393408"}],"up":[{"embeddable":true,"href":"https:\/\/www.miamibeachfl.gov\/de\/wp-json\/wp\/v2\/pages\/261112"}],"wp:featuredmedia":[{"embeddable":true,"href":"https:\/\/www.miamibeachfl.gov\/de\/wp-json\/wp\/v2\/media\/393405"}],"wp:attachment":[{"href":"https:\/\/www.miamibeachfl.gov\/de\/wp-json\/wp\/v2\/media?parent=265320"}],"wp:term":[{"taxonomy":"category","embeddable":true,"href":"https:\/\/www.miamibeachfl.gov\/de\/wp-json\/wp\/v2\/categories?post=265320"},{"taxonomy":"post_tag","embeddable":true,"href":"https:\/\/www.miamibeachfl.gov\/de\/wp-json\/wp\/v2\/tags?post=265320"}],"curies":[{"name":"wp","href":"https:\/\/api.w.org\/{rel}","templated":true}]}}