{"id":265348,"date":"2023-07-19T10:32:10","date_gmt":"2023-07-19T14:32:10","guid":{"rendered":"https:\/\/www.miamibeachfl.gov\/?page_id=265348"},"modified":"2025-07-07T13:51:15","modified_gmt":"2025-07-07T17:51:15","slug":"commissioner-alex-fernandez","status":"publish","type":"page","link":"https:\/\/www.miamibeachfl.gov\/de\/staff\/commissioner-alex-fernandez\/","title":{"rendered":"Alex J. Fernandez <br>Gruppe 3"},"content":{"rendered":"B\u00fcrgermeister &amp; Kommission\t\t\t\n\t\t\t\t\t<ul id=\"menu-mayor-and-commission\"><li id=\"menu-item-281527\"><a href=\"\/de\/city-hall\/elected-officials\/\">B\u00fcrgermeister &amp; Kommission Startseite<\/a><\/li>\n<li id=\"menu-item-281526\"><a href=\"\/de\/city-hall\/city-clerk\/meeting-notices\/\">Kommissionssitzungen<\/a><\/li>\n<li id=\"menu-item-281528\"><a href=\"\/de\/city-hall\/city-clerk\/boards-and-committees\/\">Gremien und Aussch\u00fcsse<\/a><\/li>\n<li id=\"menu-item-281529\"><a href=\"\/de\/city-hall\/city-clerk\/election-information\/\">Wahlinformationen<\/a><\/li>\n<\/ul>\t\nB\u00fcrgermeister &amp; Kommission \u00d7\t\t\t\t\t\t<ul id=\"menu-mayor-and-commission-1\"><li id=\"menu-item-281527\"><a href=\"\/de\/city-hall\/elected-officials\/\">B\u00fcrgermeister &amp; Kommission Startseite<\/a><\/li>\n<li id=\"menu-item-281526\"><a href=\"\/de\/city-hall\/city-clerk\/meeting-notices\/\">Kommissionssitzungen<\/a><\/li>\n<li id=\"menu-item-281528\"><a href=\"\/de\/city-hall\/city-clerk\/boards-and-committees\/\">Gremien und Aussch\u00fcsse<\/a><\/li>\n<li id=\"menu-item-281529\"><a href=\"\/de\/city-hall\/city-clerk\/election-information\/\">Wahlinformationen<\/a><\/li>\n<\/ul>\t\t\t\t\n\t\t\t\t<img decoding=\"async\" src=\"https:\/\/www.miamibeachfl.gov\/wp-content\/uploads\/bb-plugin\/cache\/AlexFernandez-circle.png\" alt=\"AlexFernandez\" title=\"AlexFernandez\" itemprop=\"image\"\/>\n\t\t<h1>\n\t\t\tAlex J. Fernandez\t<\/h1>\n<h2>\n\t\t\tKommissar\t<\/h2>\n\t<ul>\n\t\t<li><a href=\"mailto:Alex@miamibeachfl.gov\" target=\"_self\"  aria-label=\"Gehen Sie zu mailto:Alex@miamibeachfl.gov\">\t\t\t\t\n\t\t<h3>Alex@miamibeachfl.gov<\/h3><\/a><\/li><li><a href=\"tel:3056737106\" target=\"_self\"  aria-label=\"Gehen Sie zu Tel.: 3056737106\">\t\t\t\t\n\t\t<h3>305.673.7106<\/h3><\/a><\/li>\t<\/ul>\n\t<ul>\n\t\t<li>\t\t\t\t\n\t\t<h3>Gruppe 3<\/h3><\/li><li><a href=\"mailto:DanGelber@miamibeachfl.gov\" target=\"_self\"  aria-label=\"Gehen Sie zu mailto:DanGelber@miamibeachfl.gov\">\t\t\t\t\n\t\t<h3>Kommissionsassistent:<\/h3><p>Monica Salinas<\/p><\/a><\/li><li><a href=\"mailto:MonicaSalinas@miamibeachfl.gov\" target=\"_self\"  aria-label=\"Gehen Sie zu mailto:MonicaSalinas@miamibeachfl.gov\">\t\t\t\t\n\t\t<h3>MonicaSalinas@miamibeachfl.gov<\/h3><\/a><\/li><li><a href=\"tel:3056737000\" target=\"_self\"  aria-label=\"Gehen Sie zu Tel.: 3056737000\">\t\t\t\t\n\t\t<h3>305.673.7000 Durchwahl: 26083<\/h3><\/a><\/li>\t<\/ul>\n\t\t\t\t<a href=\"https:\/\/www.miamibeachfl.gov\/wp-content\/uploads\/2025\/01\/2024-Legislative-Recap-Commissioner-Alex-Fernandez.pdf\"  target=\"_blank\" rel=\"noopener\"  itemprop=\"url\">\n\t\t\t\t<img decoding=\"async\" src=\"https:\/\/www.miamibeachfl.gov\/wp-content\/uploads\/2023\/07\/2024-Legislative-Recap-Commissioner-Alex-Fernandez.jpg\" alt=\"Alex Fernandez Legislative Recap Download pdf\" itemprop=\"image\" title=\"Zusammenfassung der Legislaturperiode 2024, Kommissar Alex Fernandez\" onerror=\"this.style.display='none'\" loading='lazy' \/>\n\t\t\t\t<\/a>\n<h2>\n\t\t<a href=\"https:\/\/www.miamibeachfl.gov\/wp-content\/uploads\/2025\/01\/2024-Legislative-Recap-Commissioner-Alex-Fernandez.pdf\" title=\"DOKUMENT HERUNTERLADEN\"  target=\"_blank\"  rel=\"noopener\">\n\t\t\tDOKUMENT HERUNTERLADEN \t\t<\/a>\n\t<\/h2>\n\t<p>Alex J. Fernandez ist ein Amerikaner der ersten Generation und wurde als Kind kubanischer Exilanten geboren. Diese kamen in die USA, um ein besseres Leben und Freiheit von Unterdr\u00fcckung zu suchen. Schon fr\u00fch vermittelten seine Eltern, Jose und Mayra, ihm und seinem \u00e4lteren Bruder Jorge die Verantwortung, etwas zur\u00fcckzugeben und anderen zu helfen \u2013 insbesondere denen, die unter Armut, Obdachlosigkeit und Sucht leiden.<\/p>\n<p>Alex engagiert sich leidenschaftlich f\u00fcr den \u00f6ffentlichen Dienst und bringt zwanzig Jahre Regierungs- und Gesetzgebungserfahrung mit. Bevor er mit fast 601 Stimmen gew\u00e4hlt wurde, hatte er sich bereits lange b\u00fcrgerschaftlich engagiert. Er war Mitglied des Planungsausschusses von Miami Beach und der Charter Review Taskforce sowie Vorsitzender des Ausschusses f\u00fcr Polizei- und B\u00fcrgerbeziehungen sowie des Ausschusses f\u00fcr Hispanoamerikaner. In seiner beruflichen Funktion war Alex au\u00dferdem in den B\u00fcros mehrerer Bezirkskommissare von Miami-Dade County t\u00e4tig, darunter Rebeca Sosa, der ehemalige B\u00fcrgermeister von Miami Beach, Matti Herrera Bower, und die ehemalige Bezirkskommissarin von Miami Beach, Deede Weithorn.<\/p>\n<p>Alex lebt mit seinem Partner Robert Wolfarth, mit dem er seit 15 Jahren zusammen ist und der sich ebenfalls gesellschaftlich engagiert, in Mid Beach. Robert und Alex heirateten 2015 in einer von der Abgeordneten Debbie Wasserman Schultz in Washington, D.C. zelebrierten Zeremonie, nur wenige Tage vor dem historischen Urteil des Obersten Gerichtshofs im Fall Obergefell v. Hodges, das die Ehe f\u00fcr alle legalisierte. Gemeinsam restaurieren sie in ihrer Freizeit gerne historische H\u00e4user und haben das \u00f6ffentliche Engagement zu einem zentralen Bestandteil ihres Lebens gemacht.<\/p>\n<p>Alex Fernandez wurde am 16. November 2021 in Gruppe 3 der Stadtkommission von Miami Beach gew\u00e4hlt.<\/p>","protected":false},"excerpt":{"rendered":"<p>Mayor &#038; Commission Mayor &#038; Commission Home Commission Meetings Boards &#038; Committees Election Information Mayor &#038; Commission \u00d7 Mayor &#038; [&hellip;]<\/p>\n","protected":false},"author":222,"featured_media":265351,"parent":261112,"menu_order":37,"comment_status":"closed","ping_status":"closed","template":"","meta":{"_searchwp_excluded":"","site-sidebar-layout":"default","site-content-layout":"","ast-site-content-layout":"default","site-content-style":"default","site-sidebar-style":"default","ast-global-header-display":"","ast-banner-title-visibility":"","ast-main-header-display":"","ast-hfb-above-header-display":"","ast-hfb-below-header-display":"","ast-hfb-mobile-header-display":"","site-post-title":"","ast-breadcrumbs-content":"","ast-featured-img":"","footer-sml-layout":"","theme-transparent-header-meta":"","adv-header-id-meta":"","stick-header-meta":"","header-above-stick-meta":"","header-main-stick-meta":"","header-below-stick-meta":"","astra-migrate-meta-layouts":"default","ast-page-background-enabled":"default","ast-page-background-meta":{"desktop":{"background-color":"var(--ast-global-color-5)","background-image":"","background-repeat":"repeat","background-position":"center center","background-size":"auto","background-attachment":"scroll","background-type":"","background-media":"","overlay-type":"","overlay-color":"","overlay-opacity":"","overlay-gradient":""},"tablet":{"background-color":"","background-image":"","background-repeat":"repeat","background-position":"center center","background-size":"auto","background-attachment":"scroll","background-type":"","background-media":"","overlay-type":"","overlay-color":"","overlay-opacity":"","overlay-gradient":""},"mobile":{"background-color":"","background-image":"","background-repeat":"repeat","background-position":"center center","background-size":"auto","background-attachment":"scroll","background-type":"","background-media":"","overlay-type":"","overlay-color":"","overlay-opacity":"","overlay-gradient":""}},"ast-content-background-meta":{"desktop":{"background-color":"var(--ast-global-color-4)","background-image":"","background-repeat":"repeat","background-position":"center center","background-size":"auto","background-attachment":"scroll","background-type":"","background-media":"","overlay-type":"","overlay-color":"","overlay-opacity":"","overlay-gradient":""},"tablet":{"background-color":"var(--ast-global-color-4)","background-image":"","background-repeat":"repeat","background-position":"center center","background-size":"auto","background-attachment":"scroll","background-type":"","background-media":"","overlay-type":"","overlay-color":"","overlay-opacity":"","overlay-gradient":""},"mobile":{"background-color":"var(--ast-global-color-4)","background-image":"","background-repeat":"repeat","background-position":"center center","background-size":"auto","background-attachment":"scroll","background-type":"","background-media":"","overlay-type":"","overlay-color":"","overlay-opacity":"","overlay-gradient":""}},"footnotes":""},"categories":[],"tags":[987,983,960],"class_list":["post-265348","page","type-page","status-publish","has-post-thumbnail","hentry","tag-alex-j-fernandez-staff","tag-mayor-office-team","tag-staff"],"yoast_head":"<!-- This site is optimized with the Yoast SEO Premium plugin v27.4 (Yoast SEO v27.4) - https:\/\/yoast.com\/product\/yoast-seo-premium-wordpress\/ -->\n<title>Alex J. Fernandez Group 3 - City of Miami Beach<\/title>\n<meta name=\"description\" content=\"Alex J. Fernandez is a first-generation American born to Cuban exiles who came to the United States seeking a better life and freedom from oppression. Since an early age his parents, Jose and Mayra, instilled in him and his older brother, Jorge, the responsibility of giving back and the duty to serve others - especially to those suffering from poverty, homelessness, and addictions.\" \/>\n<meta name=\"robots\" content=\"index, follow, max-snippet:-1, max-image-preview:large, max-video-preview:-1\" \/>\n<link rel=\"canonical\" href=\"https:\/\/www.miamibeachfl.gov\/de\/staff\/commissioner-alex-fernandez\/\" \/>\n<meta property=\"og:locale\" content=\"de_DE\" \/>\n<meta property=\"og:type\" content=\"article\" \/>\n<meta property=\"og:title\" content=\"Alex J. Fernandez Group 3\" \/>\n<meta property=\"og:description\" content=\"Alex J. Fernandez is a first-generation American born to Cuban exiles who came to the United States seeking a better life and freedom from oppression. Since an early age his parents, Jose and Mayra, instilled in him and his older brother, Jorge, the responsibility of giving back and the duty to serve others - especially to those suffering from poverty, homelessness, and addictions.\" \/>\n<meta property=\"og:url\" content=\"https:\/\/www.miamibeachfl.gov\/de\/staff\/commissioner-alex-fernandez\/\" \/>\n<meta property=\"og:site_name\" content=\"City of Miami Beach\" \/>\n<meta property=\"article:publisher\" content=\"https:\/\/www.facebook.com\/cityofmiamibeach\" \/>\n<meta property=\"article:modified_time\" content=\"2025-07-07T17:51:15+00:00\" \/>\n<meta property=\"og:image\" content=\"https:\/\/www.miamibeachfl.gov\/wp-content\/uploads\/2023\/07\/AlexFernandez.png\" \/>\n\t<meta property=\"og:image:width\" content=\"249\" \/>\n\t<meta property=\"og:image:height\" content=\"250\" \/>\n\t<meta property=\"og:image:type\" content=\"image\/png\" \/>\n<meta name=\"twitter:card\" content=\"summary_large_image\" \/>\n<meta name=\"twitter:site\" content=\"@Miamibeachnews\" \/>\n<script type=\"application\/ld+json\" class=\"yoast-schema-graph\">{\"@context\":\"https:\\\/\\\/schema.org\",\"@graph\":[{\"@type\":\"WebPage\",\"@id\":\"https:\\\/\\\/www.miamibeachfl.gov\\\/staff\\\/commissioner-alex-fernandez\\\/\",\"url\":\"https:\\\/\\\/www.miamibeachfl.gov\\\/staff\\\/commissioner-alex-fernandez\\\/\",\"name\":\"Alex J. Fernandez Group 3 - City of Miami Beach\",\"isPartOf\":{\"@id\":\"https:\\\/\\\/www.miamibeachfl.gov\\\/#website\"},\"primaryImageOfPage\":{\"@id\":\"https:\\\/\\\/www.miamibeachfl.gov\\\/staff\\\/commissioner-alex-fernandez\\\/#primaryimage\"},\"image\":{\"@id\":\"https:\\\/\\\/www.miamibeachfl.gov\\\/staff\\\/commissioner-alex-fernandez\\\/#primaryimage\"},\"thumbnailUrl\":\"https:\\\/\\\/www.miamibeachfl.gov\\\/wp-content\\\/uploads\\\/2023\\\/07\\\/AlexFernandez.png\",\"datePublished\":\"2023-07-19T14:32:10+00:00\",\"dateModified\":\"2025-07-07T17:51:15+00:00\",\"description\":\"Alex J. Fernandez is a first-generation American born to Cuban exiles who came to the United States seeking a better life and freedom from oppression. Since an early age his parents, Jose and Mayra, instilled in him and his older brother, Jorge, the responsibility of giving back and the duty to serve others - especially to those suffering from poverty, homelessness, and addictions.\",\"breadcrumb\":{\"@id\":\"https:\\\/\\\/www.miamibeachfl.gov\\\/staff\\\/commissioner-alex-fernandez\\\/#breadcrumb\"},\"inLanguage\":\"de\",\"potentialAction\":[{\"@type\":\"ReadAction\",\"target\":[\"https:\\\/\\\/www.miamibeachfl.gov\\\/staff\\\/commissioner-alex-fernandez\\\/\"]}]},{\"@type\":\"ImageObject\",\"inLanguage\":\"de\",\"@id\":\"https:\\\/\\\/www.miamibeachfl.gov\\\/staff\\\/commissioner-alex-fernandez\\\/#primaryimage\",\"url\":\"https:\\\/\\\/www.miamibeachfl.gov\\\/wp-content\\\/uploads\\\/2023\\\/07\\\/AlexFernandez.png\",\"contentUrl\":\"https:\\\/\\\/www.miamibeachfl.gov\\\/wp-content\\\/uploads\\\/2023\\\/07\\\/AlexFernandez.png\",\"width\":249,\"height\":250,\"caption\":\"Commissioner Alex Fernandez\"},{\"@type\":\"BreadcrumbList\",\"@id\":\"https:\\\/\\\/www.miamibeachfl.gov\\\/staff\\\/commissioner-alex-fernandez\\\/#breadcrumb\",\"itemListElement\":[{\"@type\":\"ListItem\",\"position\":1,\"name\":\"Home\",\"item\":\"https:\\\/\\\/www.miamibeachfl.gov\\\/\"},{\"@type\":\"ListItem\",\"position\":2,\"name\":\"Staff\",\"item\":\"https:\\\/\\\/www.miamibeachfl.gov\\\/staff\\\/\"},{\"@type\":\"ListItem\",\"position\":3,\"name\":\"Alex J. Fernandez Group 3\"}]},{\"@type\":\"WebSite\",\"@id\":\"https:\\\/\\\/www.miamibeachfl.gov\\\/#website\",\"url\":\"https:\\\/\\\/www.miamibeachfl.gov\\\/\",\"name\":\"City of Miami Beach\",\"description\":\"The official website of the City of Miami Beach. Stay informed, find important information on city services, news, alerts, events, trolley routes, government employment and more.\",\"publisher\":{\"@id\":\"https:\\\/\\\/www.miamibeachfl.gov\\\/#organization\"},\"potentialAction\":[{\"@type\":\"SearchAction\",\"target\":{\"@type\":\"EntryPoint\",\"urlTemplate\":\"https:\\\/\\\/www.miamibeachfl.gov\\\/?s={search_term_string}\"},\"query-input\":{\"@type\":\"PropertyValueSpecification\",\"valueRequired\":true,\"valueName\":\"search_term_string\"}}],\"inLanguage\":\"de\"},{\"@type\":\"Organization\",\"@id\":\"https:\\\/\\\/www.miamibeachfl.gov\\\/#organization\",\"name\":\"City of Miami Beach\",\"url\":\"https:\\\/\\\/www.miamibeachfl.gov\\\/\",\"logo\":{\"@type\":\"ImageObject\",\"inLanguage\":\"de\",\"@id\":\"https:\\\/\\\/www.miamibeachfl.gov\\\/#\\\/schema\\\/logo\\\/image\\\/\",\"url\":\"https:\\\/\\\/www.miamibeachfl.gov\\\/wp-content\\\/uploads\\\/2022\\\/06\\\/miamibeach-logoblue.png\",\"contentUrl\":\"https:\\\/\\\/www.miamibeachfl.gov\\\/wp-content\\\/uploads\\\/2022\\\/06\\\/miamibeach-logoblue.png\",\"width\":1962,\"height\":381,\"caption\":\"City of Miami Beach\"},\"image\":{\"@id\":\"https:\\\/\\\/www.miamibeachfl.gov\\\/#\\\/schema\\\/logo\\\/image\\\/\"},\"sameAs\":[\"https:\\\/\\\/www.facebook.com\\\/cityofmiamibeach\",\"https:\\\/\\\/x.com\\\/Miamibeachnews\",\"https:\\\/\\\/www.instagram.com\\\/miamibeachnews\\\/\"],\"description\":\"The official website of the City of Miami Beach. Stay informed, find important information on city services, news, alerts, events, trolley routes, government employment and more.\",\"telephone\":\"305.604.CITY(2489)\",\"legalName\":\"City of Miami Beach\"}]}<\/script>\n<!-- \/ Yoast SEO Premium plugin. -->","yoast_head_json":{"title":"Alex J. Fernandez Gruppe 3 - Stadt Miami Beach","description":"Alex J. Fernandez ist ein Amerikaner der ersten Generation und stammte aus dem kubanischen Exil. Diese kamen in die USA, um ein besseres Leben und Freiheit von Unterdr\u00fcckung zu suchen. Schon fr\u00fch vermittelten seine Eltern, Jose und Mayra, ihm und seinem \u00e4lteren Bruder Jorge die Verantwortung, etwas zur\u00fcckzugeben und anderen zu helfen \u2013 insbesondere denen, die unter Armut, Obdachlosigkeit und Sucht leiden.","robots":{"index":"index","follow":"follow","max-snippet":"max-snippet:-1","max-image-preview":"max-image-preview:large","max-video-preview":"max-video-preview:-1"},"canonical":"https:\/\/www.miamibeachfl.gov\/de\/staff\/commissioner-alex-fernandez\/","og_locale":"de_DE","og_type":"article","og_title":"Alex J. Fernandez Group 3","og_description":"Alex J. Fernandez is a first-generation American born to Cuban exiles who came to the United States seeking a better life and freedom from oppression. Since an early age his parents, Jose and Mayra, instilled in him and his older brother, Jorge, the responsibility of giving back and the duty to serve others - especially to those suffering from poverty, homelessness, and addictions.","og_url":"https:\/\/www.miamibeachfl.gov\/de\/staff\/commissioner-alex-fernandez\/","og_site_name":"City of Miami Beach","article_publisher":"https:\/\/www.facebook.com\/cityofmiamibeach","article_modified_time":"2025-07-07T17:51:15+00:00","og_image":[{"width":249,"height":250,"url":"https:\/\/www.miamibeachfl.gov\/wp-content\/uploads\/2023\/07\/AlexFernandez.png","type":"image\/png"}],"twitter_card":"summary_large_image","twitter_site":"@Miamibeachnews","schema":{"@context":"https:\/\/schema.org","@graph":[{"@type":"WebPage","@id":"https:\/\/www.miamibeachfl.gov\/staff\/commissioner-alex-fernandez\/","url":"https:\/\/www.miamibeachfl.gov\/staff\/commissioner-alex-fernandez\/","name":"Alex J. Fernandez Gruppe 3 - Stadt Miami Beach","isPartOf":{"@id":"https:\/\/www.miamibeachfl.gov\/#website"},"primaryImageOfPage":{"@id":"https:\/\/www.miamibeachfl.gov\/staff\/commissioner-alex-fernandez\/#primaryimage"},"image":{"@id":"https:\/\/www.miamibeachfl.gov\/staff\/commissioner-alex-fernandez\/#primaryimage"},"thumbnailUrl":"https:\/\/www.miamibeachfl.gov\/wp-content\/uploads\/2023\/07\/AlexFernandez.png","datePublished":"2023-07-19T14:32:10+00:00","dateModified":"2025-07-07T17:51:15+00:00","description":"Alex J. Fernandez ist ein Amerikaner der ersten Generation und stammte aus dem kubanischen Exil. Diese kamen in die USA, um ein besseres Leben und Freiheit von Unterdr\u00fcckung zu suchen. Schon fr\u00fch vermittelten seine Eltern, Jose und Mayra, ihm und seinem \u00e4lteren Bruder Jorge die Verantwortung, etwas zur\u00fcckzugeben und anderen zu helfen \u2013 insbesondere denen, die unter Armut, Obdachlosigkeit und Sucht leiden.","breadcrumb":{"@id":"https:\/\/www.miamibeachfl.gov\/staff\/commissioner-alex-fernandez\/#breadcrumb"},"inLanguage":"de","potentialAction":[{"@type":"ReadAction","target":["https:\/\/www.miamibeachfl.gov\/staff\/commissioner-alex-fernandez\/"]}]},{"@type":"ImageObject","inLanguage":"de","@id":"https:\/\/www.miamibeachfl.gov\/staff\/commissioner-alex-fernandez\/#primaryimage","url":"https:\/\/www.miamibeachfl.gov\/wp-content\/uploads\/2023\/07\/AlexFernandez.png","contentUrl":"https:\/\/www.miamibeachfl.gov\/wp-content\/uploads\/2023\/07\/AlexFernandez.png","width":249,"height":250,"caption":"Commissioner Alex Fernandez"},{"@type":"BreadcrumbList","@id":"https:\/\/www.miamibeachfl.gov\/staff\/commissioner-alex-fernandez\/#breadcrumb","itemListElement":[{"@type":"ListItem","position":1,"name":"Home","item":"https:\/\/www.miamibeachfl.gov\/"},{"@type":"ListItem","position":2,"name":"Staff","item":"https:\/\/www.miamibeachfl.gov\/staff\/"},{"@type":"ListItem","position":3,"name":"Alex J. Fernandez Group 3"}]},{"@type":"WebSite","@id":"https:\/\/www.miamibeachfl.gov\/#website","url":"https:\/\/www.miamibeachfl.gov\/","name":"Stadt Miami Beach","description":"Die offizielle Website der Stadt Miami Beach. Bleiben Sie informiert und finden Sie wichtige Informationen zu st\u00e4dtischen Dienstleistungen, Neuigkeiten, Warnungen, Veranstaltungen, Stra\u00dfenbahnlinien, Stellenangeboten im \u00f6ffentlichen Dienst und mehr.","publisher":{"@id":"https:\/\/www.miamibeachfl.gov\/#organization"},"potentialAction":[{"@type":"SearchAction","target":{"@type":"EntryPoint","urlTemplate":"https:\/\/www.miamibeachfl.gov\/?s={search_term_string}"},"query-input":{"@type":"PropertyValueSpecification","valueRequired":true,"valueName":"search_term_string"}}],"inLanguage":"de"},{"@type":"Organization","@id":"https:\/\/www.miamibeachfl.gov\/#organization","name":"Stadt Miami Beach","url":"https:\/\/www.miamibeachfl.gov\/","logo":{"@type":"ImageObject","inLanguage":"de","@id":"https:\/\/www.miamibeachfl.gov\/#\/schema\/logo\/image\/","url":"https:\/\/www.miamibeachfl.gov\/wp-content\/uploads\/2022\/06\/miamibeach-logoblue.png","contentUrl":"https:\/\/www.miamibeachfl.gov\/wp-content\/uploads\/2022\/06\/miamibeach-logoblue.png","width":1962,"height":381,"caption":"City of Miami Beach"},"image":{"@id":"https:\/\/www.miamibeachfl.gov\/#\/schema\/logo\/image\/"},"sameAs":["https:\/\/www.facebook.com\/cityofmiamibeach","https:\/\/x.com\/Miamibeachnews","https:\/\/www.instagram.com\/miamibeachnews\/"],"description":"Die offizielle Website der Stadt Miami Beach. Bleiben Sie informiert und finden Sie wichtige Informationen zu st\u00e4dtischen Dienstleistungen, Neuigkeiten, Warnungen, Veranstaltungen, Stra\u00dfenbahnlinien, Stellenangeboten im \u00f6ffentlichen Dienst und mehr.","telephone":"305.604.CITY(2489)","legalName":"City of Miami Beach"}]}},"_links":{"self":[{"href":"https:\/\/www.miamibeachfl.gov\/de\/wp-json\/wp\/v2\/pages\/265348","targetHints":{"allow":["GET"]}}],"collection":[{"href":"https:\/\/www.miamibeachfl.gov\/de\/wp-json\/wp\/v2\/pages"}],"about":[{"href":"https:\/\/www.miamibeachfl.gov\/de\/wp-json\/wp\/v2\/types\/page"}],"author":[{"embeddable":true,"href":"https:\/\/www.miamibeachfl.gov\/de\/wp-json\/wp\/v2\/users\/222"}],"replies":[{"embeddable":true,"href":"https:\/\/www.miamibeachfl.gov\/de\/wp-json\/wp\/v2\/comments?post=265348"}],"version-history":[{"count":1,"href":"https:\/\/www.miamibeachfl.gov\/de\/wp-json\/wp\/v2\/pages\/265348\/revisions"}],"predecessor-version":[{"id":386036,"href":"https:\/\/www.miamibeachfl.gov\/de\/wp-json\/wp\/v2\/pages\/265348\/revisions\/386036"}],"up":[{"embeddable":true,"href":"https:\/\/www.miamibeachfl.gov\/de\/wp-json\/wp\/v2\/pages\/261112"}],"wp:featuredmedia":[{"embeddable":true,"href":"https:\/\/www.miamibeachfl.gov\/de\/wp-json\/wp\/v2\/media\/265351"}],"wp:attachment":[{"href":"https:\/\/www.miamibeachfl.gov\/de\/wp-json\/wp\/v2\/media?parent=265348"}],"wp:term":[{"taxonomy":"category","embeddable":true,"href":"https:\/\/www.miamibeachfl.gov\/de\/wp-json\/wp\/v2\/categories?post=265348"},{"taxonomy":"post_tag","embeddable":true,"href":"https:\/\/www.miamibeachfl.gov\/de\/wp-json\/wp\/v2\/tags?post=265348"}],"curies":[{"name":"wp","href":"https:\/\/api.w.org\/{rel}","templated":true}]}}