{"id":265366,"date":"2023-07-19T10:44:12","date_gmt":"2023-07-19T14:44:12","guid":{"rendered":"https:\/\/www.miamibeachfl.gov\/?page_id=265366"},"modified":"2025-07-07T13:51:18","modified_gmt":"2025-07-07T17:51:18","slug":"commissioner-david-suarez","status":"publish","type":"page","link":"https:\/\/www.miamibeachfl.gov\/de\/staff\/commissioner-david-suarez\/","title":{"rendered":"David Suarez <br>Gruppe 5"},"content":{"rendered":"<p>B\u00fcrgermeister &amp; Kommission<\/p>\r\n<ul id=\"menu-mayor-and-commission\">\r\n<li id=\"menu-item-281527\"><a href=\"https:\/\/www.miamibeachfl.gov\/de\/city-hall\/elected-officials\/\">B\u00fcrgermeister &amp; Kommission Startseite<\/a><\/li>\r\n<li id=\"menu-item-281526\"><a href=\"https:\/\/www.miamibeachfl.gov\/de\/city-hall\/city-clerk\/meeting-notices\/\">Kommissionssitzungen<\/a><\/li>\r\n<li id=\"menu-item-281528\"><a href=\"https:\/\/www.miamibeachfl.gov\/de\/city-hall\/city-clerk\/boards-and-committees\/\">Gremien und Aussch\u00fcsse<\/a><\/li>\r\n<li id=\"menu-item-281529\"><a href=\"https:\/\/www.miamibeachfl.gov\/de\/city-hall\/city-clerk\/election-information\/\">Wahlinformationen<\/a><\/li>\r\n<\/ul>\r\n<p>B\u00fcrgermeister &amp; Kommission \u00d7<\/p>\r\n<ul id=\"menu-mayor-and-commission-1\">\r\n<li id=\"menu-item-281527\"><a href=\"https:\/\/www.miamibeachfl.gov\/de\/city-hall\/elected-officials\/\">B\u00fcrgermeister &amp; Kommission Startseite<\/a><\/li>\r\n<li id=\"menu-item-281526\"><a href=\"https:\/\/www.miamibeachfl.gov\/de\/city-hall\/city-clerk\/meeting-notices\/\">Kommissionssitzungen<\/a><\/li>\r\n<li id=\"menu-item-281528\"><a href=\"https:\/\/www.miamibeachfl.gov\/de\/city-hall\/city-clerk\/boards-and-committees\/\">Gremien und Aussch\u00fcsse<\/a><\/li>\r\n<li id=\"menu-item-281529\"><a href=\"https:\/\/www.miamibeachfl.gov\/de\/city-hall\/city-clerk\/election-information\/\">Wahlinformationen<\/a><\/li>\r\n<\/ul>\r\n<p><img decoding=\"async\" title=\"David Suarez\" src=\"https:\/\/www.miamibeachfl.gov\/wp-content\/uploads\/bb-plugin\/cache\/DavidSuarez-circle.png\" alt=\"Commissioner David Suarez\" \/><\/p>\r\n<h1>David Suarez<\/h1>\r\n<h2>Kommissar<\/h2>\r\n<ul>\r\n<li>\r\n<h3>DavidSuarez@miamibeachfl.gov<\/h3>\r\n<\/li>\r\n<li>\r\n<h3>305.673.7107<\/h3>\r\n<\/li>\r\n<\/ul>\r\n<ul>\r\n<li>\r\n<h3>Gruppe 5<\/h3>\r\n<\/li>\r\n<\/ul>\r\n<p>David Suarez, der am 7. November 2023 zum Miami Beach Commissioner f\u00fcr die Gruppe 5 gew\u00e4hlt wurde, ist eine dynamische Pers\u00f6nlichkeit sowohl in der Gemeinde als auch in der Wirtschaft. Er stammt aus S\u00fcdflorida und hat kubanische und israelische Wurzeln.<\/p>\r\n<p>David ist ein engagierter Gemeindeaktivist und Kleinunternehmer in Miami Beach. Derzeit ist er Marketingdirektor eines Hautpflegeunternehmens. Seit 2021 ist er Mitglied des Vorstands der Miami Beach Visitor and Convention Authority.<\/p>\r\n<p>Als Aktivist in der Gemeinde hat David einen bleibenden Eindruck hinterlassen. Er setzte sich erfolgreich f\u00fcr ein Gesetz ein, das Kurzzeitvermietungen in seinem Viertel verbietet und so dessen Wohncharakter bewahrt. Dar\u00fcber hinaus schloss er eine 70 Jahre alte Gesetzesl\u00fccke und verhinderte, dass Parkservice-Anbieter Behindertenausweise missbrauchten und in Wohngebieten der ganzen Stadt parkten.<\/p>\r\n<p>Familie ist Davids zentrale Werte. Die Erziehung seiner beiden S\u00f6hne mit seiner Frau in Miami Beach erinnert ihn t\u00e4glich daran, wie wichtig ihm die Verbesserung des Lebensstandards in der Stadt ist. Dieses Engagement f\u00fcr Familie und Gemeinschaft war eine treibende Kraft hinter seiner Entscheidung, f\u00fcr ein \u00f6ffentliches Amt zu kandidieren.<\/p>\r\n<p>In seiner Rolle als Kommissar wird David Suarez seinen vielf\u00e4ltigen Hintergrund, seinen Gesch\u00e4ftssinn und sein Engagement f\u00fcr die Gemeinde nutzen, um weiterhin die Interessen von Miami Beach und seinen Einwohnern zu vertreten. Er wurde mit dem Versprechen eines positiven Wandels gew\u00e4hlt und setzt sich f\u00fcr eine lebendige und nachhaltige Zukunft der Stadt ein.<\/p>","protected":false},"excerpt":{"rendered":"<p>Mayor &amp; Commission Mayor &amp; Commission Home Commission Meetings Boards &amp; Committees Election Information Mayor &amp; Commission \u00d7 Mayor &amp; [&hellip;]<\/p>\n","protected":false},"author":222,"featured_media":281058,"parent":261112,"menu_order":37,"comment_status":"closed","ping_status":"closed","template":"","meta":{"_searchwp_excluded":"","site-sidebar-layout":"default","site-content-layout":"","ast-site-content-layout":"default","site-content-style":"default","site-sidebar-style":"default","ast-global-header-display":"","ast-banner-title-visibility":"","ast-main-header-display":"","ast-hfb-above-header-display":"","ast-hfb-below-header-display":"","ast-hfb-mobile-header-display":"","site-post-title":"","ast-breadcrumbs-content":"","ast-featured-img":"","footer-sml-layout":"","theme-transparent-header-meta":"","adv-header-id-meta":"","stick-header-meta":"","header-above-stick-meta":"","header-main-stick-meta":"","header-below-stick-meta":"","astra-migrate-meta-layouts":"default","ast-page-background-enabled":"default","ast-page-background-meta":{"desktop":{"background-color":"var(--ast-global-color-5)","background-image":"","background-repeat":"repeat","background-position":"center center","background-size":"auto","background-attachment":"scroll","background-type":"","background-media":"","overlay-type":"","overlay-color":"","overlay-opacity":"","overlay-gradient":""},"tablet":{"background-color":"","background-image":"","background-repeat":"repeat","background-position":"center center","background-size":"auto","background-attachment":"scroll","background-type":"","background-media":"","overlay-type":"","overlay-color":"","overlay-opacity":"","overlay-gradient":""},"mobile":{"background-color":"","background-image":"","background-repeat":"repeat","background-position":"center center","background-size":"auto","background-attachment":"scroll","background-type":"","background-media":"","overlay-type":"","overlay-color":"","overlay-opacity":"","overlay-gradient":""}},"ast-content-background-meta":{"desktop":{"background-color":"var(--ast-global-color-4)","background-image":"","background-repeat":"repeat","background-position":"center center","background-size":"auto","background-attachment":"scroll","background-type":"","background-media":"","overlay-type":"","overlay-color":"","overlay-opacity":"","overlay-gradient":""},"tablet":{"background-color":"var(--ast-global-color-4)","background-image":"","background-repeat":"repeat","background-position":"center center","background-size":"auto","background-attachment":"scroll","background-type":"","background-media":"","overlay-type":"","overlay-color":"","overlay-opacity":"","overlay-gradient":""},"mobile":{"background-color":"var(--ast-global-color-4)","background-image":"","background-repeat":"repeat","background-position":"center center","background-size":"auto","background-attachment":"scroll","background-type":"","background-media":"","overlay-type":"","overlay-color":"","overlay-opacity":"","overlay-gradient":""}},"footnotes":""},"categories":[],"tags":[1126,983,960],"class_list":["post-265366","page","type-page","status-publish","has-post-thumbnail","hentry","tag-david-suarez","tag-mayor-office-team","tag-staff"],"yoast_head":"<!-- This site is optimized with the Yoast SEO Premium plugin v27.4 (Yoast SEO v27.4) - https:\/\/yoast.com\/product\/yoast-seo-premium-wordpress\/ -->\n<title>David Suarez Group 5 - City of Miami Beach<\/title>\n<meta name=\"description\" content=\"David Suarez, recently elected as Miami Beach Commissioner for Group 5 on November 7, 2023, is a dynamic figure in both the community and business spheres. He i s is a proud native of South Florida, with Cuban and Israeli roots.\" \/>\n<meta name=\"robots\" content=\"index, follow, max-snippet:-1, max-image-preview:large, max-video-preview:-1\" \/>\n<link rel=\"canonical\" href=\"https:\/\/www.miamibeachfl.gov\/de\/staff\/commissioner-david-suarez\/\" \/>\n<meta property=\"og:locale\" content=\"de_DE\" \/>\n<meta property=\"og:type\" content=\"article\" \/>\n<meta property=\"og:title\" content=\"David Suarez Group 5\" \/>\n<meta property=\"og:description\" content=\"David Suarez, recently elected as Miami Beach Commissioner for Group 5 on November 7, 2023, is a dynamic figure in both the community and business spheres. He i s is a proud native of South Florida, with Cuban and Israeli roots.\" \/>\n<meta property=\"og:url\" content=\"https:\/\/www.miamibeachfl.gov\/de\/staff\/commissioner-david-suarez\/\" \/>\n<meta property=\"og:site_name\" content=\"City of Miami Beach\" \/>\n<meta property=\"article:publisher\" content=\"https:\/\/www.facebook.com\/cityofmiamibeach\" \/>\n<meta property=\"article:modified_time\" content=\"2025-07-07T17:51:18+00:00\" \/>\n<meta property=\"og:image\" content=\"https:\/\/www.miamibeachfl.gov\/wp-content\/uploads\/2023\/07\/DavidSuarez.png\" \/>\n\t<meta property=\"og:image:width\" content=\"250\" \/>\n\t<meta property=\"og:image:height\" content=\"250\" \/>\n\t<meta property=\"og:image:type\" content=\"image\/png\" \/>\n<meta name=\"twitter:card\" content=\"summary_large_image\" \/>\n<meta name=\"twitter:site\" content=\"@Miamibeachnews\" \/>\n<script type=\"application\/ld+json\" class=\"yoast-schema-graph\">{\"@context\":\"https:\\\/\\\/schema.org\",\"@graph\":[{\"@type\":\"WebPage\",\"@id\":\"https:\\\/\\\/www.miamibeachfl.gov\\\/staff\\\/commissioner-david-suarez\\\/\",\"url\":\"https:\\\/\\\/www.miamibeachfl.gov\\\/staff\\\/commissioner-david-suarez\\\/\",\"name\":\"David Suarez Group 5 - City of Miami Beach\",\"isPartOf\":{\"@id\":\"https:\\\/\\\/www.miamibeachfl.gov\\\/#website\"},\"primaryImageOfPage\":{\"@id\":\"https:\\\/\\\/www.miamibeachfl.gov\\\/staff\\\/commissioner-david-suarez\\\/#primaryimage\"},\"image\":{\"@id\":\"https:\\\/\\\/www.miamibeachfl.gov\\\/staff\\\/commissioner-david-suarez\\\/#primaryimage\"},\"thumbnailUrl\":\"https:\\\/\\\/www.miamibeachfl.gov\\\/wp-content\\\/uploads\\\/2023\\\/07\\\/DavidSuarez.png\",\"datePublished\":\"2023-07-19T14:44:12+00:00\",\"dateModified\":\"2025-07-07T17:51:18+00:00\",\"description\":\"David Suarez, recently elected as Miami Beach Commissioner for Group 5 on November 7, 2023, is a dynamic figure in both the community and business spheres. He i s is a proud native of South Florida, with Cuban and Israeli roots.\",\"breadcrumb\":{\"@id\":\"https:\\\/\\\/www.miamibeachfl.gov\\\/staff\\\/commissioner-david-suarez\\\/#breadcrumb\"},\"inLanguage\":\"de\",\"potentialAction\":[{\"@type\":\"ReadAction\",\"target\":[\"https:\\\/\\\/www.miamibeachfl.gov\\\/staff\\\/commissioner-david-suarez\\\/\"]}]},{\"@type\":\"ImageObject\",\"inLanguage\":\"de\",\"@id\":\"https:\\\/\\\/www.miamibeachfl.gov\\\/staff\\\/commissioner-david-suarez\\\/#primaryimage\",\"url\":\"https:\\\/\\\/www.miamibeachfl.gov\\\/wp-content\\\/uploads\\\/2023\\\/07\\\/DavidSuarez.png\",\"contentUrl\":\"https:\\\/\\\/www.miamibeachfl.gov\\\/wp-content\\\/uploads\\\/2023\\\/07\\\/DavidSuarez.png\",\"width\":250,\"height\":250,\"caption\":\"Commissioner David Suarez\"},{\"@type\":\"BreadcrumbList\",\"@id\":\"https:\\\/\\\/www.miamibeachfl.gov\\\/staff\\\/commissioner-david-suarez\\\/#breadcrumb\",\"itemListElement\":[{\"@type\":\"ListItem\",\"position\":1,\"name\":\"Home\",\"item\":\"https:\\\/\\\/www.miamibeachfl.gov\\\/\"},{\"@type\":\"ListItem\",\"position\":2,\"name\":\"Staff\",\"item\":\"https:\\\/\\\/www.miamibeachfl.gov\\\/staff\\\/\"},{\"@type\":\"ListItem\",\"position\":3,\"name\":\"David Suarez Group 5\"}]},{\"@type\":\"WebSite\",\"@id\":\"https:\\\/\\\/www.miamibeachfl.gov\\\/#website\",\"url\":\"https:\\\/\\\/www.miamibeachfl.gov\\\/\",\"name\":\"City of Miami Beach\",\"description\":\"The official website of the City of Miami Beach. Stay informed, find important information on city services, news, alerts, events, trolley routes, government employment and more.\",\"publisher\":{\"@id\":\"https:\\\/\\\/www.miamibeachfl.gov\\\/#organization\"},\"potentialAction\":[{\"@type\":\"SearchAction\",\"target\":{\"@type\":\"EntryPoint\",\"urlTemplate\":\"https:\\\/\\\/www.miamibeachfl.gov\\\/?s={search_term_string}\"},\"query-input\":{\"@type\":\"PropertyValueSpecification\",\"valueRequired\":true,\"valueName\":\"search_term_string\"}}],\"inLanguage\":\"de\"},{\"@type\":\"Organization\",\"@id\":\"https:\\\/\\\/www.miamibeachfl.gov\\\/#organization\",\"name\":\"City of Miami Beach\",\"url\":\"https:\\\/\\\/www.miamibeachfl.gov\\\/\",\"logo\":{\"@type\":\"ImageObject\",\"inLanguage\":\"de\",\"@id\":\"https:\\\/\\\/www.miamibeachfl.gov\\\/#\\\/schema\\\/logo\\\/image\\\/\",\"url\":\"https:\\\/\\\/www.miamibeachfl.gov\\\/wp-content\\\/uploads\\\/2022\\\/06\\\/miamibeach-logoblue.png\",\"contentUrl\":\"https:\\\/\\\/www.miamibeachfl.gov\\\/wp-content\\\/uploads\\\/2022\\\/06\\\/miamibeach-logoblue.png\",\"width\":1962,\"height\":381,\"caption\":\"City of Miami Beach\"},\"image\":{\"@id\":\"https:\\\/\\\/www.miamibeachfl.gov\\\/#\\\/schema\\\/logo\\\/image\\\/\"},\"sameAs\":[\"https:\\\/\\\/www.facebook.com\\\/cityofmiamibeach\",\"https:\\\/\\\/x.com\\\/Miamibeachnews\",\"https:\\\/\\\/www.instagram.com\\\/miamibeachnews\\\/\"],\"description\":\"The official website of the City of Miami Beach. Stay informed, find important information on city services, news, alerts, events, trolley routes, government employment and more.\",\"telephone\":\"305.604.CITY(2489)\",\"legalName\":\"City of Miami Beach\"}]}<\/script>\n<!-- \/ Yoast SEO Premium plugin. -->","yoast_head_json":{"title":"David Suarez Gruppe 5 - Stadt Miami Beach","description":"David Suarez, der am 7. November 2023 zum Miami Beach Commissioner f\u00fcr die Gruppe 5 gew\u00e4hlt wurde, ist eine dynamische Pers\u00f6nlichkeit sowohl in der Gemeinde als auch in der Wirtschaft. Er stammt aus S\u00fcdflorida und hat kubanische und israelische Wurzeln.","robots":{"index":"index","follow":"follow","max-snippet":"max-snippet:-1","max-image-preview":"max-image-preview:large","max-video-preview":"max-video-preview:-1"},"canonical":"https:\/\/www.miamibeachfl.gov\/de\/staff\/commissioner-david-suarez\/","og_locale":"de_DE","og_type":"article","og_title":"David Suarez Group 5","og_description":"David Suarez, recently elected as Miami Beach Commissioner for Group 5 on November 7, 2023, is a dynamic figure in both the community and business spheres. He i s is a proud native of South Florida, with Cuban and Israeli roots.","og_url":"https:\/\/www.miamibeachfl.gov\/de\/staff\/commissioner-david-suarez\/","og_site_name":"City of Miami Beach","article_publisher":"https:\/\/www.facebook.com\/cityofmiamibeach","article_modified_time":"2025-07-07T17:51:18+00:00","og_image":[{"width":250,"height":250,"url":"https:\/\/www.miamibeachfl.gov\/wp-content\/uploads\/2023\/07\/DavidSuarez.png","type":"image\/png"}],"twitter_card":"summary_large_image","twitter_site":"@Miamibeachnews","schema":{"@context":"https:\/\/schema.org","@graph":[{"@type":"WebPage","@id":"https:\/\/www.miamibeachfl.gov\/staff\/commissioner-david-suarez\/","url":"https:\/\/www.miamibeachfl.gov\/staff\/commissioner-david-suarez\/","name":"David Suarez Gruppe 5 - Stadt Miami Beach","isPartOf":{"@id":"https:\/\/www.miamibeachfl.gov\/#website"},"primaryImageOfPage":{"@id":"https:\/\/www.miamibeachfl.gov\/staff\/commissioner-david-suarez\/#primaryimage"},"image":{"@id":"https:\/\/www.miamibeachfl.gov\/staff\/commissioner-david-suarez\/#primaryimage"},"thumbnailUrl":"https:\/\/www.miamibeachfl.gov\/wp-content\/uploads\/2023\/07\/DavidSuarez.png","datePublished":"2023-07-19T14:44:12+00:00","dateModified":"2025-07-07T17:51:18+00:00","description":"David Suarez, der am 7. November 2023 zum Miami Beach Commissioner f\u00fcr die Gruppe 5 gew\u00e4hlt wurde, ist eine dynamische Pers\u00f6nlichkeit sowohl in der Gemeinde als auch in der Wirtschaft. Er stammt aus S\u00fcdflorida und hat kubanische und israelische Wurzeln.","breadcrumb":{"@id":"https:\/\/www.miamibeachfl.gov\/staff\/commissioner-david-suarez\/#breadcrumb"},"inLanguage":"de","potentialAction":[{"@type":"ReadAction","target":["https:\/\/www.miamibeachfl.gov\/staff\/commissioner-david-suarez\/"]}]},{"@type":"ImageObject","inLanguage":"de","@id":"https:\/\/www.miamibeachfl.gov\/staff\/commissioner-david-suarez\/#primaryimage","url":"https:\/\/www.miamibeachfl.gov\/wp-content\/uploads\/2023\/07\/DavidSuarez.png","contentUrl":"https:\/\/www.miamibeachfl.gov\/wp-content\/uploads\/2023\/07\/DavidSuarez.png","width":250,"height":250,"caption":"Commissioner David Suarez"},{"@type":"BreadcrumbList","@id":"https:\/\/www.miamibeachfl.gov\/staff\/commissioner-david-suarez\/#breadcrumb","itemListElement":[{"@type":"ListItem","position":1,"name":"Home","item":"https:\/\/www.miamibeachfl.gov\/"},{"@type":"ListItem","position":2,"name":"Staff","item":"https:\/\/www.miamibeachfl.gov\/staff\/"},{"@type":"ListItem","position":3,"name":"David Suarez Group 5"}]},{"@type":"WebSite","@id":"https:\/\/www.miamibeachfl.gov\/#website","url":"https:\/\/www.miamibeachfl.gov\/","name":"Stadt Miami Beach","description":"Die offizielle Website der Stadt Miami Beach. Bleiben Sie informiert und finden Sie wichtige Informationen zu st\u00e4dtischen Dienstleistungen, Neuigkeiten, Warnungen, Veranstaltungen, Stra\u00dfenbahnlinien, Stellenangeboten im \u00f6ffentlichen Dienst und mehr.","publisher":{"@id":"https:\/\/www.miamibeachfl.gov\/#organization"},"potentialAction":[{"@type":"SearchAction","target":{"@type":"EntryPoint","urlTemplate":"https:\/\/www.miamibeachfl.gov\/?s={search_term_string}"},"query-input":{"@type":"PropertyValueSpecification","valueRequired":true,"valueName":"search_term_string"}}],"inLanguage":"de"},{"@type":"Organization","@id":"https:\/\/www.miamibeachfl.gov\/#organization","name":"Stadt Miami Beach","url":"https:\/\/www.miamibeachfl.gov\/","logo":{"@type":"ImageObject","inLanguage":"de","@id":"https:\/\/www.miamibeachfl.gov\/#\/schema\/logo\/image\/","url":"https:\/\/www.miamibeachfl.gov\/wp-content\/uploads\/2022\/06\/miamibeach-logoblue.png","contentUrl":"https:\/\/www.miamibeachfl.gov\/wp-content\/uploads\/2022\/06\/miamibeach-logoblue.png","width":1962,"height":381,"caption":"City of Miami Beach"},"image":{"@id":"https:\/\/www.miamibeachfl.gov\/#\/schema\/logo\/image\/"},"sameAs":["https:\/\/www.facebook.com\/cityofmiamibeach","https:\/\/x.com\/Miamibeachnews","https:\/\/www.instagram.com\/miamibeachnews\/"],"description":"Die offizielle Website der Stadt Miami Beach. Bleiben Sie informiert und finden Sie wichtige Informationen zu st\u00e4dtischen Dienstleistungen, Neuigkeiten, Warnungen, Veranstaltungen, Stra\u00dfenbahnlinien, Stellenangeboten im \u00f6ffentlichen Dienst und mehr.","telephone":"305.604.CITY(2489)","legalName":"City of Miami Beach"}]}},"_links":{"self":[{"href":"https:\/\/www.miamibeachfl.gov\/de\/wp-json\/wp\/v2\/pages\/265366","targetHints":{"allow":["GET"]}}],"collection":[{"href":"https:\/\/www.miamibeachfl.gov\/de\/wp-json\/wp\/v2\/pages"}],"about":[{"href":"https:\/\/www.miamibeachfl.gov\/de\/wp-json\/wp\/v2\/types\/page"}],"author":[{"embeddable":true,"href":"https:\/\/www.miamibeachfl.gov\/de\/wp-json\/wp\/v2\/users\/222"}],"replies":[{"embeddable":true,"href":"https:\/\/www.miamibeachfl.gov\/de\/wp-json\/wp\/v2\/comments?post=265366"}],"version-history":[{"count":1,"href":"https:\/\/www.miamibeachfl.gov\/de\/wp-json\/wp\/v2\/pages\/265366\/revisions"}],"predecessor-version":[{"id":386038,"href":"https:\/\/www.miamibeachfl.gov\/de\/wp-json\/wp\/v2\/pages\/265366\/revisions\/386038"}],"up":[{"embeddable":true,"href":"https:\/\/www.miamibeachfl.gov\/de\/wp-json\/wp\/v2\/pages\/261112"}],"wp:featuredmedia":[{"embeddable":true,"href":"https:\/\/www.miamibeachfl.gov\/de\/wp-json\/wp\/v2\/media\/281058"}],"wp:attachment":[{"href":"https:\/\/www.miamibeachfl.gov\/de\/wp-json\/wp\/v2\/media?parent=265366"}],"wp:term":[{"taxonomy":"category","embeddable":true,"href":"https:\/\/www.miamibeachfl.gov\/de\/wp-json\/wp\/v2\/categories?post=265366"},{"taxonomy":"post_tag","embeddable":true,"href":"https:\/\/www.miamibeachfl.gov\/de\/wp-json\/wp\/v2\/tags?post=265366"}],"curies":[{"name":"wp","href":"https:\/\/api.w.org\/{rel}","templated":true}]}}