{"id":265422,"date":"2023-07-19T11:56:55","date_gmt":"2023-07-19T15:56:55","guid":{"rendered":"https:\/\/www.miamibeachfl.gov\/?page_id=265422"},"modified":"2025-06-07T16:29:08","modified_gmt":"2025-06-07T20:29:08","slug":"mayor-steven-meiner","status":"publish","type":"page","link":"https:\/\/www.miamibeachfl.gov\/de\/egovapp\/mayor-and-commissioners\/mayor-steven-meiner\/","title":{"rendered":"B\u00fcrgermeister Steven Meiner"},"content":{"rendered":"<p><a role=\"button\" href=\"https:\/\/www.miamibeachfl.gov\/de\/egovapp\/mayor-and-commissioners\/\" target=\"_self\" rel=\"noopener\"> Zur\u00fcck zu B\u00fcrgermeister und Kommission <\/a> <img decoding=\"async\" title=\"B\u00fcrgermeisterDanGelber\" src=\"https:\/\/www.miamibeachfl.gov\/wp-content\/uploads\/bb-plugin\/cache\/MayorDanGelber-circle.png\" alt=\"Mayor Dan Gelber\" \/><\/p>\r\n<h1>B\u00fcrgermeister Dan Gelber<\/h1>\r\n<ul>\r\n<li>\r\n<h3>DanGelber@miamibeachfl.gov<\/h3>\r\n<\/li>\r\n<li>\r\n<h3>305.673.7035<\/h3>\r\n<\/li>\r\n<li>\r\n<h3>1700 Convention Center Drive, Miami Beach, FL 33139<\/h3>\r\n<\/li>\r\n<li>\r\n<h3>Montag \u2013 Freitag | 9.00 \u2013 17.00 Uhr<\/h3>\r\n<\/li>\r\n<\/ul>\r\n<ul>\r\n<li>\r\n<h3>Assistent des B\u00fcrgermeisters:<\/h3>\r\n<p><strong>Danielle Mejia<\/strong><br \/>Stellvertretender Stabschef<\/p>\r\n<\/li>\r\n<li>\r\n<h3>daniellemejia@miamibeachfl.gov<\/h3>\r\n<\/li>\r\n<li>\r\n<h3>305.673.7035 Durchwahl 26292<\/h3>\r\n<\/li>\r\n<\/ul>\r\n<h2>Erstmals gew\u00e4hlt: 2017<\/h2>\r\n<p>Dan Gelber ist der 38. B\u00fcrgermeister von Miami Beach. Als US-Truman-Stipendiat w\u00e4hrend seines Studiums und seiner juristischen Ausbildung war er als hochdekorierter Bundesstaatsanwalt in S\u00fcdflorida t\u00e4tig. Anschlie\u00dfend wurde er von dem ehemaligen Senator Sam Nunn zum Leiter des renommierten St\u00e4ndigen Untersuchungsausschusses des US-Senats ernannt, wo er Untersuchungen zu Betrug, Verschwendung und Missbrauch in der Regierung sowie zur Terrorismusbek\u00e4mpfung leitete. Er kehrte nach S\u00fcdflorida zur\u00fcck und war zehn Jahre lang Abgeordneter im Repr\u00e4sentantenhaus und im Senat des Bundesstaates, wo er einstimmig zum Fraktionsvorsitzenden der Demokraten gew\u00e4hlt wurde. Dan Gelber ist als Anwalt in der Kanzlei Gelber Schachter Greenberg LLP t\u00e4tig und wird in [Liste der Anwaltsverzeichnisse einf\u00fcgen] gef\u00fchrt.\u00a0<em>Beste Anw\u00e4lte Amerikas<\/em>\u00a0und ist der einzige Anwalt in Florida, der in seinem T\u00e4tigkeitsbereich das Ranking \u201eEminent Practitioner\u201c erreicht hat.\u00a0<em>Chambers USA<\/em>.<\/p>\r\n<p>Dan ist mit der Bundesanw\u00e4ltin Joan Silverstein verheiratet. Die beiden haben drei erwachsene Kinder und zwei fast ausgebildete Hunde. Dan engagiert sich im Big Brothers-Programm und wurde mit dem\u00a0<a href=\"https:\/\/now.tufts.edu\/2015\/12\/17\/story-big-brother\">derselbe kleine Bruder seit Jahrzehnten<\/a>Dans Vater, Seymour, war der 33. B\u00fcrgermeister unserer Stadt; seine Mutter, Edith, eine beliebte \u00f6rtliche Lehrerin.<\/p>","protected":false},"excerpt":{"rendered":"<p>Back to Mayor and Commission Mayor Dan Gelber DanGelber@miamibeachfl.gov 305.673.7035 1700 Convention Center Drive, Miami Beach, FL 33139 Monday &#8211; [&hellip;]<\/p>\n","protected":false},"author":222,"featured_media":265315,"parent":265385,"menu_order":29,"comment_status":"closed","ping_status":"closed","template":"","meta":{"_searchwp_excluded":"1","site-sidebar-layout":"default","site-content-layout":"","ast-site-content-layout":"","site-content-style":"default","site-sidebar-style":"default","ast-global-header-display":"disabled","ast-banner-title-visibility":"","ast-main-header-display":"","ast-hfb-above-header-display":"","ast-hfb-below-header-display":"","ast-hfb-mobile-header-display":"","site-post-title":"","ast-breadcrumbs-content":"","ast-featured-img":"","footer-sml-layout":"disabled","ast-disable-related-posts":"","theme-transparent-header-meta":"","adv-header-id-meta":"","stick-header-meta":"","header-above-stick-meta":"","header-main-stick-meta":"","header-below-stick-meta":"","astra-migrate-meta-layouts":"default","ast-page-background-enabled":"default","ast-page-background-meta":{"desktop":{"background-color":"var(--ast-global-color-5)","background-image":"","background-repeat":"repeat","background-position":"center center","background-size":"auto","background-attachment":"scroll","background-type":"","background-media":"","overlay-type":"","overlay-color":"","overlay-opacity":"","overlay-gradient":""},"tablet":{"background-color":"","background-image":"","background-repeat":"repeat","background-position":"center center","background-size":"auto","background-attachment":"scroll","background-type":"","background-media":"","overlay-type":"","overlay-color":"","overlay-opacity":"","overlay-gradient":""},"mobile":{"background-color":"","background-image":"","background-repeat":"repeat","background-position":"center center","background-size":"auto","background-attachment":"scroll","background-type":"","background-media":"","overlay-type":"","overlay-color":"","overlay-opacity":"","overlay-gradient":""}},"ast-content-background-meta":{"desktop":{"background-color":"var(--ast-global-color-4)","background-image":"","background-repeat":"repeat","background-position":"center center","background-size":"auto","background-attachment":"scroll","background-type":"","background-media":"","overlay-type":"","overlay-color":"","overlay-opacity":"","overlay-gradient":""},"tablet":{"background-color":"var(--ast-global-color-4)","background-image":"","background-repeat":"repeat","background-position":"center center","background-size":"auto","background-attachment":"scroll","background-type":"","background-media":"","overlay-type":"","overlay-color":"","overlay-opacity":"","overlay-gradient":""},"mobile":{"background-color":"var(--ast-global-color-4)","background-image":"","background-repeat":"repeat","background-position":"center center","background-size":"auto","background-attachment":"scroll","background-type":"","background-media":"","overlay-type":"","overlay-color":"","overlay-opacity":"","overlay-gradient":""}},"footnotes":""},"categories":[],"tags":[1002,997],"class_list":["post-265422","page","type-page","status-publish","has-post-thumbnail","hentry","tag-app-egov-page","tag-steven-meiner-egovapp"],"yoast_head":"<!-- This site is optimized with the Yoast SEO Premium plugin v27.4 (Yoast SEO v27.4) - https:\/\/yoast.com\/product\/yoast-seo-premium-wordpress\/ -->\n<title>Mayor Steven Meiner - City of Miami Beach<\/title>\n<meta name=\"description\" content=\"Dan Gelber is the 38th\u00a0Mayor of Miami Beach. A U.S. Truman Scholar in college and law school, Dan served as a decorated federal prosecutor in South Florida. He was subsequently appointed by former Senator Sam Nunn to direct the U.S. Senate&#039;s prestigious Permanent Subcommittee on Investigations where he led investigations into fraud, waste and abuse in government and counterterrorism.\u00a0\" \/>\n<meta name=\"robots\" content=\"index, follow, max-snippet:-1, max-image-preview:large, max-video-preview:-1\" \/>\n<link rel=\"canonical\" href=\"https:\/\/www.miamibeachfl.gov\/de\/egovapp\/mayor-and-commissioners\/mayor-steven-meiner\/\" \/>\n<meta property=\"og:locale\" content=\"de_DE\" \/>\n<meta property=\"og:type\" content=\"article\" \/>\n<meta property=\"og:title\" content=\"Mayor Steven Meiner\" \/>\n<meta property=\"og:description\" content=\"Dan Gelber is the 38th\u00a0Mayor of Miami Beach. A U.S. Truman Scholar in college and law school, Dan served as a decorated federal prosecutor in South Florida. He was subsequently appointed by former Senator Sam Nunn to direct the U.S. Senate&#039;s prestigious Permanent Subcommittee on Investigations where he led investigations into fraud, waste and abuse in government and counterterrorism.\u00a0\" \/>\n<meta property=\"og:url\" content=\"https:\/\/www.miamibeachfl.gov\/de\/egovapp\/mayor-and-commissioners\/mayor-steven-meiner\/\" \/>\n<meta property=\"og:site_name\" content=\"City of Miami Beach\" \/>\n<meta property=\"article:publisher\" content=\"https:\/\/www.facebook.com\/cityofmiamibeach\" \/>\n<meta property=\"article:modified_time\" content=\"2025-06-07T20:29:08+00:00\" \/>\n<meta property=\"og:image\" content=\"https:\/\/www.miamibeachfl.gov\/wp-content\/uploads\/2023\/07\/MayorDanGelber.png\" \/>\n\t<meta property=\"og:image:width\" content=\"249\" \/>\n\t<meta property=\"og:image:height\" content=\"250\" \/>\n\t<meta property=\"og:image:type\" content=\"image\/png\" \/>\n<meta name=\"twitter:card\" content=\"summary_large_image\" \/>\n<meta name=\"twitter:site\" content=\"@Miamibeachnews\" \/>\n<script type=\"application\/ld+json\" class=\"yoast-schema-graph\">{\"@context\":\"https:\\\/\\\/schema.org\",\"@graph\":[{\"@type\":\"WebPage\",\"@id\":\"https:\\\/\\\/www.miamibeachfl.gov\\\/egovapp\\\/mayor-and-commissioners\\\/mayor-steven-meiner\\\/\",\"url\":\"https:\\\/\\\/www.miamibeachfl.gov\\\/egovapp\\\/mayor-and-commissioners\\\/mayor-steven-meiner\\\/\",\"name\":\"Mayor Steven Meiner - City of Miami Beach\",\"isPartOf\":{\"@id\":\"https:\\\/\\\/www.miamibeachfl.gov\\\/#website\"},\"primaryImageOfPage\":{\"@id\":\"https:\\\/\\\/www.miamibeachfl.gov\\\/egovapp\\\/mayor-and-commissioners\\\/mayor-steven-meiner\\\/#primaryimage\"},\"image\":{\"@id\":\"https:\\\/\\\/www.miamibeachfl.gov\\\/egovapp\\\/mayor-and-commissioners\\\/mayor-steven-meiner\\\/#primaryimage\"},\"thumbnailUrl\":\"https:\\\/\\\/www.miamibeachfl.gov\\\/wp-content\\\/uploads\\\/2023\\\/07\\\/MayorDanGelber.png\",\"datePublished\":\"2023-07-19T15:56:55+00:00\",\"dateModified\":\"2025-06-07T20:29:08+00:00\",\"description\":\"Dan Gelber is the 38th\u00a0Mayor of Miami Beach. A U.S. Truman Scholar in college and law school, Dan served as a decorated federal prosecutor in South Florida. He was subsequently appointed by former Senator Sam Nunn to direct the U.S. Senate's prestigious Permanent Subcommittee on Investigations where he led investigations into fraud, waste and abuse in government and counterterrorism.\u00a0\",\"breadcrumb\":{\"@id\":\"https:\\\/\\\/www.miamibeachfl.gov\\\/egovapp\\\/mayor-and-commissioners\\\/mayor-steven-meiner\\\/#breadcrumb\"},\"inLanguage\":\"de\",\"potentialAction\":[{\"@type\":\"ReadAction\",\"target\":[\"https:\\\/\\\/www.miamibeachfl.gov\\\/egovapp\\\/mayor-and-commissioners\\\/mayor-steven-meiner\\\/\"]}]},{\"@type\":\"ImageObject\",\"inLanguage\":\"de\",\"@id\":\"https:\\\/\\\/www.miamibeachfl.gov\\\/egovapp\\\/mayor-and-commissioners\\\/mayor-steven-meiner\\\/#primaryimage\",\"url\":\"https:\\\/\\\/www.miamibeachfl.gov\\\/wp-content\\\/uploads\\\/2023\\\/07\\\/MayorDanGelber.png\",\"contentUrl\":\"https:\\\/\\\/www.miamibeachfl.gov\\\/wp-content\\\/uploads\\\/2023\\\/07\\\/MayorDanGelber.png\",\"width\":249,\"height\":250,\"caption\":\"Mayor Dan Gelber\"},{\"@type\":\"BreadcrumbList\",\"@id\":\"https:\\\/\\\/www.miamibeachfl.gov\\\/egovapp\\\/mayor-and-commissioners\\\/mayor-steven-meiner\\\/#breadcrumb\",\"itemListElement\":[{\"@type\":\"ListItem\",\"position\":1,\"name\":\"Home\",\"item\":\"https:\\\/\\\/www.miamibeachfl.gov\\\/\"},{\"@type\":\"ListItem\",\"position\":2,\"name\":\"MobileAppPages\",\"item\":\"https:\\\/\\\/www.miamibeachfl.gov\\\/egovapp\\\/\"},{\"@type\":\"ListItem\",\"position\":3,\"name\":\"Mayor and Commissioners\",\"item\":\"https:\\\/\\\/www.miamibeachfl.gov\\\/egovapp\\\/mayor-and-commissioners\\\/\"},{\"@type\":\"ListItem\",\"position\":4,\"name\":\"Mayor Steven Meiner\"}]},{\"@type\":\"WebSite\",\"@id\":\"https:\\\/\\\/www.miamibeachfl.gov\\\/#website\",\"url\":\"https:\\\/\\\/www.miamibeachfl.gov\\\/\",\"name\":\"City of Miami Beach\",\"description\":\"The official website of the City of Miami Beach. Stay informed, find important information on city services, news, alerts, events, trolley routes, government employment and more.\",\"publisher\":{\"@id\":\"https:\\\/\\\/www.miamibeachfl.gov\\\/#organization\"},\"potentialAction\":[{\"@type\":\"SearchAction\",\"target\":{\"@type\":\"EntryPoint\",\"urlTemplate\":\"https:\\\/\\\/www.miamibeachfl.gov\\\/?s={search_term_string}\"},\"query-input\":{\"@type\":\"PropertyValueSpecification\",\"valueRequired\":true,\"valueName\":\"search_term_string\"}}],\"inLanguage\":\"de\"},{\"@type\":\"Organization\",\"@id\":\"https:\\\/\\\/www.miamibeachfl.gov\\\/#organization\",\"name\":\"City of Miami Beach\",\"url\":\"https:\\\/\\\/www.miamibeachfl.gov\\\/\",\"logo\":{\"@type\":\"ImageObject\",\"inLanguage\":\"de\",\"@id\":\"https:\\\/\\\/www.miamibeachfl.gov\\\/#\\\/schema\\\/logo\\\/image\\\/\",\"url\":\"https:\\\/\\\/www.miamibeachfl.gov\\\/wp-content\\\/uploads\\\/2022\\\/06\\\/miamibeach-logoblue.png\",\"contentUrl\":\"https:\\\/\\\/www.miamibeachfl.gov\\\/wp-content\\\/uploads\\\/2022\\\/06\\\/miamibeach-logoblue.png\",\"width\":1962,\"height\":381,\"caption\":\"City of Miami Beach\"},\"image\":{\"@id\":\"https:\\\/\\\/www.miamibeachfl.gov\\\/#\\\/schema\\\/logo\\\/image\\\/\"},\"sameAs\":[\"https:\\\/\\\/www.facebook.com\\\/cityofmiamibeach\",\"https:\\\/\\\/x.com\\\/Miamibeachnews\",\"https:\\\/\\\/www.instagram.com\\\/miamibeachnews\\\/\"],\"description\":\"The official website of the City of Miami Beach. Stay informed, find important information on city services, news, alerts, events, trolley routes, government employment and more.\",\"telephone\":\"305.604.CITY(2489)\",\"legalName\":\"City of Miami Beach\"}]}<\/script>\n<!-- \/ Yoast SEO Premium plugin. -->","yoast_head_json":{"title":"B\u00fcrgermeister Steven Meiner \u2013 Stadt Miami Beach","description":"Dan Gelber ist der 38. B\u00fcrgermeister von Miami Beach. Als US-Truman-Stipendiat w\u00e4hrend seines Studiums und seiner juristischen Ausbildung war er als hochdekorierter Bundesstaatsanwalt in S\u00fcdflorida t\u00e4tig. Anschlie\u00dfend wurde er vom ehemaligen Senator Sam Nunn zum Leiter des renommierten St\u00e4ndigen Unterausschusses f\u00fcr Untersuchungen des US-Senats ernannt, wo er Ermittlungen zu Betrug, Verschwendung und Missbrauch in der Regierung sowie zur Terrorismusbek\u00e4mpfung leitete.\u00a0","robots":{"index":"index","follow":"follow","max-snippet":"max-snippet:-1","max-image-preview":"max-image-preview:large","max-video-preview":"max-video-preview:-1"},"canonical":"https:\/\/www.miamibeachfl.gov\/de\/egovapp\/mayor-and-commissioners\/mayor-steven-meiner\/","og_locale":"de_DE","og_type":"article","og_title":"Mayor Steven Meiner","og_description":"Dan Gelber is the 38th\u00a0Mayor of Miami Beach. A U.S. Truman Scholar in college and law school, Dan served as a decorated federal prosecutor in South Florida. He was subsequently appointed by former Senator Sam Nunn to direct the U.S. Senate's prestigious Permanent Subcommittee on Investigations where he led investigations into fraud, waste and abuse in government and counterterrorism.\u00a0","og_url":"https:\/\/www.miamibeachfl.gov\/de\/egovapp\/mayor-and-commissioners\/mayor-steven-meiner\/","og_site_name":"City of Miami Beach","article_publisher":"https:\/\/www.facebook.com\/cityofmiamibeach","article_modified_time":"2025-06-07T20:29:08+00:00","og_image":[{"width":249,"height":250,"url":"https:\/\/www.miamibeachfl.gov\/wp-content\/uploads\/2023\/07\/MayorDanGelber.png","type":"image\/png"}],"twitter_card":"summary_large_image","twitter_site":"@Miamibeachnews","schema":{"@context":"https:\/\/schema.org","@graph":[{"@type":"WebPage","@id":"https:\/\/www.miamibeachfl.gov\/egovapp\/mayor-and-commissioners\/mayor-steven-meiner\/","url":"https:\/\/www.miamibeachfl.gov\/egovapp\/mayor-and-commissioners\/mayor-steven-meiner\/","name":"B\u00fcrgermeister Steven Meiner \u2013 Stadt Miami Beach","isPartOf":{"@id":"https:\/\/www.miamibeachfl.gov\/#website"},"primaryImageOfPage":{"@id":"https:\/\/www.miamibeachfl.gov\/egovapp\/mayor-and-commissioners\/mayor-steven-meiner\/#primaryimage"},"image":{"@id":"https:\/\/www.miamibeachfl.gov\/egovapp\/mayor-and-commissioners\/mayor-steven-meiner\/#primaryimage"},"thumbnailUrl":"https:\/\/www.miamibeachfl.gov\/wp-content\/uploads\/2023\/07\/MayorDanGelber.png","datePublished":"2023-07-19T15:56:55+00:00","dateModified":"2025-06-07T20:29:08+00:00","description":"Dan Gelber ist der 38. B\u00fcrgermeister von Miami Beach. Als US-Truman-Stipendiat w\u00e4hrend seines Studiums und seiner juristischen Ausbildung war er als hochdekorierter Bundesstaatsanwalt in S\u00fcdflorida t\u00e4tig. Anschlie\u00dfend wurde er vom ehemaligen Senator Sam Nunn zum Leiter des renommierten St\u00e4ndigen Unterausschusses f\u00fcr Untersuchungen des US-Senats ernannt, wo er Ermittlungen zu Betrug, Verschwendung und Missbrauch in der Regierung sowie zur Terrorismusbek\u00e4mpfung leitete.\u00a0","breadcrumb":{"@id":"https:\/\/www.miamibeachfl.gov\/egovapp\/mayor-and-commissioners\/mayor-steven-meiner\/#breadcrumb"},"inLanguage":"de","potentialAction":[{"@type":"ReadAction","target":["https:\/\/www.miamibeachfl.gov\/egovapp\/mayor-and-commissioners\/mayor-steven-meiner\/"]}]},{"@type":"ImageObject","inLanguage":"de","@id":"https:\/\/www.miamibeachfl.gov\/egovapp\/mayor-and-commissioners\/mayor-steven-meiner\/#primaryimage","url":"https:\/\/www.miamibeachfl.gov\/wp-content\/uploads\/2023\/07\/MayorDanGelber.png","contentUrl":"https:\/\/www.miamibeachfl.gov\/wp-content\/uploads\/2023\/07\/MayorDanGelber.png","width":249,"height":250,"caption":"Mayor Dan Gelber"},{"@type":"BreadcrumbList","@id":"https:\/\/www.miamibeachfl.gov\/egovapp\/mayor-and-commissioners\/mayor-steven-meiner\/#breadcrumb","itemListElement":[{"@type":"ListItem","position":1,"name":"Home","item":"https:\/\/www.miamibeachfl.gov\/"},{"@type":"ListItem","position":2,"name":"MobileAppPages","item":"https:\/\/www.miamibeachfl.gov\/egovapp\/"},{"@type":"ListItem","position":3,"name":"Mayor and Commissioners","item":"https:\/\/www.miamibeachfl.gov\/egovapp\/mayor-and-commissioners\/"},{"@type":"ListItem","position":4,"name":"Mayor Steven Meiner"}]},{"@type":"WebSite","@id":"https:\/\/www.miamibeachfl.gov\/#website","url":"https:\/\/www.miamibeachfl.gov\/","name":"Stadt Miami Beach","description":"Die offizielle Website der Stadt Miami Beach. Bleiben Sie informiert und finden Sie wichtige Informationen zu st\u00e4dtischen Dienstleistungen, Neuigkeiten, Warnungen, Veranstaltungen, Stra\u00dfenbahnlinien, Stellenangeboten im \u00f6ffentlichen Dienst und mehr.","publisher":{"@id":"https:\/\/www.miamibeachfl.gov\/#organization"},"potentialAction":[{"@type":"SearchAction","target":{"@type":"EntryPoint","urlTemplate":"https:\/\/www.miamibeachfl.gov\/?s={search_term_string}"},"query-input":{"@type":"PropertyValueSpecification","valueRequired":true,"valueName":"search_term_string"}}],"inLanguage":"de"},{"@type":"Organization","@id":"https:\/\/www.miamibeachfl.gov\/#organization","name":"Stadt Miami Beach","url":"https:\/\/www.miamibeachfl.gov\/","logo":{"@type":"ImageObject","inLanguage":"de","@id":"https:\/\/www.miamibeachfl.gov\/#\/schema\/logo\/image\/","url":"https:\/\/www.miamibeachfl.gov\/wp-content\/uploads\/2022\/06\/miamibeach-logoblue.png","contentUrl":"https:\/\/www.miamibeachfl.gov\/wp-content\/uploads\/2022\/06\/miamibeach-logoblue.png","width":1962,"height":381,"caption":"City of Miami Beach"},"image":{"@id":"https:\/\/www.miamibeachfl.gov\/#\/schema\/logo\/image\/"},"sameAs":["https:\/\/www.facebook.com\/cityofmiamibeach","https:\/\/x.com\/Miamibeachnews","https:\/\/www.instagram.com\/miamibeachnews\/"],"description":"Die offizielle Website der Stadt Miami Beach. Bleiben Sie informiert und finden Sie wichtige Informationen zu st\u00e4dtischen Dienstleistungen, Neuigkeiten, Warnungen, Veranstaltungen, Stra\u00dfenbahnlinien, Stellenangeboten im \u00f6ffentlichen Dienst und mehr.","telephone":"305.604.CITY(2489)","legalName":"City of Miami Beach"}]}},"_links":{"self":[{"href":"https:\/\/www.miamibeachfl.gov\/de\/wp-json\/wp\/v2\/pages\/265422","targetHints":{"allow":["GET"]}}],"collection":[{"href":"https:\/\/www.miamibeachfl.gov\/de\/wp-json\/wp\/v2\/pages"}],"about":[{"href":"https:\/\/www.miamibeachfl.gov\/de\/wp-json\/wp\/v2\/types\/page"}],"author":[{"embeddable":true,"href":"https:\/\/www.miamibeachfl.gov\/de\/wp-json\/wp\/v2\/users\/222"}],"replies":[{"embeddable":true,"href":"https:\/\/www.miamibeachfl.gov\/de\/wp-json\/wp\/v2\/comments?post=265422"}],"version-history":[{"count":0,"href":"https:\/\/www.miamibeachfl.gov\/de\/wp-json\/wp\/v2\/pages\/265422\/revisions"}],"up":[{"embeddable":true,"href":"https:\/\/www.miamibeachfl.gov\/de\/wp-json\/wp\/v2\/pages\/265385"}],"wp:featuredmedia":[{"embeddable":true,"href":"https:\/\/www.miamibeachfl.gov\/de\/wp-json\/wp\/v2\/media\/265315"}],"wp:attachment":[{"href":"https:\/\/www.miamibeachfl.gov\/de\/wp-json\/wp\/v2\/media?parent=265422"}],"wp:term":[{"taxonomy":"category","embeddable":true,"href":"https:\/\/www.miamibeachfl.gov\/de\/wp-json\/wp\/v2\/categories?post=265422"},{"taxonomy":"post_tag","embeddable":true,"href":"https:\/\/www.miamibeachfl.gov\/de\/wp-json\/wp\/v2\/tags?post=265422"}],"curies":[{"name":"wp","href":"https:\/\/api.w.org\/{rel}","templated":true}]}}