{"id":265434,"date":"2023-07-19T12:19:36","date_gmt":"2023-07-19T16:19:36","guid":{"rendered":"https:\/\/www.miamibeachfl.gov\/?page_id=265434"},"modified":"2025-12-15T09:59:15","modified_gmt":"2025-12-15T14:59:15","slug":"commissioner-monica-matteo-salinas","status":"publish","type":"page","link":"https:\/\/www.miamibeachfl.gov\/de\/egovapp\/mayor-and-commissioners\/commissioner-monica-matteo-salinas\/","title":{"rendered":"Monica Matteo-Salinas <br><span style=\"font-size:18px\">Gruppe 1<\/span>"},"content":{"rendered":"<p><a role=\"button\" href=\"https:\/\/www.miamibeachfl.gov\/de\/egovapp\/mayor-and-commissioners\/\" target=\"_self\" rel=\"noopener\"> Zur\u00fcck zu B\u00fcrgermeister und Kommission <\/a> <img decoding=\"async\" title=\"KristenRosenGonzalezgelber Rand\" src=\"https:\/\/www.miamibeachfl.gov\/wp-content\/uploads\/bb-plugin\/cache\/KristenRosenGonzalezyellowborder-circle.png\" alt=\"KristenRosenGonzalezyellowborder\"><\/p>\n<h1>Kristen Rosen Gonzalez<\/h1>\n<h2>Kommissar<\/h2>\n<ul>\n<li>\n<h3>KristenRosenGonzalez@miamibeachfl.gov<\/h3>\n<\/li>\n<li>\n<h3>305.673.7103<\/h3>\n<\/li>\n<\/ul>\n<ul>\n<li>\n<h3>Gruppe 1<\/h3>\n<\/li>\n<li>\n<h3>Kommissionsassistent:<\/h3>\n<p>Amber Herrera Gonzalez<\/p>\n<\/li>\n<li>\n<h3>AmbarHerreraGonzalez@miamibeachfl.gov<\/h3>\n<\/li>\n<\/ul>\n<p>Dr. Kristen Rosen Gonzalez stammt aus Miami Beach. Ihre Eltern lernten sich 1972 in der Lobby des Fountainebleau Hotels kennen. Sie wuchs in Miami Beach unter Exilkubanern und den Nachkommen von Holocaust-\u00dcberlebenden auf, planschte in Pools und trieb sich in den Kartenspielzimmern der Eigentumswohnungen vergn\u00fcgt. Kristen studierte in Boston, kehrte nach ihrem Abschluss jedoch nach S\u00fcdflorida zur\u00fcck und lie\u00df sich in Miami Beach nieder. Kristen hat drei wundervolle Kinder: Isabella (24), Pablo (20) und Franny (18), die alle die Miami Beach Senior High School abgeschlossen haben. Kristen liebt Miami Beach und plant, ihren Ruhestand hier mit ihrem Lebensgef\u00e4hrten, dem Chefkoch des \u201eCafe Bernie\u201c, Bernie Matz, und ihren Katzen Gracie, Lola und Simby in ihrem Haus in der Alton Road in Mid-Beach zu verbringen. Kristen ist fest angestellte Dozentin im Fachbereich Englisch und Kommunikation am Miami-Dade College, Immobilienmaklerin, ehemalige Stadtr\u00e4tin von Miami Beach und Miteigent\u00fcmerin des Cafe Bernie in der Collins Avenue 5600.<\/p>\n<p>Kristen wurde 2015 in die Miami Beach Commission gew\u00e4hlt und begeisterte sich f\u00fcr Art-d\u00e9co-Architektur. Sie setzte sich f\u00fcr sauberes Wasser in der Biscayne Bay ein, als niemand \u00fcber dieses Thema sprach. Sie war ma\u00dfgeblich an der Rettung des Byron Carlyle Theaters beteiligt und trug als Anwohneraktivistin dazu bei, mehrere Referendumskampagnen zu gewinnen, als die lokale Regierung Zoneneinteilungen oder Gesetze vorschlug, die nicht im Interesse der Anwohner waren.<\/p>\n<p>Kristen hat ihren Doktortitel in Hochschulverwaltung von der Barry University, ihren Master of Arts in Kommunikation von der Barry University und ihren Bachelor of Arts in franz\u00f6sischer und spanischer Sprache und Literatur von der Tufts University in Medford, MA.<\/p>\n\n\n\n<p><\/p>","protected":false},"excerpt":{"rendered":"<p>Zur\u00fcck zu B\u00fcrgermeisterin und Kommission Kristen Rosen Gonzalez Kommissarin KristenRosenGonzalez@miamibeachfl.gov 305.673.7103 Kommissionsassistentin Gruppe 1: Amber Herrera Gonzalez AmbarHerreraGonzalez@miamibeachfl.gov Dr. [\u2026]<\/p>","protected":false},"author":222,"featured_media":393405,"parent":265385,"menu_order":8,"comment_status":"closed","ping_status":"closed","template":"","meta":{"_searchwp_excluded":"1","site-sidebar-layout":"default","site-content-layout":"","ast-site-content-layout":"","site-content-style":"default","site-sidebar-style":"default","ast-global-header-display":"disabled","ast-banner-title-visibility":"","ast-main-header-display":"","ast-hfb-above-header-display":"","ast-hfb-below-header-display":"","ast-hfb-mobile-header-display":"","site-post-title":"","ast-breadcrumbs-content":"","ast-featured-img":"","footer-sml-layout":"disabled","theme-transparent-header-meta":"","adv-header-id-meta":"","stick-header-meta":"","header-above-stick-meta":"","header-main-stick-meta":"","header-below-stick-meta":"","astra-migrate-meta-layouts":"default","ast-page-background-enabled":"default","ast-page-background-meta":{"desktop":{"background-color":"var(--ast-global-color-5)","background-image":"","background-repeat":"repeat","background-position":"center center","background-size":"auto","background-attachment":"scroll","background-type":"","background-media":"","overlay-type":"","overlay-color":"","overlay-opacity":"","overlay-gradient":""},"tablet":{"background-color":"","background-image":"","background-repeat":"repeat","background-position":"center center","background-size":"auto","background-attachment":"scroll","background-type":"","background-media":"","overlay-type":"","overlay-color":"","overlay-opacity":"","overlay-gradient":""},"mobile":{"background-color":"","background-image":"","background-repeat":"repeat","background-position":"center center","background-size":"auto","background-attachment":"scroll","background-type":"","background-media":"","overlay-type":"","overlay-color":"","overlay-opacity":"","overlay-gradient":""}},"ast-content-background-meta":{"desktop":{"background-color":"var(--ast-global-color-4)","background-image":"","background-repeat":"repeat","background-position":"center center","background-size":"auto","background-attachment":"scroll","background-type":"","background-media":"","overlay-type":"","overlay-color":"","overlay-opacity":"","overlay-gradient":""},"tablet":{"background-color":"var(--ast-global-color-4)","background-image":"","background-repeat":"repeat","background-position":"center center","background-size":"auto","background-attachment":"scroll","background-type":"","background-media":"","overlay-type":"","overlay-color":"","overlay-opacity":"","overlay-gradient":""},"mobile":{"background-color":"var(--ast-global-color-4)","background-image":"","background-repeat":"repeat","background-position":"center center","background-size":"auto","background-attachment":"scroll","background-type":"","background-media":"","overlay-type":"","overlay-color":"","overlay-opacity":"","overlay-gradient":""}},"footnotes":""},"categories":[],"tags":[1002,994,993],"class_list":["post-265434","page","type-page","status-publish","has-post-thumbnail","hentry","tag-app-egov-page","tag-egovapp-commissioners","tag-monica-matteo-salinas-egovapp"],"yoast_head":"<!-- This site is optimized with the Yoast SEO Premium plugin v26.6 (Yoast SEO v26.6) - https:\/\/yoast.com\/wordpress\/plugins\/seo\/ -->\n<title>Monica Matteo-Salinas Group 1 - City of Miami Beach<\/title>\n<meta name=\"description\" content=\"Monica Matteo-Salinas has proudly called Miami Beach home for sixteen years. She is raising her two sons here, both students at Miami Beach Senior High School. Her commitment to local schools has been long-standing: she became active in the PTA when her boys attended South Pointe Elementary and later served as PTSA President at Nautilus Middle School from 2020 to 2022. Preserving and strengthening Miami Beach\u2019s legacy has always been central to her work.\" \/>\n<meta name=\"robots\" content=\"index, follow, max-snippet:-1, max-image-preview:large, max-video-preview:-1\" \/>\n<link rel=\"canonical\" href=\"https:\/\/www.miamibeachfl.gov\/de\/egovapp\/mayor-and-commissioners\/commissioner-monica-matteo-salinas\/\" \/>\n<meta property=\"og:locale\" content=\"de_DE\" \/>\n<meta property=\"og:type\" content=\"article\" \/>\n<meta property=\"og:title\" content=\"Monica Matteo-Salinas Group 1\" \/>\n<meta property=\"og:description\" content=\"Monica Matteo-Salinas has proudly called Miami Beach home for sixteen years. She is raising her two sons here, both students at Miami Beach Senior High School. Her commitment to local schools has been long-standing: she became active in the PTA when her boys attended South Pointe Elementary and later served as PTSA President at Nautilus Middle School from 2020 to 2022. Preserving and strengthening Miami Beach\u2019s legacy has always been central to her work.\" \/>\n<meta property=\"og:url\" content=\"https:\/\/www.miamibeachfl.gov\/de\/egovapp\/mayor-and-commissioners\/commissioner-monica-matteo-salinas\/\" \/>\n<meta property=\"og:site_name\" content=\"City of Miami Beach\" \/>\n<meta property=\"article:publisher\" content=\"https:\/\/www.facebook.com\/cityofmiamibeach\" \/>\n<meta property=\"article:modified_time\" content=\"2025-12-15T14:59:15+00:00\" \/>\n<meta property=\"og:image\" content=\"https:\/\/www.miamibeachfl.gov\/wp-content\/uploads\/2023\/07\/Monica-Matteo-Salinas-commissioner-YellowOutline.png\" \/>\n\t<meta property=\"og:image:width\" content=\"249\" \/>\n\t<meta property=\"og:image:height\" content=\"250\" \/>\n\t<meta property=\"og:image:type\" content=\"image\/png\" \/>\n<meta name=\"twitter:card\" content=\"summary_large_image\" \/>\n<meta name=\"twitter:site\" content=\"@Miamibeachnews\" \/>\n<script type=\"application\/ld+json\" class=\"yoast-schema-graph\">{\"@context\":\"https:\/\/schema.org\",\"@graph\":[{\"@type\":\"WebPage\",\"@id\":\"https:\/\/www.miamibeachfl.gov\/egovapp\/mayor-and-commissioners\/commissioner-monica-matteo-salinas\/\",\"url\":\"https:\/\/www.miamibeachfl.gov\/egovapp\/mayor-and-commissioners\/commissioner-monica-matteo-salinas\/\",\"name\":\"Monica Matteo-Salinas Group 1 - City of Miami Beach\",\"isPartOf\":{\"@id\":\"https:\/\/www.miamibeachfl.gov\/#website\"},\"primaryImageOfPage\":{\"@id\":\"https:\/\/www.miamibeachfl.gov\/egovapp\/mayor-and-commissioners\/commissioner-monica-matteo-salinas\/#primaryimage\"},\"image\":{\"@id\":\"https:\/\/www.miamibeachfl.gov\/egovapp\/mayor-and-commissioners\/commissioner-monica-matteo-salinas\/#primaryimage\"},\"thumbnailUrl\":\"https:\/\/www.miamibeachfl.gov\/wp-content\/uploads\/2023\/07\/Monica-Matteo-Salinas-commissioner-YellowOutline.png\",\"datePublished\":\"2023-07-19T16:19:36+00:00\",\"dateModified\":\"2025-12-15T14:59:15+00:00\",\"description\":\"Monica Matteo-Salinas has proudly called Miami Beach home for sixteen years. She is raising her two sons here, both students at Miami Beach Senior High School. Her commitment to local schools has been long-standing: she became active in the PTA when her boys attended South Pointe Elementary and later served as PTSA President at Nautilus Middle School from 2020 to 2022. Preserving and strengthening Miami Beach\u2019s legacy has always been central to her work.\",\"breadcrumb\":{\"@id\":\"https:\/\/www.miamibeachfl.gov\/egovapp\/mayor-and-commissioners\/commissioner-monica-matteo-salinas\/#breadcrumb\"},\"inLanguage\":\"de\",\"potentialAction\":[{\"@type\":\"ReadAction\",\"target\":[\"https:\/\/www.miamibeachfl.gov\/egovapp\/mayor-and-commissioners\/commissioner-monica-matteo-salinas\/\"]}]},{\"@type\":\"ImageObject\",\"inLanguage\":\"de\",\"@id\":\"https:\/\/www.miamibeachfl.gov\/egovapp\/mayor-and-commissioners\/commissioner-monica-matteo-salinas\/#primaryimage\",\"url\":\"https:\/\/www.miamibeachfl.gov\/wp-content\/uploads\/2023\/07\/Monica-Matteo-Salinas-commissioner-YellowOutline.png\",\"contentUrl\":\"https:\/\/www.miamibeachfl.gov\/wp-content\/uploads\/2023\/07\/Monica-Matteo-Salinas-commissioner-YellowOutline.png\",\"width\":249,\"height\":250,\"caption\":\"Commissioner Monica Matteo-Salinas\"},{\"@type\":\"BreadcrumbList\",\"@id\":\"https:\/\/www.miamibeachfl.gov\/egovapp\/mayor-and-commissioners\/commissioner-monica-matteo-salinas\/#breadcrumb\",\"itemListElement\":[{\"@type\":\"ListItem\",\"position\":1,\"name\":\"Home\",\"item\":\"https:\/\/www.miamibeachfl.gov\/\"},{\"@type\":\"ListItem\",\"position\":2,\"name\":\"MobileAppPages\",\"item\":\"https:\/\/www.miamibeachfl.gov\/egovapp\/\"},{\"@type\":\"ListItem\",\"position\":3,\"name\":\"Mayor and Commissioners\",\"item\":\"https:\/\/www.miamibeachfl.gov\/egovapp\/mayor-and-commissioners\/\"},{\"@type\":\"ListItem\",\"position\":4,\"name\":\"Monica Matteo-Salinas Group 1\"}]},{\"@type\":\"WebSite\",\"@id\":\"https:\/\/www.miamibeachfl.gov\/#website\",\"url\":\"https:\/\/www.miamibeachfl.gov\/\",\"name\":\"City of Miami Beach\",\"description\":\"The official website of the City of Miami Beach. Stay informed, find important information on city services, news, alerts, events, trolley routes, government employment and more.\",\"publisher\":{\"@id\":\"https:\/\/www.miamibeachfl.gov\/#organization\"},\"potentialAction\":[{\"@type\":\"SearchAction\",\"target\":{\"@type\":\"EntryPoint\",\"urlTemplate\":\"https:\/\/www.miamibeachfl.gov\/?s={search_term_string}\"},\"query-input\":{\"@type\":\"PropertyValueSpecification\",\"valueRequired\":true,\"valueName\":\"search_term_string\"}}],\"inLanguage\":\"de\"},{\"@type\":\"Organization\",\"@id\":\"https:\/\/www.miamibeachfl.gov\/#organization\",\"name\":\"City of Miami Beach\",\"url\":\"https:\/\/www.miamibeachfl.gov\/\",\"logo\":{\"@type\":\"ImageObject\",\"inLanguage\":\"de\",\"@id\":\"https:\/\/www.miamibeachfl.gov\/#\/schema\/logo\/image\/\",\"url\":\"https:\/\/www.miamibeachfl.gov\/wp-content\/uploads\/2022\/06\/miamibeach-logoblue.png\",\"contentUrl\":\"https:\/\/www.miamibeachfl.gov\/wp-content\/uploads\/2022\/06\/miamibeach-logoblue.png\",\"width\":1962,\"height\":381,\"caption\":\"City of Miami Beach\"},\"image\":{\"@id\":\"https:\/\/www.miamibeachfl.gov\/#\/schema\/logo\/image\/\"},\"sameAs\":[\"https:\/\/www.facebook.com\/cityofmiamibeach\",\"https:\/\/x.com\/Miamibeachnews\",\"https:\/\/www.instagram.com\/miamibeachnews\/\"],\"description\":\"The official website of the City of Miami Beach. Stay informed, find important information on city services, news, alerts, events, trolley routes, government employment and more.\",\"telephone\":\"305.604.CITY(2489)\",\"legalName\":\"City of Miami Beach\"}]}<\/script>\n<!-- \/ Yoast SEO Premium plugin. -->","yoast_head_json":{"title":"Monica Matteo-Salinas Gruppe 1 - Stadt Miami Beach","description":"Monica Matteo-Salinas lebt seit sechzehn Jahren mit Stolz in Miami Beach. Hier zieht sie ihre beiden S\u00f6hne gro\u00df, die beide die Miami Beach Senior High School besuchen. Ihr Engagement f\u00fcr die \u00f6rtlichen Schulen ist langj\u00e4hrig: Schon als ihre S\u00f6hne die South Pointe Elementary School besuchten, war sie im Elternbeirat aktiv und sp\u00e4ter, von 2020 bis 2022, dessen Vorsitzende an der Nautilus Middle School. Die Bewahrung und St\u00e4rkung des Erbes von Miami Beach war ihr stets ein zentrales Anliegen.","robots":{"index":"index","follow":"follow","max-snippet":"max-snippet:-1","max-image-preview":"max-image-preview:large","max-video-preview":"max-video-preview:-1"},"canonical":"https:\/\/www.miamibeachfl.gov\/de\/egovapp\/mayor-and-commissioners\/commissioner-monica-matteo-salinas\/","og_locale":"de_DE","og_type":"article","og_title":"Monica Matteo-Salinas Group 1","og_description":"Monica Matteo-Salinas has proudly called Miami Beach home for sixteen years. She is raising her two sons here, both students at Miami Beach Senior High School. Her commitment to local schools has been long-standing: she became active in the PTA when her boys attended South Pointe Elementary and later served as PTSA President at Nautilus Middle School from 2020 to 2022. Preserving and strengthening Miami Beach\u2019s legacy has always been central to her work.","og_url":"https:\/\/www.miamibeachfl.gov\/de\/egovapp\/mayor-and-commissioners\/commissioner-monica-matteo-salinas\/","og_site_name":"City of Miami Beach","article_publisher":"https:\/\/www.facebook.com\/cityofmiamibeach","article_modified_time":"2025-12-15T14:59:15+00:00","og_image":[{"width":249,"height":250,"url":"https:\/\/www.miamibeachfl.gov\/wp-content\/uploads\/2023\/07\/Monica-Matteo-Salinas-commissioner-YellowOutline.png","type":"image\/png"}],"twitter_card":"summary_large_image","twitter_site":"@Miamibeachnews","schema":{"@context":"https:\/\/schema.org","@graph":[{"@type":"WebPage","@id":"https:\/\/www.miamibeachfl.gov\/egovapp\/mayor-and-commissioners\/commissioner-monica-matteo-salinas\/","url":"https:\/\/www.miamibeachfl.gov\/egovapp\/mayor-and-commissioners\/commissioner-monica-matteo-salinas\/","name":"Monica Matteo-Salinas Gruppe 1 - Stadt Miami Beach","isPartOf":{"@id":"https:\/\/www.miamibeachfl.gov\/#website"},"primaryImageOfPage":{"@id":"https:\/\/www.miamibeachfl.gov\/egovapp\/mayor-and-commissioners\/commissioner-monica-matteo-salinas\/#primaryimage"},"image":{"@id":"https:\/\/www.miamibeachfl.gov\/egovapp\/mayor-and-commissioners\/commissioner-monica-matteo-salinas\/#primaryimage"},"thumbnailUrl":"https:\/\/www.miamibeachfl.gov\/wp-content\/uploads\/2023\/07\/Monica-Matteo-Salinas-commissioner-YellowOutline.png","datePublished":"2023-07-19T16:19:36+00:00","dateModified":"2025-12-15T14:59:15+00:00","description":"Monica Matteo-Salinas lebt seit sechzehn Jahren mit Stolz in Miami Beach. Hier zieht sie ihre beiden S\u00f6hne gro\u00df, die beide die Miami Beach Senior High School besuchen. Ihr Engagement f\u00fcr die \u00f6rtlichen Schulen ist langj\u00e4hrig: Schon als ihre S\u00f6hne die South Pointe Elementary School besuchten, war sie im Elternbeirat aktiv und sp\u00e4ter, von 2020 bis 2022, dessen Vorsitzende an der Nautilus Middle School. Die Bewahrung und St\u00e4rkung des Erbes von Miami Beach war ihr stets ein zentrales Anliegen.","breadcrumb":{"@id":"https:\/\/www.miamibeachfl.gov\/egovapp\/mayor-and-commissioners\/commissioner-monica-matteo-salinas\/#breadcrumb"},"inLanguage":"de","potentialAction":[{"@type":"ReadAction","target":["https:\/\/www.miamibeachfl.gov\/egovapp\/mayor-and-commissioners\/commissioner-monica-matteo-salinas\/"]}]},{"@type":"ImageObject","inLanguage":"de","@id":"https:\/\/www.miamibeachfl.gov\/egovapp\/mayor-and-commissioners\/commissioner-monica-matteo-salinas\/#primaryimage","url":"https:\/\/www.miamibeachfl.gov\/wp-content\/uploads\/2023\/07\/Monica-Matteo-Salinas-commissioner-YellowOutline.png","contentUrl":"https:\/\/www.miamibeachfl.gov\/wp-content\/uploads\/2023\/07\/Monica-Matteo-Salinas-commissioner-YellowOutline.png","width":249,"height":250,"caption":"Commissioner Monica Matteo-Salinas"},{"@type":"BreadcrumbList","@id":"https:\/\/www.miamibeachfl.gov\/egovapp\/mayor-and-commissioners\/commissioner-monica-matteo-salinas\/#breadcrumb","itemListElement":[{"@type":"ListItem","position":1,"name":"Home","item":"https:\/\/www.miamibeachfl.gov\/"},{"@type":"ListItem","position":2,"name":"MobileAppPages","item":"https:\/\/www.miamibeachfl.gov\/egovapp\/"},{"@type":"ListItem","position":3,"name":"Mayor and Commissioners","item":"https:\/\/www.miamibeachfl.gov\/egovapp\/mayor-and-commissioners\/"},{"@type":"ListItem","position":4,"name":"Monica Matteo-Salinas Group 1"}]},{"@type":"WebSite","@id":"https:\/\/www.miamibeachfl.gov\/#website","url":"https:\/\/www.miamibeachfl.gov\/","name":"Stadt Miami Beach","description":"Die offizielle Website der Stadt Miami Beach. Bleiben Sie informiert und finden Sie wichtige Informationen zu st\u00e4dtischen Dienstleistungen, Neuigkeiten, Warnungen, Veranstaltungen, Stra\u00dfenbahnlinien, Stellenangeboten im \u00f6ffentlichen Dienst und mehr.","publisher":{"@id":"https:\/\/www.miamibeachfl.gov\/#organization"},"potentialAction":[{"@type":"SearchAction","target":{"@type":"EntryPoint","urlTemplate":"https:\/\/www.miamibeachfl.gov\/?s={search_term_string}"},"query-input":{"@type":"PropertyValueSpecification","valueRequired":true,"valueName":"search_term_string"}}],"inLanguage":"de"},{"@type":"Organization","@id":"https:\/\/www.miamibeachfl.gov\/#organization","name":"Stadt Miami Beach","url":"https:\/\/www.miamibeachfl.gov\/","logo":{"@type":"ImageObject","inLanguage":"de","@id":"https:\/\/www.miamibeachfl.gov\/#\/schema\/logo\/image\/","url":"https:\/\/www.miamibeachfl.gov\/wp-content\/uploads\/2022\/06\/miamibeach-logoblue.png","contentUrl":"https:\/\/www.miamibeachfl.gov\/wp-content\/uploads\/2022\/06\/miamibeach-logoblue.png","width":1962,"height":381,"caption":"City of Miami Beach"},"image":{"@id":"https:\/\/www.miamibeachfl.gov\/#\/schema\/logo\/image\/"},"sameAs":["https:\/\/www.facebook.com\/cityofmiamibeach","https:\/\/x.com\/Miamibeachnews","https:\/\/www.instagram.com\/miamibeachnews\/"],"description":"Die offizielle Website der Stadt Miami Beach. Bleiben Sie informiert und finden Sie wichtige Informationen zu st\u00e4dtischen Dienstleistungen, Neuigkeiten, Warnungen, Veranstaltungen, Stra\u00dfenbahnlinien, Stellenangeboten im \u00f6ffentlichen Dienst und mehr.","telephone":"305.604.CITY(2489)","legalName":"City of Miami Beach"}]}},"_links":{"self":[{"href":"https:\/\/www.miamibeachfl.gov\/de\/wp-json\/wp\/v2\/pages\/265434","targetHints":{"allow":["GET"]}}],"collection":[{"href":"https:\/\/www.miamibeachfl.gov\/de\/wp-json\/wp\/v2\/pages"}],"about":[{"href":"https:\/\/www.miamibeachfl.gov\/de\/wp-json\/wp\/v2\/types\/page"}],"author":[{"embeddable":true,"href":"https:\/\/www.miamibeachfl.gov\/de\/wp-json\/wp\/v2\/users\/222"}],"replies":[{"embeddable":true,"href":"https:\/\/www.miamibeachfl.gov\/de\/wp-json\/wp\/v2\/comments?post=265434"}],"version-history":[{"count":0,"href":"https:\/\/www.miamibeachfl.gov\/de\/wp-json\/wp\/v2\/pages\/265434\/revisions"}],"up":[{"embeddable":true,"href":"https:\/\/www.miamibeachfl.gov\/de\/wp-json\/wp\/v2\/pages\/265385"}],"wp:featuredmedia":[{"embeddable":true,"href":"https:\/\/www.miamibeachfl.gov\/de\/wp-json\/wp\/v2\/media\/393405"}],"wp:attachment":[{"href":"https:\/\/www.miamibeachfl.gov\/de\/wp-json\/wp\/v2\/media?parent=265434"}],"wp:term":[{"taxonomy":"category","embeddable":true,"href":"https:\/\/www.miamibeachfl.gov\/de\/wp-json\/wp\/v2\/categories?post=265434"},{"taxonomy":"post_tag","embeddable":true,"href":"https:\/\/www.miamibeachfl.gov\/de\/wp-json\/wp\/v2\/tags?post=265434"}],"curies":[{"name":"wp","href":"https:\/\/api.w.org\/{rel}","templated":true}]}}