{"id":265447,"date":"2023-07-19T13:26:42","date_gmt":"2023-07-19T17:26:42","guid":{"rendered":"https:\/\/www.miamibeachfl.gov\/?page_id=265447"},"modified":"2025-06-07T16:24:56","modified_gmt":"2025-06-07T20:24:56","slug":"commissioner-tanya-k-bhatt","status":"publish","type":"page","link":"https:\/\/www.miamibeachfl.gov\/de\/egovapp\/mayor-and-commissioners\/commissioner-tanya-k-bhatt\/","title":{"rendered":"Tanya K. Bhatt <br><span style=\"font-size:18px\">Gruppe 4<\/span>"},"content":{"rendered":"<p><a role=\"button\" href=\"https:\/\/www.miamibeachfl.gov\/de\/egovapp\/mayor-and-commissioners\/\" target=\"_self\" rel=\"noopener\"> Zur\u00fcck zu B\u00fcrgermeister und Kommission <\/a> <img decoding=\"async\" title=\"StevenMeiner\" src=\"https:\/\/www.miamibeachfl.gov\/wp-content\/uploads\/bb-plugin\/cache\/StevenMeiner-circle.png\" alt=\"StevenMeiner\" \/><\/p>\r\n<h1>Steven Meiner<\/h1>\r\n<h2>Kommissar<\/h2>\r\n<ul>\r\n<li>\r\n<h3>StevenMeiner@miamibeachfl.gov<\/h3>\r\n<\/li>\r\n<li>\r\n<h3>305.673.7105<\/h3>\r\n<\/li>\r\n<\/ul>\r\n<ul>\r\n<li>\r\n<h3>Gruppe 4<\/h3>\r\n<\/li>\r\n<li>\r\n<h3>Kommissionsassistent:<\/h3>\r\n<p>Robert Novo<\/p>\r\n<\/li>\r\n<li>\r\n<h3>RobertNovo@miamibeachfl.gov<\/h3>\r\n<\/li>\r\n<li>\r\n<h3>305.673.7000 Durchwahl: 26473<\/h3>\r\n<\/li>\r\n<\/ul>\r\n<p>Steven Meiner wurde in Brooklyn, New York, geboren und wuchs mit dem Glauben an den \u00f6ffentlichen Dienst und die Bedeutung der Gemeinschaft auf. Sein Vater, Sheldon Meiner, war fast 40 Jahre lang als Beamter des US-amerikanischen Finanzamts (IRS) im \u00f6ffentlichen Dienst t\u00e4tig, und seine Mutter, Dorothy Weiss, widmete ihr Berufsleben ebenfalls dem \u00f6ffentlichen Dienst als Lehrerin und Schulberaterin. Stevens Eltern waren Vorbilder f\u00fcr die Wichtigkeit des \u00f6ffentlichen Dienstes.<\/p>\r\n<p>Steven trat in die Fu\u00dfstapfen seiner Eltern und widmete den Gro\u00dfteil seiner 23-j\u00e4hrigen Berufslaufbahn als Anwalt dem \u00f6ffentlichen Dienst im Kampf gegen Betrug. Seit seinem Umzug nach Miami Beach im Jahr 2007 ist Steven als Anwalt f\u00fcr zivilrechtliche Angelegenheiten bei der US-amerikanischen B\u00f6rsenaufsichtsbeh\u00f6rde (SEC) t\u00e4tig. Zuvor praktizierte er in New York City und bearbeitete komplexe Finanzstreitigkeiten f\u00fcr die renommierten internationalen Anwaltskanzleien Dewey Ballantine und Mayer Brown.<\/p>\r\n<p>Steven engagiert sich seit vielen Jahren f\u00fcr seine Gemeinde und wurde 2012 von einer lokalen B\u00fcrgerorganisation als Mann des Jahres ausgezeichnet. Dar\u00fcber hinaus wurde Steven in ein Beratungsgremium der Stadt Miami Beach berufen und ist auch in einer Reihe lokaler Wohlt\u00e4tigkeitsorganisationen aktiv.<\/p>\r\n<p>Steven ist seit 18 Jahren mit seiner Frau Shanyn verheiratet und die beiden sind stolze Eltern ihrer beiden kleinen Kinder, Matisyahu und Michal.<\/p>\r\n<p>Steven erwarb seinen Juris Doctor (JD) mit Auszeichnung (Cum Laude) an der Brooklyn Law School und schloss sein Bachelorstudium (BA) am Brooklyn College mit h\u00f6chster Auszeichnung (Summa Cum Laude) und der Mitgliedschaft in der Phi Beta Kappa-Vereinigung ab.<\/p>","protected":false},"excerpt":{"rendered":"<p>Zur\u00fcck zu B\u00fcrgermeister und Kommission Steven Meiner Kommissar StevenMeiner@miamibeachfl.gov 305.673.7105 Gruppe 4 Kommissionsassistent: Robert Novo RobertNovo@miamibeachfl.gov 305.673.7000 Durchwahl: 26473 [\u2026]<\/p>","protected":false},"author":222,"featured_media":281060,"parent":265385,"menu_order":11,"comment_status":"closed","ping_status":"closed","template":"","meta":{"_searchwp_excluded":"1","site-sidebar-layout":"default","site-content-layout":"","ast-site-content-layout":"","site-content-style":"default","site-sidebar-style":"default","ast-global-header-display":"disabled","ast-banner-title-visibility":"","ast-main-header-display":"","ast-hfb-above-header-display":"","ast-hfb-below-header-display":"","ast-hfb-mobile-header-display":"","site-post-title":"","ast-breadcrumbs-content":"","ast-featured-img":"","footer-sml-layout":"disabled","theme-transparent-header-meta":"","adv-header-id-meta":"","stick-header-meta":"","header-above-stick-meta":"","header-main-stick-meta":"","header-below-stick-meta":"","astra-migrate-meta-layouts":"default","ast-page-background-enabled":"default","ast-page-background-meta":{"desktop":{"background-color":"var(--ast-global-color-5)","background-image":"","background-repeat":"repeat","background-position":"center center","background-size":"auto","background-attachment":"scroll","background-type":"","background-media":"","overlay-type":"","overlay-color":"","overlay-opacity":"","overlay-gradient":""},"tablet":{"background-color":"","background-image":"","background-repeat":"repeat","background-position":"center center","background-size":"auto","background-attachment":"scroll","background-type":"","background-media":"","overlay-type":"","overlay-color":"","overlay-opacity":"","overlay-gradient":""},"mobile":{"background-color":"","background-image":"","background-repeat":"repeat","background-position":"center center","background-size":"auto","background-attachment":"scroll","background-type":"","background-media":"","overlay-type":"","overlay-color":"","overlay-opacity":"","overlay-gradient":""}},"ast-content-background-meta":{"desktop":{"background-color":"var(--ast-global-color-4)","background-image":"","background-repeat":"repeat","background-position":"center center","background-size":"auto","background-attachment":"scroll","background-type":"","background-media":"","overlay-type":"","overlay-color":"","overlay-opacity":"","overlay-gradient":""},"tablet":{"background-color":"var(--ast-global-color-4)","background-image":"","background-repeat":"repeat","background-position":"center center","background-size":"auto","background-attachment":"scroll","background-type":"","background-media":"","overlay-type":"","overlay-color":"","overlay-opacity":"","overlay-gradient":""},"mobile":{"background-color":"var(--ast-global-color-4)","background-image":"","background-repeat":"repeat","background-position":"center center","background-size":"auto","background-attachment":"scroll","background-type":"","background-media":"","overlay-type":"","overlay-color":"","overlay-opacity":"","overlay-gradient":""}},"footnotes":""},"categories":[],"tags":[1002,994,1129],"class_list":["post-265447","page","type-page","status-publish","has-post-thumbnail","hentry","tag-app-egov-page","tag-egovapp-commissioners","tag-tanya-batt-egovapp"],"yoast_head":"<!-- This site is optimized with the Yoast SEO Premium plugin v26.6 (Yoast SEO v26.6) - https:\/\/yoast.com\/wordpress\/plugins\/seo\/ -->\n<title>Tanya K. Bhatt Group 4 - City of Miami Beach<\/title>\n<meta name=\"description\" content=\"Born in Brooklyn, New York, Steven Meiner was raised to believe in public service and the importance of community. His father, Sheldon Meiner, dedicated his career to public service as a U.S. Internal Revenue Service agent for almost 40 years, and his mother, Dorothy Weiss, likewise dedicated her career to public service as a public school teacher and guidance counselor.\" \/>\n<meta name=\"robots\" content=\"index, follow, max-snippet:-1, max-image-preview:large, max-video-preview:-1\" \/>\n<link rel=\"canonical\" href=\"https:\/\/www.miamibeachfl.gov\/de\/egovapp\/mayor-and-commissioners\/commissioner-tanya-k-bhatt\/\" \/>\n<meta property=\"og:locale\" content=\"de_DE\" \/>\n<meta property=\"og:type\" content=\"article\" \/>\n<meta property=\"og:title\" content=\"Tanya K. Bhatt Group 4\" \/>\n<meta property=\"og:description\" content=\"Born in Brooklyn, New York, Steven Meiner was raised to believe in public service and the importance of community. His father, Sheldon Meiner, dedicated his career to public service as a U.S. Internal Revenue Service agent for almost 40 years, and his mother, Dorothy Weiss, likewise dedicated her career to public service as a public school teacher and guidance counselor.\" \/>\n<meta property=\"og:url\" content=\"https:\/\/www.miamibeachfl.gov\/de\/egovapp\/mayor-and-commissioners\/commissioner-tanya-k-bhatt\/\" \/>\n<meta property=\"og:site_name\" content=\"City of Miami Beach\" \/>\n<meta property=\"article:publisher\" content=\"https:\/\/www.facebook.com\/cityofmiamibeach\" \/>\n<meta property=\"article:modified_time\" content=\"2025-06-07T20:24:56+00:00\" \/>\n<meta property=\"og:image\" content=\"https:\/\/www.miamibeachfl.gov\/wp-content\/uploads\/2023\/07\/TanyaKatzoffBhatt.png\" \/>\n\t<meta property=\"og:image:width\" content=\"250\" \/>\n\t<meta property=\"og:image:height\" content=\"250\" \/>\n\t<meta property=\"og:image:type\" content=\"image\/png\" \/>\n<meta name=\"twitter:card\" content=\"summary_large_image\" \/>\n<meta name=\"twitter:site\" content=\"@Miamibeachnews\" \/>\n<script type=\"application\/ld+json\" class=\"yoast-schema-graph\">{\"@context\":\"https:\/\/schema.org\",\"@graph\":[{\"@type\":\"WebPage\",\"@id\":\"https:\/\/www.miamibeachfl.gov\/egovapp\/mayor-and-commissioners\/commissioner-tanya-k-bhatt\/\",\"url\":\"https:\/\/www.miamibeachfl.gov\/egovapp\/mayor-and-commissioners\/commissioner-tanya-k-bhatt\/\",\"name\":\"Tanya K. Bhatt Group 4 - City of Miami Beach\",\"isPartOf\":{\"@id\":\"https:\/\/www.miamibeachfl.gov\/#website\"},\"primaryImageOfPage\":{\"@id\":\"https:\/\/www.miamibeachfl.gov\/egovapp\/mayor-and-commissioners\/commissioner-tanya-k-bhatt\/#primaryimage\"},\"image\":{\"@id\":\"https:\/\/www.miamibeachfl.gov\/egovapp\/mayor-and-commissioners\/commissioner-tanya-k-bhatt\/#primaryimage\"},\"thumbnailUrl\":\"https:\/\/www.miamibeachfl.gov\/wp-content\/uploads\/2023\/07\/TanyaKatzoffBhatt.png\",\"datePublished\":\"2023-07-19T17:26:42+00:00\",\"dateModified\":\"2025-06-07T20:24:56+00:00\",\"description\":\"Born in Brooklyn, New York, Steven Meiner was raised to believe in public service and the importance of community. His father, Sheldon Meiner, dedicated his career to public service as a U.S. Internal Revenue Service agent for almost 40 years, and his mother, Dorothy Weiss, likewise dedicated her career to public service as a public school teacher and guidance counselor.\",\"breadcrumb\":{\"@id\":\"https:\/\/www.miamibeachfl.gov\/egovapp\/mayor-and-commissioners\/commissioner-tanya-k-bhatt\/#breadcrumb\"},\"inLanguage\":\"de\",\"potentialAction\":[{\"@type\":\"ReadAction\",\"target\":[\"https:\/\/www.miamibeachfl.gov\/egovapp\/mayor-and-commissioners\/commissioner-tanya-k-bhatt\/\"]}]},{\"@type\":\"ImageObject\",\"inLanguage\":\"de\",\"@id\":\"https:\/\/www.miamibeachfl.gov\/egovapp\/mayor-and-commissioners\/commissioner-tanya-k-bhatt\/#primaryimage\",\"url\":\"https:\/\/www.miamibeachfl.gov\/wp-content\/uploads\/2023\/07\/TanyaKatzoffBhatt.png\",\"contentUrl\":\"https:\/\/www.miamibeachfl.gov\/wp-content\/uploads\/2023\/07\/TanyaKatzoffBhatt.png\",\"width\":250,\"height\":250,\"caption\":\"Commissioner Tanya K Bhatt\"},{\"@type\":\"BreadcrumbList\",\"@id\":\"https:\/\/www.miamibeachfl.gov\/egovapp\/mayor-and-commissioners\/commissioner-tanya-k-bhatt\/#breadcrumb\",\"itemListElement\":[{\"@type\":\"ListItem\",\"position\":1,\"name\":\"Home\",\"item\":\"https:\/\/www.miamibeachfl.gov\/\"},{\"@type\":\"ListItem\",\"position\":2,\"name\":\"MobileAppPages\",\"item\":\"https:\/\/www.miamibeachfl.gov\/egovapp\/\"},{\"@type\":\"ListItem\",\"position\":3,\"name\":\"Mayor and Commissioners\",\"item\":\"https:\/\/www.miamibeachfl.gov\/egovapp\/mayor-and-commissioners\/\"},{\"@type\":\"ListItem\",\"position\":4,\"name\":\"Tanya K. Bhatt Group 4\"}]},{\"@type\":\"WebSite\",\"@id\":\"https:\/\/www.miamibeachfl.gov\/#website\",\"url\":\"https:\/\/www.miamibeachfl.gov\/\",\"name\":\"City of Miami Beach\",\"description\":\"The official website of the City of Miami Beach. Stay informed, find important information on city services, news, alerts, events, trolley routes, government employment and more.\",\"publisher\":{\"@id\":\"https:\/\/www.miamibeachfl.gov\/#organization\"},\"potentialAction\":[{\"@type\":\"SearchAction\",\"target\":{\"@type\":\"EntryPoint\",\"urlTemplate\":\"https:\/\/www.miamibeachfl.gov\/?s={search_term_string}\"},\"query-input\":{\"@type\":\"PropertyValueSpecification\",\"valueRequired\":true,\"valueName\":\"search_term_string\"}}],\"inLanguage\":\"de\"},{\"@type\":\"Organization\",\"@id\":\"https:\/\/www.miamibeachfl.gov\/#organization\",\"name\":\"City of Miami Beach\",\"url\":\"https:\/\/www.miamibeachfl.gov\/\",\"logo\":{\"@type\":\"ImageObject\",\"inLanguage\":\"de\",\"@id\":\"https:\/\/www.miamibeachfl.gov\/#\/schema\/logo\/image\/\",\"url\":\"https:\/\/www.miamibeachfl.gov\/wp-content\/uploads\/2022\/06\/miamibeach-logoblue.png\",\"contentUrl\":\"https:\/\/www.miamibeachfl.gov\/wp-content\/uploads\/2022\/06\/miamibeach-logoblue.png\",\"width\":1962,\"height\":381,\"caption\":\"City of Miami Beach\"},\"image\":{\"@id\":\"https:\/\/www.miamibeachfl.gov\/#\/schema\/logo\/image\/\"},\"sameAs\":[\"https:\/\/www.facebook.com\/cityofmiamibeach\",\"https:\/\/x.com\/Miamibeachnews\",\"https:\/\/www.instagram.com\/miamibeachnews\/\"],\"description\":\"The official website of the City of Miami Beach. Stay informed, find important information on city services, news, alerts, events, trolley routes, government employment and more.\",\"telephone\":\"305.604.CITY(2489)\",\"legalName\":\"City of Miami Beach\"}]}<\/script>\n<!-- \/ Yoast SEO Premium plugin. -->","yoast_head_json":{"title":"Tanya K. Bhatt Gruppe 4 - Stadt Miami Beach","description":"Steven Meiner wurde in Brooklyn, New York, geboren und wuchs mit dem Glauben an den \u00f6ffentlichen Dienst und die Bedeutung der Gemeinschaft auf. Sein Vater, Sheldon Meiner, widmete seine berufliche Laufbahn dem \u00f6ffentlichen Dienst als Beamter des US-amerikanischen Finanzamts (IRS) und seine Mutter, Dorothy Weiss, war ebenfalls im \u00f6ffentlichen Dienst t\u00e4tig, als Lehrerin und Schulberaterin.","robots":{"index":"index","follow":"follow","max-snippet":"max-snippet:-1","max-image-preview":"max-image-preview:large","max-video-preview":"max-video-preview:-1"},"canonical":"https:\/\/www.miamibeachfl.gov\/de\/egovapp\/mayor-and-commissioners\/commissioner-tanya-k-bhatt\/","og_locale":"de_DE","og_type":"article","og_title":"Tanya K. Bhatt Group 4","og_description":"Born in Brooklyn, New York, Steven Meiner was raised to believe in public service and the importance of community. His father, Sheldon Meiner, dedicated his career to public service as a U.S. Internal Revenue Service agent for almost 40 years, and his mother, Dorothy Weiss, likewise dedicated her career to public service as a public school teacher and guidance counselor.","og_url":"https:\/\/www.miamibeachfl.gov\/de\/egovapp\/mayor-and-commissioners\/commissioner-tanya-k-bhatt\/","og_site_name":"City of Miami Beach","article_publisher":"https:\/\/www.facebook.com\/cityofmiamibeach","article_modified_time":"2025-06-07T20:24:56+00:00","og_image":[{"width":250,"height":250,"url":"https:\/\/www.miamibeachfl.gov\/wp-content\/uploads\/2023\/07\/TanyaKatzoffBhatt.png","type":"image\/png"}],"twitter_card":"summary_large_image","twitter_site":"@Miamibeachnews","schema":{"@context":"https:\/\/schema.org","@graph":[{"@type":"WebPage","@id":"https:\/\/www.miamibeachfl.gov\/egovapp\/mayor-and-commissioners\/commissioner-tanya-k-bhatt\/","url":"https:\/\/www.miamibeachfl.gov\/egovapp\/mayor-and-commissioners\/commissioner-tanya-k-bhatt\/","name":"Tanya K. Bhatt Gruppe 4 - Stadt Miami Beach","isPartOf":{"@id":"https:\/\/www.miamibeachfl.gov\/#website"},"primaryImageOfPage":{"@id":"https:\/\/www.miamibeachfl.gov\/egovapp\/mayor-and-commissioners\/commissioner-tanya-k-bhatt\/#primaryimage"},"image":{"@id":"https:\/\/www.miamibeachfl.gov\/egovapp\/mayor-and-commissioners\/commissioner-tanya-k-bhatt\/#primaryimage"},"thumbnailUrl":"https:\/\/www.miamibeachfl.gov\/wp-content\/uploads\/2023\/07\/TanyaKatzoffBhatt.png","datePublished":"2023-07-19T17:26:42+00:00","dateModified":"2025-06-07T20:24:56+00:00","description":"Steven Meiner wurde in Brooklyn, New York, geboren und wuchs mit dem Glauben an den \u00f6ffentlichen Dienst und die Bedeutung der Gemeinschaft auf. Sein Vater, Sheldon Meiner, widmete seine berufliche Laufbahn dem \u00f6ffentlichen Dienst als Beamter des US-amerikanischen Finanzamts (IRS) und seine Mutter, Dorothy Weiss, war ebenfalls im \u00f6ffentlichen Dienst t\u00e4tig, als Lehrerin und Schulberaterin.","breadcrumb":{"@id":"https:\/\/www.miamibeachfl.gov\/egovapp\/mayor-and-commissioners\/commissioner-tanya-k-bhatt\/#breadcrumb"},"inLanguage":"de","potentialAction":[{"@type":"ReadAction","target":["https:\/\/www.miamibeachfl.gov\/egovapp\/mayor-and-commissioners\/commissioner-tanya-k-bhatt\/"]}]},{"@type":"ImageObject","inLanguage":"de","@id":"https:\/\/www.miamibeachfl.gov\/egovapp\/mayor-and-commissioners\/commissioner-tanya-k-bhatt\/#primaryimage","url":"https:\/\/www.miamibeachfl.gov\/wp-content\/uploads\/2023\/07\/TanyaKatzoffBhatt.png","contentUrl":"https:\/\/www.miamibeachfl.gov\/wp-content\/uploads\/2023\/07\/TanyaKatzoffBhatt.png","width":250,"height":250,"caption":"Commissioner Tanya K Bhatt"},{"@type":"BreadcrumbList","@id":"https:\/\/www.miamibeachfl.gov\/egovapp\/mayor-and-commissioners\/commissioner-tanya-k-bhatt\/#breadcrumb","itemListElement":[{"@type":"ListItem","position":1,"name":"Home","item":"https:\/\/www.miamibeachfl.gov\/"},{"@type":"ListItem","position":2,"name":"MobileAppPages","item":"https:\/\/www.miamibeachfl.gov\/egovapp\/"},{"@type":"ListItem","position":3,"name":"Mayor and Commissioners","item":"https:\/\/www.miamibeachfl.gov\/egovapp\/mayor-and-commissioners\/"},{"@type":"ListItem","position":4,"name":"Tanya K. Bhatt Group 4"}]},{"@type":"WebSite","@id":"https:\/\/www.miamibeachfl.gov\/#website","url":"https:\/\/www.miamibeachfl.gov\/","name":"Stadt Miami Beach","description":"Die offizielle Website der Stadt Miami Beach. Bleiben Sie informiert und finden Sie wichtige Informationen zu st\u00e4dtischen Dienstleistungen, Neuigkeiten, Warnungen, Veranstaltungen, Stra\u00dfenbahnlinien, Stellenangeboten im \u00f6ffentlichen Dienst und mehr.","publisher":{"@id":"https:\/\/www.miamibeachfl.gov\/#organization"},"potentialAction":[{"@type":"SearchAction","target":{"@type":"EntryPoint","urlTemplate":"https:\/\/www.miamibeachfl.gov\/?s={search_term_string}"},"query-input":{"@type":"PropertyValueSpecification","valueRequired":true,"valueName":"search_term_string"}}],"inLanguage":"de"},{"@type":"Organization","@id":"https:\/\/www.miamibeachfl.gov\/#organization","name":"Stadt Miami Beach","url":"https:\/\/www.miamibeachfl.gov\/","logo":{"@type":"ImageObject","inLanguage":"de","@id":"https:\/\/www.miamibeachfl.gov\/#\/schema\/logo\/image\/","url":"https:\/\/www.miamibeachfl.gov\/wp-content\/uploads\/2022\/06\/miamibeach-logoblue.png","contentUrl":"https:\/\/www.miamibeachfl.gov\/wp-content\/uploads\/2022\/06\/miamibeach-logoblue.png","width":1962,"height":381,"caption":"City of Miami Beach"},"image":{"@id":"https:\/\/www.miamibeachfl.gov\/#\/schema\/logo\/image\/"},"sameAs":["https:\/\/www.facebook.com\/cityofmiamibeach","https:\/\/x.com\/Miamibeachnews","https:\/\/www.instagram.com\/miamibeachnews\/"],"description":"Die offizielle Website der Stadt Miami Beach. Bleiben Sie informiert und finden Sie wichtige Informationen zu st\u00e4dtischen Dienstleistungen, Neuigkeiten, Warnungen, Veranstaltungen, Stra\u00dfenbahnlinien, Stellenangeboten im \u00f6ffentlichen Dienst und mehr.","telephone":"305.604.CITY(2489)","legalName":"City of Miami Beach"}]}},"_links":{"self":[{"href":"https:\/\/www.miamibeachfl.gov\/de\/wp-json\/wp\/v2\/pages\/265447","targetHints":{"allow":["GET"]}}],"collection":[{"href":"https:\/\/www.miamibeachfl.gov\/de\/wp-json\/wp\/v2\/pages"}],"about":[{"href":"https:\/\/www.miamibeachfl.gov\/de\/wp-json\/wp\/v2\/types\/page"}],"author":[{"embeddable":true,"href":"https:\/\/www.miamibeachfl.gov\/de\/wp-json\/wp\/v2\/users\/222"}],"replies":[{"embeddable":true,"href":"https:\/\/www.miamibeachfl.gov\/de\/wp-json\/wp\/v2\/comments?post=265447"}],"version-history":[{"count":0,"href":"https:\/\/www.miamibeachfl.gov\/de\/wp-json\/wp\/v2\/pages\/265447\/revisions"}],"up":[{"embeddable":true,"href":"https:\/\/www.miamibeachfl.gov\/de\/wp-json\/wp\/v2\/pages\/265385"}],"wp:featuredmedia":[{"embeddable":true,"href":"https:\/\/www.miamibeachfl.gov\/de\/wp-json\/wp\/v2\/media\/281060"}],"wp:attachment":[{"href":"https:\/\/www.miamibeachfl.gov\/de\/wp-json\/wp\/v2\/media?parent=265447"}],"wp:term":[{"taxonomy":"category","embeddable":true,"href":"https:\/\/www.miamibeachfl.gov\/de\/wp-json\/wp\/v2\/categories?post=265447"},{"taxonomy":"post_tag","embeddable":true,"href":"https:\/\/www.miamibeachfl.gov\/de\/wp-json\/wp\/v2\/tags?post=265447"}],"curies":[{"name":"wp","href":"https:\/\/api.w.org\/{rel}","templated":true}]}}