{"id":265602,"date":"2023-07-20T13:18:46","date_gmt":"2023-07-20T17:18:46","guid":{"rendered":"https:\/\/www.miamibeachfl.gov\/?page_id=265602"},"modified":"2025-06-07T15:13:54","modified_gmt":"2025-06-07T19:13:54","slug":"economicdevelopmentdepartment","status":"publish","type":"page","link":"https:\/\/www.miamibeachfl.gov\/de\/egovapp\/city-hall\/economicdevelopmentdepartment\/","title":{"rendered":"Wirtschaftsentwicklungsabteilung"},"content":{"rendered":"<a href=\"https:\/\/www.miamibeachfl.gov\/de\/egovapp\/city-hall\/\" target=\"_self\">\n\t\t\t\t\t\tZur\u00fcck zum Abteilungsverzeichnis\n\t\t\t\t\t<\/a>\n<h1>\n\t\t\tWirtschaftliche Entwicklung\t<\/h1>\n\t<ul>\n\t\t<li><a href=\"tel:3056737572%20\" target=\"_self\"  aria-label=\"Gehen Sie zu Tel.: 3056737572 \">\t\t\t\t\n\t\t<h3>305.673.7572 <\/h3><\/a><\/li><li>\t\t\t\t\n\t\t<h3>Sprechzeiten:<\/h3><p>Montag \u2013 Freitag: 9:00 \u2013 17:00 Uhr<\/p><\/li><li><a href=\"https:\/\/goo.gl\/maps\/FfT7Sj2AKdhvVnak8\" target=\"_blank\" rel=\"noopener\" aria-label=\"Gehen Sie zu https:\/\/goo.gl\/maps\/FfT7Sj2AKdhvVnak8\">\t\t\t\t\n\t\t<h3>Hauptb\u00fcro:<\/h3><p>1755 Meridian Avenue<br \/>Miami Beach, FL 33139<\/p><\/a><\/li>\t<\/ul>\n\t<p><a href=\"https:\/\/www.miamibeachfl.gov\/de\/egovapp\/business\/\"><strong>Gesch\u00e4ftsressourcen und interaktive Tools<\/strong><\/a><\/p>\n<p><a href=\"https:\/\/www.miamibeachfl.gov\/de\/business\/doing-business-with-mb\/business-incentives\/\"><strong>Anreize f\u00fcr die wirtschaftliche Entwicklung<\/strong><\/a><\/p>\n<p><a href=\"https:\/\/www.miamibeachfl.gov\/de\/business\/doing-business-with-mb\/grants\/\"><strong>Zusch\u00fcsse und M\u00f6glichkeiten<\/strong><\/a><\/p>\n<p><a href=\"https:\/\/www.miamibeachfl.gov\/de\/business\/mb-community\/\"><strong>Gremien, Verb\u00e4nde, Sanierungstr\u00e4ger und BIDs<\/strong><\/a><\/p>\n<hr \/>\n<p><strong>Hintergrund<\/strong><\/p>\n<p>Das Ziel der Wirtschaftsf\u00f6rderung besteht darin, die Gesch\u00e4ftswelt der Stadt aufzubauen, zu erweitern und zu diversifizieren, indem das Image und die Verm\u00f6genswerte der Stadt gef\u00f6rdert, Unternehmen unterst\u00fctzt und eine entsprechende Immobilienentwicklung angeregt werden.<\/p>\n<p>Um das Wachstum der Gesch\u00e4ftswelt von Miami Beach zu f\u00f6rdern und zu unterst\u00fctzen und den wirtschaftlichen Wohlstand unserer Einwohner und Interessenvertreter zu steigern, hat das Ministerium zwei Schwerpunktbereiche geschaffen, um die reiche und vielf\u00e4ltige Kultur- und Gesch\u00e4ftswelt von Miami Beach anzusprechen.<\/p>","protected":false},"excerpt":{"rendered":"<p>Back to Department Directory Economic Development 305.673.7572 Office Hours: Monday &#8211; Friday: 9AM &#8211; 5PM Main Office: 1755 Meridian AvenueMiami [&hellip;]<\/p>\n","protected":false},"author":222,"featured_media":0,"parent":265532,"menu_order":0,"comment_status":"closed","ping_status":"closed","template":"","meta":{"_searchwp_excluded":"1","site-sidebar-layout":"default","site-content-layout":"","ast-site-content-layout":"","site-content-style":"default","site-sidebar-style":"default","ast-global-header-display":"disabled","ast-banner-title-visibility":"","ast-main-header-display":"","ast-hfb-above-header-display":"","ast-hfb-below-header-display":"","ast-hfb-mobile-header-display":"","site-post-title":"","ast-breadcrumbs-content":"","ast-featured-img":"","footer-sml-layout":"disabled","ast-disable-related-posts":"","theme-transparent-header-meta":"","adv-header-id-meta":"","stick-header-meta":"","header-above-stick-meta":"","header-main-stick-meta":"","header-below-stick-meta":"","astra-migrate-meta-layouts":"default","ast-page-background-enabled":"default","ast-page-background-meta":{"desktop":{"background-color":"var(--ast-global-color-5)","background-image":"","background-repeat":"repeat","background-position":"center center","background-size":"auto","background-attachment":"scroll","background-type":"","background-media":"","overlay-type":"","overlay-color":"","overlay-opacity":"","overlay-gradient":""},"tablet":{"background-color":"","background-image":"","background-repeat":"repeat","background-position":"center center","background-size":"auto","background-attachment":"scroll","background-type":"","background-media":"","overlay-type":"","overlay-color":"","overlay-opacity":"","overlay-gradient":""},"mobile":{"background-color":"","background-image":"","background-repeat":"repeat","background-position":"center center","background-size":"auto","background-attachment":"scroll","background-type":"","background-media":"","overlay-type":"","overlay-color":"","overlay-opacity":"","overlay-gradient":""}},"ast-content-background-meta":{"desktop":{"background-color":"var(--ast-global-color-4)","background-image":"","background-repeat":"repeat","background-position":"center center","background-size":"auto","background-attachment":"scroll","background-type":"","background-media":"","overlay-type":"","overlay-color":"","overlay-opacity":"","overlay-gradient":""},"tablet":{"background-color":"var(--ast-global-color-4)","background-image":"","background-repeat":"repeat","background-position":"center center","background-size":"auto","background-attachment":"scroll","background-type":"","background-media":"","overlay-type":"","overlay-color":"","overlay-opacity":"","overlay-gradient":""},"mobile":{"background-color":"var(--ast-global-color-4)","background-image":"","background-repeat":"repeat","background-position":"center center","background-size":"auto","background-attachment":"scroll","background-type":"","background-media":"","overlay-type":"","overlay-color":"","overlay-opacity":"","overlay-gradient":""}},"footnotes":""},"categories":[],"tags":[1002,1000],"class_list":["post-265602","page","type-page","status-publish","hentry","tag-app-egov-page","tag-cityhall-egovapp"],"yoast_head":"<!-- This site is optimized with the Yoast SEO Premium plugin v27.4 (Yoast SEO v27.4) - https:\/\/yoast.com\/product\/yoast-seo-premium-wordpress\/ -->\n<title>Economic Development Department - City of Miami Beach<\/title>\n<meta name=\"description\" content=\"The Office of Education and Performance Initiatives is vital to the development of community partnerships that enhance educational opportunities for Miami Beach residents and the implementation of performance initiatives that drive organizational improvements.\" \/>\n<meta name=\"robots\" content=\"index, follow, max-snippet:-1, max-image-preview:large, max-video-preview:-1\" \/>\n<link rel=\"canonical\" href=\"https:\/\/www.miamibeachfl.gov\/de\/egovapp\/city-hall\/economicdevelopmentdepartment\/\" \/>\n<meta property=\"og:locale\" content=\"de_DE\" \/>\n<meta property=\"og:type\" content=\"article\" \/>\n<meta property=\"og:title\" content=\"Economic Development Department\" \/>\n<meta property=\"og:description\" content=\"The Office of Education and Performance Initiatives is vital to the development of community partnerships that enhance educational opportunities for Miami Beach residents and the implementation of performance initiatives that drive organizational improvements.\" \/>\n<meta property=\"og:url\" content=\"https:\/\/www.miamibeachfl.gov\/de\/egovapp\/city-hall\/economicdevelopmentdepartment\/\" \/>\n<meta property=\"og:site_name\" content=\"City of Miami Beach\" \/>\n<meta property=\"article:publisher\" content=\"https:\/\/www.facebook.com\/cityofmiamibeach\" \/>\n<meta property=\"article:modified_time\" content=\"2025-06-07T19:13:54+00:00\" \/>\n<meta property=\"og:image\" content=\"https:\/\/www.miamibeachfl.gov\/wp-content\/uploads\/2024\/01\/1000pxSquare-miamibeach-aerial-southpointview.jpeg\" \/>\n\t<meta property=\"og:image:width\" content=\"1000\" \/>\n\t<meta property=\"og:image:height\" content=\"1000\" \/>\n\t<meta property=\"og:image:type\" content=\"image\/jpeg\" \/>\n<meta name=\"twitter:card\" content=\"summary_large_image\" \/>\n<meta name=\"twitter:site\" content=\"@Miamibeachnews\" \/>\n<script type=\"application\/ld+json\" class=\"yoast-schema-graph\">{\"@context\":\"https:\\\/\\\/schema.org\",\"@graph\":[{\"@type\":\"WebPage\",\"@id\":\"https:\\\/\\\/www.miamibeachfl.gov\\\/egovapp\\\/city-hall\\\/economicdevelopmentdepartment\\\/\",\"url\":\"https:\\\/\\\/www.miamibeachfl.gov\\\/egovapp\\\/city-hall\\\/economicdevelopmentdepartment\\\/\",\"name\":\"Economic Development Department - City of Miami Beach\",\"isPartOf\":{\"@id\":\"https:\\\/\\\/www.miamibeachfl.gov\\\/#website\"},\"datePublished\":\"2023-07-20T17:18:46+00:00\",\"dateModified\":\"2025-06-07T19:13:54+00:00\",\"description\":\"The Office of Education and Performance Initiatives is vital to the development of community partnerships that enhance educational opportunities for Miami Beach residents and the implementation of performance initiatives that drive organizational improvements.\",\"breadcrumb\":{\"@id\":\"https:\\\/\\\/www.miamibeachfl.gov\\\/egovapp\\\/city-hall\\\/economicdevelopmentdepartment\\\/#breadcrumb\"},\"inLanguage\":\"de\",\"potentialAction\":[{\"@type\":\"ReadAction\",\"target\":[\"https:\\\/\\\/www.miamibeachfl.gov\\\/egovapp\\\/city-hall\\\/economicdevelopmentdepartment\\\/\"]}]},{\"@type\":\"BreadcrumbList\",\"@id\":\"https:\\\/\\\/www.miamibeachfl.gov\\\/egovapp\\\/city-hall\\\/economicdevelopmentdepartment\\\/#breadcrumb\",\"itemListElement\":[{\"@type\":\"ListItem\",\"position\":1,\"name\":\"Home\",\"item\":\"https:\\\/\\\/www.miamibeachfl.gov\\\/\"},{\"@type\":\"ListItem\",\"position\":2,\"name\":\"MobileAppPages\",\"item\":\"https:\\\/\\\/www.miamibeachfl.gov\\\/egovapp\\\/\"},{\"@type\":\"ListItem\",\"position\":3,\"name\":\"City Hall Department Directory\",\"item\":\"https:\\\/\\\/www.miamibeachfl.gov\\\/egovapp\\\/city-hall\\\/\"},{\"@type\":\"ListItem\",\"position\":4,\"name\":\"Economic Development Department\"}]},{\"@type\":\"WebSite\",\"@id\":\"https:\\\/\\\/www.miamibeachfl.gov\\\/#website\",\"url\":\"https:\\\/\\\/www.miamibeachfl.gov\\\/\",\"name\":\"City of Miami Beach\",\"description\":\"The official website of the City of Miami Beach. Stay informed, find important information on city services, news, alerts, events, trolley routes, government employment and more.\",\"publisher\":{\"@id\":\"https:\\\/\\\/www.miamibeachfl.gov\\\/#organization\"},\"potentialAction\":[{\"@type\":\"SearchAction\",\"target\":{\"@type\":\"EntryPoint\",\"urlTemplate\":\"https:\\\/\\\/www.miamibeachfl.gov\\\/?s={search_term_string}\"},\"query-input\":{\"@type\":\"PropertyValueSpecification\",\"valueRequired\":true,\"valueName\":\"search_term_string\"}}],\"inLanguage\":\"de\"},{\"@type\":\"Organization\",\"@id\":\"https:\\\/\\\/www.miamibeachfl.gov\\\/#organization\",\"name\":\"City of Miami Beach\",\"url\":\"https:\\\/\\\/www.miamibeachfl.gov\\\/\",\"logo\":{\"@type\":\"ImageObject\",\"inLanguage\":\"de\",\"@id\":\"https:\\\/\\\/www.miamibeachfl.gov\\\/#\\\/schema\\\/logo\\\/image\\\/\",\"url\":\"https:\\\/\\\/www.miamibeachfl.gov\\\/wp-content\\\/uploads\\\/2022\\\/06\\\/miamibeach-logoblue.png\",\"contentUrl\":\"https:\\\/\\\/www.miamibeachfl.gov\\\/wp-content\\\/uploads\\\/2022\\\/06\\\/miamibeach-logoblue.png\",\"width\":1962,\"height\":381,\"caption\":\"City of Miami Beach\"},\"image\":{\"@id\":\"https:\\\/\\\/www.miamibeachfl.gov\\\/#\\\/schema\\\/logo\\\/image\\\/\"},\"sameAs\":[\"https:\\\/\\\/www.facebook.com\\\/cityofmiamibeach\",\"https:\\\/\\\/x.com\\\/Miamibeachnews\",\"https:\\\/\\\/www.instagram.com\\\/miamibeachnews\\\/\"],\"description\":\"The official website of the City of Miami Beach. Stay informed, find important information on city services, news, alerts, events, trolley routes, government employment and more.\",\"telephone\":\"305.604.CITY(2489)\",\"legalName\":\"City of Miami Beach\"}]}<\/script>\n<!-- \/ Yoast SEO Premium plugin. -->","yoast_head_json":{"title":"Wirtschaftsentwicklungsabteilung - Stadt Miami Beach","description":"Das Office of Education and Performance Initiatives ist von entscheidender Bedeutung f\u00fcr die Entwicklung von Gemeinschaftspartnerschaften, die die Bildungschancen der Einwohner von Miami Beach verbessern, und f\u00fcr die Umsetzung von Leistungsinitiativen, die organisatorische Verbesserungen vorantreiben.","robots":{"index":"index","follow":"follow","max-snippet":"max-snippet:-1","max-image-preview":"max-image-preview:large","max-video-preview":"max-video-preview:-1"},"canonical":"https:\/\/www.miamibeachfl.gov\/de\/egovapp\/city-hall\/economicdevelopmentdepartment\/","og_locale":"de_DE","og_type":"article","og_title":"Economic Development Department","og_description":"The Office of Education and Performance Initiatives is vital to the development of community partnerships that enhance educational opportunities for Miami Beach residents and the implementation of performance initiatives that drive organizational improvements.","og_url":"https:\/\/www.miamibeachfl.gov\/de\/egovapp\/city-hall\/economicdevelopmentdepartment\/","og_site_name":"City of Miami Beach","article_publisher":"https:\/\/www.facebook.com\/cityofmiamibeach","article_modified_time":"2025-06-07T19:13:54+00:00","og_image":[{"width":1000,"height":1000,"url":"https:\/\/www.miamibeachfl.gov\/wp-content\/uploads\/2024\/01\/1000pxSquare-miamibeach-aerial-southpointview.jpeg","type":"image\/jpeg"}],"twitter_card":"summary_large_image","twitter_site":"@Miamibeachnews","schema":{"@context":"https:\/\/schema.org","@graph":[{"@type":"WebPage","@id":"https:\/\/www.miamibeachfl.gov\/egovapp\/city-hall\/economicdevelopmentdepartment\/","url":"https:\/\/www.miamibeachfl.gov\/egovapp\/city-hall\/economicdevelopmentdepartment\/","name":"Wirtschaftsentwicklungsabteilung - Stadt Miami Beach","isPartOf":{"@id":"https:\/\/www.miamibeachfl.gov\/#website"},"datePublished":"2023-07-20T17:18:46+00:00","dateModified":"2025-06-07T19:13:54+00:00","description":"Das Office of Education and Performance Initiatives ist von entscheidender Bedeutung f\u00fcr die Entwicklung von Gemeinschaftspartnerschaften, die die Bildungschancen der Einwohner von Miami Beach verbessern, und f\u00fcr die Umsetzung von Leistungsinitiativen, die organisatorische Verbesserungen vorantreiben.","breadcrumb":{"@id":"https:\/\/www.miamibeachfl.gov\/egovapp\/city-hall\/economicdevelopmentdepartment\/#breadcrumb"},"inLanguage":"de","potentialAction":[{"@type":"ReadAction","target":["https:\/\/www.miamibeachfl.gov\/egovapp\/city-hall\/economicdevelopmentdepartment\/"]}]},{"@type":"BreadcrumbList","@id":"https:\/\/www.miamibeachfl.gov\/egovapp\/city-hall\/economicdevelopmentdepartment\/#breadcrumb","itemListElement":[{"@type":"ListItem","position":1,"name":"Home","item":"https:\/\/www.miamibeachfl.gov\/"},{"@type":"ListItem","position":2,"name":"MobileAppPages","item":"https:\/\/www.miamibeachfl.gov\/egovapp\/"},{"@type":"ListItem","position":3,"name":"City Hall Department Directory","item":"https:\/\/www.miamibeachfl.gov\/egovapp\/city-hall\/"},{"@type":"ListItem","position":4,"name":"Economic Development Department"}]},{"@type":"WebSite","@id":"https:\/\/www.miamibeachfl.gov\/#website","url":"https:\/\/www.miamibeachfl.gov\/","name":"Stadt Miami Beach","description":"Die offizielle Website der Stadt Miami Beach. Bleiben Sie informiert und finden Sie wichtige Informationen zu st\u00e4dtischen Dienstleistungen, Neuigkeiten, Warnungen, Veranstaltungen, Stra\u00dfenbahnlinien, Stellenangeboten im \u00f6ffentlichen Dienst und mehr.","publisher":{"@id":"https:\/\/www.miamibeachfl.gov\/#organization"},"potentialAction":[{"@type":"SearchAction","target":{"@type":"EntryPoint","urlTemplate":"https:\/\/www.miamibeachfl.gov\/?s={search_term_string}"},"query-input":{"@type":"PropertyValueSpecification","valueRequired":true,"valueName":"search_term_string"}}],"inLanguage":"de"},{"@type":"Organization","@id":"https:\/\/www.miamibeachfl.gov\/#organization","name":"Stadt Miami Beach","url":"https:\/\/www.miamibeachfl.gov\/","logo":{"@type":"ImageObject","inLanguage":"de","@id":"https:\/\/www.miamibeachfl.gov\/#\/schema\/logo\/image\/","url":"https:\/\/www.miamibeachfl.gov\/wp-content\/uploads\/2022\/06\/miamibeach-logoblue.png","contentUrl":"https:\/\/www.miamibeachfl.gov\/wp-content\/uploads\/2022\/06\/miamibeach-logoblue.png","width":1962,"height":381,"caption":"City of Miami Beach"},"image":{"@id":"https:\/\/www.miamibeachfl.gov\/#\/schema\/logo\/image\/"},"sameAs":["https:\/\/www.facebook.com\/cityofmiamibeach","https:\/\/x.com\/Miamibeachnews","https:\/\/www.instagram.com\/miamibeachnews\/"],"description":"Die offizielle Website der Stadt Miami Beach. Bleiben Sie informiert und finden Sie wichtige Informationen zu st\u00e4dtischen Dienstleistungen, Neuigkeiten, Warnungen, Veranstaltungen, Stra\u00dfenbahnlinien, Stellenangeboten im \u00f6ffentlichen Dienst und mehr.","telephone":"305.604.CITY(2489)","legalName":"City of Miami Beach"}]}},"_links":{"self":[{"href":"https:\/\/www.miamibeachfl.gov\/de\/wp-json\/wp\/v2\/pages\/265602","targetHints":{"allow":["GET"]}}],"collection":[{"href":"https:\/\/www.miamibeachfl.gov\/de\/wp-json\/wp\/v2\/pages"}],"about":[{"href":"https:\/\/www.miamibeachfl.gov\/de\/wp-json\/wp\/v2\/types\/page"}],"author":[{"embeddable":true,"href":"https:\/\/www.miamibeachfl.gov\/de\/wp-json\/wp\/v2\/users\/222"}],"replies":[{"embeddable":true,"href":"https:\/\/www.miamibeachfl.gov\/de\/wp-json\/wp\/v2\/comments?post=265602"}],"version-history":[{"count":1,"href":"https:\/\/www.miamibeachfl.gov\/de\/wp-json\/wp\/v2\/pages\/265602\/revisions"}],"predecessor-version":[{"id":375791,"href":"https:\/\/www.miamibeachfl.gov\/de\/wp-json\/wp\/v2\/pages\/265602\/revisions\/375791"}],"up":[{"embeddable":true,"href":"https:\/\/www.miamibeachfl.gov\/de\/wp-json\/wp\/v2\/pages\/265532"}],"wp:attachment":[{"href":"https:\/\/www.miamibeachfl.gov\/de\/wp-json\/wp\/v2\/media?parent=265602"}],"wp:term":[{"taxonomy":"category","embeddable":true,"href":"https:\/\/www.miamibeachfl.gov\/de\/wp-json\/wp\/v2\/categories?post=265602"},{"taxonomy":"post_tag","embeddable":true,"href":"https:\/\/www.miamibeachfl.gov\/de\/wp-json\/wp\/v2\/tags?post=265602"}],"curies":[{"name":"wp","href":"https:\/\/api.w.org\/{rel}","templated":true}]}}