{"id":265612,"date":"2023-07-20T13:40:36","date_gmt":"2023-07-20T17:40:36","guid":{"rendered":"https:\/\/www.miamibeachfl.gov\/?page_id=265612"},"modified":"2025-06-07T15:22:21","modified_gmt":"2025-06-07T19:22:21","slug":"facilitiesmanagementdepartment","status":"publish","type":"page","link":"https:\/\/www.miamibeachfl.gov\/de\/egovapp\/city-hall\/facilitiesmanagementdepartment\/","title":{"rendered":"Abteilung Anlagen- und Flottenmanagement"},"content":{"rendered":"<a href=\"https:\/\/www.miamibeachfl.gov\/de\/egovapp\/city-hall\/\" target=\"_self\">\n\t\t\t\t\t\tZur\u00fcck zum Abteilungsverzeichnis\n\t\t\t\t\t<\/a>\n<h1>\n\t\t\tAnlagen- und Flottenmanagement\t<\/h1>\n\t<ul>\n\t\t<li><a href=\"tel:3056737631\" target=\"_self\"  aria-label=\"Gehen Sie zu Tel.: 3056737631\">\t\t\t\t\n\t\t<h3>305.673.7631<\/h3><\/a><\/li><li>\t\t\t\t\n\t\t<h3>Sprechzeiten:<\/h3><p>Montag \u2013 Freitag: 7:30 \u2013 17:00 Uhr<\/p><\/li><li><a href=\"https:\/\/goo.gl\/maps\/9kJcCSUVV47YJUKV8\" target=\"_blank\" rel=\"noopener\" aria-label=\"Gehen Sie zu https:\/\/goo.gl\/maps\/9kJcCSUVV47YJUKV8\">\t\t\t\t\n\t\t<h3>Hauptb\u00fcro:<\/h3><p>1833 Bay Road<br \/>Miami Beach, FL 33139<\/p><\/a><\/li>\t<\/ul>\n<h2>\n\t\t\tHintergrund\t<\/h2>\n\t<p><strong>Verm\u00f6gensverwaltung<\/strong><\/p>\n<p>Die Abteilung Asset Management verwaltet ein Portfolio von \u00fcber 387 Grundst\u00fccken mit Nutzungsarten wie Gewerbe, \u00f6ffentlichem Dienst, gemischter Nutzung und Wohnen mit einer Gesamtfl\u00e4che von rund 280.000 Quadratmetern. Sie ist f\u00fcr die Entwicklung von Standards im Einklang mit der wirtschaftlichen Entwicklung, die Anpassung des Verbraucherpreisindex an den aktuellen Marktwert, potenzielle Immobilientransaktionen, die Optimierung von Fl\u00e4chen und die Maximierung des Immobilienbestands zust\u00e4ndig. Dar\u00fcber hinaus verwaltet und \u00fcberwacht die Abteilung \u00fcber 160 Konzessionen und Mietvertr\u00e4ge.<\/p>\n<p><strong>Geb\u00e4udemanagement<\/strong><\/p>\n<p>Die Abteilung Geb\u00e4udemanagement ist f\u00fcr den laufenden Betrieb und die Instandhaltung der st\u00e4dtischen Geb\u00e4ude verantwortlich. Dazu geh\u00f6ren 102 st\u00e4dtische Geb\u00e4ude, das Lincoln Road District, 39 Br\u00fccken, 15 Denkm\u00e4ler, 23 Brunnen, vier spezielle Steuerbezirke (Normandy Shores, Biscayne Point, Allison Island und Biscayne Beach), das Weihnachtsbeleuchtungsprogramm, \u00fcber 9,6 km Fu\u00dfg\u00e4ngerzonen entlang der Str\u00e4nde und der Strandpromenade sowie 36 Rettungsschwimmerst\u00e4nde. Die Abteilung arbeitet mit anderen Abteilungen und Bereichen wie Parks und Erholung, \u00f6ffentliche Bauvorhaben und Gr\u00fcnfl\u00e4chenverwaltung zusammen, um qualitativ hochwertige Dienstleistungen zu erbringen.<\/p>\n<p><strong>Flottenmanagement<\/strong><\/p>\n<p>Die Abteilung Fuhrparkmanagement verwaltet den vielf\u00e4ltigen Fuhrpark der Stadt mit rund 1.250 Fahrzeugen und einem Wiederbeschaffungswert von rund 147 Milliarden Pfund. Davon sind knapp 880 Limousinen, SUVs, Kleinlaster und Transporter sowie verschiedene Schwerlaster und Spezialger\u00e4te wie Baumaschinen, Stra\u00dfenkehrmaschinen, Saugwagen, Lichtmasten, Generatoren, Gel\u00e4ndefahrzeuge, Wasserfahrzeuge, Anh\u00e4nger und Hochdruckreiniger. Dar\u00fcber hinaus betreut die Abteilung \u00fcber 100 Fahrzeuge f\u00fcr die Gemeinden Key Biscayne und North Bay.<\/p>\n<p>Auf der Liste der 100 besten Flotten Amerikas 2022 der National Association of Fleet Administrators (NAFA) aufgef\u00fchrt.<\/p>","protected":false},"excerpt":{"rendered":"<p>Zur\u00fcck zum Abteilungsverzeichnis Einrichtungen und Flottenmanagement 305.673.7631 B\u00fcrozeiten: Montag \u2013 Freitag: 7:30 \u2013 17:00 Uhr Hauptb\u00fcro: 1833 [\u2026]<\/p>","protected":false},"author":222,"featured_media":0,"parent":265532,"menu_order":0,"comment_status":"closed","ping_status":"closed","template":"","meta":{"_searchwp_excluded":"1","site-sidebar-layout":"default","site-content-layout":"","ast-site-content-layout":"","site-content-style":"default","site-sidebar-style":"default","ast-global-header-display":"disabled","ast-banner-title-visibility":"","ast-main-header-display":"","ast-hfb-above-header-display":"","ast-hfb-below-header-display":"","ast-hfb-mobile-header-display":"","site-post-title":"","ast-breadcrumbs-content":"","ast-featured-img":"","footer-sml-layout":"disabled","theme-transparent-header-meta":"","adv-header-id-meta":"","stick-header-meta":"","header-above-stick-meta":"","header-main-stick-meta":"","header-below-stick-meta":"","astra-migrate-meta-layouts":"default","ast-page-background-enabled":"default","ast-page-background-meta":{"desktop":{"background-color":"var(--ast-global-color-5)","background-image":"","background-repeat":"repeat","background-position":"center center","background-size":"auto","background-attachment":"scroll","background-type":"","background-media":"","overlay-type":"","overlay-color":"","overlay-opacity":"","overlay-gradient":""},"tablet":{"background-color":"","background-image":"","background-repeat":"repeat","background-position":"center center","background-size":"auto","background-attachment":"scroll","background-type":"","background-media":"","overlay-type":"","overlay-color":"","overlay-opacity":"","overlay-gradient":""},"mobile":{"background-color":"","background-image":"","background-repeat":"repeat","background-position":"center center","background-size":"auto","background-attachment":"scroll","background-type":"","background-media":"","overlay-type":"","overlay-color":"","overlay-opacity":"","overlay-gradient":""}},"ast-content-background-meta":{"desktop":{"background-color":"var(--ast-global-color-4)","background-image":"","background-repeat":"repeat","background-position":"center center","background-size":"auto","background-attachment":"scroll","background-type":"","background-media":"","overlay-type":"","overlay-color":"","overlay-opacity":"","overlay-gradient":""},"tablet":{"background-color":"var(--ast-global-color-4)","background-image":"","background-repeat":"repeat","background-position":"center center","background-size":"auto","background-attachment":"scroll","background-type":"","background-media":"","overlay-type":"","overlay-color":"","overlay-opacity":"","overlay-gradient":""},"mobile":{"background-color":"var(--ast-global-color-4)","background-image":"","background-repeat":"repeat","background-position":"center center","background-size":"auto","background-attachment":"scroll","background-type":"","background-media":"","overlay-type":"","overlay-color":"","overlay-opacity":"","overlay-gradient":""}},"footnotes":""},"categories":[],"tags":[1002,1000],"class_list":["post-265612","page","type-page","status-publish","hentry","tag-app-egov-page","tag-cityhall-egovapp"],"yoast_head":"<!-- This site is optimized with the Yoast SEO Premium plugin v26.6 (Yoast SEO v26.6) - https:\/\/yoast.com\/wordpress\/plugins\/seo\/ -->\n<title>Facilities and Fleet Management Department - City of Miami Beach<\/title>\n<meta name=\"description\" content=\"The Environment and Sustainability Department develops and implements adaptation and mitigation initiatives to preserve, protect, and enhance our natural resources.The Facilities and Fleet Management Department provides comprehensive management and maintenance of City-owned assets including facilities, real property, and fleet vehicles\" \/>\n<meta name=\"robots\" content=\"index, follow, max-snippet:-1, max-image-preview:large, max-video-preview:-1\" \/>\n<link rel=\"canonical\" href=\"https:\/\/www.miamibeachfl.gov\/de\/egovapp\/city-hall\/facilitiesmanagementdepartment\/\" \/>\n<meta property=\"og:locale\" content=\"de_DE\" \/>\n<meta property=\"og:type\" content=\"article\" \/>\n<meta property=\"og:title\" content=\"Facilities and Fleet Management Department\" \/>\n<meta property=\"og:description\" content=\"The Environment and Sustainability Department develops and implements adaptation and mitigation initiatives to preserve, protect, and enhance our natural resources.The Facilities and Fleet Management Department provides comprehensive management and maintenance of City-owned assets including facilities, real property, and fleet vehicles\" \/>\n<meta property=\"og:url\" content=\"https:\/\/www.miamibeachfl.gov\/de\/egovapp\/city-hall\/facilitiesmanagementdepartment\/\" \/>\n<meta property=\"og:site_name\" content=\"City of Miami Beach\" \/>\n<meta property=\"article:publisher\" content=\"https:\/\/www.facebook.com\/cityofmiamibeach\" \/>\n<meta property=\"article:modified_time\" content=\"2025-06-07T19:22:21+00:00\" \/>\n<meta property=\"og:image\" content=\"https:\/\/www.miamibeachfl.gov\/wp-content\/uploads\/2024\/01\/1000pxSquare-miamibeach-aerial-southpointview.jpeg\" \/>\n\t<meta property=\"og:image:width\" content=\"1000\" \/>\n\t<meta property=\"og:image:height\" content=\"1000\" \/>\n\t<meta property=\"og:image:type\" content=\"image\/jpeg\" \/>\n<meta name=\"twitter:card\" content=\"summary_large_image\" \/>\n<meta name=\"twitter:site\" content=\"@Miamibeachnews\" \/>\n<script type=\"application\/ld+json\" class=\"yoast-schema-graph\">{\"@context\":\"https:\/\/schema.org\",\"@graph\":[{\"@type\":\"WebPage\",\"@id\":\"https:\/\/www.miamibeachfl.gov\/egovapp\/city-hall\/facilitiesmanagementdepartment\/\",\"url\":\"https:\/\/www.miamibeachfl.gov\/egovapp\/city-hall\/facilitiesmanagementdepartment\/\",\"name\":\"Facilities and Fleet Management Department - City of Miami Beach\",\"isPartOf\":{\"@id\":\"https:\/\/www.miamibeachfl.gov\/#website\"},\"datePublished\":\"2023-07-20T17:40:36+00:00\",\"dateModified\":\"2025-06-07T19:22:21+00:00\",\"description\":\"The Environment and Sustainability Department develops and implements adaptation and mitigation initiatives to preserve, protect, and enhance our natural resources.The Facilities and Fleet Management Department provides comprehensive management and maintenance of City-owned assets including facilities, real property, and fleet vehicles\",\"breadcrumb\":{\"@id\":\"https:\/\/www.miamibeachfl.gov\/egovapp\/city-hall\/facilitiesmanagementdepartment\/#breadcrumb\"},\"inLanguage\":\"de\",\"potentialAction\":[{\"@type\":\"ReadAction\",\"target\":[\"https:\/\/www.miamibeachfl.gov\/egovapp\/city-hall\/facilitiesmanagementdepartment\/\"]}]},{\"@type\":\"BreadcrumbList\",\"@id\":\"https:\/\/www.miamibeachfl.gov\/egovapp\/city-hall\/facilitiesmanagementdepartment\/#breadcrumb\",\"itemListElement\":[{\"@type\":\"ListItem\",\"position\":1,\"name\":\"Home\",\"item\":\"https:\/\/www.miamibeachfl.gov\/\"},{\"@type\":\"ListItem\",\"position\":2,\"name\":\"MobileAppPages\",\"item\":\"https:\/\/www.miamibeachfl.gov\/egovapp\/\"},{\"@type\":\"ListItem\",\"position\":3,\"name\":\"City Hall Department Directory\",\"item\":\"https:\/\/www.miamibeachfl.gov\/egovapp\/city-hall\/\"},{\"@type\":\"ListItem\",\"position\":4,\"name\":\"Facilities and Fleet Management Department\"}]},{\"@type\":\"WebSite\",\"@id\":\"https:\/\/www.miamibeachfl.gov\/#website\",\"url\":\"https:\/\/www.miamibeachfl.gov\/\",\"name\":\"City of Miami Beach\",\"description\":\"The official website of the City of Miami Beach. Stay informed, find important information on city services, news, alerts, events, trolley routes, government employment and more.\",\"publisher\":{\"@id\":\"https:\/\/www.miamibeachfl.gov\/#organization\"},\"potentialAction\":[{\"@type\":\"SearchAction\",\"target\":{\"@type\":\"EntryPoint\",\"urlTemplate\":\"https:\/\/www.miamibeachfl.gov\/?s={search_term_string}\"},\"query-input\":{\"@type\":\"PropertyValueSpecification\",\"valueRequired\":true,\"valueName\":\"search_term_string\"}}],\"inLanguage\":\"de\"},{\"@type\":\"Organization\",\"@id\":\"https:\/\/www.miamibeachfl.gov\/#organization\",\"name\":\"City of Miami Beach\",\"url\":\"https:\/\/www.miamibeachfl.gov\/\",\"logo\":{\"@type\":\"ImageObject\",\"inLanguage\":\"de\",\"@id\":\"https:\/\/www.miamibeachfl.gov\/#\/schema\/logo\/image\/\",\"url\":\"https:\/\/www.miamibeachfl.gov\/wp-content\/uploads\/2022\/06\/miamibeach-logoblue.png\",\"contentUrl\":\"https:\/\/www.miamibeachfl.gov\/wp-content\/uploads\/2022\/06\/miamibeach-logoblue.png\",\"width\":1962,\"height\":381,\"caption\":\"City of Miami Beach\"},\"image\":{\"@id\":\"https:\/\/www.miamibeachfl.gov\/#\/schema\/logo\/image\/\"},\"sameAs\":[\"https:\/\/www.facebook.com\/cityofmiamibeach\",\"https:\/\/x.com\/Miamibeachnews\",\"https:\/\/www.instagram.com\/miamibeachnews\/\"],\"description\":\"The official website of the City of Miami Beach. Stay informed, find important information on city services, news, alerts, events, trolley routes, government employment and more.\",\"telephone\":\"305.604.CITY(2489)\",\"legalName\":\"City of Miami Beach\"}]}<\/script>\n<!-- \/ Yoast SEO Premium plugin. -->","yoast_head_json":{"title":"Abteilung f\u00fcr Anlagen- und Flottenmanagement \u2013 Stadt Miami Beach","description":"Die Abteilung f\u00fcr Umwelt und Nachhaltigkeit entwickelt und implementiert Anpassungs- und Minderungsinitiativen, um unsere nat\u00fcrlichen Ressourcen zu erhalten, zu sch\u00fctzen und zu verbessern. Die Abteilung f\u00fcr Anlagen- und Flottenmanagement bietet umfassende Verwaltung und Wartung der st\u00e4dtischen Verm\u00f6genswerte, einschlie\u00dflich Einrichtungen, Immobilien und Flottenfahrzeuge","robots":{"index":"index","follow":"follow","max-snippet":"max-snippet:-1","max-image-preview":"max-image-preview:large","max-video-preview":"max-video-preview:-1"},"canonical":"https:\/\/www.miamibeachfl.gov\/de\/egovapp\/city-hall\/facilitiesmanagementdepartment\/","og_locale":"de_DE","og_type":"article","og_title":"Facilities and Fleet Management Department","og_description":"The Environment and Sustainability Department develops and implements adaptation and mitigation initiatives to preserve, protect, and enhance our natural resources.The Facilities and Fleet Management Department provides comprehensive management and maintenance of City-owned assets including facilities, real property, and fleet vehicles","og_url":"https:\/\/www.miamibeachfl.gov\/de\/egovapp\/city-hall\/facilitiesmanagementdepartment\/","og_site_name":"City of Miami Beach","article_publisher":"https:\/\/www.facebook.com\/cityofmiamibeach","article_modified_time":"2025-06-07T19:22:21+00:00","og_image":[{"width":1000,"height":1000,"url":"https:\/\/www.miamibeachfl.gov\/wp-content\/uploads\/2024\/01\/1000pxSquare-miamibeach-aerial-southpointview.jpeg","type":"image\/jpeg"}],"twitter_card":"summary_large_image","twitter_site":"@Miamibeachnews","schema":{"@context":"https:\/\/schema.org","@graph":[{"@type":"WebPage","@id":"https:\/\/www.miamibeachfl.gov\/egovapp\/city-hall\/facilitiesmanagementdepartment\/","url":"https:\/\/www.miamibeachfl.gov\/egovapp\/city-hall\/facilitiesmanagementdepartment\/","name":"Abteilung f\u00fcr Anlagen- und Flottenmanagement \u2013 Stadt Miami Beach","isPartOf":{"@id":"https:\/\/www.miamibeachfl.gov\/#website"},"datePublished":"2023-07-20T17:40:36+00:00","dateModified":"2025-06-07T19:22:21+00:00","description":"Die Abteilung f\u00fcr Umwelt und Nachhaltigkeit entwickelt und implementiert Anpassungs- und Minderungsinitiativen, um unsere nat\u00fcrlichen Ressourcen zu erhalten, zu sch\u00fctzen und zu verbessern. Die Abteilung f\u00fcr Anlagen- und Flottenmanagement bietet umfassende Verwaltung und Wartung der st\u00e4dtischen Verm\u00f6genswerte, einschlie\u00dflich Einrichtungen, Immobilien und Flottenfahrzeuge","breadcrumb":{"@id":"https:\/\/www.miamibeachfl.gov\/egovapp\/city-hall\/facilitiesmanagementdepartment\/#breadcrumb"},"inLanguage":"de","potentialAction":[{"@type":"ReadAction","target":["https:\/\/www.miamibeachfl.gov\/egovapp\/city-hall\/facilitiesmanagementdepartment\/"]}]},{"@type":"BreadcrumbList","@id":"https:\/\/www.miamibeachfl.gov\/egovapp\/city-hall\/facilitiesmanagementdepartment\/#breadcrumb","itemListElement":[{"@type":"ListItem","position":1,"name":"Home","item":"https:\/\/www.miamibeachfl.gov\/"},{"@type":"ListItem","position":2,"name":"MobileAppPages","item":"https:\/\/www.miamibeachfl.gov\/egovapp\/"},{"@type":"ListItem","position":3,"name":"City Hall Department Directory","item":"https:\/\/www.miamibeachfl.gov\/egovapp\/city-hall\/"},{"@type":"ListItem","position":4,"name":"Facilities and Fleet Management Department"}]},{"@type":"WebSite","@id":"https:\/\/www.miamibeachfl.gov\/#website","url":"https:\/\/www.miamibeachfl.gov\/","name":"Stadt Miami Beach","description":"Die offizielle Website der Stadt Miami Beach. Bleiben Sie informiert und finden Sie wichtige Informationen zu st\u00e4dtischen Dienstleistungen, Neuigkeiten, Warnungen, Veranstaltungen, Stra\u00dfenbahnlinien, Stellenangeboten im \u00f6ffentlichen Dienst und mehr.","publisher":{"@id":"https:\/\/www.miamibeachfl.gov\/#organization"},"potentialAction":[{"@type":"SearchAction","target":{"@type":"EntryPoint","urlTemplate":"https:\/\/www.miamibeachfl.gov\/?s={search_term_string}"},"query-input":{"@type":"PropertyValueSpecification","valueRequired":true,"valueName":"search_term_string"}}],"inLanguage":"de"},{"@type":"Organization","@id":"https:\/\/www.miamibeachfl.gov\/#organization","name":"Stadt Miami Beach","url":"https:\/\/www.miamibeachfl.gov\/","logo":{"@type":"ImageObject","inLanguage":"de","@id":"https:\/\/www.miamibeachfl.gov\/#\/schema\/logo\/image\/","url":"https:\/\/www.miamibeachfl.gov\/wp-content\/uploads\/2022\/06\/miamibeach-logoblue.png","contentUrl":"https:\/\/www.miamibeachfl.gov\/wp-content\/uploads\/2022\/06\/miamibeach-logoblue.png","width":1962,"height":381,"caption":"City of Miami Beach"},"image":{"@id":"https:\/\/www.miamibeachfl.gov\/#\/schema\/logo\/image\/"},"sameAs":["https:\/\/www.facebook.com\/cityofmiamibeach","https:\/\/x.com\/Miamibeachnews","https:\/\/www.instagram.com\/miamibeachnews\/"],"description":"Die offizielle Website der Stadt Miami Beach. Bleiben Sie informiert und finden Sie wichtige Informationen zu st\u00e4dtischen Dienstleistungen, Neuigkeiten, Warnungen, Veranstaltungen, Stra\u00dfenbahnlinien, Stellenangeboten im \u00f6ffentlichen Dienst und mehr.","telephone":"305.604.CITY(2489)","legalName":"City of Miami Beach"}]}},"_links":{"self":[{"href":"https:\/\/www.miamibeachfl.gov\/de\/wp-json\/wp\/v2\/pages\/265612","targetHints":{"allow":["GET"]}}],"collection":[{"href":"https:\/\/www.miamibeachfl.gov\/de\/wp-json\/wp\/v2\/pages"}],"about":[{"href":"https:\/\/www.miamibeachfl.gov\/de\/wp-json\/wp\/v2\/types\/page"}],"author":[{"embeddable":true,"href":"https:\/\/www.miamibeachfl.gov\/de\/wp-json\/wp\/v2\/users\/222"}],"replies":[{"embeddable":true,"href":"https:\/\/www.miamibeachfl.gov\/de\/wp-json\/wp\/v2\/comments?post=265612"}],"version-history":[{"count":0,"href":"https:\/\/www.miamibeachfl.gov\/de\/wp-json\/wp\/v2\/pages\/265612\/revisions"}],"up":[{"embeddable":true,"href":"https:\/\/www.miamibeachfl.gov\/de\/wp-json\/wp\/v2\/pages\/265532"}],"wp:attachment":[{"href":"https:\/\/www.miamibeachfl.gov\/de\/wp-json\/wp\/v2\/media?parent=265612"}],"wp:term":[{"taxonomy":"category","embeddable":true,"href":"https:\/\/www.miamibeachfl.gov\/de\/wp-json\/wp\/v2\/categories?post=265612"},{"taxonomy":"post_tag","embeddable":true,"href":"https:\/\/www.miamibeachfl.gov\/de\/wp-json\/wp\/v2\/tags?post=265612"}],"curies":[{"name":"wp","href":"https:\/\/api.w.org\/{rel}","templated":true}]}}