{"id":265653,"date":"2023-07-20T16:35:36","date_gmt":"2023-07-20T20:35:36","guid":{"rendered":"https:\/\/www.miamibeachfl.gov\/?page_id=265653"},"modified":"2025-06-07T15:40:22","modified_gmt":"2025-06-07T19:40:22","slug":"itdepartment","status":"publish","type":"page","link":"https:\/\/www.miamibeachfl.gov\/de\/egovapp\/city-hall\/itdepartment\/","title":{"rendered":"Abteilung Informationstechnologie"},"content":{"rendered":"<a href=\"https:\/\/www.miamibeachfl.gov\/de\/egovapp\/city-hall\/\" target=\"_self\" role=\"button\" rel=\"noopener\">\n\t\t\t\t\t\tZur\u00fcck zum Abteilungsverzeichnis\n\t\t\t\t\t<\/a>\n<h1>\n\t\tInformationstechnologie\n\t<\/h1>\n\t<ul>\n\t\t<li><a href=\"tel:3056737040\" target=\"_self\" aria-label=\"Gehen Sie zu Tel.: 3056737040\" rel=\"noopener\"><\/a>\t\t\t\t\n\t\t<h3>305.673.7040<\/h3><\/li><li>\t\t\t\t\n\t\t<h3>Sprechzeiten:<\/h3><p>Montag \u2013 Freitag: 8:30 \u2013 17:00 Uhr<\/p><\/li><li><a href=\"https:\/\/goo.gl\/maps\/L2ZxTrWpaqefYwDn9\" target=\"_self\" aria-label=\"Gehen Sie zu https:\/\/goo.gl\/maps\/L2ZxTrWpaqefYwDn9\" rel=\"noopener\"><\/a>\t\t\t\t\n\t\t<h3>Hauptb\u00fcro:<\/h3><p>1700 Convention Center Drive<br \/>Miami Beach, FL 33139<\/p><\/li>\t<\/ul>\n\t<p><strong>Richtlinien und Verfahren <\/strong>Die IT-Abteilung implementiert Verfahren und wendet Upgrades auf Grundlage der besten Branchenpraktiken an.<\/p>\n<p><strong>Sicherheit <\/strong>Die IT-Abteilung implementiert branchenf\u00fchrende Sicherheitsma\u00dfnahmen.<\/p>\n<p><strong>Privatisierung <\/strong>Die IT-Abteilung f\u00f6rdert aktiv Partnerschaften mit dem privaten Sektor, sofern dies sinnvoll und kosteneffizient ist. Kommerziell bew\u00e4hrte L\u00f6sungen werden in Betracht gezogen, wenn gleichwertige Dienstleistungen kosteng\u00fcnstiger erworben werden k\u00f6nnen und den Anforderungen der Stadt entsprechen. Die Stadt muss bereit sein, Gesch\u00e4ftsabl\u00e4ufe zu \u00e4ndern, um die Vorteile kommerzieller Standardl\u00f6sungen zu nutzen, anstatt stets ma\u00dfgeschneiderte Software zu entwickeln, die bestehenden Gesch\u00e4ftspraktiken entspricht.<\/p>\n<p><strong>Zug\u00e4nglichkeit staatlicher Dienste <\/strong>Die IT-Abteilung wird weiterhin webbasierte Technologien nutzen, um den Zeit- und Kostenaufwand f\u00fcr Mitarbeiter und B\u00fcrger zu reduzieren, der f\u00fcr den Zugriff auf ausgew\u00e4hlte Informationen und Dienste der Stadtverwaltung von Miami Beach erforderlich ist.<\/p>\n<p><strong>Systemintegration <\/strong>Die IT-Abteilung pr\u00fcft nach M\u00f6glichkeit M\u00f6glichkeiten zur Datenintegration. Da die Anforderungen an Gesch\u00e4ftsinformationen \u00fcber die einzelne, f\u00fcr die Daten zust\u00e4ndige Abteilung hinausgehen, ist es wichtig, dass Anwendungen die Datenintegration unterst\u00fctzen. Werte und Definitionen von Daten, die sich \u00fcber Organisationen oder Systeme erstrecken, m\u00fcssen konsistent gehalten werden, um die Genauigkeit von Berichten und Entscheidungen zu gew\u00e4hrleisten, auch wenn die Daten nicht alle an einem einzigen Ort gespeichert sind.<\/p>\n<p><strong>F\u00fchrung <\/strong>Die IT-Abteilung st\u00e4rkt jede Abteilung, indem sie ihnen die aktive Mitwirkung und \u201eGovernance\u201c bei der Entwicklung der von ihr zu erbringenden Dienstleistungen erm\u00f6glicht. Diese Governance umfasst die Einholung von Benutzereingaben zu Themen wie Ausrichtung, Festlegung von Priorit\u00e4ten, \u00dcberpr\u00fcfung von Technologieentscheidungen und Gew\u00e4hrleistung einer effektiven Benutzerkommunikation bei der Systementwicklung und im t\u00e4glichen Betrieb. Partnerschaften zwischen der explorierenden Abteilung und der IT sind notwendig, um die Ergebnisse erfolgreicher Explorationen zu gew\u00e4hrleisten.<\/p>\n<p><strong>Gesch\u00e4ftskontinuit\u00e4t <\/strong>Die IT-Abteilung konzentriert sich auf eine Gesch\u00e4ftskontinuit\u00e4tsstrategie, um sicherzustellen, dass Technologien optimiert werden, ohne Compliance, Risiken oder Sicherheit negativ zu beeinflussen.<\/p>\n<p><strong>Innovation <\/strong>Die IT-Abteilung ist stets auf dem neuesten Stand der Technik, um Betriebsabl\u00e4ufe und B\u00fcrgerbeteiligung zu optimieren. Sie stellt den st\u00e4dtischen Abteilungen au\u00dferdem die notwendigen Tools und das Fachwissen zur Verf\u00fcgung, um die Ideenfindung und Umsetzung von Innovationen zu erleichtern.<\/p>","protected":false},"excerpt":{"rendered":"<p>Back to Department Directory Information Technology 305.673.7040 Office Hours: Monday &#8211; Friday: 8:30AM &#8211; 5PM Main Office: 1700 Convention Center [&hellip;]<\/p>\n","protected":false},"author":222,"featured_media":0,"parent":265532,"menu_order":0,"comment_status":"closed","ping_status":"closed","template":"","meta":{"_searchwp_excluded":"1","site-sidebar-layout":"default","site-content-layout":"","ast-site-content-layout":"","site-content-style":"default","site-sidebar-style":"default","ast-global-header-display":"disabled","ast-banner-title-visibility":"","ast-main-header-display":"","ast-hfb-above-header-display":"","ast-hfb-below-header-display":"","ast-hfb-mobile-header-display":"","site-post-title":"","ast-breadcrumbs-content":"","ast-featured-img":"","footer-sml-layout":"disabled","ast-disable-related-posts":"","theme-transparent-header-meta":"","adv-header-id-meta":"","stick-header-meta":"","header-above-stick-meta":"","header-main-stick-meta":"","header-below-stick-meta":"","astra-migrate-meta-layouts":"default","ast-page-background-enabled":"default","ast-page-background-meta":{"desktop":{"background-color":"var(--ast-global-color-5)","background-image":"","background-repeat":"repeat","background-position":"center center","background-size":"auto","background-attachment":"scroll","background-type":"","background-media":"","overlay-type":"","overlay-color":"","overlay-opacity":"","overlay-gradient":""},"tablet":{"background-color":"","background-image":"","background-repeat":"repeat","background-position":"center center","background-size":"auto","background-attachment":"scroll","background-type":"","background-media":"","overlay-type":"","overlay-color":"","overlay-opacity":"","overlay-gradient":""},"mobile":{"background-color":"","background-image":"","background-repeat":"repeat","background-position":"center center","background-size":"auto","background-attachment":"scroll","background-type":"","background-media":"","overlay-type":"","overlay-color":"","overlay-opacity":"","overlay-gradient":""}},"ast-content-background-meta":{"desktop":{"background-color":"var(--ast-global-color-4)","background-image":"","background-repeat":"repeat","background-position":"center center","background-size":"auto","background-attachment":"scroll","background-type":"","background-media":"","overlay-type":"","overlay-color":"","overlay-opacity":"","overlay-gradient":""},"tablet":{"background-color":"var(--ast-global-color-4)","background-image":"","background-repeat":"repeat","background-position":"center center","background-size":"auto","background-attachment":"scroll","background-type":"","background-media":"","overlay-type":"","overlay-color":"","overlay-opacity":"","overlay-gradient":""},"mobile":{"background-color":"var(--ast-global-color-4)","background-image":"","background-repeat":"repeat","background-position":"center center","background-size":"auto","background-attachment":"scroll","background-type":"","background-media":"","overlay-type":"","overlay-color":"","overlay-opacity":"","overlay-gradient":""}},"footnotes":""},"categories":[],"tags":[1002,1000],"class_list":["post-265653","page","type-page","status-publish","hentry","tag-app-egov-page","tag-cityhall-egovapp"],"yoast_head":"<!-- This site is optimized with the Yoast SEO Premium plugin v27.4 (Yoast SEO v27.4) - https:\/\/yoast.com\/product\/yoast-seo-premium-wordpress\/ -->\n<title>Information Technology Department - City of Miami Beach<\/title>\n<meta name=\"description\" content=\"The Information Technology Department (IT) supports, maintains, and services all technology for City of Miami Beach Departments.\" \/>\n<meta name=\"robots\" content=\"index, follow, max-snippet:-1, max-image-preview:large, max-video-preview:-1\" \/>\n<link rel=\"canonical\" href=\"https:\/\/www.miamibeachfl.gov\/de\/egovapp\/city-hall\/itdepartment\/\" \/>\n<meta property=\"og:locale\" content=\"de_DE\" \/>\n<meta property=\"og:type\" content=\"article\" \/>\n<meta property=\"og:title\" content=\"Information Technology Department\" \/>\n<meta property=\"og:description\" content=\"The Information Technology Department (IT) supports, maintains, and services all technology for City of Miami Beach Departments.\" \/>\n<meta property=\"og:url\" content=\"https:\/\/www.miamibeachfl.gov\/de\/egovapp\/city-hall\/itdepartment\/\" \/>\n<meta property=\"og:site_name\" content=\"City of Miami Beach\" \/>\n<meta property=\"article:publisher\" content=\"https:\/\/www.facebook.com\/cityofmiamibeach\" \/>\n<meta property=\"article:modified_time\" content=\"2025-06-07T19:40:22+00:00\" \/>\n<meta property=\"og:image\" content=\"https:\/\/www.miamibeachfl.gov\/wp-content\/uploads\/2024\/01\/1000pxSquare-miamibeach-aerial-southpointview.jpeg\" \/>\n\t<meta property=\"og:image:width\" content=\"1000\" \/>\n\t<meta property=\"og:image:height\" content=\"1000\" \/>\n\t<meta property=\"og:image:type\" content=\"image\/jpeg\" \/>\n<meta name=\"twitter:card\" content=\"summary_large_image\" \/>\n<meta name=\"twitter:site\" content=\"@Miamibeachnews\" \/>\n<script type=\"application\/ld+json\" class=\"yoast-schema-graph\">{\"@context\":\"https:\\\/\\\/schema.org\",\"@graph\":[{\"@type\":\"WebPage\",\"@id\":\"https:\\\/\\\/www.miamibeachfl.gov\\\/egovapp\\\/city-hall\\\/itdepartment\\\/\",\"url\":\"https:\\\/\\\/www.miamibeachfl.gov\\\/egovapp\\\/city-hall\\\/itdepartment\\\/\",\"name\":\"Information Technology Department - City of Miami Beach\",\"isPartOf\":{\"@id\":\"https:\\\/\\\/www.miamibeachfl.gov\\\/#website\"},\"datePublished\":\"2023-07-20T20:35:36+00:00\",\"dateModified\":\"2025-06-07T19:40:22+00:00\",\"description\":\"The Information Technology Department (IT) supports, maintains, and services all technology for City of Miami Beach Departments.\",\"breadcrumb\":{\"@id\":\"https:\\\/\\\/www.miamibeachfl.gov\\\/egovapp\\\/city-hall\\\/itdepartment\\\/#breadcrumb\"},\"inLanguage\":\"de\",\"potentialAction\":[{\"@type\":\"ReadAction\",\"target\":[\"https:\\\/\\\/www.miamibeachfl.gov\\\/egovapp\\\/city-hall\\\/itdepartment\\\/\"]}]},{\"@type\":\"BreadcrumbList\",\"@id\":\"https:\\\/\\\/www.miamibeachfl.gov\\\/egovapp\\\/city-hall\\\/itdepartment\\\/#breadcrumb\",\"itemListElement\":[{\"@type\":\"ListItem\",\"position\":1,\"name\":\"Home\",\"item\":\"https:\\\/\\\/www.miamibeachfl.gov\\\/\"},{\"@type\":\"ListItem\",\"position\":2,\"name\":\"MobileAppPages\",\"item\":\"https:\\\/\\\/www.miamibeachfl.gov\\\/egovapp\\\/\"},{\"@type\":\"ListItem\",\"position\":3,\"name\":\"City Hall Department Directory\",\"item\":\"https:\\\/\\\/www.miamibeachfl.gov\\\/egovapp\\\/city-hall\\\/\"},{\"@type\":\"ListItem\",\"position\":4,\"name\":\"Information Technology Department\"}]},{\"@type\":\"WebSite\",\"@id\":\"https:\\\/\\\/www.miamibeachfl.gov\\\/#website\",\"url\":\"https:\\\/\\\/www.miamibeachfl.gov\\\/\",\"name\":\"City of Miami Beach\",\"description\":\"The official website of the City of Miami Beach. Stay informed, find important information on city services, news, alerts, events, trolley routes, government employment and more.\",\"publisher\":{\"@id\":\"https:\\\/\\\/www.miamibeachfl.gov\\\/#organization\"},\"potentialAction\":[{\"@type\":\"SearchAction\",\"target\":{\"@type\":\"EntryPoint\",\"urlTemplate\":\"https:\\\/\\\/www.miamibeachfl.gov\\\/?s={search_term_string}\"},\"query-input\":{\"@type\":\"PropertyValueSpecification\",\"valueRequired\":true,\"valueName\":\"search_term_string\"}}],\"inLanguage\":\"de\"},{\"@type\":\"Organization\",\"@id\":\"https:\\\/\\\/www.miamibeachfl.gov\\\/#organization\",\"name\":\"City of Miami Beach\",\"url\":\"https:\\\/\\\/www.miamibeachfl.gov\\\/\",\"logo\":{\"@type\":\"ImageObject\",\"inLanguage\":\"de\",\"@id\":\"https:\\\/\\\/www.miamibeachfl.gov\\\/#\\\/schema\\\/logo\\\/image\\\/\",\"url\":\"https:\\\/\\\/www.miamibeachfl.gov\\\/wp-content\\\/uploads\\\/2022\\\/06\\\/miamibeach-logoblue.png\",\"contentUrl\":\"https:\\\/\\\/www.miamibeachfl.gov\\\/wp-content\\\/uploads\\\/2022\\\/06\\\/miamibeach-logoblue.png\",\"width\":1962,\"height\":381,\"caption\":\"City of Miami Beach\"},\"image\":{\"@id\":\"https:\\\/\\\/www.miamibeachfl.gov\\\/#\\\/schema\\\/logo\\\/image\\\/\"},\"sameAs\":[\"https:\\\/\\\/www.facebook.com\\\/cityofmiamibeach\",\"https:\\\/\\\/x.com\\\/Miamibeachnews\",\"https:\\\/\\\/www.instagram.com\\\/miamibeachnews\\\/\"],\"description\":\"The official website of the City of Miami Beach. Stay informed, find important information on city services, news, alerts, events, trolley routes, government employment and more.\",\"telephone\":\"305.604.CITY(2489)\",\"legalName\":\"City of Miami Beach\"}]}<\/script>\n<!-- \/ Yoast SEO Premium plugin. -->","yoast_head_json":{"title":"Abteilung f\u00fcr Informationstechnologie \u2013 Stadt Miami Beach","description":"Die Abteilung f\u00fcr Informationstechnologie (IT) unterst\u00fctzt, wartet und wartet die gesamte Technologie der Abteilungen der Stadt Miami Beach.","robots":{"index":"index","follow":"follow","max-snippet":"max-snippet:-1","max-image-preview":"max-image-preview:large","max-video-preview":"max-video-preview:-1"},"canonical":"https:\/\/www.miamibeachfl.gov\/de\/egovapp\/city-hall\/itdepartment\/","og_locale":"de_DE","og_type":"article","og_title":"Information Technology Department","og_description":"The Information Technology Department (IT) supports, maintains, and services all technology for City of Miami Beach Departments.","og_url":"https:\/\/www.miamibeachfl.gov\/de\/egovapp\/city-hall\/itdepartment\/","og_site_name":"City of Miami Beach","article_publisher":"https:\/\/www.facebook.com\/cityofmiamibeach","article_modified_time":"2025-06-07T19:40:22+00:00","og_image":[{"width":1000,"height":1000,"url":"https:\/\/www.miamibeachfl.gov\/wp-content\/uploads\/2024\/01\/1000pxSquare-miamibeach-aerial-southpointview.jpeg","type":"image\/jpeg"}],"twitter_card":"summary_large_image","twitter_site":"@Miamibeachnews","schema":{"@context":"https:\/\/schema.org","@graph":[{"@type":"WebPage","@id":"https:\/\/www.miamibeachfl.gov\/egovapp\/city-hall\/itdepartment\/","url":"https:\/\/www.miamibeachfl.gov\/egovapp\/city-hall\/itdepartment\/","name":"Abteilung f\u00fcr Informationstechnologie \u2013 Stadt Miami Beach","isPartOf":{"@id":"https:\/\/www.miamibeachfl.gov\/#website"},"datePublished":"2023-07-20T20:35:36+00:00","dateModified":"2025-06-07T19:40:22+00:00","description":"Die Abteilung f\u00fcr Informationstechnologie (IT) unterst\u00fctzt, wartet und wartet die gesamte Technologie der Abteilungen der Stadt Miami Beach.","breadcrumb":{"@id":"https:\/\/www.miamibeachfl.gov\/egovapp\/city-hall\/itdepartment\/#breadcrumb"},"inLanguage":"de","potentialAction":[{"@type":"ReadAction","target":["https:\/\/www.miamibeachfl.gov\/egovapp\/city-hall\/itdepartment\/"]}]},{"@type":"BreadcrumbList","@id":"https:\/\/www.miamibeachfl.gov\/egovapp\/city-hall\/itdepartment\/#breadcrumb","itemListElement":[{"@type":"ListItem","position":1,"name":"Home","item":"https:\/\/www.miamibeachfl.gov\/"},{"@type":"ListItem","position":2,"name":"MobileAppPages","item":"https:\/\/www.miamibeachfl.gov\/egovapp\/"},{"@type":"ListItem","position":3,"name":"City Hall Department Directory","item":"https:\/\/www.miamibeachfl.gov\/egovapp\/city-hall\/"},{"@type":"ListItem","position":4,"name":"Information Technology Department"}]},{"@type":"WebSite","@id":"https:\/\/www.miamibeachfl.gov\/#website","url":"https:\/\/www.miamibeachfl.gov\/","name":"Stadt Miami Beach","description":"Die offizielle Website der Stadt Miami Beach. Bleiben Sie informiert und finden Sie wichtige Informationen zu st\u00e4dtischen Dienstleistungen, Neuigkeiten, Warnungen, Veranstaltungen, Stra\u00dfenbahnlinien, Stellenangeboten im \u00f6ffentlichen Dienst und mehr.","publisher":{"@id":"https:\/\/www.miamibeachfl.gov\/#organization"},"potentialAction":[{"@type":"SearchAction","target":{"@type":"EntryPoint","urlTemplate":"https:\/\/www.miamibeachfl.gov\/?s={search_term_string}"},"query-input":{"@type":"PropertyValueSpecification","valueRequired":true,"valueName":"search_term_string"}}],"inLanguage":"de"},{"@type":"Organization","@id":"https:\/\/www.miamibeachfl.gov\/#organization","name":"Stadt Miami Beach","url":"https:\/\/www.miamibeachfl.gov\/","logo":{"@type":"ImageObject","inLanguage":"de","@id":"https:\/\/www.miamibeachfl.gov\/#\/schema\/logo\/image\/","url":"https:\/\/www.miamibeachfl.gov\/wp-content\/uploads\/2022\/06\/miamibeach-logoblue.png","contentUrl":"https:\/\/www.miamibeachfl.gov\/wp-content\/uploads\/2022\/06\/miamibeach-logoblue.png","width":1962,"height":381,"caption":"City of Miami Beach"},"image":{"@id":"https:\/\/www.miamibeachfl.gov\/#\/schema\/logo\/image\/"},"sameAs":["https:\/\/www.facebook.com\/cityofmiamibeach","https:\/\/x.com\/Miamibeachnews","https:\/\/www.instagram.com\/miamibeachnews\/"],"description":"Die offizielle Website der Stadt Miami Beach. Bleiben Sie informiert und finden Sie wichtige Informationen zu st\u00e4dtischen Dienstleistungen, Neuigkeiten, Warnungen, Veranstaltungen, Stra\u00dfenbahnlinien, Stellenangeboten im \u00f6ffentlichen Dienst und mehr.","telephone":"305.604.CITY(2489)","legalName":"City of Miami Beach"}]}},"_links":{"self":[{"href":"https:\/\/www.miamibeachfl.gov\/de\/wp-json\/wp\/v2\/pages\/265653","targetHints":{"allow":["GET"]}}],"collection":[{"href":"https:\/\/www.miamibeachfl.gov\/de\/wp-json\/wp\/v2\/pages"}],"about":[{"href":"https:\/\/www.miamibeachfl.gov\/de\/wp-json\/wp\/v2\/types\/page"}],"author":[{"embeddable":true,"href":"https:\/\/www.miamibeachfl.gov\/de\/wp-json\/wp\/v2\/users\/222"}],"replies":[{"embeddable":true,"href":"https:\/\/www.miamibeachfl.gov\/de\/wp-json\/wp\/v2\/comments?post=265653"}],"version-history":[{"count":0,"href":"https:\/\/www.miamibeachfl.gov\/de\/wp-json\/wp\/v2\/pages\/265653\/revisions"}],"up":[{"embeddable":true,"href":"https:\/\/www.miamibeachfl.gov\/de\/wp-json\/wp\/v2\/pages\/265532"}],"wp:attachment":[{"href":"https:\/\/www.miamibeachfl.gov\/de\/wp-json\/wp\/v2\/media?parent=265653"}],"wp:term":[{"taxonomy":"category","embeddable":true,"href":"https:\/\/www.miamibeachfl.gov\/de\/wp-json\/wp\/v2\/categories?post=265653"},{"taxonomy":"post_tag","embeddable":true,"href":"https:\/\/www.miamibeachfl.gov\/de\/wp-json\/wp\/v2\/tags?post=265653"}],"curies":[{"name":"wp","href":"https:\/\/api.w.org\/{rel}","templated":true}]}}