{"id":265657,"date":"2023-07-20T16:45:28","date_gmt":"2023-07-20T20:45:28","guid":{"rendered":"https:\/\/www.miamibeachfl.gov\/?page_id=265657"},"modified":"2025-06-07T15:43:49","modified_gmt":"2025-06-07T19:43:49","slug":"communicationsdepartment","status":"publish","type":"page","link":"https:\/\/www.miamibeachfl.gov\/de\/egovapp\/city-hall\/communicationsdepartment\/","title":{"rendered":"Marketing &amp; Kommunikation"},"content":{"rendered":"<a href=\"https:\/\/www.miamibeachfl.gov\/de\/egovapp\/city-hall\/\" target=\"_self\" role=\"button\" rel=\"noopener\">\r\n\t\t\t\t\t\tZur\u00fcck zum Abteilungsverzeichnis\r\n\t\t\t\t\t<\/a>\r\n<h1>\r\n\t\tMarketing und Kommunikation\r\n\t<\/h1>\r\n\t<ul>\r\n\t\t<li><a href=\"tel:3056737575\" target=\"_self\" aria-label=\"Gehen Sie zu Tel.: 3056737575\" rel=\"noopener\"><\/a>\t\t\t\t\r\n\t\t<h3>305.673.7575<\/h3><\/li><li>\t\t\t\t\r\n\t\t<h3>Sprechzeiten:<\/h3><p>Montag \u2013 Freitag: 9:00 \u2013 17:00 Uhr<\/p><\/li><li><a href=\"https:\/\/goo.gl\/maps\/3ygKwhECckA3SPxWA\" target=\"_blank\" rel=\"noopener\" aria-label=\"Gehen Sie zu https:\/\/goo.gl\/maps\/3ygKwhECckA3SPxWA\"><\/a>\t\t\t\t\r\n\t\t<h3>Hauptb\u00fcro:<\/h3><p>1700 Convention Center Drive<br \/>Miami Beach, FL 33139<\/p><\/li>\t<\/ul>\r\n<h2>\r\n\t\tBleiben Sie in Verbindung! <br \/>Soziale Medien, Nachrichten, Benachrichtigungen und mehr\r\n\t<\/h2>\r\n\t<ul>\r\n\t\t<li><a href=\"https:\/\/www.facebook.com\/cityofmiamibeach\/\" target=\"_self\" aria-label=\"Gehen Sie zu https:\/\/www.facebook.com\/cityofmiamibeach\/\" rel=\"noopener\"><\/a>\t\t\t\t\r\n\t\t<h3>Facebook<\/h3><br \/>\r\n<\/li><li>\t\t\t\t\r\n\t\t<h3>Instagram<\/h3><\/li><li><a href=\"https:\/\/twitter.com\/miamibeachnews\" target=\"_blank\" rel=\"noopener\" aria-label=\"Gehen Sie zu https:\/\/twitter.com\/miamibeachnews\"><\/a>\t\t\r\n\t\t\t\t<img decoding=\"async\" src=\"https:\/\/www.miamibeachfl.gov\/wp-content\/uploads\/2023\/11\/twitterx.png\" alt=\"twitter X\" title=\"twitterx\" itemprop=\"image\"\/>\r\n\t\t<h3>Twitter<\/h3><\/li><li><a href=\"https:\/\/goo.gl\/maps\/3ygKwhECckA3SPxWA\" target=\"_blank\" rel=\"noopener\" aria-label=\"Gehen Sie zu https:\/\/goo.gl\/maps\/3ygKwhECckA3SPxWA\"><\/a>\t\t\t\t\r\n\t\t<h3>NextDoor<\/h3><\/li><li><a href=\"https:\/\/www.youtube.com\/user\/cityofmiamibeach\/videos\" target=\"_blank\" rel=\"noopener\" aria-label=\"Gehen Sie zu https:\/\/www.youtube.com\/user\/cityofmiamibeach\/videos\"><\/a>\t\t\t\t\r\n\t\t<h3>YouTube<\/h3><\/li>\t<\/ul>\r\n\t<ul>\r\n\t\t<li><a href=\"https:\/\/issuu.com\/cityofmiamibeach\" target=\"_self\" aria-label=\"Gehen Sie zu https:\/\/issuu.com\/cityofmiamibeach\" rel=\"noopener\"><\/a>\t\t\t\t\r\n\t\t<h3>MB Magazin<\/h3><p>Das viertelj\u00e4hrlich erscheinende zweisprachige Magazin der Stadt Miami Beach.<\/p><\/li><li>\t\t\t\t\r\n\t\t<h3>MBTV<\/h3><p>Der offizielle Kanal der Stadt Miami Beach, auf dem Sie Live-Meetings verfolgen k\u00f6nnen.<\/p><\/li><li><a href=\"https:\/\/visitor.r20.constantcontact.com\/manage\/optin?v=001G3gQF_El_4o1UEbguheB5mmzfG7onDdMWh1j1h9a2GsYhO3lonlhDSUJFN_o5P9wC0vRAaCeLeZPSQUtU24d15ThoaXBqAVUR9PeN6M6eUc%3D\" target=\"_blank\" rel=\"noopener\" aria-label=\"Go to https:\/\/visitor.r20.constantcontact.com\/manage\/optin?v=001G3gQF_El_4o1UEbguheB5mmzfG7onDdMWh1j1h9a2GsYhO3lonlhDSUJFN_o5P9wC0vRAaCeLeZPSQUtU24d15ThoaXBqAVUR9PeN6M6eUc%3D\"><\/a>\t\t\t\t\r\n\t\t<h3>E-Newsletter<\/h3><p>Melden Sie sich an, um E-Mail-Benachrichtigungen zu bestimmten Bereichen, Themen, Meetings oder zu allen Benachrichtigungen der Stadt zu erhalten.<\/p><\/li><li>\t\t\t\t\r\n\t\t<h3>Senden Sie eine SMS mit dem Text MBAlert an 888777<\/h3><p>Abonnieren Sie, um Notfall- und wichtige Verkehrsbenachrichtigungen auf Ihrem Mobilger\u00e4t zu erhalten.<\/p><\/li><li>\t\t\t\t\r\n\t\t<h3>MB Resident Connect<\/h3><p>Melden Sie sich an, um E-Mail-Benachrichtigungen basierend auf Schl\u00fcsselw\u00f6rtern oder Ausdr\u00fccken zu erhalten, die auf der Tagesordnung einer \u00f6ffentlichen Sitzung ver\u00f6ffentlicht wurden.<\/p><\/li><li>\t\t\t\t\r\n\t\t<h3>Recht der Bewohner auf Information<\/h3><p>Erhalten Sie gezielte elektronische Benachrichtigungen zu Angelegenheiten, die die Lebensqualit\u00e4t der Bewohner betreffen. Erhalten Sie Benachrichtigungen f\u00fcr Mid, North und South Beach.<\/p><\/li><li>\t\t\t\t\r\n\t\t<h3>Bedenken melden<\/h3><p>Verwenden Sie das Anfrageformular in dieser App, um ein Anliegen zu melden oder anzurufen <strong><a href=\"tel:3056042489\">305.604.CITY<\/a><\/strong> (2489) oder unsere Polizei-Nicht-Notrufnummer <strong><a href=\"tel:3056737900\">305.673.7900<\/a>.\u00a0<\/strong><\/p><\/li><li><a href=\"https:\/\/www.miamibeachfl.gov\/de\/egovapp\/city-hall\/communicationsdepartment\/neighborhood-affairs-division\/\" target=\"_blank\" rel=\"noopener\" aria-label=\"Gehen Sie zu https:\/\/www.miamibeachfl.gov\/egovapp\/city-hall\/communicationsdepartment\/neighborhood-affairs-division\/\"><\/a>\t\t\t\t\r\n\t\t<h3>Abteilung f\u00fcr Nachbarschaftsangelegenheiten<\/h3><\/li>\t<\/ul>\r\n<h2>\r\n\t\tHintergrund\r\n\t<\/h2>\r\n\t<p>Das B\u00fcro f\u00fcr Marketing und Kommunikation fungiert in erster Linie als Bindeglied zwischen der Stadtverwaltung von Miami Beach und ihren verschiedenen Abteilungen, der \u00d6ffentlichkeit und den Medien. Es verf\u00fcgt \u00fcber ein Toolkit, das Pressemitteilungen, Social Media auf verschiedenen Plattformen, auf ausgew\u00e4hlte Zielgruppen zugeschnittene E-Mail-Newsletter, Printpublikationen, Fernsehen, Direktwerbung, SMS-Benachrichtigungen, pers\u00f6nliche Interaktionen mit Gemeindegruppen, Krisenkommunikation und Au\u00dfenwerbung wie Plakatw\u00e4nde, Bushaltestellen und Einkaufswagen-Beschriftungen umfasst. Wir produzieren j\u00e4hrlich Tausende kreativer Inhalte. Das B\u00fcro ist nicht mit der F\u00f6rderung von Tourismus und Gastgewerbe beauftragt, da diese Initiativen an das Greater Miami Convention &amp; Visitors Bureau vergeben werden. Dennoch spielt es eine wichtige Rolle bei der Verbreitung von Informationen \u00fcber Veranstaltungen mit starkem Tourismusanteil.<\/p>\r\n<p>Die Abteilung f\u00fcr Nachbarschaftsangelegenheiten f\u00f6rdert enge Partnerschaften zwischen der Gemeinde und den st\u00e4dtischen Serviceabteilungen, um die Lebensqualit\u00e4t von Einwohnern und Unternehmen zu verbessern. Unser Team von Nachbarschaftskoordinatoren arbeitet aktiv mit der Gemeinde zusammen, um spezifische Bed\u00fcrfnisse und W\u00fcnsche zu ermitteln und einen reaktionsschnellen und zeitnahen Kundenservice zu bieten. Unser Ziel ist es, die Kommunikation zu erleichtern, b\u00fcrgerschaftliches Engagement zu f\u00f6rdern und ein Gef\u00fchl von Stolz und Eigenverantwortung in den Nachbarschaften zu schaffen, um eine st\u00e4rkere, vernetztere und florierende Stadt zu schaffen.<\/p>","protected":false},"excerpt":{"rendered":"<p>Back to Department Directory Marketing and Communications 305.673.7575 Office Hours: Monday &#8211; Friday: 9AM &#8211; 5PM Main Office: 1700 Convention [&hellip;]<\/p>\n","protected":false},"author":222,"featured_media":0,"parent":265532,"menu_order":0,"comment_status":"closed","ping_status":"closed","template":"","meta":{"_searchwp_excluded":"1","site-sidebar-layout":"default","site-content-layout":"","ast-site-content-layout":"","site-content-style":"default","site-sidebar-style":"default","ast-global-header-display":"disabled","ast-banner-title-visibility":"","ast-main-header-display":"","ast-hfb-above-header-display":"","ast-hfb-below-header-display":"","ast-hfb-mobile-header-display":"","site-post-title":"","ast-breadcrumbs-content":"","ast-featured-img":"","footer-sml-layout":"disabled","ast-disable-related-posts":"","theme-transparent-header-meta":"","adv-header-id-meta":"","stick-header-meta":"","header-above-stick-meta":"","header-main-stick-meta":"","header-below-stick-meta":"","astra-migrate-meta-layouts":"default","ast-page-background-enabled":"default","ast-page-background-meta":{"desktop":{"background-color":"var(--ast-global-color-5)","background-image":"","background-repeat":"repeat","background-position":"center center","background-size":"auto","background-attachment":"scroll","background-type":"","background-media":"","overlay-type":"","overlay-color":"","overlay-opacity":"","overlay-gradient":""},"tablet":{"background-color":"","background-image":"","background-repeat":"repeat","background-position":"center center","background-size":"auto","background-attachment":"scroll","background-type":"","background-media":"","overlay-type":"","overlay-color":"","overlay-opacity":"","overlay-gradient":""},"mobile":{"background-color":"","background-image":"","background-repeat":"repeat","background-position":"center center","background-size":"auto","background-attachment":"scroll","background-type":"","background-media":"","overlay-type":"","overlay-color":"","overlay-opacity":"","overlay-gradient":""}},"ast-content-background-meta":{"desktop":{"background-color":"var(--ast-global-color-4)","background-image":"","background-repeat":"repeat","background-position":"center center","background-size":"auto","background-attachment":"scroll","background-type":"","background-media":"","overlay-type":"","overlay-color":"","overlay-opacity":"","overlay-gradient":""},"tablet":{"background-color":"var(--ast-global-color-4)","background-image":"","background-repeat":"repeat","background-position":"center center","background-size":"auto","background-attachment":"scroll","background-type":"","background-media":"","overlay-type":"","overlay-color":"","overlay-opacity":"","overlay-gradient":""},"mobile":{"background-color":"var(--ast-global-color-4)","background-image":"","background-repeat":"repeat","background-position":"center center","background-size":"auto","background-attachment":"scroll","background-type":"","background-media":"","overlay-type":"","overlay-color":"","overlay-opacity":"","overlay-gradient":""}},"footnotes":""},"categories":[],"tags":[1002,1000],"class_list":["post-265657","page","type-page","status-publish","hentry","tag-app-egov-page","tag-cityhall-egovapp"],"yoast_head":"<!-- This site is optimized with the Yoast SEO Premium plugin v27.4 (Yoast SEO v27.4) - https:\/\/yoast.com\/product\/yoast-seo-premium-wordpress\/ -->\n<title>Marketing &amp; Communications - City of Miami Beach<\/title>\n<meta name=\"description\" content=\"The Office of Marketing &amp; Communications acts as a superhighway that connects the City of Miami Beach with residents, community groups, our many visitors and the media. The office takes the pulse of city stakeholders to fulfill our role as internal marketing agency and the communications engine for all city departments.\" \/>\n<meta name=\"robots\" content=\"index, follow, max-snippet:-1, max-image-preview:large, max-video-preview:-1\" \/>\n<link rel=\"canonical\" href=\"https:\/\/www.miamibeachfl.gov\/de\/egovapp\/city-hall\/communicationsdepartment\/\" \/>\n<meta property=\"og:locale\" content=\"de_DE\" \/>\n<meta property=\"og:type\" content=\"article\" \/>\n<meta property=\"og:title\" content=\"Marketing &amp; Communications\" \/>\n<meta property=\"og:description\" content=\"The Office of Marketing &amp; Communications acts as a superhighway that connects the City of Miami Beach with residents, community groups, our many visitors and the media. The office takes the pulse of city stakeholders to fulfill our role as internal marketing agency and the communications engine for all city departments.\" \/>\n<meta property=\"og:url\" content=\"https:\/\/www.miamibeachfl.gov\/de\/egovapp\/city-hall\/communicationsdepartment\/\" \/>\n<meta property=\"og:site_name\" content=\"City of Miami Beach\" \/>\n<meta property=\"article:publisher\" content=\"https:\/\/www.facebook.com\/cityofmiamibeach\" \/>\n<meta property=\"article:modified_time\" content=\"2025-06-07T19:43:49+00:00\" \/>\n<meta property=\"og:image\" content=\"https:\/\/www.miamibeachfl.gov\/wp-content\/uploads\/2023\/11\/twitterx.png\" \/>\n<meta name=\"twitter:card\" content=\"summary_large_image\" \/>\n<meta name=\"twitter:site\" content=\"@Miamibeachnews\" \/>\n<script type=\"application\/ld+json\" class=\"yoast-schema-graph\">{\"@context\":\"https:\\\/\\\/schema.org\",\"@graph\":[{\"@type\":\"WebPage\",\"@id\":\"https:\\\/\\\/www.miamibeachfl.gov\\\/egovapp\\\/city-hall\\\/communicationsdepartment\\\/\",\"url\":\"https:\\\/\\\/www.miamibeachfl.gov\\\/egovapp\\\/city-hall\\\/communicationsdepartment\\\/\",\"name\":\"Marketing & Communications - City of Miami Beach\",\"isPartOf\":{\"@id\":\"https:\\\/\\\/www.miamibeachfl.gov\\\/#website\"},\"primaryImageOfPage\":{\"@id\":\"https:\\\/\\\/www.miamibeachfl.gov\\\/egovapp\\\/city-hall\\\/communicationsdepartment\\\/#primaryimage\"},\"image\":{\"@id\":\"https:\\\/\\\/www.miamibeachfl.gov\\\/egovapp\\\/city-hall\\\/communicationsdepartment\\\/#primaryimage\"},\"thumbnailUrl\":\"https:\\\/\\\/www.miamibeachfl.gov\\\/wp-content\\\/uploads\\\/2023\\\/11\\\/twitterx.png\",\"datePublished\":\"2023-07-20T20:45:28+00:00\",\"dateModified\":\"2025-06-07T19:43:49+00:00\",\"description\":\"The Office of Marketing & Communications acts as a superhighway that connects the City of Miami Beach with residents, community groups, our many visitors and the media. The office takes the pulse of city stakeholders to fulfill our role as internal marketing agency and the communications engine for all city departments.\",\"breadcrumb\":{\"@id\":\"https:\\\/\\\/www.miamibeachfl.gov\\\/egovapp\\\/city-hall\\\/communicationsdepartment\\\/#breadcrumb\"},\"inLanguage\":\"de\",\"potentialAction\":[{\"@type\":\"ReadAction\",\"target\":[\"https:\\\/\\\/www.miamibeachfl.gov\\\/egovapp\\\/city-hall\\\/communicationsdepartment\\\/\"]}]},{\"@type\":\"ImageObject\",\"inLanguage\":\"de\",\"@id\":\"https:\\\/\\\/www.miamibeachfl.gov\\\/egovapp\\\/city-hall\\\/communicationsdepartment\\\/#primaryimage\",\"url\":\"https:\\\/\\\/www.miamibeachfl.gov\\\/wp-content\\\/uploads\\\/2023\\\/11\\\/twitterx.png\",\"contentUrl\":\"https:\\\/\\\/www.miamibeachfl.gov\\\/wp-content\\\/uploads\\\/2023\\\/11\\\/twitterx.png\"},{\"@type\":\"BreadcrumbList\",\"@id\":\"https:\\\/\\\/www.miamibeachfl.gov\\\/egovapp\\\/city-hall\\\/communicationsdepartment\\\/#breadcrumb\",\"itemListElement\":[{\"@type\":\"ListItem\",\"position\":1,\"name\":\"Home\",\"item\":\"https:\\\/\\\/www.miamibeachfl.gov\\\/\"},{\"@type\":\"ListItem\",\"position\":2,\"name\":\"MobileAppPages\",\"item\":\"https:\\\/\\\/www.miamibeachfl.gov\\\/egovapp\\\/\"},{\"@type\":\"ListItem\",\"position\":3,\"name\":\"City Hall Department Directory\",\"item\":\"https:\\\/\\\/www.miamibeachfl.gov\\\/egovapp\\\/city-hall\\\/\"},{\"@type\":\"ListItem\",\"position\":4,\"name\":\"Marketing &#038; Communications\"}]},{\"@type\":\"WebSite\",\"@id\":\"https:\\\/\\\/www.miamibeachfl.gov\\\/#website\",\"url\":\"https:\\\/\\\/www.miamibeachfl.gov\\\/\",\"name\":\"City of Miami Beach\",\"description\":\"The official website of the City of Miami Beach. Stay informed, find important information on city services, news, alerts, events, trolley routes, government employment and more.\",\"publisher\":{\"@id\":\"https:\\\/\\\/www.miamibeachfl.gov\\\/#organization\"},\"potentialAction\":[{\"@type\":\"SearchAction\",\"target\":{\"@type\":\"EntryPoint\",\"urlTemplate\":\"https:\\\/\\\/www.miamibeachfl.gov\\\/?s={search_term_string}\"},\"query-input\":{\"@type\":\"PropertyValueSpecification\",\"valueRequired\":true,\"valueName\":\"search_term_string\"}}],\"inLanguage\":\"de\"},{\"@type\":\"Organization\",\"@id\":\"https:\\\/\\\/www.miamibeachfl.gov\\\/#organization\",\"name\":\"City of Miami Beach\",\"url\":\"https:\\\/\\\/www.miamibeachfl.gov\\\/\",\"logo\":{\"@type\":\"ImageObject\",\"inLanguage\":\"de\",\"@id\":\"https:\\\/\\\/www.miamibeachfl.gov\\\/#\\\/schema\\\/logo\\\/image\\\/\",\"url\":\"https:\\\/\\\/www.miamibeachfl.gov\\\/wp-content\\\/uploads\\\/2022\\\/06\\\/miamibeach-logoblue.png\",\"contentUrl\":\"https:\\\/\\\/www.miamibeachfl.gov\\\/wp-content\\\/uploads\\\/2022\\\/06\\\/miamibeach-logoblue.png\",\"width\":1962,\"height\":381,\"caption\":\"City of Miami Beach\"},\"image\":{\"@id\":\"https:\\\/\\\/www.miamibeachfl.gov\\\/#\\\/schema\\\/logo\\\/image\\\/\"},\"sameAs\":[\"https:\\\/\\\/www.facebook.com\\\/cityofmiamibeach\",\"https:\\\/\\\/x.com\\\/Miamibeachnews\",\"https:\\\/\\\/www.instagram.com\\\/miamibeachnews\\\/\"],\"description\":\"The official website of the City of Miami Beach. Stay informed, find important information on city services, news, alerts, events, trolley routes, government employment and more.\",\"telephone\":\"305.604.CITY(2489)\",\"legalName\":\"City of Miami Beach\"}]}<\/script>\n<!-- \/ Yoast SEO Premium plugin. -->","yoast_head_json":{"title":"Marketing und Kommunikation \u2013 Stadt Miami Beach","description":"Das B\u00fcro f\u00fcr Marketing und Kommunikation fungiert als Autobahn, die die Stadt Miami Beach mit Einwohnern, Gemeindegruppen, unseren zahlreichen Besuchern und den Medien verbindet. Das B\u00fcro erfasst den Puls der st\u00e4dtischen Interessenvertreter und erf\u00fcllt so seine Rolle als interne Marketingagentur und Kommunikationsmotor f\u00fcr alle st\u00e4dtischen Abteilungen.","robots":{"index":"index","follow":"follow","max-snippet":"max-snippet:-1","max-image-preview":"max-image-preview:large","max-video-preview":"max-video-preview:-1"},"canonical":"https:\/\/www.miamibeachfl.gov\/de\/egovapp\/city-hall\/communicationsdepartment\/","og_locale":"de_DE","og_type":"article","og_title":"Marketing & Communications","og_description":"The Office of Marketing & Communications acts as a superhighway that connects the City of Miami Beach with residents, community groups, our many visitors and the media. The office takes the pulse of city stakeholders to fulfill our role as internal marketing agency and the communications engine for all city departments.","og_url":"https:\/\/www.miamibeachfl.gov\/de\/egovapp\/city-hall\/communicationsdepartment\/","og_site_name":"City of Miami Beach","article_publisher":"https:\/\/www.facebook.com\/cityofmiamibeach","article_modified_time":"2025-06-07T19:43:49+00:00","og_image":[{"url":"https:\/\/www.miamibeachfl.gov\/wp-content\/uploads\/2023\/11\/twitterx.png","type":"","width":"","height":""}],"twitter_card":"summary_large_image","twitter_site":"@Miamibeachnews","schema":{"@context":"https:\/\/schema.org","@graph":[{"@type":"WebPage","@id":"https:\/\/www.miamibeachfl.gov\/egovapp\/city-hall\/communicationsdepartment\/","url":"https:\/\/www.miamibeachfl.gov\/egovapp\/city-hall\/communicationsdepartment\/","name":"Marketing und Kommunikation \u2013 Stadt Miami Beach","isPartOf":{"@id":"https:\/\/www.miamibeachfl.gov\/#website"},"primaryImageOfPage":{"@id":"https:\/\/www.miamibeachfl.gov\/egovapp\/city-hall\/communicationsdepartment\/#primaryimage"},"image":{"@id":"https:\/\/www.miamibeachfl.gov\/egovapp\/city-hall\/communicationsdepartment\/#primaryimage"},"thumbnailUrl":"https:\/\/www.miamibeachfl.gov\/wp-content\/uploads\/2023\/11\/twitterx.png","datePublished":"2023-07-20T20:45:28+00:00","dateModified":"2025-06-07T19:43:49+00:00","description":"Das B\u00fcro f\u00fcr Marketing und Kommunikation fungiert als Autobahn, die die Stadt Miami Beach mit Einwohnern, Gemeindegruppen, unseren zahlreichen Besuchern und den Medien verbindet. Das B\u00fcro erfasst den Puls der st\u00e4dtischen Interessenvertreter und erf\u00fcllt so seine Rolle als interne Marketingagentur und Kommunikationsmotor f\u00fcr alle st\u00e4dtischen Abteilungen.","breadcrumb":{"@id":"https:\/\/www.miamibeachfl.gov\/egovapp\/city-hall\/communicationsdepartment\/#breadcrumb"},"inLanguage":"de","potentialAction":[{"@type":"ReadAction","target":["https:\/\/www.miamibeachfl.gov\/egovapp\/city-hall\/communicationsdepartment\/"]}]},{"@type":"ImageObject","inLanguage":"de","@id":"https:\/\/www.miamibeachfl.gov\/egovapp\/city-hall\/communicationsdepartment\/#primaryimage","url":"https:\/\/www.miamibeachfl.gov\/wp-content\/uploads\/2023\/11\/twitterx.png","contentUrl":"https:\/\/www.miamibeachfl.gov\/wp-content\/uploads\/2023\/11\/twitterx.png"},{"@type":"BreadcrumbList","@id":"https:\/\/www.miamibeachfl.gov\/egovapp\/city-hall\/communicationsdepartment\/#breadcrumb","itemListElement":[{"@type":"ListItem","position":1,"name":"Home","item":"https:\/\/www.miamibeachfl.gov\/"},{"@type":"ListItem","position":2,"name":"MobileAppPages","item":"https:\/\/www.miamibeachfl.gov\/egovapp\/"},{"@type":"ListItem","position":3,"name":"City Hall Department Directory","item":"https:\/\/www.miamibeachfl.gov\/egovapp\/city-hall\/"},{"@type":"ListItem","position":4,"name":"Marketing &#038; Communications"}]},{"@type":"WebSite","@id":"https:\/\/www.miamibeachfl.gov\/#website","url":"https:\/\/www.miamibeachfl.gov\/","name":"Stadt Miami Beach","description":"Die offizielle Website der Stadt Miami Beach. Bleiben Sie informiert und finden Sie wichtige Informationen zu st\u00e4dtischen Dienstleistungen, Neuigkeiten, Warnungen, Veranstaltungen, Stra\u00dfenbahnlinien, Stellenangeboten im \u00f6ffentlichen Dienst und mehr.","publisher":{"@id":"https:\/\/www.miamibeachfl.gov\/#organization"},"potentialAction":[{"@type":"SearchAction","target":{"@type":"EntryPoint","urlTemplate":"https:\/\/www.miamibeachfl.gov\/?s={search_term_string}"},"query-input":{"@type":"PropertyValueSpecification","valueRequired":true,"valueName":"search_term_string"}}],"inLanguage":"de"},{"@type":"Organization","@id":"https:\/\/www.miamibeachfl.gov\/#organization","name":"Stadt Miami Beach","url":"https:\/\/www.miamibeachfl.gov\/","logo":{"@type":"ImageObject","inLanguage":"de","@id":"https:\/\/www.miamibeachfl.gov\/#\/schema\/logo\/image\/","url":"https:\/\/www.miamibeachfl.gov\/wp-content\/uploads\/2022\/06\/miamibeach-logoblue.png","contentUrl":"https:\/\/www.miamibeachfl.gov\/wp-content\/uploads\/2022\/06\/miamibeach-logoblue.png","width":1962,"height":381,"caption":"City of Miami Beach"},"image":{"@id":"https:\/\/www.miamibeachfl.gov\/#\/schema\/logo\/image\/"},"sameAs":["https:\/\/www.facebook.com\/cityofmiamibeach","https:\/\/x.com\/Miamibeachnews","https:\/\/www.instagram.com\/miamibeachnews\/"],"description":"Die offizielle Website der Stadt Miami Beach. Bleiben Sie informiert und finden Sie wichtige Informationen zu st\u00e4dtischen Dienstleistungen, Neuigkeiten, Warnungen, Veranstaltungen, Stra\u00dfenbahnlinien, Stellenangeboten im \u00f6ffentlichen Dienst und mehr.","telephone":"305.604.CITY(2489)","legalName":"City of Miami Beach"}]}},"_links":{"self":[{"href":"https:\/\/www.miamibeachfl.gov\/de\/wp-json\/wp\/v2\/pages\/265657","targetHints":{"allow":["GET"]}}],"collection":[{"href":"https:\/\/www.miamibeachfl.gov\/de\/wp-json\/wp\/v2\/pages"}],"about":[{"href":"https:\/\/www.miamibeachfl.gov\/de\/wp-json\/wp\/v2\/types\/page"}],"author":[{"embeddable":true,"href":"https:\/\/www.miamibeachfl.gov\/de\/wp-json\/wp\/v2\/users\/222"}],"replies":[{"embeddable":true,"href":"https:\/\/www.miamibeachfl.gov\/de\/wp-json\/wp\/v2\/comments?post=265657"}],"version-history":[{"count":0,"href":"https:\/\/www.miamibeachfl.gov\/de\/wp-json\/wp\/v2\/pages\/265657\/revisions"}],"up":[{"embeddable":true,"href":"https:\/\/www.miamibeachfl.gov\/de\/wp-json\/wp\/v2\/pages\/265532"}],"wp:attachment":[{"href":"https:\/\/www.miamibeachfl.gov\/de\/wp-json\/wp\/v2\/media?parent=265657"}],"wp:term":[{"taxonomy":"category","embeddable":true,"href":"https:\/\/www.miamibeachfl.gov\/de\/wp-json\/wp\/v2\/categories?post=265657"},{"taxonomy":"post_tag","embeddable":true,"href":"https:\/\/www.miamibeachfl.gov\/de\/wp-json\/wp\/v2\/tags?post=265657"}],"curies":[{"name":"wp","href":"https:\/\/api.w.org\/{rel}","templated":true}]}}