{"id":265693,"date":"2023-07-20T18:38:50","date_gmt":"2023-07-20T22:38:50","guid":{"rendered":"https:\/\/www.miamibeachfl.gov\/?page_id=265693"},"modified":"2025-06-07T16:17:24","modified_gmt":"2025-06-07T20:17:24","slug":"transportationdepartment","status":"publish","type":"page","link":"https:\/\/www.miamibeachfl.gov\/de\/egovapp\/city-hall\/transportationdepartment\/","title":{"rendered":"Verkehrsministerium"},"content":{"rendered":"<a href=\"https:\/\/www.miamibeachfl.gov\/de\/egovapp\/city-hall\/\" target=\"_self\">\n\t\t\t\t\t\tZur\u00fcck zum Abteilungsverzeichnis\n\t\t\t\t\t<\/a>\n<h1>\n\t\t\tTransport\t<\/h1>\n\t<ul>\n\t\t<li><a href=\"tel:3056737080\" target=\"_self\"  aria-label=\"Gehen Sie zu Tel.: 3056737080\">\t\t\t\t\n\t\t<h3>305.673.7080<\/h3><\/a><\/li><li>\t\t\t\t\n\t\t<h3>Sprechzeiten:<\/h3><p>Montag \u2013 Freitag: 9:00 \u2013 17:00 Uhr<\/p><\/li><li><a href=\"https:\/\/goo.gl\/maps\/nwvjqoMjJxTWX3mq6\" target=\"_blank\" rel=\"noopener\" aria-label=\"Gehen Sie zu https:\/\/goo.gl\/maps\/nwvjqoMjJxTWX3mq6\">\t\t\t\t\n\t\t<h3>Hauptb\u00fcro:<\/h3><p>1700 Convention Center Drive<br \/>3. Stock<br \/>Miami Beach, FL 33139<\/p><\/a><\/li>\t<\/ul>\n<h2>\n\t\t\tHintergrund:\t<\/h2>\n\t<p>Das Amt f\u00fcr Verkehr und Mobilit\u00e4t wurde im April 2014 vom B\u00fcrgermeister und der Stadtverwaltung gegr\u00fcndet. Zuvor waren die Verkehrsaufgaben der Verkehrsabteilung des Bauamtes zugeordnet. Seit seiner Gr\u00fcndung konzentriert sich das Amt haupts\u00e4chlich auf Verkehrsplanung, Verkehrstechnik und -betrieb sowie die Planung und den Betrieb von Stra\u00dfenbahnsystemen. Die Erf\u00fcllung unserer Mission h\u00e4ngt von der effektiven Zusammenarbeit mit den staatlichen und regionalen Beh\u00f6rden ab, die f\u00fcr die wichtigsten Stra\u00dfen, die Verkehrsregelung und -signalisierung sowie den \u00f6ffentlichen Nahverkehr im Miami-Dade County, auch innerhalb der eingemeindeten Gemeinden, zust\u00e4ndig sind.<\/p>\n<p>Das Ministerium konzentriert sich auf die Umsetzung des Verkehrsmasterplans und des Fahrrad- und Fu\u00dfg\u00e4ngermasterplans, die durch Beschluss der Stadtkommission am 14. April 2016 verabschiedet wurden. Diese Pl\u00e4ne spiegeln die von der Stadt verabschiedete Strategie zur Priorisierung der Verkehrsmittel wider:<\/p>\n<p>(1) Fu\u00dfg\u00e4nger; (2) \u00f6ffentliche Verkehrsmittel, Fahrr\u00e4der und G\u00fcterverkehr; und (3) private Pkw. Die Stadtkommission verabschiedete die neue Verkehrspriorit\u00e4t per Beschluss im Juli 2015.<\/p>\n<p>Dar\u00fcber hinaus beaufsichtigt das Ministerium den Betrieb des Stra\u00dfenbahnsystems von Miami Beach, das aus vier Linien besteht: North Beach Trolley, Collins Express, Middle Beach Trolley und South Beach Trolley. Der Stra\u00dfenbahnservice der Stadt wird schl\u00fcsselfertig von einem professionellen privaten Auftragnehmer unter der Leitung des Ministeriums betrieben. Der kostenlose Stra\u00dfenbahnservice bef\u00f6rderte vor der Pandemie t\u00e4glich \u00fcber 14.000 Fahrg\u00e4ste. Erg\u00e4nzt wird der Stra\u00dfenbahnservice durch einen kostenlosen, umweltfreundlichen On-Demand-Transitservice.<\/p>\n<p>Verkehrsmanagement ist ein weiterer Schwerpunkt der Abteilung. Die internen Mitarbeiter der Verkehrsbetriebsabteilung \u00fcberwachen den Verkehr innerhalb der Stadt, passen die Ampelschaltungen bei Bedarf in Echtzeit an und koordinieren das Vorfallmanagement mit Polizei und Feuerwehr (einschlie\u00dflich des Katastrophenschutzes) sowie mit der Marketing- und Kommunikationsabteilung, um Echtzeit-Verkehrsinformationen an die Bev\u00f6lkerung und die Autofahrer zu verbreiten. Neue Technologien werden ab dem Gesch\u00e4ftsjahr 2022 schrittweise im Rahmen des Projekts \u201eIntelligentes Verkehrssystem\u201c und \u201eIntelligentes Parksystem\u201c eingef\u00fchrt, um Staus auf Hauptverkehrsstra\u00dfen effizienter zu bew\u00e4ltigen und den Parkplatzbedarf innerhalb der Stadt zu steuern.<\/p>","protected":false},"excerpt":{"rendered":"<p>Back to Department Directory Transportation 305.673.7080 Office Hours: Monday &#8211; Friday: 9AM &#8211; 5PM Main Office: 1700 Convention Center Drive3rd [&hellip;]<\/p>\n","protected":false},"author":222,"featured_media":0,"parent":265532,"menu_order":0,"comment_status":"closed","ping_status":"closed","template":"","meta":{"_searchwp_excluded":"1","site-sidebar-layout":"default","site-content-layout":"","ast-site-content-layout":"","site-content-style":"default","site-sidebar-style":"default","ast-global-header-display":"disabled","ast-banner-title-visibility":"","ast-main-header-display":"","ast-hfb-above-header-display":"","ast-hfb-below-header-display":"","ast-hfb-mobile-header-display":"","site-post-title":"","ast-breadcrumbs-content":"","ast-featured-img":"","footer-sml-layout":"disabled","ast-disable-related-posts":"","theme-transparent-header-meta":"","adv-header-id-meta":"","stick-header-meta":"","header-above-stick-meta":"","header-main-stick-meta":"","header-below-stick-meta":"","astra-migrate-meta-layouts":"default","ast-page-background-enabled":"default","ast-page-background-meta":{"desktop":{"background-color":"var(--ast-global-color-5)","background-image":"","background-repeat":"repeat","background-position":"center center","background-size":"auto","background-attachment":"scroll","background-type":"","background-media":"","overlay-type":"","overlay-color":"","overlay-opacity":"","overlay-gradient":""},"tablet":{"background-color":"","background-image":"","background-repeat":"repeat","background-position":"center center","background-size":"auto","background-attachment":"scroll","background-type":"","background-media":"","overlay-type":"","overlay-color":"","overlay-opacity":"","overlay-gradient":""},"mobile":{"background-color":"","background-image":"","background-repeat":"repeat","background-position":"center center","background-size":"auto","background-attachment":"scroll","background-type":"","background-media":"","overlay-type":"","overlay-color":"","overlay-opacity":"","overlay-gradient":""}},"ast-content-background-meta":{"desktop":{"background-color":"var(--ast-global-color-4)","background-image":"","background-repeat":"repeat","background-position":"center center","background-size":"auto","background-attachment":"scroll","background-type":"","background-media":"","overlay-type":"","overlay-color":"","overlay-opacity":"","overlay-gradient":""},"tablet":{"background-color":"var(--ast-global-color-4)","background-image":"","background-repeat":"repeat","background-position":"center center","background-size":"auto","background-attachment":"scroll","background-type":"","background-media":"","overlay-type":"","overlay-color":"","overlay-opacity":"","overlay-gradient":""},"mobile":{"background-color":"var(--ast-global-color-4)","background-image":"","background-repeat":"repeat","background-position":"center center","background-size":"auto","background-attachment":"scroll","background-type":"","background-media":"","overlay-type":"","overlay-color":"","overlay-opacity":"","overlay-gradient":""}},"footnotes":""},"categories":[],"tags":[1002,1000],"class_list":["post-265693","page","type-page","status-publish","hentry","tag-app-egov-page","tag-cityhall-egovapp"],"yoast_head":"<!-- This site is optimized with the Yoast SEO Premium plugin v27.4 (Yoast SEO v27.4) - https:\/\/yoast.com\/product\/yoast-seo-premium-wordpress\/ -->\n<title>Transportation Department - City of Miami Beach<\/title>\n<meta name=\"description\" content=\"The Transportation Department&#039;s role is to ensure the safe, secure, and efficient movement of people and goods in a transportation system that provides mobility, livability, and accessibility, and promotes alternative modes of travel, while ensuring environmental and economic sustainability, and improving the quality of life for all who live, work, and play in our vibrant, tropical, historical community.\" \/>\n<meta name=\"robots\" content=\"index, follow, max-snippet:-1, max-image-preview:large, max-video-preview:-1\" \/>\n<link rel=\"canonical\" href=\"https:\/\/www.miamibeachfl.gov\/de\/egovapp\/city-hall\/transportationdepartment\/\" \/>\n<meta property=\"og:locale\" content=\"de_DE\" \/>\n<meta property=\"og:type\" content=\"article\" \/>\n<meta property=\"og:title\" content=\"Transportation Department\" \/>\n<meta property=\"og:description\" content=\"The Transportation Department&#039;s role is to ensure the safe, secure, and efficient movement of people and goods in a transportation system that provides mobility, livability, and accessibility, and promotes alternative modes of travel, while ensuring environmental and economic sustainability, and improving the quality of life for all who live, work, and play in our vibrant, tropical, historical community.\" \/>\n<meta property=\"og:url\" content=\"https:\/\/www.miamibeachfl.gov\/de\/egovapp\/city-hall\/transportationdepartment\/\" \/>\n<meta property=\"og:site_name\" content=\"City of Miami Beach\" \/>\n<meta property=\"article:publisher\" content=\"https:\/\/www.facebook.com\/cityofmiamibeach\" \/>\n<meta property=\"article:modified_time\" content=\"2025-06-07T20:17:24+00:00\" \/>\n<meta property=\"og:image\" content=\"https:\/\/www.miamibeachfl.gov\/wp-content\/uploads\/2024\/01\/1000pxSquare-miamibeach-aerial-southpointview.jpeg\" \/>\n\t<meta property=\"og:image:width\" content=\"1000\" \/>\n\t<meta property=\"og:image:height\" content=\"1000\" \/>\n\t<meta property=\"og:image:type\" content=\"image\/jpeg\" \/>\n<meta name=\"twitter:card\" content=\"summary_large_image\" \/>\n<meta name=\"twitter:site\" content=\"@Miamibeachnews\" \/>\n<script type=\"application\/ld+json\" class=\"yoast-schema-graph\">{\"@context\":\"https:\\\/\\\/schema.org\",\"@graph\":[{\"@type\":\"WebPage\",\"@id\":\"https:\\\/\\\/www.miamibeachfl.gov\\\/egovapp\\\/city-hall\\\/transportationdepartment\\\/\",\"url\":\"https:\\\/\\\/www.miamibeachfl.gov\\\/egovapp\\\/city-hall\\\/transportationdepartment\\\/\",\"name\":\"Transportation Department - City of Miami Beach\",\"isPartOf\":{\"@id\":\"https:\\\/\\\/www.miamibeachfl.gov\\\/#website\"},\"datePublished\":\"2023-07-20T22:38:50+00:00\",\"dateModified\":\"2025-06-07T20:17:24+00:00\",\"description\":\"The Transportation Department's role is to ensure the safe, secure, and efficient movement of people and goods in a transportation system that provides mobility, livability, and accessibility, and promotes alternative modes of travel, while ensuring environmental and economic sustainability, and improving the quality of life for all who live, work, and play in our vibrant, tropical, historical community.\",\"breadcrumb\":{\"@id\":\"https:\\\/\\\/www.miamibeachfl.gov\\\/egovapp\\\/city-hall\\\/transportationdepartment\\\/#breadcrumb\"},\"inLanguage\":\"de\",\"potentialAction\":[{\"@type\":\"ReadAction\",\"target\":[\"https:\\\/\\\/www.miamibeachfl.gov\\\/egovapp\\\/city-hall\\\/transportationdepartment\\\/\"]}]},{\"@type\":\"BreadcrumbList\",\"@id\":\"https:\\\/\\\/www.miamibeachfl.gov\\\/egovapp\\\/city-hall\\\/transportationdepartment\\\/#breadcrumb\",\"itemListElement\":[{\"@type\":\"ListItem\",\"position\":1,\"name\":\"Home\",\"item\":\"https:\\\/\\\/www.miamibeachfl.gov\\\/\"},{\"@type\":\"ListItem\",\"position\":2,\"name\":\"MobileAppPages\",\"item\":\"https:\\\/\\\/www.miamibeachfl.gov\\\/egovapp\\\/\"},{\"@type\":\"ListItem\",\"position\":3,\"name\":\"City Hall Department Directory\",\"item\":\"https:\\\/\\\/www.miamibeachfl.gov\\\/egovapp\\\/city-hall\\\/\"},{\"@type\":\"ListItem\",\"position\":4,\"name\":\"Transportation Department\"}]},{\"@type\":\"WebSite\",\"@id\":\"https:\\\/\\\/www.miamibeachfl.gov\\\/#website\",\"url\":\"https:\\\/\\\/www.miamibeachfl.gov\\\/\",\"name\":\"City of Miami Beach\",\"description\":\"The official website of the City of Miami Beach. Stay informed, find important information on city services, news, alerts, events, trolley routes, government employment and more.\",\"publisher\":{\"@id\":\"https:\\\/\\\/www.miamibeachfl.gov\\\/#organization\"},\"potentialAction\":[{\"@type\":\"SearchAction\",\"target\":{\"@type\":\"EntryPoint\",\"urlTemplate\":\"https:\\\/\\\/www.miamibeachfl.gov\\\/?s={search_term_string}\"},\"query-input\":{\"@type\":\"PropertyValueSpecification\",\"valueRequired\":true,\"valueName\":\"search_term_string\"}}],\"inLanguage\":\"de\"},{\"@type\":\"Organization\",\"@id\":\"https:\\\/\\\/www.miamibeachfl.gov\\\/#organization\",\"name\":\"City of Miami Beach\",\"url\":\"https:\\\/\\\/www.miamibeachfl.gov\\\/\",\"logo\":{\"@type\":\"ImageObject\",\"inLanguage\":\"de\",\"@id\":\"https:\\\/\\\/www.miamibeachfl.gov\\\/#\\\/schema\\\/logo\\\/image\\\/\",\"url\":\"https:\\\/\\\/www.miamibeachfl.gov\\\/wp-content\\\/uploads\\\/2022\\\/06\\\/miamibeach-logoblue.png\",\"contentUrl\":\"https:\\\/\\\/www.miamibeachfl.gov\\\/wp-content\\\/uploads\\\/2022\\\/06\\\/miamibeach-logoblue.png\",\"width\":1962,\"height\":381,\"caption\":\"City of Miami Beach\"},\"image\":{\"@id\":\"https:\\\/\\\/www.miamibeachfl.gov\\\/#\\\/schema\\\/logo\\\/image\\\/\"},\"sameAs\":[\"https:\\\/\\\/www.facebook.com\\\/cityofmiamibeach\",\"https:\\\/\\\/x.com\\\/Miamibeachnews\",\"https:\\\/\\\/www.instagram.com\\\/miamibeachnews\\\/\"],\"description\":\"The official website of the City of Miami Beach. Stay informed, find important information on city services, news, alerts, events, trolley routes, government employment and more.\",\"telephone\":\"305.604.CITY(2489)\",\"legalName\":\"City of Miami Beach\"}]}<\/script>\n<!-- \/ Yoast SEO Premium plugin. -->","yoast_head_json":{"title":"Verkehrsamt der Stadt Miami Beach","description":"Die Aufgabe des Verkehrsministeriums besteht darin, f\u00fcr einen sicheren und effizienten Personen- und G\u00fcterverkehr in einem Verkehrssystem zu sorgen, das Mobilit\u00e4t, Lebensqualit\u00e4t und Zug\u00e4nglichkeit bietet und alternative Reisem\u00f6glichkeiten f\u00f6rdert. Gleichzeitig soll die \u00f6kologische und wirtschaftliche Nachhaltigkeit gew\u00e4hrleistet und die Lebensqualit\u00e4t aller verbessert werden, die in unserer lebendigen, tropischen und historischen Gemeinde leben, arbeiten und ihre Freizeit verbringen.","robots":{"index":"index","follow":"follow","max-snippet":"max-snippet:-1","max-image-preview":"max-image-preview:large","max-video-preview":"max-video-preview:-1"},"canonical":"https:\/\/www.miamibeachfl.gov\/de\/egovapp\/city-hall\/transportationdepartment\/","og_locale":"de_DE","og_type":"article","og_title":"Transportation Department","og_description":"The Transportation Department's role is to ensure the safe, secure, and efficient movement of people and goods in a transportation system that provides mobility, livability, and accessibility, and promotes alternative modes of travel, while ensuring environmental and economic sustainability, and improving the quality of life for all who live, work, and play in our vibrant, tropical, historical community.","og_url":"https:\/\/www.miamibeachfl.gov\/de\/egovapp\/city-hall\/transportationdepartment\/","og_site_name":"City of Miami Beach","article_publisher":"https:\/\/www.facebook.com\/cityofmiamibeach","article_modified_time":"2025-06-07T20:17:24+00:00","og_image":[{"width":1000,"height":1000,"url":"https:\/\/www.miamibeachfl.gov\/wp-content\/uploads\/2024\/01\/1000pxSquare-miamibeach-aerial-southpointview.jpeg","type":"image\/jpeg"}],"twitter_card":"summary_large_image","twitter_site":"@Miamibeachnews","schema":{"@context":"https:\/\/schema.org","@graph":[{"@type":"WebPage","@id":"https:\/\/www.miamibeachfl.gov\/egovapp\/city-hall\/transportationdepartment\/","url":"https:\/\/www.miamibeachfl.gov\/egovapp\/city-hall\/transportationdepartment\/","name":"Verkehrsamt der Stadt Miami Beach","isPartOf":{"@id":"https:\/\/www.miamibeachfl.gov\/#website"},"datePublished":"2023-07-20T22:38:50+00:00","dateModified":"2025-06-07T20:17:24+00:00","description":"Die Aufgabe des Verkehrsministeriums besteht darin, f\u00fcr einen sicheren und effizienten Personen- und G\u00fcterverkehr in einem Verkehrssystem zu sorgen, das Mobilit\u00e4t, Lebensqualit\u00e4t und Zug\u00e4nglichkeit bietet und alternative Reisem\u00f6glichkeiten f\u00f6rdert. Gleichzeitig soll die \u00f6kologische und wirtschaftliche Nachhaltigkeit gew\u00e4hrleistet und die Lebensqualit\u00e4t aller verbessert werden, die in unserer lebendigen, tropischen und historischen Gemeinde leben, arbeiten und ihre Freizeit verbringen.","breadcrumb":{"@id":"https:\/\/www.miamibeachfl.gov\/egovapp\/city-hall\/transportationdepartment\/#breadcrumb"},"inLanguage":"de","potentialAction":[{"@type":"ReadAction","target":["https:\/\/www.miamibeachfl.gov\/egovapp\/city-hall\/transportationdepartment\/"]}]},{"@type":"BreadcrumbList","@id":"https:\/\/www.miamibeachfl.gov\/egovapp\/city-hall\/transportationdepartment\/#breadcrumb","itemListElement":[{"@type":"ListItem","position":1,"name":"Home","item":"https:\/\/www.miamibeachfl.gov\/"},{"@type":"ListItem","position":2,"name":"MobileAppPages","item":"https:\/\/www.miamibeachfl.gov\/egovapp\/"},{"@type":"ListItem","position":3,"name":"City Hall Department Directory","item":"https:\/\/www.miamibeachfl.gov\/egovapp\/city-hall\/"},{"@type":"ListItem","position":4,"name":"Transportation Department"}]},{"@type":"WebSite","@id":"https:\/\/www.miamibeachfl.gov\/#website","url":"https:\/\/www.miamibeachfl.gov\/","name":"Stadt Miami Beach","description":"Die offizielle Website der Stadt Miami Beach. Bleiben Sie informiert und finden Sie wichtige Informationen zu st\u00e4dtischen Dienstleistungen, Neuigkeiten, Warnungen, Veranstaltungen, Stra\u00dfenbahnlinien, Stellenangeboten im \u00f6ffentlichen Dienst und mehr.","publisher":{"@id":"https:\/\/www.miamibeachfl.gov\/#organization"},"potentialAction":[{"@type":"SearchAction","target":{"@type":"EntryPoint","urlTemplate":"https:\/\/www.miamibeachfl.gov\/?s={search_term_string}"},"query-input":{"@type":"PropertyValueSpecification","valueRequired":true,"valueName":"search_term_string"}}],"inLanguage":"de"},{"@type":"Organization","@id":"https:\/\/www.miamibeachfl.gov\/#organization","name":"Stadt Miami Beach","url":"https:\/\/www.miamibeachfl.gov\/","logo":{"@type":"ImageObject","inLanguage":"de","@id":"https:\/\/www.miamibeachfl.gov\/#\/schema\/logo\/image\/","url":"https:\/\/www.miamibeachfl.gov\/wp-content\/uploads\/2022\/06\/miamibeach-logoblue.png","contentUrl":"https:\/\/www.miamibeachfl.gov\/wp-content\/uploads\/2022\/06\/miamibeach-logoblue.png","width":1962,"height":381,"caption":"City of Miami Beach"},"image":{"@id":"https:\/\/www.miamibeachfl.gov\/#\/schema\/logo\/image\/"},"sameAs":["https:\/\/www.facebook.com\/cityofmiamibeach","https:\/\/x.com\/Miamibeachnews","https:\/\/www.instagram.com\/miamibeachnews\/"],"description":"Die offizielle Website der Stadt Miami Beach. Bleiben Sie informiert und finden Sie wichtige Informationen zu st\u00e4dtischen Dienstleistungen, Neuigkeiten, Warnungen, Veranstaltungen, Stra\u00dfenbahnlinien, Stellenangeboten im \u00f6ffentlichen Dienst und mehr.","telephone":"305.604.CITY(2489)","legalName":"City of Miami Beach"}]}},"_links":{"self":[{"href":"https:\/\/www.miamibeachfl.gov\/de\/wp-json\/wp\/v2\/pages\/265693","targetHints":{"allow":["GET"]}}],"collection":[{"href":"https:\/\/www.miamibeachfl.gov\/de\/wp-json\/wp\/v2\/pages"}],"about":[{"href":"https:\/\/www.miamibeachfl.gov\/de\/wp-json\/wp\/v2\/types\/page"}],"author":[{"embeddable":true,"href":"https:\/\/www.miamibeachfl.gov\/de\/wp-json\/wp\/v2\/users\/222"}],"replies":[{"embeddable":true,"href":"https:\/\/www.miamibeachfl.gov\/de\/wp-json\/wp\/v2\/comments?post=265693"}],"version-history":[{"count":1,"href":"https:\/\/www.miamibeachfl.gov\/de\/wp-json\/wp\/v2\/pages\/265693\/revisions"}],"predecessor-version":[{"id":375844,"href":"https:\/\/www.miamibeachfl.gov\/de\/wp-json\/wp\/v2\/pages\/265693\/revisions\/375844"}],"up":[{"embeddable":true,"href":"https:\/\/www.miamibeachfl.gov\/de\/wp-json\/wp\/v2\/pages\/265532"}],"wp:attachment":[{"href":"https:\/\/www.miamibeachfl.gov\/de\/wp-json\/wp\/v2\/media?parent=265693"}],"wp:term":[{"taxonomy":"category","embeddable":true,"href":"https:\/\/www.miamibeachfl.gov\/de\/wp-json\/wp\/v2\/categories?post=265693"},{"taxonomy":"post_tag","embeddable":true,"href":"https:\/\/www.miamibeachfl.gov\/de\/wp-json\/wp\/v2\/tags?post=265693"}],"curies":[{"name":"wp","href":"https:\/\/api.w.org\/{rel}","templated":true}]}}