{"id":265696,"date":"2023-07-20T18:44:52","date_gmt":"2023-07-20T22:44:52","guid":{"rendered":"https:\/\/www.miamibeachfl.gov\/?page_id=265696"},"modified":"2025-06-07T16:15:56","modified_gmt":"2025-06-07T20:15:56","slug":"tourismdepartment","status":"publish","type":"page","link":"https:\/\/www.miamibeachfl.gov\/de\/egovapp\/city-hall\/tourismdepartment\/","title":{"rendered":"Tourismus und Kultur"},"content":{"rendered":"<a href=\"https:\/\/www.miamibeachfl.gov\/de\/egovapp\/city-hall\/\" target=\"_self\">\n\t\t\t\t\t\tZur\u00fcck zum Abteilungsverzeichnis\n\t\t\t\t\t<\/a>\n<h1>\n\t\t\tTourismus &amp; Kultur\t<\/h1>\n\t<ul>\n\t\t<li><a href=\"tel:3056737577\" target=\"_self\"  aria-label=\"Gehen Sie zu Tel.: 3056737577\">\t\t\t\t\n\t\t<h3>305.673.7577<\/h3><\/a><\/li><li>\t\t\t\t\n\t\t<h3>Sprechzeiten:<\/h3><p>Montag \u2013 Freitag: 9:00 \u2013 17:00 Uhr<\/p><\/li><li><a href=\"https:\/\/goo.gl\/maps\/XkFo3fw719Ei8VZ78\" target=\"_blank\" rel=\"noopener\" aria-label=\"Gehen Sie zu https:\/\/goo.gl\/maps\/XkFo3fw719Ei8VZ78\">\t\t\t\t\n\t\t<h3>Hauptb\u00fcro:<\/h3><p>1755 Meridian Avenue<br \/>Suite 500, 3. Etage<br \/>Miami Beach, FL 33139<\/p><\/a><\/li>\t<\/ul>\n\t\t\t<a href=\"\/de\/egovapp\/arts-and-culture\/\" target=\"_self\">\n\t\t\t\t\t\t\tKunst und Kultur\n\t\t\t<\/a>\n<h2>\n\t\t\tHintergrund:\t<\/h2>\n\t<p>Das TCD entwickelt und unterst\u00fctzt hochwertige Programme und Initiativen zur Unterst\u00fctzung der tourismusbasierten Wirtschaft der Stadt. Dazu geh\u00f6ren sinnvolle Kooperationen mit Schl\u00fcsselbranchen, insbesondere dem Gastgewerbe, sowie die Zusammenarbeit mit lokalen und regionalen Akteuren. Die Abteilung ist zudem f\u00fcr die administrative Aufsicht, Werbung und Buchung des Miami Beach Convention Center (MBCC) zust\u00e4ndig, einem der wichtigsten Einnahmequellen der Stadt.<\/p>\n<p>Zur Unterst\u00fctzung dieser Bem\u00fchungen arbeitet TCD mit Tourismus- und Marketingorganisationen zusammen, darunter der Miami Beach Visitor and Convention Authority (VCA) und dem Greater Miami Convention and Visitors Bureau (GMCVB), um die Stadt Miami Beach als Reiseziel von Weltklasse zu vermarkten und zu bewerben.<\/p>\n<p>Miami Beach hat sich zu einem internationalen Touristenziel und einer hochwertigen Wohngegend entwickelt. Das \u00fcbergeordnete Ziel der Stadt ist es, hochwertige Veranstaltungen anzuziehen, die der Stadt, ihren Einwohnern, Besuchern und Unternehmen einen messbaren Nutzen bringen. Als unber\u00fchrte, elf Kilometer lange Strandgemeinde hat sich Miami Beach zu einem herausragenden Veranstaltungsort entwickelt, der eine erhebliche Nachfrage nach st\u00e4dtischen Dienstleistungen und Ressourcen erzeugt und ein attraktiver Wirtschaftsstandort ist. Dieser Erfolg stellt die Herausforderung dar, die Lebensqualit\u00e4t der Bewohner mit den Bed\u00fcrfnissen der Tourismusbranche und der Kreativwirtschaft in Einklang zu bringen. Die Schaffung eines Gleichgewichts zwischen der Aktivierung von Gro\u00dfveranstaltungen und den Einwohnern und Ressourcen der Stadt ist ein Hauptanliegen des Ministeriums. Als Reaktion auf die COVID-19-Pandemie musste das Ministerium auch seine Mission gegen\u00fcber der Gemeinde neu konzipieren. Als Verbindungsstelle zur Gastronomie-, Kultur-, Veranstaltungs- und Filmbranche von Miami Beach hat sich TCD darauf konzentriert, die Hauptquelle f\u00fcr Informationen zu den COVID-19-Ma\u00dfnahmen und der Erholung von Miami Beach f\u00fcr diese Gemeinden zu sein. Dar\u00fcber hinaus \u00fcbernimmt TCD in Zusammenarbeit mit den st\u00e4dtischen \u00c4mtern weiterhin eine regulatorische Rolle bei der \u00dcberwachung der Nutzung \u00f6ffentlicher R\u00e4ume.<\/p>\n<p>Um die Mission des TCD zu erf\u00fcllen, hat das Ministerium drei individuelle Schwerpunktbereiche geschaffen, die sich an die vielf\u00e4ltige Kultur- und Gesch\u00e4ftswelt von Miami Beach richten. Diese Einheiten bieten Einwohnern, Unternehmen und Besuchern nachhaltige Unterst\u00fctzung, um ein gesundes kulturelles Klima zu f\u00f6rdern und die Entwicklung einer gesunden Wirtschaft zu unterst\u00fctzen, damit Einwohner, Unternehmen und Touristen erfolgreich sein, sich engagieren, Innovationen entwickeln und wachsen k\u00f6nnen.<\/p>\n<p>Kulturelle Angelegenheiten<\/p>\n<p>Film- und Eventproduktion<\/p>\n<p>Miami Beach Convention Center<\/p>","protected":false},"excerpt":{"rendered":"<p>Back to Department Directory Tourism &#038; Culture 305.673.7577 Office Hours: Monday &#8211; Friday: 9AM &#8211; 5PM Main Office: 1755 Meridian [&hellip;]<\/p>\n","protected":false},"author":222,"featured_media":0,"parent":265532,"menu_order":0,"comment_status":"closed","ping_status":"closed","template":"","meta":{"_searchwp_excluded":"1","site-sidebar-layout":"default","site-content-layout":"","ast-site-content-layout":"","site-content-style":"default","site-sidebar-style":"default","ast-global-header-display":"disabled","ast-banner-title-visibility":"","ast-main-header-display":"","ast-hfb-above-header-display":"","ast-hfb-below-header-display":"","ast-hfb-mobile-header-display":"","site-post-title":"","ast-breadcrumbs-content":"","ast-featured-img":"","footer-sml-layout":"disabled","ast-disable-related-posts":"","theme-transparent-header-meta":"","adv-header-id-meta":"","stick-header-meta":"","header-above-stick-meta":"","header-main-stick-meta":"","header-below-stick-meta":"","astra-migrate-meta-layouts":"default","ast-page-background-enabled":"default","ast-page-background-meta":{"desktop":{"background-color":"var(--ast-global-color-5)","background-image":"","background-repeat":"repeat","background-position":"center center","background-size":"auto","background-attachment":"scroll","background-type":"","background-media":"","overlay-type":"","overlay-color":"","overlay-opacity":"","overlay-gradient":""},"tablet":{"background-color":"","background-image":"","background-repeat":"repeat","background-position":"center center","background-size":"auto","background-attachment":"scroll","background-type":"","background-media":"","overlay-type":"","overlay-color":"","overlay-opacity":"","overlay-gradient":""},"mobile":{"background-color":"","background-image":"","background-repeat":"repeat","background-position":"center center","background-size":"auto","background-attachment":"scroll","background-type":"","background-media":"","overlay-type":"","overlay-color":"","overlay-opacity":"","overlay-gradient":""}},"ast-content-background-meta":{"desktop":{"background-color":"var(--ast-global-color-4)","background-image":"","background-repeat":"repeat","background-position":"center center","background-size":"auto","background-attachment":"scroll","background-type":"","background-media":"","overlay-type":"","overlay-color":"","overlay-opacity":"","overlay-gradient":""},"tablet":{"background-color":"var(--ast-global-color-4)","background-image":"","background-repeat":"repeat","background-position":"center center","background-size":"auto","background-attachment":"scroll","background-type":"","background-media":"","overlay-type":"","overlay-color":"","overlay-opacity":"","overlay-gradient":""},"mobile":{"background-color":"var(--ast-global-color-4)","background-image":"","background-repeat":"repeat","background-position":"center center","background-size":"auto","background-attachment":"scroll","background-type":"","background-media":"","overlay-type":"","overlay-color":"","overlay-opacity":"","overlay-gradient":""}},"footnotes":""},"categories":[],"tags":[1002,1000],"class_list":["post-265696","page","type-page","status-publish","hentry","tag-app-egov-page","tag-cityhall-egovapp"],"yoast_head":"<!-- This site is optimized with the Yoast SEO Premium plugin v27.4 (Yoast SEO v27.4) - https:\/\/yoast.com\/product\/yoast-seo-premium-wordpress\/ -->\n<title>Tourism and Culture - City of Miami Beach<\/title>\n<meta name=\"description\" content=\"This Tourism and Culture Department supports, maintains and develops quality programs which enhance the City\u2019s cultural institutions and infrastructure, as well as the City\u2019s cultural and tourist industries, while striving to provide year-round events, concerts, movies in the park, and theatre productions that enhance both the visitor\u2019s experience and the quality of life of our residents\" \/>\n<meta name=\"robots\" content=\"index, follow, max-snippet:-1, max-image-preview:large, max-video-preview:-1\" \/>\n<link rel=\"canonical\" href=\"https:\/\/www.miamibeachfl.gov\/de\/egovapp\/city-hall\/tourismdepartment\/\" \/>\n<meta property=\"og:locale\" content=\"de_DE\" \/>\n<meta property=\"og:type\" content=\"article\" \/>\n<meta property=\"og:title\" content=\"Tourism and Culture\" \/>\n<meta property=\"og:description\" content=\"This Tourism and Culture Department supports, maintains and develops quality programs which enhance the City\u2019s cultural institutions and infrastructure, as well as the City\u2019s cultural and tourist industries, while striving to provide year-round events, concerts, movies in the park, and theatre productions that enhance both the visitor\u2019s experience and the quality of life of our residents\" \/>\n<meta property=\"og:url\" content=\"https:\/\/www.miamibeachfl.gov\/de\/egovapp\/city-hall\/tourismdepartment\/\" \/>\n<meta property=\"og:site_name\" content=\"City of Miami Beach\" \/>\n<meta property=\"article:publisher\" content=\"https:\/\/www.facebook.com\/cityofmiamibeach\" \/>\n<meta property=\"article:modified_time\" content=\"2025-06-07T20:15:56+00:00\" \/>\n<meta property=\"og:image\" content=\"https:\/\/www.miamibeachfl.gov\/wp-content\/uploads\/2024\/01\/1000pxSquare-miamibeach-aerial-southpointview.jpeg\" \/>\n\t<meta property=\"og:image:width\" content=\"1000\" \/>\n\t<meta property=\"og:image:height\" content=\"1000\" \/>\n\t<meta property=\"og:image:type\" content=\"image\/jpeg\" \/>\n<meta name=\"twitter:card\" content=\"summary_large_image\" \/>\n<meta name=\"twitter:site\" content=\"@Miamibeachnews\" \/>\n<script type=\"application\/ld+json\" class=\"yoast-schema-graph\">{\"@context\":\"https:\\\/\\\/schema.org\",\"@graph\":[{\"@type\":\"WebPage\",\"@id\":\"https:\\\/\\\/www.miamibeachfl.gov\\\/egovapp\\\/city-hall\\\/tourismdepartment\\\/\",\"url\":\"https:\\\/\\\/www.miamibeachfl.gov\\\/egovapp\\\/city-hall\\\/tourismdepartment\\\/\",\"name\":\"Tourism and Culture - City of Miami Beach\",\"isPartOf\":{\"@id\":\"https:\\\/\\\/www.miamibeachfl.gov\\\/#website\"},\"datePublished\":\"2023-07-20T22:44:52+00:00\",\"dateModified\":\"2025-06-07T20:15:56+00:00\",\"description\":\"This Tourism and Culture Department supports, maintains and develops quality programs which enhance the City\u2019s cultural institutions and infrastructure, as well as the City\u2019s cultural and tourist industries, while striving to provide year-round events, concerts, movies in the park, and theatre productions that enhance both the visitor\u2019s experience and the quality of life of our residents\",\"breadcrumb\":{\"@id\":\"https:\\\/\\\/www.miamibeachfl.gov\\\/egovapp\\\/city-hall\\\/tourismdepartment\\\/#breadcrumb\"},\"inLanguage\":\"de\",\"potentialAction\":[{\"@type\":\"ReadAction\",\"target\":[\"https:\\\/\\\/www.miamibeachfl.gov\\\/egovapp\\\/city-hall\\\/tourismdepartment\\\/\"]}]},{\"@type\":\"BreadcrumbList\",\"@id\":\"https:\\\/\\\/www.miamibeachfl.gov\\\/egovapp\\\/city-hall\\\/tourismdepartment\\\/#breadcrumb\",\"itemListElement\":[{\"@type\":\"ListItem\",\"position\":1,\"name\":\"Home\",\"item\":\"https:\\\/\\\/www.miamibeachfl.gov\\\/\"},{\"@type\":\"ListItem\",\"position\":2,\"name\":\"MobileAppPages\",\"item\":\"https:\\\/\\\/www.miamibeachfl.gov\\\/egovapp\\\/\"},{\"@type\":\"ListItem\",\"position\":3,\"name\":\"City Hall Department Directory\",\"item\":\"https:\\\/\\\/www.miamibeachfl.gov\\\/egovapp\\\/city-hall\\\/\"},{\"@type\":\"ListItem\",\"position\":4,\"name\":\"Tourism and Culture\"}]},{\"@type\":\"WebSite\",\"@id\":\"https:\\\/\\\/www.miamibeachfl.gov\\\/#website\",\"url\":\"https:\\\/\\\/www.miamibeachfl.gov\\\/\",\"name\":\"City of Miami Beach\",\"description\":\"The official website of the City of Miami Beach. Stay informed, find important information on city services, news, alerts, events, trolley routes, government employment and more.\",\"publisher\":{\"@id\":\"https:\\\/\\\/www.miamibeachfl.gov\\\/#organization\"},\"potentialAction\":[{\"@type\":\"SearchAction\",\"target\":{\"@type\":\"EntryPoint\",\"urlTemplate\":\"https:\\\/\\\/www.miamibeachfl.gov\\\/?s={search_term_string}\"},\"query-input\":{\"@type\":\"PropertyValueSpecification\",\"valueRequired\":true,\"valueName\":\"search_term_string\"}}],\"inLanguage\":\"de\"},{\"@type\":\"Organization\",\"@id\":\"https:\\\/\\\/www.miamibeachfl.gov\\\/#organization\",\"name\":\"City of Miami Beach\",\"url\":\"https:\\\/\\\/www.miamibeachfl.gov\\\/\",\"logo\":{\"@type\":\"ImageObject\",\"inLanguage\":\"de\",\"@id\":\"https:\\\/\\\/www.miamibeachfl.gov\\\/#\\\/schema\\\/logo\\\/image\\\/\",\"url\":\"https:\\\/\\\/www.miamibeachfl.gov\\\/wp-content\\\/uploads\\\/2022\\\/06\\\/miamibeach-logoblue.png\",\"contentUrl\":\"https:\\\/\\\/www.miamibeachfl.gov\\\/wp-content\\\/uploads\\\/2022\\\/06\\\/miamibeach-logoblue.png\",\"width\":1962,\"height\":381,\"caption\":\"City of Miami Beach\"},\"image\":{\"@id\":\"https:\\\/\\\/www.miamibeachfl.gov\\\/#\\\/schema\\\/logo\\\/image\\\/\"},\"sameAs\":[\"https:\\\/\\\/www.facebook.com\\\/cityofmiamibeach\",\"https:\\\/\\\/x.com\\\/Miamibeachnews\",\"https:\\\/\\\/www.instagram.com\\\/miamibeachnews\\\/\"],\"description\":\"The official website of the City of Miami Beach. Stay informed, find important information on city services, news, alerts, events, trolley routes, government employment and more.\",\"telephone\":\"305.604.CITY(2489)\",\"legalName\":\"City of Miami Beach\"}]}<\/script>\n<!-- \/ Yoast SEO Premium plugin. -->","yoast_head_json":{"title":"Tourismus und Kultur - Stadt Miami Beach","description":"Diese Abteilung f\u00fcr Tourismus und Kultur unterst\u00fctzt, pflegt und entwickelt Qualit\u00e4tsprogramme, die die kulturellen Einrichtungen und die Infrastruktur der Stadt sowie die Kultur- und Tourismusindustrie der Stadt verbessern. Gleichzeitig ist sie bestrebt, das ganze Jahr \u00fcber Veranstaltungen, Konzerte, Filme im Park und Theaterproduktionen anzubieten, die sowohl das Erlebnis der Besucher als auch die Lebensqualit\u00e4t unserer Einwohner verbessern.","robots":{"index":"index","follow":"follow","max-snippet":"max-snippet:-1","max-image-preview":"max-image-preview:large","max-video-preview":"max-video-preview:-1"},"canonical":"https:\/\/www.miamibeachfl.gov\/de\/egovapp\/city-hall\/tourismdepartment\/","og_locale":"de_DE","og_type":"article","og_title":"Tourism and Culture","og_description":"This Tourism and Culture Department supports, maintains and develops quality programs which enhance the City\u2019s cultural institutions and infrastructure, as well as the City\u2019s cultural and tourist industries, while striving to provide year-round events, concerts, movies in the park, and theatre productions that enhance both the visitor\u2019s experience and the quality of life of our residents","og_url":"https:\/\/www.miamibeachfl.gov\/de\/egovapp\/city-hall\/tourismdepartment\/","og_site_name":"City of Miami Beach","article_publisher":"https:\/\/www.facebook.com\/cityofmiamibeach","article_modified_time":"2025-06-07T20:15:56+00:00","og_image":[{"width":1000,"height":1000,"url":"https:\/\/www.miamibeachfl.gov\/wp-content\/uploads\/2024\/01\/1000pxSquare-miamibeach-aerial-southpointview.jpeg","type":"image\/jpeg"}],"twitter_card":"summary_large_image","twitter_site":"@Miamibeachnews","schema":{"@context":"https:\/\/schema.org","@graph":[{"@type":"WebPage","@id":"https:\/\/www.miamibeachfl.gov\/egovapp\/city-hall\/tourismdepartment\/","url":"https:\/\/www.miamibeachfl.gov\/egovapp\/city-hall\/tourismdepartment\/","name":"Tourismus und Kultur - Stadt Miami Beach","isPartOf":{"@id":"https:\/\/www.miamibeachfl.gov\/#website"},"datePublished":"2023-07-20T22:44:52+00:00","dateModified":"2025-06-07T20:15:56+00:00","description":"Diese Abteilung f\u00fcr Tourismus und Kultur unterst\u00fctzt, pflegt und entwickelt Qualit\u00e4tsprogramme, die die kulturellen Einrichtungen und die Infrastruktur der Stadt sowie die Kultur- und Tourismusindustrie der Stadt verbessern. Gleichzeitig ist sie bestrebt, das ganze Jahr \u00fcber Veranstaltungen, Konzerte, Filme im Park und Theaterproduktionen anzubieten, die sowohl das Erlebnis der Besucher als auch die Lebensqualit\u00e4t unserer Einwohner verbessern.","breadcrumb":{"@id":"https:\/\/www.miamibeachfl.gov\/egovapp\/city-hall\/tourismdepartment\/#breadcrumb"},"inLanguage":"de","potentialAction":[{"@type":"ReadAction","target":["https:\/\/www.miamibeachfl.gov\/egovapp\/city-hall\/tourismdepartment\/"]}]},{"@type":"BreadcrumbList","@id":"https:\/\/www.miamibeachfl.gov\/egovapp\/city-hall\/tourismdepartment\/#breadcrumb","itemListElement":[{"@type":"ListItem","position":1,"name":"Home","item":"https:\/\/www.miamibeachfl.gov\/"},{"@type":"ListItem","position":2,"name":"MobileAppPages","item":"https:\/\/www.miamibeachfl.gov\/egovapp\/"},{"@type":"ListItem","position":3,"name":"City Hall Department Directory","item":"https:\/\/www.miamibeachfl.gov\/egovapp\/city-hall\/"},{"@type":"ListItem","position":4,"name":"Tourism and Culture"}]},{"@type":"WebSite","@id":"https:\/\/www.miamibeachfl.gov\/#website","url":"https:\/\/www.miamibeachfl.gov\/","name":"Stadt Miami Beach","description":"Die offizielle Website der Stadt Miami Beach. Bleiben Sie informiert und finden Sie wichtige Informationen zu st\u00e4dtischen Dienstleistungen, Neuigkeiten, Warnungen, Veranstaltungen, Stra\u00dfenbahnlinien, Stellenangeboten im \u00f6ffentlichen Dienst und mehr.","publisher":{"@id":"https:\/\/www.miamibeachfl.gov\/#organization"},"potentialAction":[{"@type":"SearchAction","target":{"@type":"EntryPoint","urlTemplate":"https:\/\/www.miamibeachfl.gov\/?s={search_term_string}"},"query-input":{"@type":"PropertyValueSpecification","valueRequired":true,"valueName":"search_term_string"}}],"inLanguage":"de"},{"@type":"Organization","@id":"https:\/\/www.miamibeachfl.gov\/#organization","name":"Stadt Miami Beach","url":"https:\/\/www.miamibeachfl.gov\/","logo":{"@type":"ImageObject","inLanguage":"de","@id":"https:\/\/www.miamibeachfl.gov\/#\/schema\/logo\/image\/","url":"https:\/\/www.miamibeachfl.gov\/wp-content\/uploads\/2022\/06\/miamibeach-logoblue.png","contentUrl":"https:\/\/www.miamibeachfl.gov\/wp-content\/uploads\/2022\/06\/miamibeach-logoblue.png","width":1962,"height":381,"caption":"City of Miami Beach"},"image":{"@id":"https:\/\/www.miamibeachfl.gov\/#\/schema\/logo\/image\/"},"sameAs":["https:\/\/www.facebook.com\/cityofmiamibeach","https:\/\/x.com\/Miamibeachnews","https:\/\/www.instagram.com\/miamibeachnews\/"],"description":"Die offizielle Website der Stadt Miami Beach. Bleiben Sie informiert und finden Sie wichtige Informationen zu st\u00e4dtischen Dienstleistungen, Neuigkeiten, Warnungen, Veranstaltungen, Stra\u00dfenbahnlinien, Stellenangeboten im \u00f6ffentlichen Dienst und mehr.","telephone":"305.604.CITY(2489)","legalName":"City of Miami Beach"}]}},"_links":{"self":[{"href":"https:\/\/www.miamibeachfl.gov\/de\/wp-json\/wp\/v2\/pages\/265696","targetHints":{"allow":["GET"]}}],"collection":[{"href":"https:\/\/www.miamibeachfl.gov\/de\/wp-json\/wp\/v2\/pages"}],"about":[{"href":"https:\/\/www.miamibeachfl.gov\/de\/wp-json\/wp\/v2\/types\/page"}],"author":[{"embeddable":true,"href":"https:\/\/www.miamibeachfl.gov\/de\/wp-json\/wp\/v2\/users\/222"}],"replies":[{"embeddable":true,"href":"https:\/\/www.miamibeachfl.gov\/de\/wp-json\/wp\/v2\/comments?post=265696"}],"version-history":[{"count":1,"href":"https:\/\/www.miamibeachfl.gov\/de\/wp-json\/wp\/v2\/pages\/265696\/revisions"}],"predecessor-version":[{"id":375842,"href":"https:\/\/www.miamibeachfl.gov\/de\/wp-json\/wp\/v2\/pages\/265696\/revisions\/375842"}],"up":[{"embeddable":true,"href":"https:\/\/www.miamibeachfl.gov\/de\/wp-json\/wp\/v2\/pages\/265532"}],"wp:attachment":[{"href":"https:\/\/www.miamibeachfl.gov\/de\/wp-json\/wp\/v2\/media?parent=265696"}],"wp:term":[{"taxonomy":"category","embeddable":true,"href":"https:\/\/www.miamibeachfl.gov\/de\/wp-json\/wp\/v2\/categories?post=265696"},{"taxonomy":"post_tag","embeddable":true,"href":"https:\/\/www.miamibeachfl.gov\/de\/wp-json\/wp\/v2\/tags?post=265696"}],"curies":[{"name":"wp","href":"https:\/\/api.w.org\/{rel}","templated":true}]}}