{"id":267685,"date":"2023-08-09T10:54:17","date_gmt":"2023-08-09T14:54:17","guid":{"rendered":"https:\/\/www.miamibeachfl.gov\/city-hall\/city-clerk\/election-information\/related-resolutions-november-7-2023\/"},"modified":"2025-02-23T08:23:36","modified_gmt":"2025-02-23T13:23:36","slug":"related-resolutions-november-7-2023","status":"publish","type":"page","link":"https:\/\/www.miamibeachfl.gov\/de\/city-hall\/city-clerk\/election-information\/related-resolutions-november-7-2023\/","title":{"rendered":"Zugeh\u00f6rige Resolutionen \u2013 7. November 2023"},"content":{"rendered":"<img loading=\"lazy\" decoding=\"async\" src=\"https:\/\/www.miamibeachfl.gov\/wp-content\/uploads\/2022\/07\/hero-small.jpg\" alt=\"ocean drive art deco buildings\" itemprop=\"image\" height=\"211\" width=\"2395\" title=\"Held-klein\" onerror=\"this.style.display='none'\"  \/>\n<h1>\n\t\tZugeh\u00f6rige Resolutionen \u2013 7. November 2023\n\t<\/h1>\n\t<nav id=\"breadcrumbs\" aria-label=\"Paniermehl\"><a href=\"https:\/\/www.miamibeachfl.gov\/de\/\">Heim<\/a> &gt; <a href=\"https:\/\/www.miamibeachfl.gov\/de\/city-hall\/\">Rathaus<\/a> &gt; <a href=\"https:\/\/www.miamibeachfl.gov\/de\/city-hall\/city-clerk\/\">Stadtschreiber<\/a> &gt; <a href=\"https:\/\/www.miamibeachfl.gov\/de\/city-hall\/city-clerk\/election-information\/\">Wahlinformationen<\/a> &gt; <strong>Zugeh\u00f6rige Resolutionen \u2013 7. November 2023<\/strong><\/nav>\n\t<ul>\n<li><a href=\"https:\/\/www.miamibeachfl.gov\/wp-content\/uploads\/2023\/08\/Resolution-2023-32680.pdf\">Resolution 2023-32680<\/a>: EIN BESCHLUSS DES B\u00dcRGERMEISTERS UND DER STADTKOMMISSION DER STADT MIAMI BEACH, FLORIDA, DER DIE VERWALTUNG ERM\u00c4CHTIGT, DIE VIDEOPR\u00c4SENTATIONEN DES B\u00dcRGERMEISTERS UND DER KANDIDATEN DER KOMMISSIONEN DER GRUPPEN IV, V UND VI F\u00dcR DIE ALLGEMEINEN WAHLEN VOM 7. NOVEMBER 2023 AUFZUZEICHNEN UND AUF MBTV AUSZUSENDEN, UND DER ALS SEIN GRUNDSATZERKL\u00c4RUNG DAS \u00d6FFENTLICHE ZWECK BEST\u00c4TIGT, DIE W\u00c4HLER DER STADT \u00dcBER QUALIFIZIERTE KANDIDATEN ZU INFORMIEREN, DIE SICH BEI DEN ALLGEMEINEN WAHLEN DER STADT AM 7. NOVEMBER 2023 BEWIRBEN.<\/li>\n<li><a href=\"https:\/\/www.miamibeachfl.gov\/wp-content\/uploads\/2023\/08\/Resolution-2023-32679.pdf\">Resolution 2023-32679<\/a>: EIN BESCHLUSS DES B\u00dcRGERMEISTERS UND DER STADTKOMMISSION DER STADT MIAMI BEACH, FLORIDA, DER DIE VORZEITIGE WAHL F\u00dcR DIE ALLGEMEINEN WAHLEN IN MIAMI BEACH AM 7. NOVEMBER 2023 UND, FALLS ERFORDERLICH, EINE STICHWAHL AM 21. NOVEMBER 2023 GENEHMIGT UND DIE WAHLLEITERIN DES MIAMI-DADE COUNTY ODER IHREN BEAUFTRAGTEN ANWEIST, W\u00c4HREND DER VORZEITIGEN WAHL AN ALLEN ORTEN F\u00dcR DIE VORZEITIGE WAHL DRIVE-THROUGH-BRIEFB\u00c4CHER ZUR VERF\u00dcGUNG ZU STELLEN, UM DEN W\u00c4HLERN DIE SICHERHEIT UND RECHTZEITIGE ABGABE IHRER BRIEFWAHLZETTEL F\u00dcR DIE ALLGEMEINEN WAHLEN IN MIAMI BEACH AM 7. NOVEMBER 2023 UND, FALLS ERFORDERLICH, DIE STICHWAHL AM 21. NOVEMBER 2023 ZU ERM\u00d6GLICHEN.<\/li>\n<li><a href=\"https:\/\/www.miamibeachfl.gov\/wp-content\/uploads\/2023\/08\/Resolution-2023-32678.pdf\">Resolution 2023-32678<\/a>: EINE ENTSCHLIESSUNG DES B\u00dcRGERMEISTERS UND DER STADTFACHKOMMISSION DER STADT MIAMI BEACH, FLORIDA, DIE ZU EINER ALLGEMEINEN WAHL AM 7. NOVEMBER 2023 IN DER STADT MIAMI BEACH AUFFORDERT, UM EINEN B\u00dcRGERMEISTER UND DREI STADTFACHMITGLIEDER (GRUPPEN IV, V UND VI) ZU W\u00c4HLEN; DIE FERNER EINE STICHWAHL, FALLS ERFORDERLICH, AM 21. NOVEMBER 2023 VORSETZT; DIE DURCHF\u00dcHRUNG DER GENANNTEN WAHLEN DURCH DAS WAHLAMT VON MIAMI-DADE COUNTY (MIAMI-DADE COUNTY) VORSETZT; DIE VORSETZT, DASS DIE WAHLBEZIRKE F\u00dcR DIE GENANNTEN WAHLEN DIE VON MIAMI-DADE COUNTY FESTGELEGTEN SIND; DIE EINE BEKANNTMACHUNG DER GENANNTEN WAHLEN VORSETZT; Bereitstellung der Stimmzettel und der W\u00e4hlerregistrierung gem\u00e4\u00df den Gesetzen des jeweiligen Bundesstaates; Bereitstellung der Teilnahme der W\u00e4hler per Briefwahl an den genannten Wahlen gem\u00e4\u00df den Gesetzen des jeweiligen Bundesstaates; und Bereitstellung der Zahlung aller Kosten f\u00fcr die Durchf\u00fchrung der Wahlen.<\/li>\n<\/ul>\n\t\tNavigieren Sie zu\u2026\t\t\t\n\t\t\t\t\t<ul id=\"menu-city-clerk-election-menu\"><li id=\"menu-item-363778\"><a href=\"https:\/\/www.miamibeachfl.gov\/de\/city-hall\/city-clerk\/election-information\/election-information-archive-2018-to-present\/\">Archiv 2018 bis heute<\/a><\/li>\n<li id=\"menu-item-363779\"><a href=\"https:\/\/www.miamibeachfl.gov\/de\/city-hall\/city-clerk\/election-information\/august-18-2020-primary-election\/\">18. August 2020: Vorwahlen<\/a><\/li>\n<li id=\"menu-item-363780\"><a href=\"https:\/\/www.miamibeachfl.gov\/de\/city-hall\/city-clerk\/election-information\/august-2024-primary-election\/\">Vorwahlen im August 2024<\/a><\/li>\n<li id=\"menu-item-363781\"><a href=\"https:\/\/www.miamibeachfl.gov\/de\/city-hall\/city-clerk\/election-information\/general-election-2-2\/\">23. August 2022: Sonderwahl<\/a><\/li>\n<li id=\"menu-item-363782\"><a href=\"https:\/\/www.miamibeachfl.gov\/de\/city-hall\/city-clerk\/election-information\/campaign-finance\/\">Gesetze zur Wahlkampffinanzierung<\/a><\/li>\n<li id=\"menu-item-363783\"><a href=\"https:\/\/www.miamibeachfl.gov\/de\/city-hall\/city-clerk\/election-information\/december-17-2019-special-election-allison-island-and-biscayne-beach-only\/\">17. Dezember 2019 Sonderwahl<\/a><\/li>\n<li id=\"menu-item-363784\"><a href=\"https:\/\/www.miamibeachfl.gov\/de\/city-hall\/city-clerk\/election-information\/ecos-registered-with-the-department-of-state\/\">Beim Au\u00dfenministerium registrierte ECOs<\/a><\/li>\n<li id=\"menu-item-363785\"><a href=\"https:\/\/www.miamibeachfl.gov\/de\/city-hall\/city-clerk\/election-information\/election-related-resolutions\/\">Wahlbezogene Resolutionen<\/a><\/li>\n<li id=\"menu-item-363786\"><a href=\"https:\/\/www.miamibeachfl.gov\/de\/city-hall\/city-clerk\/election-information\/general-election\/\">Allgemeine und Sonderwahlen\/ Stichwahlen<\/a><\/li>\n<li id=\"menu-item-363787\"><a href=\"https:\/\/www.miamibeachfl.gov\/de\/city-hall\/city-clerk\/election-information\/general-election-2\/\">Parlamentswahlen<\/a><\/li>\n<li id=\"menu-item-363813\"><a href=\"https:\/\/www.miamibeachfl.gov\/de\/city-hall\/city-clerk\/election-information\/lrbid-renewalelection\/\">Wahl zur Erneuerung des Lincoln Road Business Improvement District<\/a><\/li>\n<li id=\"menu-item-363814\"><a href=\"https:\/\/www.miamibeachfl.gov\/de\/city-hall\/city-clerk\/election-information\/mail-ballot-election-for-the-creation-of-a-special-assessment-district-to-be-known-as-the-south-beach-business-improvement-district\/\">Briefwahl<\/a><\/li>\n<li id=\"menu-item-363788\"><a href=\"https:\/\/www.miamibeachfl.gov\/de\/city-hall\/city-clerk\/election-information\/march-17-2020-presidential-preference-primary-election\/\">17. M\u00e4rz 2020: Vorwahlen zur Pr\u00e4sidentschaftspr\u00e4ferenz<\/a><\/li>\n<li id=\"menu-item-363789\"><a href=\"https:\/\/www.miamibeachfl.gov\/de\/city-hall\/city-clerk\/election-information\/most-commonly-used-election-forms\/\">Am h\u00e4ufigsten verwendete Wahlformulare<\/a><\/li>\n<li id=\"menu-item-363790\"><a href=\"https:\/\/www.miamibeachfl.gov\/de\/city-hall\/city-clerk\/election-information\/november-3-2020-general-election\/\">3. November 2020: Parlamentswahlen<\/a><\/li>\n<li id=\"menu-item-363791\"><a href=\"https:\/\/www.miamibeachfl.gov\/de\/city-hall\/city-clerk\/election-information\/november-4-2025-general-and-special-elections\/\">4. November 2025: Parlamentswahlen<\/a><\/li>\n<li id=\"menu-item-363792\"><a href=\"https:\/\/www.miamibeachfl.gov\/de\/city-hall\/city-clerk\/election-information\/november-5-2024-general-and-special-elections\/\">5. November 2024: Sonderwahl<\/a><\/li>\n<li id=\"menu-item-363793\"><a href=\"https:\/\/www.miamibeachfl.gov\/de\/city-hall\/city-clerk\/election-information\/november-8-2022-special-election-to-fill-vacancy-special-election-for-referendum\/\">8. November 2022: Sonderwahl zur Besetzung vakanter Stellen und Sonderwahl f\u00fcr Referenden<\/a><\/li>\n<li id=\"menu-item-363794\"><a href=\"https:\/\/www.miamibeachfl.gov\/de\/city-hall\/city-clerk\/election-information\/related-resolution\/\">Zugeh\u00f6rige Aufl\u00f6sungen<\/a><\/li>\n<li id=\"menu-item-363795\"><a href=\"https:\/\/www.miamibeachfl.gov\/de\/city-hall\/city-clerk\/election-information\/related-resolutions-november-5-2024\/\">Zugeh\u00f6rige Resolutionen \u2013 5. NOVEMBER 2024<\/a><\/li>\n<li id=\"menu-item-363796\"><a href=\"https:\/\/www.miamibeachfl.gov\/de\/city-hall\/city-clerk\/election-information\/related-resolutions-november-7-2023\/\">Zugeh\u00f6rige Resolutionen \u2013 7. November 2023<\/a><\/li>\n<li id=\"menu-item-363797\"><a href=\"https:\/\/www.miamibeachfl.gov\/de\/city-hall\/city-clerk\/election-information\/resolutions\/\">Aufl\u00f6sungen<\/a><\/li>\n<li id=\"menu-item-363798\"><a href=\"https:\/\/www.miamibeachfl.gov\/de\/city-hall\/city-clerk\/election-information\/south-beach-bid-election\/\">Wahl zur Bewerbung in South Beach<\/a><\/li>\n<li id=\"menu-item-363799\"><a href=\"https:\/\/www.miamibeachfl.gov\/de\/city-hall\/city-clerk\/election-information\/special-election-to-fill-vancancy-runoff\/\">Sonderwahl zur Besetzung der Stichwahl<\/a><\/li>\n<\/ul>\t\n\t<div class=\"page-navigation\"><a class=\"prev-page\" href=\"https:\/\/www.miamibeachfl.gov\/de\/city-hall\/city-clerk\/election-information\/november-5-2024-general-and-special-elections\/\">\u2190 5. November 2024: Sonderwahl<\/a> <a class=\"next-page\" href=\"https:\/\/www.miamibeachfl.gov\/de\/city-hall\/city-clerk\/election-information\/related-resolutions-november-5-2024\/\">Verwandte Resolutionen - 5. NOVEMBER 2024 \u2192<\/a><\/div>","protected":false},"excerpt":{"rendered":"<p>Related Resolutions &#8211; November 7, 2023 Home &gt; City Hall &gt; City Clerk &gt; Election Information &gt; Related Resolutions &#8211; [&hellip;]<\/p>\n","protected":false},"author":222,"featured_media":0,"parent":28358,"menu_order":78,"comment_status":"closed","ping_status":"closed","template":"page-blank.php","meta":{"_searchwp_excluded":"","site-sidebar-layout":"default","site-content-layout":"","ast-site-content-layout":"default","site-content-style":"default","site-sidebar-style":"default","ast-global-header-display":"","ast-banner-title-visibility":"","ast-main-header-display":"","ast-hfb-above-header-display":"","ast-hfb-below-header-display":"","ast-hfb-mobile-header-display":"","site-post-title":"","ast-breadcrumbs-content":"","ast-featured-img":"","footer-sml-layout":"","theme-transparent-header-meta":"","adv-header-id-meta":"","stick-header-meta":"","header-above-stick-meta":"","header-main-stick-meta":"","header-below-stick-meta":"","astra-migrate-meta-layouts":"default","ast-page-background-enabled":"default","ast-page-background-meta":{"desktop":{"background-color":"var(--ast-global-color-5)","background-image":"","background-repeat":"repeat","background-position":"center center","background-size":"auto","background-attachment":"scroll","background-type":"","background-media":"","overlay-type":"","overlay-color":"","overlay-opacity":"","overlay-gradient":""},"tablet":{"background-color":"","background-image":"","background-repeat":"repeat","background-position":"center center","background-size":"auto","background-attachment":"scroll","background-type":"","background-media":"","overlay-type":"","overlay-color":"","overlay-opacity":"","overlay-gradient":""},"mobile":{"background-color":"","background-image":"","background-repeat":"repeat","background-position":"center center","background-size":"auto","background-attachment":"scroll","background-type":"","background-media":"","overlay-type":"","overlay-color":"","overlay-opacity":"","overlay-gradient":""}},"ast-content-background-meta":{"desktop":{"background-color":"var(--ast-global-color-4)","background-image":"","background-repeat":"repeat","background-position":"center center","background-size":"auto","background-attachment":"scroll","background-type":"","background-media":"","overlay-type":"","overlay-color":"","overlay-opacity":"","overlay-gradient":""},"tablet":{"background-color":"var(--ast-global-color-4)","background-image":"","background-repeat":"repeat","background-position":"center center","background-size":"auto","background-attachment":"scroll","background-type":"","background-media":"","overlay-type":"","overlay-color":"","overlay-opacity":"","overlay-gradient":""},"mobile":{"background-color":"var(--ast-global-color-4)","background-image":"","background-repeat":"repeat","background-position":"center center","background-size":"auto","background-attachment":"scroll","background-type":"","background-media":"","overlay-type":"","overlay-color":"","overlay-opacity":"","overlay-gradient":""}},"footnotes":""},"categories":[],"tags":[],"class_list":["post-267685","page","type-page","status-publish","hentry"],"yoast_head":"<!-- This site is optimized with the Yoast SEO Premium plugin v26.6 (Yoast SEO v26.6) - https:\/\/yoast.com\/wordpress\/plugins\/seo\/ -->\n<title>Related Resolutions - November 7, 2023 - City of Miami Beach<\/title>\n<meta name=\"description\" content=\"%\" \/>\n<meta name=\"robots\" content=\"index, follow, max-snippet:-1, max-image-preview:large, max-video-preview:-1\" \/>\n<link rel=\"canonical\" href=\"https:\/\/www.miamibeachfl.gov\/de\/city-hall\/city-clerk\/election-information\/related-resolutions-november-7-2023\/\" \/>\n<meta property=\"og:locale\" content=\"de_DE\" \/>\n<meta property=\"og:type\" content=\"article\" \/>\n<meta property=\"og:title\" content=\"Related Resolutions - November 7, 2023\" \/>\n<meta property=\"og:description\" content=\"%\" \/>\n<meta property=\"og:url\" content=\"https:\/\/www.miamibeachfl.gov\/de\/city-hall\/city-clerk\/election-information\/related-resolutions-november-7-2023\/\" \/>\n<meta property=\"og:site_name\" content=\"City of Miami Beach\" \/>\n<meta property=\"article:publisher\" content=\"https:\/\/www.facebook.com\/cityofmiamibeach\" \/>\n<meta property=\"article:modified_time\" content=\"2025-02-23T13:23:36+00:00\" \/>\n<meta property=\"og:image\" content=\"https:\/\/www.miamibeachfl.gov\/wp-content\/uploads\/2022\/07\/hero-small.jpg\" \/>\n<meta name=\"twitter:card\" content=\"summary_large_image\" \/>\n<meta name=\"twitter:site\" content=\"@Miamibeachnews\" \/>\n<script type=\"application\/ld+json\" class=\"yoast-schema-graph\">{\"@context\":\"https:\/\/schema.org\",\"@graph\":[{\"@type\":\"WebPage\",\"@id\":\"https:\/\/www.miamibeachfl.gov\/city-hall\/city-clerk\/election-information\/related-resolutions-november-7-2023\/\",\"url\":\"https:\/\/www.miamibeachfl.gov\/city-hall\/city-clerk\/election-information\/related-resolutions-november-7-2023\/\",\"name\":\"Related Resolutions - November 7, 2023 - City of Miami Beach\",\"isPartOf\":{\"@id\":\"https:\/\/www.miamibeachfl.gov\/#website\"},\"primaryImageOfPage\":{\"@id\":\"https:\/\/www.miamibeachfl.gov\/city-hall\/city-clerk\/election-information\/related-resolutions-november-7-2023\/#primaryimage\"},\"image\":{\"@id\":\"https:\/\/www.miamibeachfl.gov\/city-hall\/city-clerk\/election-information\/related-resolutions-november-7-2023\/#primaryimage\"},\"thumbnailUrl\":\"https:\/\/www.miamibeachfl.gov\/wp-content\/uploads\/2022\/07\/hero-small.jpg\",\"datePublished\":\"2023-08-09T14:54:17+00:00\",\"dateModified\":\"2025-02-23T13:23:36+00:00\",\"description\":\"%\",\"breadcrumb\":{\"@id\":\"https:\/\/www.miamibeachfl.gov\/city-hall\/city-clerk\/election-information\/related-resolutions-november-7-2023\/#breadcrumb\"},\"inLanguage\":\"de\",\"potentialAction\":[{\"@type\":\"ReadAction\",\"target\":[\"https:\/\/www.miamibeachfl.gov\/city-hall\/city-clerk\/election-information\/related-resolutions-november-7-2023\/\"]}]},{\"@type\":\"ImageObject\",\"inLanguage\":\"de\",\"@id\":\"https:\/\/www.miamibeachfl.gov\/city-hall\/city-clerk\/election-information\/related-resolutions-november-7-2023\/#primaryimage\",\"url\":\"https:\/\/www.miamibeachfl.gov\/wp-content\/uploads\/2022\/07\/hero-small.jpg\",\"contentUrl\":\"https:\/\/www.miamibeachfl.gov\/wp-content\/uploads\/2022\/07\/hero-small.jpg\"},{\"@type\":\"BreadcrumbList\",\"@id\":\"https:\/\/www.miamibeachfl.gov\/city-hall\/city-clerk\/election-information\/related-resolutions-november-7-2023\/#breadcrumb\",\"itemListElement\":[{\"@type\":\"ListItem\",\"position\":1,\"name\":\"Home\",\"item\":\"https:\/\/www.miamibeachfl.gov\/\"},{\"@type\":\"ListItem\",\"position\":2,\"name\":\"City Hall\",\"item\":\"https:\/\/www.miamibeachfl.gov\/city-hall\/\"},{\"@type\":\"ListItem\",\"position\":3,\"name\":\"City Clerk\",\"item\":\"https:\/\/www.miamibeachfl.gov\/city-hall\/city-clerk\/\"},{\"@type\":\"ListItem\",\"position\":4,\"name\":\"Election Information\",\"item\":\"https:\/\/www.miamibeachfl.gov\/city-hall\/city-clerk\/election-information\/\"},{\"@type\":\"ListItem\",\"position\":5,\"name\":\"Related Resolutions &#8211; November 7, 2023\"}]},{\"@type\":\"WebSite\",\"@id\":\"https:\/\/www.miamibeachfl.gov\/#website\",\"url\":\"https:\/\/www.miamibeachfl.gov\/\",\"name\":\"City of Miami Beach\",\"description\":\"The official website of the City of Miami Beach. Stay informed, find important information on city services, news, alerts, events, trolley routes, government employment and more.\",\"publisher\":{\"@id\":\"https:\/\/www.miamibeachfl.gov\/#organization\"},\"potentialAction\":[{\"@type\":\"SearchAction\",\"target\":{\"@type\":\"EntryPoint\",\"urlTemplate\":\"https:\/\/www.miamibeachfl.gov\/?s={search_term_string}\"},\"query-input\":{\"@type\":\"PropertyValueSpecification\",\"valueRequired\":true,\"valueName\":\"search_term_string\"}}],\"inLanguage\":\"de\"},{\"@type\":\"Organization\",\"@id\":\"https:\/\/www.miamibeachfl.gov\/#organization\",\"name\":\"City of Miami Beach\",\"url\":\"https:\/\/www.miamibeachfl.gov\/\",\"logo\":{\"@type\":\"ImageObject\",\"inLanguage\":\"de\",\"@id\":\"https:\/\/www.miamibeachfl.gov\/#\/schema\/logo\/image\/\",\"url\":\"https:\/\/www.miamibeachfl.gov\/wp-content\/uploads\/2022\/06\/miamibeach-logoblue.png\",\"contentUrl\":\"https:\/\/www.miamibeachfl.gov\/wp-content\/uploads\/2022\/06\/miamibeach-logoblue.png\",\"width\":1962,\"height\":381,\"caption\":\"City of Miami Beach\"},\"image\":{\"@id\":\"https:\/\/www.miamibeachfl.gov\/#\/schema\/logo\/image\/\"},\"sameAs\":[\"https:\/\/www.facebook.com\/cityofmiamibeach\",\"https:\/\/x.com\/Miamibeachnews\",\"https:\/\/www.instagram.com\/miamibeachnews\/\"],\"description\":\"The official website of the City of Miami Beach. Stay informed, find important information on city services, news, alerts, events, trolley routes, government employment and more.\",\"telephone\":\"305.604.CITY(2489)\",\"legalName\":\"City of Miami Beach\"}]}<\/script>\n<!-- \/ Yoast SEO Premium plugin. -->","yoast_head_json":{"title":"Zugeh\u00f6rige Resolutionen \u2013 7. November 2023 \u2013 Stadt Miami Beach","description":"%","robots":{"index":"index","follow":"follow","max-snippet":"max-snippet:-1","max-image-preview":"max-image-preview:large","max-video-preview":"max-video-preview:-1"},"canonical":"https:\/\/www.miamibeachfl.gov\/de\/city-hall\/city-clerk\/election-information\/related-resolutions-november-7-2023\/","og_locale":"de_DE","og_type":"article","og_title":"Related Resolutions - November 7, 2023","og_description":"%","og_url":"https:\/\/www.miamibeachfl.gov\/de\/city-hall\/city-clerk\/election-information\/related-resolutions-november-7-2023\/","og_site_name":"City of Miami Beach","article_publisher":"https:\/\/www.facebook.com\/cityofmiamibeach","article_modified_time":"2025-02-23T13:23:36+00:00","og_image":[{"url":"https:\/\/www.miamibeachfl.gov\/wp-content\/uploads\/2022\/07\/hero-small.jpg","type":"","width":"","height":""}],"twitter_card":"summary_large_image","twitter_site":"@Miamibeachnews","schema":{"@context":"https:\/\/schema.org","@graph":[{"@type":"WebPage","@id":"https:\/\/www.miamibeachfl.gov\/city-hall\/city-clerk\/election-information\/related-resolutions-november-7-2023\/","url":"https:\/\/www.miamibeachfl.gov\/city-hall\/city-clerk\/election-information\/related-resolutions-november-7-2023\/","name":"Zugeh\u00f6rige Resolutionen \u2013 7. November 2023 \u2013 Stadt Miami Beach","isPartOf":{"@id":"https:\/\/www.miamibeachfl.gov\/#website"},"primaryImageOfPage":{"@id":"https:\/\/www.miamibeachfl.gov\/city-hall\/city-clerk\/election-information\/related-resolutions-november-7-2023\/#primaryimage"},"image":{"@id":"https:\/\/www.miamibeachfl.gov\/city-hall\/city-clerk\/election-information\/related-resolutions-november-7-2023\/#primaryimage"},"thumbnailUrl":"https:\/\/www.miamibeachfl.gov\/wp-content\/uploads\/2022\/07\/hero-small.jpg","datePublished":"2023-08-09T14:54:17+00:00","dateModified":"2025-02-23T13:23:36+00:00","description":"%","breadcrumb":{"@id":"https:\/\/www.miamibeachfl.gov\/city-hall\/city-clerk\/election-information\/related-resolutions-november-7-2023\/#breadcrumb"},"inLanguage":"de","potentialAction":[{"@type":"ReadAction","target":["https:\/\/www.miamibeachfl.gov\/city-hall\/city-clerk\/election-information\/related-resolutions-november-7-2023\/"]}]},{"@type":"ImageObject","inLanguage":"de","@id":"https:\/\/www.miamibeachfl.gov\/city-hall\/city-clerk\/election-information\/related-resolutions-november-7-2023\/#primaryimage","url":"https:\/\/www.miamibeachfl.gov\/wp-content\/uploads\/2022\/07\/hero-small.jpg","contentUrl":"https:\/\/www.miamibeachfl.gov\/wp-content\/uploads\/2022\/07\/hero-small.jpg"},{"@type":"BreadcrumbList","@id":"https:\/\/www.miamibeachfl.gov\/city-hall\/city-clerk\/election-information\/related-resolutions-november-7-2023\/#breadcrumb","itemListElement":[{"@type":"ListItem","position":1,"name":"Home","item":"https:\/\/www.miamibeachfl.gov\/"},{"@type":"ListItem","position":2,"name":"City Hall","item":"https:\/\/www.miamibeachfl.gov\/city-hall\/"},{"@type":"ListItem","position":3,"name":"City Clerk","item":"https:\/\/www.miamibeachfl.gov\/city-hall\/city-clerk\/"},{"@type":"ListItem","position":4,"name":"Election Information","item":"https:\/\/www.miamibeachfl.gov\/city-hall\/city-clerk\/election-information\/"},{"@type":"ListItem","position":5,"name":"Related Resolutions &#8211; November 7, 2023"}]},{"@type":"WebSite","@id":"https:\/\/www.miamibeachfl.gov\/#website","url":"https:\/\/www.miamibeachfl.gov\/","name":"Stadt Miami Beach","description":"Die offizielle Website der Stadt Miami Beach. Bleiben Sie informiert und finden Sie wichtige Informationen zu st\u00e4dtischen Dienstleistungen, Neuigkeiten, Warnungen, Veranstaltungen, Stra\u00dfenbahnlinien, Stellenangeboten im \u00f6ffentlichen Dienst und mehr.","publisher":{"@id":"https:\/\/www.miamibeachfl.gov\/#organization"},"potentialAction":[{"@type":"SearchAction","target":{"@type":"EntryPoint","urlTemplate":"https:\/\/www.miamibeachfl.gov\/?s={search_term_string}"},"query-input":{"@type":"PropertyValueSpecification","valueRequired":true,"valueName":"search_term_string"}}],"inLanguage":"de"},{"@type":"Organization","@id":"https:\/\/www.miamibeachfl.gov\/#organization","name":"Stadt Miami Beach","url":"https:\/\/www.miamibeachfl.gov\/","logo":{"@type":"ImageObject","inLanguage":"de","@id":"https:\/\/www.miamibeachfl.gov\/#\/schema\/logo\/image\/","url":"https:\/\/www.miamibeachfl.gov\/wp-content\/uploads\/2022\/06\/miamibeach-logoblue.png","contentUrl":"https:\/\/www.miamibeachfl.gov\/wp-content\/uploads\/2022\/06\/miamibeach-logoblue.png","width":1962,"height":381,"caption":"City of Miami Beach"},"image":{"@id":"https:\/\/www.miamibeachfl.gov\/#\/schema\/logo\/image\/"},"sameAs":["https:\/\/www.facebook.com\/cityofmiamibeach","https:\/\/x.com\/Miamibeachnews","https:\/\/www.instagram.com\/miamibeachnews\/"],"description":"Die offizielle Website der Stadt Miami Beach. Bleiben Sie informiert und finden Sie wichtige Informationen zu st\u00e4dtischen Dienstleistungen, Neuigkeiten, Warnungen, Veranstaltungen, Stra\u00dfenbahnlinien, Stellenangeboten im \u00f6ffentlichen Dienst und mehr.","telephone":"305.604.CITY(2489)","legalName":"City of Miami Beach"}]}},"_links":{"self":[{"href":"https:\/\/www.miamibeachfl.gov\/de\/wp-json\/wp\/v2\/pages\/267685","targetHints":{"allow":["GET"]}}],"collection":[{"href":"https:\/\/www.miamibeachfl.gov\/de\/wp-json\/wp\/v2\/pages"}],"about":[{"href":"https:\/\/www.miamibeachfl.gov\/de\/wp-json\/wp\/v2\/types\/page"}],"author":[{"embeddable":true,"href":"https:\/\/www.miamibeachfl.gov\/de\/wp-json\/wp\/v2\/users\/222"}],"replies":[{"embeddable":true,"href":"https:\/\/www.miamibeachfl.gov\/de\/wp-json\/wp\/v2\/comments?post=267685"}],"version-history":[{"count":0,"href":"https:\/\/www.miamibeachfl.gov\/de\/wp-json\/wp\/v2\/pages\/267685\/revisions"}],"up":[{"embeddable":true,"href":"https:\/\/www.miamibeachfl.gov\/de\/wp-json\/wp\/v2\/pages\/28358"}],"wp:attachment":[{"href":"https:\/\/www.miamibeachfl.gov\/de\/wp-json\/wp\/v2\/media?parent=267685"}],"wp:term":[{"taxonomy":"category","embeddable":true,"href":"https:\/\/www.miamibeachfl.gov\/de\/wp-json\/wp\/v2\/categories?post=267685"},{"taxonomy":"post_tag","embeddable":true,"href":"https:\/\/www.miamibeachfl.gov\/de\/wp-json\/wp\/v2\/tags?post=267685"}],"curies":[{"name":"wp","href":"https:\/\/api.w.org\/{rel}","templated":true}]}}