{"id":268660,"date":"2023-08-16T16:06:19","date_gmt":"2023-08-16T20:06:19","guid":{"rendered":"https:\/\/www.miamibeachfl.gov\/?page_id=268660"},"modified":"2026-02-19T09:40:06","modified_gmt":"2026-02-19T14:40:06","slug":"permits","status":"publish","type":"page","link":"https:\/\/www.miamibeachfl.gov\/de\/permits\/","title":{"rendered":"Genehmigungen der Stadt Miami Beach"},"content":{"rendered":"<h1>\n\t\t\tGenehmigungen der Stadt Miami Beach\t<\/h1>\n\t\t\t<a href=\"https:\/\/cityofmiamibeachfl.tylerportico.com\/navigator\/public\/selections?parentId=13456\" target=\"_self\">\n\t\t\t\t\t\t\tIch ben\u00f6tige einen Leitfaden f\u00fcr Genehmigungen.\n\t\t\t<\/a>\n\t\t<h3>Baugenehmigungen<\/h3>\t\t\t\n\t<p><strong><a href=\"\/de\/city-hall\/building\/permits\/permitchecklists\/\">Genehmigungschecklisten<\/a><\/strong><\/p>\n<p><strong><a href=\"\/de\/city-hall\/building\/permits\/\">Genehmigungsleitfaden<\/a><\/strong><\/p>\n<p><strong><a href=\"\/de\/city-hall\/building\/onlinepermits\/\">Online-Ressourcenzentrum f\u00fcr Genehmigungen<\/a><\/strong><\/p>\n<p><strong><a href=\"https:\/\/www.miamibeachfl.gov\/de\/city-hall\/building\/permits\/mdc\/\">Verfahren f\u00fcr kommunale Genehmigungspr\u00fcfungen im Miami-Dade County<\/a><\/strong><\/p>\n\t<a href=\"https:\/\/www.miamibeachfl.gov\/de\/city-hall\/planning\/planning-document-checklist\/\" target=\"_self\"  aria-label=\"Gehen Sie zu https:\/\/www.miamibeachfl.gov\/city-hall\/planning\/planning-document-checklist\/\"><\/a>\n\t\t<h3>Planung<\/h3>\t\t\t\n\t\t\t\t<p>Allgemeine Genehmigungsinformationen und Checklisten mit Anforderungen nach Genehmigungstyp<\/p>\n\t<a href=\"https:\/\/www.miamibeachfl.gov\/de\/city-hall\/environmental-sustainability\/urban-forestry\/tree-work-permit-information\/\" target=\"_self\"  aria-label=\"Gehen Sie zu https:\/\/www.miamibeachfl.gov\/city-hall\/environmental-sustainability\/urban-forestry\/tree-work-permit-information\/\"><\/a>\n\t\t<h3>Urbane Forstwirtschaft<\/h3>\t\t\t\n\t\t\t\t<p>Informationen zur Genehmigung f\u00fcr Baumarbeiten<\/p>\n\t<a href=\"https:\/\/www.miamibeachfl.gov\/de\/city-hall\/planning\/maps-and-guidelines\/\" target=\"_self\"  aria-label=\"Gehen Sie zu https:\/\/www.miamibeachfl.gov\/city-hall\/planning\/maps-and-guidelines\/\"><\/a>\n\t\t<h3>Resilienz-Code-Karten und -Richtlinien<\/h3>\t\t\t\n\t\t\t\t<p>Zoneneinteilung, zuk\u00fcnftige Landnutzung, historische Bezirke, Parken.<\/p>\n\t\t<h3>\u00d6ffentliche Arbeiten<\/h3>\t\t\t\n\t<a href=\"https:\/\/www.miamibeachfl.gov\/de\/city-hall\/public-works\/process-workflows-and-checklists\/\">Genehmigungsverfahren und Checklisten<\/a>\u00a0<br \/>\n<a href=\"https:\/\/www.miamibeachfl.gov\/de\/city-hall\/public-works\/elevator-division\/elevator-permit\/\">Aufzugsgenehmigungen<\/a>\u00a0\n\t<a href=\"\/de\/city-hall\/fire\/fire-prevention\/building-inspections\/\" target=\"_self\"  aria-label=\"Gehen Sie zu \/Rathaus\/Feuer\/Brandschutz\/Geb\u00e4udeinspektionen\/\"><\/a>\n\t\t<h3>Brandschutzgenehmigungen<\/h3>\t\t\t\n\t\t\t\t<p>Genehmigungen und Inspektionen<\/p>\n\t<a href=\"https:\/\/energovcss.miamibeachfl.gov\/energovprod\/selfservice#\/applicationAssistant?sectionName=All&#038;moduleId=2&#038;categoryName=Sanitation&#038;showTemplates=false\" target=\"_self\"  aria-label=\"Gehen Sie zu https:\/\/energovcss.miamibeachfl.gov\/energovprod\/selfservice#\/applicationAssistant?sectionName=All&amp;moduleId=2&amp;categoryName=Sanitation&amp;showTemplates=false\"><\/a>\n\t\t<h3>Hygiene<\/h3>\t\t\t\n\t<a href=\"https:\/\/www.miamibeachfl.gov\/de\/city-hall\/parking\/permit-programs\/\" target=\"_self\"  aria-label=\"Gehen Sie zu https:\/\/www.miamibeachfl.gov\/city-hall\/parking\/permit-programs\/\"><\/a>\n\t\t<h3>Parken<\/h3>\t\t\t\n\t<a href=\"https:\/\/www.miamibeachfl.gov\/de\/city-hall\/tourism-culture\/special-events\/apply-for-a-special-events-permit\/\" target=\"_self\"  aria-label=\"Gehen Sie zu https:\/\/www.miamibeachfl.gov\/city-hall\/tourism-culture\/special-events\/apply-for-a-special-events-permit\/\"><\/a>\n\t\t<h3>Besondere Ereignisse<\/h3>\t\t\t\n\t\t\t\t<p>Zeremonien, Film &amp; Print, Events<\/p>\n<h2>\n\t\t\t H\u00e4ufig gestellte Fragen zur Genehmigung\t<\/h2>\n\t\t<a href=\"https:\/\/www.miamibeachfl.gov\/de\/city-hall\/building\/faq\/\" title=\"Boxinhalt anzeigen\" target=\"_blank\" rel=\"noopener\" aria-label=\"Post-Element\"><\/a>\t\t\n\t\t\t\t\t\t\t\t\t\t\t\t\t\t<a href=\"https:\/\/www.miamibeachfl.gov\/de\/city-hall\/building\/faq\/\" target=\"_blank\" rel=\"noopener\" title=\"H\u00e4ufig gestellte Fragen zum Geb\u00e4ude\">\n\t\t\t\t<img decoding=\"async\" src=\"https:\/\/www.miamibeachfl.gov\/wp-content\/uploads\/2023\/03\/building-workers-500sq-300x300.jpg\" alt=\"Construction worker\" \/>\n\t\t\t\t<\/a>\n\t\t\t\t\t\t<h3>\n\t\t\t\t<a href=\"https:\/\/www.miamibeachfl.gov\/de\/city-hall\/building\/faq\/\" title=\"H\u00e4ufig gestellte Fragen zum Geb\u00e4ude\">H\u00e4ufig gestellte Fragen zum Geb\u00e4ude<\/a>\t\t\t<\/h3>\n\t\t<a href=\"https:\/\/www.miamibeachfl.gov\/de\/city-hall\/environmental-sustainability\/permitting-faqs\/\" title=\"Boxinhalt anzeigen\" target=\"_blank\" rel=\"noopener\" aria-label=\"Post-Element\"><\/a>\t\t\n\t\t\t\t\t\t\t\t\t\t\t\t\t\t<a href=\"https:\/\/www.miamibeachfl.gov\/de\/city-hall\/environmental-sustainability\/permitting-faqs\/\" target=\"_blank\" rel=\"noopener\" title=\"H\u00e4ufig gestellte Fragen zu Umwelt- und Nachhaltigkeitsgenehmigungen\">\n\t\t\t\t<img decoding=\"async\" src=\"https:\/\/www.miamibeachfl.gov\/wp-content\/uploads\/2025\/06\/Parks-Gallery-2-SouthPointePark-optimized-300x300.jpg\" alt=\"aerial view of southpoint park beachwalk\" \/>\n\t\t\t\t<\/a>\n\t\t\t\t\t\t<h3>\n\t\t\t\t<a href=\"https:\/\/www.miamibeachfl.gov\/de\/city-hall\/environmental-sustainability\/permitting-faqs\/\" title=\"H\u00e4ufig gestellte Fragen zu Umwelt- und Nachhaltigkeitsgenehmigungen\">H\u00e4ufig gestellte Fragen zu Umwelt- und Nachhaltigkeitsgenehmigungen<\/a>\t\t\t<\/h3>\n\t\t<a href=\"https:\/\/www.miamibeachfl.gov\/de\/city-hall\/fire\/fire-permitting-faq\/\" title=\"Boxinhalt anzeigen\" target=\"_blank\" rel=\"noopener\" aria-label=\"Post-Element\"><\/a>\t\t\n\t\t\t\t\t\t\t\t\t\t\t\t\t\t<a href=\"https:\/\/www.miamibeachfl.gov\/de\/city-hall\/fire\/fire-permitting-faq\/\" target=\"_blank\" rel=\"noopener\" title=\"H\u00e4ufig gestellte Fragen zur Feuergenehmigung\">\n\t\t\t\t<img decoding=\"async\" src=\"https:\/\/www.miamibeachfl.gov\/wp-content\/uploads\/2025\/03\/Fire-Rescue-300x300.jpg\" alt=\"Fire Rescue Truck\" \/>\n\t\t\t\t<\/a>\n\t\t\t\t\t\t<h3>\n\t\t\t\t<a href=\"https:\/\/www.miamibeachfl.gov\/de\/city-hall\/fire\/fire-permitting-faq\/\" title=\"H\u00e4ufig gestellte Fragen zur Feuergenehmigung\">H\u00e4ufig gestellte Fragen zur Feuergenehmigung<\/a>\t\t\t<\/h3>\n\t\t<a href=\"https:\/\/www.miamibeachfl.gov\/de\/city-hall\/parking\/parking-permitting-faqs\/\" title=\"Boxinhalt anzeigen\" target=\"_blank\" rel=\"noopener\" aria-label=\"Post-Element\"><\/a>\t\t\n\t\t\t\t\t\t\t\t\t\t\t\t\t\t<a href=\"https:\/\/www.miamibeachfl.gov\/de\/city-hall\/parking\/parking-permitting-faqs\/\" target=\"_blank\" rel=\"noopener\" title=\"H\u00e4ufig gestellte Fragen zu Parkgenehmigungen\">\n\t\t\t\t<img decoding=\"async\" src=\"https:\/\/www.miamibeachfl.gov\/wp-content\/uploads\/2025\/07\/carandparkingsignbackground2.jpg\" alt=\"car parked on side of road\" \/>\n\t\t\t\t<\/a>\n\t\t\t\t\t\t<h3>\n\t\t\t\t<a href=\"https:\/\/www.miamibeachfl.gov\/de\/city-hall\/parking\/parking-permitting-faqs\/\" title=\"H\u00e4ufig gestellte Fragen zu Parkgenehmigungen\">H\u00e4ufig gestellte Fragen zu Parkgenehmigungen<\/a>\t\t\t<\/h3>\n\t\t<a href=\"https:\/\/www.miamibeachfl.gov\/de\/city-hall\/planning\/planning-permitting-faqs\/\" title=\"Boxinhalt anzeigen\" target=\"_blank\" rel=\"noopener\" aria-label=\"Post-Element\"><\/a>\t\t\n\t\t\t\t\t\t\t\t\t\t\t\t\t\t<a href=\"https:\/\/www.miamibeachfl.gov\/de\/city-hall\/planning\/planning-permitting-faqs\/\" target=\"_blank\" rel=\"noopener\" title=\"H\u00e4ufig gestellte Fragen zur Baugenehmigung\">\n\t\t\t\t<img decoding=\"async\" src=\"https:\/\/www.miamibeachfl.gov\/wp-content\/uploads\/2023\/03\/familyplanning-300x300.jpg\" alt=\"Couple with documents in front of their computer\" \/>\n\t\t\t\t<\/a>\n\t\t\t\t\t\t<h3>\n\t\t\t\t<a href=\"https:\/\/www.miamibeachfl.gov\/de\/city-hall\/planning\/planning-permitting-faqs\/\" title=\"H\u00e4ufig gestellte Fragen zur Baugenehmigung\">H\u00e4ufig gestellte Fragen zur Baugenehmigung<\/a>\t\t\t<\/h3>\n\t\t<a href=\"https:\/\/www.miamibeachfl.gov\/de\/city-hall\/public-works\/permitting-faq-4\/\" title=\"Boxinhalt anzeigen\" target=\"_blank\" rel=\"noopener\" aria-label=\"Post-Element\"><\/a>\t\t\n\t\t\t\t\t\t\t\t\t\t\t\t\t\t<a href=\"https:\/\/www.miamibeachfl.gov\/de\/city-hall\/public-works\/permitting-faq-4\/\" target=\"_blank\" rel=\"noopener\" title=\"H\u00e4ufig gestellte Fragen zur Genehmigung \u00f6ffentlicher Arbeiten\">\n\t\t\t\t<img decoding=\"async\" src=\"https:\/\/www.miamibeachfl.gov\/wp-content\/uploads\/2025\/04\/PublicWorks-Worker-optimized-300x300.jpg\" alt=\"Public Works Worker\" \/>\n\t\t\t\t<\/a>\n\t\t\t\t\t\t<h3>\n\t\t\t\t<a href=\"https:\/\/www.miamibeachfl.gov\/de\/city-hall\/public-works\/permitting-faq-4\/\" title=\"H\u00e4ufig gestellte Fragen zur Genehmigung \u00f6ffentlicher Arbeiten\">H\u00e4ufig gestellte Fragen zur Genehmigung \u00f6ffentlicher Arbeiten<\/a>\t\t\t<\/h3>\n<h2>\n\t\t\t Dashboards\t<\/h2>\n\t\t<h3><a href=\"\/de\/city-hall\/building\/statistics\/dashboard\/\" target=\"_blank\"  rel=\"noopener\">Dashboard der Bauabteilung<\/a><\/h3><p>Analysen zu Antr\u00e4gen, \u00dcberpr\u00fcfungen, Ausstellungen und Inspektionen<\/p>\n\t\t\t<a href=\"\/de\/city-hall\/building\/statistics\/dashboard\/\" target=\"_blank\" rel=\"noopener\">\n\t\t\t\t\t\t\tDashboard anzeigen\n\t\t\t\t\t<\/a>\n\t\t<h3><a href=\"\/de\/permits-search-dashboard\/\" target=\"_blank\"  rel=\"noopener\">Bedingte Nutzungsgenehmigungen<\/a><\/h3><p>Genehmigungssuche<\/p>\n\t\t\t<a href=\"\/de\/permits-search-dashboard\/\" target=\"_blank\" rel=\"noopener\">\n\t\t\t\t\t\t\tSuch-Dashboard\n\t\t\t\t\t<\/a>","protected":false},"excerpt":{"rendered":"<p>City of Miami Beach Permitting I NEED A PERMIT GUIDE Building Permits Permitting Checklists Permitting Guide Online Permitting Resource Center [&hellip;]<\/p>\n","protected":false},"author":222,"featured_media":0,"parent":0,"menu_order":40,"comment_status":"closed","ping_status":"closed","template":"","meta":{"_searchwp_excluded":"","site-sidebar-layout":"default","site-content-layout":"","ast-site-content-layout":"default","site-content-style":"default","site-sidebar-style":"default","ast-global-header-display":"","ast-banner-title-visibility":"","ast-main-header-display":"","ast-hfb-above-header-display":"","ast-hfb-below-header-display":"","ast-hfb-mobile-header-display":"","site-post-title":"","ast-breadcrumbs-content":"","ast-featured-img":"","footer-sml-layout":"","theme-transparent-header-meta":"","adv-header-id-meta":"","stick-header-meta":"","header-above-stick-meta":"","header-main-stick-meta":"","header-below-stick-meta":"","astra-migrate-meta-layouts":"default","ast-page-background-enabled":"default","ast-page-background-meta":{"desktop":{"background-color":"var(--ast-global-color-5)","background-image":"","background-repeat":"repeat","background-position":"center center","background-size":"auto","background-attachment":"scroll","background-type":"","background-media":"","overlay-type":"","overlay-color":"","overlay-opacity":"","overlay-gradient":""},"tablet":{"background-color":"","background-image":"","background-repeat":"repeat","background-position":"center center","background-size":"auto","background-attachment":"scroll","background-type":"","background-media":"","overlay-type":"","overlay-color":"","overlay-opacity":"","overlay-gradient":""},"mobile":{"background-color":"","background-image":"","background-repeat":"repeat","background-position":"center center","background-size":"auto","background-attachment":"scroll","background-type":"","background-media":"","overlay-type":"","overlay-color":"","overlay-opacity":"","overlay-gradient":""}},"ast-content-background-meta":{"desktop":{"background-color":"var(--ast-global-color-4)","background-image":"","background-repeat":"repeat","background-position":"center center","background-size":"auto","background-attachment":"scroll","background-type":"","background-media":"","overlay-type":"","overlay-color":"","overlay-opacity":"","overlay-gradient":""},"tablet":{"background-color":"var(--ast-global-color-4)","background-image":"","background-repeat":"repeat","background-position":"center center","background-size":"auto","background-attachment":"scroll","background-type":"","background-media":"","overlay-type":"","overlay-color":"","overlay-opacity":"","overlay-gradient":""},"mobile":{"background-color":"var(--ast-global-color-4)","background-image":"","background-repeat":"repeat","background-position":"center center","background-size":"auto","background-attachment":"scroll","background-type":"","background-media":"","overlay-type":"","overlay-color":"","overlay-opacity":"","overlay-gradient":""}},"footnotes":""},"categories":[],"tags":[1022,1015],"class_list":["post-268660","page","type-page","status-publish","hentry","tag-building-permit","tag-permitting-building-construction"],"yoast_head":"<!-- This site is optimized with the Yoast SEO Premium plugin v27.4 (Yoast SEO v27.4) - https:\/\/yoast.com\/product\/yoast-seo-premium-wordpress\/ -->\n<title>City of Miami Beach Permits - City of Miami Beach<\/title>\n<meta name=\"description\" content=\"Explore the City of Miami Beach permit guides, checklists, and FAQs to better understand the permit requirements specific to your project.\" \/>\n<meta name=\"robots\" content=\"index, follow, max-snippet:-1, max-image-preview:large, max-video-preview:-1\" \/>\n<link rel=\"canonical\" href=\"https:\/\/www.miamibeachfl.gov\/de\/permits\/\" \/>\n<meta property=\"og:locale\" content=\"de_DE\" \/>\n<meta property=\"og:type\" content=\"article\" \/>\n<meta property=\"og:title\" content=\"City of Miami Beach Permits\" \/>\n<meta property=\"og:description\" content=\"Explore the City of Miami Beach permit guides, checklists, and FAQs to better understand the permit requirements specific to your project.\" \/>\n<meta property=\"og:url\" content=\"https:\/\/www.miamibeachfl.gov\/de\/permits\/\" \/>\n<meta property=\"og:site_name\" content=\"City of Miami Beach\" \/>\n<meta property=\"article:publisher\" content=\"https:\/\/www.facebook.com\/cityofmiamibeach\" \/>\n<meta property=\"article:modified_time\" content=\"2026-02-19T14:40:06+00:00\" \/>\n<meta property=\"og:image\" content=\"https:\/\/www.miamibeachfl.gov\/wp-content\/uploads\/2023\/08\/contractor-building-person.jpeg\" \/>\n\t<meta property=\"og:image:width\" content=\"1000\" \/>\n\t<meta property=\"og:image:height\" content=\"1000\" \/>\n\t<meta property=\"og:image:type\" content=\"image\/jpeg\" \/>\n<meta name=\"twitter:card\" content=\"summary_large_image\" \/>\n<meta name=\"twitter:site\" content=\"@Miamibeachnews\" \/>\n<script type=\"application\/ld+json\" class=\"yoast-schema-graph\">{\"@context\":\"https:\\\/\\\/schema.org\",\"@graph\":[{\"@type\":\"WebPage\",\"@id\":\"https:\\\/\\\/www.miamibeachfl.gov\\\/permits\\\/\",\"url\":\"https:\\\/\\\/www.miamibeachfl.gov\\\/permits\\\/\",\"name\":\"City of Miami Beach Permits - City of Miami Beach\",\"isPartOf\":{\"@id\":\"https:\\\/\\\/www.miamibeachfl.gov\\\/#website\"},\"primaryImageOfPage\":{\"@id\":\"https:\\\/\\\/www.miamibeachfl.gov\\\/permits\\\/#primaryimage\"},\"image\":{\"@id\":\"https:\\\/\\\/www.miamibeachfl.gov\\\/permits\\\/#primaryimage\"},\"thumbnailUrl\":\"https:\\\/\\\/www.miamibeachfl.gov\\\/wp-content\\\/uploads\\\/2023\\\/03\\\/building-workers-500sq-300x300.jpg\",\"datePublished\":\"2023-08-16T20:06:19+00:00\",\"dateModified\":\"2026-02-19T14:40:06+00:00\",\"description\":\"Explore the City of Miami Beach permit guides, checklists, and FAQs to better understand the permit requirements specific to your project.\",\"breadcrumb\":{\"@id\":\"https:\\\/\\\/www.miamibeachfl.gov\\\/permits\\\/#breadcrumb\"},\"inLanguage\":\"de\",\"potentialAction\":[{\"@type\":\"ReadAction\",\"target\":[\"https:\\\/\\\/www.miamibeachfl.gov\\\/permits\\\/\"]}]},{\"@type\":\"ImageObject\",\"inLanguage\":\"de\",\"@id\":\"https:\\\/\\\/www.miamibeachfl.gov\\\/permits\\\/#primaryimage\",\"url\":\"https:\\\/\\\/www.miamibeachfl.gov\\\/wp-content\\\/uploads\\\/2023\\\/03\\\/building-workers-500sq-300x300.jpg\",\"contentUrl\":\"https:\\\/\\\/www.miamibeachfl.gov\\\/wp-content\\\/uploads\\\/2023\\\/03\\\/building-workers-500sq-300x300.jpg\"},{\"@type\":\"BreadcrumbList\",\"@id\":\"https:\\\/\\\/www.miamibeachfl.gov\\\/permits\\\/#breadcrumb\",\"itemListElement\":[{\"@type\":\"ListItem\",\"position\":1,\"name\":\"Home\",\"item\":\"https:\\\/\\\/www.miamibeachfl.gov\\\/\"},{\"@type\":\"ListItem\",\"position\":2,\"name\":\"City of Miami Beach Permits\"}]},{\"@type\":\"WebSite\",\"@id\":\"https:\\\/\\\/www.miamibeachfl.gov\\\/#website\",\"url\":\"https:\\\/\\\/www.miamibeachfl.gov\\\/\",\"name\":\"City of Miami Beach\",\"description\":\"The official website of the City of Miami Beach. Stay informed, find important information on city services, news, alerts, events, trolley routes, government employment and more.\",\"publisher\":{\"@id\":\"https:\\\/\\\/www.miamibeachfl.gov\\\/#organization\"},\"potentialAction\":[{\"@type\":\"SearchAction\",\"target\":{\"@type\":\"EntryPoint\",\"urlTemplate\":\"https:\\\/\\\/www.miamibeachfl.gov\\\/?s={search_term_string}\"},\"query-input\":{\"@type\":\"PropertyValueSpecification\",\"valueRequired\":true,\"valueName\":\"search_term_string\"}}],\"inLanguage\":\"de\"},{\"@type\":\"Organization\",\"@id\":\"https:\\\/\\\/www.miamibeachfl.gov\\\/#organization\",\"name\":\"City of Miami Beach\",\"url\":\"https:\\\/\\\/www.miamibeachfl.gov\\\/\",\"logo\":{\"@type\":\"ImageObject\",\"inLanguage\":\"de\",\"@id\":\"https:\\\/\\\/www.miamibeachfl.gov\\\/#\\\/schema\\\/logo\\\/image\\\/\",\"url\":\"https:\\\/\\\/www.miamibeachfl.gov\\\/wp-content\\\/uploads\\\/2022\\\/06\\\/miamibeach-logoblue.png\",\"contentUrl\":\"https:\\\/\\\/www.miamibeachfl.gov\\\/wp-content\\\/uploads\\\/2022\\\/06\\\/miamibeach-logoblue.png\",\"width\":1962,\"height\":381,\"caption\":\"City of Miami Beach\"},\"image\":{\"@id\":\"https:\\\/\\\/www.miamibeachfl.gov\\\/#\\\/schema\\\/logo\\\/image\\\/\"},\"sameAs\":[\"https:\\\/\\\/www.facebook.com\\\/cityofmiamibeach\",\"https:\\\/\\\/x.com\\\/Miamibeachnews\",\"https:\\\/\\\/www.instagram.com\\\/miamibeachnews\\\/\"],\"description\":\"The official website of the City of Miami Beach. Stay informed, find important information on city services, news, alerts, events, trolley routes, government employment and more.\",\"telephone\":\"305.604.CITY(2489)\",\"legalName\":\"City of Miami Beach\"}]}<\/script>\n<!-- \/ Yoast SEO Premium plugin. -->","yoast_head_json":{"title":"Genehmigungen der Stadt Miami Beach - Stadt Miami Beach","description":"Sehen Sie sich die Genehmigungsleitf\u00e4den, Checklisten und FAQs der Stadt Miami Beach an, um die f\u00fcr Ihr Projekt spezifischen Genehmigungsanforderungen besser zu verstehen.","robots":{"index":"index","follow":"follow","max-snippet":"max-snippet:-1","max-image-preview":"max-image-preview:large","max-video-preview":"max-video-preview:-1"},"canonical":"https:\/\/www.miamibeachfl.gov\/de\/permits\/","og_locale":"de_DE","og_type":"article","og_title":"City of Miami Beach Permits","og_description":"Explore the City of Miami Beach permit guides, checklists, and FAQs to better understand the permit requirements specific to your project.","og_url":"https:\/\/www.miamibeachfl.gov\/de\/permits\/","og_site_name":"City of Miami Beach","article_publisher":"https:\/\/www.facebook.com\/cityofmiamibeach","article_modified_time":"2026-02-19T14:40:06+00:00","og_image":[{"width":1000,"height":1000,"url":"https:\/\/www.miamibeachfl.gov\/wp-content\/uploads\/2023\/08\/contractor-building-person.jpeg","type":"image\/jpeg"}],"twitter_card":"summary_large_image","twitter_site":"@Miamibeachnews","schema":{"@context":"https:\/\/schema.org","@graph":[{"@type":"WebPage","@id":"https:\/\/www.miamibeachfl.gov\/permits\/","url":"https:\/\/www.miamibeachfl.gov\/permits\/","name":"Genehmigungen der Stadt Miami Beach - Stadt Miami Beach","isPartOf":{"@id":"https:\/\/www.miamibeachfl.gov\/#website"},"primaryImageOfPage":{"@id":"https:\/\/www.miamibeachfl.gov\/permits\/#primaryimage"},"image":{"@id":"https:\/\/www.miamibeachfl.gov\/permits\/#primaryimage"},"thumbnailUrl":"https:\/\/www.miamibeachfl.gov\/wp-content\/uploads\/2023\/03\/building-workers-500sq-300x300.jpg","datePublished":"2023-08-16T20:06:19+00:00","dateModified":"2026-02-19T14:40:06+00:00","description":"Sehen Sie sich die Genehmigungsleitf\u00e4den, Checklisten und FAQs der Stadt Miami Beach an, um die f\u00fcr Ihr Projekt spezifischen Genehmigungsanforderungen besser zu verstehen.","breadcrumb":{"@id":"https:\/\/www.miamibeachfl.gov\/permits\/#breadcrumb"},"inLanguage":"de","potentialAction":[{"@type":"ReadAction","target":["https:\/\/www.miamibeachfl.gov\/permits\/"]}]},{"@type":"ImageObject","inLanguage":"de","@id":"https:\/\/www.miamibeachfl.gov\/permits\/#primaryimage","url":"https:\/\/www.miamibeachfl.gov\/wp-content\/uploads\/2023\/03\/building-workers-500sq-300x300.jpg","contentUrl":"https:\/\/www.miamibeachfl.gov\/wp-content\/uploads\/2023\/03\/building-workers-500sq-300x300.jpg"},{"@type":"BreadcrumbList","@id":"https:\/\/www.miamibeachfl.gov\/permits\/#breadcrumb","itemListElement":[{"@type":"ListItem","position":1,"name":"Home","item":"https:\/\/www.miamibeachfl.gov\/"},{"@type":"ListItem","position":2,"name":"City of Miami Beach Permits"}]},{"@type":"WebSite","@id":"https:\/\/www.miamibeachfl.gov\/#website","url":"https:\/\/www.miamibeachfl.gov\/","name":"Stadt Miami Beach","description":"Die offizielle Website der Stadt Miami Beach. Bleiben Sie informiert und finden Sie wichtige Informationen zu st\u00e4dtischen Dienstleistungen, Neuigkeiten, Warnungen, Veranstaltungen, Stra\u00dfenbahnlinien, Stellenangeboten im \u00f6ffentlichen Dienst und mehr.","publisher":{"@id":"https:\/\/www.miamibeachfl.gov\/#organization"},"potentialAction":[{"@type":"SearchAction","target":{"@type":"EntryPoint","urlTemplate":"https:\/\/www.miamibeachfl.gov\/?s={search_term_string}"},"query-input":{"@type":"PropertyValueSpecification","valueRequired":true,"valueName":"search_term_string"}}],"inLanguage":"de"},{"@type":"Organization","@id":"https:\/\/www.miamibeachfl.gov\/#organization","name":"Stadt Miami Beach","url":"https:\/\/www.miamibeachfl.gov\/","logo":{"@type":"ImageObject","inLanguage":"de","@id":"https:\/\/www.miamibeachfl.gov\/#\/schema\/logo\/image\/","url":"https:\/\/www.miamibeachfl.gov\/wp-content\/uploads\/2022\/06\/miamibeach-logoblue.png","contentUrl":"https:\/\/www.miamibeachfl.gov\/wp-content\/uploads\/2022\/06\/miamibeach-logoblue.png","width":1962,"height":381,"caption":"City of Miami Beach"},"image":{"@id":"https:\/\/www.miamibeachfl.gov\/#\/schema\/logo\/image\/"},"sameAs":["https:\/\/www.facebook.com\/cityofmiamibeach","https:\/\/x.com\/Miamibeachnews","https:\/\/www.instagram.com\/miamibeachnews\/"],"description":"Die offizielle Website der Stadt Miami Beach. Bleiben Sie informiert und finden Sie wichtige Informationen zu st\u00e4dtischen Dienstleistungen, Neuigkeiten, Warnungen, Veranstaltungen, Stra\u00dfenbahnlinien, Stellenangeboten im \u00f6ffentlichen Dienst und mehr.","telephone":"305.604.CITY(2489)","legalName":"City of Miami Beach"}]}},"_links":{"self":[{"href":"https:\/\/www.miamibeachfl.gov\/de\/wp-json\/wp\/v2\/pages\/268660","targetHints":{"allow":["GET"]}}],"collection":[{"href":"https:\/\/www.miamibeachfl.gov\/de\/wp-json\/wp\/v2\/pages"}],"about":[{"href":"https:\/\/www.miamibeachfl.gov\/de\/wp-json\/wp\/v2\/types\/page"}],"author":[{"embeddable":true,"href":"https:\/\/www.miamibeachfl.gov\/de\/wp-json\/wp\/v2\/users\/222"}],"replies":[{"embeddable":true,"href":"https:\/\/www.miamibeachfl.gov\/de\/wp-json\/wp\/v2\/comments?post=268660"}],"version-history":[{"count":11,"href":"https:\/\/www.miamibeachfl.gov\/de\/wp-json\/wp\/v2\/pages\/268660\/revisions"}],"predecessor-version":[{"id":396533,"href":"https:\/\/www.miamibeachfl.gov\/de\/wp-json\/wp\/v2\/pages\/268660\/revisions\/396533"}],"wp:attachment":[{"href":"https:\/\/www.miamibeachfl.gov\/de\/wp-json\/wp\/v2\/media?parent=268660"}],"wp:term":[{"taxonomy":"category","embeddable":true,"href":"https:\/\/www.miamibeachfl.gov\/de\/wp-json\/wp\/v2\/categories?post=268660"},{"taxonomy":"post_tag","embeddable":true,"href":"https:\/\/www.miamibeachfl.gov\/de\/wp-json\/wp\/v2\/tags?post=268660"}],"curies":[{"name":"wp","href":"https:\/\/api.w.org\/{rel}","templated":true}]}}