{"id":268964,"date":"2023-08-18T10:30:33","date_gmt":"2023-08-18T14:30:33","guid":{"rendered":"https:\/\/www.miamibeachfl.gov\/?page_id=268964"},"modified":"2026-03-27T12:26:08","modified_gmt":"2026-03-27T16:26:08","slug":"miami-beach-commission-for-women","status":"publish","type":"page","link":"https:\/\/www.miamibeachfl.gov\/de\/city-hall\/city-clerk\/boards-and-committees\/miami-beach-commission-for-women\/","title":{"rendered":"Miami Beach Kommission f\u00fcr Frauen"},"content":{"rendered":"<h1>\n\t\t\tMiami Beach Kommission f\u00fcr Frauen\t<\/h1>\nStadtschreiber-Men\u00fc\t\t\t\n\t\t\t\t\t<ul id=\"menu-city-clerk\"><li id=\"menu-item-317005\"><a href=\"\/de\/city-hall\/city-clerk\/\">Stadtschreiber<\/a><\/li>\n<li id=\"menu-item-258831\"><a href=\"\/de\/city-hall\/city-clerk\/public-records-request\/\">\u00d6ffentliche Aufzeichnungen<\/a><\/li>\n<li id=\"menu-item-258832\"><a href=\"\/de\/city-hall\/city-clerk\/meetings-and-agendas\/\">Agenden<\/a><\/li>\n<li id=\"menu-item-258833\"><a href=\"\/de\/city-hall\/city-clerk\/forms\/\">Formulare<\/a><\/li>\n<li id=\"menu-item-258834\"><a href=\"\/de\/city-hall\/city-clerk\/boards-and-committees\/\">Gremien und Aussch\u00fcsse<\/a><\/li>\n<li id=\"menu-item-258835\"><a href=\"\/de\/city-hall\/city-clerk\/election-information\/\">Wahlinformationen<\/a><\/li>\n<li id=\"menu-item-258836\"><a href=\"\/de\/city-hall\/city-clerk\/notification-system\/\">Benachrichtigungen<\/a><\/li>\n<li id=\"menu-item-258837\"><a href=\"\/de\/city-hall\/city-clerk\/public-records-request\/additional-contacts\/\">Kontaktieren Sie uns<\/a><\/li>\n<\/ul>\t\nStadtschreiber Men\u00fc \u00d7\t\t\t\t\t\t<ul id=\"menu-city-clerk-1\"><li id=\"menu-item-317005\"><a href=\"\/de\/city-hall\/city-clerk\/\">Stadtschreiber<\/a><\/li>\n<li id=\"menu-item-258831\"><a href=\"\/de\/city-hall\/city-clerk\/public-records-request\/\">\u00d6ffentliche Aufzeichnungen<\/a><\/li>\n<li id=\"menu-item-258832\"><a href=\"\/de\/city-hall\/city-clerk\/meetings-and-agendas\/\">Agenden<\/a><\/li>\n<li id=\"menu-item-258833\"><a href=\"\/de\/city-hall\/city-clerk\/forms\/\">Formulare<\/a><\/li>\n<li id=\"menu-item-258834\"><a href=\"\/de\/city-hall\/city-clerk\/boards-and-committees\/\">Gremien und Aussch\u00fcsse<\/a><\/li>\n<li id=\"menu-item-258835\"><a href=\"\/de\/city-hall\/city-clerk\/election-information\/\">Wahlinformationen<\/a><\/li>\n<li id=\"menu-item-258836\"><a href=\"\/de\/city-hall\/city-clerk\/notification-system\/\">Benachrichtigungen<\/a><\/li>\n<li id=\"menu-item-258837\"><a href=\"\/de\/city-hall\/city-clerk\/public-records-request\/additional-contacts\/\">Kontaktieren Sie uns<\/a><\/li>\n<\/ul>\t\t\t\t\n\t<p>Vierzehn (14) Mitglieder. Jedes der sieben (7) Mitglieder der Stadtkommission ernennt zwei (2) Mitglieder.<\/p>\n\t<p>Die Miami Beach Commission for Women setzt sich daf\u00fcr ein, dass Frauen in Miami Beach umfassend an den Themen beteiligt werden, die ihr Leben beeinflussen. Die Kommission ber\u00e4t die Stadtverwaltung \u00fcber soziale, wirtschaftliche und rechtliche H\u00fcrden, die Frauen daran hindern, eine wichtige Rolle in Familie, Beruf, Politik und Gesellschaft zu \u00fcbernehmen, und setzt sich f\u00fcr deren Beseitigung ein.<\/p>\n\t<ul>\n<li>Lotus House \u2013 Unterkunft f\u00fcr Frauen und Kinder: 305.438.0556<\/li>\n<li>Miami Rescue Mission Center f\u00fcr Frauen und Kinder: 305.571.2250<\/li>\n<li>Frauen in Not\/Broward County 24-Stunden-Hotline: 954.761.1133<\/li>\n<li>Ein Ort f\u00fcr Frauen: 305.358.2063<\/li>\n<\/ul>\n\t<ul>\n<li>Women of Tomorrow \u2013 Mentor- und Stipendienprogramme: 305.371.3330<\/li>\n<li>Pfadfinderinnen S\u00fcdostflorida: 954.739.7660<\/li>\n<li>Pfadfinderinnenrat: 305.253.4841<\/li>\n<li><strong><a title=\"ANN Power Vital Voices\" href=\"https:\/\/www.vitalvoices.org\/\" target=\"_blank\" rel=\"noopener noreferrer\">ANN Power Vital Voices<\/a><\/strong><\/li>\n<li>Mount Sinai Umfassende Brustdienste: 305.306.3140<\/li>\n<li>PEO-Programm f\u00fcr Weiterbildung: 515.255.3153<\/li>\n<li>Anarcha-, Betsy- und Lucy-Gedenkstipendium: <strong><a title=\"pmejia@nmfonline.org\" href=\"mailto:pmejia@nmfonline.org?subject=pmejia@nmfonline.org\" target=\"_blank\" rel=\"noopener noreferrer\">pmejia@nmfonline.org<\/a><\/strong><\/li>\n<li>O Wines Erfolgsstipendium: 877.655.4097<\/li>\n<\/ul>\n<p>Wir m\u00f6chten von Ihnen h\u00f6ren!<b>\u00a0<\/b>Was w\u00fcrden Sie gerne in der Kommission diskutieren, haben Sie Ideen f\u00fcr Aktivit\u00e4ten oder Anregungen zu Veranstaltungen? Kontaktieren Sie uns \u00fcber<strong>\u00a0<a title=\"BonnieStewart@miamibeachfl.gov\" href=\"mailto:MonicaSalinas@miamibeachfl.gov\" target=\"_blank\" rel=\"noopener noreferrer\">E-Mail<\/a>.<\/strong><\/p>\n\t\t\t<a href=\"https:\/\/www.miamibeachfl.gov\/wp-content\/uploads\/2026\/03\/Searchable-Report-2.pdf\" target=\"_blank\" rel=\"noopener\">\n\t\t\t\t\t\tDetails zur Mitgliedschaft (Bedingungen, Positionen, Titel)\n\t\t\t\t\t<\/a>\n\t\t\t<a href=\"https:\/\/www.miamibeachfl.gov\/wp-content\/uploads\/2026\/03\/Vacancy-Report-3.24.26-2.pdf\" target=\"_blank\" rel=\"noopener\">\n\t\t\t\t\t\tStellenangebote\n\t\t\t\t\t<\/a>\n\t\t\t<a href=\"https:\/\/www.miamibeachfl.gov\/wp-content\/uploads\/2026\/03\/Liaison-Contact-Information.pdf\" target=\"_blank\" rel=\"noopener\">\n\t\t\t\t\t\tKontaktinformationen des Verbindungsbeamten\n\t\t\t\t\t<\/a>\n\t\t\t<a href=\"\/wp-content\/uploads\/2022\/02\/January-Meeting-minutes-MBCW.docx\" target=\"_blank\" rel=\"noopener\">\n\t\t\t\t\t\t\tProtokoll der Januar-Sitzung MBCW\n\t\t\t<\/a>\n\t\t\t<a href=\"\/wp-content\/uploads\/2022\/04\/Miami-Beach-Commission-for-Women-March-Meeting-minutes.pdf\" target=\"_blank\" rel=\"noopener\">\n\t\t\t\t\t\t\tProtokoll der M\u00e4rz-Sitzung\n\t\t\t<\/a>\n\t\t\t<iframe loading=\"lazy\" src=\"https:\/\/docmgmt.miamibeachfl.gov\/WebLink\/Browse.aspx?id=120704&#038;dbid=0&#038;repo=CityClerk\" frameborder=\"0\" width=\"100%\" height=\"100%\" allowfullscreen><\/iframe>\t\t\t\n\t\t\t<a href=\"javascript:void(0)\" title=\"Klicken Sie hier\" target=\"_self\"  data-modal=  \"role=\"button\"\" aria-label=\"Archiv durchsuchen\">\n\t\t\t\t\t\t\t\t\t\t\tArchiv durchsuchen\n\t\t<\/a>\n\t\t\t<iframe loading=\"lazy\" src=\"https:\/\/miamibeach.novusagenda.com\/agendapublic\/meetingsgeneral.aspx\" frameborder=\"0\" width=\"100%\" height=\"100%\" allowfullscreen><\/iframe>\t\t\t\n\t\t\t<a href=\"javascript:void(0)\" title=\"Klicken Sie hier\" target=\"_self\"  data-modal=  \"role=\"button\"\" aria-label=\"Tagesordnungen und Protokolle durchsuchen\">\n\t\t\t\t\t\t\t\t\t\t\tTagesordnungen und Protokolle durchsuchen\n\t\t<\/a>\n\t\t\t<a href=\"https:\/\/www.miamibeachfl.gov\/de\/city-hall\/city-clerk-new\/contactus\/\" target=\"_self\">\n\t\t\t\t\t\tKontaktieren Sie uns\n\t\t\t\t\t<\/a>\n\t\t<h3>Anfragen zu \u00f6ffentlichen Aufzeichnungen<\/h3>\t\t\t\n\t\t\t\t<p>Besuchen Sie die Website f\u00fcr \u00f6ffentliche Archivanfragen der Stadt Miami Beach. Senden Sie eine neue Anfrage, pr\u00fcfen Sie den Status einer bereits eingereichten Anfrage und durchsuchen Sie das Archiv der Archivanfragen.<\/p>\n<p>Wenn Sie Fragen zu \u00f6ffentlichen Aufzeichnungen haben, wenden Sie sich bitte an das B\u00fcro des Stadtschreibers von Miami Beach unter 305-673-7411.\u00a0<\/p>\n\t\t\t<a href=\"https:\/\/miamibeachfl.justfoia.com\/publicportal\/home\/track\" title=\"Klicken Sie hier\" target=\"_blank\" rel=\"noopener\"  role=\"button\" aria-label=\"Senden Sie eine Anfrage\">\n\t\t\t\t\t\t\t\t\t\t\tSenden Sie eine Anfrage\n\t\t<\/a>","protected":false},"excerpt":{"rendered":"<p>Miami Beach Kommission f\u00fcr Frauen Stadtschreiber Men\u00fc Stadtschreiber \u00d6ffentliche Aufzeichnungen Tagesordnungen Formulare Aussch\u00fcsse und Kommissionen Wahlinformationen Benachrichtigungen [\u2026]<\/p>","protected":false},"author":222,"featured_media":0,"parent":258819,"menu_order":32,"comment_status":"closed","ping_status":"closed","template":"","meta":{"_searchwp_excluded":"","site-sidebar-layout":"default","site-content-layout":"","ast-site-content-layout":"default","site-content-style":"default","site-sidebar-style":"default","ast-global-header-display":"","ast-banner-title-visibility":"","ast-main-header-display":"","ast-hfb-above-header-display":"","ast-hfb-below-header-display":"","ast-hfb-mobile-header-display":"","site-post-title":"","ast-breadcrumbs-content":"","ast-featured-img":"","footer-sml-layout":"","theme-transparent-header-meta":"","adv-header-id-meta":"","stick-header-meta":"","header-above-stick-meta":"","header-main-stick-meta":"","header-below-stick-meta":"","astra-migrate-meta-layouts":"default","ast-page-background-enabled":"default","ast-page-background-meta":{"desktop":{"background-color":"var(--ast-global-color-5)","background-image":"","background-repeat":"repeat","background-position":"center center","background-size":"auto","background-attachment":"scroll","background-type":"","background-media":"","overlay-type":"","overlay-color":"","overlay-opacity":"","overlay-gradient":""},"tablet":{"background-color":"","background-image":"","background-repeat":"repeat","background-position":"center center","background-size":"auto","background-attachment":"scroll","background-type":"","background-media":"","overlay-type":"","overlay-color":"","overlay-opacity":"","overlay-gradient":""},"mobile":{"background-color":"","background-image":"","background-repeat":"repeat","background-position":"center center","background-size":"auto","background-attachment":"scroll","background-type":"","background-media":"","overlay-type":"","overlay-color":"","overlay-opacity":"","overlay-gradient":""}},"ast-content-background-meta":{"desktop":{"background-color":"var(--ast-global-color-4)","background-image":"","background-repeat":"repeat","background-position":"center center","background-size":"auto","background-attachment":"scroll","background-type":"","background-media":"","overlay-type":"","overlay-color":"","overlay-opacity":"","overlay-gradient":""},"tablet":{"background-color":"var(--ast-global-color-4)","background-image":"","background-repeat":"repeat","background-position":"center center","background-size":"auto","background-attachment":"scroll","background-type":"","background-media":"","overlay-type":"","overlay-color":"","overlay-opacity":"","overlay-gradient":""},"mobile":{"background-color":"var(--ast-global-color-4)","background-image":"","background-repeat":"repeat","background-position":"center center","background-size":"auto","background-attachment":"scroll","background-type":"","background-media":"","overlay-type":"","overlay-color":"","overlay-opacity":"","overlay-gradient":""}},"footnotes":""},"categories":[],"tags":[1041,920],"class_list":["post-268964","page","type-page","status-publish","hentry","tag-bandc-auth-comm-and-council","tag-boards-and-committees"],"yoast_head":"<!-- This site is optimized with the Yoast SEO Premium plugin v26.6 (Yoast SEO v26.6) - https:\/\/yoast.com\/wordpress\/plugins\/seo\/ -->\n<title>Miami Beach Commission for Women - City of Miami Beach<\/title>\n<meta name=\"description\" content=\"%\" \/>\n<meta name=\"robots\" content=\"index, follow, max-snippet:-1, max-image-preview:large, max-video-preview:-1\" \/>\n<link rel=\"canonical\" href=\"https:\/\/www.miamibeachfl.gov\/de\/city-hall\/city-clerk\/boards-and-committees\/miami-beach-commission-for-women\/\" \/>\n<meta property=\"og:locale\" content=\"de_DE\" \/>\n<meta property=\"og:type\" content=\"article\" \/>\n<meta property=\"og:title\" content=\"Miami Beach Commission for Women\" \/>\n<meta property=\"og:description\" content=\"%\" \/>\n<meta property=\"og:url\" content=\"https:\/\/www.miamibeachfl.gov\/de\/city-hall\/city-clerk\/boards-and-committees\/miami-beach-commission-for-women\/\" \/>\n<meta property=\"og:site_name\" content=\"City of Miami Beach\" \/>\n<meta property=\"article:publisher\" content=\"https:\/\/www.facebook.com\/cityofmiamibeach\" \/>\n<meta property=\"article:modified_time\" content=\"2026-03-27T16:26:08+00:00\" \/>\n<meta property=\"og:image\" content=\"https:\/\/www.miamibeachfl.gov\/wp-content\/uploads\/2024\/01\/1000pxSquare-miamibeach-aerial-southpointview.jpeg\" \/>\n\t<meta property=\"og:image:width\" content=\"1000\" \/>\n\t<meta property=\"og:image:height\" content=\"1000\" \/>\n\t<meta property=\"og:image:type\" content=\"image\/jpeg\" \/>\n<meta name=\"twitter:card\" content=\"summary_large_image\" \/>\n<meta name=\"twitter:site\" content=\"@Miamibeachnews\" \/>\n<script type=\"application\/ld+json\" class=\"yoast-schema-graph\">{\"@context\":\"https:\/\/schema.org\",\"@graph\":[{\"@type\":\"WebPage\",\"@id\":\"https:\/\/www.miamibeachfl.gov\/city-hall\/city-clerk\/boards-and-committees\/miami-beach-commission-for-women\/\",\"url\":\"https:\/\/www.miamibeachfl.gov\/city-hall\/city-clerk\/boards-and-committees\/miami-beach-commission-for-women\/\",\"name\":\"Miami Beach Commission for Women - City of Miami Beach\",\"isPartOf\":{\"@id\":\"https:\/\/www.miamibeachfl.gov\/#website\"},\"datePublished\":\"2023-08-18T14:30:33+00:00\",\"dateModified\":\"2026-03-27T16:26:08+00:00\",\"description\":\"%\",\"breadcrumb\":{\"@id\":\"https:\/\/www.miamibeachfl.gov\/city-hall\/city-clerk\/boards-and-committees\/miami-beach-commission-for-women\/#breadcrumb\"},\"inLanguage\":\"de\",\"potentialAction\":[{\"@type\":\"ReadAction\",\"target\":[\"https:\/\/www.miamibeachfl.gov\/city-hall\/city-clerk\/boards-and-committees\/miami-beach-commission-for-women\/\"]}]},{\"@type\":\"BreadcrumbList\",\"@id\":\"https:\/\/www.miamibeachfl.gov\/city-hall\/city-clerk\/boards-and-committees\/miami-beach-commission-for-women\/#breadcrumb\",\"itemListElement\":[{\"@type\":\"ListItem\",\"position\":1,\"name\":\"Home\",\"item\":\"https:\/\/www.miamibeachfl.gov\/\"},{\"@type\":\"ListItem\",\"position\":2,\"name\":\"City Hall\",\"item\":\"https:\/\/www.miamibeachfl.gov\/city-hall\/\"},{\"@type\":\"ListItem\",\"position\":3,\"name\":\"City Clerk\",\"item\":\"https:\/\/www.miamibeachfl.gov\/city-hall\/city-clerk\/\"},{\"@type\":\"ListItem\",\"position\":4,\"name\":\"Boards and Committees\",\"item\":\"https:\/\/www.miamibeachfl.gov\/city-hall\/city-clerk\/boards-and-committees\/\"},{\"@type\":\"ListItem\",\"position\":5,\"name\":\"Miami Beach Commission for Women\"}]},{\"@type\":\"WebSite\",\"@id\":\"https:\/\/www.miamibeachfl.gov\/#website\",\"url\":\"https:\/\/www.miamibeachfl.gov\/\",\"name\":\"City of Miami Beach\",\"description\":\"The official website of the City of Miami Beach. Stay informed, find important information on city services, news, alerts, events, trolley routes, government employment and more.\",\"publisher\":{\"@id\":\"https:\/\/www.miamibeachfl.gov\/#organization\"},\"potentialAction\":[{\"@type\":\"SearchAction\",\"target\":{\"@type\":\"EntryPoint\",\"urlTemplate\":\"https:\/\/www.miamibeachfl.gov\/?s={search_term_string}\"},\"query-input\":{\"@type\":\"PropertyValueSpecification\",\"valueRequired\":true,\"valueName\":\"search_term_string\"}}],\"inLanguage\":\"de\"},{\"@type\":\"Organization\",\"@id\":\"https:\/\/www.miamibeachfl.gov\/#organization\",\"name\":\"City of Miami Beach\",\"url\":\"https:\/\/www.miamibeachfl.gov\/\",\"logo\":{\"@type\":\"ImageObject\",\"inLanguage\":\"de\",\"@id\":\"https:\/\/www.miamibeachfl.gov\/#\/schema\/logo\/image\/\",\"url\":\"https:\/\/www.miamibeachfl.gov\/wp-content\/uploads\/2022\/06\/miamibeach-logoblue.png\",\"contentUrl\":\"https:\/\/www.miamibeachfl.gov\/wp-content\/uploads\/2022\/06\/miamibeach-logoblue.png\",\"width\":1962,\"height\":381,\"caption\":\"City of Miami Beach\"},\"image\":{\"@id\":\"https:\/\/www.miamibeachfl.gov\/#\/schema\/logo\/image\/\"},\"sameAs\":[\"https:\/\/www.facebook.com\/cityofmiamibeach\",\"https:\/\/x.com\/Miamibeachnews\",\"https:\/\/www.instagram.com\/miamibeachnews\/\"],\"description\":\"The official website of the City of Miami Beach. Stay informed, find important information on city services, news, alerts, events, trolley routes, government employment and more.\",\"telephone\":\"305.604.CITY(2489)\",\"legalName\":\"City of Miami Beach\"}]}<\/script>\n<!-- \/ Yoast SEO Premium plugin. -->","yoast_head_json":{"title":"Miami Beach Kommission f\u00fcr Frauen - Stadt Miami Beach","description":"%","robots":{"index":"index","follow":"follow","max-snippet":"max-snippet:-1","max-image-preview":"max-image-preview:large","max-video-preview":"max-video-preview:-1"},"canonical":"https:\/\/www.miamibeachfl.gov\/de\/city-hall\/city-clerk\/boards-and-committees\/miami-beach-commission-for-women\/","og_locale":"de_DE","og_type":"article","og_title":"Miami Beach Commission for Women","og_description":"%","og_url":"https:\/\/www.miamibeachfl.gov\/de\/city-hall\/city-clerk\/boards-and-committees\/miami-beach-commission-for-women\/","og_site_name":"City of Miami Beach","article_publisher":"https:\/\/www.facebook.com\/cityofmiamibeach","article_modified_time":"2026-03-27T16:26:08+00:00","og_image":[{"width":1000,"height":1000,"url":"https:\/\/www.miamibeachfl.gov\/wp-content\/uploads\/2024\/01\/1000pxSquare-miamibeach-aerial-southpointview.jpeg","type":"image\/jpeg"}],"twitter_card":"summary_large_image","twitter_site":"@Miamibeachnews","schema":{"@context":"https:\/\/schema.org","@graph":[{"@type":"WebPage","@id":"https:\/\/www.miamibeachfl.gov\/city-hall\/city-clerk\/boards-and-committees\/miami-beach-commission-for-women\/","url":"https:\/\/www.miamibeachfl.gov\/city-hall\/city-clerk\/boards-and-committees\/miami-beach-commission-for-women\/","name":"Miami Beach Kommission f\u00fcr Frauen - Stadt Miami Beach","isPartOf":{"@id":"https:\/\/www.miamibeachfl.gov\/#website"},"datePublished":"2023-08-18T14:30:33+00:00","dateModified":"2026-03-27T16:26:08+00:00","description":"%","breadcrumb":{"@id":"https:\/\/www.miamibeachfl.gov\/city-hall\/city-clerk\/boards-and-committees\/miami-beach-commission-for-women\/#breadcrumb"},"inLanguage":"de","potentialAction":[{"@type":"ReadAction","target":["https:\/\/www.miamibeachfl.gov\/city-hall\/city-clerk\/boards-and-committees\/miami-beach-commission-for-women\/"]}]},{"@type":"BreadcrumbList","@id":"https:\/\/www.miamibeachfl.gov\/city-hall\/city-clerk\/boards-and-committees\/miami-beach-commission-for-women\/#breadcrumb","itemListElement":[{"@type":"ListItem","position":1,"name":"Home","item":"https:\/\/www.miamibeachfl.gov\/"},{"@type":"ListItem","position":2,"name":"City Hall","item":"https:\/\/www.miamibeachfl.gov\/city-hall\/"},{"@type":"ListItem","position":3,"name":"City Clerk","item":"https:\/\/www.miamibeachfl.gov\/city-hall\/city-clerk\/"},{"@type":"ListItem","position":4,"name":"Boards and Committees","item":"https:\/\/www.miamibeachfl.gov\/city-hall\/city-clerk\/boards-and-committees\/"},{"@type":"ListItem","position":5,"name":"Miami Beach Commission for Women"}]},{"@type":"WebSite","@id":"https:\/\/www.miamibeachfl.gov\/#website","url":"https:\/\/www.miamibeachfl.gov\/","name":"Stadt Miami Beach","description":"Die offizielle Website der Stadt Miami Beach. Bleiben Sie informiert und finden Sie wichtige Informationen zu st\u00e4dtischen Dienstleistungen, Neuigkeiten, Warnungen, Veranstaltungen, Stra\u00dfenbahnlinien, Stellenangeboten im \u00f6ffentlichen Dienst und mehr.","publisher":{"@id":"https:\/\/www.miamibeachfl.gov\/#organization"},"potentialAction":[{"@type":"SearchAction","target":{"@type":"EntryPoint","urlTemplate":"https:\/\/www.miamibeachfl.gov\/?s={search_term_string}"},"query-input":{"@type":"PropertyValueSpecification","valueRequired":true,"valueName":"search_term_string"}}],"inLanguage":"de"},{"@type":"Organization","@id":"https:\/\/www.miamibeachfl.gov\/#organization","name":"Stadt Miami Beach","url":"https:\/\/www.miamibeachfl.gov\/","logo":{"@type":"ImageObject","inLanguage":"de","@id":"https:\/\/www.miamibeachfl.gov\/#\/schema\/logo\/image\/","url":"https:\/\/www.miamibeachfl.gov\/wp-content\/uploads\/2022\/06\/miamibeach-logoblue.png","contentUrl":"https:\/\/www.miamibeachfl.gov\/wp-content\/uploads\/2022\/06\/miamibeach-logoblue.png","width":1962,"height":381,"caption":"City of Miami Beach"},"image":{"@id":"https:\/\/www.miamibeachfl.gov\/#\/schema\/logo\/image\/"},"sameAs":["https:\/\/www.facebook.com\/cityofmiamibeach","https:\/\/x.com\/Miamibeachnews","https:\/\/www.instagram.com\/miamibeachnews\/"],"description":"Die offizielle Website der Stadt Miami Beach. Bleiben Sie informiert und finden Sie wichtige Informationen zu st\u00e4dtischen Dienstleistungen, Neuigkeiten, Warnungen, Veranstaltungen, Stra\u00dfenbahnlinien, Stellenangeboten im \u00f6ffentlichen Dienst und mehr.","telephone":"305.604.CITY(2489)","legalName":"City of Miami Beach"}]}},"_links":{"self":[{"href":"https:\/\/www.miamibeachfl.gov\/de\/wp-json\/wp\/v2\/pages\/268964","targetHints":{"allow":["GET"]}}],"collection":[{"href":"https:\/\/www.miamibeachfl.gov\/de\/wp-json\/wp\/v2\/pages"}],"about":[{"href":"https:\/\/www.miamibeachfl.gov\/de\/wp-json\/wp\/v2\/types\/page"}],"author":[{"embeddable":true,"href":"https:\/\/www.miamibeachfl.gov\/de\/wp-json\/wp\/v2\/users\/222"}],"replies":[{"embeddable":true,"href":"https:\/\/www.miamibeachfl.gov\/de\/wp-json\/wp\/v2\/comments?post=268964"}],"version-history":[{"count":0,"href":"https:\/\/www.miamibeachfl.gov\/de\/wp-json\/wp\/v2\/pages\/268964\/revisions"}],"up":[{"embeddable":true,"href":"https:\/\/www.miamibeachfl.gov\/de\/wp-json\/wp\/v2\/pages\/258819"}],"wp:attachment":[{"href":"https:\/\/www.miamibeachfl.gov\/de\/wp-json\/wp\/v2\/media?parent=268964"}],"wp:term":[{"taxonomy":"category","embeddable":true,"href":"https:\/\/www.miamibeachfl.gov\/de\/wp-json\/wp\/v2\/categories?post=268964"},{"taxonomy":"post_tag","embeddable":true,"href":"https:\/\/www.miamibeachfl.gov\/de\/wp-json\/wp\/v2\/tags?post=268964"}],"curies":[{"name":"wp","href":"https:\/\/api.w.org\/{rel}","templated":true}]}}