{"id":269133,"date":"2023-08-18T16:30:35","date_gmt":"2023-08-18T20:30:35","guid":{"rendered":"https:\/\/www.miamibeachfl.gov\/?page_id=269133"},"modified":"2025-07-10T13:53:53","modified_gmt":"2025-07-10T17:53:53","slug":"cultural-arts-council","status":"publish","type":"page","link":"https:\/\/www.miamibeachfl.gov\/de\/city-hall\/city-clerk\/boards-and-committees\/cultural-arts-council\/","title":{"rendered":"Rat f\u00fcr Kultur und K\u00fcnste"},"content":{"rendered":"<h1>\n\t\t\tRat f\u00fcr Kultur und K\u00fcnste\t<\/h1>\nStadtschreiber-Men\u00fc\t\t\t\n\t\t\t\t\t<ul id=\"menu-city-clerk\"><li id=\"menu-item-317005\"><a href=\"\/de\/city-hall\/city-clerk\/\">Stadtschreiber<\/a><\/li>\n<li id=\"menu-item-258831\"><a href=\"\/de\/city-hall\/city-clerk\/public-records-request\/\">\u00d6ffentliche Aufzeichnungen<\/a><\/li>\n<li id=\"menu-item-258832\"><a href=\"\/de\/city-hall\/city-clerk\/meetings-and-agendas\/\">Agenden<\/a><\/li>\n<li id=\"menu-item-258833\"><a href=\"\/de\/city-hall\/city-clerk\/forms\/\">Formulare<\/a><\/li>\n<li id=\"menu-item-258834\"><a href=\"\/de\/city-hall\/city-clerk\/boards-and-committees\/\">Gremien und Aussch\u00fcsse<\/a><\/li>\n<li id=\"menu-item-258835\"><a href=\"\/de\/city-hall\/city-clerk\/election-information\/\">Wahlinformationen<\/a><\/li>\n<li id=\"menu-item-258836\"><a href=\"\/de\/city-hall\/city-clerk\/notification-system\/\">Benachrichtigungen<\/a><\/li>\n<li id=\"menu-item-258837\"><a href=\"\/de\/city-hall\/city-clerk\/public-records-request\/additional-contacts\/\">Kontaktieren Sie uns<\/a><\/li>\n<\/ul>\t\nStadtschreiber Men\u00fc \u00d7\t\t\t\t\t\t<ul id=\"menu-city-clerk-1\"><li id=\"menu-item-317005\"><a href=\"\/de\/city-hall\/city-clerk\/\">Stadtschreiber<\/a><\/li>\n<li id=\"menu-item-258831\"><a href=\"\/de\/city-hall\/city-clerk\/public-records-request\/\">\u00d6ffentliche Aufzeichnungen<\/a><\/li>\n<li id=\"menu-item-258832\"><a href=\"\/de\/city-hall\/city-clerk\/meetings-and-agendas\/\">Agenden<\/a><\/li>\n<li id=\"menu-item-258833\"><a href=\"\/de\/city-hall\/city-clerk\/forms\/\">Formulare<\/a><\/li>\n<li id=\"menu-item-258834\"><a href=\"\/de\/city-hall\/city-clerk\/boards-and-committees\/\">Gremien und Aussch\u00fcsse<\/a><\/li>\n<li id=\"menu-item-258835\"><a href=\"\/de\/city-hall\/city-clerk\/election-information\/\">Wahlinformationen<\/a><\/li>\n<li id=\"menu-item-258836\"><a href=\"\/de\/city-hall\/city-clerk\/notification-system\/\">Benachrichtigungen<\/a><\/li>\n<li id=\"menu-item-258837\"><a href=\"\/de\/city-hall\/city-clerk\/public-records-request\/additional-contacts\/\">Kontaktieren Sie uns<\/a><\/li>\n<\/ul>\t\t\t\t\n\t<p>Jedes Mitglied des Kultur- und Kunstrates tr\u00e4gt die Verantwortung, die Interessen der K\u00fcnste in der Stadt zu vertreten. Kein Ratsmitglied darf seine Rolle darin sehen, ein bestimmtes geografisches Gebiet innerhalb der Stadt, eine Interessengruppe, eine Kunstinstitution, eine Gemeinschaftsorganisation oder ein Publikum zu vertreten.<\/p>\n<p>Der Kulturrat besteht aus elf (11) Mitgliedern, die durch Mehrheitsbeschluss des B\u00fcrgermeisters und der Stadtkommission ernannt werden. Die Amtszeit jedes Mitglieds betr\u00e4gt drei (3) Jahre. Kein Ratsmitglied darf l\u00e4nger als sechs aufeinanderfolgende Jahre amtieren; diese Bestimmung gilt r\u00fcckwirkend ab dem Datum der ersten Ernennung. Ratsmitglieder, die die maximale Amtszeit erreicht haben, d\u00fcrfen innerhalb von zwei Jahren nach Ablauf ihrer Amtszeit nicht in den Rat berufen werden.<\/p>\n<p>Amtszeit: Drei (3) Jahre<\/p>\n\t\t\t<a href=\"https:\/\/www.miamibeachfl.gov\/wp-content\/uploads\/2025\/07\/Searchable-Report-1.pdf\" target=\"_blank\" rel=\"noopener\">\n\t\t\t\t\t\tDetails zur Mitgliedschaft (Bedingungen, Positionen, Titel)\n\t\t\t\t\t<\/a>\n\t\t\t<a href=\"https:\/\/www.miamibeachfl.gov\/wp-content\/uploads\/2025\/07\/Vacancy-Report-1.pdf\" target=\"_blank\" rel=\"noopener\">\n\t\t\t\t\t\tStellenangebote\n\t\t\t\t\t<\/a>\n\t\t\t<a href=\"https:\/\/www.miamibeachfl.gov\/wp-content\/uploads\/2025\/07\/Liaison-Contact-Information-2.pdf\" target=\"_blank\" rel=\"noopener\">\n\t\t\t\t\t\tKontaktinformationen des Verbindungsbeamten\n\t\t\t\t\t<\/a>\n\t\t\t<iframe loading=\"lazy\" src=\"https:\/\/docmgmt.miamibeachfl.gov\/WebLink\/Browse.aspx?id=120704&#038;dbid=0&#038;repo=CityClerk\" frameborder=\"0\" width=\"100%\" height=\"100%\" allowfullscreen><\/iframe>\t\t\t\n\t\t\t<a href=\"\" title=\"Klicken Sie hier\" target=\"_self\"  data-modal=  \"role=\"button\"\" aria-label=\"Archiv durchsuchen\">\n\t\t\t\t\t\t\t\t\t\t\tArchiv durchsuchen\n\t\t<\/a>\n\t\t\t<iframe loading=\"lazy\" src=\"https:\/\/miamibeach.novusagenda.com\/agendapublic\/meetingsgeneral.aspx\" frameborder=\"0\" width=\"100%\" height=\"100%\" allowfullscreen><\/iframe>\t\t\t\n\t\t\t<a href=\"\" title=\"Klicken Sie hier\" target=\"_self\"  data-modal=  \"role=\"button\"\" aria-label=\"Tagesordnungen und Protokolle durchsuchen\">\n\t\t\t\t\t\t\t\t\t\t\tTagesordnungen und Protokolle durchsuchen\n\t\t<\/a>\n\t\t\t<a href=\"https:\/\/www.miamibeachfl.gov\/de\/city-hall\/city-clerk-new\/contactus\/\" target=\"_self\">\n\t\t\t\t\t\tKontaktieren Sie uns\n\t\t\t\t\t<\/a>\n\t\t<h3>Anfragen zu \u00f6ffentlichen Aufzeichnungen<\/h3>\t\t\t\n\t\t\t\t<p>Besuchen Sie die Website f\u00fcr \u00f6ffentliche Archivanfragen der Stadt Miami Beach. Senden Sie eine neue Anfrage, pr\u00fcfen Sie den Status einer bereits eingereichten Anfrage und durchsuchen Sie das Archiv der Archivanfragen.<\/p>\n<p>Wenn Sie Fragen zu \u00f6ffentlichen Aufzeichnungen haben, wenden Sie sich bitte an das B\u00fcro des Stadtschreibers von Miami Beach unter 305-673-7411.\u00a0<\/p>\n\t\t\t<a href=\"https:\/\/miamibeachfl.justfoia.com\/publicportal\/home\/track\" title=\"Klicken Sie hier\" target=\"_blank\" rel=\"noopener\"  role=\"button\" aria-label=\"Senden Sie eine Anfrage\">\n\t\t\t\t\t\t\t\t\t\t\tSenden Sie eine Anfrage\n\t\t<\/a>","protected":false},"excerpt":{"rendered":"<p>Kultur- und Kunstrat Stadtschreiber Men\u00fc Stadtschreiber \u00d6ffentliche Aufzeichnungen Tagesordnungen Formulare Gremien und Aussch\u00fcsse Wahlinformationen Benachrichtigungen Kontaktieren Sie uns [\u2026]<\/p>","protected":false},"author":222,"featured_media":0,"parent":258819,"menu_order":32,"comment_status":"closed","ping_status":"closed","template":"","meta":{"_searchwp_excluded":"","site-sidebar-layout":"default","site-content-layout":"","ast-site-content-layout":"default","site-content-style":"default","site-sidebar-style":"default","ast-global-header-display":"","ast-banner-title-visibility":"","ast-main-header-display":"","ast-hfb-above-header-display":"","ast-hfb-below-header-display":"","ast-hfb-mobile-header-display":"","site-post-title":"","ast-breadcrumbs-content":"","ast-featured-img":"","footer-sml-layout":"","theme-transparent-header-meta":"","adv-header-id-meta":"","stick-header-meta":"","header-above-stick-meta":"","header-main-stick-meta":"","header-below-stick-meta":"","astra-migrate-meta-layouts":"default","ast-page-background-enabled":"default","ast-page-background-meta":{"desktop":{"background-color":"var(--ast-global-color-5)","background-image":"","background-repeat":"repeat","background-position":"center center","background-size":"auto","background-attachment":"scroll","background-type":"","background-media":"","overlay-type":"","overlay-color":"","overlay-opacity":"","overlay-gradient":""},"tablet":{"background-color":"","background-image":"","background-repeat":"repeat","background-position":"center center","background-size":"auto","background-attachment":"scroll","background-type":"","background-media":"","overlay-type":"","overlay-color":"","overlay-opacity":"","overlay-gradient":""},"mobile":{"background-color":"","background-image":"","background-repeat":"repeat","background-position":"center center","background-size":"auto","background-attachment":"scroll","background-type":"","background-media":"","overlay-type":"","overlay-color":"","overlay-opacity":"","overlay-gradient":""}},"ast-content-background-meta":{"desktop":{"background-color":"var(--ast-global-color-4)","background-image":"","background-repeat":"repeat","background-position":"center center","background-size":"auto","background-attachment":"scroll","background-type":"","background-media":"","overlay-type":"","overlay-color":"","overlay-opacity":"","overlay-gradient":""},"tablet":{"background-color":"var(--ast-global-color-4)","background-image":"","background-repeat":"repeat","background-position":"center center","background-size":"auto","background-attachment":"scroll","background-type":"","background-media":"","overlay-type":"","overlay-color":"","overlay-opacity":"","overlay-gradient":""},"mobile":{"background-color":"var(--ast-global-color-4)","background-image":"","background-repeat":"repeat","background-position":"center center","background-size":"auto","background-attachment":"scroll","background-type":"","background-media":"","overlay-type":"","overlay-color":"","overlay-opacity":"","overlay-gradient":""}},"footnotes":""},"categories":[],"tags":[1041,920],"class_list":["post-269133","page","type-page","status-publish","hentry","tag-bandc-auth-comm-and-council","tag-boards-and-committees"],"yoast_head":"<!-- This site is optimized with the Yoast SEO Premium plugin v26.6 (Yoast SEO v26.6) - https:\/\/yoast.com\/wordpress\/plugins\/seo\/ -->\n<title>Cultural Arts Council - City of Miami Beach<\/title>\n<meta name=\"description\" content=\"%\" \/>\n<meta name=\"robots\" content=\"index, follow, max-snippet:-1, max-image-preview:large, max-video-preview:-1\" \/>\n<link rel=\"canonical\" href=\"https:\/\/www.miamibeachfl.gov\/de\/city-hall\/city-clerk\/boards-and-committees\/cultural-arts-council\/\" \/>\n<meta property=\"og:locale\" content=\"de_DE\" \/>\n<meta property=\"og:type\" content=\"article\" \/>\n<meta property=\"og:title\" content=\"Cultural Arts Council\" \/>\n<meta property=\"og:description\" content=\"%\" \/>\n<meta property=\"og:url\" content=\"https:\/\/www.miamibeachfl.gov\/de\/city-hall\/city-clerk\/boards-and-committees\/cultural-arts-council\/\" \/>\n<meta property=\"og:site_name\" content=\"City of Miami Beach\" \/>\n<meta property=\"article:publisher\" content=\"https:\/\/www.facebook.com\/cityofmiamibeach\" \/>\n<meta property=\"article:modified_time\" content=\"2025-07-10T17:53:53+00:00\" \/>\n<meta property=\"og:image\" content=\"https:\/\/www.miamibeachfl.gov\/wp-content\/uploads\/2024\/01\/1000pxSquare-miamibeach-aerial-southpointview.jpeg\" \/>\n\t<meta property=\"og:image:width\" content=\"1000\" \/>\n\t<meta property=\"og:image:height\" content=\"1000\" \/>\n\t<meta property=\"og:image:type\" content=\"image\/jpeg\" \/>\n<meta name=\"twitter:card\" content=\"summary_large_image\" \/>\n<meta name=\"twitter:site\" content=\"@Miamibeachnews\" \/>\n<script type=\"application\/ld+json\" class=\"yoast-schema-graph\">{\"@context\":\"https:\/\/schema.org\",\"@graph\":[{\"@type\":\"WebPage\",\"@id\":\"https:\/\/www.miamibeachfl.gov\/city-hall\/city-clerk\/boards-and-committees\/cultural-arts-council\/\",\"url\":\"https:\/\/www.miamibeachfl.gov\/city-hall\/city-clerk\/boards-and-committees\/cultural-arts-council\/\",\"name\":\"Cultural Arts Council - City of Miami Beach\",\"isPartOf\":{\"@id\":\"https:\/\/www.miamibeachfl.gov\/#website\"},\"datePublished\":\"2023-08-18T20:30:35+00:00\",\"dateModified\":\"2025-07-10T17:53:53+00:00\",\"description\":\"%\",\"breadcrumb\":{\"@id\":\"https:\/\/www.miamibeachfl.gov\/city-hall\/city-clerk\/boards-and-committees\/cultural-arts-council\/#breadcrumb\"},\"inLanguage\":\"de\",\"potentialAction\":[{\"@type\":\"ReadAction\",\"target\":[\"https:\/\/www.miamibeachfl.gov\/city-hall\/city-clerk\/boards-and-committees\/cultural-arts-council\/\"]}]},{\"@type\":\"BreadcrumbList\",\"@id\":\"https:\/\/www.miamibeachfl.gov\/city-hall\/city-clerk\/boards-and-committees\/cultural-arts-council\/#breadcrumb\",\"itemListElement\":[{\"@type\":\"ListItem\",\"position\":1,\"name\":\"Home\",\"item\":\"https:\/\/www.miamibeachfl.gov\/\"},{\"@type\":\"ListItem\",\"position\":2,\"name\":\"City Hall\",\"item\":\"https:\/\/www.miamibeachfl.gov\/city-hall\/\"},{\"@type\":\"ListItem\",\"position\":3,\"name\":\"City Clerk\",\"item\":\"https:\/\/www.miamibeachfl.gov\/city-hall\/city-clerk\/\"},{\"@type\":\"ListItem\",\"position\":4,\"name\":\"Boards and Committees\",\"item\":\"https:\/\/www.miamibeachfl.gov\/city-hall\/city-clerk\/boards-and-committees\/\"},{\"@type\":\"ListItem\",\"position\":5,\"name\":\"Cultural Arts Council\"}]},{\"@type\":\"WebSite\",\"@id\":\"https:\/\/www.miamibeachfl.gov\/#website\",\"url\":\"https:\/\/www.miamibeachfl.gov\/\",\"name\":\"City of Miami Beach\",\"description\":\"The official website of the City of Miami Beach. Stay informed, find important information on city services, news, alerts, events, trolley routes, government employment and more.\",\"publisher\":{\"@id\":\"https:\/\/www.miamibeachfl.gov\/#organization\"},\"potentialAction\":[{\"@type\":\"SearchAction\",\"target\":{\"@type\":\"EntryPoint\",\"urlTemplate\":\"https:\/\/www.miamibeachfl.gov\/?s={search_term_string}\"},\"query-input\":{\"@type\":\"PropertyValueSpecification\",\"valueRequired\":true,\"valueName\":\"search_term_string\"}}],\"inLanguage\":\"de\"},{\"@type\":\"Organization\",\"@id\":\"https:\/\/www.miamibeachfl.gov\/#organization\",\"name\":\"City of Miami Beach\",\"url\":\"https:\/\/www.miamibeachfl.gov\/\",\"logo\":{\"@type\":\"ImageObject\",\"inLanguage\":\"de\",\"@id\":\"https:\/\/www.miamibeachfl.gov\/#\/schema\/logo\/image\/\",\"url\":\"https:\/\/www.miamibeachfl.gov\/wp-content\/uploads\/2022\/06\/miamibeach-logoblue.png\",\"contentUrl\":\"https:\/\/www.miamibeachfl.gov\/wp-content\/uploads\/2022\/06\/miamibeach-logoblue.png\",\"width\":1962,\"height\":381,\"caption\":\"City of Miami Beach\"},\"image\":{\"@id\":\"https:\/\/www.miamibeachfl.gov\/#\/schema\/logo\/image\/\"},\"sameAs\":[\"https:\/\/www.facebook.com\/cityofmiamibeach\",\"https:\/\/x.com\/Miamibeachnews\",\"https:\/\/www.instagram.com\/miamibeachnews\/\"],\"description\":\"The official website of the City of Miami Beach. Stay informed, find important information on city services, news, alerts, events, trolley routes, government employment and more.\",\"telephone\":\"305.604.CITY(2489)\",\"legalName\":\"City of Miami Beach\"}]}<\/script>\n<!-- \/ Yoast SEO Premium plugin. -->","yoast_head_json":{"title":"Kultur- und Kunstrat - Stadt Miami Beach","description":"%","robots":{"index":"index","follow":"follow","max-snippet":"max-snippet:-1","max-image-preview":"max-image-preview:large","max-video-preview":"max-video-preview:-1"},"canonical":"https:\/\/www.miamibeachfl.gov\/de\/city-hall\/city-clerk\/boards-and-committees\/cultural-arts-council\/","og_locale":"de_DE","og_type":"article","og_title":"Cultural Arts Council","og_description":"%","og_url":"https:\/\/www.miamibeachfl.gov\/de\/city-hall\/city-clerk\/boards-and-committees\/cultural-arts-council\/","og_site_name":"City of Miami Beach","article_publisher":"https:\/\/www.facebook.com\/cityofmiamibeach","article_modified_time":"2025-07-10T17:53:53+00:00","og_image":[{"width":1000,"height":1000,"url":"https:\/\/www.miamibeachfl.gov\/wp-content\/uploads\/2024\/01\/1000pxSquare-miamibeach-aerial-southpointview.jpeg","type":"image\/jpeg"}],"twitter_card":"summary_large_image","twitter_site":"@Miamibeachnews","schema":{"@context":"https:\/\/schema.org","@graph":[{"@type":"WebPage","@id":"https:\/\/www.miamibeachfl.gov\/city-hall\/city-clerk\/boards-and-committees\/cultural-arts-council\/","url":"https:\/\/www.miamibeachfl.gov\/city-hall\/city-clerk\/boards-and-committees\/cultural-arts-council\/","name":"Kultur- und Kunstrat - Stadt Miami Beach","isPartOf":{"@id":"https:\/\/www.miamibeachfl.gov\/#website"},"datePublished":"2023-08-18T20:30:35+00:00","dateModified":"2025-07-10T17:53:53+00:00","description":"%","breadcrumb":{"@id":"https:\/\/www.miamibeachfl.gov\/city-hall\/city-clerk\/boards-and-committees\/cultural-arts-council\/#breadcrumb"},"inLanguage":"de","potentialAction":[{"@type":"ReadAction","target":["https:\/\/www.miamibeachfl.gov\/city-hall\/city-clerk\/boards-and-committees\/cultural-arts-council\/"]}]},{"@type":"BreadcrumbList","@id":"https:\/\/www.miamibeachfl.gov\/city-hall\/city-clerk\/boards-and-committees\/cultural-arts-council\/#breadcrumb","itemListElement":[{"@type":"ListItem","position":1,"name":"Home","item":"https:\/\/www.miamibeachfl.gov\/"},{"@type":"ListItem","position":2,"name":"City Hall","item":"https:\/\/www.miamibeachfl.gov\/city-hall\/"},{"@type":"ListItem","position":3,"name":"City Clerk","item":"https:\/\/www.miamibeachfl.gov\/city-hall\/city-clerk\/"},{"@type":"ListItem","position":4,"name":"Boards and Committees","item":"https:\/\/www.miamibeachfl.gov\/city-hall\/city-clerk\/boards-and-committees\/"},{"@type":"ListItem","position":5,"name":"Cultural Arts Council"}]},{"@type":"WebSite","@id":"https:\/\/www.miamibeachfl.gov\/#website","url":"https:\/\/www.miamibeachfl.gov\/","name":"Stadt Miami Beach","description":"Die offizielle Website der Stadt Miami Beach. Bleiben Sie informiert und finden Sie wichtige Informationen zu st\u00e4dtischen Dienstleistungen, Neuigkeiten, Warnungen, Veranstaltungen, Stra\u00dfenbahnlinien, Stellenangeboten im \u00f6ffentlichen Dienst und mehr.","publisher":{"@id":"https:\/\/www.miamibeachfl.gov\/#organization"},"potentialAction":[{"@type":"SearchAction","target":{"@type":"EntryPoint","urlTemplate":"https:\/\/www.miamibeachfl.gov\/?s={search_term_string}"},"query-input":{"@type":"PropertyValueSpecification","valueRequired":true,"valueName":"search_term_string"}}],"inLanguage":"de"},{"@type":"Organization","@id":"https:\/\/www.miamibeachfl.gov\/#organization","name":"Stadt Miami Beach","url":"https:\/\/www.miamibeachfl.gov\/","logo":{"@type":"ImageObject","inLanguage":"de","@id":"https:\/\/www.miamibeachfl.gov\/#\/schema\/logo\/image\/","url":"https:\/\/www.miamibeachfl.gov\/wp-content\/uploads\/2022\/06\/miamibeach-logoblue.png","contentUrl":"https:\/\/www.miamibeachfl.gov\/wp-content\/uploads\/2022\/06\/miamibeach-logoblue.png","width":1962,"height":381,"caption":"City of Miami Beach"},"image":{"@id":"https:\/\/www.miamibeachfl.gov\/#\/schema\/logo\/image\/"},"sameAs":["https:\/\/www.facebook.com\/cityofmiamibeach","https:\/\/x.com\/Miamibeachnews","https:\/\/www.instagram.com\/miamibeachnews\/"],"description":"Die offizielle Website der Stadt Miami Beach. Bleiben Sie informiert und finden Sie wichtige Informationen zu st\u00e4dtischen Dienstleistungen, Neuigkeiten, Warnungen, Veranstaltungen, Stra\u00dfenbahnlinien, Stellenangeboten im \u00f6ffentlichen Dienst und mehr.","telephone":"305.604.CITY(2489)","legalName":"City of Miami Beach"}]}},"_links":{"self":[{"href":"https:\/\/www.miamibeachfl.gov\/de\/wp-json\/wp\/v2\/pages\/269133","targetHints":{"allow":["GET"]}}],"collection":[{"href":"https:\/\/www.miamibeachfl.gov\/de\/wp-json\/wp\/v2\/pages"}],"about":[{"href":"https:\/\/www.miamibeachfl.gov\/de\/wp-json\/wp\/v2\/types\/page"}],"author":[{"embeddable":true,"href":"https:\/\/www.miamibeachfl.gov\/de\/wp-json\/wp\/v2\/users\/222"}],"replies":[{"embeddable":true,"href":"https:\/\/www.miamibeachfl.gov\/de\/wp-json\/wp\/v2\/comments?post=269133"}],"version-history":[{"count":0,"href":"https:\/\/www.miamibeachfl.gov\/de\/wp-json\/wp\/v2\/pages\/269133\/revisions"}],"up":[{"embeddable":true,"href":"https:\/\/www.miamibeachfl.gov\/de\/wp-json\/wp\/v2\/pages\/258819"}],"wp:attachment":[{"href":"https:\/\/www.miamibeachfl.gov\/de\/wp-json\/wp\/v2\/media?parent=269133"}],"wp:term":[{"taxonomy":"category","embeddable":true,"href":"https:\/\/www.miamibeachfl.gov\/de\/wp-json\/wp\/v2\/categories?post=269133"},{"taxonomy":"post_tag","embeddable":true,"href":"https:\/\/www.miamibeachfl.gov\/de\/wp-json\/wp\/v2\/tags?post=269133"}],"curies":[{"name":"wp","href":"https:\/\/api.w.org\/{rel}","templated":true}]}}