{"id":274106,"date":"2023-10-02T10:40:32","date_gmt":"2023-10-02T14:40:32","guid":{"rendered":"https:\/\/www.miamibeachfl.gov\/?page_id=274106"},"modified":"2026-04-03T13:59:33","modified_gmt":"2026-04-03T17:59:33","slug":"stormwater-masterplan","status":"publish","type":"page","link":"https:\/\/www.miamibeachfl.gov\/de\/residents\/neighborhood-affairs-division\/active-projects\/other\/stormwater-masterplan\/","title":{"rendered":"Regenwasser-Masterplan"},"content":{"rendered":"<h3>\n\t\t\tAktualisierung der Regenwassermodellierung und des Masterplans\t<\/h3>\n\t<p>Die Stadt startet ein wichtiges Projekt zur Verbesserung ihres Regenwasser-Masterplans und Regenwassermodells. Diese Initiative verfolgt drei Hauptziele: Erstens sollen stadtweite Verbesserungen des Regenwassers identifiziert werden, um \u00dcberschwemmungen bei extremen Wetterereignissen, insbesondere unter den anspruchsvollen 10-j\u00e4hrigen, 24-st\u00fcndigen Bemessungssturmbedingungen, wirksam zu mindern. Zweitens soll eine umfassende, stadtweite Strategie zur Wasseraufbereitung entwickelt werden, die die \u00f6kologische Gesundheit der Biscayne Bay sch\u00fctzt. Und schlie\u00dflich soll ein umfassender Umsetzungsplan erstellt werden, der sowohl Projekte zur Verbesserung der Stadtteile als auch Projekte zur Deckung dringender Bedarfe umfasst.<\/p>\n<p>Der endg\u00fcltige Masterplan wird vor seiner Umsetzung einer strengen Bewertung und Pr\u00fcfung durch die Stadtkommission unterzogen, um sicherzustellen, dass die Vision der Stadt f\u00fcr das Regenwassermanagement sowohl mit den Bed\u00fcrfnissen ihrer Einwohner als auch mit denen der Umwelt \u00fcbereinstimmt.<\/p>\n\t\t<h3>\t\n\tProjekt-Updates<\/h3>\t\n\t\t\t\t\t\t<h5>Bericht zum Regenwasser-Masterplan 2024<\/h5>\n\t\t\t<p>Klicken Sie auf den Link unten, um weitere Informationen anzuzeigen.<\/p>\n<p><strong><a href=\"https:\/\/www.miamibeachfl.gov\/wp-content\/uploads\/2024\/08\/CMB-2024-SWMP_Consolidated-Report_Final_Rev1.pdf\">2024 \u2013 Regenwassermodellierung und Masterplan<\/a><\/strong><\/p>\n\t\t\t\t\t\t<h5>Anh\u00e4nge zum Regenwasser-Masterplan 2024<\/h5>\n\t\t\t<p><a href=\"https:\/\/www.miamibeachfl.gov\/wp-content\/uploads\/2024\/08\/Appendix-1-Input-Reports.pdf\">Anhang 1 Eingabeberichte<\/a><\/p>\n<p><a href=\"https:\/\/www.miamibeachfl.gov\/wp-content\/uploads\/2024\/08\/Appendix-2-Simple-Basin-Reports.pdf\">Anhang 2: Einfache Beckenberichte<\/a><\/p>\n<p><a href=\"https:\/\/www.miamibeachfl.gov\/wp-content\/uploads\/2024\/08\/Appendix-3-Master-Plan-Basin-Study-Area-Sub-Basin-Mapbook.pdf\">Anhang 3 Masterplan Beckenuntersuchungsgebiet Teilbecken Kartenbuch<\/a><\/p>\n<p><a href=\"https:\/\/www.miamibeachfl.gov\/wp-content\/uploads\/2024\/08\/Appendix-4-Conceptual-Stormwater-Network-Mapbook.pdf\">Anhang 4: Konzeptionelles Regenwassernetz-Kartenbuch<\/a><\/p>\n<p><a href=\"https:\/\/www.miamibeachfl.gov\/wp-content\/uploads\/2024\/08\/Appendix-5-Nodal-Diagram-Mapbook.pdf\">Anhang 5 Knotendiagramm-Kartenbuch<\/a><\/p>\n<p><a href=\"https:\/\/www.miamibeachfl.gov\/wp-content\/uploads\/2024\/08\/Appendix-6-Nodal-Min_Max-Reports.pdf\">Anhang 6: Knoten-Min_Max-Berichte<\/a><\/p>\n<p><a href=\"https:\/\/www.miamibeachfl.gov\/wp-content\/uploads\/2024\/08\/Appendix-7-Nodal-Link-Maximum-Reports.pdf\">Anhang 7: Nodal Link Maximum-Berichte<\/a><\/p>\n<p><a href=\"https:\/\/www.miamibeachfl.gov\/wp-content\/uploads\/2024\/08\/Appendix-8-Level-of-Service-Evaluation-Sub-Basin-Maps-2.pdf\">Anhang 8 Bewertung des Serviceniveaus \u2013 Karten der Teilbecken 2<\/a><\/p>\n<p><a href=\"https:\/\/www.miamibeachfl.gov\/wp-content\/uploads\/2024\/08\/Appendix-9-Pump-Specs.pdf\">Anhang 9 Pumpenspezifikationen<\/a><\/p>\n<p><a href=\"https:\/\/www.miamibeachfl.gov\/wp-content\/uploads\/2024\/08\/Appendix-10-NIP-Preliminary-Construction-Cost-Estimates.pdf\">Anhang 10 NIP \u2013 Vorl\u00e4ufige Baukostensch\u00e4tzungen<\/a><\/p>\n<p><a href=\"https:\/\/www.miamibeachfl.gov\/wp-content\/uploads\/2024\/08\/Appendix-11-NIP-Budgetary-Summary-Table.pdf\">Anhang 11 NIP-Budget\u00fcbersichtstabelle<\/a><\/p>\n<p><a href=\"https:\/\/www.miamibeachfl.gov\/wp-content\/uploads\/2024\/08\/Appendix-12-CNP-Scoring-Matrix.pdf\">Anhang 12 CNP-Bewertungsmatrix<\/a><\/p>\n<p><a href=\"https:\/\/www.miamibeachfl.gov\/wp-content\/uploads\/2024\/08\/Appendix-13-CNP-Preliminary-Construction-Cost-Estimates.pdf\">Anhang 13 CNP \u2013 Vorl\u00e4ufige Baukostensch\u00e4tzungen<\/a><\/p>\n<p><a href=\"https:\/\/www.miamibeachfl.gov\/wp-content\/uploads\/2024\/08\/Appendix-14-CNP-Conceptual-Exhibits.pdf\">Anhang 14 \u2013 CNP-Konzeptausstellungen<\/a><\/p>\n<p><a href=\"https:\/\/www.miamibeachfl.gov\/wp-content\/uploads\/2024\/08\/Appendix-15-CNP-Budgetary-Summary-Table.pdf\">Anhang 15 CNP-Haushalts\u00fcbersichtstabelle<\/a><\/p>\n\t\t\t\t\t\t<h5>\u00d6ffentliche Pr\u00e4sentation 2023<\/h5>\n\t\t\t<p>Klicken Sie auf die Links unten, um weitere Informationen anzuzeigen.<\/p>\n<p><strong><a href=\"https:\/\/www.miamibeachfl.gov\/wp-content\/uploads\/2023\/10\/CMB_Public-Outreach_Presentation_Final_20230928.pdf\">Pr\u00e4sentation der \u00f6ffentlichen Hybridversammlung im September 2023<\/a><\/strong><\/p>\n<p><strong><a href=\"https:\/\/www.miamibeachfl.gov\/wp-content\/uploads\/2023\/10\/Stormwater-Masterplan-Boards-.pdf\">September 2023: Hybride \u00f6ffentliche Sitzungsgremien<\/a><\/strong><\/p>\n<p><strong><a href=\"https:\/\/myemail.constantcontact.com\/Reminder--Stormwater-Master-Plan-Workshop---Tonight-.html?soid=1011085968389&amp;aid=ID9-Go6xEHE\">Einladung zur \u00f6ffentlichen Hybrid-Sitzung im September 2023<\/a><\/strong><\/p>\n\t\t<h3><a href=\"https:\/\/youtu.be\/dfkKsvSV2sk\"  target=\"_self\">\t\n\tAufzeichnung der \u00f6ffentlichen Sitzung \u2013 September 2023<\/a><\/h3>\t\n\t\t<iframe loading=\"lazy\" width=\"560\" height=\"315\" src=\"https:\/\/www.youtube.com\/embed\/dfkKsvSV2sk?si=x11ZaM-7k56D_RmG\" title=\"YouTube-Videoplayer\" frameborder=\"0\" allow=\"accelerometer; autoplay; clipboard-write; encrypted-media; gyroscope; picture-in-picture; web-share\" allowfullscreen><\/iframe>\t\n<h3>\n\t\t\tProjektmitarbeiter\t<\/h3>\n\t<hr \/>\n<h3><strong>Abteilungsleiter<br \/>\nAmt f\u00fcr \u00f6ffentliche Arbeiten<\/strong><\/h3>\n<h3><strong>Abteilungsleiter<br \/>\nJoe Gomez, PE<\/strong><\/h3>\n<h3><strong>Stadtingenieur<br \/>\nCristina Ortega, PE<\/strong><\/h3>\n<h3><strong>Planungs- und Designmanager<br \/>\nTeresa Kaimrajh, PE<\/strong><\/h3>\n\n<h3>South Beach Nachbarschaftsangelegenheitsmanager<br \/>\nLauren Firtel<br \/>\n<a href=\"mailto:LaurenFirtel@miamibeachfl.gov\">LaurenFirtel@miamibeachfl.gov<\/a><br \/>\n<\/h3>\n\n<h3>Berater<br \/>\nAECOM<\/h3>\n<h3>\n\t\t\tFordern Sie weitere Informationen an oder geben Sie Feedback\t<\/h3>\n\t<div class=\"wpforms-container wpforms-container-full\" id=\"wpforms-258000\"><form id=\"wpforms-form-258000\" class=\"wpforms-validate wpforms-form wpforms-ajax-form\" data-formid=\"258000\" method=\"post\" enctype=\"multipart\/form-data\" action=\"\/de\/wp-json\/wp\/v2\/pages\/274106\" data-token=\"410cdae041d31f60b4353b85b955c740\" data-token-time=\"1776433469\" data-trp-original-action=\"\/de\/wp-json\/wp\/v2\/pages\/274106\"><noscript class=\"wpforms-error-noscript\">Bitte aktivieren Sie JavaScript in Ihrem Browser, um dieses Formular fertigzustellen.<\/noscript><div class=\"wpforms-field-container\"><div id=\"wpforms-258000-field_0-container\" class=\"wpforms-field wpforms-field-name\" data-field-id=\"0\"><label class=\"wpforms-field-label\">Name <span class=\"wpforms-required-label\">*<\/span><\/label><div class=\"wpforms-field-row wpforms-field-medium\"><div class=\"wpforms-field-row-block wpforms-first wpforms-one-half\"><input type=\"text\" id=\"wpforms-258000-field_0\" class=\"wpforms-field-name-first wpforms-field-required\" name=\"wpforms[fields][0][first]\" required><label for=\"wpforms-258000-field_0\" class=\"wpforms-field-sublabel after\">Vorname<\/label><\/div><div class=\"wpforms-field-row-block wpforms-one-half\"><input type=\"text\" id=\"wpforms-258000-field_0-last\" class=\"wpforms-field-name-last wpforms-field-required\" name=\"wpforms[fields][0][last]\" required><label for=\"wpforms-258000-field_0-last\" class=\"wpforms-field-sublabel after\">Nachname<\/label><\/div><\/div><\/div><div id=\"wpforms-258000-field_4-container\" class=\"wpforms-field wpforms-field-layout\" data-field-id=\"4\"><div class=\"wpforms-field-layout-columns wpforms-field-layout-preset-50-50\"><div class=\"wpforms-layout-column wpforms-layout-column-50\" ><div id=\"wpforms-258000-field_1-container\" class=\"wpforms-field wpforms-field-email\" data-field-id=\"1\"><label class=\"wpforms-field-label\" for=\"wpforms-258000-field_1\">E-Mail <span class=\"wpforms-required-label\">*<\/span><\/label><input type=\"email\" id=\"wpforms-258000-field_1\" class=\"wpforms-field-medium wpforms-field-required\" name=\"wpforms[fields][1]\" spellcheck=\"false\" required><\/div><div id=\"wpforms-258000-field_7-container\" class=\"wpforms-field wpforms-field-phone\" data-field-id=\"7\"><label class=\"wpforms-field-label\" for=\"wpforms-258000-field_7\">Telefon<\/label><input type=\"tel\" id=\"wpforms-258000-field_7\" class=\"wpforms-field-medium wpforms-smart-phone-field\" data-rule-smart-phone-field=\"true\" name=\"wpforms[fields][7]\" aria-label=\"Telefon\" ><\/div><\/div><div class=\"wpforms-layout-column wpforms-layout-column-50\" ><div id=\"wpforms-258000-field_3-container\" class=\"wpforms-field wpforms-field-select wpforms-field-select-style-classic\" data-field-id=\"3\"><label class=\"wpforms-field-label\" for=\"wpforms-258000-field_3\">Bereich ausw\u00e4hlen: <span class=\"wpforms-required-label\">*<\/span><\/label><select id=\"wpforms-258000-field_3\" class=\"wpforms-field-medium wpforms-field-required\" name=\"wpforms[fields][3]\" required=\"required\"><option value=\"Citywide\"  class=\"choice-1 depth-1\"  >stadtweit<\/option><option value=\"South Beach\"  class=\"choice-2 depth-1\"  >S\u00fcdstrand<\/option><option value=\"Mid Beach\"  class=\"choice-3 depth-1\"  >Mittlerer Strand<\/option><option value=\"North Beach\"  class=\"choice-4 depth-1\"  >Nordstrand<\/option><\/select><\/div><\/div><\/div><\/div><div id=\"wpforms-258000-field_2-container\" class=\"wpforms-field wpforms-field-textarea\" data-field-id=\"2\"><label class=\"wpforms-field-label\" for=\"wpforms-258000-field_2\">Kommentar oder Nachricht<\/label><textarea id=\"wpforms-258000-field_2\" class=\"wpforms-field-medium\" name=\"wpforms[fields][2]\" ><\/textarea><\/div><div id=\"wpforms-258000-field_6-container\" class=\"wpforms-field wpforms-field-hidden\" data-field-id=\"6\"><input type=\"hidden\" id=\"wpforms-258000-field_6\" name=\"wpforms[fields][6]\" value=\": https:\/\/www.miamibeachfl.gov\/de\/wp-json\/wp\/v2\/pages\/274106\"><\/div><\/div><!-- .wpforms-field-container --><div class=\"wpforms-recaptcha-container wpforms-is-recaptcha wpforms-is-recaptcha-type-v2\" ><div class=\"g-recaptcha\" data-sitekey=\"6Lcwxc4pAAAAAKPjNaeWluTmul42T6sdKruYO3BQ\"><\/div><input type=\"text\" name=\"g-recaptcha-hidden\" class=\"wpforms-recaptcha-hidden\" style=\"position:absolute!important;clip:rect(0,0,0,0)!important;height:1px!important;width:1px!important;border:0!important;overflow:hidden!important;padding:0!important;margin:0!important;\" data-rule-recaptcha=\"1\"><\/div><div class=\"wpforms-submit-container\" ><input type=\"hidden\" name=\"wpforms[id]\" value=\"258000\"><input type=\"hidden\" name=\"page_title\" value=\"\"><input type=\"hidden\" name=\"page_url\" value=\"https:\/\/www.miamibeachfl.gov\/de\/wp-json\/wp\/v2\/pages\/274106\"><input type=\"hidden\" name=\"url_referer\" value=\"\"><button type=\"submit\" name=\"wpforms[submit]\" id=\"wpforms-submit-258000\" class=\"wpforms-submit\" data-alt-text=\"Sending...\" data-submit-text=\"Submit\" aria-live=\"assertive\" value=\"wpforms-submit\">Einreichen<\/button><img loading=\"lazy\" decoding=\"async\" src=\"https:\/\/www.miamibeachfl.gov\/wp-content\/plugins\/wpforms\/assets\/images\/submit-spin.svg\" class=\"wpforms-submit-spinner\" style=\"display: none;\" width=\"26\" height=\"26\" alt=\"Wird geladen\"><\/div><input type=\"hidden\" name=\"trp-form-language\" value=\"de\"\/><\/form><\/div>  <!-- .wpforms-container -->\n\t\t<h3>Zuletzt aktualisiert<\/h3><p>M\u00e4rz 2024<\/p>","protected":false},"excerpt":{"rendered":"<p>Aktualisierung der Regenwassermodellierung und des Masterplans Die Stadt beginnt ein wichtiges Projekt zur Verbesserung ihres Regenwasser-Masterplans [\u2026]<\/p>","protected":false},"author":222,"featured_media":0,"parent":28467,"menu_order":0,"comment_status":"closed","ping_status":"closed","template":"","meta":{"_searchwp_excluded":"","site-sidebar-layout":"default","site-content-layout":"","ast-site-content-layout":"default","site-content-style":"default","site-sidebar-style":"default","ast-global-header-display":"","ast-banner-title-visibility":"","ast-main-header-display":"","ast-hfb-above-header-display":"","ast-hfb-below-header-display":"","ast-hfb-mobile-header-display":"","site-post-title":"","ast-breadcrumbs-content":"","ast-featured-img":"","footer-sml-layout":"","theme-transparent-header-meta":"","adv-header-id-meta":"","stick-header-meta":"","header-above-stick-meta":"","header-main-stick-meta":"","header-below-stick-meta":"","astra-migrate-meta-layouts":"default","ast-page-background-enabled":"default","ast-page-background-meta":{"desktop":{"background-color":"var(--ast-global-color-5)","background-image":"","background-repeat":"repeat","background-position":"center center","background-size":"auto","background-attachment":"scroll","background-type":"","background-media":"","overlay-type":"","overlay-color":"","overlay-opacity":"","overlay-gradient":""},"tablet":{"background-color":"","background-image":"","background-repeat":"repeat","background-position":"center center","background-size":"auto","background-attachment":"scroll","background-type":"","background-media":"","overlay-type":"","overlay-color":"","overlay-opacity":"","overlay-gradient":""},"mobile":{"background-color":"","background-image":"","background-repeat":"repeat","background-position":"center center","background-size":"auto","background-attachment":"scroll","background-type":"","background-media":"","overlay-type":"","overlay-color":"","overlay-opacity":"","overlay-gradient":""}},"ast-content-background-meta":{"desktop":{"background-color":"var(--ast-global-color-4)","background-image":"","background-repeat":"repeat","background-position":"center center","background-size":"auto","background-attachment":"scroll","background-type":"","background-media":"","overlay-type":"","overlay-color":"","overlay-opacity":"","overlay-gradient":""},"tablet":{"background-color":"var(--ast-global-color-4)","background-image":"","background-repeat":"repeat","background-position":"center center","background-size":"auto","background-attachment":"scroll","background-type":"","background-media":"","overlay-type":"","overlay-color":"","overlay-opacity":"","overlay-gradient":""},"mobile":{"background-color":"var(--ast-global-color-4)","background-image":"","background-repeat":"repeat","background-position":"center center","background-size":"auto","background-attachment":"scroll","background-type":"","background-media":"","overlay-type":"","overlay-color":"","overlay-opacity":"","overlay-gradient":""}},"footnotes":""},"categories":[1892],"tags":[],"class_list":["post-274106","page","type-page","status-publish","hentry","category-city-project-for-review"],"yoast_head":"<!-- This site is optimized with the Yoast SEO Premium plugin v26.6 (Yoast SEO v26.6) - https:\/\/yoast.com\/wordpress\/plugins\/seo\/ -->\n<title>Stormwater Masterplan - City of Miami Beach<\/title>\n<meta name=\"description\" content=\"%\" \/>\n<meta name=\"robots\" content=\"index, follow, max-snippet:-1, max-image-preview:large, max-video-preview:-1\" \/>\n<link rel=\"canonical\" href=\"https:\/\/www.miamibeachfl.gov\/de\/residents\/neighborhood-affairs-division\/active-projects\/other\/stormwater-masterplan\/\" \/>\n<meta property=\"og:locale\" content=\"de_DE\" \/>\n<meta property=\"og:type\" content=\"article\" \/>\n<meta property=\"og:title\" content=\"Stormwater Masterplan\" \/>\n<meta property=\"og:description\" content=\"%\" \/>\n<meta property=\"og:url\" content=\"https:\/\/www.miamibeachfl.gov\/de\/residents\/neighborhood-affairs-division\/active-projects\/other\/stormwater-masterplan\/\" \/>\n<meta property=\"og:site_name\" content=\"City of Miami Beach\" \/>\n<meta property=\"article:publisher\" content=\"https:\/\/www.facebook.com\/cityofmiamibeach\" \/>\n<meta property=\"article:modified_time\" content=\"2026-04-03T17:59:33+00:00\" \/>\n<meta property=\"og:image\" content=\"https:\/\/www.miamibeachfl.gov\/wp-content\/uploads\/2024\/01\/1000pxSquare-miamibeach-aerial-southpointview.jpeg\" \/>\n\t<meta property=\"og:image:width\" content=\"1000\" \/>\n\t<meta property=\"og:image:height\" content=\"1000\" \/>\n\t<meta property=\"og:image:type\" content=\"image\/jpeg\" \/>\n<meta name=\"twitter:card\" content=\"summary_large_image\" \/>\n<meta name=\"twitter:site\" content=\"@Miamibeachnews\" \/>\n<script type=\"application\/ld+json\" class=\"yoast-schema-graph\">{\"@context\":\"https:\/\/schema.org\",\"@graph\":[{\"@type\":\"WebPage\",\"@id\":\"https:\/\/www.miamibeachfl.gov\/residents\/neighborhood-affairs-division\/active-projects\/other\/stormwater-masterplan\/\",\"url\":\"https:\/\/www.miamibeachfl.gov\/residents\/neighborhood-affairs-division\/active-projects\/other\/stormwater-masterplan\/\",\"name\":\"Stormwater Masterplan - City of Miami Beach\",\"isPartOf\":{\"@id\":\"https:\/\/www.miamibeachfl.gov\/#website\"},\"datePublished\":\"2023-10-02T14:40:32+00:00\",\"dateModified\":\"2026-04-03T17:59:33+00:00\",\"description\":\"%\",\"breadcrumb\":{\"@id\":\"https:\/\/www.miamibeachfl.gov\/residents\/neighborhood-affairs-division\/active-projects\/other\/stormwater-masterplan\/#breadcrumb\"},\"inLanguage\":\"de\",\"potentialAction\":[{\"@type\":\"ReadAction\",\"target\":[\"https:\/\/www.miamibeachfl.gov\/residents\/neighborhood-affairs-division\/active-projects\/other\/stormwater-masterplan\/\"]}]},{\"@type\":\"BreadcrumbList\",\"@id\":\"https:\/\/www.miamibeachfl.gov\/residents\/neighborhood-affairs-division\/active-projects\/other\/stormwater-masterplan\/#breadcrumb\",\"itemListElement\":[{\"@type\":\"ListItem\",\"position\":1,\"name\":\"Home\",\"item\":\"https:\/\/www.miamibeachfl.gov\/\"},{\"@type\":\"ListItem\",\"position\":2,\"name\":\"Residents\",\"item\":\"https:\/\/www.miamibeachfl.gov\/residents\/\"},{\"@type\":\"ListItem\",\"position\":3,\"name\":\"Neighborhood Affairs Division\",\"item\":\"https:\/\/www.miamibeachfl.gov\/residents\/neighborhood-affairs-division\/\"},{\"@type\":\"ListItem\",\"position\":4,\"name\":\"Active Projects\",\"item\":\"https:\/\/www.miamibeachfl.gov\/residents\/neighborhood-affairs-division\/active-projects\/\"},{\"@type\":\"ListItem\",\"position\":5,\"name\":\"Other\",\"item\":\"https:\/\/www.miamibeachfl.gov\/residents\/neighborhood-affairs-division\/active-projects\/other\/\"},{\"@type\":\"ListItem\",\"position\":6,\"name\":\"Stormwater Masterplan\"}]},{\"@type\":\"WebSite\",\"@id\":\"https:\/\/www.miamibeachfl.gov\/#website\",\"url\":\"https:\/\/www.miamibeachfl.gov\/\",\"name\":\"City of Miami Beach\",\"description\":\"The official website of the City of Miami Beach. Stay informed, find important information on city services, news, alerts, events, trolley routes, government employment and more.\",\"publisher\":{\"@id\":\"https:\/\/www.miamibeachfl.gov\/#organization\"},\"potentialAction\":[{\"@type\":\"SearchAction\",\"target\":{\"@type\":\"EntryPoint\",\"urlTemplate\":\"https:\/\/www.miamibeachfl.gov\/?s={search_term_string}\"},\"query-input\":{\"@type\":\"PropertyValueSpecification\",\"valueRequired\":true,\"valueName\":\"search_term_string\"}}],\"inLanguage\":\"de\"},{\"@type\":\"Organization\",\"@id\":\"https:\/\/www.miamibeachfl.gov\/#organization\",\"name\":\"City of Miami Beach\",\"url\":\"https:\/\/www.miamibeachfl.gov\/\",\"logo\":{\"@type\":\"ImageObject\",\"inLanguage\":\"de\",\"@id\":\"https:\/\/www.miamibeachfl.gov\/#\/schema\/logo\/image\/\",\"url\":\"https:\/\/www.miamibeachfl.gov\/wp-content\/uploads\/2022\/06\/miamibeach-logoblue.png\",\"contentUrl\":\"https:\/\/www.miamibeachfl.gov\/wp-content\/uploads\/2022\/06\/miamibeach-logoblue.png\",\"width\":1962,\"height\":381,\"caption\":\"City of Miami Beach\"},\"image\":{\"@id\":\"https:\/\/www.miamibeachfl.gov\/#\/schema\/logo\/image\/\"},\"sameAs\":[\"https:\/\/www.facebook.com\/cityofmiamibeach\",\"https:\/\/x.com\/Miamibeachnews\",\"https:\/\/www.instagram.com\/miamibeachnews\/\"],\"description\":\"The official website of the City of Miami Beach. Stay informed, find important information on city services, news, alerts, events, trolley routes, government employment and more.\",\"telephone\":\"305.604.CITY(2489)\",\"legalName\":\"City of Miami Beach\"}]}<\/script>\n<!-- \/ Yoast SEO Premium plugin. -->","yoast_head_json":{"title":"Regenwasser-Masterplan \u2013 Stadt Miami Beach","description":"%","robots":{"index":"index","follow":"follow","max-snippet":"max-snippet:-1","max-image-preview":"max-image-preview:large","max-video-preview":"max-video-preview:-1"},"canonical":"https:\/\/www.miamibeachfl.gov\/de\/residents\/neighborhood-affairs-division\/active-projects\/other\/stormwater-masterplan\/","og_locale":"de_DE","og_type":"article","og_title":"Stormwater Masterplan","og_description":"%","og_url":"https:\/\/www.miamibeachfl.gov\/de\/residents\/neighborhood-affairs-division\/active-projects\/other\/stormwater-masterplan\/","og_site_name":"City of Miami Beach","article_publisher":"https:\/\/www.facebook.com\/cityofmiamibeach","article_modified_time":"2026-04-03T17:59:33+00:00","og_image":[{"width":1000,"height":1000,"url":"https:\/\/www.miamibeachfl.gov\/wp-content\/uploads\/2024\/01\/1000pxSquare-miamibeach-aerial-southpointview.jpeg","type":"image\/jpeg"}],"twitter_card":"summary_large_image","twitter_site":"@Miamibeachnews","schema":{"@context":"https:\/\/schema.org","@graph":[{"@type":"WebPage","@id":"https:\/\/www.miamibeachfl.gov\/residents\/neighborhood-affairs-division\/active-projects\/other\/stormwater-masterplan\/","url":"https:\/\/www.miamibeachfl.gov\/residents\/neighborhood-affairs-division\/active-projects\/other\/stormwater-masterplan\/","name":"Regenwasser-Masterplan \u2013 Stadt Miami Beach","isPartOf":{"@id":"https:\/\/www.miamibeachfl.gov\/#website"},"datePublished":"2023-10-02T14:40:32+00:00","dateModified":"2026-04-03T17:59:33+00:00","description":"%","breadcrumb":{"@id":"https:\/\/www.miamibeachfl.gov\/residents\/neighborhood-affairs-division\/active-projects\/other\/stormwater-masterplan\/#breadcrumb"},"inLanguage":"de","potentialAction":[{"@type":"ReadAction","target":["https:\/\/www.miamibeachfl.gov\/residents\/neighborhood-affairs-division\/active-projects\/other\/stormwater-masterplan\/"]}]},{"@type":"BreadcrumbList","@id":"https:\/\/www.miamibeachfl.gov\/residents\/neighborhood-affairs-division\/active-projects\/other\/stormwater-masterplan\/#breadcrumb","itemListElement":[{"@type":"ListItem","position":1,"name":"Home","item":"https:\/\/www.miamibeachfl.gov\/"},{"@type":"ListItem","position":2,"name":"Residents","item":"https:\/\/www.miamibeachfl.gov\/residents\/"},{"@type":"ListItem","position":3,"name":"Neighborhood Affairs Division","item":"https:\/\/www.miamibeachfl.gov\/residents\/neighborhood-affairs-division\/"},{"@type":"ListItem","position":4,"name":"Active Projects","item":"https:\/\/www.miamibeachfl.gov\/residents\/neighborhood-affairs-division\/active-projects\/"},{"@type":"ListItem","position":5,"name":"Other","item":"https:\/\/www.miamibeachfl.gov\/residents\/neighborhood-affairs-division\/active-projects\/other\/"},{"@type":"ListItem","position":6,"name":"Stormwater Masterplan"}]},{"@type":"WebSite","@id":"https:\/\/www.miamibeachfl.gov\/#website","url":"https:\/\/www.miamibeachfl.gov\/","name":"Stadt Miami Beach","description":"Die offizielle Website der Stadt Miami Beach. Bleiben Sie informiert und finden Sie wichtige Informationen zu st\u00e4dtischen Dienstleistungen, Neuigkeiten, Warnungen, Veranstaltungen, Stra\u00dfenbahnlinien, Stellenangeboten im \u00f6ffentlichen Dienst und mehr.","publisher":{"@id":"https:\/\/www.miamibeachfl.gov\/#organization"},"potentialAction":[{"@type":"SearchAction","target":{"@type":"EntryPoint","urlTemplate":"https:\/\/www.miamibeachfl.gov\/?s={search_term_string}"},"query-input":{"@type":"PropertyValueSpecification","valueRequired":true,"valueName":"search_term_string"}}],"inLanguage":"de"},{"@type":"Organization","@id":"https:\/\/www.miamibeachfl.gov\/#organization","name":"Stadt Miami Beach","url":"https:\/\/www.miamibeachfl.gov\/","logo":{"@type":"ImageObject","inLanguage":"de","@id":"https:\/\/www.miamibeachfl.gov\/#\/schema\/logo\/image\/","url":"https:\/\/www.miamibeachfl.gov\/wp-content\/uploads\/2022\/06\/miamibeach-logoblue.png","contentUrl":"https:\/\/www.miamibeachfl.gov\/wp-content\/uploads\/2022\/06\/miamibeach-logoblue.png","width":1962,"height":381,"caption":"City of Miami Beach"},"image":{"@id":"https:\/\/www.miamibeachfl.gov\/#\/schema\/logo\/image\/"},"sameAs":["https:\/\/www.facebook.com\/cityofmiamibeach","https:\/\/x.com\/Miamibeachnews","https:\/\/www.instagram.com\/miamibeachnews\/"],"description":"Die offizielle Website der Stadt Miami Beach. Bleiben Sie informiert und finden Sie wichtige Informationen zu st\u00e4dtischen Dienstleistungen, Neuigkeiten, Warnungen, Veranstaltungen, Stra\u00dfenbahnlinien, Stellenangeboten im \u00f6ffentlichen Dienst und mehr.","telephone":"305.604.CITY(2489)","legalName":"City of Miami Beach"}]}},"_links":{"self":[{"href":"https:\/\/www.miamibeachfl.gov\/de\/wp-json\/wp\/v2\/pages\/274106","targetHints":{"allow":["GET"]}}],"collection":[{"href":"https:\/\/www.miamibeachfl.gov\/de\/wp-json\/wp\/v2\/pages"}],"about":[{"href":"https:\/\/www.miamibeachfl.gov\/de\/wp-json\/wp\/v2\/types\/page"}],"author":[{"embeddable":true,"href":"https:\/\/www.miamibeachfl.gov\/de\/wp-json\/wp\/v2\/users\/222"}],"replies":[{"embeddable":true,"href":"https:\/\/www.miamibeachfl.gov\/de\/wp-json\/wp\/v2\/comments?post=274106"}],"version-history":[{"count":0,"href":"https:\/\/www.miamibeachfl.gov\/de\/wp-json\/wp\/v2\/pages\/274106\/revisions"}],"up":[{"embeddable":true,"href":"https:\/\/www.miamibeachfl.gov\/de\/wp-json\/wp\/v2\/pages\/28467"}],"wp:attachment":[{"href":"https:\/\/www.miamibeachfl.gov\/de\/wp-json\/wp\/v2\/media?parent=274106"}],"wp:term":[{"taxonomy":"category","embeddable":true,"href":"https:\/\/www.miamibeachfl.gov\/de\/wp-json\/wp\/v2\/categories?post=274106"},{"taxonomy":"post_tag","embeddable":true,"href":"https:\/\/www.miamibeachfl.gov\/de\/wp-json\/wp\/v2\/tags?post=274106"}],"curies":[{"name":"wp","href":"https:\/\/api.w.org\/{rel}","templated":true}]}}