{"id":279946,"date":"2023-11-03T16:51:21","date_gmt":"2023-11-03T20:51:21","guid":{"rendered":"https:\/\/www.miamibeachfl.gov\/?page_id=279946"},"modified":"2025-06-07T16:34:27","modified_gmt":"2025-06-07T20:34:27","slug":"press-releases","status":"publish","type":"page","link":"https:\/\/www.miamibeachfl.gov\/de\/egovapp\/news-and-info\/newsandalerts\/press-releases\/","title":{"rendered":"Alle Pressemitteilungen"},"content":{"rendered":"<a href=\"https:\/\/www.miamibeachfl.gov\/de\/egovapp\/news-and-info\/\" target=\"_self\">\n\t\t\t\t\t\tZur\u00fcck zu News &amp; Infos\n\t\t\t\t\t<\/a>\n<h2>\n\t\t\tPressemitteilungen\t<\/h2>\n\t<meta itemscope itemprop=\"mainEntityOfPage\" itemtype=\"https:\/\/schema.org\/WebPage\" itemid=\"http:\/\/372764\" content=\"Groundbreaking of Grand Hyatt Miami Beach Ushers in New Era for Meetings &#038; Conventions\" \/><meta itemprop=\"datePublished\" content=\"2025-05-16\" \/><meta itemprop=\"dateModified\" content=\"2025-05-16\" \/><meta itemprop=\"name\" content=\"City of Miami Beach\"\/><meta itemprop=\"url\" content=\"https:\/\/www.miamibeachfl.gov\/wp-content\/uploads\/2025\/05\/mblogowhite.svg\"\/><meta itemprop=\"url\" content=\"https:\/\/www.miamibeachfl.gov\/author\/emilycastillomiamibeachfl-gov\/\" \/><meta itemprop=\"name\" content=\"Emily Castillo\" \/><meta itemprop=\"interactionType\" content=\"https:\/\/schema.org\/CommentAction\" \/><meta itemprop=\"userInteractionCount\" content=\"0\" \/>\n\t\t\t\t\t<a href=\"https:\/\/www.miamibeachfl.gov\/de\/groundbreaking-of-grand-hyatt-miami-beach-ushers-in-new-era-for-meetings-conventions\/\" title=\"Spatenstich f\u00fcr das Grand Hyatt Miami Beach l\u00e4utet eine neue \u00c4ra f\u00fcr Tagungen und Kongresse ein\"><\/a>\n\t\t\t\t\t\t\t\t\t<h3 itemprop=\"headline\">\n\t\t\t\t\t\t\t\t\t\t\t\t\t\tSpatenstich f\u00fcr das Grand Hyatt Miami Beach l\u00e4utet eine neue \u00c4ra f\u00fcr Tagungen und Kongresse ein\t\t\t\t\t\t\t\t\t\t\t<\/h3>\n\t\t\t16. Mai 2025\t\t\t\t\t\t\n\t<meta itemscope itemprop=\"mainEntityOfPage\" itemtype=\"https:\/\/schema.org\/WebPage\" itemid=\"http:\/\/372612\" content=\"Miami Beach Launches 'Operation Clean Water'\" \/><meta itemprop=\"datePublished\" content=\"2025-05-15\" \/><meta itemprop=\"dateModified\" content=\"2025-05-15\" \/><meta itemprop=\"name\" content=\"City of Miami Beach\"\/><meta itemprop=\"url\" content=\"https:\/\/www.miamibeachfl.gov\/wp-content\/uploads\/2025\/05\/mblogowhite.svg\"\/><meta itemprop=\"url\" content=\"https:\/\/www.miamibeachfl.gov\/author\/emilycastillomiamibeachfl-gov\/\" \/><meta itemprop=\"name\" content=\"Emily Castillo\" \/><meta itemprop=\"interactionType\" content=\"https:\/\/schema.org\/CommentAction\" \/><meta itemprop=\"userInteractionCount\" content=\"0\" \/>\n\t\t\t\t\t<a href=\"https:\/\/www.miamibeachfl.gov\/de\/miami-beach-launches-operation-clean-water\/\" title=\"Miami Beach startet \u201eOperation Clean Water\u201c\"><\/a>\n\t\t\t\t\t\t\t\t\t<h3 itemprop=\"headline\">\n\t\t\t\t\t\t\t\t\t\t\t\t\t\tMiami Beach startet \u201eOperation Clean Water\u201c\t\t\t\t\t\t\t\t\t\t\t<\/h3>\n\t\t\t15. Mai 2025\t\t\t\t\t\t\n\t<meta itemscope itemprop=\"mainEntityOfPage\" itemtype=\"https:\/\/schema.org\/WebPage\" itemid=\"http:\/\/372566\" content=\"Miami Beach Celebrates Memorial Day Weekend\" \/><meta itemprop=\"datePublished\" content=\"2025-05-15\" \/><meta itemprop=\"dateModified\" content=\"2025-05-15\" \/><meta itemprop=\"name\" content=\"City of Miami Beach\"\/><meta itemprop=\"url\" content=\"https:\/\/www.miamibeachfl.gov\/wp-content\/uploads\/2025\/05\/mblogowhite.svg\"\/><meta itemprop=\"url\" content=\"https:\/\/www.miamibeachfl.gov\/author\/emilycastillomiamibeachfl-gov\/\" \/><meta itemprop=\"name\" content=\"Emily Castillo\" \/><meta itemprop=\"interactionType\" content=\"https:\/\/schema.org\/CommentAction\" \/><meta itemprop=\"userInteractionCount\" content=\"0\" \/>\n\t\t\t\t\t<a href=\"https:\/\/www.miamibeachfl.gov\/de\/miami-beach-celebrates-memorial-day-weekend\/\" title=\"Miami Beach feiert das Memorial Day-Wochenende\"><\/a>\n\t\t\t\t\t\t\t\t\t<h3 itemprop=\"headline\">\n\t\t\t\t\t\t\t\t\t\t\t\t\t\tMiami Beach feiert das Memorial Day-Wochenende\t\t\t\t\t\t\t\t\t\t\t<\/h3>\n\t\t\t15. Mai 2025\t\t\t\t\t\t\n\t<meta itemscope itemprop=\"mainEntityOfPage\" itemtype=\"https:\/\/schema.org\/WebPage\" itemid=\"http:\/\/372358\" content=\"City of Miami Beach Celebrates the Groundbreaking of Grand Hyatt Miami Beach\" \/><meta itemprop=\"datePublished\" content=\"2025-05-13\" \/><meta itemprop=\"dateModified\" content=\"2025-05-13\" \/><meta itemprop=\"name\" content=\"City of Miami Beach\"\/><meta itemprop=\"url\" content=\"https:\/\/www.miamibeachfl.gov\/wp-content\/uploads\/2025\/05\/mblogowhite.svg\"\/><meta itemprop=\"url\" content=\"https:\/\/www.miamibeachfl.gov\/author\/emilycastillomiamibeachfl-gov\/\" \/><meta itemprop=\"name\" content=\"Emily Castillo\" \/><meta itemprop=\"interactionType\" content=\"https:\/\/schema.org\/CommentAction\" \/><meta itemprop=\"userInteractionCount\" content=\"0\" \/>\n\t\t\t\t\t<a href=\"https:\/\/www.miamibeachfl.gov\/de\/city-of-miami-beach-celebrates-the-groundbreaking-of-grand-hyatt-miami-beach\/\" title=\"Die Stadt Miami Beach feiert den Spatenstich des Grand Hyatt Miami Beach\"><\/a>\n\t\t\t\t\t\t\t\t\t<h3 itemprop=\"headline\">\n\t\t\t\t\t\t\t\t\t\t\t\t\t\tDie Stadt Miami Beach feiert den Spatenstich des Grand Hyatt Miami Beach\t\t\t\t\t\t\t\t\t\t\t<\/h3>\n\t\t\t13. Mai 2025\t\t\t\t\t\t\n\t<meta itemscope itemprop=\"mainEntityOfPage\" itemtype=\"https:\/\/schema.org\/WebPage\" itemid=\"http:\/\/371549\" content=\"Miami Beach to Send Warning Texts Before Residents Get Towed\" \/><meta itemprop=\"datePublished\" content=\"2025-05-01\" \/><meta itemprop=\"dateModified\" content=\"2025-05-01\" \/><meta itemprop=\"name\" content=\"City of Miami Beach\"\/><meta itemprop=\"url\" content=\"https:\/\/www.miamibeachfl.gov\/wp-content\/uploads\/2025\/05\/mblogowhite.svg\"\/><meta itemprop=\"url\" content=\"https:\/\/www.miamibeachfl.gov\/author\/emilycastillomiamibeachfl-gov\/\" \/><meta itemprop=\"name\" content=\"Emily Castillo\" \/><meta itemprop=\"interactionType\" content=\"https:\/\/schema.org\/CommentAction\" \/><meta itemprop=\"userInteractionCount\" content=\"0\" \/>\n\t\t\t\t\t<a href=\"https:\/\/www.miamibeachfl.gov\/de\/miami-beach-to-send-warning-texts-before-residents-get-towed\/\" title=\"Miami Beach verschickt Warn-SMS, bevor Anwohner abgeschleppt werden\"><\/a>\n\t\t\t\t\t\t\t\t\t<h3 itemprop=\"headline\">\n\t\t\t\t\t\t\t\t\t\t\t\t\t\tMiami Beach verschickt Warn-SMS, bevor Anwohner abgeschleppt werden\t\t\t\t\t\t\t\t\t\t\t<\/h3>\n\t\t\t1. Mai 2025\t\t\t\t\t\t\n\t<meta itemscope itemprop=\"mainEntityOfPage\" itemtype=\"https:\/\/schema.org\/WebPage\" itemid=\"http:\/\/371484\" content=\"Historic Miami Beach Ocean Rescue Headquarters Gets Paint Refresh\" \/><meta itemprop=\"datePublished\" content=\"2025-05-01\" \/><meta itemprop=\"dateModified\" content=\"2025-05-01\" \/><meta itemprop=\"name\" content=\"City of Miami Beach\"\/><meta itemprop=\"url\" content=\"https:\/\/www.miamibeachfl.gov\/wp-content\/uploads\/2025\/05\/mblogowhite.svg\"\/><meta itemprop=\"url\" content=\"https:\/\/www.miamibeachfl.gov\/author\/emilycastillomiamibeachfl-gov\/\" \/><meta itemprop=\"name\" content=\"Emily Castillo\" \/><meta itemprop=\"interactionType\" content=\"https:\/\/schema.org\/CommentAction\" \/><meta itemprop=\"userInteractionCount\" content=\"0\" \/>\n\t\t\t\t\t<a href=\"https:\/\/www.miamibeachfl.gov\/de\/historic-miami-beach-ocean-rescue-headquarters-gets-paint-refresh\/\" title=\"Historisches Miami Beach Ocean Rescue Headquarters erh\u00e4lt neuen Anstrich\"><\/a>\n\t\t\t\t\t\t\t\t\t<h3 itemprop=\"headline\">\n\t\t\t\t\t\t\t\t\t\t\t\t\t\tHistorisches Miami Beach Ocean Rescue Headquarters erh\u00e4lt neuen Anstrich\t\t\t\t\t\t\t\t\t\t\t<\/h3>\n\t\t\t1. Mai 2025\t\t\t\t\t\t\n\t<meta itemscope itemprop=\"mainEntityOfPage\" itemtype=\"https:\/\/schema.org\/WebPage\" itemid=\"http:\/\/371377\" content=\"Miami Beach Ocean Rescue Receives National Award for Excellence in Lifesaving Services\" \/><meta itemprop=\"datePublished\" content=\"2025-04-30\" \/><meta itemprop=\"dateModified\" content=\"2025-04-30\" \/><meta itemprop=\"name\" content=\"City of Miami Beach\"\/><meta itemprop=\"url\" content=\"https:\/\/www.miamibeachfl.gov\/wp-content\/uploads\/2025\/05\/mblogowhite.svg\"\/><meta itemprop=\"url\" content=\"https:\/\/www.miamibeachfl.gov\/author\/emilycastillomiamibeachfl-gov\/\" \/><meta itemprop=\"name\" content=\"Emily Castillo\" \/><meta itemprop=\"interactionType\" content=\"https:\/\/schema.org\/CommentAction\" \/><meta itemprop=\"userInteractionCount\" content=\"0\" \/>\n\t\t\t\t\t<a href=\"https:\/\/www.miamibeachfl.gov\/de\/miami-beach-ocean-rescue-receives-national-award-for-excellence-in-lifesaving-services\/\" title=\"Miami Beach Ocean Rescue erh\u00e4lt nationale Auszeichnung f\u00fcr herausragende Leistungen im Bereich der Lebensrettung\"><\/a>\n\t\t\t\t\t\t\t\t\t<h3 itemprop=\"headline\">\n\t\t\t\t\t\t\t\t\t\t\t\t\t\tMiami Beach Ocean Rescue erh\u00e4lt nationale Auszeichnung f\u00fcr herausragende Leistungen im Bereich der Lebensrettung\t\t\t\t\t\t\t\t\t\t\t<\/h3>\n\t\t\t30. April 2025\t\t\t\t\t\t\n\t<meta itemscope itemprop=\"mainEntityOfPage\" itemtype=\"https:\/\/schema.org\/WebPage\" itemid=\"http:\/\/371179\" content=\"Miami Beach Commissioner Honored as Elected Official of the Year\" \/><meta itemprop=\"datePublished\" content=\"2025-04-29\" \/><meta itemprop=\"dateModified\" content=\"2025-04-29\" \/><meta itemprop=\"name\" content=\"City of Miami Beach\"\/><meta itemprop=\"url\" content=\"https:\/\/www.miamibeachfl.gov\/wp-content\/uploads\/2025\/05\/mblogowhite.svg\"\/><meta itemprop=\"url\" content=\"https:\/\/www.miamibeachfl.gov\/author\/emilycastillomiamibeachfl-gov\/\" \/><meta itemprop=\"name\" content=\"Emily Castillo\" \/><meta itemprop=\"interactionType\" content=\"https:\/\/schema.org\/CommentAction\" \/><meta itemprop=\"userInteractionCount\" content=\"0\" \/>\n\t\t\t\t\t<a href=\"https:\/\/www.miamibeachfl.gov\/de\/miami-beach-commissioner-honored-as-elected-official-of-the-year\/\" title=\"Kommissar von Miami Beach als gew\u00e4hlter Beamter des Jahres geehrt\"><\/a>\n\t\t\t\t\t\t\t\t\t<h3 itemprop=\"headline\">\n\t\t\t\t\t\t\t\t\t\t\t\t\t\tKommissar von Miami Beach als gew\u00e4hlter Beamter des Jahres geehrt\t\t\t\t\t\t\t\t\t\t\t<\/h3>\n\t\t\t29. April 2025\t\t\t\t\t\t\n\t<meta itemscope itemprop=\"mainEntityOfPage\" itemtype=\"https:\/\/schema.org\/WebPage\" itemid=\"http:\/\/371032\" content=\"Dive Into Miami Beach's Historic Architecture with New Web Content\" \/><meta itemprop=\"datePublished\" content=\"2025-04-28\" \/><meta itemprop=\"dateModified\" content=\"2025-04-28\" \/><meta itemprop=\"name\" content=\"City of Miami Beach\"\/><meta itemprop=\"url\" content=\"https:\/\/www.miamibeachfl.gov\/wp-content\/uploads\/2025\/05\/mblogowhite.svg\"\/><meta itemprop=\"url\" content=\"https:\/\/www.miamibeachfl.gov\/author\/emilycastillomiamibeachfl-gov\/\" \/><meta itemprop=\"name\" content=\"Emily Castillo\" \/><meta itemprop=\"interactionType\" content=\"https:\/\/schema.org\/CommentAction\" \/><meta itemprop=\"userInteractionCount\" content=\"0\" \/>\n\t\t\t\t\t<a href=\"https:\/\/www.miamibeachfl.gov\/de\/dive-into-miami-beachs-historic-architecture-with-new-web-content\/\" title=\"Tauchen Sie mit neuen Webinhalten in die historische Architektur von Miami Beach ein\"><\/a>\n\t\t\t\t\t\t\t\t\t<h3 itemprop=\"headline\">\n\t\t\t\t\t\t\t\t\t\t\t\t\t\tTauchen Sie mit neuen Webinhalten in die historische Architektur von Miami Beach ein\t\t\t\t\t\t\t\t\t\t\t<\/h3>\n\t\t\t28. April 2025\t\t\t\t\t\t\n\t<meta itemscope itemprop=\"mainEntityOfPage\" itemtype=\"https:\/\/schema.org\/WebPage\" itemid=\"http:\/\/370971\" content=\"Proposed State Legislation Threatens Historic Preservation on Eve of Art Deco's Global Centennial Anniversary\" \/><meta itemprop=\"datePublished\" content=\"2025-04-28\" \/><meta itemprop=\"dateModified\" content=\"2025-04-28\" \/><meta itemprop=\"name\" content=\"City of Miami Beach\"\/><meta itemprop=\"url\" content=\"https:\/\/www.miamibeachfl.gov\/wp-content\/uploads\/2025\/05\/mblogowhite.svg\"\/><meta itemprop=\"url\" content=\"https:\/\/www.miamibeachfl.gov\/author\/emilycastillomiamibeachfl-gov\/\" \/><meta itemprop=\"name\" content=\"Emily Castillo\" \/><meta itemprop=\"interactionType\" content=\"https:\/\/schema.org\/CommentAction\" \/><meta itemprop=\"userInteractionCount\" content=\"0\" \/>\n\t\t\t\t\t<a href=\"https:\/\/www.miamibeachfl.gov\/de\/proposed-state-legislation-threatens-historic-preservation-on-eve-of-art-decos-global-centennial-anniversary\/\" title=\"Vorgeschlagene Landesgesetzgebung gef\u00e4hrdet Denkmalschutz am Vorabend des weltweiten hundertj\u00e4hrigen Art-Deco-Jubil\u00e4ums\"><\/a>\n\t\t\t\t\t\t\t\t\t<h3 itemprop=\"headline\">\n\t\t\t\t\t\t\t\t\t\t\t\t\t\tVorgeschlagene Landesgesetzgebung gef\u00e4hrdet Denkmalschutz am Vorabend des weltweiten hundertj\u00e4hrigen Art-Deco-Jubil\u00e4ums\t\t\t\t\t\t\t\t\t\t\t<\/h3>\n\t\t\t28. April 2025\t\t\t\t\t\t\n\t\t\t\t<ul class='page-numbers'>\n\t<li>1<\/li>\n\t<li><a href=\"https:\/\/www.miamibeachfl.gov\/de\/page\/2\/?page_id=279946&#038;fl_builder\">2<\/a><\/li>\n\t<li><a href=\"https:\/\/www.miamibeachfl.gov\/de\/page\/3\/?page_id=279946&#038;fl_builder\">3<\/a><\/li>\n\t<li>\u2026<\/li>\n\t<li><a href=\"https:\/\/www.miamibeachfl.gov\/de\/page\/6\/?page_id=279946&#038;fl_builder\">6<\/a><\/li>\n\t<li><a href=\"https:\/\/www.miamibeachfl.gov\/de\/page\/2\/?page_id=279946&#038;fl_builder\">N\u00e4chste &quot;<\/a><\/li>\n<\/ul>\n\t\t<!-- .pp-content-posts -->","protected":false},"excerpt":{"rendered":"<p>Back to News &#038; Info Press Releases Groundbreaking of Grand Hyatt Miami Beach Ushers in New Era for Meetings &#038; [&hellip;]<\/p>\n","protected":false},"author":222,"featured_media":0,"parent":265741,"menu_order":0,"comment_status":"closed","ping_status":"closed","template":"","meta":{"_searchwp_excluded":"1","site-sidebar-layout":"default","site-content-layout":"","ast-site-content-layout":"","site-content-style":"default","site-sidebar-style":"default","ast-global-header-display":"disabled","ast-banner-title-visibility":"","ast-main-header-display":"","ast-hfb-above-header-display":"","ast-hfb-below-header-display":"","ast-hfb-mobile-header-display":"","site-post-title":"","ast-breadcrumbs-content":"","ast-featured-img":"","footer-sml-layout":"disabled","theme-transparent-header-meta":"","adv-header-id-meta":"","stick-header-meta":"","header-above-stick-meta":"","header-main-stick-meta":"","header-below-stick-meta":"","astra-migrate-meta-layouts":"default","ast-page-background-enabled":"default","ast-page-background-meta":{"desktop":{"background-color":"var(--ast-global-color-5)","background-image":"","background-repeat":"repeat","background-position":"center center","background-size":"auto","background-attachment":"scroll","background-type":"","background-media":"","overlay-type":"","overlay-color":"","overlay-opacity":"","overlay-gradient":""},"tablet":{"background-color":"","background-image":"","background-repeat":"repeat","background-position":"center center","background-size":"auto","background-attachment":"scroll","background-type":"","background-media":"","overlay-type":"","overlay-color":"","overlay-opacity":"","overlay-gradient":""},"mobile":{"background-color":"","background-image":"","background-repeat":"repeat","background-position":"center center","background-size":"auto","background-attachment":"scroll","background-type":"","background-media":"","overlay-type":"","overlay-color":"","overlay-opacity":"","overlay-gradient":""}},"ast-content-background-meta":{"desktop":{"background-color":"var(--ast-global-color-4)","background-image":"","background-repeat":"repeat","background-position":"center center","background-size":"auto","background-attachment":"scroll","background-type":"","background-media":"","overlay-type":"","overlay-color":"","overlay-opacity":"","overlay-gradient":""},"tablet":{"background-color":"var(--ast-global-color-4)","background-image":"","background-repeat":"repeat","background-position":"center center","background-size":"auto","background-attachment":"scroll","background-type":"","background-media":"","overlay-type":"","overlay-color":"","overlay-opacity":"","overlay-gradient":""},"mobile":{"background-color":"var(--ast-global-color-4)","background-image":"","background-repeat":"repeat","background-position":"center center","background-size":"auto","background-attachment":"scroll","background-type":"","background-media":"","overlay-type":"","overlay-color":"","overlay-opacity":"","overlay-gradient":""}},"footnotes":""},"categories":[],"tags":[1002],"class_list":["post-279946","page","type-page","status-publish","hentry","tag-app-egov-page"],"yoast_head":"<!-- This site is optimized with the Yoast SEO Premium plugin v26.6 (Yoast SEO v26.6) - https:\/\/yoast.com\/wordpress\/plugins\/seo\/ -->\n<title>All Press Releases - City of Miami Beach<\/title>\n<meta name=\"description\" content=\"%\" \/>\n<meta name=\"robots\" content=\"index, follow, max-snippet:-1, max-image-preview:large, max-video-preview:-1\" \/>\n<link rel=\"canonical\" href=\"https:\/\/www.miamibeachfl.gov\/de\/egovapp\/news-and-info\/newsandalerts\/press-releases\/\" \/>\n<meta property=\"og:locale\" content=\"de_DE\" \/>\n<meta property=\"og:type\" content=\"article\" \/>\n<meta property=\"og:title\" content=\"All Press Releases\" \/>\n<meta property=\"og:description\" content=\"%\" \/>\n<meta property=\"og:url\" content=\"https:\/\/www.miamibeachfl.gov\/de\/egovapp\/news-and-info\/newsandalerts\/press-releases\/\" \/>\n<meta property=\"og:site_name\" content=\"City of Miami Beach\" \/>\n<meta property=\"article:publisher\" content=\"https:\/\/www.facebook.com\/cityofmiamibeach\" \/>\n<meta property=\"article:modified_time\" content=\"2025-06-07T20:34:27+00:00\" \/>\n<meta property=\"og:image\" content=\"https:\/\/www.miamibeachfl.gov\/wp-content\/uploads\/2024\/01\/1000pxSquare-miamibeach-aerial-southpointview.jpeg\" \/>\n\t<meta property=\"og:image:width\" content=\"1000\" \/>\n\t<meta property=\"og:image:height\" content=\"1000\" \/>\n\t<meta property=\"og:image:type\" content=\"image\/jpeg\" \/>\n<meta name=\"twitter:card\" content=\"summary_large_image\" \/>\n<meta name=\"twitter:site\" content=\"@Miamibeachnews\" \/>\n<script type=\"application\/ld+json\" class=\"yoast-schema-graph\">{\"@context\":\"https:\/\/schema.org\",\"@graph\":[{\"@type\":\"WebPage\",\"@id\":\"https:\/\/www.miamibeachfl.gov\/egovapp\/news-and-info\/newsandalerts\/press-releases\/\",\"url\":\"https:\/\/www.miamibeachfl.gov\/egovapp\/news-and-info\/newsandalerts\/press-releases\/\",\"name\":\"All Press Releases - City of Miami Beach\",\"isPartOf\":{\"@id\":\"https:\/\/www.miamibeachfl.gov\/#website\"},\"datePublished\":\"2023-11-03T20:51:21+00:00\",\"dateModified\":\"2025-06-07T20:34:27+00:00\",\"description\":\"%\",\"breadcrumb\":{\"@id\":\"https:\/\/www.miamibeachfl.gov\/egovapp\/news-and-info\/newsandalerts\/press-releases\/#breadcrumb\"},\"inLanguage\":\"de\",\"potentialAction\":[{\"@type\":\"ReadAction\",\"target\":[\"https:\/\/www.miamibeachfl.gov\/egovapp\/news-and-info\/newsandalerts\/press-releases\/\"]}]},{\"@type\":\"BreadcrumbList\",\"@id\":\"https:\/\/www.miamibeachfl.gov\/egovapp\/news-and-info\/newsandalerts\/press-releases\/#breadcrumb\",\"itemListElement\":[{\"@type\":\"ListItem\",\"position\":1,\"name\":\"Home\",\"item\":\"https:\/\/www.miamibeachfl.gov\/\"},{\"@type\":\"ListItem\",\"position\":2,\"name\":\"MobileAppPages\",\"item\":\"https:\/\/www.miamibeachfl.gov\/egovapp\/\"},{\"@type\":\"ListItem\",\"position\":3,\"name\":\"News and Info\",\"item\":\"https:\/\/www.miamibeachfl.gov\/egovapp\/news-and-info\/\"},{\"@type\":\"ListItem\",\"position\":4,\"name\":\"News and Alerts\",\"item\":\"https:\/\/www.miamibeachfl.gov\/egovapp\/news-and-info\/newsandalerts\/\"},{\"@type\":\"ListItem\",\"position\":5,\"name\":\"All Press Releases\"}]},{\"@type\":\"WebSite\",\"@id\":\"https:\/\/www.miamibeachfl.gov\/#website\",\"url\":\"https:\/\/www.miamibeachfl.gov\/\",\"name\":\"City of Miami Beach\",\"description\":\"The official website of the City of Miami Beach. Stay informed, find important information on city services, news, alerts, events, trolley routes, government employment and more.\",\"publisher\":{\"@id\":\"https:\/\/www.miamibeachfl.gov\/#organization\"},\"potentialAction\":[{\"@type\":\"SearchAction\",\"target\":{\"@type\":\"EntryPoint\",\"urlTemplate\":\"https:\/\/www.miamibeachfl.gov\/?s={search_term_string}\"},\"query-input\":{\"@type\":\"PropertyValueSpecification\",\"valueRequired\":true,\"valueName\":\"search_term_string\"}}],\"inLanguage\":\"de\"},{\"@type\":\"Organization\",\"@id\":\"https:\/\/www.miamibeachfl.gov\/#organization\",\"name\":\"City of Miami Beach\",\"url\":\"https:\/\/www.miamibeachfl.gov\/\",\"logo\":{\"@type\":\"ImageObject\",\"inLanguage\":\"de\",\"@id\":\"https:\/\/www.miamibeachfl.gov\/#\/schema\/logo\/image\/\",\"url\":\"https:\/\/www.miamibeachfl.gov\/wp-content\/uploads\/2022\/06\/miamibeach-logoblue.png\",\"contentUrl\":\"https:\/\/www.miamibeachfl.gov\/wp-content\/uploads\/2022\/06\/miamibeach-logoblue.png\",\"width\":1962,\"height\":381,\"caption\":\"City of Miami Beach\"},\"image\":{\"@id\":\"https:\/\/www.miamibeachfl.gov\/#\/schema\/logo\/image\/\"},\"sameAs\":[\"https:\/\/www.facebook.com\/cityofmiamibeach\",\"https:\/\/x.com\/Miamibeachnews\",\"https:\/\/www.instagram.com\/miamibeachnews\/\"],\"description\":\"The official website of the City of Miami Beach. Stay informed, find important information on city services, news, alerts, events, trolley routes, government employment and more.\",\"telephone\":\"305.604.CITY(2489)\",\"legalName\":\"City of Miami Beach\"}]}<\/script>\n<!-- \/ Yoast SEO Premium plugin. -->","yoast_head_json":{"title":"Alle Pressemitteilungen \u2013 Stadt Miami Beach","description":"%","robots":{"index":"index","follow":"follow","max-snippet":"max-snippet:-1","max-image-preview":"max-image-preview:large","max-video-preview":"max-video-preview:-1"},"canonical":"https:\/\/www.miamibeachfl.gov\/de\/egovapp\/news-and-info\/newsandalerts\/press-releases\/","og_locale":"de_DE","og_type":"article","og_title":"All Press Releases","og_description":"%","og_url":"https:\/\/www.miamibeachfl.gov\/de\/egovapp\/news-and-info\/newsandalerts\/press-releases\/","og_site_name":"City of Miami Beach","article_publisher":"https:\/\/www.facebook.com\/cityofmiamibeach","article_modified_time":"2025-06-07T20:34:27+00:00","og_image":[{"width":1000,"height":1000,"url":"https:\/\/www.miamibeachfl.gov\/wp-content\/uploads\/2024\/01\/1000pxSquare-miamibeach-aerial-southpointview.jpeg","type":"image\/jpeg"}],"twitter_card":"summary_large_image","twitter_site":"@Miamibeachnews","schema":{"@context":"https:\/\/schema.org","@graph":[{"@type":"WebPage","@id":"https:\/\/www.miamibeachfl.gov\/egovapp\/news-and-info\/newsandalerts\/press-releases\/","url":"https:\/\/www.miamibeachfl.gov\/egovapp\/news-and-info\/newsandalerts\/press-releases\/","name":"Alle Pressemitteilungen \u2013 Stadt Miami Beach","isPartOf":{"@id":"https:\/\/www.miamibeachfl.gov\/#website"},"datePublished":"2023-11-03T20:51:21+00:00","dateModified":"2025-06-07T20:34:27+00:00","description":"%","breadcrumb":{"@id":"https:\/\/www.miamibeachfl.gov\/egovapp\/news-and-info\/newsandalerts\/press-releases\/#breadcrumb"},"inLanguage":"de","potentialAction":[{"@type":"ReadAction","target":["https:\/\/www.miamibeachfl.gov\/egovapp\/news-and-info\/newsandalerts\/press-releases\/"]}]},{"@type":"BreadcrumbList","@id":"https:\/\/www.miamibeachfl.gov\/egovapp\/news-and-info\/newsandalerts\/press-releases\/#breadcrumb","itemListElement":[{"@type":"ListItem","position":1,"name":"Home","item":"https:\/\/www.miamibeachfl.gov\/"},{"@type":"ListItem","position":2,"name":"MobileAppPages","item":"https:\/\/www.miamibeachfl.gov\/egovapp\/"},{"@type":"ListItem","position":3,"name":"News and Info","item":"https:\/\/www.miamibeachfl.gov\/egovapp\/news-and-info\/"},{"@type":"ListItem","position":4,"name":"News and Alerts","item":"https:\/\/www.miamibeachfl.gov\/egovapp\/news-and-info\/newsandalerts\/"},{"@type":"ListItem","position":5,"name":"All Press Releases"}]},{"@type":"WebSite","@id":"https:\/\/www.miamibeachfl.gov\/#website","url":"https:\/\/www.miamibeachfl.gov\/","name":"Stadt Miami Beach","description":"Die offizielle Website der Stadt Miami Beach. Bleiben Sie informiert und finden Sie wichtige Informationen zu st\u00e4dtischen Dienstleistungen, Neuigkeiten, Warnungen, Veranstaltungen, Stra\u00dfenbahnlinien, Stellenangeboten im \u00f6ffentlichen Dienst und mehr.","publisher":{"@id":"https:\/\/www.miamibeachfl.gov\/#organization"},"potentialAction":[{"@type":"SearchAction","target":{"@type":"EntryPoint","urlTemplate":"https:\/\/www.miamibeachfl.gov\/?s={search_term_string}"},"query-input":{"@type":"PropertyValueSpecification","valueRequired":true,"valueName":"search_term_string"}}],"inLanguage":"de"},{"@type":"Organization","@id":"https:\/\/www.miamibeachfl.gov\/#organization","name":"Stadt Miami Beach","url":"https:\/\/www.miamibeachfl.gov\/","logo":{"@type":"ImageObject","inLanguage":"de","@id":"https:\/\/www.miamibeachfl.gov\/#\/schema\/logo\/image\/","url":"https:\/\/www.miamibeachfl.gov\/wp-content\/uploads\/2022\/06\/miamibeach-logoblue.png","contentUrl":"https:\/\/www.miamibeachfl.gov\/wp-content\/uploads\/2022\/06\/miamibeach-logoblue.png","width":1962,"height":381,"caption":"City of Miami Beach"},"image":{"@id":"https:\/\/www.miamibeachfl.gov\/#\/schema\/logo\/image\/"},"sameAs":["https:\/\/www.facebook.com\/cityofmiamibeach","https:\/\/x.com\/Miamibeachnews","https:\/\/www.instagram.com\/miamibeachnews\/"],"description":"Die offizielle Website der Stadt Miami Beach. Bleiben Sie informiert und finden Sie wichtige Informationen zu st\u00e4dtischen Dienstleistungen, Neuigkeiten, Warnungen, Veranstaltungen, Stra\u00dfenbahnlinien, Stellenangeboten im \u00f6ffentlichen Dienst und mehr.","telephone":"305.604.CITY(2489)","legalName":"City of Miami Beach"}]}},"_links":{"self":[{"href":"https:\/\/www.miamibeachfl.gov\/de\/wp-json\/wp\/v2\/pages\/279946","targetHints":{"allow":["GET"]}}],"collection":[{"href":"https:\/\/www.miamibeachfl.gov\/de\/wp-json\/wp\/v2\/pages"}],"about":[{"href":"https:\/\/www.miamibeachfl.gov\/de\/wp-json\/wp\/v2\/types\/page"}],"author":[{"embeddable":true,"href":"https:\/\/www.miamibeachfl.gov\/de\/wp-json\/wp\/v2\/users\/222"}],"replies":[{"embeddable":true,"href":"https:\/\/www.miamibeachfl.gov\/de\/wp-json\/wp\/v2\/comments?post=279946"}],"version-history":[{"count":1,"href":"https:\/\/www.miamibeachfl.gov\/de\/wp-json\/wp\/v2\/pages\/279946\/revisions"}],"predecessor-version":[{"id":375853,"href":"https:\/\/www.miamibeachfl.gov\/de\/wp-json\/wp\/v2\/pages\/279946\/revisions\/375853"}],"up":[{"embeddable":true,"href":"https:\/\/www.miamibeachfl.gov\/de\/wp-json\/wp\/v2\/pages\/265741"}],"wp:attachment":[{"href":"https:\/\/www.miamibeachfl.gov\/de\/wp-json\/wp\/v2\/media?parent=279946"}],"wp:term":[{"taxonomy":"category","embeddable":true,"href":"https:\/\/www.miamibeachfl.gov\/de\/wp-json\/wp\/v2\/categories?post=279946"},{"taxonomy":"post_tag","embeddable":true,"href":"https:\/\/www.miamibeachfl.gov\/de\/wp-json\/wp\/v2\/tags?post=279946"}],"curies":[{"name":"wp","href":"https:\/\/api.w.org\/{rel}","templated":true}]}}